{"id":12630,"date":"2024-11-20T09:55:01","date_gmt":"2024-11-20T01:55:01","guid":{"rendered":"https:\/\/www.omccable.com\/?post_type=product&#038;p=12630"},"modified":"2024-11-22T13:58:59","modified_gmt":"2024-11-22T05:58:59","slug":"1-4f-microbeam-module-cable-2-4mm","status":"publish","type":"product","link":"https:\/\/www.omccable.com\/pt\/produto\/1-4f-microbeam-module-cable-2-4mm\/","title":{"rendered":"M\u00f3dulo de microfeixe 1-4F Cable-2.4mm"},"content":{"rendered":"<p>O <strong><b>M\u00f3dulo de microfeixe 1-4F Cable-2.4mm<\/b><\/strong>\u00a0consiste em fibras nuas de 1\/2\/4x 250um, um m\u00f3dulo fino LSZH Microbeam cobria essas fibras nuas codificadas por cores. Em seguida, o fio de resist\u00eancia cobre o tubo LSZH interno fino e, finalmente, uma bainha externa LSZH cobre todos os elementos para formar este cabo.<\/p>\n<p>&nbsp;<\/p>\n<p><strong><b>Recursos<\/b><\/strong><strong><b>\uff1a<\/b><\/strong><\/p>\n<ul>\n<li>Constru\u00e7\u00e3o n\u00e3o met\u00e1lica<\/li>\n<li>Di\u00e2metro externo pequeno, leve, f\u00e1cil de remover, baixa atenua\u00e7\u00e3o, fisicamente macio<\/li>\n<li>Resist\u00eancia \u00e0 tra\u00e7\u00e3o e estabilidade de transmiss\u00e3o de sinal a longo prazo melhoradas pelo componente de fio de aramida<\/li>\n<li>Conveniente para instala\u00e7\u00e3o, opera\u00e7\u00e3o e manuten\u00e7\u00e3o<\/li>\n<\/ul>\n<p>&nbsp;<\/p>\n<p><strong>Detalhe dos produtos:<\/strong><\/p>\n<table>\n<tbody>\n<tr>\n<td colspan=\"2\" width=\"284\"><strong><b>Itens<\/b><\/strong><\/td>\n<td colspan=\"2\" width=\"395\"><strong><b>Dados<\/b><\/strong><\/td>\n<\/tr>\n<tr>\n<td colspan=\"2\" width=\"284\">N\u00famero de fibra<\/td>\n<td width=\"178\">1-2F<\/td>\n<td width=\"217\">4F<\/td>\n<\/tr>\n<tr>\n<td colspan=\"2\" width=\"284\">Tipo de fibra<\/td>\n<td colspan=\"2\" width=\"395\">SM G657A1,G657A2,G657B3<\/td>\n<\/tr>\n<tr>\n<td rowspan=\"3\" width=\"148\">M\u00f3dulo de microfeixe<\/td>\n<td width=\"136\">Di\u00e2metro (mm\uff09<\/td>\n<td width=\"178\">1,1\u00b10,1<\/td>\n<td width=\"217\">1,1\u00b10,1<\/td>\n<\/tr>\n<tr>\n<td width=\"136\">Cor<\/td>\n<td colspan=\"2\" width=\"395\">Branco<\/td>\n<\/tr>\n<tr>\n<td width=\"136\">Materiais<\/td>\n<td colspan=\"2\" width=\"395\">LSZH<\/td>\n<\/tr>\n<tr>\n<td rowspan=\"3\" width=\"148\">Bainha externa<\/td>\n<td width=\"136\">Materiais<\/td>\n<td colspan=\"2\" width=\"395\">LSZH<\/td>\n<\/tr>\n<tr>\n<td width=\"136\">Cor<\/td>\n<td colspan=\"2\" width=\"395\">Branco<\/td>\n<\/tr>\n<tr>\n<td width=\"136\">Di\u00e2metro (mm\uff09<\/td>\n<td colspan=\"2\" width=\"395\">2,4\u00b10,2<\/td>\n<\/tr>\n<tr>\n<td width=\"148\">Membro de for\u00e7a<\/td>\n<td width=\"136\">Materiais<\/td>\n<td colspan=\"2\" width=\"395\">Fio de aramida<\/td>\n<\/tr>\n<\/tbody>\n<\/table>\n<p>&nbsp;<\/p>\n<p><strong><b>Desempenho Mec\u00e2nico e Ambiental<\/b><\/strong><\/p>\n<table>\n<tbody>\n<tr>\n<td width=\"237\"><strong>Item<\/strong><\/td>\n<td width=\"206\"><strong>Conte\u00fado<\/strong><\/td>\n<td width=\"245\"><strong>Valor<\/strong><\/td>\n<\/tr>\n<tr>\n<td rowspan=\"2\" width=\"237\">M\u00e1x. carga de tra\u00e7\u00e3o<\/td>\n<td width=\"206\">Curto prazo<\/td>\n<td width=\"245\">200N<\/td>\n<\/tr>\n<tr>\n<td width=\"206\">Longo prazo<\/td>\n<td width=\"245\">100N<\/td>\n<\/tr>\n<tr>\n<td rowspan=\"2\" width=\"237\">M\u00e1x. resist\u00eancia ao esmagamento<\/td>\n<td width=\"206\">Curto prazo<\/td>\n<td width=\"245\">500N\/100mm<\/td>\n<\/tr>\n<tr>\n<td width=\"206\">Longo prazo<\/td>\n<td width=\"245\">100N\/100mm<\/td>\n<\/tr>\n<tr>\n<td rowspan=\"2\" width=\"237\">Min. raio de curvatura<\/td>\n<td width=\"206\">Instala\u00e7\u00e3o<\/td>\n<td width=\"245\">20 x di\u00e2metro do cabo<\/td>\n<\/tr>\n<tr>\n<td width=\"206\">Opera\u00e7\u00e3o<\/td>\n<td width=\"245\">10 x di\u00e2metro do cabo<\/td>\n<\/tr>\n<tr>\n<td rowspan=\"3\" width=\"237\">Faixa de temperatura<\/td>\n<td width=\"206\">Opera\u00e7\u00e3o<\/td>\n<td width=\"245\">-20\u2103 ~ +70\u2103<\/td>\n<\/tr>\n<tr>\n<td width=\"206\">Instala\u00e7\u00e3o<\/td>\n<td width=\"245\">-20\u2103 ~ +60\u2103<\/td>\n<\/tr>\n<tr>\n<td width=\"206\">Armazenamento\/transporte<\/td>\n<td width=\"245\">-20\u2103 ~ +70\u2103<\/td>\n<\/tr>\n<\/tbody>\n<\/table>\n<p><strong><b>\u00a0<\/b><\/strong><\/p>\n<p><strong>Desempenho retardador de chama<\/strong><\/p>\n<table>\n<tbody>\n<tr>\n<td width=\"120\"><strong><b>Cabo<\/b><\/strong><strong><b>\u00a0materiais<\/b><\/strong><\/td>\n<td width=\"572\"><strong><b>Padr\u00e3o<\/b><\/strong><\/td>\n<\/tr>\n<tr>\n<td width=\"120\">LSZH<\/td>\n<td width=\"572\">CPR: Bca, Cca, Dca, Eca Ou IEC60332-1, IEC 60332-3 De acordo com a demanda do cliente<\/td>\n<\/tr>\n<\/tbody>\n<\/table>\n<p>&nbsp;<\/p>\n<p><strong><b>Par\u00e2metros t\u00e9cnicos de fibra \u00f3ptica-SM<\/b><\/strong><\/p>\n<table>\n<tbody>\n<tr>\n<td rowspan=\"2\" width=\"188\"><strong><b>Par\u00e2metro<\/b><\/strong><\/td>\n<td rowspan=\"2\" width=\"117\"><strong><b>Condi\u00e7\u00f5es<\/b><\/strong><\/td>\n<td rowspan=\"2\" width=\"86\"><strong><b>Unidades<\/b><\/strong><\/td>\n<td colspan=\"4\" width=\"301\"><strong><b>Valor<\/b><\/strong><\/td>\n<\/tr>\n<tr>\n<td width=\"80\"><strong><b>G652D<\/b><\/strong><\/td>\n<td width=\"69\"><strong><b>G657A1<\/b><\/strong><\/td>\n<td width=\"74\"><strong><b>G657A2<\/b><\/strong><\/td>\n<td width=\"77\"><strong><b>G657B3<\/b><\/strong><\/td>\n<\/tr>\n<tr>\n<td colspan=\"3\" width=\"392\"><strong><b>Especifica\u00e7\u00e3o \u00f3ptica<\/b><\/strong><\/td>\n<td colspan=\"4\" width=\"301\"><\/td>\n<\/tr>\n<tr>\n<td rowspan=\"6\" width=\"188\">Atenua\u00e7\u00e3o<\/td>\n<td width=\"117\">850 nm<\/td>\n<td width=\"86\">dB\/km<\/td>\n<td width=\"80\">\u2013<\/td>\n<td width=\"69\">\u2013<\/td>\n<td width=\"74\">\u2013<\/td>\n<td width=\"77\">\u2013<\/td>\n<\/tr>\n<tr>\n<td width=\"117\">1300 nm<\/td>\n<td width=\"86\">dB\/km<\/td>\n<td width=\"80\">\u2013<\/td>\n<td width=\"69\">\u2013<\/td>\n<td width=\"74\">\u2013<\/td>\n<td width=\"77\">\u2013<\/td>\n<\/tr>\n<tr>\n<td width=\"117\">1310nm<\/td>\n<td width=\"86\">dB\/km<\/td>\n<td width=\"80\">\u2264 0,350<\/td>\n<td width=\"69\">\u2264 0,350<\/td>\n<td width=\"74\">\u2264 0,350<\/td>\n<td width=\"77\">\u2264 0,350<\/td>\n<\/tr>\n<tr>\n<td width=\"117\">1383 nm<\/td>\n<td width=\"86\">dB\/km<\/td>\n<td width=\"80\">\u2264 0,330<\/td>\n<td width=\"69\">\u2264 0,350<\/td>\n<td width=\"74\">\u2264 0,350<\/td>\n<td width=\"77\">\u2264 0,350<\/td>\n<\/tr>\n<tr>\n<td width=\"117\">1550 nm<\/td>\n<td width=\"86\">dB\/km<\/td>\n<td width=\"80\">\u2264 0,210<\/td>\n<td width=\"69\">\u2264 0,210<\/td>\n<td width=\"74\">\u2264 0,210<\/td>\n<td width=\"77\">\u2264 0,210<\/td>\n<\/tr>\n<tr>\n<td width=\"117\">1625 nm<\/td>\n<td width=\"86\">dB\/km<\/td>\n<td width=\"80\">\u2264 0,240<\/td>\n<td width=\"69\">\u2264 0,230<\/td>\n<td width=\"74\">\u2264 0,230<\/td>\n<td width=\"77\">\u2264 0,230<\/td>\n<\/tr>\n<tr>\n<td rowspan=\"3\" width=\"188\">Atenua\u00e7\u00e3o versus comprimento de onda<\/td>\n<td width=\"117\">1310nm vs. 1285-1330 nm<\/td>\n<td width=\"86\">dB\/km<\/td>\n<td width=\"80\">\u2264 0,04<\/td>\n<td width=\"69\">\u2264 0,04<\/td>\n<td width=\"74\">\u2264 0,05<\/td>\n<td width=\"77\">\u2264 0,03<\/td>\n<\/tr>\n<tr>\n<td width=\"117\">1550 nm vs. 1525-1575 nm<\/td>\n<td width=\"86\">dB\/km<\/td>\n<td width=\"80\">\u2264 0,03<\/td>\n<td width=\"69\">\u2264 0,03<\/td>\n<td width=\"74\">\u2264 0,04<\/td>\n<td width=\"77\">\u2264 0,02<\/td>\n<\/tr>\n<tr>\n<td width=\"117\">1550 nm vs. 1480-1580 nm<\/td>\n<td width=\"86\">dB\/km<\/td>\n<td width=\"80\">\u2264 0,04<\/td>\n<td width=\"69\">\u2013<\/td>\n<td width=\"74\">\u2013<\/td>\n<td width=\"77\">\u2013<\/td>\n<\/tr>\n<tr>\n<td width=\"188\">Comprimento de onda de dispers\u00e3o zero<\/td>\n<td rowspan=\"2\" width=\"117\">\\<\/td>\n<td width=\"86\">nm<\/td>\n<td width=\"80\">1300-1324<\/td>\n<td width=\"69\">1300-1324<\/td>\n<td width=\"74\">1300-1324<\/td>\n<td width=\"77\">1300-1324<\/td>\n<\/tr>\n<tr>\n<td width=\"188\">Inclina\u00e7\u00e3o de Dispers\u00e3o Zero<\/td>\n<td width=\"86\">ps\/(nm<sup>2<\/sup>\u00b7km)<\/td>\n<td width=\"80\">0.073-0.092<\/td>\n<td width=\"69\">0.073-0.092<\/td>\n<td width=\"74\">0.073-0.092<\/td>\n<td width=\"77\">\u2264 0,092<\/td>\n<\/tr>\n<tr>\n<td rowspan=\"2\" width=\"188\">Dispers\u00e3o<\/td>\n<td width=\"117\">1550 nm<\/td>\n<td width=\"86\">ps\/(nm\u00b7km)<\/td>\n<td width=\"80\">13.3-18.6<\/td>\n<td width=\"69\">13.3-18.6<\/td>\n<td width=\"74\">13.3-18.6<\/td>\n<td width=\"77\"><\/td>\n<\/tr>\n<tr>\n<td width=\"117\">1625 nm<\/td>\n<td width=\"86\">ps\/(nm\u00b7km)<\/td>\n<td width=\"80\">17.2-23.7<\/td>\n<td width=\"69\">17.2-23.7<\/td>\n<td width=\"74\">17.2-23.7<\/td>\n<td width=\"77\"><\/td>\n<\/tr>\n<tr>\n<td colspan=\"2\" width=\"305\">Dispers\u00e3o do modo de polariza\u00e7\u00e3o (PMD)<\/td>\n<td width=\"86\">ps\/\u221akm<\/td>\n<td width=\"80\">\u22640,2<\/td>\n<td width=\"69\">\u22640,2<\/td>\n<td width=\"74\">\u22640,2<\/td>\n<td width=\"77\">\u22640,2<\/td>\n<\/tr>\n<tr>\n<td width=\"188\">Comprimento de onda de corte \u03bbcc<\/td>\n<td width=\"117\">\u2013<\/td>\n<td width=\"86\">nm<\/td>\n<td width=\"80\">\u22641260<\/td>\n<td width=\"69\">\u22641260<\/td>\n<td width=\"74\">\u22641260<\/td>\n<td width=\"77\">\u22641260<\/td>\n<\/tr>\n<tr>\n<td rowspan=\"2\" width=\"188\">Di\u00e2metro de campo modal (MFD)<\/td>\n<td width=\"117\">1310nm<\/td>\n<td width=\"86\">\u03bcm<\/td>\n<td width=\"80\">9,2\u00b10,4<\/td>\n<td width=\"69\">9,2\u00b10,4<\/td>\n<td width=\"74\">8,6\u00b10,4<\/td>\n<td width=\"77\">8,6\u00b10,4<\/td>\n<\/tr>\n<tr>\n<td width=\"117\">1550 nm<\/td>\n<td width=\"86\">\u03bcm<\/td>\n<td width=\"80\">10,4\u00b10,5<\/td>\n<td width=\"69\">10,4\u00b10,5<\/td>\n<td width=\"74\">9,6\u00b10,5<\/td>\n<td width=\"77\">9,6\u00b10,5<\/td>\n<\/tr>\n<tr>\n<td rowspan=\"2\" width=\"188\">Descontinuidade de Atenua\u00e7\u00e3o<\/td>\n<td width=\"117\">1310nm<\/td>\n<td width=\"86\">dB<\/td>\n<td width=\"80\">\u22640,03<\/td>\n<td width=\"69\">\u22640,03<\/td>\n<td width=\"74\">\u22640,03<\/td>\n<td width=\"77\">\u22640,03<\/td>\n<\/tr>\n<tr>\n<td width=\"117\">1550 nm<\/td>\n<td width=\"86\">dB<\/td>\n<td width=\"80\">\u22640,03<\/td>\n<td width=\"69\">\u22640,03<\/td>\n<td width=\"74\">\u22640,03<\/td>\n<td width=\"77\">\u22640,03<\/td>\n<\/tr>\n<tr>\n<td rowspan=\"2\" width=\"188\">Atenua\u00e7\u00e3o Bidirecional<\/td>\n<td width=\"117\">1310nm<\/td>\n<td width=\"86\">dB\/km<\/td>\n<td width=\"80\">\u22640,04<\/td>\n<td width=\"69\"><\/td>\n<td width=\"74\"><\/td>\n<td width=\"77\">\u22640,05<\/td>\n<\/tr>\n<tr>\n<td width=\"117\">1550 nm<\/td>\n<td width=\"86\">dB\/km<\/td>\n<td width=\"80\">\u22640,04<\/td>\n<td width=\"69\"><\/td>\n<td width=\"74\"><\/td>\n<td width=\"77\">\u22640,05<\/td>\n<\/tr>\n<tr>\n<td colspan=\"3\" width=\"392\"><strong><b>Geom\u00e9trico<\/b><\/strong><\/td>\n<td colspan=\"4\" width=\"301\"><\/td>\n<\/tr>\n<tr>\n<td colspan=\"2\" width=\"305\">Di\u00e2metro do revestimento<\/td>\n<td width=\"86\">\u03bcm<\/td>\n<td width=\"80\">125\u00b10,7<\/td>\n<td width=\"69\">125\u00b10,7<\/td>\n<td width=\"74\">125\u00b10,7<\/td>\n<td width=\"77\">125\u00b10,7<\/td>\n<\/tr>\n<tr>\n<td colspan=\"2\" width=\"305\">N\u00e3o Circularidade do Revestimento<\/td>\n<td width=\"86\">%<\/td>\n<td width=\"80\">\u22641,0<\/td>\n<td width=\"69\">\u22641,0<\/td>\n<td width=\"74\">\u22640,8<\/td>\n<td width=\"77\">\u22640,7<\/td>\n<\/tr>\n<tr>\n<td colspan=\"2\" width=\"305\">Erro de concentricidade do n\u00facleo\/revestimento<\/td>\n<td width=\"86\">\u03bcm<\/td>\n<td width=\"80\">\u22640,6<\/td>\n<td width=\"69\">\u22640,5<\/td>\n<td width=\"74\">\u22640,5<\/td>\n<td width=\"77\">\u22640,5<\/td>\n<\/tr>\n<tr>\n<td colspan=\"2\" rowspan=\"2\" width=\"305\">Di\u00e2metro do revestimento (sem cor)<\/td>\n<td width=\"86\">\u03bcm<\/td>\n<td colspan=\"4\" width=\"301\">242\u00b17 (padr\u00e3o)<\/td>\n<\/tr>\n<tr>\n<td width=\"86\">\u03bcm<\/td>\n<td colspan=\"4\" width=\"301\">200\u00b110 (opcional)<\/td>\n<\/tr>\n<tr>\n<td colspan=\"2\" width=\"305\">Erro de concentricidade do revestimento\/revestimento<\/td>\n<td width=\"86\">\u03bcm<\/td>\n<td width=\"80\">\u226412<\/td>\n<td width=\"69\">\u226412<\/td>\n<td width=\"74\">\u226412<\/td>\n<td width=\"77\">\u226412<\/td>\n<\/tr>\n<tr>\n<td colspan=\"2\" width=\"305\">Enrolar<\/td>\n<td width=\"86\">m<\/td>\n<td width=\"80\">\u22654<\/td>\n<td width=\"69\">\u22654<\/td>\n<td width=\"74\">\u22654<\/td>\n<td width=\"77\">\u22654<\/td>\n<\/tr>\n<tr>\n<td colspan=\"3\" width=\"392\"><strong><b>Ambiental (1550 nm, 1625 nm)<\/b><\/strong><\/td>\n<td colspan=\"4\" width=\"301\"><\/td>\n<\/tr>\n<tr>\n<td width=\"188\">Ciclagem de temperatura<\/td>\n<td width=\"117\">-60\u2103 a +85\u2103<\/td>\n<td width=\"86\">dB\/km<\/td>\n<td width=\"80\">\u22640,03<\/td>\n<td width=\"69\">\u22640,05<\/td>\n<td width=\"74\">\u22640,05<\/td>\n<td width=\"77\">\u22640,05<\/td>\n<\/tr>\n<tr>\n<td width=\"188\">Alta temperatura e<\/p>\n<p>Alta Umidade<\/td>\n<td width=\"117\">85\u2103, 85% RH, 30 dias<\/td>\n<td width=\"86\">dB\/km<\/td>\n<td width=\"80\">\u22640,03<\/td>\n<td width=\"69\">\u22640,05<\/td>\n<td width=\"74\">\u22640,05<\/td>\n<td width=\"77\">\u22640,05<\/td>\n<\/tr>\n<tr>\n<td width=\"188\">Imers\u00e3o em \u00c1gua<\/td>\n<td width=\"117\">23\u2103, 30 dias<\/td>\n<td width=\"86\">dB\/km<\/td>\n<td width=\"80\">\u22640,03<\/td>\n<td width=\"69\">\u22640,05<\/td>\n<td width=\"74\">\u22640,05<\/td>\n<td width=\"77\">\u22640,05<\/td>\n<\/tr>\n<tr>\n<td width=\"188\">Envelhecimento a alta temperatura<\/td>\n<td width=\"117\">85\u00b0C, 30 dias<\/td>\n<td width=\"86\">dB\/km<\/td>\n<td width=\"80\">\u22640,03<\/td>\n<td width=\"69\">\u22640,05<\/td>\n<td width=\"74\">\u22640,05<\/td>\n<td width=\"77\">\u22640,05<\/td>\n<\/tr>\n<\/tbody>\n<\/table>\n<p>&nbsp;<\/p>\n<p><strong><b>Aplica\u00e7\u00e3o<\/b><\/strong><strong><b>\uff1a<\/b><\/strong><\/p>\n<p>Cabeamento do data center<\/p>\n<p>Cabeamento em sala de equipamentos de comunica\u00e7\u00e3o \u00f3ptica para conex\u00e3o de quadros de distribui\u00e7\u00e3o<\/p>\n<p>Para montagem em tran\u00e7as, conectores m\u00f3veis e patch cords<\/p>","protected":false},"excerpt":{"rendered":"<p>O m\u00f3dulo de microfeixe 1-4F, cabo de 2,4 mm, consiste em fibras nuas de 1\/2\/4x 250um, um m\u00f3dulo fino de microfeixe LSZH cobria essas fibras nuas codificadas por cores. Em seguida, o fio de resist\u00eancia cobre o tubo LSZH interno fino e, finalmente, uma bainha externa LSZH cobre todos os elementos para formar este cabo.   Caracter\u00edsticas: Constru\u00e7\u00e3o n\u00e3o met\u00e1lica Di\u00e2metro externo pequeno, Leve, F\u00e1cil de descascar, Baixa atenua\u00e7\u00e3o, Fisicamente macio [...]<\/p>","protected":false},"featured_media":12678,"comment_status":"closed","ping_status":"closed","template":"","meta":{"site-sidebar-layout":"default","site-content-layout":"","ast-site-content-layout":"default","site-content-style":"default","site-sidebar-style":"default","ast-global-header-display":"","ast-banner-title-visibility":"","ast-main-header-display":"","ast-hfb-above-header-display":"","ast-hfb-below-header-display":"","ast-hfb-mobile-header-display":"","site-post-title":"","ast-breadcrumbs-content":"","ast-featured-img":"","footer-sml-layout":"","theme-transparent-header-meta":"default","adv-header-id-meta":"","stick-header-meta":"default","header-above-stick-meta":"","header-main-stick-meta":"","header-below-stick-meta":"","astra-migrate-meta-layouts":"set","ast-page-background-enabled":"default","ast-page-background-meta":{"desktop":{"background-color":"var(--ast-global-color-4)","background-image":"","background-repeat":"repeat","background-position":"center center","background-size":"auto","background-attachment":"scroll","background-type":"","background-media":"","overlay-type":"","overlay-color":"","overlay-gradient":""},"tablet":{"background-color":"","background-image":"","background-repeat":"repeat","background-position":"center center","background-size":"auto","background-attachment":"scroll","background-type":"","background-media":"","overlay-type":"","overlay-color":"","overlay-gradient":""},"mobile":{"background-color":"","background-image":"","background-repeat":"repeat","background-position":"center center","background-size":"auto","background-attachment":"scroll","background-type":"","background-media":"","overlay-type":"","overlay-color":"","overlay-gradient":""}},"ast-content-background-meta":{"desktop":{"background-color":"var(--ast-global-color-5)","background-image":"","background-repeat":"repeat","background-position":"center center","background-size":"auto","background-attachment":"scroll","background-type":"","background-media":"","overlay-type":"","overlay-color":"","overlay-gradient":""},"tablet":{"background-color":"var(--ast-global-color-5)","background-image":"","background-repeat":"repeat","background-position":"center center","background-size":"auto","background-attachment":"scroll","background-type":"","background-media":"","overlay-type":"","overlay-color":"","overlay-gradient":""},"mobile":{"background-color":"var(--ast-global-color-5)","background-image":"","background-repeat":"repeat","background-position":"center center","background-size":"auto","background-attachment":"scroll","background-type":"","background-media":"","overlay-type":"","overlay-color":"","overlay-gradient":""}}},"product_cat":[169],"product_tag":[],"class_list":{"0":"post-12630","1":"product","2":"type-product","3":"status-publish","4":"has-post-thumbnail","6":"product_cat-fttr-cable","7":"desktop-align-left","8":"tablet-align-left","9":"mobile-align-left","10":"ast-product-gallery-layout-horizontal-slider","11":"ast-product-tabs-layout-horizontal","13":"first","14":"instock","15":"shipping-taxable","16":"product-type-simple"},"acf":[],"_links":{"self":[{"href":"https:\/\/www.omccable.com\/pt\/wp-json\/wp\/v2\/product\/12630","targetHints":{"allow":["GET"]}}],"collection":[{"href":"https:\/\/www.omccable.com\/pt\/wp-json\/wp\/v2\/product"}],"about":[{"href":"https:\/\/www.omccable.com\/pt\/wp-json\/wp\/v2\/types\/product"}],"replies":[{"embeddable":true,"href":"https:\/\/www.omccable.com\/pt\/wp-json\/wp\/v2\/comments?post=12630"}],"version-history":[{"count":2,"href":"https:\/\/www.omccable.com\/pt\/wp-json\/wp\/v2\/product\/12630\/revisions"}],"predecessor-version":[{"id":12680,"href":"https:\/\/www.omccable.com\/pt\/wp-json\/wp\/v2\/product\/12630\/revisions\/12680"}],"wp:featuredmedia":[{"embeddable":true,"href":"https:\/\/www.omccable.com\/pt\/wp-json\/wp\/v2\/media\/12678"}],"wp:attachment":[{"href":"https:\/\/www.omccable.com\/pt\/wp-json\/wp\/v2\/media?parent=12630"}],"wp:term":[{"taxonomy":"product_cat","embeddable":true,"href":"https:\/\/www.omccable.com\/pt\/wp-json\/wp\/v2\/product_cat?post=12630"},{"taxonomy":"product_tag","embeddable":true,"href":"https:\/\/www.omccable.com\/pt\/wp-json\/wp\/v2\/product_tag?post=12630"}],"curies":[{"name":"wp","href":"https:\/\/api.w.org\/{rel}","templated":true}]}}