{"id":12449,"date":"2024-10-23T14:40:00","date_gmt":"2024-10-23T06:40:00","guid":{"rendered":"https:\/\/www.omccable.com\/?post_type=product&#038;p=12449"},"modified":"2025-07-28T10:20:45","modified_gmt":"2025-07-28T02:20:45","slug":"1f-toneable-flat-drop-cable-2-7x6-6mm-0-9mm-unit-cable","status":"publish","type":"product","link":"https:\/\/www.omccable.com\/pt\/produto\/1f-toneable-flat-drop-cable-2-7x6-6mm-0-9mm-unit-cable\/","title":{"rendered":"1F Cabo pendente plano tonific\u00e1vel 2,7 \u00d7 6,6 mm-0,9 mm Cabo unit\u00e1rio"},"content":{"rendered":"<p>O cabo pendente plano 1F Toneable da OMC \u00e9 uma esp\u00e9cie de mini cabo plano plano. Para construir o cabo, um amortecedor apertado de 0,9 mm \u00e9 posicionado no meio do cabo, duas hastes de fibra de vidro s\u00e3o colocadas diametralmente opostas em ambos os lados do n\u00facleo de fibra, proporcionando excelente resist\u00eancia ao esmagamento e resist\u00eancia \u00e0 tra\u00e7\u00e3o durante a instala\u00e7\u00e3o e ao longo da vida \u00fatil do cabo. Um fio de cobre 24 AWG \u00e9 alinhado ao longo da borda externa de uma das hastes de fibra de vidro para fornecer capacidade de localiza\u00e7\u00e3o. O fio de localiza\u00e7\u00e3o, as hastes dos membros de resist\u00eancia e o n\u00facleo de fibra s\u00e3o ent\u00e3o encapsulados em uma capa de polietileno dur\u00e1vel (PE) para criar uma se\u00e7\u00e3o transversal de cabo plana e fornecer prote\u00e7\u00e3o adicional ao n\u00facleo do cabo.<\/p>\n<p>Este cabo drop plano mini ton\u00e1vel oferece uma solu\u00e7\u00e3o de fibra \u00f3ptica compacta, dur\u00e1vel e f\u00e1cil de localizar em uma constru\u00e7\u00e3o prontamente acess\u00edvel. O design em membrana do cabo de fibra \u00f3ptica permite que o fio de localiza\u00e7\u00e3o seja facilmente separado manualmente do revestimento do cabo principal, proporcionando roteamento e aterramento simples e r\u00e1pido do fio de localiza\u00e7\u00e3o.<\/p>\n<p>&nbsp;<\/p>\n<p>&nbsp;<\/p>\n<p><strong><b>Projeto de dupla finalidade:<\/b><\/strong><\/p>\n<ul>\n<li>O cabo completo \u00e9 usado como drop externo<\/li>\n<li>A subunidade interna \u00e9 uma fibra tamp\u00e3o estanque aut\u00f4noma de 900 m\u00edcrons<\/li>\n<\/ul>\n<p>&nbsp;<\/p>\n<p><strong><b>Totalmente diel\u00e9trico ou ton\u00e1vel<\/b><\/strong><\/p>\n<ul>\n<li>A vers\u00e3o totalmente diel\u00e9trica elimina a necessidade de liga\u00e7\u00e3o ou aterramento<\/li>\n<li>O fio opcional de tom 24 AWG \u00e9 facilmente separado do cabo<\/li>\n<\/ul>\n<p>&nbsp;<\/p>\n<p><strong><b>Tecnologia de bloqueio de \u00e1gua seca<\/b><\/strong><\/p>\n<ul>\n<li>Permite r\u00e1pida prepara\u00e7\u00e3o e termina\u00e7\u00e3o de cabos<\/li>\n<li>Materiais bloqueadores de \u00e1gua s\u00e3o facilmente removidos<\/li>\n<\/ul>\n<p>&nbsp;<\/p>\n<p><strong><b>Design vers\u00e1til<\/b><\/strong><\/p>\n<ul>\n<li>O cabo externo robusto resiste a condi\u00e7\u00f5es dif\u00edceis na planta externa<\/li>\n<li>O cabo externo \u00e9 facilmente removido para segmentos que v\u00e3o para ambientes internos<\/li>\n<li>A subunidade Simplex \u00e9 compacta e listada na UL para uso interno, buffer herm\u00e9tico de 900 m\u00edcrons para f\u00e1cil conex\u00e3o<\/li>\n<li>Pode ser usado a\u00e9reo ou em duto<\/li>\n<\/ul>\n<p>&nbsp;<\/p>\n<p><strong><b>Projeto de membro de resist\u00eancia dupla<\/b><\/strong><\/p>\n<ul>\n<li>Cabe em um grampo de cunha padr\u00e3o (bra\u00e7adeira P)<\/li>\n<li>Totalmente autossustent\u00e1vel<\/li>\n<li>Uma \u00f3tima alternativa onde barras de resist\u00eancia de a\u00e7o n\u00e3o s\u00e3o permitidas<\/li>\n<\/ul>\n<p>&nbsp;<\/p>\n<p><strong><b>Revestimento externo em polietileno de m\u00e9dia densidade<\/b><\/strong><\/p>\n<ul>\n<li>Instala\u00e7\u00e3o de baixo atrito<\/li>\n<li>Excelente prote\u00e7\u00e3o contra riscos ambientais<\/li>\n<\/ul>\n<p>&nbsp;<\/p>\n<p><strong><b>Marca\u00e7\u00f5es de bainha<\/b><\/strong><\/p>\n<ul>\n<li>Fornece identifica\u00e7\u00e3o positiva e verifica\u00e7\u00e3o de comprimento<\/li>\n<li>Impress\u00e3o personalizada dispon\u00edvel<\/li>\n<\/ul>\n<p>&nbsp;<\/p>\n<p><b><\/b><strong>Cabo<\/strong><strong>estrutura<\/strong><strong>\u00a0<\/strong><strong>e<\/strong><strong>\u00a0<\/strong><strong>par\u00e2metro<\/strong><\/p>\n<table>\n<tbody>\n<tr>\n<td width=\"144\"><strong>Item<\/strong><\/td>\n<td width=\"111\"><strong>Conte\u00fado<\/strong><\/td>\n<td width=\"85\"><strong>Unidade<\/strong><\/td>\n<td width=\"330\"><strong>Valor<\/strong><\/td>\n<\/tr>\n<tr>\n<td rowspan=\"3\" width=\"144\"><strong>\u00a0<\/strong><\/p>\n<p>Fibra \u00d3ptica<\/td>\n<td width=\"111\">n\u00famero do modelo<\/td>\n<td width=\"85\">\/<\/td>\n<td width=\"330\">G657A1\/G657A2<\/td>\n<\/tr>\n<tr>\n<td width=\"111\">n\u00famero<\/td>\n<td width=\"85\">\/<\/td>\n<td width=\"330\">1<\/td>\n<\/tr>\n<tr>\n<td width=\"111\">Cor<\/td>\n<td width=\"85\">\/<\/td>\n<td width=\"330\">azul<\/td>\n<\/tr>\n<tr>\n<td rowspan=\"2\" width=\"144\">Membro de for\u00e7a<\/td>\n<td width=\"111\">Materiais<\/td>\n<td width=\"85\">\/<\/td>\n<td width=\"330\">PRF<\/td>\n<\/tr>\n<tr>\n<td width=\"111\">Di\u00e2metro<\/td>\n<td width=\"85\">mil\u00edmetros<\/td>\n<td width=\"330\">1.3<\/td>\n<\/tr>\n<tr>\n<td rowspan=\"3\" width=\"144\">Buffer apertado<\/td>\n<td width=\"111\">cor<\/td>\n<td width=\"85\">\/<\/td>\n<td width=\"330\">Branco<\/td>\n<\/tr>\n<tr>\n<td width=\"111\">materiais<\/td>\n<td width=\"85\">\/<\/td>\n<td width=\"330\">LSZH<\/td>\n<\/tr>\n<tr>\n<td width=\"111\">di\u00e2metro<\/td>\n<td width=\"85\">mil\u00edmetros<\/td>\n<td width=\"330\">0.9<\/td>\n<\/tr>\n<tr>\n<td rowspan=\"3\" width=\"144\"><strong>\u00a0<\/strong><\/p>\n<p>Jaqueta externa<\/td>\n<td width=\"111\">Di\u00e2metro<\/td>\n<td width=\"85\">mil\u00edmetros<\/td>\n<td width=\"330\">2,7\u00b10,3*6,6\u00b10,4<\/td>\n<\/tr>\n<tr>\n<td width=\"111\">Materiais<\/td>\n<td width=\"85\">\/<\/td>\n<td width=\"330\">EP<\/td>\n<\/tr>\n<tr>\n<td width=\"111\">Cor<\/td>\n<td width=\"85\">\/<\/td>\n<td width=\"330\">Preto<\/td>\n<\/tr>\n<tr>\n<td rowspan=\"2\" width=\"144\">fio de suporte<\/td>\n<td width=\"111\">Materiais<\/td>\n<td width=\"85\">\/<\/td>\n<td width=\"330\">condutor de cobre<\/td>\n<\/tr>\n<tr>\n<td width=\"111\">Di\u00e2metro<\/td>\n<td width=\"85\"><\/td>\n<td width=\"330\">0.5<\/td>\n<\/tr>\n<tr>\n<td colspan=\"2\" width=\"256\">Atenua\u00e7\u00e3o do cabo<\/td>\n<td width=\"85\">dB\/km<\/td>\n<td width=\"330\">\u2266 0,4 em 1310 nm, \u2266 0,3 em 1550 nm<\/td>\n<\/tr>\n<tr>\n<td colspan=\"2\" width=\"256\">Peso do cabo (aprox.)<\/td>\n<td width=\"85\">kg\/km<\/td>\n<td width=\"330\">19.2<\/td>\n<\/tr>\n<\/tbody>\n<\/table>\n<p>&nbsp;<\/p>\n<p><strong>Principais Desempenhos Mec\u00e2nicos e Ambientais<\/strong><\/p>\n<table>\n<tbody>\n<tr>\n<td rowspan=\"2\" width=\"224\"><strong><b>Resist\u00eancia m\u00e1xima \u00e0 tra\u00e7\u00e3o (N)<\/b><\/strong><\/td>\n<td width=\"187\">Longo prazo<\/td>\n<td width=\"268\">400<\/td>\n<\/tr>\n<tr>\n<td width=\"187\">Curto prazo<\/td>\n<td width=\"268\">800<\/td>\n<\/tr>\n<tr>\n<td rowspan=\"2\" width=\"224\"><strong><b>Esmagamento (N\/100mm)<\/b><\/strong><\/td>\n<td width=\"187\">Longo prazo<\/td>\n<td width=\"268\">1000<\/td>\n<\/tr>\n<tr>\n<td width=\"187\">Curto prazo<\/td>\n<td width=\"268\">500<\/td>\n<\/tr>\n<tr>\n<td width=\"224\"><strong><b>\u00a0<\/b><\/strong><\/td>\n<td colspan=\"2\" width=\"455\"><\/td>\n<\/tr>\n<tr>\n<td width=\"224\"><strong><b>Temperatura de opera\u00e7\u00e3o <\/b><\/strong><strong><b>\uff08\u2103\uff09<\/b><\/strong><\/td>\n<td colspan=\"2\" width=\"455\">-40+60<\/td>\n<\/tr>\n<tr>\n<td width=\"224\"><strong><b>Temperatura de armazenamento <\/b><\/strong><strong><b>\uff08\u2103\uff09<\/b><\/strong><\/td>\n<td colspan=\"2\" width=\"455\">-40+60<\/td>\n<\/tr>\n<\/tbody>\n<\/table>\n<p>&nbsp;<\/p>\n<p><strong><b>Par\u00e2metros t\u00e9cnicos de fibra \u00f3ptica-SM<\/b><\/strong><\/p>\n<table>\n<tbody>\n<tr>\n<td rowspan=\"2\" width=\"158\">Par\u00e2metro<\/td>\n<td rowspan=\"2\" width=\"96\">Condi\u00e7\u00f5es<\/td>\n<td rowspan=\"2\" width=\"85\">Unidades<\/td>\n<td colspan=\"4\" width=\"330\">Valor<\/td>\n<\/tr>\n<tr>\n<td width=\"85\">G652D<\/td>\n<td width=\"85\">G657A1<\/td>\n<td width=\"85\">G657A2<\/td>\n<td width=\"75\">G657B3<\/td>\n<\/tr>\n<tr>\n<td colspan=\"3\" width=\"340\">Especifica\u00e7\u00e3o \u00f3ptica<\/td>\n<td colspan=\"4\" width=\"330\"><\/td>\n<\/tr>\n<tr>\n<td rowspan=\"4\" width=\"158\">Atenua\u00e7\u00e3o<\/td>\n<td width=\"96\">1310nm<\/td>\n<td width=\"85\">dB\/km<\/td>\n<td width=\"85\">\u22640,350<\/td>\n<td width=\"85\">\u22640,350<\/td>\n<td width=\"85\">\u22640,350<\/td>\n<td width=\"75\">\u22640,350<\/td>\n<\/tr>\n<tr>\n<td width=\"96\">1383 nm<\/td>\n<td width=\"85\">dB\/km<\/td>\n<td width=\"85\">\u22640,330<\/td>\n<td width=\"85\">\u22640,350<\/td>\n<td width=\"85\">\u22640,350<\/td>\n<td width=\"75\">\u22640,350<\/td>\n<\/tr>\n<tr>\n<td width=\"96\">1550 nm<\/td>\n<td width=\"85\">dB\/km<\/td>\n<td width=\"85\">\u22640,210<\/td>\n<td width=\"85\">\u22640,210<\/td>\n<td width=\"85\">\u22640,210<\/td>\n<td width=\"75\">\u22640,210<\/td>\n<\/tr>\n<tr>\n<td width=\"96\">1625 nm<\/td>\n<td width=\"85\">dB\/km<\/td>\n<td width=\"85\">\u22640,240<\/td>\n<td width=\"85\">\u22640,230<\/td>\n<td width=\"85\">\u22640,230<\/td>\n<td width=\"75\">\u22640,230<\/td>\n<\/tr>\n<tr>\n<td rowspan=\"3\" width=\"158\">Atenua\u00e7\u00e3o versus comprimento de onda<\/td>\n<td width=\"96\">1310nm vs. 1285-1330 nm<\/td>\n<td width=\"85\">dB\/km<\/td>\n<td width=\"85\">\u22640,04<\/td>\n<td width=\"85\">\u22640,04<\/td>\n<td width=\"85\">\u22640,05<\/td>\n<td width=\"75\">\u22640,03<\/td>\n<\/tr>\n<tr>\n<td width=\"96\">1550 nm vs. 1525-1575 nm<\/td>\n<td width=\"85\">dB\/km<\/td>\n<td width=\"85\">\u22640,03<\/td>\n<td width=\"85\">\u22640,03<\/td>\n<td width=\"85\">\u22640,04<\/td>\n<td width=\"75\">\u22640,02<\/td>\n<\/tr>\n<tr>\n<td width=\"96\">1550 nm vs. 1480-1580 nm<\/td>\n<td width=\"85\">dB\/km<\/td>\n<td width=\"85\">\u22640,04<\/td>\n<td width=\"85\">\u2013<\/td>\n<td width=\"85\">\u2013<\/td>\n<td width=\"75\">\u2013<\/td>\n<\/tr>\n<tr>\n<td width=\"158\">Comprimento de onda de dispers\u00e3o zero<\/td>\n<td rowspan=\"2\" width=\"96\">\\<\/td>\n<td width=\"85\">nm<\/td>\n<td width=\"85\">1300-1324<\/td>\n<td width=\"85\">1300-1324<\/td>\n<td width=\"85\">1300-1324<\/td>\n<td width=\"75\">1300-1324<\/td>\n<\/tr>\n<tr>\n<td width=\"158\">Inclina\u00e7\u00e3o de Dispers\u00e3o Zero<\/td>\n<td width=\"85\">ps\/(nm<sup>2<\/sup>\u00b7km)<\/td>\n<td width=\"85\">0.073-0.092<\/td>\n<td width=\"85\">0.073-0.092<\/td>\n<td width=\"85\">0.073-0.092<\/td>\n<td width=\"75\">\u22640,092<\/td>\n<\/tr>\n<tr>\n<td rowspan=\"2\" width=\"158\">Dispers\u00e3o<\/td>\n<td width=\"96\">1550 nm<\/td>\n<td width=\"85\">ps\/(nm\u00b7km)<\/td>\n<td width=\"85\">13.3-18.6<\/td>\n<td width=\"85\">13.3-18.6<\/td>\n<td width=\"85\">13.3-18.6<\/td>\n<td width=\"75\"><\/td>\n<\/tr>\n<tr>\n<td width=\"96\">1625 nm<\/td>\n<td width=\"85\">ps\/(nm\u00b7km)<\/td>\n<td width=\"85\">17.2-23.7<\/td>\n<td width=\"85\">17.2-23.7<\/td>\n<td width=\"85\">17.2-23.7<\/td>\n<td width=\"75\"><\/td>\n<\/tr>\n<tr>\n<td colspan=\"2\" width=\"255\">Dispers\u00e3o do modo de polariza\u00e7\u00e3o (PMD)<\/td>\n<td width=\"85\">ps\/\u221akm<\/td>\n<td width=\"85\">\u22640,2<\/td>\n<td width=\"85\">\u22640,2<\/td>\n<td width=\"85\">\u22640,2<\/td>\n<td width=\"75\">\u22640,2<\/td>\n<\/tr>\n<tr>\n<td width=\"158\">Comprimento de onda de corte \u03bbcc<\/td>\n<td width=\"96\">\u2013<\/td>\n<td width=\"85\">nm<\/td>\n<td width=\"85\">\u22641260<\/td>\n<td width=\"85\">\u22641260<\/td>\n<td width=\"85\">\u22641260<\/td>\n<td width=\"75\">\u22641260<\/td>\n<\/tr>\n<tr>\n<td rowspan=\"2\" width=\"158\">Di\u00e2metro de campo modal (MFD)<\/td>\n<td width=\"96\">1310nm<\/td>\n<td width=\"85\">\u03bcm<\/td>\n<td width=\"85\">9,2\u00b10,4<\/td>\n<td width=\"85\">9,2\u00b10,4<\/td>\n<td width=\"85\">8,6\u00b10,4<\/td>\n<td width=\"75\">8,6\u00b10,4<\/td>\n<\/tr>\n<tr>\n<td width=\"96\">1550 nm<\/td>\n<td width=\"85\">\u03bcm<\/td>\n<td width=\"85\">10,4\u00b10,5<\/td>\n<td width=\"85\">10,4\u00b10,5<\/td>\n<td width=\"85\">9,6\u00b10,5<\/td>\n<td width=\"75\">9,6\u00b10,5<\/td>\n<\/tr>\n<tr>\n<td rowspan=\"2\" width=\"158\">Descontinuidade de Atenua\u00e7\u00e3o<\/td>\n<td width=\"96\">1310nm<\/td>\n<td width=\"85\">dB<\/td>\n<td width=\"85\">\u22640,03<\/td>\n<td width=\"85\">\u22640,03<\/td>\n<td width=\"85\">\u22640,03<\/td>\n<td width=\"75\">\u22640,03<\/td>\n<\/tr>\n<tr>\n<td width=\"96\">1550 nm<\/td>\n<td width=\"85\">dB<\/td>\n<td width=\"85\">\u22640,03<\/td>\n<td width=\"85\">\u22640,03<\/td>\n<td width=\"85\">\u22640,03<\/td>\n<td width=\"75\">\u22640,03<\/td>\n<\/tr>\n<tr>\n<td rowspan=\"2\" width=\"158\">Atenua\u00e7\u00e3o Bidirecional<\/td>\n<td width=\"96\">1310nm<\/td>\n<td width=\"85\">dB\/km<\/td>\n<td width=\"85\">\u22640,04<\/td>\n<td width=\"85\"><\/td>\n<td width=\"85\"><\/td>\n<td width=\"75\">\u22640,05<\/td>\n<\/tr>\n<tr>\n<td width=\"96\">1550 nm<\/td>\n<td width=\"85\">dB\/km<\/td>\n<td width=\"85\">\u22640,04<\/td>\n<td width=\"85\"><\/td>\n<td width=\"85\"><\/td>\n<td width=\"75\">\u22640,05<\/td>\n<\/tr>\n<tr>\n<td colspan=\"3\" width=\"340\">Geom\u00e9trico<\/td>\n<td colspan=\"4\" width=\"330\"><\/td>\n<\/tr>\n<tr>\n<td colspan=\"2\" width=\"255\">Di\u00e2metro do revestimento<\/td>\n<td width=\"85\">\u03bcm<\/td>\n<td width=\"85\">125\u00b10,7<\/td>\n<td width=\"85\">125\u00b10,7<\/td>\n<td width=\"85\">125\u00b10,7<\/td>\n<td width=\"75\">125\u00b10,7<\/td>\n<\/tr>\n<tr>\n<td colspan=\"2\" width=\"255\">N\u00e3o Circularidade do Revestimento<\/td>\n<td width=\"85\">%<\/td>\n<td width=\"85\">\u22641,0<\/td>\n<td width=\"85\">\u22641,0<\/td>\n<td width=\"85\">\u22640,8<\/td>\n<td width=\"75\">\u22640,7<\/td>\n<\/tr>\n<tr>\n<td colspan=\"2\" width=\"255\">Erro de concentricidade do n\u00facleo\/revestimento<\/td>\n<td width=\"85\">\u03bcm<\/td>\n<td width=\"85\">\u22640,6<\/td>\n<td width=\"85\">\u22640,5<\/td>\n<td width=\"85\">\u22640,5<\/td>\n<td width=\"75\">\u22640,5<\/td>\n<\/tr>\n<tr>\n<td colspan=\"2\" rowspan=\"2\" width=\"255\">Di\u00e2metro do revestimento (sem cor)<\/td>\n<td width=\"85\">\u03bcm<\/td>\n<td colspan=\"4\" width=\"330\">242\u00b17 (padr\u00e3o)<\/td>\n<\/tr>\n<tr>\n<td width=\"85\">\u03bcm<\/td>\n<td colspan=\"4\" width=\"330\">200\u00b110 (opcional)<\/td>\n<\/tr>\n<tr>\n<td colspan=\"2\" width=\"255\">Erro de concentricidade do revestimento\/revestimento<\/td>\n<td width=\"85\">\u03bcm<\/td>\n<td width=\"85\">\u226412<\/td>\n<td width=\"85\">\u226412<\/td>\n<td width=\"85\">\u226412<\/td>\n<td width=\"75\">\u226412<\/td>\n<\/tr>\n<tr>\n<td colspan=\"2\" width=\"255\">Enrolar<\/td>\n<td width=\"85\">m<\/td>\n<td width=\"85\">\u22654<\/td>\n<td width=\"85\">\u22654<\/td>\n<td width=\"85\">\u22654<\/td>\n<td width=\"75\">\u22654<\/td>\n<\/tr>\n<tr>\n<td colspan=\"3\" width=\"340\">Ambiental (1550 nm, 1625 nm)<\/td>\n<td colspan=\"4\" width=\"330\"><\/td>\n<\/tr>\n<tr>\n<td width=\"158\">Ciclagem de temperatura<\/td>\n<td width=\"96\">-60\u2103 a +85\u2103<\/td>\n<td width=\"85\">dB\/km<\/td>\n<td width=\"85\">\u22640,03<\/td>\n<td width=\"85\">\u22640,05<\/td>\n<td width=\"85\">\u22640,05<\/td>\n<td width=\"75\">\u22640,05<\/td>\n<\/tr>\n<tr>\n<td width=\"158\">Alta temperatura e<\/p>\n<p>Alta Umidade<\/td>\n<td width=\"96\">85\u2103, 85% RH, 30 dias<\/td>\n<td width=\"85\">dB\/km<\/td>\n<td width=\"85\">\u22640,03<\/td>\n<td width=\"85\">\u22640,05<\/td>\n<td width=\"85\">\u22640,05<\/td>\n<td width=\"75\">\u22640,05<\/td>\n<\/tr>\n<tr>\n<td width=\"158\">Imers\u00e3o em \u00c1gua<\/td>\n<td width=\"96\">23\u2103, 30 dias<\/td>\n<td width=\"85\">dB\/km<\/td>\n<td width=\"85\">\u22640,03<\/td>\n<td width=\"85\">\u22640,05<\/td>\n<td width=\"85\">\u22640,05<\/td>\n<td width=\"75\">\u22640,05<\/td>\n<\/tr>\n<tr>\n<td width=\"158\">Envelhecimento a alta temperatura<\/td>\n<td width=\"96\">85\u00b0C, 30 dias<\/td>\n<td width=\"85\">dB\/km<\/td>\n<td width=\"85\">\u22640,03<\/td>\n<td width=\"85\">\u22640,05<\/td>\n<td width=\"85\">\u22640,05<\/td>\n<td width=\"75\">\u22640,05<\/td>\n<\/tr>\n<\/tbody>\n<\/table>","protected":false},"excerpt":{"rendered":"<p>O cabo pendente plano 1F Toneable da OMC \u00e9 uma esp\u00e9cie de mini cabo plano plano. Para construir o cabo, um amortecedor apertado de 0,9 mm \u00e9 posicionado no meio do cabo, duas hastes de fibra de vidro s\u00e3o colocadas diametralmente opostas em cada lado do n\u00facleo de fibra, proporcionando excelente resist\u00eancia ao esmagamento e resist\u00eancia \u00e0 tra\u00e7\u00e3o durante a instala\u00e7\u00e3o e ao longo da vida \u00fatil do [...]<\/p>","protected":false},"featured_media":12451,"comment_status":"closed","ping_status":"closed","template":"","meta":{"site-sidebar-layout":"default","site-content-layout":"","ast-site-content-layout":"default","site-content-style":"default","site-sidebar-style":"default","ast-global-header-display":"","ast-banner-title-visibility":"","ast-main-header-display":"","ast-hfb-above-header-display":"","ast-hfb-below-header-display":"","ast-hfb-mobile-header-display":"","site-post-title":"","ast-breadcrumbs-content":"","ast-featured-img":"","footer-sml-layout":"","theme-transparent-header-meta":"default","adv-header-id-meta":"","stick-header-meta":"default","header-above-stick-meta":"","header-main-stick-meta":"","header-below-stick-meta":"","astra-migrate-meta-layouts":"set","ast-page-background-enabled":"default","ast-page-background-meta":{"desktop":{"background-color":"var(--ast-global-color-4)","background-image":"","background-repeat":"repeat","background-position":"center center","background-size":"auto","background-attachment":"scroll","background-type":"","background-media":"","overlay-type":"","overlay-color":"","overlay-gradient":""},"tablet":{"background-color":"","background-image":"","background-repeat":"repeat","background-position":"center center","background-size":"auto","background-attachment":"scroll","background-type":"","background-media":"","overlay-type":"","overlay-color":"","overlay-gradient":""},"mobile":{"background-color":"","background-image":"","background-repeat":"repeat","background-position":"center center","background-size":"auto","background-attachment":"scroll","background-type":"","background-media":"","overlay-type":"","overlay-color":"","overlay-gradient":""}},"ast-content-background-meta":{"desktop":{"background-color":"var(--ast-global-color-5)","background-image":"","background-repeat":"repeat","background-position":"center center","background-size":"auto","background-attachment":"scroll","background-type":"","background-media":"","overlay-type":"","overlay-color":"","overlay-gradient":""},"tablet":{"background-color":"var(--ast-global-color-5)","background-image":"","background-repeat":"repeat","background-position":"center center","background-size":"auto","background-attachment":"scroll","background-type":"","background-media":"","overlay-type":"","overlay-color":"","overlay-gradient":""},"mobile":{"background-color":"var(--ast-global-color-5)","background-image":"","background-repeat":"repeat","background-position":"center center","background-size":"auto","background-attachment":"scroll","background-type":"","background-media":"","overlay-type":"","overlay-color":"","overlay-gradient":""}}},"product_cat":[122,133],"product_tag":[],"class_list":{"0":"post-12449","1":"product","2":"type-product","3":"status-publish","4":"has-post-thumbnail","6":"product_cat-ftth-drop-cable","7":"product_cat-toneable-flat-drop-cable","8":"desktop-align-left","9":"tablet-align-left","10":"mobile-align-left","11":"ast-product-gallery-layout-horizontal-slider","12":"ast-product-tabs-layout-horizontal","14":"first","15":"instock","16":"shipping-taxable","17":"product-type-simple"},"acf":[],"_links":{"self":[{"href":"https:\/\/www.omccable.com\/pt\/wp-json\/wp\/v2\/product\/12449","targetHints":{"allow":["GET"]}}],"collection":[{"href":"https:\/\/www.omccable.com\/pt\/wp-json\/wp\/v2\/product"}],"about":[{"href":"https:\/\/www.omccable.com\/pt\/wp-json\/wp\/v2\/types\/product"}],"replies":[{"embeddable":true,"href":"https:\/\/www.omccable.com\/pt\/wp-json\/wp\/v2\/comments?post=12449"}],"version-history":[{"count":2,"href":"https:\/\/www.omccable.com\/pt\/wp-json\/wp\/v2\/product\/12449\/revisions"}],"predecessor-version":[{"id":13280,"href":"https:\/\/www.omccable.com\/pt\/wp-json\/wp\/v2\/product\/12449\/revisions\/13280"}],"wp:featuredmedia":[{"embeddable":true,"href":"https:\/\/www.omccable.com\/pt\/wp-json\/wp\/v2\/media\/12451"}],"wp:attachment":[{"href":"https:\/\/www.omccable.com\/pt\/wp-json\/wp\/v2\/media?parent=12449"}],"wp:term":[{"taxonomy":"product_cat","embeddable":true,"href":"https:\/\/www.omccable.com\/pt\/wp-json\/wp\/v2\/product_cat?post=12449"},{"taxonomy":"product_tag","embeddable":true,"href":"https:\/\/www.omccable.com\/pt\/wp-json\/wp\/v2\/product_tag?post=12449"}],"curies":[{"name":"wp","href":"https:\/\/api.w.org\/{rel}","templated":true}]}}