{"id":11946,"date":"2024-07-30T15:05:55","date_gmt":"2024-07-30T07:05:55","guid":{"rendered":"https:\/\/www.omccable.com\/?post_type=product&#038;p=11946"},"modified":"2025-07-28T09:20:47","modified_gmt":"2025-07-28T01:20:47","slug":"4f-5-0mm-ftta-cpri-armored-cable","status":"publish","type":"product","link":"https:\/\/www.omccable.com\/pt\/produto\/4f-5-0mm-ftta-cpri-armored-cable\/","title":{"rendered":"4F 5,0mm FTTA CPRI Cabo blindado"},"content":{"rendered":"<p>Este cabo CPRI \u00e9 um cabo CPRI do tipo blindado com um di\u00e2metro externo de 5,0 mm. Sua estrutura \u00e9 a seguinte: cont\u00e9m fibras tamp\u00e3o compactas de 4 \u00d7 600um. Um tubo de a\u00e7o em espiral cobre essas fibras compactas para oferecer alta prote\u00e7\u00e3o. Um fio de aramida cobre o tubo de a\u00e7o como elemento de resist\u00eancia. A capa do cabo \u00e9 feita de material LSZH com fun\u00e7\u00e3o anti-UV.<\/p>\n<p>&nbsp;<\/p>\n<p><strong>Detalhe dos produtos:<\/strong><\/p>\n<table>\n<tbody>\n<tr>\n<td width=\"154\"><strong>Item<\/strong><\/td>\n<td width=\"112\"><strong>Conte\u00fado<\/strong><\/td>\n<td width=\"83\"><strong>Unidade<\/strong><\/td>\n<td width=\"335\"><strong>Valor<\/strong><\/td>\n<\/tr>\n<tr>\n<td width=\"154\">Tipo de fibra<\/td>\n<td width=\"112\">\/<\/td>\n<td width=\"83\">\/<\/td>\n<td width=\"335\">SM G652D;OM2,OM3,OM4<\/td>\n<\/tr>\n<tr>\n<td width=\"154\">Di\u00e2metro do cabo<\/td>\n<td width=\"112\">\u00b10,3<\/td>\n<td width=\"83\">mil\u00edmetros<\/td>\n<td width=\"335\">5,0\u00b10,2<\/td>\n<\/tr>\n<tr>\n<td rowspan=\"3\" width=\"154\">Buffer apertado<\/td>\n<td width=\"112\">Materiais<\/td>\n<td width=\"83\">\/<\/td>\n<td width=\"335\">PVC,LSZH<\/td>\n<\/tr>\n<tr>\n<td width=\"112\">Cor<\/td>\n<td width=\"83\">\/<\/td>\n<td width=\"335\">Azul, Laranja, Verde, Marrom<\/td>\n<\/tr>\n<tr>\n<td width=\"112\">Di\u00e2metro<\/td>\n<td width=\"83\">mil\u00edmetros<\/td>\n<td width=\"335\">0.6<\/td>\n<\/tr>\n<tr>\n<td rowspan=\"2\" width=\"154\">Unidade blindada<\/td>\n<td width=\"112\">Materiais<\/td>\n<td width=\"83\">\/<\/td>\n<td width=\"335\">Tubo espiral de a\u00e7o inoxid\u00e1vel SUS204<\/td>\n<\/tr>\n<tr>\n<td width=\"112\">Di\u00e2metro<\/td>\n<td width=\"83\">mil\u00edmetros<\/td>\n<td width=\"335\">2,8\u00b10,1<\/td>\n<\/tr>\n<tr>\n<td width=\"154\">Membro de for\u00e7a<\/td>\n<td width=\"112\">Materiais<\/td>\n<td width=\"83\">\/<\/td>\n<td width=\"335\">Fio de Aramida<\/td>\n<\/tr>\n<tr>\n<td rowspan=\"2\" width=\"154\">Bainha externa<\/td>\n<td width=\"112\">materiais<\/td>\n<td width=\"83\">\/<\/td>\n<td width=\"335\">LSZH<\/td>\n<\/tr>\n<tr>\n<td width=\"112\">Cor<\/td>\n<td width=\"83\">\/<\/td>\n<td width=\"335\">Azul, Amarelo, Preto, Laranja, Cinza, Aqua<\/td>\n<\/tr>\n<tr>\n<td width=\"154\">Peso do cabo<\/td>\n<td width=\"112\">\u00b15%<\/td>\n<td width=\"83\">kg\/km<\/td>\n<td width=\"335\">50<\/td>\n<\/tr>\n<\/tbody>\n<\/table>\n<p><strong>\u00a0<\/strong><\/p>\n<p><strong><b>Desempenho Mec\u00e2nico e Ambiental<\/b><\/strong><\/p>\n<table>\n<tbody>\n<tr>\n<td width=\"221\"><strong>Item<\/strong><\/td>\n<td width=\"206\"><strong>Conte\u00fado<\/strong><\/td>\n<td width=\"245\"><strong>Valor<\/strong><\/td>\n<\/tr>\n<tr>\n<td rowspan=\"2\" width=\"221\">M\u00e1x. carga de tra\u00e7\u00e3o<\/td>\n<td width=\"206\">Curto prazo<\/td>\n<td width=\"245\">Deforma\u00e7\u00e3o de fibra 600N\u22640,6%<\/td>\n<\/tr>\n<tr>\n<td width=\"206\">Longo prazo<\/td>\n<td width=\"245\">300N<\/td>\n<\/tr>\n<tr>\n<td rowspan=\"2\" width=\"221\">M\u00e1x. resist\u00eancia ao esmagamento<\/td>\n<td width=\"206\">Curto prazo<\/td>\n<td width=\"245\">3000N\/100mm<\/td>\n<\/tr>\n<tr>\n<td width=\"206\">Longo prazo<\/td>\n<td width=\"245\">1500N\/100mm<\/td>\n<\/tr>\n<tr>\n<td rowspan=\"2\" width=\"221\">Min. raio de curvatura<\/td>\n<td width=\"206\">Instala\u00e7\u00e3o<\/td>\n<td width=\"245\">40 x di\u00e2metro do cabo<\/td>\n<\/tr>\n<tr>\n<td width=\"206\">Opera\u00e7\u00e3o<\/td>\n<td width=\"245\">20 x di\u00e2metro do cabo<\/td>\n<\/tr>\n<tr>\n<td rowspan=\"3\" width=\"221\">Faixa de temperatura<\/td>\n<td width=\"206\">Opera\u00e7\u00e3o<\/td>\n<td width=\"245\">-30\u00b0C ~ +80\u00b0C<\/td>\n<\/tr>\n<tr>\n<td width=\"206\">Instala\u00e7\u00e3o<\/td>\n<td width=\"245\">-20\u2103 ~ +60\u2103<\/td>\n<\/tr>\n<tr>\n<td width=\"206\">Armazenamento\/transporte<\/td>\n<td width=\"245\">-20\u2103 ~ +70\u2103<\/td>\n<\/tr>\n<\/tbody>\n<\/table>\n<p><strong>\u00a0<\/strong><\/p>\n<p><strong><b>Par\u00e2metros t\u00e9cnicos da fibra \u00f3ptica<\/b><\/strong><\/p>\n<table>\n<tbody>\n<tr>\n<td colspan=\"2\" width=\"254\"><strong>Estilo fibra<\/strong><\/td>\n<td width=\"94\"><strong>Unidade<\/strong><\/td>\n<td width=\"94\"><strong>PE 9\/125<\/strong><\/td>\n<td width=\"103\"><strong>Mil\u00edmetros 50\/125<\/strong><\/td>\n<td width=\"139\"><strong>MS 62,5\/125<\/strong><\/td>\n<\/tr>\n<tr>\n<td colspan=\"2\" width=\"254\">Condi\u00e7\u00e3o<\/td>\n<td width=\"94\">nm<\/td>\n<td width=\"94\">1310\/1550<\/td>\n<td width=\"103\">850\/1300<\/td>\n<td width=\"139\">850\/1300<\/td>\n<\/tr>\n<tr>\n<td colspan=\"2\" width=\"254\">Atenua\u00e7\u00e3o<\/td>\n<td width=\"94\">dB\/km<\/td>\n<td width=\"94\">\u22640,34\/0,2<\/td>\n<td width=\"103\">\u22643,0\/1,0<\/td>\n<td width=\"139\">\u22643,0\/1,0<\/td>\n<\/tr>\n<tr>\n<td rowspan=\"2\" width=\"141\">Dispers\u00e3o<\/td>\n<td width=\"113\">1310 nm<\/td>\n<td width=\"94\">Ps\/(nm*km)<\/td>\n<td width=\"94\">\u226418<\/td>\n<td width=\"103\">\u2026..<\/td>\n<td width=\"139\">\u2026..<\/td>\n<\/tr>\n<tr>\n<td width=\"113\">1550 nm<\/td>\n<td width=\"94\">Ps\/(nm*km)<\/td>\n<td width=\"94\">\u226422<\/td>\n<td width=\"103\">\u2026..<\/td>\n<td width=\"139\">\u2026..<\/td>\n<\/tr>\n<tr>\n<td rowspan=\"2\" width=\"141\">Largura de banda<\/td>\n<td width=\"113\">850 nm<\/td>\n<td width=\"94\">MHZ. KM<\/td>\n<td width=\"94\">\u2026..<\/td>\n<td width=\"103\">\u2267400<\/td>\n<td width=\"139\">\u2267160<\/td>\n<\/tr>\n<tr>\n<td width=\"113\">1300 nm<\/td>\n<td width=\"94\">MHZ. KM<\/td>\n<td width=\"94\">\u2026..<\/td>\n<td width=\"103\">\u2267800<\/td>\n<td width=\"139\">\u2267500<\/td>\n<\/tr>\n<tr>\n<td colspan=\"2\" width=\"254\">Comprimento de onda de dispers\u00e3o zero<\/td>\n<td width=\"94\">nm<\/td>\n<td width=\"94\">\u22671302,<\/p>\n<p>\u22641322<\/td>\n<td width=\"103\">\u2026..<\/td>\n<td width=\"139\">\u2026..<\/td>\n<\/tr>\n<tr>\n<td colspan=\"2\" width=\"254\">Inclina\u00e7\u00e3o de dispers\u00e3o zero<\/td>\n<td width=\"94\">nm<\/td>\n<td width=\"94\">\u22640,091<\/td>\n<td width=\"103\">\u2026..<\/td>\n<td width=\"139\">\u2026..<\/td>\n<\/tr>\n<tr>\n<td colspan=\"2\" width=\"254\">Fibra individual m\u00e1xima PMD<\/td>\n<td width=\"94\"><\/td>\n<td width=\"94\">\u22640,2<\/td>\n<td width=\"103\">\u2026..<\/td>\n<td width=\"139\">\u2026..<\/td>\n<\/tr>\n<tr>\n<td colspan=\"2\" width=\"254\">Valor do link do projeto PMD<\/td>\n<td width=\"94\">Ps(nm2*km)<\/td>\n<td width=\"94\">\u22640,08<\/td>\n<td width=\"103\">\u2026..<\/td>\n<td width=\"139\">\u2026..<\/td>\n<\/tr>\n<tr>\n<td colspan=\"2\" width=\"254\">Comprimento de onda de corte da fibra \u03bbc<\/td>\n<td width=\"94\">nm<\/td>\n<td width=\"94\">\u22671180,<\/p>\n<p>\u22641330<\/td>\n<td width=\"103\">\u2026..<\/td>\n<td width=\"139\">\u2026..<\/td>\n<\/tr>\n<tr>\n<td colspan=\"2\" width=\"254\">Comprimento de onda de corte do cabo \u03bbcc<\/td>\n<td width=\"94\">nm<\/td>\n<td width=\"94\">\u22641260<\/td>\n<td width=\"103\">\u2026..<\/td>\n<td width=\"139\">\u2026..<\/td>\n<\/tr>\n<tr>\n<td rowspan=\"2\" width=\"141\">DMF<\/td>\n<td width=\"113\">1310 nm<\/td>\n<td width=\"94\">hum<\/td>\n<td width=\"94\">9,2\u00b10,4<\/td>\n<td width=\"103\">\u2026..<\/td>\n<td width=\"139\">\u2026..<\/td>\n<\/tr>\n<tr>\n<td width=\"113\">1550 nm<\/td>\n<td width=\"94\">hum<\/td>\n<td width=\"94\">10,4\u00b10,8<\/td>\n<td width=\"103\">\u2026..<\/td>\n<td width=\"139\">\u2026..<\/td>\n<\/tr>\n<tr>\n<td colspan=\"2\" width=\"254\">Abertura Num\u00e9rica (NA)<\/td>\n<td width=\"94\"><\/td>\n<td width=\"94\">\u2026\u2026<\/td>\n<td width=\"103\">0,200\u00b10,015<\/td>\n<td width=\"139\">0,275\u00b10,015<\/td>\n<\/tr>\n<tr>\n<td colspan=\"2\" width=\"254\">Etapa (m\u00e9dia da medi\u00e7\u00e3o bidirecional)<\/td>\n<td width=\"94\">dB<\/td>\n<td width=\"94\">\u22640,05<\/td>\n<td width=\"103\">\u22640,10<\/td>\n<td width=\"139\">\u22640,10<\/td>\n<\/tr>\n<tr>\n<td colspan=\"2\" width=\"254\">Irregularidades no comprimento da fibra e descontinuidade pontual<\/td>\n<td width=\"94\">dB<\/td>\n<td width=\"94\">\u22640,05<\/td>\n<td width=\"103\">\u22640,10<\/td>\n<td width=\"139\">\u22640,10<\/td>\n<\/tr>\n<tr>\n<td colspan=\"2\" width=\"254\">Coeficiente de retroespalhamento de diferen\u00e7a<\/td>\n<td width=\"94\">dB\/km<\/td>\n<td width=\"94\">\u22640,03<\/td>\n<td width=\"103\">\u22640,08<\/td>\n<td width=\"139\">\u22640,10<\/td>\n<\/tr>\n<tr>\n<td colspan=\"2\" width=\"254\">Uniformidade de atenua\u00e7\u00e3o<\/td>\n<td width=\"94\">dB\/km<\/td>\n<td width=\"94\">\u22640,01<\/td>\n<td width=\"103\">\u2026\u2026.<\/td>\n<td width=\"139\">\u2026\u2026.<\/td>\n<\/tr>\n<tr>\n<td colspan=\"2\" width=\"254\">Di\u00e2metro do n\u00facleo<\/td>\n<td width=\"94\">hum<\/td>\n<td width=\"94\">\u2026\u2026<\/td>\n<td width=\"103\">50\u00b11,0<\/td>\n<td width=\"139\">62,5\u00b12,5<\/td>\n<\/tr>\n<tr>\n<td colspan=\"2\" width=\"254\">Di\u00e2metro do revestimento<\/td>\n<td width=\"94\">hum<\/td>\n<td width=\"94\">125,0\u00b10,1<\/td>\n<td width=\"103\">125,0\u00b10,1<\/td>\n<td width=\"139\">125,0\u00b10,1<\/td>\n<\/tr>\n<tr>\n<td colspan=\"2\" width=\"254\">N\u00e3o circularidade do revestimento<\/td>\n<td width=\"94\">%<\/td>\n<td width=\"94\">\u22641,0<\/td>\n<td width=\"103\">\u22641,0<\/td>\n<td width=\"139\">\u22641,0<\/td>\n<\/tr>\n<tr>\n<td colspan=\"2\" width=\"254\">Di\u00e2metro do revestimento<\/td>\n<td width=\"94\">hum<\/td>\n<td width=\"94\">242\u00b17<\/td>\n<td width=\"103\">242\u00b17<\/td>\n<td width=\"139\">242\u00b17<\/td>\n<\/tr>\n<tr>\n<td colspan=\"2\" width=\"254\">Erro conc\u00eantrico de revestimento\/tentilh\u00e3o<\/td>\n<td width=\"94\">hum<\/td>\n<td width=\"94\">\u226412,0<\/td>\n<td width=\"103\">\u226412,0<\/td>\n<td width=\"139\">\u226412,0<\/td>\n<\/tr>\n<tr>\n<td colspan=\"2\" width=\"254\">N\u00e3o circularidade do revestimento<\/td>\n<td width=\"94\">%<\/td>\n<td width=\"94\">\u22646,0<\/td>\n<td width=\"103\">\u22646,0<\/td>\n<td width=\"139\">\u22646,0<\/td>\n<\/tr>\n<tr>\n<td colspan=\"2\" width=\"254\">Erro de concentricidade do n\u00facleo\/revestimento<\/td>\n<td width=\"94\">hum<\/td>\n<td width=\"94\">\u22640,6<\/td>\n<td width=\"103\">\u22641,5<\/td>\n<td width=\"139\">\u22641,5<\/td>\n<\/tr>\n<tr>\n<td colspan=\"2\" width=\"254\">Ondula\u00e7\u00e3o (raio)<\/td>\n<td width=\"94\">hum<\/td>\n<td width=\"94\">\u22644<\/td>\n<td width=\"103\">\u2026..<\/td>\n<td width=\"139\">\u2026..<\/td>\n<\/tr>\n<\/tbody>\n<\/table>\n<p><strong>\u00a0<\/strong><\/p>\n<p><strong><b>Par\u00e2metros t\u00e9cnicos de fibra \u00f3ptica-MM<\/b><\/strong><\/p>\n<table>\n<tbody>\n<tr>\n<td rowspan=\"2\" width=\"198\"><strong><b>Recursos<\/b><\/strong><\/td>\n<td rowspan=\"2\" width=\"90\"><strong><b>Condi\u00e7\u00f5es<\/b><\/strong><\/td>\n<td rowspan=\"2\" width=\"70\"><strong><b>unidade<\/b><\/strong><\/td>\n<td colspan=\"5\" width=\"351\"><strong><b>Valor<\/b><\/strong><\/td>\n<\/tr>\n<tr>\n<td width=\"93\"><strong><b>OM1<\/b><\/strong><\/td>\n<td width=\"91\"><strong><b>OM2<\/b><\/strong><\/td>\n<td width=\"57\"><strong><b>OM2+<\/b><\/strong><\/td>\n<td width=\"53\"><strong><b>OM3<\/b><\/strong><\/td>\n<td width=\"54\"><strong><b>OM4<\/b><\/strong><\/td>\n<\/tr>\n<tr>\n<td colspan=\"8\" width=\"710\"><strong><b>\u00d3ptica <\/b><\/strong><strong><b>Caracter\u00edsticas<\/b><\/strong><\/td>\n<\/tr>\n<tr>\n<td rowspan=\"2\" width=\"198\">Atenua\u00e7\u00e3o<\/td>\n<td width=\"90\">850 nm<\/td>\n<td width=\"70\">dB\/km<\/td>\n<td width=\"93\">\u22642,70~\u22643,00<\/td>\n<td width=\"91\">\u22642,50<\/td>\n<td width=\"57\">\u22642,50<\/td>\n<td width=\"53\">\u22642,50<\/td>\n<td width=\"54\">\u22642,50<\/td>\n<\/tr>\n<tr>\n<td width=\"90\">1300 nm<\/td>\n<td width=\"70\">dB\/km<\/td>\n<td width=\"93\">\u22640,60~\u22641,00<\/td>\n<td width=\"91\">\u22640,70<\/td>\n<td width=\"57\">\u22640,70<\/td>\n<td width=\"53\">\u22640,70<\/td>\n<td width=\"54\">\u22640,70<\/td>\n<\/tr>\n<tr>\n<td rowspan=\"2\" width=\"198\">Largura de banda modal m\u00ednima<\/td>\n<td width=\"90\">850 nm<\/td>\n<td width=\"70\">MHz.km<\/td>\n<td width=\"93\">\u2265200~\u2265100<\/td>\n<td width=\"91\">\u2265500~\u2265200<\/td>\n<td width=\"57\">\u2013<\/td>\n<td width=\"53\">\u2013<\/td>\n<td width=\"54\">\u2013<\/td>\n<\/tr>\n<tr>\n<td width=\"90\">1300 nm<\/td>\n<td width=\"70\">MHz.km<\/td>\n<td width=\"93\">\u2265600~\u2265160<\/td>\n<td width=\"91\">\u22651200~\u2265400<\/td>\n<td width=\"57\">\u2013<\/td>\n<td width=\"53\">\u2013<\/td>\n<td width=\"54\">\u2013<\/td>\n<\/tr>\n<tr>\n<td rowspan=\"2\" width=\"198\">Largura de banda de lan\u00e7amento sobrecarregada<\/td>\n<td width=\"90\">850 nm<\/td>\n<td width=\"70\">MHz.km<\/td>\n<td width=\"93\">\u2013<\/td>\n<td width=\"91\">\u2013<\/td>\n<td width=\"57\">\u2265700<\/td>\n<td width=\"53\">\u22651500<\/td>\n<td width=\"54\">\u22653500<\/td>\n<\/tr>\n<tr>\n<td width=\"90\">1300 nm<\/td>\n<td width=\"70\">MHz.km<\/td>\n<td width=\"93\">\u2013<\/td>\n<td width=\"91\">\u2013<\/td>\n<td width=\"57\">\u2265500<\/td>\n<td width=\"53\">\u2265500<\/td>\n<td width=\"54\">\u2265500<\/td>\n<\/tr>\n<tr>\n<td width=\"198\">Largura de banda modal efetiva<\/td>\n<td width=\"90\">850 nm<\/td>\n<td width=\"70\">MHz.km<\/td>\n<td width=\"93\">\u2013<\/td>\n<td width=\"91\">\u2013<\/td>\n<td width=\"57\">\u2265950<\/td>\n<td width=\"53\">\u22652000<\/td>\n<td width=\"54\">\u22654700<\/td>\n<\/tr>\n<tr>\n<td width=\"198\">Abertura Num\u00e9rica<\/td>\n<td width=\"90\"><\/td>\n<td width=\"70\"><\/td>\n<td width=\"93\">0,275\u00b10,015<\/td>\n<td colspan=\"4\" width=\"257\">0.18~0.215<\/td>\n<\/tr>\n<tr>\n<td width=\"198\">Comprimento do link Ethernet de 10 Gb\/s<\/td>\n<td width=\"90\"><\/td>\n<td width=\"70\">M<\/td>\n<td width=\"93\">\u2013<\/td>\n<td width=\"91\">\u2013<\/td>\n<td width=\"57\">150<\/td>\n<td width=\"53\">300<\/td>\n<td width=\"54\">550<\/td>\n<\/tr>\n<tr>\n<td colspan=\"8\" width=\"710\"><strong><b>Caracter\u00edsticas de retroespalhamento (1300 nm)<\/b><\/strong><\/td>\n<\/tr>\n<tr>\n<td colspan=\"2\" width=\"288\">Irregularidades no comprimento da fibra e descontinuidade pontual<\/td>\n<td width=\"70\">dB<\/td>\n<td colspan=\"5\" width=\"351\">\u22640,1<\/td>\n<\/tr>\n<tr>\n<td colspan=\"2\" width=\"288\">Uniformidade de atenua\u00e7\u00e3o<\/td>\n<td width=\"70\">dB<\/td>\n<td colspan=\"5\" width=\"351\">\u22640,1<\/td>\n<\/tr>\n<tr>\n<td colspan=\"2\" width=\"288\">Etapa (m\u00e9dia de bidirecional (medi\u00e7\u00e3o)<\/td>\n<td width=\"70\">dB\/km<\/td>\n<td colspan=\"5\" width=\"351\">\u22640,1<\/td>\n<\/tr>\n<tr>\n<td colspan=\"8\" width=\"710\"><strong><b>Geometria <\/b><\/strong><strong><b>Caracter\u00edsticas<\/b><\/strong><\/td>\n<\/tr>\n<tr>\n<td colspan=\"2\" width=\"288\">Di\u00e2metro do n\u00facleo<\/td>\n<td width=\"70\">\u03bcm<\/td>\n<td width=\"93\">62,5\u00b12,5<\/td>\n<td colspan=\"4\" width=\"257\">50\u00b12,5<\/td>\n<\/tr>\n<tr>\n<td colspan=\"2\" width=\"288\">N\u00e3o circularidade principal<\/td>\n<td width=\"70\">%<\/td>\n<td colspan=\"5\" width=\"351\">\u22645,0<\/td>\n<\/tr>\n<tr>\n<td colspan=\"2\" width=\"288\">Di\u00e2metro do revestimento<\/td>\n<td width=\"70\">\u03bcm<\/td>\n<td colspan=\"5\" width=\"351\">124,3\u00b10,7<\/td>\n<\/tr>\n<tr>\n<td colspan=\"2\" width=\"288\">N\u00e3o circularidade do revestimento<\/td>\n<td width=\"70\">%<\/td>\n<td colspan=\"5\" width=\"351\">\u22642,0<\/td>\n<\/tr>\n<tr>\n<td colspan=\"2\" width=\"288\">Erro de concentricidade do n\u00facleo\/revestimento<\/td>\n<td width=\"70\">\u03bcm<\/td>\n<td colspan=\"5\" width=\"351\">\u22641,5<\/td>\n<\/tr>\n<tr>\n<td colspan=\"2\" width=\"288\">Di\u00e2metro do revestimento<\/td>\n<td width=\"70\">\u03bcm<\/td>\n<td colspan=\"5\" width=\"351\">245\u00b110<\/td>\n<\/tr>\n<tr>\n<td colspan=\"2\" width=\"288\">Erro de concentricidade do revestimento\/revestimento<\/td>\n<td width=\"70\">\u03bcm<\/td>\n<td colspan=\"5\" width=\"351\">\u226412,0<\/td>\n<\/tr>\n<tr>\n<td colspan=\"2\" width=\"288\">Dura\u00e7\u00e3o da entrega<\/td>\n<td width=\"70\">km\/rolo<\/td>\n<td colspan=\"5\" width=\"351\">~16,8<\/td>\n<\/tr>\n<tr>\n<td colspan=\"8\" width=\"710\"><strong><b>Caracter\u00edsticas ambientais \uff08850nm e 1300nm\uff09<\/b><\/strong><\/td>\n<\/tr>\n<tr>\n<td width=\"198\">Atenua\u00e7\u00e3o induzida pela depend\u00eancia da temperatura<\/td>\n<td width=\"90\">-60\u2103~+85\u2103<\/td>\n<td width=\"70\">dB\/km<\/td>\n<td colspan=\"5\" width=\"351\">\u22640,10<\/td>\n<\/tr>\n<tr>\n<td width=\"198\">Temperatura-umidade            atenua\u00e7\u00e3o deduzida do ciclo<\/td>\n<td width=\"90\">-10\u00b0C~+85\u00b0C,98%RH<\/td>\n<td width=\"70\">dB\/km<\/td>\n<td colspan=\"5\" width=\"351\">\u22640,10<\/td>\n<\/tr>\n<tr>\n<td width=\"198\">Depend\u00eancia de absor\u00e7\u00e3o de \u00e1gua   atenua\u00e7\u00e3o induzida<\/td>\n<td width=\"90\">23\u00b0C\u00b12\u00b0C,30 dias<\/td>\n<td width=\"70\">dB\/km<\/td>\n<td colspan=\"5\" width=\"351\">\u22640,10<\/td>\n<\/tr>\n<tr>\n<td width=\"198\">Depend\u00eancia de calor \u00famido   atenua\u00e7\u00e3o induzida<\/td>\n<td width=\"90\">85\u2103\u00b12\u2103e85%RH,30 dias<\/td>\n<td width=\"70\">dB\/km<\/td>\n<td colspan=\"5\" width=\"351\">\u22640,10<\/td>\n<\/tr>\n<tr>\n<td width=\"198\">Envelhecimento por calor seco<\/td>\n<td width=\"90\">85\u00b0C\u00b12\u00b0C<\/td>\n<td width=\"70\">dB\/km<\/td>\n<td colspan=\"5\" width=\"351\">\u22640,10<\/td>\n<\/tr>\n<\/tbody>\n<\/table>\n<p>&nbsp;<\/p>\n<p><strong><b>M\u00e9todos de teste<\/b><\/strong><\/p>\n<table>\n<tbody>\n<tr>\n<td width=\"179\">Teste<\/td>\n<td width=\"207\">Condi\u00e7\u00f5es<\/td>\n<td width=\"321\">Crit\u00e9rios de aceita\u00e7\u00e3o<\/td>\n<\/tr>\n<tr>\n<td width=\"179\">Resist\u00eancia \u00e0 tra\u00e7\u00e3o IEC 60794-1-2 E1<\/td>\n<td width=\"207\">Carga de tra\u00e7\u00e3o: ver Ponto 3 Comprimento da amostra: \u2265 50 m Dura\u00e7\u00e3o do teste: 1 min<\/td>\n<td width=\"321\">\u2013 Estirpe da fibra \u22640,6%<\/p>\n<p>\u2013 Nenhum dano na jaqueta externa e interna<\/p>\n<p>elementos<\/td>\n<\/tr>\n<tr>\n<td width=\"179\">Resist\u00eancia ao esmagamento IEC 60794-1-2 E3<\/td>\n<td width=\"207\">Crush: veja Ponto 3 Dura\u00e7\u00e3o do teste: 5 min<\/p>\n<p>N\u00famero de testes: 3<\/td>\n<td width=\"321\">\u2013 Atenua\u00e7\u00e3o adicional: \u22640,1dB ap\u00f3s teste<\/p>\n<p>\u2013 Nenhum dano na jaqueta externa e interna<\/p>\n<p>elementos<\/td>\n<\/tr>\n<tr>\n<td width=\"179\">Impacto<\/p>\n<p>IEC 60794-1-2 E4<\/td>\n<td width=\"207\">Energia de impacto: 1J R=300 mm<\/p>\n<p>Pontos de impacto: 3<\/p>\n<p>N\u00famero de impacto: 1<\/td>\n<td width=\"321\">\u2013 Sem atenua\u00e7\u00e3o adicional \u00f3bvia<\/p>\n<p>\u2013 Sem danos<\/td>\n<\/tr>\n<tr>\n<td width=\"179\">Dobragem repetida IEC 60794-1-2-E11A<\/td>\n<td width=\"207\">Raio de curvatura: 15x di\u00e2metro do cabo. N\u00famero do turno: 4<\/p>\n<p>Ciclos: 3<\/td>\n<td width=\"321\">\u2013 Sem atenua\u00e7\u00e3o adicional \u00f3bvia<\/p>\n<p>\u2013 Sem danos<\/td>\n<\/tr>\n<tr>\n<td width=\"179\">Tor\u00e7\u00e3o<\/p>\n<p>IEC 60794-1-2 E7<\/td>\n<td width=\"207\">Comprimento da amostra: 2 m: \u00c2ngulos: \u00b1 180\u00b0<\/p>\n<p>Ciclos: 10<\/td>\n<td width=\"321\">\u2013 Sem atenua\u00e7\u00e3o adicional \u00f3bvia<\/p>\n<p>\u2013 Sem danos<\/td>\n<\/tr>\n<tr>\n<td width=\"179\">Ciclagem de temperatura IEC 60794-1-2 F1<\/td>\n<td width=\"207\">Etapas: -30\u00b0C~+60\u00b0C<\/p>\n<p>12 horas<\/p>\n<p>Ciclos: 2<\/td>\n<td width=\"321\">\u2013 \u0394\u03b1 \u2264 0,15 dB\/km<\/p>\n<p>\u2013 Atenua\u00e7\u00e3o revers\u00edvel<\/p>\n<p>\u2013 Sem danos<\/td>\n<\/tr>\n<tr>\n<td width=\"179\">Penetra\u00e7\u00e3o de \u00e1gua IEC 60794-1-2 F5<\/td>\n<td width=\"207\">Comprimento da amostra: 3 m<\/p>\n<p>Altura da coluna de \u00e1gua: 1 m Dura\u00e7\u00e3o: 24 h<\/td>\n<td width=\"321\">\u2013 N\u00e3o vazamento de \u00e1gua pela extremidade aberta em 24 h<\/td>\n<\/tr>\n<tr>\n<td width=\"179\">Fluxo composto de preenchimento<\/p>\n<p>IEC 60794-1-2-E14<\/td>\n<td width=\"207\">Comprimento da amostra: 0,2 m 60\u00b0C<\/p>\n<p>Dura\u00e7\u00e3o: 24 h<\/td>\n<td width=\"321\">\u2013 Nenhum fluxo composto do cabo em 24 h<\/td>\n<\/tr>\n<\/tbody>\n<\/table>","protected":false},"excerpt":{"rendered":"<p>Este cabo CPRI \u00e9 um cabo CPRI do tipo blindado com um di\u00e2metro externo de 5,0 mm. Sua estrutura \u00e9 a seguinte: cont\u00e9m fibras tamp\u00e3o compactas de 4 \u00d7 600um. Um tubo de a\u00e7o em espiral cobre essas fibras compactas para oferecer alta prote\u00e7\u00e3o. Um fio de aramida cobre o tubo de a\u00e7o como elemento de resist\u00eancia. [\u2026]<\/p>","protected":false},"featured_media":11949,"comment_status":"closed","ping_status":"closed","template":"","meta":{"site-sidebar-layout":"default","site-content-layout":"","ast-site-content-layout":"default","site-content-style":"default","site-sidebar-style":"default","ast-global-header-display":"","ast-banner-title-visibility":"","ast-main-header-display":"","ast-hfb-above-header-display":"","ast-hfb-below-header-display":"","ast-hfb-mobile-header-display":"","site-post-title":"","ast-breadcrumbs-content":"","ast-featured-img":"","footer-sml-layout":"","theme-transparent-header-meta":"default","adv-header-id-meta":"","stick-header-meta":"default","header-above-stick-meta":"","header-main-stick-meta":"","header-below-stick-meta":"","astra-migrate-meta-layouts":"set","ast-page-background-enabled":"default","ast-page-background-meta":{"desktop":{"background-color":"var(--ast-global-color-4)","background-image":"","background-repeat":"repeat","background-position":"center center","background-size":"auto","background-attachment":"scroll","background-type":"","background-media":"","overlay-type":"","overlay-color":"","overlay-gradient":""},"tablet":{"background-color":"","background-image":"","background-repeat":"repeat","background-position":"center center","background-size":"auto","background-attachment":"scroll","background-type":"","background-media":"","overlay-type":"","overlay-color":"","overlay-gradient":""},"mobile":{"background-color":"","background-image":"","background-repeat":"repeat","background-position":"center center","background-size":"auto","background-attachment":"scroll","background-type":"","background-media":"","overlay-type":"","overlay-color":"","overlay-gradient":""}},"ast-content-background-meta":{"desktop":{"background-color":"var(--ast-global-color-5)","background-image":"","background-repeat":"repeat","background-position":"center center","background-size":"auto","background-attachment":"scroll","background-type":"","background-media":"","overlay-type":"","overlay-color":"","overlay-gradient":""},"tablet":{"background-color":"var(--ast-global-color-5)","background-image":"","background-repeat":"repeat","background-position":"center center","background-size":"auto","background-attachment":"scroll","background-type":"","background-media":"","overlay-type":"","overlay-color":"","overlay-gradient":""},"mobile":{"background-color":"var(--ast-global-color-5)","background-image":"","background-repeat":"repeat","background-position":"center center","background-size":"auto","background-attachment":"scroll","background-type":"","background-media":"","overlay-type":"","overlay-color":"","overlay-gradient":""}}},"product_cat":[137,123,168],"product_tag":[],"class_list":{"0":"post-11946","1":"product","2":"type-product","3":"status-publish","4":"has-post-thumbnail","6":"product_cat-armored-cpri-cable","7":"product_cat-ftta-cpri-cable","8":"product_cat-recommended-products","9":"desktop-align-left","10":"tablet-align-left","11":"mobile-align-left","12":"ast-product-gallery-layout-horizontal-slider","13":"ast-product-tabs-layout-horizontal","15":"first","16":"instock","17":"shipping-taxable","18":"product-type-simple"},"acf":[],"_links":{"self":[{"href":"https:\/\/www.omccable.com\/pt\/wp-json\/wp\/v2\/product\/11946","targetHints":{"allow":["GET"]}}],"collection":[{"href":"https:\/\/www.omccable.com\/pt\/wp-json\/wp\/v2\/product"}],"about":[{"href":"https:\/\/www.omccable.com\/pt\/wp-json\/wp\/v2\/types\/product"}],"replies":[{"embeddable":true,"href":"https:\/\/www.omccable.com\/pt\/wp-json\/wp\/v2\/comments?post=11946"}],"version-history":[{"count":5,"href":"https:\/\/www.omccable.com\/pt\/wp-json\/wp\/v2\/product\/11946\/revisions"}],"predecessor-version":[{"id":13248,"href":"https:\/\/www.omccable.com\/pt\/wp-json\/wp\/v2\/product\/11946\/revisions\/13248"}],"wp:featuredmedia":[{"embeddable":true,"href":"https:\/\/www.omccable.com\/pt\/wp-json\/wp\/v2\/media\/11949"}],"wp:attachment":[{"href":"https:\/\/www.omccable.com\/pt\/wp-json\/wp\/v2\/media?parent=11946"}],"wp:term":[{"taxonomy":"product_cat","embeddable":true,"href":"https:\/\/www.omccable.com\/pt\/wp-json\/wp\/v2\/product_cat?post=11946"},{"taxonomy":"product_tag","embeddable":true,"href":"https:\/\/www.omccable.com\/pt\/wp-json\/wp\/v2\/product_tag?post=11946"}],"curies":[{"name":"wp","href":"https:\/\/api.w.org\/{rel}","templated":true}]}}