{"id":11842,"date":"2024-07-26T15:50:19","date_gmt":"2024-07-26T07:50:19","guid":{"rendered":"https:\/\/www.omccable.com\/?post_type=product&#038;p=11842"},"modified":"2025-07-28T10:30:59","modified_gmt":"2025-07-28T02:30:59","slug":"1-4cores-no-armored-round-duct-ftth-drop-cable","status":"publish","type":"product","link":"https:\/\/www.omccable.com\/pt\/produto\/1-4cores-no-armored-round-duct-ftth-drop-cable\/","title":{"rendered":"Cabo de descida FTTH com conduta redonda sem blindagem de 1-4 n\u00facleos"},"content":{"rendered":"<p>O cabo drop externo FTTH para duto, tamb\u00e9m chamado de cabo de fibra condu\u00edte ou cabo de fibra subterr\u00e2neo, geralmente \u00e9 implementado colocando-o dentro de dutos subterr\u00e2neos, e o<br \/>\nos dutos s\u00e3o normalmente enterrados no solo. Para construir o cabo, um cabo drop interno FTTH tipo arco \u00e9 colocado no meio do cabo. Para se adequar \u00e0 instala\u00e7\u00e3o de dutos subterr\u00e2neos, uma jaqueta LSZH dur\u00e1vel \u00e9 adicionada para criar uma se\u00e7\u00e3o transversal redonda do cabo e fornecer prote\u00e7\u00e3o adicional ao n\u00facleo do cabo.<\/p>\n<p><strong>\u00a0<\/strong><\/p>\n<p><strong>Recurso <\/strong><strong>\u00a0<\/strong><\/p>\n<ul>\n<li>Macio e flex\u00edvel, bom desempenho de flex\u00e3o<\/li>\n<li>Fita imperme\u00e1vel evita a entrada de \u00e1gua no cabo<\/li>\n<li>O membro de resist\u00eancia FRP melhora a resist\u00eancia \u00e0 tra\u00e7\u00e3o, a jaqueta interna e externa retardadora de chamas LSZH tem bom desempenho retardador de chamas<\/li>\n<li>A fibra especial de baixa sensibilidade \u00e0 curvatura fornece alta largura de banda e excelente propriedade de transmiss\u00e3o de comunica\u00e7\u00e3o<\/li>\n<li>Estrutura simples, leveza e alta praticidade<\/li>\n<li>Design inovador de flauta, facilmente descasca e emenda, simplifica a instala\u00e7\u00e3o e manuten\u00e7\u00e3o<\/li>\n<\/ul>\n<p>&nbsp;<\/p>\n<p><strong>Dados t\u00e9cnicos do cabo<\/strong><strong>:<\/strong><\/p>\n<table>\n<tbody>\n<tr>\n<td width=\"128\"><strong><b>Item<\/b><\/strong><\/td>\n<td width=\"140\"><strong><b>Conte\u00fado<\/b><\/strong><\/td>\n<td width=\"81\"><strong><b>Unidade<\/b><\/strong><\/td>\n<td width=\"349\"><strong><b>Valor<\/b><\/strong><\/td>\n<\/tr>\n<tr>\n<td width=\"128\">Fibra \u00d3ptica<\/td>\n<td width=\"140\">\/<\/td>\n<td width=\"81\">\/<\/td>\n<td width=\"349\">1-4<\/td>\n<\/tr>\n<tr>\n<td rowspan=\"4\" width=\"128\">Subcabo<\/td>\n<td width=\"140\">Membro de for\u00e7a<\/td>\n<td width=\"81\">\/<\/td>\n<td width=\"349\">0,5*2 FRP<\/td>\n<\/tr>\n<tr>\n<td width=\"140\">Cor da jaqueta<\/td>\n<td width=\"81\">\/<\/td>\n<td width=\"349\">Preto<\/td>\n<\/tr>\n<tr>\n<td width=\"140\">Material da jaqueta<\/td>\n<td width=\"81\">\/<\/td>\n<td width=\"349\">LSZH<\/td>\n<\/tr>\n<tr>\n<td width=\"140\">Di\u00e2metro (mm)<\/td>\n<td width=\"81\">mil\u00edmetros<\/td>\n<td width=\"349\">2,0\u00b10,1*3,0\u00b10,1<\/td>\n<\/tr>\n<tr>\n<td rowspan=\"3\" width=\"128\">Jaqueta externa<\/td>\n<td width=\"140\">Di\u00e2metro<\/td>\n<td width=\"81\">mil\u00edmetros<\/td>\n<td width=\"349\">5,0\u00b10,3<\/td>\n<\/tr>\n<tr>\n<td width=\"140\">Materiais<\/td>\n<td width=\"81\">\/<\/td>\n<td width=\"349\">LSZH<\/td>\n<\/tr>\n<tr>\n<td width=\"140\">Cor<\/td>\n<td width=\"81\">\/<\/td>\n<td width=\"349\">Preto<\/td>\n<\/tr>\n<tr>\n<td width=\"128\">Membro de for\u00e7a<\/td>\n<td width=\"140\">\/<\/td>\n<td width=\"81\">\/<\/td>\n<td width=\"349\">Fio de poli\u00e9ster<\/td>\n<\/tr>\n<tr>\n<td colspan=\"2\" width=\"269\">Atenua\u00e7\u00e3o do cabo<\/td>\n<td width=\"81\">dB\/km<\/td>\n<td width=\"349\">\u2266 0,40 a 1310 nm,  \u2266 0,30 a 1550 nm<\/td>\n<\/tr>\n<tr>\n<td colspan=\"2\" width=\"269\">Peso do cabo (aprox.)<\/td>\n<td width=\"81\">kg\/km<\/td>\n<td width=\"349\">24.9<\/td>\n<\/tr>\n<\/tbody>\n<\/table>\n<p><strong>\u00a0<\/strong><\/p>\n<p><strong><b>Desempenho Mec\u00e2nico e Ambiental<\/b><\/strong><\/p>\n<table>\n<tbody>\n<tr>\n<td width=\"216\"><strong>Item<\/strong><\/td>\n<td width=\"216\"><strong>Conte\u00fado<\/strong><\/td>\n<td width=\"275\"><strong>Valor<\/strong><\/td>\n<\/tr>\n<tr>\n<td rowspan=\"2\" width=\"216\">Carga de tra\u00e7\u00e3o<\/td>\n<td width=\"216\">Curto prazo<\/td>\n<td width=\"275\">Deforma\u00e7\u00e3o da fibra 80N\u22640,33\uff05<\/td>\n<\/tr>\n<tr>\n<td width=\"216\">Longo prazo<\/td>\n<td width=\"275\">40N<\/td>\n<\/tr>\n<tr>\n<td rowspan=\"2\" width=\"216\">Resist\u00eancia ao esmagamento<\/td>\n<td width=\"216\">Curto prazo<\/td>\n<td width=\"275\">1000<\/td>\n<\/tr>\n<tr>\n<td width=\"216\">Longo prazo<\/td>\n<td width=\"275\">300<\/td>\n<\/tr>\n<tr>\n<td rowspan=\"2\" width=\"216\">Min. raio de curvatura<\/td>\n<td width=\"216\">Instala\u00e7\u00e3o<\/td>\n<td width=\"275\">25 x di\u00e2metro do cabo<\/td>\n<\/tr>\n<tr>\n<td width=\"216\">Opera\u00e7\u00e3o<\/td>\n<td width=\"275\">12,5 x di\u00e2metro do cabo<\/td>\n<\/tr>\n<tr>\n<td rowspan=\"3\" width=\"216\">Faixa de temperatura<\/td>\n<td width=\"216\">Opera\u00e7\u00e3o<\/td>\n<td width=\"275\">-40\u00b0C ~ +70\u00b0C<\/td>\n<\/tr>\n<tr>\n<td width=\"216\">Instala\u00e7\u00e3o<\/td>\n<td width=\"275\">-20\u2103 ~ +60\u2103<\/td>\n<\/tr>\n<tr>\n<td width=\"216\">Armazenamento\/transporte<\/td>\n<td width=\"275\">-40\u00b0C ~ +70\u00b0C<\/td>\n<\/tr>\n<\/tbody>\n<\/table>\n<p><strong>\u00a0<\/strong><\/p>\n<p><strong>Aplica\u00e7\u00e3o:<\/strong><\/p>\n<p>Utilizado em cabeamento a\u00e9reo e de acesso a dutos<\/p>\n<p>Pode ser instalado em ambientes de pequena curvatura<\/p>\n<p>Adequado para a liga\u00e7\u00e3o entre interior e exterior<\/p>\n<p>Especialmente utilizado onde se espera um bom desempenho de isolamento<\/p>\n<p>&nbsp;<\/p>\n<p><strong>Solu\u00e7\u00e3o ideal para uso de cabo drop FTTH<\/strong><\/p>\n<p>Com baixa emiss\u00e3o de fuma\u00e7a, zero halog\u00eanio e revestimento interno e externo retardador de chamas, este cabo pode ser especialmente utilizado em cabeamento de acesso a\u00e9reo e de dutos, adequado para a conex\u00e3o entre ambientes internos e externos. Tamb\u00e9m pode ser terminado diretamente conectando-se a equipamentos de comunica\u00e7\u00e3o.<\/p>\n<p><img fetchpriority=\"high\" decoding=\"async\" class=\"alignnone size-full wp-image-11844\" src=\"https:\/\/www.omccable.com\/wp-content\/uploads\/2024\/07\/FTTH.png\" alt=\"\" width=\"1025\" height=\"397\" srcset=\"https:\/\/www.omccable.com\/wp-content\/uploads\/2024\/07\/FTTH.png 1025w, https:\/\/www.omccable.com\/wp-content\/uploads\/2024\/07\/FTTH-300x116.png 300w, https:\/\/www.omccable.com\/wp-content\/uploads\/2024\/07\/FTTH-800x310.png 800w, https:\/\/www.omccable.com\/wp-content\/uploads\/2024\/07\/FTTH-768x297.png 768w\" sizes=\"(max-width: 1025px) 100vw, 1025px\" \/><\/p>\n<p>&nbsp;<\/p>","protected":false},"excerpt":{"rendered":"<p>O cabo drop externo FTTH para duto, tamb\u00e9m chamado de cabo de fibra para condu\u00edte ou cabo de fibra subterr\u00e2neo, geralmente \u00e9 implementado colocando-o dentro de dutos subterr\u00e2neos, e os dutos normalmente s\u00e3o enterrados no solo. Para construir o cabo, um cabo drop interno FTTH tipo arco \u00e9 colocado no meio do cabo. A fim de [\u2026]<\/p>","protected":false},"featured_media":11848,"comment_status":"closed","ping_status":"closed","template":"","meta":{"site-sidebar-layout":"default","site-content-layout":"","ast-site-content-layout":"default","site-content-style":"default","site-sidebar-style":"default","ast-global-header-display":"","ast-banner-title-visibility":"","ast-main-header-display":"","ast-hfb-above-header-display":"","ast-hfb-below-header-display":"","ast-hfb-mobile-header-display":"","site-post-title":"","ast-breadcrumbs-content":"","ast-featured-img":"","footer-sml-layout":"","theme-transparent-header-meta":"default","adv-header-id-meta":"","stick-header-meta":"default","header-above-stick-meta":"","header-main-stick-meta":"","header-below-stick-meta":"","astra-migrate-meta-layouts":"set","ast-page-background-enabled":"default","ast-page-background-meta":{"desktop":{"background-color":"var(--ast-global-color-4)","background-image":"","background-repeat":"repeat","background-position":"center center","background-size":"auto","background-attachment":"scroll","background-type":"","background-media":"","overlay-type":"","overlay-color":"","overlay-gradient":""},"tablet":{"background-color":"","background-image":"","background-repeat":"repeat","background-position":"center center","background-size":"auto","background-attachment":"scroll","background-type":"","background-media":"","overlay-type":"","overlay-color":"","overlay-gradient":""},"mobile":{"background-color":"","background-image":"","background-repeat":"repeat","background-position":"center center","background-size":"auto","background-attachment":"scroll","background-type":"","background-media":"","overlay-type":"","overlay-color":"","overlay-gradient":""}},"ast-content-background-meta":{"desktop":{"background-color":"var(--ast-global-color-5)","background-image":"","background-repeat":"repeat","background-position":"center center","background-size":"auto","background-attachment":"scroll","background-type":"","background-media":"","overlay-type":"","overlay-color":"","overlay-gradient":""},"tablet":{"background-color":"var(--ast-global-color-5)","background-image":"","background-repeat":"repeat","background-position":"center center","background-size":"auto","background-attachment":"scroll","background-type":"","background-media":"","overlay-type":"","overlay-color":"","overlay-gradient":""},"mobile":{"background-color":"var(--ast-global-color-5)","background-image":"","background-repeat":"repeat","background-position":"center center","background-size":"auto","background-attachment":"scroll","background-type":"","background-media":"","overlay-type":"","overlay-color":"","overlay-gradient":""}}},"product_cat":[167,122],"product_tag":[],"class_list":{"0":"post-11842","1":"product","2":"type-product","3":"status-publish","4":"has-post-thumbnail","6":"product_cat-1-4cores-no-armored-round-duct-ftth-drop-cable","7":"product_cat-ftth-drop-cable","8":"desktop-align-left","9":"tablet-align-left","10":"mobile-align-left","11":"ast-product-gallery-layout-horizontal-slider","12":"ast-product-tabs-layout-horizontal","14":"first","15":"instock","16":"shipping-taxable","17":"product-type-simple"},"acf":[],"_links":{"self":[{"href":"https:\/\/www.omccable.com\/pt\/wp-json\/wp\/v2\/product\/11842","targetHints":{"allow":["GET"]}}],"collection":[{"href":"https:\/\/www.omccable.com\/pt\/wp-json\/wp\/v2\/product"}],"about":[{"href":"https:\/\/www.omccable.com\/pt\/wp-json\/wp\/v2\/types\/product"}],"replies":[{"embeddable":true,"href":"https:\/\/www.omccable.com\/pt\/wp-json\/wp\/v2\/comments?post=11842"}],"version-history":[{"count":3,"href":"https:\/\/www.omccable.com\/pt\/wp-json\/wp\/v2\/product\/11842\/revisions"}],"predecessor-version":[{"id":13288,"href":"https:\/\/www.omccable.com\/pt\/wp-json\/wp\/v2\/product\/11842\/revisions\/13288"}],"wp:featuredmedia":[{"embeddable":true,"href":"https:\/\/www.omccable.com\/pt\/wp-json\/wp\/v2\/media\/11848"}],"wp:attachment":[{"href":"https:\/\/www.omccable.com\/pt\/wp-json\/wp\/v2\/media?parent=11842"}],"wp:term":[{"taxonomy":"product_cat","embeddable":true,"href":"https:\/\/www.omccable.com\/pt\/wp-json\/wp\/v2\/product_cat?post=11842"},{"taxonomy":"product_tag","embeddable":true,"href":"https:\/\/www.omccable.com\/pt\/wp-json\/wp\/v2\/product_tag?post=11842"}],"curies":[{"name":"wp","href":"https:\/\/api.w.org\/{rel}","templated":true}]}}