{"id":11773,"date":"2024-07-25T15:43:25","date_gmt":"2024-07-25T07:43:25","guid":{"rendered":"https:\/\/www.omccable.com\/?post_type=product&#038;p=11773"},"modified":"2024-07-25T15:43:25","modified_gmt":"2024-07-25T07:43:25","slug":"2-12f-flat-drop-cable-4-0x6-0mm-loose-tube","status":"publish","type":"product","link":"https:\/\/www.omccable.com\/pt\/produto\/2-12f-flat-drop-cable-4-0x6-0mm-loose-tube\/","title":{"rendered":"Cabo pendente plano 2-12F 4,0 \u00d7 6,0 mm - Tubo solto"},"content":{"rendered":"<p><strong><b>12F Cabo pendente plano totalmente diel\u00e9trico 4,0 \u00d7 6,0 mm - Tubo solto <\/b><\/strong>utiliza estrutura plana em borboleta, cuja unidade de fibra \u00f3ptica est\u00e1 posicionada no tubo de perda central (tubo PBT). Dois membros de resist\u00eancia de fio de a\u00e7o F paralelos s\u00e3o colocados nos dois lados. Ent\u00e3o, o cabo \u00e9 completado com bainha PE.<\/p>\n<p>&nbsp;<\/p>\n<p><strong>Recurso<\/strong><\/p>\n<ul>\n<li>Bom desempenho \u00e0 prova d\u2019\u00e1gua<\/li>\n<li>A fibra especial de baixa sensibilidade \u00e0 curvatura fornece alta largura de banda e excelente propriedade de transmiss\u00e3o de comunica\u00e7\u00e3o<\/li>\n<li>Dois membros de resist\u00eancia FRP paralelos garantem um bom desempenho de resist\u00eancia ao esmagamento para proteger a fibra<\/li>\n<li>Estrutura simples, leveza e alta praticidade<\/li>\n<li>Design inovador de flauta, facilmente descasca e emenda, simplifica a instala\u00e7\u00e3o e manuten\u00e7\u00e3o<\/li>\n<li>Baixa emiss\u00e3o de fuma\u00e7a, zero halog\u00eanio e revestimento retardador de chamas<\/li>\n<\/ul>\n<p>&nbsp;<\/p>\n<p><strong>Especifica\u00e7\u00e3o do cabo<\/strong><strong>:<\/strong><\/p>\n<table>\n<tbody>\n<tr>\n<td width=\"175\"><strong>Item<\/strong><\/td>\n<td width=\"110\"><strong>Conte\u00fado<\/strong><\/td>\n<td width=\"103\"><strong>Unidade<\/strong><\/td>\n<td width=\"274\"><strong>Valor<\/strong><\/td>\n<\/tr>\n<tr>\n<td width=\"175\">Fibra \u00d3ptica<\/td>\n<td width=\"110\">SM<\/td>\n<td width=\"103\">\/<\/td>\n<td width=\"274\">2-12<\/td>\n<\/tr>\n<tr>\n<td width=\"175\">Membro de for\u00e7a<\/td>\n<td width=\"110\">Materiais<\/td>\n<td width=\"103\">\/<\/td>\n<td width=\"274\">Fio de a\u00e7o 2\u00d70,8mm<\/td>\n<\/tr>\n<tr>\n<td rowspan=\"3\" width=\"175\">&nbsp;<\/p>\n<p>Tubo solto<\/td>\n<td width=\"110\">Di\u00e2metro<\/td>\n<td width=\"103\">mil\u00edmetros<\/td>\n<td width=\"274\">2,2 mm<\/td>\n<\/tr>\n<tr>\n<td width=\"110\">Materiais<\/td>\n<td width=\"103\">\/<\/td>\n<td width=\"274\">PBT<\/td>\n<\/tr>\n<tr>\n<td width=\"110\">Cor<\/td>\n<td width=\"103\">\/<\/td>\n<td width=\"274\">Natureza<\/td>\n<\/tr>\n<tr>\n<td rowspan=\"3\" width=\"175\">&nbsp;<\/p>\n<p>Jaqueta externa<\/td>\n<td width=\"110\">Di\u00e2metro<\/td>\n<td width=\"103\">mil\u00edmetros<\/td>\n<td width=\"274\">4,0\u00b10,2*6,0\u00b10,5<\/td>\n<\/tr>\n<tr>\n<td width=\"110\">Materiais<\/td>\n<td width=\"103\">\/<\/td>\n<td width=\"274\">EP<\/td>\n<\/tr>\n<tr>\n<td width=\"110\">Cor<\/td>\n<td width=\"103\">\/<\/td>\n<td width=\"274\">Preto<\/td>\n<\/tr>\n<tr>\n<td width=\"175\">Peso do cabo (aprox.)<\/td>\n<td colspan=\"2\" width=\"214\">kg\/km<\/td>\n<td width=\"274\">32.2<\/td>\n<\/tr>\n<\/tbody>\n<\/table>\n<p><strong>\u00a0<\/strong><\/p>\n<p><strong>Principais Desempenhos Mec\u00e2nicos e Ambientais<\/strong><\/p>\n<table>\n<tbody>\n<tr>\n<td rowspan=\"2\" width=\"224\"><strong><b>Resist\u00eancia m\u00e1xima \u00e0 tra\u00e7\u00e3o (N)<\/b><\/strong><\/td>\n<td width=\"191\">Longo prazo<\/td>\n<td width=\"264\">300<\/td>\n<\/tr>\n<tr>\n<td width=\"191\">Curto prazo<\/td>\n<td width=\"264\">700<\/td>\n<\/tr>\n<tr>\n<td rowspan=\"2\" width=\"224\"><strong><b>Carga de esmagamento (N\/100mm)<\/b><\/strong><\/td>\n<td width=\"191\">Longo prazo<\/td>\n<td width=\"264\">500<\/td>\n<\/tr>\n<tr>\n<td width=\"191\">Curto prazo<\/td>\n<td width=\"264\">1000<\/td>\n<\/tr>\n<tr>\n<td width=\"224\"><strong><b>Temperatura de opera\u00e7\u00e3o <\/b><\/strong><strong><b>\uff08\u2103\uff09<\/b><\/strong><\/td>\n<td colspan=\"2\" width=\"455\">-40+60<\/td>\n<\/tr>\n<tr>\n<td width=\"224\"><strong><b>Temperatura de armazenamento <\/b><\/strong><strong><b>\uff08\u2103\uff09<\/b><\/strong><\/td>\n<td colspan=\"2\" width=\"455\">-40+60<\/td>\n<\/tr>\n<\/tbody>\n<\/table>\n<p><strong>\u00a0<\/strong><\/p>\n<p><strong>Caracter\u00edstica da fibra<\/strong><\/p>\n<table>\n<tbody>\n<tr>\n<td rowspan=\"2\" width=\"167\"><strong><b>Par\u00e2metro<\/b><\/strong><\/td>\n<td rowspan=\"2\" width=\"96\"><strong><b>Condi\u00e7\u00f5es<\/b><\/strong><\/td>\n<td rowspan=\"2\" width=\"85\"><strong><b>Unidades<\/b><\/strong><\/td>\n<td colspan=\"4\" width=\"330\"><strong><b>Valor<\/b><\/strong><\/td>\n<\/tr>\n<tr>\n<td width=\"85\"><strong><b>G652D<\/b><\/strong><\/td>\n<td width=\"85\"><strong><b>G657A1<\/b><\/strong><\/td>\n<td width=\"85\"><strong><b>G657A2<\/b><\/strong><\/td>\n<td width=\"75\"><strong><b>G657B3<\/b><\/strong><\/td>\n<\/tr>\n<tr>\n<td colspan=\"3\" width=\"349\"><strong><b>Especifica\u00e7\u00e3o \u00f3ptica<\/b><\/strong><\/td>\n<td colspan=\"4\" width=\"330\"><strong><b>\u3000<\/b><\/strong><\/td>\n<\/tr>\n<tr>\n<td rowspan=\"4\" width=\"167\">Atenua\u00e7\u00e3o<\/td>\n<td width=\"96\">1310nm<\/td>\n<td width=\"85\">dB\/km<\/td>\n<td width=\"85\">\u22640,350<\/td>\n<td width=\"85\">\u22640,350<\/td>\n<td width=\"85\">\u22640,350<\/td>\n<td width=\"75\">\u22640,350<\/td>\n<\/tr>\n<tr>\n<td width=\"96\">1383 nm<\/td>\n<td width=\"85\">dB\/km<\/td>\n<td width=\"85\">\u22640,330<\/td>\n<td width=\"85\">\u22640,350<\/td>\n<td width=\"85\">\u22640,350<\/td>\n<td width=\"75\">\u22640,350<\/td>\n<\/tr>\n<tr>\n<td width=\"96\">1550 nm<\/td>\n<td width=\"85\">dB\/km<\/td>\n<td width=\"85\">\u22640,210<\/td>\n<td width=\"85\">\u22640,210<\/td>\n<td width=\"85\">\u22640,210<\/td>\n<td width=\"75\">\u22640,210<\/td>\n<\/tr>\n<tr>\n<td width=\"96\">1625 nm<\/td>\n<td width=\"85\">dB\/km<\/td>\n<td width=\"85\">\u22640,240<\/td>\n<td width=\"85\">\u22640,230<\/td>\n<td width=\"85\">\u22640,230<\/td>\n<td width=\"75\">\u22640,230<\/td>\n<\/tr>\n<tr>\n<td rowspan=\"3\" width=\"167\">Atenua\u00e7\u00e3o versus comprimento de onda<\/td>\n<td width=\"96\">1310nm vs. 1285-1330 nm<\/td>\n<td width=\"85\">dB\/km<\/td>\n<td width=\"85\">\u22640,04<\/td>\n<td width=\"85\">\u22640,04<\/td>\n<td width=\"85\">\u22640,05<\/td>\n<td width=\"75\">\u22640,03<\/td>\n<\/tr>\n<tr>\n<td width=\"96\">1550 nm vs. 1525-1575 nm<\/td>\n<td width=\"85\">dB\/km<\/td>\n<td width=\"85\">\u22640,03<\/td>\n<td width=\"85\">\u22640,03<\/td>\n<td width=\"85\">\u22640,04<\/td>\n<td width=\"75\">\u22640,02<\/td>\n<\/tr>\n<tr>\n<td width=\"96\">1550 nm vs. 1480-1580 nm<\/td>\n<td width=\"85\">dB\/km<\/td>\n<td width=\"85\">\u22640,04<\/td>\n<td width=\"85\">\u2013<\/td>\n<td width=\"85\">\u2013<\/td>\n<td width=\"75\">\u2013<\/td>\n<\/tr>\n<tr>\n<td width=\"167\">Comprimento de onda de dispers\u00e3o zero<\/td>\n<td rowspan=\"2\" width=\"96\">\\<\/td>\n<td width=\"85\">nm<\/td>\n<td width=\"85\">1300-1324<\/td>\n<td width=\"85\">1300-1324<\/td>\n<td width=\"85\">1300-1324<\/td>\n<td width=\"75\">1300-1324<\/td>\n<\/tr>\n<tr>\n<td width=\"167\">Inclina\u00e7\u00e3o de Dispers\u00e3o Zero<\/td>\n<td width=\"85\">ps\/(nm<sup>2<\/sup>\u00b7km)<\/td>\n<td width=\"85\">0.073-0.092<\/td>\n<td width=\"85\">0.073-0.092<\/td>\n<td width=\"85\">0.073-0.092<\/td>\n<td width=\"75\">\u22640,092<\/td>\n<\/tr>\n<tr>\n<td rowspan=\"2\" width=\"167\">Dispers\u00e3o<\/td>\n<td width=\"96\">1550 nm<\/td>\n<td width=\"85\">ps\/(nm\u00b7km)<\/td>\n<td width=\"85\">13.3-18.6<\/td>\n<td width=\"85\">13.3-18.6<\/td>\n<td width=\"85\">13.3-18.6<\/td>\n<td width=\"75\">&nbsp;<\/td>\n<\/tr>\n<tr>\n<td width=\"96\">1625 nm<\/td>\n<td width=\"85\">ps\/(nm\u00b7km)<\/td>\n<td width=\"85\">17.2-23.7<\/td>\n<td width=\"85\">17.2-23.7<\/td>\n<td width=\"85\">17.2-23.7<\/td>\n<td width=\"75\">&nbsp;<\/td>\n<\/tr>\n<tr>\n<td colspan=\"2\" width=\"264\">Dispers\u00e3o do modo de polariza\u00e7\u00e3o (PMD)<\/td>\n<td width=\"85\">ps\/\u221akm<\/td>\n<td width=\"85\">\u22640,2<\/td>\n<td width=\"85\">\u22640,2<\/td>\n<td width=\"85\">\u22640,2<\/td>\n<td width=\"75\">\u22640,2<\/td>\n<\/tr>\n<tr>\n<td width=\"167\">Comprimento de onda de corte \u03bbcc<\/td>\n<td width=\"96\">\u2013<\/td>\n<td width=\"85\">nm<\/td>\n<td width=\"85\">\u22641260<\/td>\n<td width=\"85\">\u22641260<\/td>\n<td width=\"85\">\u22641260<\/td>\n<td width=\"75\">\u22641260<\/td>\n<\/tr>\n<tr>\n<td rowspan=\"2\" width=\"167\">Di\u00e2metro de campo modal (MFD)<\/td>\n<td width=\"96\">1310nm<\/td>\n<td width=\"85\">\u03bcm<\/td>\n<td width=\"85\">9,2\u00b10,4<\/td>\n<td width=\"85\">9,2\u00b10,4<\/td>\n<td width=\"85\">8,6\u00b10,4<\/td>\n<td width=\"75\">8,6\u00b10,4<\/td>\n<\/tr>\n<tr>\n<td width=\"96\">1550 nm<\/td>\n<td width=\"85\">\u03bcm<\/td>\n<td width=\"85\">10,4\u00b10,5<\/td>\n<td width=\"85\">10,4\u00b10,5<\/td>\n<td width=\"85\">9,6\u00b10,5<\/td>\n<td width=\"75\">9,6\u00b10,5<\/td>\n<\/tr>\n<tr>\n<td rowspan=\"2\" width=\"167\">Descontinuidade de Atenua\u00e7\u00e3o<\/td>\n<td width=\"96\">1310nm<\/td>\n<td width=\"85\">dB<\/td>\n<td width=\"85\">\u22640,03<\/td>\n<td width=\"85\">\u22640,03<\/td>\n<td width=\"85\">\u22640,03<\/td>\n<td width=\"75\">\u22640,03<\/td>\n<\/tr>\n<tr>\n<td width=\"96\">1550 nm<\/td>\n<td width=\"85\">dB<\/td>\n<td width=\"85\">\u22640,03<\/td>\n<td width=\"85\">\u22640,03<\/td>\n<td width=\"85\">\u22640,03<\/td>\n<td width=\"75\">\u22640,03<\/td>\n<\/tr>\n<tr>\n<td rowspan=\"2\" width=\"167\">Atenua\u00e7\u00e3o Bidirecional<\/td>\n<td width=\"96\">1310nm<\/td>\n<td width=\"85\">dB\/km<\/td>\n<td width=\"85\">\u22640,04<\/td>\n<td width=\"85\">&nbsp;<\/td>\n<td width=\"85\">&nbsp;<\/td>\n<td width=\"75\">\u22640,05<\/td>\n<\/tr>\n<tr>\n<td width=\"96\">1550 nm<\/td>\n<td width=\"85\">dB\/km<\/td>\n<td width=\"85\">\u22640,04<\/td>\n<td width=\"85\">&nbsp;<\/td>\n<td width=\"85\">&nbsp;<\/td>\n<td width=\"75\">\u22640,05<\/td>\n<\/tr>\n<tr>\n<td colspan=\"3\" width=\"349\"><strong><b>Geom\u00e9trico<\/b><\/strong><\/td>\n<td colspan=\"4\" width=\"330\">&nbsp;<\/td>\n<\/tr>\n<tr>\n<td colspan=\"2\" width=\"264\">Di\u00e2metro do revestimento<\/td>\n<td width=\"85\">\u03bcm<\/td>\n<td width=\"85\">125\u00b10,7<\/td>\n<td width=\"85\">125\u00b10,7<\/td>\n<td width=\"85\">125\u00b10,7<\/td>\n<td width=\"75\">125\u00b10,7<\/td>\n<\/tr>\n<tr>\n<td colspan=\"2\" width=\"264\">N\u00e3o Circularidade do Revestimento<\/td>\n<td width=\"85\">%<\/td>\n<td width=\"85\">\u22641,0<\/td>\n<td width=\"85\">\u22641,0<\/td>\n<td width=\"85\">\u22640,8<\/td>\n<td width=\"75\">\u22640,7<\/td>\n<\/tr>\n<tr>\n<td colspan=\"2\" width=\"264\">Erro de concentricidade do n\u00facleo\/revestimento<\/td>\n<td width=\"85\">\u03bcm<\/td>\n<td width=\"85\">\u22640,6<\/td>\n<td width=\"85\">\u22640,5<\/td>\n<td width=\"85\">\u22640,5<\/td>\n<td width=\"75\">\u22640,5<\/td>\n<\/tr>\n<tr>\n<td colspan=\"2\" rowspan=\"2\" width=\"264\">Di\u00e2metro do revestimento (sem cor)<\/td>\n<td width=\"85\">\u03bcm<\/td>\n<td colspan=\"4\" width=\"330\">242\u00b17 (padr\u00e3o)<\/td>\n<\/tr>\n<tr>\n<td width=\"85\">\u03bcm<\/td>\n<td colspan=\"4\" width=\"330\">200\u00b110 (opcional)<\/td>\n<\/tr>\n<tr>\n<td colspan=\"2\" width=\"264\">Erro de concentricidade do revestimento\/revestimento<\/td>\n<td width=\"85\">\u03bcm<\/td>\n<td width=\"85\">\u226412<\/td>\n<td width=\"85\">\u226412<\/td>\n<td width=\"85\">\u226412<\/td>\n<td width=\"75\">\u226412<\/td>\n<\/tr>\n<tr>\n<td colspan=\"2\" width=\"264\">Enrolar<\/td>\n<td width=\"85\">m<\/td>\n<td width=\"85\">\u22654<\/td>\n<td width=\"85\">\u22654<\/td>\n<td width=\"85\">\u22654<\/td>\n<td width=\"75\">\u22654<\/td>\n<\/tr>\n<tr>\n<td colspan=\"3\" width=\"349\"><strong><b>Ambiental (1550 nm, 1625 nm)<\/b><\/strong><\/td>\n<td colspan=\"4\" width=\"330\">&nbsp;<\/td>\n<\/tr>\n<tr>\n<td width=\"167\">Ciclagem de temperatura<\/td>\n<td width=\"96\">-60\u2103 a +85\u2103<\/td>\n<td width=\"85\">dB\/km<\/td>\n<td width=\"85\">\u22640,03<\/td>\n<td width=\"85\">\u22640,05<\/td>\n<td width=\"85\">\u22640,05<\/td>\n<td width=\"75\">\u22640,05<\/td>\n<\/tr>\n<tr>\n<td width=\"167\">Alta temperatura e<\/p>\n<p>Alta Umidade<\/td>\n<td width=\"96\">85\u2103, 85% RH, 30 dias<\/td>\n<td width=\"85\">dB\/km<\/td>\n<td width=\"85\">\u22640,03<\/td>\n<td width=\"85\">\u22640,05<\/td>\n<td width=\"85\">\u22640,05<\/td>\n<td width=\"75\">\u22640,05<\/td>\n<\/tr>\n<tr>\n<td width=\"167\">Imers\u00e3o em \u00c1gua<\/td>\n<td width=\"96\">23\u2103, 30 dias<\/td>\n<td width=\"85\">dB\/km<\/td>\n<td width=\"85\">\u22640,03<\/td>\n<td width=\"85\">\u22640,05<\/td>\n<td width=\"85\">\u22640,05<\/td>\n<td width=\"75\">\u22640,05<\/td>\n<\/tr>\n<tr>\n<td width=\"167\">Envelhecimento a alta temperatura<\/td>\n<td width=\"96\">85\u00b0C, 30 dias<\/td>\n<td width=\"85\">dB\/km<\/td>\n<td width=\"85\">\u22640,03<\/td>\n<td width=\"85\">\u22640,05<\/td>\n<td width=\"85\">\u22640,05<\/td>\n<td width=\"75\">\u22640,05<\/td>\n<\/tr>\n<\/tbody>\n<\/table>\n<p>&nbsp;<\/p>\n<p><strong>Aplica\u00e7\u00e3o:<\/strong><\/p>\n<p>Rede de acesso<\/p>\n<p>Rede local (LAN)<\/p>\n<p>Cabeamento direto usado pelos usu\u00e1rios finais<\/p>\n<p>Sistema de comunica\u00e7\u00e3o de fibra \u00f3ptica<\/p>\n<p>Cabeamento e distribui\u00e7\u00e3o interna de FTTH (fibra at\u00e9 casa)<\/p>\n<p>&nbsp;<\/p>\n<p><strong>Uso ideal de cabo pendente FTTH interno plano borboleta<\/strong><\/p>\n<p>O cabo suspenso plano interno Butterfly \u00e9 amplamente utilizado em sistemas de rede de fibra para casa (FTTH), que pode conectar diretamente a linha de comunica\u00e7\u00e3o da LAN aos usu\u00e1rios finais. O cabo drop plano borboleta usa fibra especial de baixa sensibilidade \u00e0 curvatura para fornecer alta largura de banda e excelente transmiss\u00e3o de comunica\u00e7\u00e3o, \u00e9 muito adequado para cabeamento interno, cabeamento direto de usu\u00e1rios finais e rede de acesso.<\/p>\n<p><img fetchpriority=\"high\" decoding=\"async\" class=\"alignnone size-full wp-image-11754\" src=\"https:\/\/www.omccable.com\/wp-content\/uploads\/2024\/04\/FTTH-DROP-CABLE.png\" alt=\"FTTH DROP CABLE\" width=\"1100\" height=\"452\" srcset=\"https:\/\/www.omccable.com\/wp-content\/uploads\/2024\/04\/FTTH-DROP-CABLE.png 1100w, https:\/\/www.omccable.com\/wp-content\/uploads\/2024\/04\/FTTH-DROP-CABLE-300x123.png 300w, https:\/\/www.omccable.com\/wp-content\/uploads\/2024\/04\/FTTH-DROP-CABLE-800x329.png 800w, https:\/\/www.omccable.com\/wp-content\/uploads\/2024\/04\/FTTH-DROP-CABLE-768x316.png 768w\" sizes=\"(max-width: 1100px) 100vw, 1100px\" \/><\/p>","protected":false},"excerpt":{"rendered":"<p>12F Cabo drop plano totalmente diel\u00e9trico 4,0 \u00d7 6,0 mm - O tubo solto usa estrutura plana em borboleta, cuja unidade de fibra \u00f3ptica \u00e9 posicionada no tubo de perda central (tubo PBT). Dois membros de resist\u00eancia de fio de a\u00e7o F paralelos s\u00e3o colocados nos dois lados. Ent\u00e3o, o cabo \u00e9 completado com bainha PE.   Caracter\u00edstica Bom desempenho \u00e0 prova d'\u00e1gua Fibra especial de baixa sensibilidade \u00e0 curvatura fornece [...]<\/p>","protected":false},"featured_media":11775,"comment_status":"closed","ping_status":"closed","template":"","meta":{"site-sidebar-layout":"default","site-content-layout":"","ast-site-content-layout":"default","site-content-style":"default","site-sidebar-style":"default","ast-global-header-display":"","ast-banner-title-visibility":"","ast-main-header-display":"","ast-hfb-above-header-display":"","ast-hfb-below-header-display":"","ast-hfb-mobile-header-display":"","site-post-title":"","ast-breadcrumbs-content":"","ast-featured-img":"","footer-sml-layout":"","theme-transparent-header-meta":"default","adv-header-id-meta":"","stick-header-meta":"default","header-above-stick-meta":"","header-main-stick-meta":"","header-below-stick-meta":"","astra-migrate-meta-layouts":"set","ast-page-background-enabled":"default","ast-page-background-meta":{"desktop":{"background-color":"var(--ast-global-color-4)","background-image":"","background-repeat":"repeat","background-position":"center center","background-size":"auto","background-attachment":"scroll","background-type":"","background-media":"","overlay-type":"","overlay-color":"","overlay-gradient":""},"tablet":{"background-color":"","background-image":"","background-repeat":"repeat","background-position":"center center","background-size":"auto","background-attachment":"scroll","background-type":"","background-media":"","overlay-type":"","overlay-color":"","overlay-gradient":""},"mobile":{"background-color":"","background-image":"","background-repeat":"repeat","background-position":"center center","background-size":"auto","background-attachment":"scroll","background-type":"","background-media":"","overlay-type":"","overlay-color":"","overlay-gradient":""}},"ast-content-background-meta":{"desktop":{"background-color":"var(--ast-global-color-5)","background-image":"","background-repeat":"repeat","background-position":"center center","background-size":"auto","background-attachment":"scroll","background-type":"","background-media":"","overlay-type":"","overlay-color":"","overlay-gradient":""},"tablet":{"background-color":"var(--ast-global-color-5)","background-image":"","background-repeat":"repeat","background-position":"center center","background-size":"auto","background-attachment":"scroll","background-type":"","background-media":"","overlay-type":"","overlay-color":"","overlay-gradient":""},"mobile":{"background-color":"var(--ast-global-color-5)","background-image":"","background-repeat":"repeat","background-position":"center center","background-size":"auto","background-attachment":"scroll","background-type":"","background-media":"","overlay-type":"","overlay-color":"","overlay-gradient":""}}},"product_cat":[131,122],"product_tag":[],"class_list":{"0":"post-11773","1":"product","2":"type-product","3":"status-publish","4":"has-post-thumbnail","6":"product_cat-all-dielectric-flat-drop-cable","7":"product_cat-ftth-drop-cable","8":"desktop-align-left","9":"tablet-align-left","10":"mobile-align-left","11":"ast-product-gallery-layout-horizontal-slider","12":"ast-product-tabs-layout-horizontal","14":"first","15":"instock","16":"shipping-taxable","17":"product-type-simple"},"acf":[],"_links":{"self":[{"href":"https:\/\/www.omccable.com\/pt\/wp-json\/wp\/v2\/product\/11773","targetHints":{"allow":["GET"]}}],"collection":[{"href":"https:\/\/www.omccable.com\/pt\/wp-json\/wp\/v2\/product"}],"about":[{"href":"https:\/\/www.omccable.com\/pt\/wp-json\/wp\/v2\/types\/product"}],"replies":[{"embeddable":true,"href":"https:\/\/www.omccable.com\/pt\/wp-json\/wp\/v2\/comments?post=11773"}],"version-history":[{"count":2,"href":"https:\/\/www.omccable.com\/pt\/wp-json\/wp\/v2\/product\/11773\/revisions"}],"predecessor-version":[{"id":11777,"href":"https:\/\/www.omccable.com\/pt\/wp-json\/wp\/v2\/product\/11773\/revisions\/11777"}],"wp:featuredmedia":[{"embeddable":true,"href":"https:\/\/www.omccable.com\/pt\/wp-json\/wp\/v2\/media\/11775"}],"wp:attachment":[{"href":"https:\/\/www.omccable.com\/pt\/wp-json\/wp\/v2\/media?parent=11773"}],"wp:term":[{"taxonomy":"product_cat","embeddable":true,"href":"https:\/\/www.omccable.com\/pt\/wp-json\/wp\/v2\/product_cat?post=11773"},{"taxonomy":"product_tag","embeddable":true,"href":"https:\/\/www.omccable.com\/pt\/wp-json\/wp\/v2\/product_tag?post=11773"}],"curies":[{"name":"wp","href":"https:\/\/api.w.org\/{rel}","templated":true}]}}