{"id":11719,"date":"2024-07-24T14:13:12","date_gmt":"2024-07-24T06:13:12","guid":{"rendered":"https:\/\/www.omccable.com\/?post_type=product&#038;p=11719"},"modified":"2024-07-24T14:13:12","modified_gmt":"2024-07-24T06:13:12","slug":"hybrid-2-fibers1-5mmx2-cable","status":"publish","type":"product","link":"https:\/\/www.omccable.com\/pt\/produto\/hybrid-2-fibers1-5mmx2-cable\/","title":{"rendered":"H\u00edbrido 2 Fibras e Cabo 1,5mmx2"},"content":{"rendered":"<p>MAC <strong><b>H\u00edbrido 2 Fibras e 1,5mm<\/b><\/strong><strong><sup><b>2<\/b><\/sup><\/strong><strong><b>Cabo plano x2 <\/b><\/strong>\u00e9 um cabo de novo design que cont\u00e9m 2 cabos de fibra nua de 250um e 2 cabos de 1,5 mm<sup>2<\/sup>\u00a0cabo de alimenta\u00e7\u00e3o nele.  A jaqueta de materiais LSZH \u00e9 coberta para garantir a compacidade e o desempenho longitudinal de bloqueio de \u00e1gua.<\/p>\n<p>&nbsp;<\/p>\n<p><strong>Detalhe dos produtos:<\/strong><\/p>\n<table>\n<tbody>\n<tr>\n<td width=\"138\"><strong><b>Item<\/b><\/strong><\/td>\n<td width=\"144\"><strong><b>Conte\u00fado<\/b><\/strong><\/td>\n<td width=\"75\"><strong><b>Unidade<\/b><\/strong><\/td>\n<td width=\"316\"><strong><b>Valor<\/b><\/strong><\/td>\n<\/tr>\n<tr>\n<td rowspan=\"3\" width=\"138\">Fibra \u00d3ptica<\/td>\n<td width=\"144\">n\u00famero do modelo<\/td>\n<td width=\"75\">\/<\/td>\n<td width=\"316\">G657A2<\/td>\n<\/tr>\n<tr>\n<td width=\"144\">n\u00famero<\/td>\n<td width=\"75\">\/<\/td>\n<td width=\"316\">2<\/td>\n<\/tr>\n<tr>\n<td width=\"144\">Cor<\/td>\n<td width=\"75\">\/<\/td>\n<td width=\"316\">Azul, laranja<\/td>\n<\/tr>\n<tr>\n<td rowspan=\"4\" width=\"138\">Unidade de eletricidade<\/td>\n<td width=\"144\">n\u00famero<\/td>\n<td width=\"75\">\/<\/td>\n<td width=\"316\">(26\/0,25)-1,5 mm2 *2<\/td>\n<\/tr>\n<tr>\n<td width=\"144\">Material da jaqueta<\/td>\n<td width=\"75\">\/<\/td>\n<td width=\"316\">PEAD<\/td>\n<\/tr>\n<tr>\n<td width=\"144\">Cor da jaqueta<\/td>\n<td width=\"75\">\/<\/td>\n<td width=\"316\">preto, vermelho<\/td>\n<\/tr>\n<tr>\n<td width=\"144\">Di\u00e2metro<\/td>\n<td width=\"75\">mil\u00edmetros<\/td>\n<td width=\"316\">2,4\u00b10,2<\/td>\n<\/tr>\n<tr>\n<td rowspan=\"4\" width=\"138\">Jaqueta interna<\/td>\n<td width=\"144\">Di\u00e2metro<\/td>\n<td width=\"75\">mil\u00edmetros<\/td>\n<td width=\"316\">2,0\u00b10,2<\/td>\n<\/tr>\n<tr>\n<td width=\"144\">Materiais<\/td>\n<td width=\"75\">\/<\/td>\n<td width=\"316\">LSZH<\/td>\n<\/tr>\n<tr>\n<td width=\"144\">Cor<\/td>\n<td width=\"75\">\/<\/td>\n<td width=\"316\">preto<\/td>\n<\/tr>\n<tr>\n<td width=\"144\">Membro de for\u00e7a<\/td>\n<td width=\"75\">\/<\/td>\n<td width=\"316\">Fio de aramida<\/td>\n<\/tr>\n<tr>\n<td rowspan=\"3\" width=\"138\">Jaqueta externa<\/td>\n<td width=\"144\">Di\u00e2metro<\/td>\n<td width=\"75\">mil\u00edmetros<\/td>\n<td width=\"316\">4,3\u00b10,3*11,4\u00b10,5<\/td>\n<\/tr>\n<tr>\n<td width=\"144\">Materiais<\/td>\n<td width=\"75\">\/<\/td>\n<td width=\"316\">LSZH<\/td>\n<\/tr>\n<tr>\n<td width=\"144\">Cor<\/td>\n<td width=\"75\">\/<\/td>\n<td width=\"316\">Preto<\/td>\n<\/tr>\n<tr>\n<td colspan=\"2\" width=\"283\">Atenua\u00e7\u00e3o do cabo<\/td>\n<td width=\"75\">dB\/km<\/td>\n<td width=\"316\">\u2266 0,4 em 1310 nm, \u2266 0,3 em 1550 nm<\/td>\n<\/tr>\n<tr>\n<td colspan=\"2\" width=\"283\">Peso do cabo (aprox.)<\/td>\n<td width=\"75\">kg\/km<\/td>\n<td width=\"316\">84.1<\/td>\n<\/tr>\n<\/tbody>\n<\/table>\n<p>&nbsp;<\/p>\n<p><strong>Caracter\u00edsticas Mec\u00e2nicas e Ambientais<\/strong><\/p>\n<table>\n<tbody>\n<tr>\n<td width=\"362\"><strong><b>Itens<\/b><\/strong><\/td>\n<td width=\"128\"><strong><b>Unir<\/b><\/strong><\/td>\n<td width=\"184\"><strong><b>Especifica\u00e7\u00f5es<\/b><\/strong><\/td>\n<\/tr>\n<tr>\n<td width=\"362\">Tens\u00e3o \uff08Longo Prazo\uff09<\/td>\n<td width=\"128\">N<\/td>\n<td width=\"184\">150<\/td>\n<\/tr>\n<tr>\n<td width=\"362\">Tens\u00e3o \uff08Curto Prazo\uff09<\/td>\n<td width=\"128\">N<\/td>\n<td width=\"184\">450<\/td>\n<\/tr>\n<tr>\n<td width=\"362\">Esmagamento\uff08Longo Prazo\uff09<\/td>\n<td width=\"128\">N\/10cm<\/td>\n<td width=\"184\">300<\/td>\n<\/tr>\n<tr>\n<td width=\"362\">Esmagamento \uff08Curto Prazo\uff09<\/td>\n<td width=\"128\">N\/10cm<\/td>\n<td width=\"184\">1000<\/td>\n<\/tr>\n<tr>\n<td width=\"362\">Min. Raio de curvatura \uff08Din\u00e2mico\uff09<\/td>\n<td width=\"128\">mil\u00edmetros<\/td>\n<td width=\"184\">20D<\/td>\n<\/tr>\n<tr>\n<td width=\"362\">Min. Raio de curvatura (est\u00e1tico)<\/td>\n<td width=\"128\">mil\u00edmetros<\/td>\n<td width=\"184\">10D<\/td>\n<\/tr>\n<tr>\n<td width=\"362\">Temperatura de instala\u00e7\u00e3o<\/td>\n<td width=\"128\">\u2103<\/td>\n<td width=\"184\">-10~+50<\/td>\n<\/tr>\n<tr>\n<td width=\"362\">Temperatura operacional<\/td>\n<td width=\"128\">\u2103<\/td>\n<td width=\"184\">-20~+60<\/td>\n<\/tr>\n<tr>\n<td width=\"362\">Temperatura de armazenamento<\/td>\n<td width=\"128\">\u2103<\/td>\n<td width=\"184\">-20~+60<\/td>\n<\/tr>\n<\/tbody>\n<\/table>\n<p>&nbsp;<\/p>\n<p><strong><b>Par\u00e2metros t\u00e9cnicos de fibra \u00f3ptica-SM<\/b><\/strong><\/p>\n<table>\n<tbody>\n<tr>\n<td rowspan=\"2\" width=\"167\"><strong><b>Par\u00e2metro<\/b><\/strong><\/td>\n<td rowspan=\"2\" width=\"96\"><strong><b>Condi\u00e7\u00f5es<\/b><\/strong><\/td>\n<td rowspan=\"2\" width=\"85\"><strong><b>Unidades<\/b><\/strong><\/td>\n<td colspan=\"4\" width=\"330\"><strong><b>Valor<\/b><\/strong><\/td>\n<\/tr>\n<tr>\n<td width=\"85\"><strong><b>G652D<\/b><\/strong><\/td>\n<td width=\"85\"><strong><b>G657A1<\/b><\/strong><\/td>\n<td width=\"85\"><strong><b>G657A2<\/b><\/strong><\/td>\n<td width=\"75\"><strong><b>G657B3<\/b><\/strong><\/td>\n<\/tr>\n<tr>\n<td colspan=\"3\" width=\"349\"><strong><b>Especifica\u00e7\u00e3o \u00f3ptica<\/b><\/strong><\/td>\n<td colspan=\"4\" width=\"330\"><strong><b>\u3000<\/b><\/strong><\/td>\n<\/tr>\n<tr>\n<td rowspan=\"4\" width=\"167\">Atenua\u00e7\u00e3o<\/td>\n<td width=\"96\">1310nm<\/td>\n<td width=\"85\">dB\/km<\/td>\n<td width=\"85\">\u22640,350<\/td>\n<td width=\"85\">\u22640,350<\/td>\n<td width=\"85\">\u22640,350<\/td>\n<td width=\"75\">\u22640,350<\/td>\n<\/tr>\n<tr>\n<td width=\"96\">1383 nm<\/td>\n<td width=\"85\">dB\/km<\/td>\n<td width=\"85\">\u22640,330<\/td>\n<td width=\"85\">\u22640,350<\/td>\n<td width=\"85\">\u22640,350<\/td>\n<td width=\"75\">\u22640,350<\/td>\n<\/tr>\n<tr>\n<td width=\"96\">1550 nm<\/td>\n<td width=\"85\">dB\/km<\/td>\n<td width=\"85\">\u22640,210<\/td>\n<td width=\"85\">\u22640,210<\/td>\n<td width=\"85\">\u22640,210<\/td>\n<td width=\"75\">\u22640,210<\/td>\n<\/tr>\n<tr>\n<td width=\"96\">1625 nm<\/td>\n<td width=\"85\">dB\/km<\/td>\n<td width=\"85\">\u22640,240<\/td>\n<td width=\"85\">\u22640,230<\/td>\n<td width=\"85\">\u22640,230<\/td>\n<td width=\"75\">\u22640,230<\/td>\n<\/tr>\n<tr>\n<td rowspan=\"3\" width=\"167\">Atenua\u00e7\u00e3o versus comprimento de onda<\/td>\n<td width=\"96\">1310nm vs. 1285-1330 nm<\/td>\n<td width=\"85\">dB\/km<\/td>\n<td width=\"85\">\u22640,04<\/td>\n<td width=\"85\">\u22640,04<\/td>\n<td width=\"85\">\u22640,05<\/td>\n<td width=\"75\">\u22640,03<\/td>\n<\/tr>\n<tr>\n<td width=\"96\">1550 nm vs. 1525-1575 nm<\/td>\n<td width=\"85\">dB\/km<\/td>\n<td width=\"85\">\u22640,03<\/td>\n<td width=\"85\">\u22640,03<\/td>\n<td width=\"85\">\u22640,04<\/td>\n<td width=\"75\">\u22640,02<\/td>\n<\/tr>\n<tr>\n<td width=\"96\">1550 nm vs. 1480-1580 nm<\/td>\n<td width=\"85\">dB\/km<\/td>\n<td width=\"85\">\u22640,04<\/td>\n<td width=\"85\">\u2013<\/td>\n<td width=\"85\">\u2013<\/td>\n<td width=\"75\">\u2013<\/td>\n<\/tr>\n<tr>\n<td width=\"167\">Comprimento de onda de dispers\u00e3o zero<\/td>\n<td rowspan=\"2\" width=\"96\">\\<\/td>\n<td width=\"85\">nm<\/td>\n<td width=\"85\">1300-1324<\/td>\n<td width=\"85\">1300-1324<\/td>\n<td width=\"85\">1300-1324<\/td>\n<td width=\"75\">1300-1324<\/td>\n<\/tr>\n<tr>\n<td width=\"167\">Inclina\u00e7\u00e3o de Dispers\u00e3o Zero<\/td>\n<td width=\"85\">ps\/(nm<sup>2<\/sup>\u00b7km)<\/td>\n<td width=\"85\">0.073-0.092<\/td>\n<td width=\"85\">0.073-0.092<\/td>\n<td width=\"85\">0.073-0.092<\/td>\n<td width=\"75\">\u22640,092<\/td>\n<\/tr>\n<tr>\n<td rowspan=\"2\" width=\"167\">Dispers\u00e3o<\/td>\n<td width=\"96\">1550 nm<\/td>\n<td width=\"85\">ps\/(nm\u00b7km)<\/td>\n<td width=\"85\">13.3-18.6<\/td>\n<td width=\"85\">13.3-18.6<\/td>\n<td width=\"85\">13.3-18.6<\/td>\n<td width=\"75\">&nbsp;<\/td>\n<\/tr>\n<tr>\n<td width=\"96\">1625 nm<\/td>\n<td width=\"85\">ps\/(nm\u00b7km)<\/td>\n<td width=\"85\">17.2-23.7<\/td>\n<td width=\"85\">17.2-23.7<\/td>\n<td width=\"85\">17.2-23.7<\/td>\n<td width=\"75\">&nbsp;<\/td>\n<\/tr>\n<tr>\n<td colspan=\"2\" width=\"264\">Dispers\u00e3o do modo de polariza\u00e7\u00e3o (PMD)<\/td>\n<td width=\"85\">ps\/\u221akm<\/td>\n<td width=\"85\">\u22640,2<\/td>\n<td width=\"85\">\u22640,2<\/td>\n<td width=\"85\">\u22640,2<\/td>\n<td width=\"75\">\u22640,2<\/td>\n<\/tr>\n<tr>\n<td width=\"167\">Comprimento de onda de corte \u03bbcc<\/td>\n<td width=\"96\">\u2013<\/td>\n<td width=\"85\">nm<\/td>\n<td width=\"85\">\u22641260<\/td>\n<td width=\"85\">\u22641260<\/td>\n<td width=\"85\">\u22641260<\/td>\n<td width=\"75\">\u22641260<\/td>\n<\/tr>\n<tr>\n<td rowspan=\"2\" width=\"167\">Di\u00e2metro de campo modal (MFD)<\/td>\n<td width=\"96\">1310nm<\/td>\n<td width=\"85\">\u03bcm<\/td>\n<td width=\"85\">9,2\u00b10,4<\/td>\n<td width=\"85\">9,2\u00b10,4<\/td>\n<td width=\"85\">8,6\u00b10,4<\/td>\n<td width=\"75\">8,6\u00b10,4<\/td>\n<\/tr>\n<tr>\n<td width=\"96\">1550 nm<\/td>\n<td width=\"85\">\u03bcm<\/td>\n<td width=\"85\">10,4\u00b10,5<\/td>\n<td width=\"85\">10,4\u00b10,5<\/td>\n<td width=\"85\">9,6\u00b10,5<\/td>\n<td width=\"75\">9,6\u00b10,5<\/td>\n<\/tr>\n<tr>\n<td rowspan=\"2\" width=\"167\">Descontinuidade de Atenua\u00e7\u00e3o<\/td>\n<td width=\"96\">1310nm<\/td>\n<td width=\"85\">dB<\/td>\n<td width=\"85\">\u22640,03<\/td>\n<td width=\"85\">\u22640,03<\/td>\n<td width=\"85\">\u22640,03<\/td>\n<td width=\"75\">\u22640,03<\/td>\n<\/tr>\n<tr>\n<td width=\"96\">1550 nm<\/td>\n<td width=\"85\">dB<\/td>\n<td width=\"85\">\u22640,03<\/td>\n<td width=\"85\">\u22640,03<\/td>\n<td width=\"85\">\u22640,03<\/td>\n<td width=\"75\">\u22640,03<\/td>\n<\/tr>\n<tr>\n<td rowspan=\"2\" width=\"167\">Atenua\u00e7\u00e3o Bidirecional<\/td>\n<td width=\"96\">1310nm<\/td>\n<td width=\"85\">dB\/km<\/td>\n<td width=\"85\">\u22640,04<\/td>\n<td width=\"85\">&nbsp;<\/td>\n<td width=\"85\">&nbsp;<\/td>\n<td width=\"75\">\u22640,05<\/td>\n<\/tr>\n<tr>\n<td width=\"96\">1550 nm<\/td>\n<td width=\"85\">dB\/km<\/td>\n<td width=\"85\">\u22640,04<\/td>\n<td width=\"85\">&nbsp;<\/td>\n<td width=\"85\">&nbsp;<\/td>\n<td width=\"75\">\u22640,05<\/td>\n<\/tr>\n<tr>\n<td colspan=\"3\" width=\"349\"><strong><b>Geom\u00e9trico<\/b><\/strong><\/td>\n<td colspan=\"4\" width=\"330\">&nbsp;<\/td>\n<\/tr>\n<tr>\n<td colspan=\"2\" width=\"264\">Di\u00e2metro do revestimento<\/td>\n<td width=\"85\">\u03bcm<\/td>\n<td width=\"85\">125\u00b10,7<\/td>\n<td width=\"85\">125\u00b10,7<\/td>\n<td width=\"85\">125\u00b10,7<\/td>\n<td width=\"75\">125\u00b10,7<\/td>\n<\/tr>\n<tr>\n<td colspan=\"2\" width=\"264\">N\u00e3o Circularidade do Revestimento<\/td>\n<td width=\"85\">%<\/td>\n<td width=\"85\">\u22641,0<\/td>\n<td width=\"85\">\u22641,0<\/td>\n<td width=\"85\">\u22640,8<\/td>\n<td width=\"75\">\u22640,7<\/td>\n<\/tr>\n<tr>\n<td colspan=\"2\" width=\"264\">Erro de concentricidade do n\u00facleo\/revestimento<\/td>\n<td width=\"85\">\u03bcm<\/td>\n<td width=\"85\">\u22640,6<\/td>\n<td width=\"85\">\u22640,5<\/td>\n<td width=\"85\">\u22640,5<\/td>\n<td width=\"75\">\u22640,5<\/td>\n<\/tr>\n<tr>\n<td colspan=\"2\" rowspan=\"2\" width=\"264\">Di\u00e2metro do revestimento (sem cor)<\/td>\n<td width=\"85\">\u03bcm<\/td>\n<td colspan=\"4\" width=\"330\">242\u00b17 (padr\u00e3o)<\/td>\n<\/tr>\n<tr>\n<td width=\"85\">\u03bcm<\/td>\n<td colspan=\"4\" width=\"330\">200\u00b110 (opcional)<\/td>\n<\/tr>\n<tr>\n<td colspan=\"2\" width=\"264\">Erro de concentricidade do revestimento\/revestimento<\/td>\n<td width=\"85\">\u03bcm<\/td>\n<td width=\"85\">\u226412<\/td>\n<td width=\"85\">\u226412<\/td>\n<td width=\"85\">\u226412<\/td>\n<td width=\"75\">\u226412<\/td>\n<\/tr>\n<tr>\n<td colspan=\"2\" width=\"264\">Enrolar<\/td>\n<td width=\"85\">m<\/td>\n<td width=\"85\">\u22654<\/td>\n<td width=\"85\">\u22654<\/td>\n<td width=\"85\">\u22654<\/td>\n<td width=\"75\">\u22654<\/td>\n<\/tr>\n<tr>\n<td colspan=\"3\" width=\"349\"><strong><b>Ambiental (1550 nm, 1625 nm)<\/b><\/strong><\/td>\n<td colspan=\"4\" width=\"330\">&nbsp;<\/td>\n<\/tr>\n<tr>\n<td width=\"167\">Ciclagem de temperatura<\/td>\n<td width=\"96\">-60\u2103 a +85\u2103<\/td>\n<td width=\"85\">dB\/km<\/td>\n<td width=\"85\">\u22640,03<\/td>\n<td width=\"85\">\u22640,05<\/td>\n<td width=\"85\">\u22640,05<\/td>\n<td width=\"75\">\u22640,05<\/td>\n<\/tr>\n<tr>\n<td width=\"167\">Alta temperatura e<\/p>\n<p>Alta Umidade<\/td>\n<td width=\"96\">85\u2103, 85% RH, 30 dias<\/td>\n<td width=\"85\">dB\/km<\/td>\n<td width=\"85\">\u22640,03<\/td>\n<td width=\"85\">\u22640,05<\/td>\n<td width=\"85\">\u22640,05<\/td>\n<td width=\"75\">\u22640,05<\/td>\n<\/tr>\n<tr>\n<td width=\"167\">Imers\u00e3o em \u00c1gua<\/td>\n<td width=\"96\">23\u2103, 30 dias<\/td>\n<td width=\"85\">dB\/km<\/td>\n<td width=\"85\">\u22640,03<\/td>\n<td width=\"85\">\u22640,05<\/td>\n<td width=\"85\">\u22640,05<\/td>\n<td width=\"75\">\u22640,05<\/td>\n<\/tr>\n<tr>\n<td width=\"167\">Envelhecimento a alta temperatura<\/td>\n<td width=\"96\">85\u00b0C, 30 dias<\/td>\n<td width=\"85\">dB\/km<\/td>\n<td width=\"85\">\u22640,03<\/td>\n<td width=\"85\">\u22640,05<\/td>\n<td width=\"85\">\u22640,05<\/td>\n<td width=\"75\">\u22640,05<\/td>\n<\/tr>\n<\/tbody>\n<\/table>","protected":false},"excerpt":{"rendered":"<p>O cabo plano h\u00edbrido de 2 fibras e 1,5 mm2 x 2 da OMC \u00e9 um cabo de novo design que cont\u00e9m 2 cabos de fibra nua de 250um e 2 cabos de alimenta\u00e7\u00e3o de 1,5 mm2.  A jaqueta de materiais LSZH \u00e9 coberta para garantir a compacidade e o desempenho longitudinal de bloqueio de \u00e1gua.   Detalhe dos produtos: Conte\u00fado do item Valor unit\u00e1rio N\u00famero do modelo de fibra \u00f3ptica \/ N\u00famero G657A2 \/ 2 cores \/ Azul, [\u2026]<\/p>","protected":false},"featured_media":11721,"comment_status":"closed","ping_status":"closed","template":"","meta":{"site-sidebar-layout":"default","site-content-layout":"","ast-site-content-layout":"default","site-content-style":"default","site-sidebar-style":"default","ast-global-header-display":"","ast-banner-title-visibility":"","ast-main-header-display":"","ast-hfb-above-header-display":"","ast-hfb-below-header-display":"","ast-hfb-mobile-header-display":"","site-post-title":"","ast-breadcrumbs-content":"","ast-featured-img":"","footer-sml-layout":"","theme-transparent-header-meta":"default","adv-header-id-meta":"","stick-header-meta":"default","header-above-stick-meta":"","header-main-stick-meta":"","header-below-stick-meta":"","astra-migrate-meta-layouts":"set","ast-page-background-enabled":"default","ast-page-background-meta":{"desktop":{"background-color":"var(--ast-global-color-4)","background-image":"","background-repeat":"repeat","background-position":"center center","background-size":"auto","background-attachment":"scroll","background-type":"","background-media":"","overlay-type":"","overlay-color":"","overlay-gradient":""},"tablet":{"background-color":"","background-image":"","background-repeat":"repeat","background-position":"center center","background-size":"auto","background-attachment":"scroll","background-type":"","background-media":"","overlay-type":"","overlay-color":"","overlay-gradient":""},"mobile":{"background-color":"","background-image":"","background-repeat":"repeat","background-position":"center center","background-size":"auto","background-attachment":"scroll","background-type":"","background-media":"","overlay-type":"","overlay-color":"","overlay-gradient":""}},"ast-content-background-meta":{"desktop":{"background-color":"var(--ast-global-color-5)","background-image":"","background-repeat":"repeat","background-position":"center center","background-size":"auto","background-attachment":"scroll","background-type":"","background-media":"","overlay-type":"","overlay-color":"","overlay-gradient":""},"tablet":{"background-color":"var(--ast-global-color-5)","background-image":"","background-repeat":"repeat","background-position":"center center","background-size":"auto","background-attachment":"scroll","background-type":"","background-media":"","overlay-type":"","overlay-color":"","overlay-gradient":""},"mobile":{"background-color":"var(--ast-global-color-5)","background-image":"","background-repeat":"repeat","background-position":"center center","background-size":"auto","background-attachment":"scroll","background-type":"","background-media":"","overlay-type":"","overlay-color":"","overlay-gradient":""}}},"product_cat":[160,159,130],"product_tag":[],"class_list":{"0":"post-11719","1":"product","2":"type-product","3":"status-publish","4":"has-post-thumbnail","6":"product_cat-fiber-electronic-cable","7":"product_cat-fibercopper-cable","8":"product_cat-hybrid-cable","9":"desktop-align-left","10":"tablet-align-left","11":"mobile-align-left","12":"ast-product-gallery-layout-horizontal-slider","13":"ast-product-tabs-layout-horizontal","15":"first","16":"instock","17":"shipping-taxable","18":"product-type-simple"},"acf":[],"_links":{"self":[{"href":"https:\/\/www.omccable.com\/pt\/wp-json\/wp\/v2\/product\/11719","targetHints":{"allow":["GET"]}}],"collection":[{"href":"https:\/\/www.omccable.com\/pt\/wp-json\/wp\/v2\/product"}],"about":[{"href":"https:\/\/www.omccable.com\/pt\/wp-json\/wp\/v2\/types\/product"}],"replies":[{"embeddable":true,"href":"https:\/\/www.omccable.com\/pt\/wp-json\/wp\/v2\/comments?post=11719"}],"version-history":[{"count":2,"href":"https:\/\/www.omccable.com\/pt\/wp-json\/wp\/v2\/product\/11719\/revisions"}],"predecessor-version":[{"id":11723,"href":"https:\/\/www.omccable.com\/pt\/wp-json\/wp\/v2\/product\/11719\/revisions\/11723"}],"wp:featuredmedia":[{"embeddable":true,"href":"https:\/\/www.omccable.com\/pt\/wp-json\/wp\/v2\/media\/11721"}],"wp:attachment":[{"href":"https:\/\/www.omccable.com\/pt\/wp-json\/wp\/v2\/media?parent=11719"}],"wp:term":[{"taxonomy":"product_cat","embeddable":true,"href":"https:\/\/www.omccable.com\/pt\/wp-json\/wp\/v2\/product_cat?post=11719"},{"taxonomy":"product_tag","embeddable":true,"href":"https:\/\/www.omccable.com\/pt\/wp-json\/wp\/v2\/product_tag?post=11719"}],"curies":[{"name":"wp","href":"https:\/\/api.w.org\/{rel}","templated":true}]}}