{"id":11667,"date":"2024-07-22T14:55:34","date_gmt":"2024-07-22T06:55:34","guid":{"rendered":"https:\/\/www.omccable.com\/?post_type=product&#038;p=11667"},"modified":"2024-07-22T14:55:34","modified_gmt":"2024-07-22T06:55:34","slug":"12f-double-sheath-micro-fiber-cable-5-0mm","status":"publish","type":"product","link":"https:\/\/www.omccable.com\/pt\/produto\/12f-double-sheath-micro-fiber-cable-5-0mm\/","title":{"rendered":"Cabo de microfibra com bainha dupla 12F 5,0mm"},"content":{"rendered":"<p>Nos MAC <strong><b>Cabo de microfibra com bainha dupla 12F 5<\/b><\/strong><strong><b>.<\/b><\/strong><strong><b>0mm<\/b><\/strong>, 12 unidades de subfibra monomodo\/multimodo codificada por cores 250um como meio de comunica\u00e7\u00e3o \u00f3ptica, as fibras nuas envoltas com uma camada de fio de aramida mais um LSZH como bainha interna. Em seguida, uma camada de fio de aramida cobriu a jaqueta interna. Para oferecer melhor prote\u00e7\u00e3o. Adicionamos mais uma bainha LSZH para finalizar o cabo.<\/p>\n<p>&nbsp;<\/p>\n<p><strong><b>Recursos<\/b><\/strong><strong><b>\uff1a<\/b><\/strong><\/p>\n<p>Constru\u00e7\u00e3o n\u00e3o met\u00e1lica<\/p>\n<p>Di\u00e2metro externo pequeno, leve, f\u00e1cil de remover, baixa atenua\u00e7\u00e3o, fisicamente macio<\/p>\n<p>Resist\u00eancia \u00e0 tra\u00e7\u00e3o e estabilidade de transmiss\u00e3o de sinal a longo prazo melhoradas pelo componente de fio de aramida<\/p>\n<p>Conveniente para instala\u00e7\u00e3o, opera\u00e7\u00e3o e manuten\u00e7\u00e3o<\/p>\n<p>&nbsp;<\/p>\n<p><strong>Fora da bainha Cor<\/strong><\/p>\n<table>\n<tbody>\n<tr>\n<td width=\"109\"><strong><b>Modo Fibra<\/b><\/strong><\/td>\n<td width=\"107\">SM<\/td>\n<td width=\"98\">SM<\/td>\n<td width=\"99\">SM<\/td>\n<td width=\"89\">SM<\/td>\n<td width=\"108\">OM2<\/td>\n<td width=\"74\">OM3<\/td>\n<\/tr>\n<tr>\n<td width=\"109\"><strong><b>Cor<\/b><\/strong><\/td>\n<td width=\"107\">Amarelo<\/td>\n<td width=\"98\">Azul<\/td>\n<td width=\"99\">Branco<\/td>\n<td width=\"89\">Marfim<\/td>\n<td width=\"108\">Laranja<\/td>\n<td width=\"74\">\u00c1gua<\/td>\n<\/tr>\n<tr>\n<td width=\"109\"><strong><b>Modo Fibra<\/b><\/strong><\/td>\n<td width=\"107\">OM4<\/td>\n<td width=\"98\">OM4<\/td>\n<td width=\"99\">OM4<\/td>\n<td width=\"89\">OM4<\/td>\n<td width=\"108\">OM5<\/td>\n<td width=\"74\">OM1<\/td>\n<\/tr>\n<tr>\n<td width=\"109\"><strong><b>Cor<\/b><\/strong><\/td>\n<td width=\"107\">Magenta<\/td>\n<td width=\"98\">Roxo<\/td>\n<td width=\"99\">\u00c1gua<\/td>\n<td width=\"89\">Violeta<\/td>\n<td width=\"108\">Verde Lim\u00e3o<\/td>\n<td width=\"74\">Laranja<\/td>\n<\/tr>\n<\/tbody>\n<\/table>\n<p>&nbsp;<\/p>\n<p><strong>Desempenho retardador de chama<\/strong><\/p>\n<table>\n<tbody>\n<tr>\n<td width=\"120\"><strong><b>Cabo<\/b><\/strong><strong><b>\u00a0materiais<\/b><\/strong><\/td>\n<td width=\"567\"><strong><b>Padr\u00e3o<\/b><\/strong><\/td>\n<\/tr>\n<tr>\n<td width=\"120\">LSZH<\/td>\n<td width=\"567\">CPR: Bca, Cca, Dca, Eca Ou IEC60332-1, IEC 60332-3 De acordo com a demanda do cliente<\/td>\n<\/tr>\n<tr>\n<td width=\"120\">PVC<\/td>\n<td width=\"567\">UL-94V0<\/td>\n<\/tr>\n<\/tbody>\n<\/table>\n<p><strong>\u00a0<\/strong><\/p>\n<p><strong>Detalhe dos produtos:<\/strong><\/p>\n<table>\n<tbody>\n<tr>\n<td colspan=\"2\" width=\"249\"><strong><b>Item<\/b><\/strong><\/td>\n<td width=\"443\"><strong><b>Par\u00e2metros<\/b><\/strong><\/td>\n<\/tr>\n<tr>\n<td width=\"143\">Tipo de fibra<\/td>\n<td width=\"106\">&nbsp;<\/td>\n<td width=\"443\">G652D,G655,G657A1,G657A2,G657B3,OM1,OM2,OM3,OM4,OM5<\/td>\n<\/tr>\n<tr>\n<td width=\"143\">Contagem de fibras<\/td>\n<td width=\"106\">&nbsp;<\/td>\n<td width=\"443\">8-12<\/td>\n<\/tr>\n<tr>\n<td rowspan=\"2\" width=\"143\">Bainha interna<\/td>\n<td width=\"106\">Materiais<\/td>\n<td width=\"443\">LSZH ou PVC<\/td>\n<\/tr>\n<tr>\n<td width=\"106\">DO<\/td>\n<td width=\"443\">3,0\u00b10,05(mm):12F<\/td>\n<\/tr>\n<tr>\n<td width=\"143\">Membro de For\u00e7a<\/td>\n<td width=\"106\">Materiais<\/td>\n<td width=\"443\">Fio de Aramida<\/td>\n<\/tr>\n<tr>\n<td rowspan=\"2\" width=\"143\">Bainha Externa<\/td>\n<td width=\"106\">DO<\/td>\n<td width=\"443\">5,0\u00b10,2(mm)<\/td>\n<\/tr>\n<tr>\n<td width=\"106\">Materiais<\/td>\n<td width=\"443\">LSZH ou PVC<\/td>\n<\/tr>\n<\/tbody>\n<\/table>\n<p>&nbsp;<\/p>\n<p><strong><b>Desempenho Mec\u00e2nico e Ambiental<\/b><\/strong><\/p>\n<table>\n<tbody>\n<tr>\n<td width=\"228\"><strong>Item<\/strong><\/td>\n<td width=\"206\"><strong>Conte\u00fado<\/strong><\/td>\n<td width=\"245\"><strong>Valor<\/strong><\/td>\n<\/tr>\n<tr>\n<td rowspan=\"2\" width=\"228\">M\u00e1x. carga de tra\u00e7\u00e3o<\/td>\n<td width=\"206\">Curto prazo<\/td>\n<td width=\"245\">300N<\/td>\n<\/tr>\n<tr>\n<td width=\"206\">Longo prazo<\/td>\n<td width=\"245\">160N<\/td>\n<\/tr>\n<tr>\n<td rowspan=\"2\" width=\"228\">M\u00e1x. resist\u00eancia ao esmagamento<\/td>\n<td width=\"206\">Curto prazo<\/td>\n<td width=\"245\">1000N\/100mm<\/td>\n<\/tr>\n<tr>\n<td width=\"206\">Longo prazo<\/td>\n<td width=\"245\">300N\/100mm<\/td>\n<\/tr>\n<tr>\n<td rowspan=\"2\" width=\"228\">Min. raio de curvatura<\/td>\n<td width=\"206\">Instala\u00e7\u00e3o<\/td>\n<td width=\"245\">40 x di\u00e2metro do cabo<\/td>\n<\/tr>\n<tr>\n<td width=\"206\">Opera\u00e7\u00e3o<\/td>\n<td width=\"245\">20 x di\u00e2metro do cabo<\/td>\n<\/tr>\n<tr>\n<td rowspan=\"3\" width=\"228\">Faixa de temperatura<\/td>\n<td width=\"206\">Opera\u00e7\u00e3o<\/td>\n<td width=\"245\">-20\u2103 ~ +70\u2103<\/td>\n<\/tr>\n<tr>\n<td width=\"206\">Instala\u00e7\u00e3o<\/td>\n<td width=\"245\">-20\u2103 ~ +60\u2103<\/td>\n<\/tr>\n<tr>\n<td width=\"206\">Armazenamento\/transporte<\/td>\n<td width=\"245\">-20\u2103 ~ +70\u2103<\/td>\n<\/tr>\n<\/tbody>\n<\/table>\n<p>&nbsp;<\/p>\n<p><strong><b>Par\u00e2metros t\u00e9cnicos de fibra \u00f3ptica-SM<\/b><\/strong><\/p>\n<table>\n<tbody>\n<tr>\n<td rowspan=\"2\" width=\"165\"><strong><b>Par\u00e2metro<\/b><\/strong><\/td>\n<td rowspan=\"2\" width=\"111\"><strong><b>Condi\u00e7\u00f5es<\/b><\/strong><\/td>\n<td rowspan=\"2\" width=\"92\"><strong><b>Unidades<\/b><\/strong><\/td>\n<td colspan=\"4\" width=\"311\"><strong><b>Valor<\/b><\/strong><\/td>\n<\/tr>\n<tr>\n<td width=\"79\"><strong><b>G652D<\/b><\/strong><\/td>\n<td width=\"79\"><strong><b>G657A1<\/b><\/strong><\/td>\n<td width=\"79\"><strong><b>G657A2<\/b><\/strong><\/td>\n<td width=\"72\"><strong><b>G657B3<\/b><\/strong><\/td>\n<\/tr>\n<tr>\n<td colspan=\"3\" width=\"369\"><strong><b>Especifica\u00e7\u00e3o \u00f3ptica<\/b><\/strong><\/td>\n<td colspan=\"4\" width=\"311\">&nbsp;<\/td>\n<\/tr>\n<tr>\n<td rowspan=\"6\" width=\"165\">Atenua\u00e7\u00e3o<\/td>\n<td width=\"111\">850 nm<\/td>\n<td width=\"92\">dB\/km<\/td>\n<td width=\"79\">\u2013<\/td>\n<td width=\"79\">\u2013<\/td>\n<td width=\"79\">\u2013<\/td>\n<td width=\"72\">\u2013<\/td>\n<\/tr>\n<tr>\n<td width=\"111\">1300 nm<\/td>\n<td width=\"92\">dB\/km<\/td>\n<td width=\"79\">\u2013<\/td>\n<td width=\"79\">\u2013<\/td>\n<td width=\"79\">\u2013<\/td>\n<td width=\"72\">\u2013<\/td>\n<\/tr>\n<tr>\n<td width=\"111\">1310nm<\/td>\n<td width=\"92\">dB\/km<\/td>\n<td width=\"79\">\u22640,350<\/td>\n<td width=\"79\">\u22640,350<\/td>\n<td width=\"79\">\u22640,350<\/td>\n<td width=\"72\">\u22640,350<\/td>\n<\/tr>\n<tr>\n<td width=\"111\">1383 nm<\/td>\n<td width=\"92\">dB\/km<\/td>\n<td width=\"79\">\u22640,330<\/td>\n<td width=\"79\">\u22640,350<\/td>\n<td width=\"79\">\u22640,350<\/td>\n<td width=\"72\">\u22640,350<\/td>\n<\/tr>\n<tr>\n<td width=\"111\">1550 nm<\/td>\n<td width=\"92\">dB\/km<\/td>\n<td width=\"79\">\u22640,210<\/td>\n<td width=\"79\">\u22640,210<\/td>\n<td width=\"79\">\u22640,210<\/td>\n<td width=\"72\">\u22640,210<\/td>\n<\/tr>\n<tr>\n<td width=\"111\">1625 nm<\/td>\n<td width=\"92\">dB\/km<\/td>\n<td width=\"79\">\u22640,240<\/td>\n<td width=\"79\">\u22640,230<\/td>\n<td width=\"79\">\u22640,230<\/td>\n<td width=\"72\">\u22640,230<\/td>\n<\/tr>\n<tr>\n<td rowspan=\"3\" width=\"165\">Atenua\u00e7\u00e3o versus comprimento de onda<\/td>\n<td width=\"111\">1310nm vs. 1285-1330 nm<\/td>\n<td width=\"92\">dB\/km<\/td>\n<td width=\"79\">\u22640,04<\/td>\n<td width=\"79\">\u22640,04<\/td>\n<td width=\"79\">\u22640,05<\/td>\n<td width=\"72\">\u22640,03<\/td>\n<\/tr>\n<tr>\n<td width=\"111\">1550 nm vs. 1525-1575 nm<\/td>\n<td width=\"92\">dB\/km<\/td>\n<td width=\"79\">\u22640,03<\/td>\n<td width=\"79\">\u22640,03<\/td>\n<td width=\"79\">\u22640,04<\/td>\n<td width=\"72\">\u22640,02<\/td>\n<\/tr>\n<tr>\n<td width=\"111\">1550 nm vs. 1480-1580 nm<\/td>\n<td width=\"92\">dB\/km<\/td>\n<td width=\"79\">\u22640,04<\/td>\n<td width=\"79\">\u2013<\/td>\n<td width=\"79\">\u2013<\/td>\n<td width=\"72\">\u2013<\/td>\n<\/tr>\n<tr>\n<td width=\"165\">Comprimento de onda de dispers\u00e3o zero<\/td>\n<td rowspan=\"2\" width=\"111\">\\<\/td>\n<td width=\"92\">nm<\/td>\n<td width=\"79\">1300-1324<\/td>\n<td width=\"79\">1300-1324<\/td>\n<td width=\"79\">1300-1324<\/td>\n<td width=\"72\">1300-1324<\/td>\n<\/tr>\n<tr>\n<td width=\"165\">Inclina\u00e7\u00e3o de Dispers\u00e3o Zero<\/td>\n<td width=\"92\">ps\/(nm<sup>2<\/sup>\u00b7km)<\/td>\n<td width=\"79\">0.073-0.092<\/td>\n<td width=\"79\">0.073-0.092<\/td>\n<td width=\"79\">0.073-0.092<\/td>\n<td width=\"72\">\u22640,092<\/td>\n<\/tr>\n<tr>\n<td rowspan=\"2\" width=\"165\">Dispers\u00e3o<\/td>\n<td width=\"111\">1550 nm<\/td>\n<td width=\"92\">ps\/(nm\u00b7km)<\/td>\n<td width=\"79\">13.3-18.6<\/td>\n<td width=\"79\">13.3-18.6<\/td>\n<td width=\"79\">13.3-18.6<\/td>\n<td width=\"72\">&nbsp;<\/td>\n<\/tr>\n<tr>\n<td width=\"111\">1625 nm<\/td>\n<td width=\"92\">ps\/(nm\u00b7km)<\/td>\n<td width=\"79\">17.2-23.7<\/td>\n<td width=\"79\">17.2-23.7<\/td>\n<td width=\"79\">17.2-23.7<\/td>\n<td width=\"72\">&nbsp;<\/td>\n<\/tr>\n<tr>\n<td colspan=\"2\" width=\"277\">Dispers\u00e3o do modo de polariza\u00e7\u00e3o (PMD)<\/td>\n<td width=\"92\">ps\/\u221akm<\/td>\n<td width=\"79\">\u22640,2<\/td>\n<td width=\"79\">\u22640,2<\/td>\n<td width=\"79\">\u22640,2<\/td>\n<td width=\"72\">\u22640,2<\/td>\n<\/tr>\n<tr>\n<td width=\"165\">Comprimento de onda de corte \u03bbcc<\/td>\n<td width=\"111\">\u2013<\/td>\n<td width=\"92\">nm<\/td>\n<td width=\"79\">\u22641260<\/td>\n<td width=\"79\">\u22641260<\/td>\n<td width=\"79\">\u22641260<\/td>\n<td width=\"72\">\u22641260<\/td>\n<\/tr>\n<tr>\n<td rowspan=\"2\" width=\"165\">Di\u00e2metro de campo modal (MFD)<\/td>\n<td width=\"111\">1310nm<\/td>\n<td width=\"92\">\u03bcm<\/td>\n<td width=\"79\">9,2\u00b10,4<\/td>\n<td width=\"79\">9,2\u00b10,4<\/td>\n<td width=\"79\">8,6\u00b10,4<\/td>\n<td width=\"72\">8,6\u00b10,4<\/td>\n<\/tr>\n<tr>\n<td width=\"111\">1550 nm<\/td>\n<td width=\"92\">\u03bcm<\/td>\n<td width=\"79\">10,4\u00b10,5<\/td>\n<td width=\"79\">10,4\u00b10,5<\/td>\n<td width=\"79\">9,6\u00b10,5<\/td>\n<td width=\"72\">9,6\u00b10,5<\/td>\n<\/tr>\n<tr>\n<td rowspan=\"2\" width=\"165\">Descontinuidade de Atenua\u00e7\u00e3o<\/td>\n<td width=\"111\">1310nm<\/td>\n<td width=\"92\">dB<\/td>\n<td width=\"79\">\u22640,03<\/td>\n<td width=\"79\">\u22640,03<\/td>\n<td width=\"79\">\u22640,03<\/td>\n<td width=\"72\">\u22640,03<\/td>\n<\/tr>\n<tr>\n<td width=\"111\">1550 nm<\/td>\n<td width=\"92\">dB<\/td>\n<td width=\"79\">\u22640,03<\/td>\n<td width=\"79\">\u22640,03<\/td>\n<td width=\"79\">\u22640,03<\/td>\n<td width=\"72\">\u22640,03<\/td>\n<\/tr>\n<tr>\n<td rowspan=\"2\" width=\"165\">Atenua\u00e7\u00e3o Bidirecional<\/td>\n<td width=\"111\">1310nm<\/td>\n<td width=\"92\">dB\/km<\/td>\n<td width=\"79\">\u22640,04<\/td>\n<td width=\"79\">&nbsp;<\/td>\n<td width=\"79\">&nbsp;<\/td>\n<td width=\"72\">\u22640,05<\/td>\n<\/tr>\n<tr>\n<td width=\"111\">1550 nm<\/td>\n<td width=\"92\">dB\/km<\/td>\n<td width=\"79\">\u22640,04<\/td>\n<td width=\"79\">&nbsp;<\/td>\n<td width=\"79\">&nbsp;<\/td>\n<td width=\"72\">\u22640,05<\/td>\n<\/tr>\n<tr>\n<td colspan=\"3\" width=\"369\"><strong><b>Geom\u00e9trico<\/b><\/strong><\/td>\n<td colspan=\"4\" width=\"311\">&nbsp;<\/td>\n<\/tr>\n<tr>\n<td colspan=\"2\" width=\"277\">Di\u00e2metro do revestimento<\/td>\n<td width=\"92\">\u03bcm<\/td>\n<td width=\"79\">125\u00b10,7<\/td>\n<td width=\"79\">125\u00b10,7<\/td>\n<td width=\"79\">125\u00b10,7<\/td>\n<td width=\"72\">125\u00b10,7<\/td>\n<\/tr>\n<tr>\n<td colspan=\"2\" width=\"277\">N\u00e3o Circularidade do Revestimento<\/td>\n<td width=\"92\">%<\/td>\n<td width=\"79\">\u22641,0<\/td>\n<td width=\"79\">\u22641,0<\/td>\n<td width=\"79\">\u22640,8<\/td>\n<td width=\"72\">\u22640,7<\/td>\n<\/tr>\n<tr>\n<td colspan=\"2\" width=\"277\">Erro de concentricidade do n\u00facleo\/revestimento<\/td>\n<td width=\"92\">\u03bcm<\/td>\n<td width=\"79\">\u22640,6<\/td>\n<td width=\"79\">\u22640,5<\/td>\n<td width=\"79\">\u22640,5<\/td>\n<td width=\"72\">\u22640,5<\/td>\n<\/tr>\n<tr>\n<td colspan=\"2\" rowspan=\"2\" width=\"277\">Di\u00e2metro do revestimento (sem cor)<\/td>\n<td width=\"92\">\u03bcm<\/td>\n<td colspan=\"4\" width=\"311\">242\u00b17 (padr\u00e3o)<\/td>\n<\/tr>\n<tr>\n<td width=\"92\">\u03bcm<\/td>\n<td colspan=\"4\" width=\"311\">200\u00b110 (opcional)<\/td>\n<\/tr>\n<tr>\n<td colspan=\"2\" width=\"277\">Erro de concentricidade do revestimento\/revestimento<\/td>\n<td width=\"92\">\u03bcm<\/td>\n<td width=\"79\">\u226412<\/td>\n<td width=\"79\">\u226412<\/td>\n<td width=\"79\">\u226412<\/td>\n<td width=\"72\">\u226412<\/td>\n<\/tr>\n<tr>\n<td colspan=\"2\" width=\"277\">Enrolar<\/td>\n<td width=\"92\">m<\/td>\n<td width=\"79\">\u22654<\/td>\n<td width=\"79\">\u22654<\/td>\n<td width=\"79\">\u22654<\/td>\n<td width=\"72\">\u22654<\/td>\n<\/tr>\n<tr>\n<td colspan=\"3\" width=\"369\"><strong><b>Ambiental (1550 nm, 1625 nm)<\/b><\/strong><\/td>\n<td colspan=\"4\" width=\"311\">&nbsp;<\/td>\n<\/tr>\n<tr>\n<td width=\"165\">Ciclagem de temperatura<\/td>\n<td width=\"111\">-60\u2103 a +85\u2103<\/td>\n<td width=\"92\">dB\/km<\/td>\n<td width=\"79\">\u22640,03<\/td>\n<td width=\"79\">\u22640,05<\/td>\n<td width=\"79\">\u22640,05<\/td>\n<td width=\"72\">\u22640,05<\/td>\n<\/tr>\n<tr>\n<td width=\"165\">Alta temperatura e<\/p>\n<p>Alta Umidade<\/td>\n<td width=\"111\">85\u2103, 85% RH, 30 dias<\/td>\n<td width=\"92\">dB\/km<\/td>\n<td width=\"79\">\u22640,03<\/td>\n<td width=\"79\">\u22640,05<\/td>\n<td width=\"79\">\u22640,05<\/td>\n<td width=\"72\">\u22640,05<\/td>\n<\/tr>\n<tr>\n<td width=\"165\">Imers\u00e3o em \u00c1gua<\/td>\n<td width=\"111\">23\u2103, 30 dias<\/td>\n<td width=\"92\">dB\/km<\/td>\n<td width=\"79\">\u22640,03<\/td>\n<td width=\"79\">\u22640,05<\/td>\n<td width=\"79\">\u22640,05<\/td>\n<td width=\"72\">\u22640,05<\/td>\n<\/tr>\n<tr>\n<td width=\"165\">Envelhecimento a alta temperatura<\/td>\n<td width=\"111\">85\u00b0C, 30 dias<\/td>\n<td width=\"92\">dB\/km<\/td>\n<td width=\"79\">\u22640,03<\/td>\n<td width=\"79\">\u22640,05<\/td>\n<td width=\"79\">\u22640,05<\/td>\n<td width=\"72\">\u22640,05<\/td>\n<\/tr>\n<\/tbody>\n<\/table>\n<p><strong><b>\u00a0<\/b><\/strong><\/p>\n<p><strong><b>Par\u00e2metros t\u00e9cnicos de fibra \u00f3ptica-MM<\/b><\/strong><\/p>\n<table>\n<tbody>\n<tr>\n<td rowspan=\"2\" width=\"186\"><strong><b>Recursos<\/b><\/strong><\/td>\n<td rowspan=\"2\" width=\"94\"><strong><b>Condi\u00e7\u00f5es<\/b><\/strong><\/td>\n<td rowspan=\"2\" width=\"76\"><strong><b>unidade<\/b><\/strong><\/td>\n<td colspan=\"5\" width=\"343\"><strong><b>Valor<\/b><\/strong><\/td>\n<\/tr>\n<tr>\n<td width=\"85\"><strong><b>OM1<\/b><\/strong><\/td>\n<td width=\"91\"><strong><b>OM2<\/b><\/strong><\/td>\n<td width=\"57\"><strong><b>OM2+<\/b><\/strong><\/td>\n<td width=\"53\"><strong><b>OM3<\/b><\/strong><\/td>\n<td width=\"54\"><strong><b>OM4<\/b><\/strong><\/td>\n<\/tr>\n<tr>\n<td colspan=\"8\" width=\"700\"><strong><b>\u00d3ptica <\/b><\/strong><strong><b>Caracter\u00edsticas<\/b><\/strong><\/td>\n<\/tr>\n<tr>\n<td rowspan=\"2\" width=\"186\">Atenua\u00e7\u00e3o<\/td>\n<td width=\"94\">850 nm<\/td>\n<td width=\"76\">dB\/km<\/td>\n<td width=\"85\">\u22642,70~\u22643,00<\/td>\n<td width=\"91\">\u22642,50<\/td>\n<td width=\"57\">\u22642,50<\/td>\n<td width=\"53\">\u22642,50<\/td>\n<td width=\"54\">\u22642,50<\/td>\n<\/tr>\n<tr>\n<td width=\"94\">1300 nm<\/td>\n<td width=\"76\">dB\/km<\/td>\n<td width=\"85\">\u22640,60~\u22641,00<\/td>\n<td width=\"91\">\u22640,70<\/td>\n<td width=\"57\">\u22640,70<\/td>\n<td width=\"53\">\u22640,70<\/td>\n<td width=\"54\">\u22640,70<\/td>\n<\/tr>\n<tr>\n<td rowspan=\"2\" width=\"186\">Largura de banda modal m\u00ednima<\/td>\n<td width=\"94\">850 nm<\/td>\n<td width=\"76\">MHz.km<\/td>\n<td width=\"85\">\u2265200~\u2265100<\/td>\n<td width=\"91\">\u2265500~\u2265200<\/td>\n<td width=\"57\">\u2013<\/td>\n<td width=\"53\">\u2013<\/td>\n<td width=\"54\">\u2013<\/td>\n<\/tr>\n<tr>\n<td width=\"94\">1300 nm<\/td>\n<td width=\"76\">MHz.km<\/td>\n<td width=\"85\">\u2265600~\u2265160<\/td>\n<td width=\"91\">\u22651200~\u2265400<\/td>\n<td width=\"57\">\u2013<\/td>\n<td width=\"53\">\u2013<\/td>\n<td width=\"54\">\u2013<\/td>\n<\/tr>\n<tr>\n<td rowspan=\"2\" width=\"186\">Largura de banda de lan\u00e7amento sobrecarregada<\/td>\n<td width=\"94\">850 nm<\/td>\n<td width=\"76\">MHz.km<\/td>\n<td width=\"85\">\u2013<\/td>\n<td width=\"91\">\u2013<\/td>\n<td width=\"57\">\u2265700<\/td>\n<td width=\"53\">\u22651500<\/td>\n<td width=\"54\">\u22653500<\/td>\n<\/tr>\n<tr>\n<td width=\"94\">1300 nm<\/td>\n<td width=\"76\">MHz.km<\/td>\n<td width=\"85\">\u2013<\/td>\n<td width=\"91\">\u2013<\/td>\n<td width=\"57\">\u2265500<\/td>\n<td width=\"53\">\u2265500<\/td>\n<td width=\"54\">\u2265500<\/td>\n<\/tr>\n<tr>\n<td width=\"186\">Largura de banda modal efetiva<\/td>\n<td width=\"94\">850 nm<\/td>\n<td width=\"76\">MHz.km<\/td>\n<td width=\"85\">\u2013<\/td>\n<td width=\"91\">\u2013<\/td>\n<td width=\"57\">\u2265950<\/td>\n<td width=\"53\">\u22652000<\/td>\n<td width=\"54\">\u22654700<\/td>\n<\/tr>\n<tr>\n<td width=\"186\">Abertura Num\u00e9rica<\/td>\n<td width=\"94\">&nbsp;<\/td>\n<td width=\"76\">&nbsp;<\/td>\n<td width=\"85\">0,275\u00b10,015<\/td>\n<td colspan=\"4\" width=\"257\">0.18~0.215<\/td>\n<\/tr>\n<tr>\n<td width=\"186\">Comprimento do link Ethernet de 10 Gb\/s<\/td>\n<td width=\"94\">&nbsp;<\/td>\n<td width=\"76\">M<\/td>\n<td width=\"85\">\u2013<\/td>\n<td width=\"91\">\u2013<\/td>\n<td width=\"57\">150<\/td>\n<td width=\"53\">300<\/td>\n<td width=\"54\">550<\/td>\n<\/tr>\n<tr>\n<td colspan=\"8\" width=\"700\"><strong><b>Caracter\u00edsticas de retroespalhamento (1300 nm)<\/b><\/strong><\/td>\n<\/tr>\n<tr>\n<td colspan=\"2\" width=\"281\">Irregularidades no comprimento da fibra e descontinuidade pontual<\/td>\n<td width=\"76\">dB<\/td>\n<td colspan=\"5\" width=\"343\">\u22640,1<\/td>\n<\/tr>\n<tr>\n<td colspan=\"2\" width=\"281\">Uniformidade de atenua\u00e7\u00e3o<\/td>\n<td width=\"76\">dB<\/td>\n<td colspan=\"5\" width=\"343\">\u22640,1<\/td>\n<\/tr>\n<tr>\n<td colspan=\"2\" width=\"281\">Etapa (m\u00e9dia de bidirecional (medi\u00e7\u00e3o)<\/td>\n<td width=\"76\">dB\/km<\/td>\n<td colspan=\"5\" width=\"343\">\u22640,1<\/td>\n<\/tr>\n<tr>\n<td colspan=\"8\" width=\"700\"><strong><b>Geometria <\/b><\/strong><strong><b>Caracter\u00edsticas<\/b><\/strong><\/td>\n<\/tr>\n<tr>\n<td colspan=\"2\" width=\"281\">Di\u00e2metro do n\u00facleo<\/td>\n<td width=\"76\">\u03bcm<\/td>\n<td width=\"85\">62,5\u00b12,5<\/td>\n<td colspan=\"4\" width=\"257\">50\u00b12,5<\/td>\n<\/tr>\n<tr>\n<td colspan=\"2\" width=\"281\">N\u00e3o circularidade principal<\/td>\n<td width=\"76\">%<\/td>\n<td colspan=\"5\" width=\"343\">\u22645,0<\/td>\n<\/tr>\n<tr>\n<td colspan=\"2\" width=\"281\">Di\u00e2metro do revestimento<\/td>\n<td width=\"76\">\u03bcm<\/td>\n<td colspan=\"5\" width=\"343\">124,3\u00b10,7<\/td>\n<\/tr>\n<tr>\n<td colspan=\"2\" width=\"281\">N\u00e3o circularidade do revestimento<\/td>\n<td width=\"76\">%<\/td>\n<td colspan=\"5\" width=\"343\">\u22642,0<\/td>\n<\/tr>\n<tr>\n<td colspan=\"2\" width=\"281\">Erro de concentricidade do n\u00facleo\/revestimento<\/td>\n<td width=\"76\">\u03bcm<\/td>\n<td colspan=\"5\" width=\"343\">\u22641,5<\/td>\n<\/tr>\n<tr>\n<td colspan=\"2\" width=\"281\">Di\u00e2metro do revestimento<\/td>\n<td width=\"76\">\u03bcm<\/td>\n<td colspan=\"5\" width=\"343\">245\u00b110<\/td>\n<\/tr>\n<tr>\n<td colspan=\"2\" width=\"281\">Erro de concentricidade do revestimento\/revestimento<\/td>\n<td width=\"76\">\u03bcm<\/td>\n<td colspan=\"5\" width=\"343\">\u226412,0<\/td>\n<\/tr>\n<tr>\n<td colspan=\"2\" width=\"281\">Dura\u00e7\u00e3o da entrega<\/td>\n<td width=\"76\">km\/rolo<\/td>\n<td colspan=\"5\" width=\"343\">~16,8<\/td>\n<\/tr>\n<tr>\n<td colspan=\"8\" width=\"700\"><strong><b>Caracter\u00edsticas ambientais \uff08850nm e 1300nm\uff09<\/b><\/strong><\/td>\n<\/tr>\n<tr>\n<td width=\"186\">Atenua\u00e7\u00e3o induzida pela depend\u00eancia da temperatura<\/td>\n<td width=\"94\">-60\u2103~+85\u2103<\/td>\n<td width=\"76\">dB\/km<\/td>\n<td colspan=\"5\" width=\"343\">\u22640,10<\/td>\n<\/tr>\n<tr>\n<td width=\"186\">Temperatura-umidade            atenua\u00e7\u00e3o deduzida do ciclo<\/td>\n<td width=\"94\">-10\u00b0C~+85\u00b0C,98%RH<\/td>\n<td width=\"76\">dB\/km<\/td>\n<td colspan=\"5\" width=\"343\">\u22640,10<\/td>\n<\/tr>\n<tr>\n<td width=\"186\">Depend\u00eancia de absor\u00e7\u00e3o de \u00e1gua   atenua\u00e7\u00e3o induzida<\/td>\n<td width=\"94\">23\u00b0C\u00b12\u00b0C,30 dias<\/td>\n<td width=\"76\">dB\/km<\/td>\n<td colspan=\"5\" width=\"343\">\u22640,10<\/td>\n<\/tr>\n<tr>\n<td width=\"186\">Depend\u00eancia de calor \u00famido   atenua\u00e7\u00e3o induzida<\/td>\n<td width=\"94\">85\u2103\u00b12\u2103e85%RH,30 dias<\/td>\n<td width=\"76\">dB\/km<\/td>\n<td colspan=\"5\" width=\"343\">\u22640,10<\/td>\n<\/tr>\n<tr>\n<td width=\"186\">Envelhecimento por calor seco<\/td>\n<td width=\"94\">85\u00b0C\u00b12\u00b0C<\/td>\n<td width=\"76\">dB\/km<\/td>\n<td colspan=\"5\" width=\"343\">\u22640,10<\/td>\n<\/tr>\n<\/tbody>\n<\/table>\n<p>&nbsp;<\/p>\n<p><strong><b>Aplica\u00e7\u00e3o<\/b><\/strong><strong><b>\uff1a<\/b><\/strong><\/p>\n<p>Cabeamento do data center<\/p>\n<p>Cabeamento em sala de equipamentos de comunica\u00e7\u00e3o \u00f3ptica para conex\u00e3o de quadros de distribui\u00e7\u00e3o<\/p>\n<p>Para montagem em tran\u00e7as, conectores m\u00f3veis e patch cords<\/p>","protected":false},"excerpt":{"rendered":"<p>No cabo de microfibra de bainha dupla 12F da OMC de 5,0 mm, 12 unidades de subfibra monomodo\/multimodo codificada por cores 250um como meio de comunica\u00e7\u00e3o \u00f3ptica, as fibras nuas s\u00e3o envolvidas com uma camada de fio de aramida mais um LSZH como bainha interna. Em seguida, uma camada de fio de aramida cobriu a jaqueta interna. Para oferecer melhor prote\u00e7\u00e3o. Adicionamos mais uma bainha LSZH [...]<\/p>","protected":false},"featured_media":11669,"comment_status":"closed","ping_status":"closed","template":"","meta":{"site-sidebar-layout":"default","site-content-layout":"","ast-site-content-layout":"default","site-content-style":"default","site-sidebar-style":"default","ast-global-header-display":"","ast-banner-title-visibility":"","ast-main-header-display":"","ast-hfb-above-header-display":"","ast-hfb-below-header-display":"","ast-hfb-mobile-header-display":"","site-post-title":"","ast-breadcrumbs-content":"","ast-featured-img":"","footer-sml-layout":"","theme-transparent-header-meta":"default","adv-header-id-meta":"","stick-header-meta":"default","header-above-stick-meta":"","header-main-stick-meta":"","header-below-stick-meta":"","astra-migrate-meta-layouts":"set","ast-page-background-enabled":"default","ast-page-background-meta":{"desktop":{"background-color":"var(--ast-global-color-4)","background-image":"","background-repeat":"repeat","background-position":"center center","background-size":"auto","background-attachment":"scroll","background-type":"","background-media":"","overlay-type":"","overlay-color":"","overlay-gradient":""},"tablet":{"background-color":"","background-image":"","background-repeat":"repeat","background-position":"center center","background-size":"auto","background-attachment":"scroll","background-type":"","background-media":"","overlay-type":"","overlay-color":"","overlay-gradient":""},"mobile":{"background-color":"","background-image":"","background-repeat":"repeat","background-position":"center center","background-size":"auto","background-attachment":"scroll","background-type":"","background-media":"","overlay-type":"","overlay-color":"","overlay-gradient":""}},"ast-content-background-meta":{"desktop":{"background-color":"var(--ast-global-color-5)","background-image":"","background-repeat":"repeat","background-position":"center center","background-size":"auto","background-attachment":"scroll","background-type":"","background-media":"","overlay-type":"","overlay-color":"","overlay-gradient":""},"tablet":{"background-color":"var(--ast-global-color-5)","background-image":"","background-repeat":"repeat","background-position":"center center","background-size":"auto","background-attachment":"scroll","background-type":"","background-media":"","overlay-type":"","overlay-color":"","overlay-gradient":""},"mobile":{"background-color":"var(--ast-global-color-5)","background-image":"","background-repeat":"repeat","background-position":"center center","background-size":"auto","background-attachment":"scroll","background-type":"","background-media":"","overlay-type":"","overlay-color":"","overlay-gradient":""}}},"product_cat":[128,155],"product_tag":[],"class_list":{"0":"post-11667","1":"product","2":"type-product","3":"status-publish","4":"has-post-thumbnail","6":"product_cat-indoor-cable","7":"product_cat-micro-fiber-cable","8":"desktop-align-left","9":"tablet-align-left","10":"mobile-align-left","11":"ast-product-gallery-layout-horizontal-slider","12":"ast-product-tabs-layout-horizontal","14":"first","15":"instock","16":"shipping-taxable","17":"product-type-simple"},"acf":[],"_links":{"self":[{"href":"https:\/\/www.omccable.com\/pt\/wp-json\/wp\/v2\/product\/11667","targetHints":{"allow":["GET"]}}],"collection":[{"href":"https:\/\/www.omccable.com\/pt\/wp-json\/wp\/v2\/product"}],"about":[{"href":"https:\/\/www.omccable.com\/pt\/wp-json\/wp\/v2\/types\/product"}],"replies":[{"embeddable":true,"href":"https:\/\/www.omccable.com\/pt\/wp-json\/wp\/v2\/comments?post=11667"}],"version-history":[{"count":1,"href":"https:\/\/www.omccable.com\/pt\/wp-json\/wp\/v2\/product\/11667\/revisions"}],"predecessor-version":[{"id":11670,"href":"https:\/\/www.omccable.com\/pt\/wp-json\/wp\/v2\/product\/11667\/revisions\/11670"}],"wp:featuredmedia":[{"embeddable":true,"href":"https:\/\/www.omccable.com\/pt\/wp-json\/wp\/v2\/media\/11669"}],"wp:attachment":[{"href":"https:\/\/www.omccable.com\/pt\/wp-json\/wp\/v2\/media?parent=11667"}],"wp:term":[{"taxonomy":"product_cat","embeddable":true,"href":"https:\/\/www.omccable.com\/pt\/wp-json\/wp\/v2\/product_cat?post=11667"},{"taxonomy":"product_tag","embeddable":true,"href":"https:\/\/www.omccable.com\/pt\/wp-json\/wp\/v2\/product_tag?post=11667"}],"curies":[{"name":"wp","href":"https:\/\/api.w.org\/{rel}","templated":true}]}}