{"id":11549,"date":"2024-07-22T10:31:56","date_gmt":"2024-07-22T02:31:56","guid":{"rendered":"https:\/\/www.omccable.com\/?post_type=product&#038;p=11549"},"modified":"2024-07-22T10:31:57","modified_gmt":"2024-07-22T02:31:57","slug":"24f-unit-tube-distribution-cable-fanout-0-9mm-cable","status":"publish","type":"product","link":"https:\/\/www.omccable.com\/pt\/produto\/24f-unit-tube-distribution-cable-fanout-0-9mm-cable\/","title":{"rendered":"Cabo de distribui\u00e7\u00e3o de tubo unit\u00e1rio 24F - cabo fanout de 0,9 mm"},"content":{"rendered":"<p><strong><b>Cabo de distribui\u00e7\u00e3o de fibra, tamb\u00e9m chamado de cabo de fibra fanout. <\/b><\/strong>Nos MAC <strong><b>24<\/b><\/strong><strong><b>F Unidade-tubo Cabo de distribui\u00e7\u00e3o-fanout Cabo de 0,9mm<\/b><\/strong>, 24 unidades de subcabo monomodo\/multimodo 900um codificado por cores como meio de comunica\u00e7\u00e3o \u00f3ptica, a fibra de buffer apertada envolvida com uma camada de fio de aramida como unidades de membro de for\u00e7a. Em seguida, uma bainha de jaqueta LSZH ou PVC ou OFNR ou OFNP cobriu o fio de aramida para finalizar o cabo.<\/p>\n<p>&nbsp;<\/p>\n<p><strong><b>F<\/b><\/strong><strong><b>caracter\u00edsticas:<\/b><\/strong><\/p>\n<p>F\u00e1cil de remover<\/p>\n<p>Excelente desempenho retardador de chama<\/p>\n<p>O fio de aramida como elemento de resist\u00eancia faz com que o cabo tenha excelente resist\u00eancia \u00e0 tra\u00e7\u00e3o<\/p>\n<p>Adotar rigoroso controle de processos e mat\u00e9rias-primas para garantir vida \u00fatil de 15 anos<\/p>\n<p>A jaqueta \u00e9 anticorrosiva, anti-\u00e1gua, anti-radia\u00e7\u00e3o ultravioleta, retardadora de chama e inofensiva ao meio ambiente<\/p>\n<p>&nbsp;<\/p>\n<p><strong><b>Cor do cabo<\/b><\/strong><\/p>\n<table>\n<tbody>\n<tr>\n<td width=\"109\"><strong><b>Modo Fibra<\/b><\/strong><\/td>\n<td width=\"107\">SM<\/td>\n<td width=\"98\">SM<\/td>\n<td width=\"99\">SM<\/td>\n<td width=\"89\">SM<\/td>\n<td width=\"108\">OM2<\/td>\n<td width=\"79\">OM3<\/td>\n<\/tr>\n<tr>\n<td width=\"109\"><strong><b>Cor<\/b><\/strong><\/td>\n<td width=\"107\">Amarelo<\/td>\n<td width=\"98\">Azul<\/td>\n<td width=\"99\">Branco<\/td>\n<td width=\"89\">Marfim<\/td>\n<td width=\"108\">Laranja<\/td>\n<td width=\"79\">\u00c1gua<\/td>\n<\/tr>\n<tr>\n<td width=\"109\"><strong><b>Modo Fibra<\/b><\/strong><\/td>\n<td width=\"107\">OM4<\/td>\n<td width=\"98\">OM4<\/td>\n<td width=\"99\">OM4<\/td>\n<td width=\"89\">OM4<\/td>\n<td width=\"108\">OM5<\/td>\n<td width=\"79\">OM1<\/td>\n<\/tr>\n<tr>\n<td width=\"109\"><strong><b>Cor<\/b><\/strong><\/td>\n<td width=\"107\">Magenta<\/td>\n<td width=\"98\">Roxo<\/td>\n<td width=\"99\">\u00c1gua<\/td>\n<td width=\"89\">Violeta<\/td>\n<td width=\"108\">Verde Lim\u00e3o<\/td>\n<td width=\"79\">Laranja<\/td>\n<\/tr>\n<\/tbody>\n<\/table>\n<p>&nbsp;<\/p>\n<p><strong><b>Par\u00e2metro Material do Cabo<\/b><\/strong><\/p>\n<table>\n<tbody>\n<tr>\n<td colspan=\"2\" width=\"249\"><strong><b>Item<\/b><\/strong><\/td>\n<td width=\"443\"><strong><b>Par\u00e2metros<\/b><\/strong><\/td>\n<\/tr>\n<tr>\n<td width=\"143\">Tipo de fibra<\/td>\n<td width=\"106\">&nbsp;<\/td>\n<td width=\"443\">G652D,G655,G657A1,G657A2,G657B3,OM1,OM2,OM3,OM4,OM5<\/td>\n<\/tr>\n<tr>\n<td width=\"143\">Contagem de fibras<\/td>\n<td width=\"106\">&nbsp;<\/td>\n<td width=\"443\">24<\/td>\n<\/tr>\n<tr>\n<td rowspan=\"2\" width=\"143\">Buffer apertado<\/td>\n<td width=\"106\">Materiais<\/td>\n<td width=\"443\">LSZH ou PVC<\/td>\n<\/tr>\n<tr>\n<td width=\"106\">DO<\/td>\n<td width=\"443\">0,9\u00b10,05(mm)<\/td>\n<\/tr>\n<tr>\n<td width=\"143\">Membro de For\u00e7a<\/td>\n<td width=\"106\">Materiais<\/td>\n<td width=\"443\">Fio de Aramida<\/td>\n<\/tr>\n<tr>\n<td rowspan=\"2\" width=\"143\">Bainha Externa<\/td>\n<td width=\"106\">DO<\/td>\n<td width=\"443\">8,2\u00b10,2(mm)<\/td>\n<\/tr>\n<tr>\n<td width=\"106\">Materiais<\/td>\n<td width=\"443\">LSZH,PVC,OFNR,OFNP<\/td>\n<\/tr>\n<\/tbody>\n<\/table>\n<p><strong><b>\u00a0<\/b><\/strong><\/p>\n<p><strong><b>Desempenho Mec\u00e2nico e Ambiental<\/b><\/strong><\/p>\n<table>\n<tbody>\n<tr>\n<td colspan=\"2\" width=\"351\"><strong><b>Itens<\/b><\/strong><\/td>\n<td colspan=\"2\" width=\"340\"><strong><b>Descri\u00e7\u00f5es<\/b><\/strong><\/td>\n<\/tr>\n<tr>\n<td rowspan=\"2\" width=\"226\">Resist\u00eancia \u00e0 tra\u00e7\u00e3o<\/td>\n<td rowspan=\"2\" width=\"124\">CEI 60794-1-E1<\/td>\n<td width=\"116\">curto prazo<\/td>\n<td width=\"224\">720N<\/td>\n<\/tr>\n<tr>\n<td width=\"116\">longo prazo<\/td>\n<td width=\"224\">240N<\/td>\n<\/tr>\n<tr>\n<td rowspan=\"2\" width=\"226\">Resist\u00eancia ao esmagamento<\/td>\n<td rowspan=\"2\" width=\"124\">CEI 60794-1-E3<\/td>\n<td width=\"116\">curto prazo<\/td>\n<td width=\"224\">1000N<\/td>\n<\/tr>\n<tr>\n<td width=\"116\">longo prazo<\/td>\n<td width=\"224\">300N<\/td>\n<\/tr>\n<tr>\n<td width=\"226\">Impacto do cabo<\/td>\n<td width=\"124\">CEI 60794-1-E4<\/td>\n<td colspan=\"2\" rowspan=\"4\" width=\"340\">Nenhuma mudan\u00e7a \u00f3bvia ap\u00f3s o teste<\/td>\n<\/tr>\n<tr>\n<td width=\"226\">Repetir dobra<\/td>\n<td width=\"124\">CEI 60794-1-E6<\/td>\n<\/tr>\n<tr>\n<td width=\"226\">Tor\u00e7\u00e3o<\/td>\n<td width=\"124\">CEI 60794-1-E7<\/td>\n<\/tr>\n<tr>\n<td width=\"226\">Curvatura do cabo<\/td>\n<td width=\"124\">CEI 60794-1-E11<\/td>\n<\/tr>\n<tr>\n<td width=\"226\">Faixa de temperatura (opera\u00e7\u00e3o)<\/td>\n<td width=\"124\">CEI 60794-1-2-F1<\/td>\n<td colspan=\"2\" width=\"340\">-20\u2103-+60\u2103<\/td>\n<\/tr>\n<tr>\n<td width=\"226\">Faixa de temperatura (armazenamento\uff09<\/td>\n<td width=\"124\">CEI 60794-1-2-F1<\/td>\n<td colspan=\"2\" width=\"340\">-20\u2103-+60\u2103<\/td>\n<\/tr>\n<tr>\n<td rowspan=\"2\" width=\"226\">Raio de curvatura<\/td>\n<td width=\"124\">Est\u00e1tico<\/td>\n<td colspan=\"2\" width=\"340\">10X Di\u00e2metro do cabo<\/td>\n<\/tr>\n<tr>\n<td width=\"124\">Din\u00e2mico<\/td>\n<td colspan=\"2\" width=\"340\">20XDi\u00e2metro do cabo<\/td>\n<\/tr>\n<\/tbody>\n<\/table>\n<p>&nbsp;<\/p>\n<p><strong><b>Desempenho retardador de chama<\/b><\/strong><\/p>\n<table>\n<tbody>\n<tr>\n<td width=\"167\"><strong><b>Cabo<\/b><\/strong><strong><b>\u00a0materiais<\/b><\/strong><\/td>\n<td width=\"525\"><strong><b>Padr\u00e3o<\/b><\/strong><\/td>\n<\/tr>\n<tr>\n<td width=\"167\">LSZH<\/td>\n<td width=\"525\">CPR: Bca, Cca, Dca, Eca Ou IEC60332-1, IEC 60332-3 De acordo com a demanda do cliente<\/td>\n<\/tr>\n<tr>\n<td width=\"167\">PVC<\/td>\n<td width=\"525\">UL-94V0<\/td>\n<\/tr>\n<\/tbody>\n<\/table>\n<p>&nbsp;<\/p>\n<p><strong><b>Par\u00e2metros t\u00e9cnicos de fibra \u00f3ptica-SM<\/b><\/strong><\/p>\n<table>\n<tbody>\n<tr>\n<td rowspan=\"2\" width=\"188\"><strong><b>Par\u00e2metro<\/b><\/strong><\/td>\n<td rowspan=\"2\" width=\"117\"><strong><b>Condi\u00e7\u00f5es<\/b><\/strong><\/td>\n<td rowspan=\"2\" width=\"86\"><strong><b>Unidades<\/b><\/strong><\/td>\n<td colspan=\"4\" width=\"301\"><strong><b>Valor<\/b><\/strong><\/td>\n<\/tr>\n<tr>\n<td width=\"80\"><strong><b>G652D<\/b><\/strong><\/td>\n<td width=\"69\"><strong><b>G657A1<\/b><\/strong><\/td>\n<td width=\"74\"><strong><b>G657A2<\/b><\/strong><\/td>\n<td width=\"77\"><strong><b>G657B3<\/b><\/strong><\/td>\n<\/tr>\n<tr>\n<td colspan=\"3\" width=\"392\"><strong><b>Especifica\u00e7\u00e3o \u00f3ptica<\/b><\/strong><\/td>\n<td colspan=\"4\" width=\"301\">&nbsp;<\/td>\n<\/tr>\n<tr>\n<td rowspan=\"6\" width=\"188\">Atenua\u00e7\u00e3o<\/td>\n<td width=\"117\">850 nm<\/td>\n<td width=\"86\">dB\/km<\/td>\n<td width=\"80\">\u2013<\/td>\n<td width=\"69\">\u2013<\/td>\n<td width=\"74\">\u2013<\/td>\n<td width=\"77\">\u2013<\/td>\n<\/tr>\n<tr>\n<td width=\"117\">1300 nm<\/td>\n<td width=\"86\">dB\/km<\/td>\n<td width=\"80\">\u2013<\/td>\n<td width=\"69\">\u2013<\/td>\n<td width=\"74\">\u2013<\/td>\n<td width=\"77\">\u2013<\/td>\n<\/tr>\n<tr>\n<td width=\"117\">1310nm<\/td>\n<td width=\"86\">dB\/km<\/td>\n<td width=\"80\">\u2264 0,350<\/td>\n<td width=\"69\">\u2264 0,350<\/td>\n<td width=\"74\">\u2264 0,350<\/td>\n<td width=\"77\">\u2264 0,350<\/td>\n<\/tr>\n<tr>\n<td width=\"117\">1383 nm<\/td>\n<td width=\"86\">dB\/km<\/td>\n<td width=\"80\">\u2264 0,330<\/td>\n<td width=\"69\">\u2264 0,350<\/td>\n<td width=\"74\">\u2264 0,350<\/td>\n<td width=\"77\">\u2264 0,350<\/td>\n<\/tr>\n<tr>\n<td width=\"117\">1550 nm<\/td>\n<td width=\"86\">dB\/km<\/td>\n<td width=\"80\">\u2264 0,210<\/td>\n<td width=\"69\">\u2264 0,210<\/td>\n<td width=\"74\">\u2264 0,210<\/td>\n<td width=\"77\">\u2264 0,210<\/td>\n<\/tr>\n<tr>\n<td width=\"117\">1625 nm<\/td>\n<td width=\"86\">dB\/km<\/td>\n<td width=\"80\">\u2264 0,240<\/td>\n<td width=\"69\">\u2264 0,230<\/td>\n<td width=\"74\">\u2264 0,230<\/td>\n<td width=\"77\">\u2264 0,230<\/td>\n<\/tr>\n<tr>\n<td rowspan=\"3\" width=\"188\">Atenua\u00e7\u00e3o versus comprimento de onda<\/td>\n<td width=\"117\">1310nm vs. 1285-1330 nm<\/td>\n<td width=\"86\">dB\/km<\/td>\n<td width=\"80\">\u2264 0,04<\/td>\n<td width=\"69\">\u2264 0,04<\/td>\n<td width=\"74\">\u2264 0,05<\/td>\n<td width=\"77\">\u2264 0,03<\/td>\n<\/tr>\n<tr>\n<td width=\"117\">1550 nm vs. 1525-1575 nm<\/td>\n<td width=\"86\">dB\/km<\/td>\n<td width=\"80\">\u2264 0,03<\/td>\n<td width=\"69\">\u2264 0,03<\/td>\n<td width=\"74\">\u2264 0,04<\/td>\n<td width=\"77\">\u2264 0,02<\/td>\n<\/tr>\n<tr>\n<td width=\"117\">1550 nm vs. 1480-1580 nm<\/td>\n<td width=\"86\">dB\/km<\/td>\n<td width=\"80\">\u2264 0,04<\/td>\n<td width=\"69\">\u2013<\/td>\n<td width=\"74\">\u2013<\/td>\n<td width=\"77\">\u2013<\/td>\n<\/tr>\n<tr>\n<td width=\"188\">Comprimento de onda de dispers\u00e3o zero<\/td>\n<td rowspan=\"2\" width=\"117\">\u2013<\/td>\n<td width=\"86\">nm<\/td>\n<td width=\"80\">1300-1324<\/td>\n<td width=\"69\">1300-1324<\/td>\n<td width=\"74\">1300-1324<\/td>\n<td width=\"77\">1300-1324<\/td>\n<\/tr>\n<tr>\n<td width=\"188\">Inclina\u00e7\u00e3o de Dispers\u00e3o Zero<\/td>\n<td width=\"86\">ps\/(nm<sup>2<\/sup>\u00b7km)<\/td>\n<td width=\"80\">0.073-0.092<\/td>\n<td width=\"69\">0.073-0.092<\/td>\n<td width=\"74\">0.073-0.092<\/td>\n<td width=\"77\">\u2264 0,092<\/td>\n<\/tr>\n<tr>\n<td rowspan=\"2\" width=\"188\">Dispers\u00e3o<\/td>\n<td width=\"117\">1550 nm<\/td>\n<td width=\"86\">ps\/(nm\u00b7km)<\/td>\n<td width=\"80\">13.3-18.6<\/td>\n<td width=\"69\">13.3-18.6<\/td>\n<td width=\"74\">13.3-18.6<\/td>\n<td width=\"77\">&nbsp;<\/td>\n<\/tr>\n<tr>\n<td width=\"117\">1625 nm<\/td>\n<td width=\"86\">ps\/(nm\u00b7km)<\/td>\n<td width=\"80\">17.2-23.7<\/td>\n<td width=\"69\">17.2-23.7<\/td>\n<td width=\"74\">17.2-23.7<\/td>\n<td width=\"77\">&nbsp;<\/td>\n<\/tr>\n<tr>\n<td colspan=\"2\" width=\"305\">Dispers\u00e3o do modo de polariza\u00e7\u00e3o (PMD)<\/td>\n<td width=\"86\">ps\/\u221akm<\/td>\n<td width=\"80\">\u22640,2<\/td>\n<td width=\"69\">\u22640,2<\/td>\n<td width=\"74\">\u22640,2<\/td>\n<td width=\"77\">\u22640,2<\/td>\n<\/tr>\n<tr>\n<td width=\"188\">Comprimento de onda de corte \u03bbcc<\/td>\n<td width=\"117\">\u2013<\/td>\n<td width=\"86\">nm<\/td>\n<td width=\"80\">\u22641260<\/td>\n<td width=\"69\">\u22641260<\/td>\n<td width=\"74\">\u22641260<\/td>\n<td width=\"77\">\u22641260<\/td>\n<\/tr>\n<tr>\n<td rowspan=\"2\" width=\"188\">Di\u00e2metro de campo modal (MFD)<\/td>\n<td width=\"117\">1310nm<\/td>\n<td width=\"86\">\u03bcm<\/td>\n<td width=\"80\">9,2\u00b10,4<\/td>\n<td width=\"69\">9,2\u00b10,4<\/td>\n<td width=\"74\">8,6\u00b10,4<\/td>\n<td width=\"77\">8,6\u00b10,4<\/td>\n<\/tr>\n<tr>\n<td width=\"117\">1550 nm<\/td>\n<td width=\"86\">\u03bcm<\/td>\n<td width=\"80\">10,4\u00b10,5<\/td>\n<td width=\"69\">10,4\u00b10,5<\/td>\n<td width=\"74\">9,6\u00b10,5<\/td>\n<td width=\"77\">9,6\u00b10,5<\/td>\n<\/tr>\n<tr>\n<td rowspan=\"2\" width=\"188\">Descontinuidade de Atenua\u00e7\u00e3o<\/td>\n<td width=\"117\">1310nm<\/td>\n<td width=\"86\">dB<\/td>\n<td width=\"80\">\u22640,03<\/td>\n<td width=\"69\">\u22640,03<\/td>\n<td width=\"74\">\u22640,03<\/td>\n<td width=\"77\">\u22640,03<\/td>\n<\/tr>\n<tr>\n<td width=\"117\">1550 nm<\/td>\n<td width=\"86\">dB<\/td>\n<td width=\"80\">\u22640,03<\/td>\n<td width=\"69\">\u22640,03<\/td>\n<td width=\"74\">\u22640,03<\/td>\n<td width=\"77\">\u22640,03<\/td>\n<\/tr>\n<tr>\n<td rowspan=\"2\" width=\"188\">Atenua\u00e7\u00e3o Bidirecional<\/td>\n<td width=\"117\">1310nm<\/td>\n<td width=\"86\">dB\/km<\/td>\n<td width=\"80\">\u22640,04<\/td>\n<td width=\"69\">&nbsp;<\/td>\n<td width=\"74\">&nbsp;<\/td>\n<td width=\"77\">\u22640,05<\/td>\n<\/tr>\n<tr>\n<td width=\"117\">1550 nm<\/td>\n<td width=\"86\">dB\/km<\/td>\n<td width=\"80\">\u22640,04<\/td>\n<td width=\"69\">&nbsp;<\/td>\n<td width=\"74\">&nbsp;<\/td>\n<td width=\"77\">\u22640,05<\/td>\n<\/tr>\n<tr>\n<td colspan=\"3\" width=\"392\"><strong><b>Geom\u00e9trico<\/b><\/strong><\/td>\n<td colspan=\"4\" width=\"301\">&nbsp;<\/td>\n<\/tr>\n<tr>\n<td colspan=\"2\" width=\"305\">Di\u00e2metro do revestimento<\/td>\n<td width=\"86\">\u03bcm<\/td>\n<td width=\"80\">125\u00b10,7<\/td>\n<td width=\"69\">125\u00b10,7<\/td>\n<td width=\"74\">125\u00b10,7<\/td>\n<td width=\"77\">125\u00b10,7<\/td>\n<\/tr>\n<tr>\n<td colspan=\"2\" width=\"305\">N\u00e3o Circularidade do Revestimento<\/td>\n<td width=\"86\">%<\/td>\n<td width=\"80\">\u22641,0<\/td>\n<td width=\"69\">\u22641,0<\/td>\n<td width=\"74\">\u22640,8<\/td>\n<td width=\"77\">\u22640,7<\/td>\n<\/tr>\n<tr>\n<td colspan=\"2\" width=\"305\">Erro de concentricidade do n\u00facleo\/revestimento<\/td>\n<td width=\"86\">\u03bcm<\/td>\n<td width=\"80\">\u22640,6<\/td>\n<td width=\"69\">\u22640,5<\/td>\n<td width=\"74\">\u22640,5<\/td>\n<td width=\"77\">\u22640,5<\/td>\n<\/tr>\n<tr>\n<td colspan=\"2\" rowspan=\"2\" width=\"305\">Di\u00e2metro do revestimento (sem cor)<\/td>\n<td width=\"86\">\u03bcm<\/td>\n<td colspan=\"4\" width=\"301\">242\u00b17 (padr\u00e3o)<\/td>\n<\/tr>\n<tr>\n<td width=\"86\">\u03bcm<\/td>\n<td colspan=\"4\" width=\"301\">200\u00b110 (opcional)<\/td>\n<\/tr>\n<tr>\n<td colspan=\"2\" width=\"305\">Erro de concentricidade do revestimento\/revestimento<\/td>\n<td width=\"86\">\u03bcm<\/td>\n<td width=\"80\">\u226412<\/td>\n<td width=\"69\">\u226412<\/td>\n<td width=\"74\">\u226412<\/td>\n<td width=\"77\">\u226412<\/td>\n<\/tr>\n<tr>\n<td colspan=\"2\" width=\"305\">Enrolar<\/td>\n<td width=\"86\">m<\/td>\n<td width=\"80\">\u22654<\/td>\n<td width=\"69\">\u22654<\/td>\n<td width=\"74\">\u22654<\/td>\n<td width=\"77\">\u22654<\/td>\n<\/tr>\n<tr>\n<td colspan=\"3\" width=\"392\"><strong><b>Ambiental (1550 nm, 1625 nm)<\/b><\/strong><\/td>\n<td colspan=\"4\" width=\"301\">&nbsp;<\/td>\n<\/tr>\n<tr>\n<td width=\"188\">Ciclagem de temperatura<\/td>\n<td width=\"117\">-60\u2103 a +85\u2103<\/td>\n<td width=\"86\">dB\/km<\/td>\n<td width=\"80\">\u22640,03<\/td>\n<td width=\"69\">\u22640,05<\/td>\n<td width=\"74\">\u22640,05<\/td>\n<td width=\"77\">\u22640,05<\/td>\n<\/tr>\n<tr>\n<td width=\"188\">Alta temperatura e<\/p>\n<p>Alta Umidade<\/td>\n<td width=\"117\">85\u2103, 85% RH, 30 dias<\/td>\n<td width=\"86\">dB\/km<\/td>\n<td width=\"80\">\u22640,03<\/td>\n<td width=\"69\">\u22640,05<\/td>\n<td width=\"74\">\u22640,05<\/td>\n<td width=\"77\">\u22640,05<\/td>\n<\/tr>\n<tr>\n<td width=\"188\">Imers\u00e3o em \u00c1gua<\/td>\n<td width=\"117\">23\u2103, 30 dias<\/td>\n<td width=\"86\">dB\/km<\/td>\n<td width=\"80\">\u22640,03<\/td>\n<td width=\"69\">\u22640,05<\/td>\n<td width=\"74\">\u22640,05<\/td>\n<td width=\"77\">\u22640,05<\/td>\n<\/tr>\n<tr>\n<td width=\"188\">Envelhecimento a alta temperatura<\/td>\n<td width=\"117\">85\u00b0C, 30 dias<\/td>\n<td width=\"86\">dB\/km<\/td>\n<td width=\"80\">\u22640,03<\/td>\n<td width=\"69\">\u22640,05<\/td>\n<td width=\"74\">\u22640,05<\/td>\n<td width=\"77\">\u22640,05<\/td>\n<\/tr>\n<\/tbody>\n<\/table>\n<p><strong><b>\u00a0<\/b><\/strong><\/p>\n<p><strong><b>Par\u00e2metros t\u00e9cnicos de fibra \u00f3ptica-MM<\/b><\/strong><\/p>\n<table>\n<tbody>\n<tr>\n<td rowspan=\"2\" width=\"203\"><strong><b>Recursos<\/b><\/strong><\/td>\n<td rowspan=\"2\" width=\"92\"><strong><b>Condi\u00e7\u00f5es<\/b><\/strong><\/td>\n<td rowspan=\"2\" width=\"59\"><strong><b>unidade<\/b><\/strong><\/td>\n<td colspan=\"5\" width=\"345\"><strong><b>Valor<\/b><\/strong><\/td>\n<\/tr>\n<tr>\n<td width=\"87\"><strong><b>OM1<\/b><\/strong><\/td>\n<td width=\"91\"><strong><b>OM2<\/b><\/strong><\/td>\n<td width=\"57\"><strong><b>OM2+<\/b><\/strong><\/td>\n<td width=\"53\"><strong><b>OM3<\/b><\/strong><\/td>\n<td width=\"54\"><strong><b>OM4<\/b><\/strong><\/td>\n<\/tr>\n<tr>\n<td colspan=\"8\" width=\"700\"><strong><b>\u00d3ptica <\/b><\/strong><strong><b>Caracter\u00edsticas<\/b><\/strong><\/td>\n<\/tr>\n<tr>\n<td rowspan=\"2\" width=\"203\">Atenua\u00e7\u00e3o<\/td>\n<td width=\"92\">850 nm<\/td>\n<td width=\"59\">dB\/km<\/td>\n<td width=\"87\">\u22642,70~\u22643,00<\/td>\n<td width=\"91\">\u22642,50<\/td>\n<td width=\"57\">\u22642,50<\/td>\n<td width=\"53\">\u22642,50<\/td>\n<td width=\"54\">\u22642,50<\/td>\n<\/tr>\n<tr>\n<td width=\"92\">1300 nm<\/td>\n<td width=\"59\">dB\/km<\/td>\n<td width=\"87\">\u22640,60~\u22641,00<\/td>\n<td width=\"91\">\u22640,70<\/td>\n<td width=\"57\">\u22640,70<\/td>\n<td width=\"53\">\u22640,70<\/td>\n<td width=\"54\">\u22640,70<\/td>\n<\/tr>\n<tr>\n<td rowspan=\"2\" width=\"203\">Largura de banda modal m\u00ednima<\/td>\n<td width=\"92\">850 nm<\/td>\n<td width=\"59\">MHz.km<\/td>\n<td width=\"87\">\u2265200~\u2265100<\/td>\n<td width=\"91\">\u2265500~\u2265200<\/td>\n<td width=\"57\">\u2013<\/td>\n<td width=\"53\">\u2013<\/td>\n<td width=\"54\">\u2013<\/td>\n<\/tr>\n<tr>\n<td width=\"92\">1300 nm<\/td>\n<td width=\"59\">MHz.km<\/td>\n<td width=\"87\">\u2265600~\u2265160<\/td>\n<td width=\"91\">\u22651200~\u2265400<\/td>\n<td width=\"57\">\u2013<\/td>\n<td width=\"53\">\u2013<\/td>\n<td width=\"54\">\u2013<\/td>\n<\/tr>\n<tr>\n<td rowspan=\"2\" width=\"203\">Largura de banda de lan\u00e7amento sobrecarregada<\/td>\n<td width=\"92\">850 nm<\/td>\n<td width=\"59\">MHz.km<\/td>\n<td width=\"87\">\u2013<\/td>\n<td width=\"91\">\u2013<\/td>\n<td width=\"57\">\u2265700<\/td>\n<td width=\"53\">\u22651500<\/td>\n<td width=\"54\">\u22653500<\/td>\n<\/tr>\n<tr>\n<td width=\"92\">1300 nm<\/td>\n<td width=\"59\">MHz.km<\/td>\n<td width=\"87\">\u2013<\/td>\n<td width=\"91\">\u2013<\/td>\n<td width=\"57\">\u2265500<\/td>\n<td width=\"53\">\u2265500<\/td>\n<td width=\"54\">\u2265500<\/td>\n<\/tr>\n<tr>\n<td width=\"203\">Largura de banda modal efetiva<\/td>\n<td width=\"92\">850 nm<\/td>\n<td width=\"59\">MHz.km<\/td>\n<td width=\"87\">\u2013<\/td>\n<td width=\"91\">\u2013<\/td>\n<td width=\"57\">\u2265950<\/td>\n<td width=\"53\">\u22652000<\/td>\n<td width=\"54\">\u22654700<\/td>\n<\/tr>\n<tr>\n<td width=\"203\">Abertura Num\u00e9rica<\/td>\n<td width=\"92\">&nbsp;<\/td>\n<td width=\"59\">&nbsp;<\/td>\n<td width=\"87\">0,275\u00b10,015<\/td>\n<td colspan=\"4\" width=\"257\">0.18~0.215<\/td>\n<\/tr>\n<tr>\n<td width=\"203\">Comprimento do link Ethernet de 10 Gb\/s<\/td>\n<td width=\"92\">&nbsp;<\/td>\n<td width=\"59\">M<\/td>\n<td width=\"87\">\u2013<\/td>\n<td width=\"91\">\u2013<\/td>\n<td width=\"57\">150<\/td>\n<td width=\"53\">300<\/td>\n<td width=\"54\">550<\/td>\n<\/tr>\n<tr>\n<td colspan=\"8\" width=\"700\"><strong><b>Caracter\u00edsticas de retroespalhamento (1300 nm)<\/b><\/strong><\/td>\n<\/tr>\n<tr>\n<td colspan=\"2\" width=\"296\">Irregularidades no comprimento da fibra e descontinuidade pontual<\/td>\n<td width=\"59\">dB<\/td>\n<td colspan=\"5\" width=\"345\">\u22640,1<\/td>\n<\/tr>\n<tr>\n<td colspan=\"2\" width=\"296\">Uniformidade de atenua\u00e7\u00e3o<\/td>\n<td width=\"59\">dB<\/td>\n<td colspan=\"5\" width=\"345\">\u22640,1<\/td>\n<\/tr>\n<tr>\n<td colspan=\"2\" width=\"296\">Etapa (m\u00e9dia de bidirecional (medi\u00e7\u00e3o)<\/td>\n<td width=\"59\">dB\/km<\/td>\n<td colspan=\"5\" width=\"345\">\u22640,1<\/td>\n<\/tr>\n<tr>\n<td colspan=\"8\" width=\"700\"><strong><b>Geometria <\/b><\/strong><strong><b>Caracter\u00edsticas<\/b><\/strong><\/td>\n<\/tr>\n<tr>\n<td colspan=\"2\" width=\"296\">Di\u00e2metro do n\u00facleo<\/td>\n<td width=\"59\">\u03bcm<\/td>\n<td width=\"87\">62,5\u00b12,5<\/td>\n<td colspan=\"4\" width=\"257\">50\u00b12,5<\/td>\n<\/tr>\n<tr>\n<td colspan=\"2\" width=\"296\">N\u00e3o circularidade principal<\/td>\n<td width=\"59\">%<\/td>\n<td colspan=\"5\" width=\"345\">\u22645,0<\/td>\n<\/tr>\n<tr>\n<td colspan=\"2\" width=\"296\">Di\u00e2metro do revestimento<\/td>\n<td width=\"59\">\u03bcm<\/td>\n<td colspan=\"5\" width=\"345\">124,3\u00b10,7<\/td>\n<\/tr>\n<tr>\n<td colspan=\"2\" width=\"296\">N\u00e3o circularidade do revestimento<\/td>\n<td width=\"59\">%<\/td>\n<td colspan=\"5\" width=\"345\">\u22642,0<\/td>\n<\/tr>\n<tr>\n<td colspan=\"2\" width=\"296\">Erro de concentricidade do n\u00facleo\/revestimento<\/td>\n<td width=\"59\">\u03bcm<\/td>\n<td colspan=\"5\" width=\"345\">\u22641,5<\/td>\n<\/tr>\n<tr>\n<td colspan=\"2\" width=\"296\">Di\u00e2metro do revestimento<\/td>\n<td width=\"59\">\u03bcm<\/td>\n<td colspan=\"5\" width=\"345\">245\u00b110<\/td>\n<\/tr>\n<tr>\n<td colspan=\"2\" width=\"296\">Erro de concentricidade do revestimento\/revestimento<\/td>\n<td width=\"59\">\u03bcm<\/td>\n<td colspan=\"5\" width=\"345\">\u226412,0<\/td>\n<\/tr>\n<tr>\n<td colspan=\"2\" width=\"296\">Dura\u00e7\u00e3o da entrega<\/td>\n<td width=\"59\">km\/rolo<\/td>\n<td colspan=\"5\" width=\"345\">~16,8<\/td>\n<\/tr>\n<tr>\n<td colspan=\"8\" width=\"700\"><strong><b>Caracter\u00edsticas ambientais \uff08850nm e 1300nm\uff09<\/b><\/strong><\/td>\n<\/tr>\n<tr>\n<td width=\"203\">Atenua\u00e7\u00e3o induzida pela depend\u00eancia da temperatura<\/td>\n<td width=\"92\">-60\u2103~+85\u2103<\/td>\n<td width=\"59\">dB\/km<\/td>\n<td colspan=\"5\" width=\"345\">\u22640,10<\/td>\n<\/tr>\n<tr>\n<td width=\"203\">Temperatura-umidade            atenua\u00e7\u00e3o deduzida do ciclo<\/td>\n<td width=\"92\">-10\u00b0C~+85\u00b0C,98%RH<\/td>\n<td width=\"59\">dB\/km<\/td>\n<td colspan=\"5\" width=\"345\">\u22640,10<\/td>\n<\/tr>\n<tr>\n<td width=\"203\">Depend\u00eancia de absor\u00e7\u00e3o de \u00e1gua   atenua\u00e7\u00e3o induzida<\/td>\n<td width=\"92\">23\u00b0C\u00b12\u00b0C,30 dias<\/td>\n<td width=\"59\">dB\/km<\/td>\n<td colspan=\"5\" width=\"345\">\u22640,10<\/td>\n<\/tr>\n<tr>\n<td width=\"203\">Depend\u00eancia de calor \u00famido   atenua\u00e7\u00e3o induzida<\/td>\n<td width=\"92\">85\u2103\u00b12\u2103e85%RH,30 dias<\/td>\n<td width=\"59\">dB\/km<\/td>\n<td colspan=\"5\" width=\"345\">\u22640,10<\/td>\n<\/tr>\n<tr>\n<td width=\"203\">Envelhecimento por calor seco<\/td>\n<td width=\"92\">85\u00b0C\u00b12\u00b0C<\/td>\n<td width=\"59\">dB\/km<\/td>\n<td colspan=\"5\" width=\"345\">\u22640,10<\/td>\n<\/tr>\n<\/tbody>\n<\/table>\n<p>&nbsp;<\/p>\n<p><strong><b>Aplica\u00e7\u00e3o\u00a0<\/b><\/strong><\/p>\n<p>Usado em tran\u00e7as e patch cords<\/p>\n<p>Utilizado como linhas de interliga\u00e7\u00e3o de equipamentos e utilizado em conex\u00f5es \u00f3pticas em salas de comunica\u00e7\u00e3o \u00f3ptica e quadros de distribui\u00e7\u00e3o \u00f3ptica<\/p>","protected":false},"excerpt":{"rendered":"<p>Cabo de distribui\u00e7\u00e3o de fibra, tamb\u00e9m chamado de cabo de fibra fanout. No cabo de distribui\u00e7\u00e3o de tubo unit\u00e1rio 24F da OMC, cabo fanout de 0,9 mm, 24 unidades de subcabo monomodo\/multimodo 900um codificado por cores como meio de comunica\u00e7\u00e3o \u00f3ptica, a fibra de buffer apertada envolvida com uma camada de fio de aramida como unidades de membro de for\u00e7a. Em seguida, uma bainha de jaqueta LSZH ou PVC ou OFNR ou OFNP cobriu a aramida [\u2026]<\/p>","protected":false},"featured_media":11552,"comment_status":"closed","ping_status":"closed","template":"","meta":{"site-sidebar-layout":"default","site-content-layout":"","ast-site-content-layout":"default","site-content-style":"default","site-sidebar-style":"default","ast-global-header-display":"","ast-banner-title-visibility":"","ast-main-header-display":"","ast-hfb-above-header-display":"","ast-hfb-below-header-display":"","ast-hfb-mobile-header-display":"","site-post-title":"","ast-breadcrumbs-content":"","ast-featured-img":"","footer-sml-layout":"","theme-transparent-header-meta":"default","adv-header-id-meta":"","stick-header-meta":"default","header-above-stick-meta":"","header-main-stick-meta":"","header-below-stick-meta":"","astra-migrate-meta-layouts":"set","ast-page-background-enabled":"default","ast-page-background-meta":{"desktop":{"background-color":"var(--ast-global-color-4)","background-image":"","background-repeat":"repeat","background-position":"center center","background-size":"auto","background-attachment":"scroll","background-type":"","background-media":"","overlay-type":"","overlay-color":"","overlay-gradient":""},"tablet":{"background-color":"","background-image":"","background-repeat":"repeat","background-position":"center center","background-size":"auto","background-attachment":"scroll","background-type":"","background-media":"","overlay-type":"","overlay-color":"","overlay-gradient":""},"mobile":{"background-color":"","background-image":"","background-repeat":"repeat","background-position":"center center","background-size":"auto","background-attachment":"scroll","background-type":"","background-media":"","overlay-type":"","overlay-color":"","overlay-gradient":""}},"ast-content-background-meta":{"desktop":{"background-color":"var(--ast-global-color-5)","background-image":"","background-repeat":"repeat","background-position":"center center","background-size":"auto","background-attachment":"scroll","background-type":"","background-media":"","overlay-type":"","overlay-color":"","overlay-gradient":""},"tablet":{"background-color":"var(--ast-global-color-5)","background-image":"","background-repeat":"repeat","background-position":"center center","background-size":"auto","background-attachment":"scroll","background-type":"","background-media":"","overlay-type":"","overlay-color":"","overlay-gradient":""},"mobile":{"background-color":"var(--ast-global-color-5)","background-image":"","background-repeat":"repeat","background-position":"center center","background-size":"auto","background-attachment":"scroll","background-type":"","background-media":"","overlay-type":"","overlay-color":"","overlay-gradient":""}}},"product_cat":[154,128],"product_tag":[],"class_list":{"0":"post-11549","1":"product","2":"type-product","3":"status-publish","4":"has-post-thumbnail","6":"product_cat-distribution-cable","7":"product_cat-indoor-cable","8":"desktop-align-left","9":"tablet-align-left","10":"mobile-align-left","11":"ast-product-gallery-layout-horizontal-slider","12":"ast-product-tabs-layout-horizontal","14":"first","15":"instock","16":"shipping-taxable","17":"product-type-simple"},"acf":[],"_links":{"self":[{"href":"https:\/\/www.omccable.com\/pt\/wp-json\/wp\/v2\/product\/11549","targetHints":{"allow":["GET"]}}],"collection":[{"href":"https:\/\/www.omccable.com\/pt\/wp-json\/wp\/v2\/product"}],"about":[{"href":"https:\/\/www.omccable.com\/pt\/wp-json\/wp\/v2\/types\/product"}],"replies":[{"embeddable":true,"href":"https:\/\/www.omccable.com\/pt\/wp-json\/wp\/v2\/comments?post=11549"}],"version-history":[{"count":1,"href":"https:\/\/www.omccable.com\/pt\/wp-json\/wp\/v2\/product\/11549\/revisions"}],"predecessor-version":[{"id":11554,"href":"https:\/\/www.omccable.com\/pt\/wp-json\/wp\/v2\/product\/11549\/revisions\/11554"}],"wp:featuredmedia":[{"embeddable":true,"href":"https:\/\/www.omccable.com\/pt\/wp-json\/wp\/v2\/media\/11552"}],"wp:attachment":[{"href":"https:\/\/www.omccable.com\/pt\/wp-json\/wp\/v2\/media?parent=11549"}],"wp:term":[{"taxonomy":"product_cat","embeddable":true,"href":"https:\/\/www.omccable.com\/pt\/wp-json\/wp\/v2\/product_cat?post=11549"},{"taxonomy":"product_tag","embeddable":true,"href":"https:\/\/www.omccable.com\/pt\/wp-json\/wp\/v2\/product_tag?post=11549"}],"curies":[{"name":"wp","href":"https:\/\/api.w.org\/{rel}","templated":true}]}}