{"id":11467,"date":"2024-07-11T13:55:42","date_gmt":"2024-07-11T05:55:42","guid":{"rendered":"https:\/\/www.omccable.com\/?post_type=product&#038;p=11467"},"modified":"2024-09-05T16:21:11","modified_gmt":"2024-09-05T08:21:11","slug":"96f%ef%bc%888x12f%ef%bc%89micro-fiber-armored-9-0mm-od-cable","status":"publish","type":"product","link":"https:\/\/www.omccable.com\/pt\/produto\/96f%ef%bc%888x12f%ef%bc%89micro-fiber-armored-9-0mm-od-cable\/","title":{"rendered":"96F\uff088x12F\uff09Cabo OD blindado de microfibra de 9,0 mm"},"content":{"rendered":"<p>O cabo blindado \u00e9 um cabo especial com um tubo de a\u00e7o inoxid\u00e1vel dentro do cabo que pode proteger a picada da fibra por formigas e roedores relacionados a ratos.<\/p>\n<p>O <strong><b>96<\/b><\/strong><strong><b>F<\/b><\/strong><strong><b>\uff08<\/b><\/strong><strong><b>8<\/b><\/strong><strong><b>x12F<\/b><\/strong><strong><b>\uff09<\/b><\/strong><strong><b>Blindado em microfibra <\/b><\/strong><strong><b>9<\/b><\/strong><strong><b>.Cabo com di\u00e2metro externo de 0,0 mm<\/b><\/strong>\u00a0consiste em 8 subcabos de microfibras de 1,4 mm, um fio de aramida cobriu esses cabos de 8 x 1,4 mm, em seguida, um tubo de metal flex\u00edvel blindado cobriu a bainha interna, finalmente uma camada de fio de aramida e uma jaqueta externa LSZH ou PE ou PVC finalizou este cabo.<\/p>\n<p>\u00c9 a escolha ideal para conex\u00e3o direta. \u00c9 o cabo de fibra mais f\u00e1cil de instalar onde se deseja termina\u00e7\u00e3o direta de conectores para subunidades e passagem direta para pain\u00e9is e equipamentos.<\/p>\n<p>Este cabo pode ser usado como fio el\u00e9trico normal.<\/p>\n<p>&nbsp;<\/p>\n<p><strong>Caracter\u00edsticas:<\/strong><\/p>\n<ul>\n<li>Alta anti-tens\u00e3o; Alta anti-press\u00e3o<\/li>\n<li>Alta resist\u00eancia \u00e0 flex\u00e3o; Anti-mordida de animais roedores<\/li>\n<li>Tubo de prote\u00e7\u00e3o de a\u00e7o inoxid\u00e1vel OD pequeno<\/li>\n<li>N\u00e3o se preocupe com danos no projeto<\/li>\n<li>F\u00e1cil de manter<\/li>\n<li>Este cabo pode ser usado como fio el\u00e9trico normal.<\/li>\n<\/ul>\n<p>&nbsp;<\/p>\n<p><strong>Detalhe dos produtos:<\/strong><\/p>\n<table>\n<tbody>\n<tr>\n<td width=\"154\"><strong>Item<\/strong><\/td>\n<td width=\"112\"><strong>Conte\u00fado<\/strong><\/td>\n<td width=\"83\"><strong>Unidade<\/strong><\/td>\n<td width=\"335\"><strong>Valor<\/strong><\/td>\n<\/tr>\n<tr>\n<td width=\"154\">Tipo de fibra<\/td>\n<td width=\"112\">\/<\/td>\n<td width=\"83\">\/<\/td>\n<td width=\"335\">SM G652D;G657A,OM1,OM2,OM3,OM4<\/td>\n<\/tr>\n<tr>\n<td width=\"154\">Di\u00e2metro do cabo<\/td>\n<td width=\"112\">\u00b10,3<\/td>\n<td width=\"83\">mil\u00edmetros<\/td>\n<td width=\"335\">9,0\u00b10,3<\/td>\n<\/tr>\n<tr>\n<td rowspan=\"3\" width=\"154\">Subcabo<\/td>\n<td width=\"112\">Materiais<\/td>\n<td width=\"83\">\/<\/td>\n<td width=\"335\">PVC,LSZH<\/td>\n<\/tr>\n<tr>\n<td width=\"112\">Cor<\/td>\n<td width=\"83\">\/<\/td>\n<td width=\"335\">Azul, Laranja, Verde, Marrom, Cinza, Branco,<\/p>\n<p>Vermelho, preto, amarelo, roxo, rosa, aqua<\/td>\n<\/tr>\n<tr>\n<td width=\"112\">Di\u00e2metro<\/td>\n<td width=\"83\">mil\u00edmetros<\/td>\n<td width=\"335\">1,4 mm<\/td>\n<\/tr>\n<tr>\n<td rowspan=\"2\" width=\"154\">Unidade blindada<\/td>\n<td width=\"112\">Materiais<\/td>\n<td width=\"83\">\/<\/td>\n<td width=\"335\">Tubo espiral de a\u00e7o inoxid\u00e1vel SUS204<\/td>\n<\/tr>\n<tr>\n<td width=\"112\">Di\u00e2metro<\/td>\n<td width=\"83\">mil\u00edmetros<\/td>\n<td width=\"335\">6,5\u00b10,1<\/td>\n<\/tr>\n<tr>\n<td width=\"154\">Membro de for\u00e7a<\/td>\n<td width=\"112\">Materiais<\/td>\n<td width=\"83\">\/<\/td>\n<td width=\"335\">Fio de Aramida<\/td>\n<\/tr>\n<tr>\n<td rowspan=\"2\" width=\"154\">Bainha externa<\/td>\n<td width=\"112\">materiais<\/td>\n<td width=\"83\">\/<\/td>\n<td width=\"335\">LSZH,PE,PVC,TPU,OFNP<\/td>\n<\/tr>\n<tr>\n<td width=\"112\">Cor<\/td>\n<td width=\"83\">\/<\/td>\n<td width=\"335\">Azul, Amarelo, Preto, Laranja, Cinza, Aqua<\/td>\n<\/tr>\n<tr>\n<td width=\"154\">Peso do cabo<\/td>\n<td width=\"112\">\u00b15%<\/td>\n<td width=\"83\">kg\/km<\/td>\n<td width=\"335\">90<\/td>\n<\/tr>\n<\/tbody>\n<\/table>\n<p><strong>\u00a0<\/strong><\/p>\n<p><strong><b>Desempenho Mec\u00e2nico e Ambiental<\/b><\/strong><\/p>\n<table>\n<tbody>\n<tr>\n<td width=\"221\"><strong>Item<\/strong><\/td>\n<td width=\"206\"><strong>Conte\u00fado<\/strong><\/td>\n<td width=\"245\"><strong>Valor<\/strong><\/td>\n<\/tr>\n<tr>\n<td rowspan=\"2\" width=\"221\">M\u00e1x. carga de tra\u00e7\u00e3o<\/td>\n<td width=\"206\">Curto prazo<\/td>\n<td width=\"245\">Deforma\u00e7\u00e3o de fibra 1200N\u22640,6%<\/td>\n<\/tr>\n<tr>\n<td width=\"206\">Longo prazo<\/td>\n<td width=\"245\">800N<\/td>\n<\/tr>\n<tr>\n<td rowspan=\"2\" width=\"221\">M\u00e1x. resist\u00eancia ao esmagamento<\/td>\n<td width=\"206\">Curto prazo<\/td>\n<td width=\"245\">3000N\/100mm<\/td>\n<\/tr>\n<tr>\n<td width=\"206\">Longo prazo<\/td>\n<td width=\"245\">1500N\/100mm<\/td>\n<\/tr>\n<tr>\n<td rowspan=\"2\" width=\"221\">Min. raio de curvatura<\/td>\n<td width=\"206\">Instala\u00e7\u00e3o<\/td>\n<td width=\"245\">40 x di\u00e2metro do cabo<\/td>\n<\/tr>\n<tr>\n<td width=\"206\">Opera\u00e7\u00e3o<\/td>\n<td width=\"245\">20 x di\u00e2metro do cabo<\/td>\n<\/tr>\n<tr>\n<td rowspan=\"3\" width=\"221\">Faixa de temperatura<\/td>\n<td width=\"206\">Opera\u00e7\u00e3o<\/td>\n<td width=\"245\">-20\u2103 ~ +70\u2103<\/td>\n<\/tr>\n<tr>\n<td width=\"206\">Instala\u00e7\u00e3o<\/td>\n<td width=\"245\">-20\u2103 ~ +60\u2103<\/td>\n<\/tr>\n<tr>\n<td width=\"206\">Armazenamento\/transporte<\/td>\n<td width=\"245\">-20\u2103 ~ +70\u2103<\/td>\n<\/tr>\n<\/tbody>\n<\/table>\n<p><strong>\u00a0<\/strong><\/p>\n<p><strong><b>Par\u00e2metros t\u00e9cnicos da fibra \u00f3ptica<\/b><\/strong><\/p>\n<table>\n<tbody>\n<tr>\n<td colspan=\"2\" width=\"254\"><strong>Estilo fibra<\/strong><\/td>\n<td width=\"94\"><strong>Unidade<\/strong><\/td>\n<td width=\"94\"><strong>PE 9\/125<\/strong><\/td>\n<td width=\"103\"><strong>Mil\u00edmetros 50\/125<\/strong><\/td>\n<td width=\"139\"><strong>MS 62,5\/125<\/strong><\/td>\n<\/tr>\n<tr>\n<td colspan=\"2\" width=\"254\">Condi\u00e7\u00e3o<\/td>\n<td width=\"94\">nm<\/td>\n<td width=\"94\">1310\/1550<\/td>\n<td width=\"103\">850\/1300<\/td>\n<td width=\"139\">850\/1300<\/td>\n<\/tr>\n<tr>\n<td colspan=\"2\" width=\"254\">Atenua\u00e7\u00e3o<\/td>\n<td width=\"94\">dB\/km<\/td>\n<td width=\"94\">\u22640,34\/0,2<\/td>\n<td width=\"103\">\u22643,0\/1,0<\/td>\n<td width=\"139\">\u22643,0\/1,0<\/td>\n<\/tr>\n<tr>\n<td rowspan=\"2\" width=\"141\">Dispers\u00e3o<\/td>\n<td width=\"113\">1310 nm<\/td>\n<td width=\"94\">Ps\/(nm*km)<\/td>\n<td width=\"94\">\u226418<\/td>\n<td width=\"103\">\u2026..<\/td>\n<td width=\"139\">\u2026..<\/td>\n<\/tr>\n<tr>\n<td width=\"113\">1550 nm<\/td>\n<td width=\"94\">Ps\/(nm*km)<\/td>\n<td width=\"94\">\u226422<\/td>\n<td width=\"103\">\u2026..<\/td>\n<td width=\"139\">\u2026..<\/td>\n<\/tr>\n<tr>\n<td rowspan=\"2\" width=\"141\">Largura de banda<\/td>\n<td width=\"113\">850 nm<\/td>\n<td width=\"94\">MHZ. KM<\/td>\n<td width=\"94\">\u2026..<\/td>\n<td width=\"103\">\u2267400<\/td>\n<td width=\"139\">\u2267160<\/td>\n<\/tr>\n<tr>\n<td width=\"113\">1300 nm<\/td>\n<td width=\"94\">MHZ. KM<\/td>\n<td width=\"94\">\u2026..<\/td>\n<td width=\"103\">\u2267800<\/td>\n<td width=\"139\">\u2267500<\/td>\n<\/tr>\n<tr>\n<td colspan=\"2\" width=\"254\">Comprimento de onda de dispers\u00e3o zero<\/td>\n<td width=\"94\">nm<\/td>\n<td width=\"94\">\u22671302,<\/p>\n<p>\u22641322<\/td>\n<td width=\"103\">\u2026..<\/td>\n<td width=\"139\">\u2026..<\/td>\n<\/tr>\n<tr>\n<td colspan=\"2\" width=\"254\">Inclina\u00e7\u00e3o de dispers\u00e3o zero<\/td>\n<td width=\"94\">nm<\/td>\n<td width=\"94\">\u22640,091<\/td>\n<td width=\"103\">\u2026..<\/td>\n<td width=\"139\">\u2026..<\/td>\n<\/tr>\n<tr>\n<td colspan=\"2\" width=\"254\">Fibra individual m\u00e1xima PMD<\/td>\n<td width=\"94\"><\/td>\n<td width=\"94\">\u22640,2<\/td>\n<td width=\"103\">\u2026..<\/td>\n<td width=\"139\">\u2026..<\/td>\n<\/tr>\n<tr>\n<td colspan=\"2\" width=\"254\">Valor do link do projeto PMD<\/td>\n<td width=\"94\">Ps(nm2*km)<\/td>\n<td width=\"94\">\u22640,08<\/td>\n<td width=\"103\">\u2026..<\/td>\n<td width=\"139\">\u2026..<\/td>\n<\/tr>\n<tr>\n<td colspan=\"2\" width=\"254\">Comprimento de onda de corte da fibra \u03bbc<\/td>\n<td width=\"94\">nm<\/td>\n<td width=\"94\">\u22671180,<\/p>\n<p>\u22641330<\/td>\n<td width=\"103\">\u2026..<\/td>\n<td width=\"139\">\u2026..<\/td>\n<\/tr>\n<tr>\n<td colspan=\"2\" width=\"254\">Comprimento de onda de corte do cabo \u03bbcc<\/td>\n<td width=\"94\">nm<\/td>\n<td width=\"94\">\u22641260<\/td>\n<td width=\"103\">\u2026..<\/td>\n<td width=\"139\">\u2026..<\/td>\n<\/tr>\n<tr>\n<td rowspan=\"2\" width=\"141\">DMF<\/td>\n<td width=\"113\">1310 nm<\/td>\n<td width=\"94\">hum<\/td>\n<td width=\"94\">9,2\u00b10,4<\/td>\n<td width=\"103\">\u2026..<\/td>\n<td width=\"139\">\u2026..<\/td>\n<\/tr>\n<tr>\n<td width=\"113\">1550 nm<\/td>\n<td width=\"94\">hum<\/td>\n<td width=\"94\">10,4\u00b10,8<\/td>\n<td width=\"103\">\u2026..<\/td>\n<td width=\"139\">\u2026..<\/td>\n<\/tr>\n<tr>\n<td colspan=\"2\" width=\"254\">Abertura Num\u00e9rica (NA)<\/td>\n<td width=\"94\"><\/td>\n<td width=\"94\">\u2026\u2026<\/td>\n<td width=\"103\">0,200\u00b10,015<\/td>\n<td width=\"139\">0,275\u00b10,015<\/td>\n<\/tr>\n<tr>\n<td colspan=\"2\" width=\"254\">Etapa (m\u00e9dia da medi\u00e7\u00e3o bidirecional)<\/td>\n<td width=\"94\">dB<\/td>\n<td width=\"94\">\u22640,05<\/td>\n<td width=\"103\">\u22640,10<\/td>\n<td width=\"139\">\u22640,10<\/td>\n<\/tr>\n<tr>\n<td colspan=\"2\" width=\"254\">Irregularidades no comprimento da fibra e descontinuidade pontual<\/td>\n<td width=\"94\">dB<\/td>\n<td width=\"94\">\u22640,05<\/td>\n<td width=\"103\">\u22640,10<\/td>\n<td width=\"139\">\u22640,10<\/td>\n<\/tr>\n<tr>\n<td colspan=\"2\" width=\"254\">Coeficiente de retroespalhamento de diferen\u00e7a<\/td>\n<td width=\"94\">dB\/km<\/td>\n<td width=\"94\">\u22640,03<\/td>\n<td width=\"103\">\u22640,08<\/td>\n<td width=\"139\">\u22640,10<\/td>\n<\/tr>\n<tr>\n<td colspan=\"2\" width=\"254\">Uniformidade de atenua\u00e7\u00e3o<\/td>\n<td width=\"94\">dB\/km<\/td>\n<td width=\"94\">\u22640,01<\/td>\n<td width=\"103\">\u2026\u2026.<\/td>\n<td width=\"139\">\u2026\u2026.<\/td>\n<\/tr>\n<tr>\n<td colspan=\"2\" width=\"254\">Di\u00e2metro do n\u00facleo<\/td>\n<td width=\"94\">hum<\/td>\n<td width=\"94\">\u2026\u2026<\/td>\n<td width=\"103\">50\u00b11,0<\/td>\n<td width=\"139\">62,5\u00b12,5<\/td>\n<\/tr>\n<tr>\n<td colspan=\"2\" width=\"254\">Di\u00e2metro do revestimento<\/td>\n<td width=\"94\">hum<\/td>\n<td width=\"94\">125,0\u00b10,1<\/td>\n<td width=\"103\">125,0\u00b10,1<\/td>\n<td width=\"139\">125,0\u00b10,1<\/td>\n<\/tr>\n<tr>\n<td colspan=\"2\" width=\"254\">N\u00e3o circularidade do revestimento<\/td>\n<td width=\"94\">%<\/td>\n<td width=\"94\">\u22641,0<\/td>\n<td width=\"103\">\u22641,0<\/td>\n<td width=\"139\">\u22641,0<\/td>\n<\/tr>\n<tr>\n<td colspan=\"2\" width=\"254\">Di\u00e2metro do revestimento<\/td>\n<td width=\"94\">hum<\/td>\n<td width=\"94\">242\u00b17<\/td>\n<td width=\"103\">242\u00b17<\/td>\n<td width=\"139\">242\u00b17<\/td>\n<\/tr>\n<tr>\n<td colspan=\"2\" width=\"254\">Erro conc\u00eantrico de revestimento\/tentilh\u00e3o<\/td>\n<td width=\"94\">hum<\/td>\n<td width=\"94\">\u226412,0<\/td>\n<td width=\"103\">\u226412,0<\/td>\n<td width=\"139\">\u226412,0<\/td>\n<\/tr>\n<tr>\n<td colspan=\"2\" width=\"254\">N\u00e3o circularidade do revestimento<\/td>\n<td width=\"94\">%<\/td>\n<td width=\"94\">\u22646,0<\/td>\n<td width=\"103\">\u22646,0<\/td>\n<td width=\"139\">\u22646,0<\/td>\n<\/tr>\n<tr>\n<td colspan=\"2\" width=\"254\">Erro de concentricidade do n\u00facleo\/revestimento<\/td>\n<td width=\"94\">hum<\/td>\n<td width=\"94\">\u22640,6<\/td>\n<td width=\"103\">\u22641,5<\/td>\n<td width=\"139\">\u22641,5<\/td>\n<\/tr>\n<tr>\n<td colspan=\"2\" width=\"254\">Ondula\u00e7\u00e3o (raio)<\/td>\n<td width=\"94\">hum<\/td>\n<td width=\"94\">\u22644<\/td>\n<td width=\"103\">\u2026..<\/td>\n<td width=\"139\">\u2026..<\/td>\n<\/tr>\n<\/tbody>\n<\/table>\n<p>&nbsp;<\/p>\n<p><strong>Aplica\u00e7\u00e3o:<\/strong><\/p>\n<ul>\n<li>Conjuntos de patch cord e pigtail blindados.<\/li>\n<li>Instala\u00e7\u00e3o de cabeamento em piso, canto de parede e linha de comunica\u00e7\u00e3o principal.<\/li>\n<li>Outros ODN, FTTx<\/li>\n<li>Conex\u00e3o \u00f3ptica de equipamentos \u00f3pticos, instrumentos, etc.<\/li>\n<li>Fia\u00e7\u00e3o horizontal interna e fia\u00e7\u00e3o vertical dentro de edif\u00edcios;<\/li>\n<li>Conex\u00f5es \u00f3pticas, como fia\u00e7\u00e3o de longa dist\u00e2ncia, externa, predial e descarga mista optoeletr\u00f4nica de bandeja de cabos<\/li>\n<li>Este cabo \u00f3ptico \u00e9 adequado para fibra \u00f3ptica para fia\u00e7\u00e3o de mesa e teto sob carpetes.<\/li>\n<li>O raio de curvatura m\u00ednimo \u00e9 pequeno, o que pode ser usado para grande capacidade, instala\u00e7\u00e3o geral interna de v\u00e1rios clientes e fia\u00e7\u00e3o da unidade, e pode ser usado independentemente para ramifica\u00e7\u00e3o, tornando-o conveniente para conex\u00e3o com v\u00e1rios dispositivos conectados nas extremidades<\/li>\n<li>Recomendado para fia\u00e7\u00e3o de alta densidade, onde o espa\u00e7o de instala\u00e7\u00e3o e a curvatura s\u00e3o pequenos<\/li>\n<\/ul>\n<p><img fetchpriority=\"high\" decoding=\"async\" class=\"alignnone size-full wp-image-11376\" src=\"https:\/\/www.omccable.com\/wp-content\/uploads\/2024\/07\/Indoor-Armored-FO-cable.png\" alt=\"Indoor Armored FO cable\" width=\"1026\" height=\"506\" srcset=\"https:\/\/www.omccable.com\/wp-content\/uploads\/2024\/07\/Indoor-Armored-FO-cable.png 1026w, https:\/\/www.omccable.com\/wp-content\/uploads\/2024\/07\/Indoor-Armored-FO-cable-300x148.png 300w, https:\/\/www.omccable.com\/wp-content\/uploads\/2024\/07\/Indoor-Armored-FO-cable-800x395.png 800w, https:\/\/www.omccable.com\/wp-content\/uploads\/2024\/07\/Indoor-Armored-FO-cable-768x379.png 768w\" sizes=\"(max-width: 1026px) 100vw, 1026px\" \/><\/p>","protected":false},"excerpt":{"rendered":"<p>O cabo blindado \u00e9 um cabo especial com um tubo de a\u00e7o inoxid\u00e1vel dentro do cabo que pode proteger a picada da fibra por formigas e roedores relacionados a ratos. O cabo OD blindado de microfibra 9,0 mm 96F\uff088x12F\uff09consiste em 8 subcabos de microfibras de 1,4 mm. Um fio de aramida cobriu esses cabos de 8 \u00d7 1,4 mm e, em seguida, um tubo de metal flex\u00edvel blindado cobriu a bainha interna, finalmente [\u2026]<\/p>","protected":false},"featured_media":12205,"comment_status":"closed","ping_status":"closed","template":"","meta":{"site-sidebar-layout":"default","site-content-layout":"","ast-site-content-layout":"default","site-content-style":"default","site-sidebar-style":"default","ast-global-header-display":"","ast-banner-title-visibility":"","ast-main-header-display":"","ast-hfb-above-header-display":"","ast-hfb-below-header-display":"","ast-hfb-mobile-header-display":"","site-post-title":"","ast-breadcrumbs-content":"","ast-featured-img":"","footer-sml-layout":"","theme-transparent-header-meta":"default","adv-header-id-meta":"","stick-header-meta":"default","header-above-stick-meta":"","header-main-stick-meta":"","header-below-stick-meta":"","astra-migrate-meta-layouts":"set","ast-page-background-enabled":"default","ast-page-background-meta":{"desktop":{"background-color":"var(--ast-global-color-4)","background-image":"","background-repeat":"repeat","background-position":"center center","background-size":"auto","background-attachment":"scroll","background-type":"","background-media":"","overlay-type":"","overlay-color":"","overlay-gradient":""},"tablet":{"background-color":"","background-image":"","background-repeat":"repeat","background-position":"center center","background-size":"auto","background-attachment":"scroll","background-type":"","background-media":"","overlay-type":"","overlay-color":"","overlay-gradient":""},"mobile":{"background-color":"","background-image":"","background-repeat":"repeat","background-position":"center center","background-size":"auto","background-attachment":"scroll","background-type":"","background-media":"","overlay-type":"","overlay-color":"","overlay-gradient":""}},"ast-content-background-meta":{"desktop":{"background-color":"var(--ast-global-color-5)","background-image":"","background-repeat":"repeat","background-position":"center center","background-size":"auto","background-attachment":"scroll","background-type":"","background-media":"","overlay-type":"","overlay-color":"","overlay-gradient":""},"tablet":{"background-color":"var(--ast-global-color-5)","background-image":"","background-repeat":"repeat","background-position":"center center","background-size":"auto","background-attachment":"scroll","background-type":"","background-media":"","overlay-type":"","overlay-color":"","overlay-gradient":""},"mobile":{"background-color":"var(--ast-global-color-5)","background-image":"","background-repeat":"repeat","background-position":"center center","background-size":"auto","background-attachment":"scroll","background-type":"","background-media":"","overlay-type":"","overlay-color":"","overlay-gradient":""}}},"product_cat":[148,127],"product_tag":[],"class_list":{"0":"post-11467","1":"product","2":"type-product","3":"status-publish","4":"has-post-thumbnail","6":"product_cat-armored-microfiber-cable","7":"product_cat-indoor-armored-cable","8":"desktop-align-left","9":"tablet-align-left","10":"mobile-align-left","11":"ast-product-gallery-layout-horizontal-slider","12":"ast-product-tabs-layout-horizontal","14":"first","15":"instock","16":"shipping-taxable","17":"product-type-simple"},"acf":[],"_links":{"self":[{"href":"https:\/\/www.omccable.com\/pt\/wp-json\/wp\/v2\/product\/11467","targetHints":{"allow":["GET"]}}],"collection":[{"href":"https:\/\/www.omccable.com\/pt\/wp-json\/wp\/v2\/product"}],"about":[{"href":"https:\/\/www.omccable.com\/pt\/wp-json\/wp\/v2\/types\/product"}],"replies":[{"embeddable":true,"href":"https:\/\/www.omccable.com\/pt\/wp-json\/wp\/v2\/comments?post=11467"}],"version-history":[{"count":2,"href":"https:\/\/www.omccable.com\/pt\/wp-json\/wp\/v2\/product\/11467\/revisions"}],"predecessor-version":[{"id":12207,"href":"https:\/\/www.omccable.com\/pt\/wp-json\/wp\/v2\/product\/11467\/revisions\/12207"}],"wp:featuredmedia":[{"embeddable":true,"href":"https:\/\/www.omccable.com\/pt\/wp-json\/wp\/v2\/media\/12205"}],"wp:attachment":[{"href":"https:\/\/www.omccable.com\/pt\/wp-json\/wp\/v2\/media?parent=11467"}],"wp:term":[{"taxonomy":"product_cat","embeddable":true,"href":"https:\/\/www.omccable.com\/pt\/wp-json\/wp\/v2\/product_cat?post=11467"},{"taxonomy":"product_tag","embeddable":true,"href":"https:\/\/www.omccable.com\/pt\/wp-json\/wp\/v2\/product_tag?post=11467"}],"curies":[{"name":"wp","href":"https:\/\/api.w.org\/{rel}","templated":true}]}}