{"id":11281,"date":"2024-07-02T13:27:03","date_gmt":"2024-07-02T05:27:03","guid":{"rendered":"https:\/\/www.omccable.com\/?post_type=product&#038;p=11281"},"modified":"2025-07-28T10:01:42","modified_gmt":"2025-07-28T02:01:42","slug":"2-12f-4-0mm-central-loose-tube-cable-with-jelly","status":"publish","type":"product","link":"https:\/\/www.omccable.com\/pt\/produto\/2-12f-4-0mm-central-loose-tube-cable-with-jelly\/","title":{"rendered":"Cabo de tubo solto central 2-12F 4,0 mm com gel\u00e9ia"},"content":{"rendered":"<p>O cabo Loose Tube Central 2-12F 4,0mm tem sua unidade de fibra \u00f3ptica posicionada no centro de um tubo Loose PBT de alta dureza. Este tubo PBT oferece uma prote\u00e7\u00e3o muito boa \u00e0 fibra. Um fio de aramida envolve o tubo PBT. O fio de aramida oferece alto desempenho de tra\u00e7\u00e3o ao cabo. Em seguida, um cord\u00e3o de abertura \u00e9 colocado sob a bainha LSZH.<\/p>\n<p>Nosso cabo tem di\u00e2metro pequeno, \u00e9 resistente \u00e0 \u00e1gua, macio e dobr\u00e1vel. \u00c9 f\u00e1cil de implantar e manter em projetos FTTH. Al\u00e9m disso, o membro de resist\u00eancia n\u00e3o met\u00e1lico pode fornecer prote\u00e7\u00e3o contra raios e interfer\u00eancia anti-eletromagn\u00e9tica. Os cabos drop FTTH redondos s\u00e3o ideais para cabeamento interno, cabeamento direto ao usu\u00e1rio final e redes de acesso.<\/p>\n<p>&nbsp;<\/p>\n<p><strong><b>Cor padr\u00e3o da fibra e do tubo<\/b><\/strong><\/p>\n<p>O c\u00f3digo de cores das fibras individuais deve estar de acordo com a tabela abaixo:<\/p>\n<table>\n<tbody>\n<tr>\n<td width=\"179\">N\u00e3o.<\/td>\n<td width=\"86\">1<\/td>\n<td width=\"82\">2<\/td>\n<td width=\"82\">3<\/td>\n<td width=\"82\">4<\/td>\n<td width=\"82\">5<\/td>\n<td width=\"75\">6<\/td>\n<\/tr>\n<tr>\n<td width=\"179\">Cor<\/td>\n<td width=\"86\">Azul<\/td>\n<td width=\"82\">Laranja<\/td>\n<td width=\"82\">Verde<\/td>\n<td width=\"82\">Marrom<\/td>\n<td width=\"82\">Ard\u00f3sia<\/td>\n<td width=\"75\">Branco<\/td>\n<\/tr>\n<tr>\n<td width=\"179\">N\u00e3o.<\/td>\n<td width=\"86\">7<\/td>\n<td width=\"82\">8<\/td>\n<td width=\"82\">9<\/td>\n<td width=\"82\">10<\/td>\n<td width=\"82\">11<\/td>\n<td width=\"75\">12<\/td>\n<\/tr>\n<tr>\n<td width=\"179\">Cor<\/td>\n<td width=\"86\">Vermelho<\/td>\n<td width=\"82\">Preto<\/td>\n<td width=\"82\">Amarelo<\/td>\n<td width=\"82\">Violeta<\/td>\n<td width=\"82\">Rosa<\/td>\n<td width=\"75\">\u00c1gua<\/td>\n<\/tr>\n<\/tbody>\n<\/table>\n<p>&nbsp;<\/p>\n<p><strong><b>Cabo<\/b><\/strong><strong><b>\u00a0Par\u00e2metro de estrutura<\/b><\/strong><\/p>\n<table>\n<tbody>\n<tr>\n<td colspan=\"2\" width=\"425\">Contagem de fibras<\/td>\n<td width=\"245\">1-12<\/td>\n<\/tr>\n<tr>\n<td colspan=\"2\" width=\"425\">Categoria Fibra<\/td>\n<td width=\"245\">Modo \u00fanico G657A2<\/td>\n<\/tr>\n<tr>\n<td rowspan=\"3\" width=\"274\">Cabo<\/td>\n<td width=\"151\">Materiais<\/td>\n<td width=\"245\">LSZH<\/td>\n<\/tr>\n<tr>\n<td width=\"151\">Cor<\/td>\n<td width=\"245\">Branco<\/td>\n<\/tr>\n<tr>\n<td width=\"151\">Di\u00e2metro (mm)<\/td>\n<td width=\"245\">4,0\u00b10,2<\/td>\n<\/tr>\n<tr>\n<td rowspan=\"3\" width=\"274\">Tubo solto PBT<\/td>\n<td width=\"151\">Materiais<\/td>\n<td width=\"245\">PBT<\/td>\n<\/tr>\n<tr>\n<td width=\"151\">Cor<\/td>\n<td width=\"245\">Branco<\/td>\n<\/tr>\n<tr>\n<td width=\"151\">Di\u00e2metro (mm)<\/td>\n<td width=\"245\">1,7\u00b10,1<\/td>\n<\/tr>\n<tr>\n<td colspan=\"2\" width=\"425\">Elementos de Resist\u00eancia \u00e0 Tra\u00e7\u00e3o e\/ou Blindagem \u2013 Camada<\/td>\n<td width=\"245\">Fio de aramida<\/td>\n<\/tr>\n<tr>\n<td colspan=\"2\" width=\"425\">Peso nominal(kg\/km)<\/td>\n<td width=\"245\">7<\/td>\n<\/tr>\n<\/tbody>\n<\/table>\n<p>&nbsp;<\/p>\n<p><strong><b>Desempenho Mec\u00e2nico e Ambiental<\/b><\/strong><\/p>\n<table>\n<tbody>\n<tr>\n<td width=\"228\"><strong>Item<\/strong><\/td>\n<td width=\"206\"><strong>Conte\u00fado<\/strong><\/td>\n<td width=\"236\"><strong>Valor<\/strong><\/td>\n<\/tr>\n<tr>\n<td rowspan=\"2\" width=\"228\">M\u00e1x. carga de tra\u00e7\u00e3o<\/td>\n<td width=\"206\">Curto prazo<\/td>\n<td width=\"236\">Deforma\u00e7\u00e3o de fibra 200N\u22640,6%<\/td>\n<\/tr>\n<tr>\n<td width=\"206\">Longo prazo<\/td>\n<td width=\"236\">100N<\/td>\n<\/tr>\n<tr>\n<td rowspan=\"2\" width=\"228\">M\u00e1x. resist\u00eancia ao esmagamento<\/td>\n<td width=\"206\">Curto prazo<\/td>\n<td width=\"236\">1000N\/100mm<\/td>\n<\/tr>\n<tr>\n<td width=\"206\">Longo prazo<\/td>\n<td width=\"236\">500N\/100mm<\/td>\n<\/tr>\n<tr>\n<td rowspan=\"2\" width=\"228\">Min. raio de curvatura<\/td>\n<td width=\"206\">Instala\u00e7\u00e3o<\/td>\n<td width=\"236\">20 x di\u00e2metro do cabo<\/td>\n<\/tr>\n<tr>\n<td width=\"206\">Opera\u00e7\u00e3o<\/td>\n<td width=\"236\">10 x di\u00e2metro do cabo<\/td>\n<\/tr>\n<tr>\n<td rowspan=\"3\" width=\"228\">Faixa de temperatura<\/td>\n<td width=\"206\">Opera\u00e7\u00e3o<\/td>\n<td width=\"236\">-40\u2103 ~ +70\u2103<\/td>\n<\/tr>\n<tr>\n<td width=\"206\">Instala\u00e7\u00e3o<\/td>\n<td width=\"236\">-20\u2103 ~ +60\u2103<\/td>\n<\/tr>\n<tr>\n<td width=\"206\">Armazenamento\/transporte<\/td>\n<td width=\"236\">-40\u2103 ~ +70\u2103<\/td>\n<\/tr>\n<\/tbody>\n<\/table>\n<p>&nbsp;<\/p>\n<p><strong><b>Par\u00e2metros t\u00e9cnicos da fibra \u00f3ptica<\/b><\/strong><\/p>\n<table>\n<tbody>\n<tr>\n<td colspan=\"2\" width=\"262\">Estilo fibra<\/td>\n<td width=\"85\">Unidade<\/td>\n<td width=\"94\">PE 9\/125<\/td>\n<td width=\"103\">Mil\u00edmetros 50\/125<\/td>\n<td width=\"113\">MS 62,5\/125<\/td>\n<\/tr>\n<tr>\n<td colspan=\"2\" width=\"262\">Condi\u00e7\u00e3o<\/td>\n<td width=\"85\">nm<\/td>\n<td width=\"94\">1310\/1550<\/td>\n<td width=\"103\">850\/1300<\/td>\n<td width=\"113\">850\/1300<\/td>\n<\/tr>\n<tr>\n<td colspan=\"2\" width=\"262\">Atenua\u00e7\u00e3o<\/td>\n<td width=\"85\">dB\/km<\/td>\n<td width=\"94\">\u22640,34\/0,2<\/td>\n<td width=\"103\">\u22643,0\/1,0<\/td>\n<td width=\"113\">\u22643,0\/1,0<\/td>\n<\/tr>\n<tr>\n<td rowspan=\"2\" width=\"105\">Dispers\u00e3o<\/td>\n<td width=\"156\">1310 nm<\/td>\n<td width=\"85\">Ps\/(nm*km)<\/td>\n<td width=\"94\">\u226418<\/td>\n<td width=\"103\">\u2026..<\/td>\n<td width=\"113\">\u2026..<\/td>\n<\/tr>\n<tr>\n<td width=\"156\">1550 nm<\/td>\n<td width=\"85\">Ps\/(nm*km)<\/td>\n<td width=\"94\">\u226422<\/td>\n<td width=\"103\">\u2026..<\/td>\n<td width=\"113\">\u2026..<\/td>\n<\/tr>\n<tr>\n<td rowspan=\"2\" width=\"105\">Largura de banda<\/td>\n<td width=\"156\">850 nm<\/td>\n<td width=\"85\">MHZ. KM<\/td>\n<td width=\"94\">\u2026..<\/td>\n<td width=\"103\">\u2267400<\/td>\n<td width=\"113\">\u2267160<\/td>\n<\/tr>\n<tr>\n<td width=\"156\">1300 nm<\/td>\n<td width=\"85\">MHZ. KM<\/td>\n<td width=\"94\">\u2026..<\/td>\n<td width=\"103\">\u2267800<\/td>\n<td width=\"113\">\u2267500<\/td>\n<\/tr>\n<tr>\n<td colspan=\"2\" width=\"262\">Comprimento de onda de dispers\u00e3o zero<\/td>\n<td width=\"85\">nm<\/td>\n<td width=\"94\">\u22671302,<\/p>\n<p>\u22641322<\/td>\n<td width=\"103\">\u2026..<\/td>\n<td width=\"113\">\u2026..<\/td>\n<\/tr>\n<tr>\n<td colspan=\"2\" width=\"262\">Inclina\u00e7\u00e3o de dispers\u00e3o zero<\/td>\n<td width=\"85\">nm<\/td>\n<td width=\"94\">\u22640,091<\/td>\n<td width=\"103\">\u2026..<\/td>\n<td width=\"113\">\u2026..<\/td>\n<\/tr>\n<tr>\n<td colspan=\"2\" width=\"262\">Fibra individual m\u00e1xima PMD<\/td>\n<td width=\"85\"><\/td>\n<td width=\"94\">\u22640,2<\/td>\n<td width=\"103\">\u2026..<\/td>\n<td width=\"113\">\u2026..<\/td>\n<\/tr>\n<tr>\n<td colspan=\"2\" width=\"262\">Valor do link do projeto PMD<\/td>\n<td width=\"85\">Ps(nm2*km)<\/td>\n<td width=\"94\">\u22640,08<\/td>\n<td width=\"103\">\u2026..<\/td>\n<td width=\"113\">\u2026..<\/td>\n<\/tr>\n<tr>\n<td colspan=\"2\" width=\"262\">Comprimento de onda de corte da fibra \u03bbc<\/td>\n<td width=\"85\">nm<\/td>\n<td width=\"94\">\u22671180,<\/p>\n<p>\u22641330<\/td>\n<td width=\"103\">\u2026..<\/td>\n<td width=\"113\">\u2026..<\/td>\n<\/tr>\n<tr>\n<td colspan=\"2\" width=\"262\">Comprimento de onda de corte do cabo \u03bbcc<\/td>\n<td width=\"85\">nm<\/td>\n<td width=\"94\">\u22641260<\/td>\n<td width=\"103\">\u2026..<\/td>\n<td width=\"113\">\u2026..<\/td>\n<\/tr>\n<tr>\n<td rowspan=\"2\" width=\"105\">DMF<\/td>\n<td width=\"156\">1310 nm<\/td>\n<td width=\"85\">hum<\/td>\n<td width=\"94\">9,2\u00b10,4<\/td>\n<td width=\"103\">\u2026..<\/td>\n<td width=\"113\">\u2026..<\/td>\n<\/tr>\n<tr>\n<td width=\"156\">1550 nm<\/td>\n<td width=\"85\">hum<\/td>\n<td width=\"94\">10,4\u00b10,8<\/td>\n<td width=\"103\">\u2026..<\/td>\n<td width=\"113\">\u2026..<\/td>\n<\/tr>\n<tr>\n<td colspan=\"2\" width=\"262\">Abertura Num\u00e9rica (NA)<\/td>\n<td width=\"85\"><\/td>\n<td width=\"94\">\u2026\u2026<\/td>\n<td width=\"103\">0,200\u00b10,015<\/td>\n<td width=\"113\">0,275\u00b10,015<\/td>\n<\/tr>\n<tr>\n<td colspan=\"2\" width=\"262\">Etapa (m\u00e9dia da medi\u00e7\u00e3o bidirecional)<\/td>\n<td width=\"85\">dB<\/td>\n<td width=\"94\">\u22640,05<\/td>\n<td width=\"103\">\u22640,10<\/td>\n<td width=\"113\">\u22640,10<\/td>\n<\/tr>\n<tr>\n<td colspan=\"2\" width=\"262\">Irregularidades no comprimento da fibra e descontinuidade pontual<\/td>\n<td width=\"85\">dB<\/td>\n<td width=\"94\">\u22640,05<\/td>\n<td width=\"103\">\u22640,10<\/td>\n<td width=\"113\">\u22640,10<\/td>\n<\/tr>\n<tr>\n<td colspan=\"2\" width=\"262\">Coeficiente de retroespalhamento de diferen\u00e7a<\/td>\n<td width=\"85\">dB\/km<\/td>\n<td width=\"94\">\u22640,03<\/td>\n<td width=\"103\">\u22640,08<\/td>\n<td width=\"113\">\u22640,10<\/td>\n<\/tr>\n<tr>\n<td colspan=\"2\" width=\"262\">Uniformidade de atenua\u00e7\u00e3o<\/td>\n<td width=\"85\">dB\/km<\/td>\n<td width=\"94\">\u22640,01<\/td>\n<td width=\"103\">\u2026\u2026.<\/td>\n<td width=\"113\">\u2026\u2026.<\/td>\n<\/tr>\n<tr>\n<td colspan=\"2\" width=\"262\">Di\u00e2metro do n\u00facleo<\/td>\n<td width=\"85\">hum<\/td>\n<td width=\"94\">\u2026\u2026<\/td>\n<td width=\"103\">50\u00b11,0<\/td>\n<td width=\"113\">62,5\u00b12,5<\/td>\n<\/tr>\n<tr>\n<td colspan=\"2\" width=\"262\">Di\u00e2metro do revestimento<\/td>\n<td width=\"85\">hum<\/td>\n<td width=\"94\">125,0\u00b10,1<\/td>\n<td width=\"103\">125,0\u00b10,1<\/td>\n<td width=\"113\">125,0\u00b10,1<\/td>\n<\/tr>\n<tr>\n<td colspan=\"2\" width=\"262\">N\u00e3o circularidade do revestimento<\/td>\n<td width=\"85\">%<\/td>\n<td width=\"94\">\u22641,0<\/td>\n<td width=\"103\">\u22641,0<\/td>\n<td width=\"113\">\u22641,0<\/td>\n<\/tr>\n<tr>\n<td colspan=\"2\" width=\"262\">Di\u00e2metro do revestimento<\/td>\n<td width=\"85\">hum<\/td>\n<td width=\"94\">242\u00b17<\/td>\n<td width=\"103\">242\u00b17<\/td>\n<td width=\"113\">242\u00b17<\/td>\n<\/tr>\n<tr>\n<td colspan=\"2\" width=\"262\">Erro conc\u00eantrico de revestimento\/tentilh\u00e3o<\/td>\n<td width=\"85\">hum<\/td>\n<td width=\"94\">\u226412,0<\/td>\n<td width=\"103\">\u226412,0<\/td>\n<td width=\"113\">\u226412,0<\/td>\n<\/tr>\n<tr>\n<td colspan=\"2\" width=\"262\">N\u00e3o circularidade do revestimento<\/td>\n<td width=\"85\">%<\/td>\n<td width=\"94\">\u22646,0<\/td>\n<td width=\"103\">\u22646,0<\/td>\n<td width=\"113\">\u22646,0<\/td>\n<\/tr>\n<tr>\n<td colspan=\"2\" width=\"262\">Erro de concentricidade do n\u00facleo\/revestimento<\/td>\n<td width=\"85\">hum<\/td>\n<td width=\"94\">\u22640,6<\/td>\n<td width=\"103\">\u22641,5<\/td>\n<td width=\"113\">\u22641,5<\/td>\n<\/tr>\n<tr>\n<td colspan=\"2\" width=\"262\">Ondula\u00e7\u00e3o (raio)<\/td>\n<td width=\"85\">hum<\/td>\n<td width=\"94\">\u22644<\/td>\n<td width=\"103\">\u2026..<\/td>\n<td width=\"113\">\u2026..<\/td>\n<\/tr>\n<\/tbody>\n<\/table>","protected":false},"excerpt":{"rendered":"<p>O cabo Loose Tube Central 2-12F 4,0mm tem sua unidade de fibra \u00f3ptica posicionada no centro de um tubo Loose PBT de alta dureza. Este tubo PBT oferece uma prote\u00e7\u00e3o muito boa \u00e0 fibra. Um fio de aramida envolve o tubo PBT. O fio de aramida oferece alto desempenho de tra\u00e7\u00e3o ao cabo. Ent\u00e3o um cord\u00e3o de abertura \u00e9 [\u2026]<\/p>","protected":false},"featured_media":11284,"comment_status":"closed","ping_status":"closed","template":"","meta":{"site-sidebar-layout":"default","site-content-layout":"","ast-site-content-layout":"default","site-content-style":"default","site-sidebar-style":"default","ast-global-header-display":"","ast-banner-title-visibility":"","ast-main-header-display":"","ast-hfb-above-header-display":"","ast-hfb-below-header-display":"","ast-hfb-mobile-header-display":"","site-post-title":"","ast-breadcrumbs-content":"","ast-featured-img":"","footer-sml-layout":"","theme-transparent-header-meta":"default","adv-header-id-meta":"","stick-header-meta":"default","header-above-stick-meta":"","header-main-stick-meta":"","header-below-stick-meta":"","astra-migrate-meta-layouts":"set","ast-page-background-enabled":"default","ast-page-background-meta":{"desktop":{"background-color":"var(--ast-global-color-4)","background-image":"","background-repeat":"repeat","background-position":"center center","background-size":"auto","background-attachment":"scroll","background-type":"","background-media":"","overlay-type":"","overlay-color":"","overlay-gradient":""},"tablet":{"background-color":"","background-image":"","background-repeat":"repeat","background-position":"center center","background-size":"auto","background-attachment":"scroll","background-type":"","background-media":"","overlay-type":"","overlay-color":"","overlay-gradient":""},"mobile":{"background-color":"","background-image":"","background-repeat":"repeat","background-position":"center center","background-size":"auto","background-attachment":"scroll","background-type":"","background-media":"","overlay-type":"","overlay-color":"","overlay-gradient":""}},"ast-content-background-meta":{"desktop":{"background-color":"var(--ast-global-color-5)","background-image":"","background-repeat":"repeat","background-position":"center center","background-size":"auto","background-attachment":"scroll","background-type":"","background-media":"","overlay-type":"","overlay-color":"","overlay-gradient":""},"tablet":{"background-color":"var(--ast-global-color-5)","background-image":"","background-repeat":"repeat","background-position":"center center","background-size":"auto","background-attachment":"scroll","background-type":"","background-media":"","overlay-type":"","overlay-color":"","overlay-gradient":""},"mobile":{"background-color":"var(--ast-global-color-5)","background-image":"","background-repeat":"repeat","background-position":"center center","background-size":"auto","background-attachment":"scroll","background-type":"","background-media":"","overlay-type":"","overlay-color":"","overlay-gradient":""}}},"product_cat":[144,126],"product_tag":[],"class_list":{"0":"post-11281","1":"product","2":"type-product","3":"status-publish","4":"has-post-thumbnail","6":"product_cat-central-loose-tubetype-with-gel","7":"product_cat-indooroutdoor-cable","8":"desktop-align-left","9":"tablet-align-left","10":"mobile-align-left","11":"ast-product-gallery-layout-horizontal-slider","12":"ast-product-tabs-layout-horizontal","14":"first","15":"instock","16":"shipping-taxable","17":"product-type-simple"},"acf":[],"_links":{"self":[{"href":"https:\/\/www.omccable.com\/pt\/wp-json\/wp\/v2\/product\/11281","targetHints":{"allow":["GET"]}}],"collection":[{"href":"https:\/\/www.omccable.com\/pt\/wp-json\/wp\/v2\/product"}],"about":[{"href":"https:\/\/www.omccable.com\/pt\/wp-json\/wp\/v2\/types\/product"}],"replies":[{"embeddable":true,"href":"https:\/\/www.omccable.com\/pt\/wp-json\/wp\/v2\/comments?post=11281"}],"version-history":[{"count":2,"href":"https:\/\/www.omccable.com\/pt\/wp-json\/wp\/v2\/product\/11281\/revisions"}],"predecessor-version":[{"id":13272,"href":"https:\/\/www.omccable.com\/pt\/wp-json\/wp\/v2\/product\/11281\/revisions\/13272"}],"wp:featuredmedia":[{"embeddable":true,"href":"https:\/\/www.omccable.com\/pt\/wp-json\/wp\/v2\/media\/11284"}],"wp:attachment":[{"href":"https:\/\/www.omccable.com\/pt\/wp-json\/wp\/v2\/media?parent=11281"}],"wp:term":[{"taxonomy":"product_cat","embeddable":true,"href":"https:\/\/www.omccable.com\/pt\/wp-json\/wp\/v2\/product_cat?post=11281"},{"taxonomy":"product_tag","embeddable":true,"href":"https:\/\/www.omccable.com\/pt\/wp-json\/wp\/v2\/product_tag?post=11281"}],"curies":[{"name":"wp","href":"https:\/\/api.w.org\/{rel}","templated":true}]}}