{"id":11239,"date":"2024-07-02T09:34:25","date_gmt":"2024-07-02T01:34:25","guid":{"rendered":"https:\/\/www.omccable.com\/?post_type=product&#038;p=11239"},"modified":"2024-07-02T09:34:26","modified_gmt":"2024-07-02T01:34:26","slug":"48f-aerial-self-supporting-fig-8-stranded-loose-tube-armored-cable-gytc8a","status":"publish","type":"product","link":"https:\/\/www.omccable.com\/pt\/produto\/48f-aerial-self-supporting-fig-8-stranded-loose-tube-armored-cable-gytc8a\/","title":{"rendered":"48F A\u00e9reo Autossuficiente Fig 8 Cabo Blindado de Tubo Solto Torcido GYTC8A"},"content":{"rendered":"<p>Nos MAC <strong><b>48F A\u00e9reo Autoportante Fig 8 Cabo Blindado de Tubo Solto Torcido GYTC8A<\/b><\/strong>, Um<strong><b>\u00a0<\/b><\/strong><strong><b>A\u00e7o<\/b><\/strong><strong><b>\u00a0<\/b><\/strong><strong><b>arame<\/b><\/strong>A camada de almofada &amp;PE est\u00e1 localizada no centro do n\u00facleo como um membro de resist\u00eancia met\u00e1lica. As fibras monomodo\/multimodo s\u00e3o posicionadas no tubo solto, que \u00e9 feito de materiais PBT e preenchido com composto de enchimento. H\u00e1 uma fita APL cobrindo os tubos PBT. Em seguida, uma bainha de materiais HDPE cobriu a fita APL para garantir a compacta\u00e7\u00e3o e o desempenho longitudinal de bloqueio de \u00e1gua.<\/p>\n<p>&nbsp;<\/p>\n<p><strong><b>Cor padr\u00e3o da fibra e do tubo<\/b><\/strong><\/p>\n<p>O c\u00f3digo de cores das fibras individuais deve estar de acordo com a tabela abaixo:<\/p>\n<table>\n<tbody>\n<tr>\n<td width=\"179\">N\u00e3o.<\/td>\n<td width=\"94\">1<\/td>\n<td width=\"85\">2<\/td>\n<td width=\"85\">3<\/td>\n<td width=\"94\">4<\/td>\n<td width=\"85\">5<\/td>\n<td width=\"87\">6<\/td>\n<\/tr>\n<tr>\n<td width=\"179\">Cor<\/td>\n<td width=\"94\">Azul<\/td>\n<td width=\"85\">Laranja<\/td>\n<td width=\"85\">Verde<\/td>\n<td width=\"94\">Marrom<\/td>\n<td width=\"85\">Ard\u00f3sia<\/td>\n<td width=\"87\">Branco<\/td>\n<\/tr>\n<tr>\n<td width=\"179\">N\u00e3o.<\/td>\n<td width=\"94\">7<\/td>\n<td width=\"85\">8<\/td>\n<td width=\"85\">9<\/td>\n<td width=\"94\">10<\/td>\n<td width=\"85\">11<\/td>\n<td width=\"87\">12<\/td>\n<\/tr>\n<tr>\n<td width=\"179\">Cor<\/td>\n<td width=\"94\">Vermelho<\/td>\n<td width=\"85\">Preto<\/td>\n<td width=\"85\">Amarelo<\/td>\n<td width=\"94\">Violeta<\/td>\n<td width=\"85\">Rosa<\/td>\n<td width=\"87\">\u00c1gua<\/td>\n<\/tr>\n<\/tbody>\n<\/table>\n<p>&nbsp;<\/p>\n<p><strong><b>Cabo<\/b><\/strong><strong><b>\u00a0Par\u00e2metro de estrutura<\/b><\/strong><\/p>\n<table>\n<tbody>\n<tr>\n<td width=\"217\"><strong><b>Item<\/b><\/strong><\/td>\n<td width=\"141\"><strong><b>Conte\u00fado<\/b><\/strong><\/td>\n<td width=\"66\"><strong><b>Unidade<\/b><\/strong><\/td>\n<td width=\"283\"><strong><b>Valor<\/b><\/strong><\/td>\n<\/tr>\n<tr>\n<td width=\"217\">Contagem de fibras<\/td>\n<td width=\"141\">N\u00famero<\/td>\n<td width=\"66\">\/<\/td>\n<td width=\"283\">48<\/td>\n<\/tr>\n<tr>\n<td width=\"217\">Tipo de fibra<\/td>\n<td width=\"141\">\/<\/td>\n<td width=\"66\">\/<\/td>\n<td width=\"283\">G652D<\/td>\n<\/tr>\n<tr>\n<td width=\"217\">Estrutura do cabo<\/td>\n<td width=\"141\">\/<\/td>\n<td width=\"66\">\/<\/td>\n<td width=\"283\">1+5<\/td>\n<\/tr>\n<tr>\n<td width=\"217\">Fibras por tubo<\/td>\n<td width=\"141\">Contar<\/td>\n<td width=\"66\">\/<\/td>\n<td width=\"283\">12<\/td>\n<\/tr>\n<tr>\n<td rowspan=\"2\" width=\"217\">Tubo solto<\/td>\n<td width=\"141\">Materiais<\/td>\n<td width=\"66\">\/<\/td>\n<td width=\"283\">PBT<\/td>\n<\/tr>\n<tr>\n<td width=\"141\">Di\u00e2metro nominal<\/td>\n<td width=\"66\">mil\u00edmetros<\/td>\n<td width=\"283\">1.9<\/td>\n<\/tr>\n<tr>\n<td rowspan=\"3\" width=\"217\">Membro de for\u00e7a central<\/td>\n<td width=\"141\">Materiais<\/td>\n<td width=\"66\">\/<\/td>\n<td width=\"283\">Camada de almofada de fio de a\u00e7o e PE<\/td>\n<\/tr>\n<tr>\n<td width=\"141\">Di\u00e2metro nominal<\/td>\n<td width=\"66\">mil\u00edmetros<\/td>\n<td width=\"283\">1.5<\/td>\n<\/tr>\n<tr>\n<td width=\"141\">Almofada PE<\/td>\n<td width=\"66\">mil\u00edmetros<\/td>\n<td width=\"283\">\u2013<\/td>\n<\/tr>\n<tr>\n<td width=\"217\">Sistema de bloqueio de \u00e1gua<\/td>\n<td width=\"141\">Materiais<\/td>\n<td width=\"66\">&nbsp;<\/td>\n<td width=\"283\">composto de enchimento bloqueador de \u00e1gua<\/td>\n<\/tr>\n<tr>\n<td width=\"217\">Elemento de resist\u00eancia perif\u00e9rica<\/td>\n<td width=\"141\">Materiais<\/td>\n<td width=\"66\">&nbsp;<\/td>\n<td width=\"283\">Fita de alum\u00ednio<\/td>\n<\/tr>\n<tr>\n<td rowspan=\"2\" width=\"217\">Fios mensageiros<\/td>\n<td width=\"141\">Dimens\u00e3o Nominal<\/td>\n<td width=\"66\">mil\u00edmetros<\/td>\n<td width=\"283\">Cord\u00e3o de a\u00e7o galvanizado 7*1,2<\/td>\n<\/tr>\n<tr>\n<td width=\"141\">Espessura nominal<\/td>\n<td width=\"66\">mil\u00edmetros<\/td>\n<td width=\"283\">1.0<\/td>\n<\/tr>\n<tr>\n<td rowspan=\"2\" width=\"217\">Atenua\u00e7\u00e3o (ap\u00f3s cabo)<\/td>\n<td width=\"141\">1310 nm<\/td>\n<td width=\"66\">dB\/km<\/td>\n<td width=\"283\">\u22640,36<\/td>\n<\/tr>\n<tr>\n<td width=\"141\">1550 nm<\/td>\n<td width=\"66\">dB\/km<\/td>\n<td width=\"283\">\u22640,22<\/td>\n<\/tr>\n<tr>\n<td rowspan=\"2\" width=\"217\">Bainha Externa<\/td>\n<td width=\"141\">Cor<\/td>\n<td width=\"66\">&nbsp;<\/td>\n<td width=\"283\">Preto<\/td>\n<\/tr>\n<tr>\n<td width=\"141\">Espessura nominal<\/td>\n<td width=\"66\">mil\u00edmetros<\/td>\n<td width=\"283\">1.7<\/td>\n<\/tr>\n<tr>\n<td width=\"217\">Di\u00e2metro do cabo<\/td>\n<td width=\"141\">\u00b11,0<\/td>\n<td width=\"66\">mil\u00edmetros<\/td>\n<td width=\"283\">9.4*17.0<\/td>\n<\/tr>\n<tr>\n<td width=\"217\">Peso do cabo<\/td>\n<td width=\"141\">\u00b110%<\/td>\n<td width=\"66\">kg\/km<\/td>\n<td width=\"283\">171<\/td>\n<\/tr>\n<\/tbody>\n<\/table>\n<p><strong><b>\u00a0<\/b><\/strong><\/p>\n<p><strong><b>Desempenho Mec\u00e2nico e Ambiental<\/b><\/strong><\/p>\n<table>\n<tbody>\n<tr>\n<td width=\"229\"><strong>Item<\/strong><\/td>\n<td width=\"205\"><strong>Conte\u00fado<\/strong><\/td>\n<td width=\"274\"><strong>Valor<\/strong><\/td>\n<\/tr>\n<tr>\n<td rowspan=\"2\" width=\"229\">M\u00e1x. carga de tra\u00e7\u00e3o<\/td>\n<td width=\"205\">Curto prazo<\/td>\n<td width=\"274\">7000N\uff08Tens\u00e3o da fibra\u22640,6\uff05\uff09<\/td>\n<\/tr>\n<tr>\n<td width=\"205\">Longo prazo<\/td>\n<td width=\"274\">3000N<\/td>\n<\/tr>\n<tr>\n<td rowspan=\"2\" width=\"229\">M\u00e1x. resist\u00eancia ao esmagamento<\/td>\n<td width=\"205\">Curto prazo<\/td>\n<td width=\"274\">1000 N\/100mm<\/td>\n<\/tr>\n<tr>\n<td width=\"205\">Longo prazo<\/td>\n<td width=\"274\">500 N\/100 mm<\/td>\n<\/tr>\n<tr>\n<td rowspan=\"2\" width=\"229\">Min. raio de curvatura<\/td>\n<td width=\"205\">Instala\u00e7\u00e3o<\/td>\n<td width=\"274\">25x di\u00e2metro do cabo<\/td>\n<\/tr>\n<tr>\n<td width=\"205\">Opera\u00e7\u00e3o<\/td>\n<td width=\"274\">15 x di\u00e2metro do cabo<\/td>\n<\/tr>\n<tr>\n<td rowspan=\"3\" width=\"229\">Faixa de temperatura<\/td>\n<td width=\"205\">Opera\u00e7\u00e3o<\/td>\n<td width=\"274\">-20\u2103 ~ +60\u2103<\/td>\n<\/tr>\n<tr>\n<td width=\"205\">Instala\u00e7\u00e3o<\/td>\n<td width=\"274\">-40\u2103 ~ +70\u2103<\/td>\n<\/tr>\n<tr>\n<td width=\"205\">Armazenamento\/transporte<\/td>\n<td width=\"274\">-40\u2103 ~ +60\u2103<\/td>\n<\/tr>\n<\/tbody>\n<\/table>\n<p>&nbsp;<\/p>\n<p><strong><b>Par\u00e2metros t\u00e9cnicos da fibra \u00f3ptica <\/b><\/strong><\/p>\n<table>\n<tbody>\n<tr>\n<td colspan=\"2\" width=\"311\"><strong>Estilo fibra<\/strong><\/td>\n<td width=\"85\"><strong>Unidade<\/strong><\/td>\n<td width=\"94\"><strong>PE 9\/125<\/strong><\/td>\n<td width=\"104\"><strong>Mil\u00edmetros 50\/125<\/strong><\/td>\n<td width=\"113\"><strong>MS 62,5\/125<\/strong><\/td>\n<\/tr>\n<tr>\n<td colspan=\"2\" width=\"311\">Condi\u00e7\u00e3o<\/td>\n<td width=\"85\">nm<\/td>\n<td width=\"94\">1310\/1550<\/td>\n<td width=\"104\">850\/1300<\/td>\n<td width=\"113\">850\/1300<\/td>\n<\/tr>\n<tr>\n<td colspan=\"2\" width=\"311\">Atenua\u00e7\u00e3o<\/td>\n<td width=\"85\">dB\/km<\/td>\n<td width=\"94\">\u22640,34\/0,2<\/td>\n<td width=\"104\">\u22643,0\/1,0<\/td>\n<td width=\"113\">\u22643,0\/1,0<\/td>\n<\/tr>\n<tr>\n<td rowspan=\"2\" width=\"141\">Dispers\u00e3o<\/td>\n<td width=\"170\">1310 nm<\/td>\n<td width=\"85\">Ps\/(nm*km)<\/td>\n<td width=\"94\">\u226418<\/td>\n<td width=\"104\">\u2026..<\/td>\n<td width=\"113\">\u2026..<\/td>\n<\/tr>\n<tr>\n<td width=\"170\">1550 nm<\/td>\n<td width=\"85\">Ps\/(nm*km)<\/td>\n<td width=\"94\">\u226422<\/td>\n<td width=\"104\">\u2026..<\/td>\n<td width=\"113\">\u2026..<\/td>\n<\/tr>\n<tr>\n<td rowspan=\"2\" width=\"141\">Largura de banda<\/td>\n<td width=\"170\">850 nm<\/td>\n<td width=\"85\">MHZ. KM<\/td>\n<td width=\"94\">\u2026..<\/td>\n<td width=\"104\">\u2267400<\/td>\n<td width=\"113\">\u2267160<\/td>\n<\/tr>\n<tr>\n<td width=\"170\">1300 nm<\/td>\n<td width=\"85\">MHZ. KM<\/td>\n<td width=\"94\">\u2026..<\/td>\n<td width=\"104\">\u2267800<\/td>\n<td width=\"113\">\u2267500<\/td>\n<\/tr>\n<tr>\n<td colspan=\"2\" width=\"311\">Comprimento de onda de dispers\u00e3o zero<\/td>\n<td width=\"85\">nm<\/td>\n<td width=\"94\">\u22671302,<\/p>\n<p>\u22641322<\/td>\n<td width=\"104\">\u2026..<\/td>\n<td width=\"113\">\u2026..<\/td>\n<\/tr>\n<tr>\n<td colspan=\"2\" width=\"311\">Inclina\u00e7\u00e3o de dispers\u00e3o zero<\/td>\n<td width=\"85\">nm<\/td>\n<td width=\"94\">\u22640,091<\/td>\n<td width=\"104\">\u2026..<\/td>\n<td width=\"113\">\u2026..<\/td>\n<\/tr>\n<tr>\n<td colspan=\"2\" width=\"311\">Fibra individual m\u00e1xima PMD<\/td>\n<td width=\"85\">&nbsp;<\/td>\n<td width=\"94\">\u22640,2<\/td>\n<td width=\"104\">\u2026..<\/td>\n<td width=\"113\">\u2026..<\/td>\n<\/tr>\n<tr>\n<td colspan=\"2\" width=\"311\">Valor do link do projeto PMD<\/td>\n<td width=\"85\">Ps(nm2*km)<\/td>\n<td width=\"94\">\u22640,08<\/td>\n<td width=\"104\">\u2026..<\/td>\n<td width=\"113\">\u2026..<\/td>\n<\/tr>\n<tr>\n<td colspan=\"2\" width=\"311\">Comprimento de onda de corte da fibra \u03bbc<\/td>\n<td width=\"85\">nm<\/td>\n<td width=\"94\">\u22671180,<\/p>\n<p>\u22641330<\/td>\n<td width=\"104\">\u2026..<\/td>\n<td width=\"113\">\u2026..<\/td>\n<\/tr>\n<tr>\n<td colspan=\"2\" width=\"311\">Comprimento de onda de corte do cabo \u03bbcc<\/td>\n<td width=\"85\">nm<\/td>\n<td width=\"94\">\u22641260<\/td>\n<td width=\"104\">\u2026..<\/td>\n<td width=\"113\">\u2026..<\/td>\n<\/tr>\n<tr>\n<td rowspan=\"2\" width=\"141\">DMF<\/td>\n<td width=\"170\">1310 nm<\/td>\n<td width=\"85\">hum<\/td>\n<td width=\"94\">9,2\u00b10,4<\/td>\n<td width=\"104\">\u2026..<\/td>\n<td width=\"113\">\u2026..<\/td>\n<\/tr>\n<tr>\n<td width=\"170\">1550 nm<\/td>\n<td width=\"85\">hum<\/td>\n<td width=\"94\">10,4\u00b10,8<\/td>\n<td width=\"104\">\u2026..<\/td>\n<td width=\"113\">\u2026..<\/td>\n<\/tr>\n<tr>\n<td colspan=\"2\" width=\"311\">Abertura Num\u00e9rica (NA)<\/td>\n<td width=\"85\">&nbsp;<\/td>\n<td width=\"94\">\u2026\u2026<\/td>\n<td width=\"104\">0,200\u00b10,015<\/td>\n<td width=\"113\">0,275\u00b10,015<\/td>\n<\/tr>\n<tr>\n<td colspan=\"2\" width=\"311\">Etapa (m\u00e9dia da medi\u00e7\u00e3o bidirecional)<\/td>\n<td width=\"85\">dB<\/td>\n<td width=\"94\">\u22640,05<\/td>\n<td width=\"104\">\u22640,10<\/td>\n<td width=\"113\">\u22640,10<\/td>\n<\/tr>\n<tr>\n<td colspan=\"2\" width=\"311\">Irregularidades no comprimento da fibra e descontinuidade pontual<\/td>\n<td width=\"85\">dB<\/td>\n<td width=\"94\">\u22640,05<\/td>\n<td width=\"104\">\u22640,10<\/td>\n<td width=\"113\">\u22640,10<\/td>\n<\/tr>\n<tr>\n<td colspan=\"2\" width=\"311\">Coeficiente de retroespalhamento de diferen\u00e7a<\/td>\n<td width=\"85\">dB\/km<\/td>\n<td width=\"94\">\u22640,03<\/td>\n<td width=\"104\">\u22640,08<\/td>\n<td width=\"113\">\u22640,10<\/td>\n<\/tr>\n<tr>\n<td colspan=\"2\" width=\"311\">Uniformidade de atenua\u00e7\u00e3o<\/td>\n<td width=\"85\">dB\/km<\/td>\n<td width=\"94\">\u22640,01<\/td>\n<td width=\"104\">\u2026\u2026.<\/td>\n<td width=\"113\">\u2026\u2026.<\/td>\n<\/tr>\n<tr>\n<td colspan=\"2\" width=\"311\">Di\u00e2metro do n\u00facleo<\/td>\n<td width=\"85\">hum<\/td>\n<td width=\"94\">\u2026\u2026<\/td>\n<td width=\"104\">50\u00b11,0<\/td>\n<td width=\"113\">62,5\u00b12,5<\/td>\n<\/tr>\n<tr>\n<td colspan=\"2\" width=\"311\">Di\u00e2metro do revestimento<\/td>\n<td width=\"85\">hum<\/td>\n<td width=\"94\">125,0\u00b10,1<\/td>\n<td width=\"104\">125,0\u00b10,1<\/td>\n<td width=\"113\">125,0\u00b10,1<\/td>\n<\/tr>\n<tr>\n<td colspan=\"2\" width=\"311\">N\u00e3o circularidade do revestimento<\/td>\n<td width=\"85\">%<\/td>\n<td width=\"94\">\u22641,0<\/td>\n<td width=\"104\">\u22641,0<\/td>\n<td width=\"113\">\u22641,0<\/td>\n<\/tr>\n<tr>\n<td colspan=\"2\" width=\"311\">Di\u00e2metro do revestimento<\/td>\n<td width=\"85\">hum<\/td>\n<td width=\"94\">242\u00b17<\/td>\n<td width=\"104\">242\u00b17<\/td>\n<td width=\"113\">242\u00b17<\/td>\n<\/tr>\n<tr>\n<td colspan=\"2\" width=\"311\">Erro conc\u00eantrico de revestimento\/tentilh\u00e3o<\/td>\n<td width=\"85\">hum<\/td>\n<td width=\"94\">\u226412,0<\/td>\n<td width=\"104\">\u226412,0<\/td>\n<td width=\"113\">\u226412,0<\/td>\n<\/tr>\n<tr>\n<td colspan=\"2\" width=\"311\">N\u00e3o circularidade do revestimento<\/td>\n<td width=\"85\">%<\/td>\n<td width=\"94\">\u22646,0<\/td>\n<td width=\"104\">\u22646,0<\/td>\n<td width=\"113\">\u22646,0<\/td>\n<\/tr>\n<tr>\n<td colspan=\"2\" width=\"311\">Erro de concentricidade do n\u00facleo\/revestimento<\/td>\n<td width=\"85\">hum<\/td>\n<td width=\"94\">\u22640,6<\/td>\n<td width=\"104\">\u22641,5<\/td>\n<td width=\"113\">\u22641,5<\/td>\n<\/tr>\n<tr>\n<td colspan=\"2\" width=\"311\">Ondula\u00e7\u00e3o (raio)<\/td>\n<td width=\"85\">hum<\/td>\n<td width=\"94\">\u22644<\/td>\n<td width=\"104\">\u2026..<\/td>\n<td width=\"113\">\u2026..<\/td>\n<\/tr>\n<\/tbody>\n<\/table>","protected":false},"excerpt":{"rendered":"<p>No cabo blindado de tubo solto tran\u00e7ado GYTC8A 48F a\u00e9reo autoportante Fig 8 da OMC, um fio de a\u00e7o e uma camada de almofada de PE est\u00e3o localizados no centro do n\u00facleo como um membro de resist\u00eancia met\u00e1lica. As fibras monomodo\/multimodo s\u00e3o posicionadas no tubo solto, que \u00e9 feito de materiais PBT e preenchido com composto de enchimento. H\u00e1 uma fita APL cobrindo os tubos PBT. Ent\u00e3o, materiais HDPE [...]<\/p>","protected":false},"featured_media":11241,"comment_status":"closed","ping_status":"closed","template":"","meta":{"site-sidebar-layout":"default","site-content-layout":"","ast-site-content-layout":"default","site-content-style":"default","site-sidebar-style":"default","ast-global-header-display":"","ast-banner-title-visibility":"","ast-main-header-display":"","ast-hfb-above-header-display":"","ast-hfb-below-header-display":"","ast-hfb-mobile-header-display":"","site-post-title":"","ast-breadcrumbs-content":"","ast-featured-img":"","footer-sml-layout":"","theme-transparent-header-meta":"default","adv-header-id-meta":"","stick-header-meta":"default","header-above-stick-meta":"","header-main-stick-meta":"","header-below-stick-meta":"","astra-migrate-meta-layouts":"set","ast-page-background-enabled":"default","ast-page-background-meta":{"desktop":{"background-color":"var(--ast-global-color-4)","background-image":"","background-repeat":"repeat","background-position":"center center","background-size":"auto","background-attachment":"scroll","background-type":"","background-media":"","overlay-type":"","overlay-color":"","overlay-gradient":""},"tablet":{"background-color":"","background-image":"","background-repeat":"repeat","background-position":"center center","background-size":"auto","background-attachment":"scroll","background-type":"","background-media":"","overlay-type":"","overlay-color":"","overlay-gradient":""},"mobile":{"background-color":"","background-image":"","background-repeat":"repeat","background-position":"center center","background-size":"auto","background-attachment":"scroll","background-type":"","background-media":"","overlay-type":"","overlay-color":"","overlay-gradient":""}},"ast-content-background-meta":{"desktop":{"background-color":"var(--ast-global-color-5)","background-image":"","background-repeat":"repeat","background-position":"center center","background-size":"auto","background-attachment":"scroll","background-type":"","background-media":"","overlay-type":"","overlay-color":"","overlay-gradient":""},"tablet":{"background-color":"var(--ast-global-color-5)","background-image":"","background-repeat":"repeat","background-position":"center center","background-size":"auto","background-attachment":"scroll","background-type":"","background-media":"","overlay-type":"","overlay-color":"","overlay-gradient":""},"mobile":{"background-color":"var(--ast-global-color-5)","background-image":"","background-repeat":"repeat","background-position":"center center","background-size":"auto","background-attachment":"scroll","background-type":"","background-media":"","overlay-type":"","overlay-color":"","overlay-gradient":""}}},"product_cat":[139,124],"product_tag":[],"class_list":{"0":"post-11239","1":"product","2":"type-product","3":"status-publish","4":"has-post-thumbnail","6":"product_cat-armored-outdoor-cable","7":"product_cat-outdoor-cable","8":"desktop-align-left","9":"tablet-align-left","10":"mobile-align-left","11":"ast-product-gallery-layout-horizontal-slider","12":"ast-product-tabs-layout-horizontal","14":"first","15":"instock","16":"shipping-taxable","17":"product-type-simple"},"acf":[],"_links":{"self":[{"href":"https:\/\/www.omccable.com\/pt\/wp-json\/wp\/v2\/product\/11239","targetHints":{"allow":["GET"]}}],"collection":[{"href":"https:\/\/www.omccable.com\/pt\/wp-json\/wp\/v2\/product"}],"about":[{"href":"https:\/\/www.omccable.com\/pt\/wp-json\/wp\/v2\/types\/product"}],"replies":[{"embeddable":true,"href":"https:\/\/www.omccable.com\/pt\/wp-json\/wp\/v2\/comments?post=11239"}],"version-history":[{"count":1,"href":"https:\/\/www.omccable.com\/pt\/wp-json\/wp\/v2\/product\/11239\/revisions"}],"predecessor-version":[{"id":11244,"href":"https:\/\/www.omccable.com\/pt\/wp-json\/wp\/v2\/product\/11239\/revisions\/11244"}],"wp:featuredmedia":[{"embeddable":true,"href":"https:\/\/www.omccable.com\/pt\/wp-json\/wp\/v2\/media\/11241"}],"wp:attachment":[{"href":"https:\/\/www.omccable.com\/pt\/wp-json\/wp\/v2\/media?parent=11239"}],"wp:term":[{"taxonomy":"product_cat","embeddable":true,"href":"https:\/\/www.omccable.com\/pt\/wp-json\/wp\/v2\/product_cat?post=11239"},{"taxonomy":"product_tag","embeddable":true,"href":"https:\/\/www.omccable.com\/pt\/wp-json\/wp\/v2\/product_tag?post=11239"}],"curies":[{"name":"wp","href":"https:\/\/api.w.org\/{rel}","templated":true}]}}