{"id":11178,"date":"2024-07-01T16:48:51","date_gmt":"2024-07-01T08:48:51","guid":{"rendered":"https:\/\/www.omccable.com\/?post_type=product&#038;p=11178"},"modified":"2024-07-01T16:48:51","modified_gmt":"2024-07-01T08:48:51","slug":"2-144f-stranded-loose-tube-armored-cable-gyts-pe","status":"publish","type":"product","link":"https:\/\/www.omccable.com\/pt\/produto\/2-144f-stranded-loose-tube-armored-cable-gyts-pe\/","title":{"rendered":"Cabo blindado de tubo solto tran\u00e7ado 2-144F (GYTS) PE"},"content":{"rendered":"<p>Nos MAC <strong><b>Cabo HDPE blindado de tubo solto tran\u00e7ado 2-144F (GYTS).<\/b><\/strong>\u00a0A <strong><b>Fosfata\u00e7\u00e3o<\/b><\/strong><strong><b>\u00a0<\/b><\/strong><strong><b>a\u00e7o<\/b><\/strong><strong><b>\u00a0<\/b><\/strong><strong><b>arame<\/b><\/strong>\u00a0A camada de almofada de PE (enquanto necess\u00e1rio) est\u00e1 localizada no centro do n\u00facleo como um membro de resist\u00eancia met\u00e1lica. As fibras monomodo\/multimodo s\u00e3o posicionadas no tubo solto, que \u00e9 feito de materiais PBT e preenchido com composto de enchimento. <strong><b>Tubos PBT (e enchimentos) <\/b><\/strong>s\u00e3o tran\u00e7ados em torno do membro de for\u00e7a central em um n\u00facleo de cabo compacto e circular. Ent\u00e3o um<strong><b>\u00a0<\/b><\/strong><strong><b>Fita de a\u00e7o corrugado<\/b><\/strong>\u00a0\u00e9 aplicado longitudinalmente sobre o n\u00facleo do cabo, que \u00e9 preenchido com o composto de enchimento para proteg\u00ea-lo da entrada de \u00e1gua. O cabo \u00e9 completado com uma bainha PE.<\/p>\n<p>&nbsp;<\/p>\n<p><strong><b>Cor padr\u00e3o da fibra e do tubo<\/b><\/strong><\/p>\n<p>O c\u00f3digo de cores das fibras individuais deve estar de acordo com a tabela abaixo<\/p>\n<table>\n<tbody>\n<tr>\n<td width=\"124\"><strong>N\u00e3o.<\/strong><\/td>\n<td width=\"94\">1<\/td>\n<td width=\"94\">2<\/td>\n<td width=\"85\">3<\/td>\n<td width=\"94\">4<\/td>\n<td width=\"94\">5<\/td>\n<td width=\"103\">6<\/td>\n<\/tr>\n<tr>\n<td width=\"124\"><strong>Cor<\/strong><\/td>\n<td width=\"94\">Azul<\/td>\n<td width=\"94\">Laranja<\/td>\n<td width=\"85\">Verde<\/td>\n<td width=\"94\">Marrom<\/td>\n<td width=\"94\">Cinza<\/td>\n<td width=\"103\">Branco<\/td>\n<\/tr>\n<tr>\n<td width=\"124\"><strong>N\u00e3o.<\/strong><\/td>\n<td width=\"94\">7<\/td>\n<td width=\"94\">8<\/td>\n<td width=\"85\">9<\/td>\n<td width=\"94\">10<\/td>\n<td width=\"94\">11<\/td>\n<td width=\"103\">12<\/td>\n<\/tr>\n<tr>\n<td width=\"124\"><strong>Cor<\/strong><\/td>\n<td width=\"94\">Vermelho<\/td>\n<td width=\"94\">Preto<\/td>\n<td width=\"85\">Amarelo<\/td>\n<td width=\"94\">Violeta<\/td>\n<td width=\"94\">Rosa<\/td>\n<td width=\"103\">\u00c1gua<\/td>\n<\/tr>\n<\/tbody>\n<\/table>\n<p>C\u00f3digo de cores do tubo para fibras 12~144:<\/p>\n<table>\n<tbody>\n<tr>\n<td width=\"124\"><strong>N\u00e3o.<\/strong><\/td>\n<td width=\"94\">1<\/td>\n<td width=\"94\">2<\/td>\n<td width=\"85\">3<\/td>\n<td width=\"94\">4<\/td>\n<td width=\"94\">5<\/td>\n<td width=\"103\">6<\/td>\n<\/tr>\n<tr>\n<td width=\"124\"><strong>Cor<\/strong><\/td>\n<td width=\"94\">Azul<\/td>\n<td width=\"94\">Laranja<\/td>\n<td width=\"85\">Verde<\/td>\n<td width=\"94\">Marrom<\/td>\n<td width=\"94\">Cinza<\/td>\n<td width=\"103\">Branco<\/td>\n<\/tr>\n<tr>\n<td width=\"124\"><strong>N\u00e3o.<\/strong><\/td>\n<td width=\"94\">7<\/td>\n<td width=\"94\">8<\/td>\n<td width=\"85\">9<\/td>\n<td width=\"94\">10<\/td>\n<td width=\"94\">11<\/td>\n<td width=\"103\">12<\/td>\n<\/tr>\n<tr>\n<td width=\"124\"><strong>Cor<\/strong><\/td>\n<td width=\"94\">Vermelho<\/td>\n<td width=\"94\">Preto<\/td>\n<td width=\"85\">Amarelo<\/td>\n<td width=\"94\">Violeta<\/td>\n<td width=\"94\">Rosa<\/td>\n<td width=\"103\">\u00c1gua<\/td>\n<\/tr>\n<\/tbody>\n<\/table>\n<p>Nota: # significa faixa preta \u00fanica; * significa faixa branca \u00fanica.<\/p>\n<p>&nbsp;<\/p>\n<p><strong><b>Cabo<\/b><\/strong><strong><b>\u00a0Par\u00e2metro de estrutura<\/b><\/strong><\/p>\n<table>\n<tbody>\n<tr>\n<td width=\"162\"><strong>Item<\/strong><\/td>\n<td width=\"113\"><strong>Conte\u00fado<\/strong><\/td>\n<td width=\"56\"><strong>Unidade<\/strong><\/td>\n<td colspan=\"6\" width=\"359\"><strong>Valor<\/strong><\/td>\n<\/tr>\n<tr>\n<td width=\"162\">Contagem de fibras<\/td>\n<td width=\"113\">N\u00famero<\/td>\n<td width=\"56\">\/<\/td>\n<td width=\"56\">2~8<\/td>\n<td width=\"47\">12~24<\/td>\n<td width=\"56\">48<\/td>\n<td width=\"56\">72<\/td>\n<td width=\"66\">96<\/td>\n<td width=\"75\">144<\/td>\n<\/tr>\n<tr>\n<td width=\"162\">Tipo de fibra<\/td>\n<td width=\"113\">\/<\/td>\n<td width=\"56\">\/<\/td>\n<td colspan=\"6\" width=\"359\">G652D&amp;OM2&amp;OM3&amp;OM4<\/td>\n<\/tr>\n<tr>\n<td width=\"162\">Estrutura do cabo<\/td>\n<td width=\"113\">\/<\/td>\n<td width=\"56\">\/<\/td>\n<td colspan=\"2\" width=\"104\">\u00a0\u00a0\u00a0\u00a0\u00a0\u00a01+5<\/td>\n<td width=\"56\">1+5<\/td>\n<td width=\"56\">1+6<\/td>\n<td width=\"66\">1+8<\/td>\n<td width=\"75\">1+12<\/td>\n<\/tr>\n<tr>\n<td width=\"162\">Fibras por tubo<\/td>\n<td width=\"113\">Contar<\/td>\n<td width=\"56\">\/<\/td>\n<td colspan=\"2\" width=\"104\">6<\/td>\n<td width=\"56\">12<\/td>\n<td width=\"56\">12<\/td>\n<td width=\"66\">12<\/td>\n<td width=\"75\">12<\/td>\n<\/tr>\n<tr>\n<td rowspan=\"2\" width=\"162\">Tubo solto<\/td>\n<td width=\"113\">Materiais<\/td>\n<td width=\"56\">\/<\/td>\n<td colspan=\"6\" width=\"359\">PBT<\/td>\n<\/tr>\n<tr>\n<td width=\"113\">Di\u00e2metro nominal<\/td>\n<td width=\"56\">mil\u00edmetros<\/td>\n<td colspan=\"2\" width=\"104\">1.8<\/td>\n<td width=\"56\">2.5<\/td>\n<td width=\"56\">2.5<\/td>\n<td width=\"66\">2.5<\/td>\n<td width=\"75\">2.5<\/td>\n<\/tr>\n<tr>\n<td rowspan=\"3\" width=\"162\">Membro de for\u00e7a central<\/td>\n<td width=\"113\">Materiais<\/td>\n<td width=\"56\">\/<\/td>\n<td colspan=\"6\" width=\"359\">Fosfatiza\u00e7\u00e3o de fio de a\u00e7o e camada de almofada de PE (enquanto necess\u00e1rio)<\/td>\n<\/tr>\n<tr>\n<td width=\"113\">Di\u00e2metro nominal<\/td>\n<td width=\"56\">mil\u00edmetros<\/td>\n<td colspan=\"2\" width=\"104\">1.3<\/td>\n<td width=\"56\">1.5<\/td>\n<td width=\"56\">1.5<\/td>\n<td width=\"66\">1.5<\/td>\n<td width=\"75\">1.8<\/td>\n<\/tr>\n<tr>\n<td width=\"113\">Camada de almofada PE<\/td>\n<td width=\"56\">mil\u00edmetros<\/td>\n<td colspan=\"2\" width=\"104\">\u2013<\/td>\n<td width=\"56\">\u2013<\/td>\n<td width=\"56\">2,6\u00b10,2<\/td>\n<td width=\"66\">4,1\u00b10,2<\/td>\n<td width=\"75\">7,3\u00b10,2<\/td>\n<\/tr>\n<tr>\n<td width=\"162\">Membro de for\u00e7a perif\u00e9rica<\/td>\n<td colspan=\"2\" width=\"170\">Materiais<\/td>\n<td colspan=\"6\" width=\"359\">Fita de a\u00e7o corrugado<\/td>\n<\/tr>\n<tr>\n<td rowspan=\"3\" width=\"162\">Bainha externa<\/td>\n<td colspan=\"2\" width=\"170\">Materiais<\/td>\n<td colspan=\"6\" width=\"359\">EP<\/td>\n<\/tr>\n<tr>\n<td colspan=\"2\" width=\"170\">Cor<\/td>\n<td colspan=\"6\" width=\"359\">Preto<\/td>\n<\/tr>\n<tr>\n<td width=\"113\">espessura<\/td>\n<td width=\"56\">mil\u00edmetros<\/td>\n<td colspan=\"6\" width=\"359\">Nominal:2,0<\/td>\n<\/tr>\n<tr>\n<td rowspan=\"2\" width=\"162\">Atenua\u00e7\u00e3o (ap\u00f3s o cabo)<\/td>\n<td width=\"113\">1310 nm<\/td>\n<td width=\"56\">dB\/km<\/td>\n<td colspan=\"6\" width=\"359\">\u00a30.36<\/td>\n<\/tr>\n<tr>\n<td width=\"113\">1550 nm<\/td>\n<td width=\"56\">dB\/km<\/td>\n<td colspan=\"6\" width=\"359\">\u00a30.22<\/td>\n<\/tr>\n<tr>\n<td width=\"162\">Di\u00e2metro do cabo<\/td>\n<td width=\"113\">\u00b15%<\/td>\n<td width=\"56\">mil\u00edmetros<\/td>\n<td width=\"56\">9.0<\/td>\n<td width=\"47\">9.3<\/td>\n<td width=\"56\">11.0<\/td>\n<td width=\"56\">12.2<\/td>\n<td width=\"66\">13.7<\/td>\n<td width=\"75\">17.0<\/td>\n<\/tr>\n<tr>\n<td width=\"162\">Peso do cabo<\/td>\n<td width=\"113\">\u00b110%<\/td>\n<td width=\"56\">kg\/km<\/td>\n<td width=\"56\">72<\/td>\n<td width=\"47\">75<\/td>\n<td width=\"56\">103<\/td>\n<td width=\"56\">125<\/td>\n<td width=\"66\">161<\/td>\n<td width=\"75\">245<\/td>\n<\/tr>\n<\/tbody>\n<\/table>\n<p><strong><b>\u00a0<\/b><\/strong><\/p>\n<p><strong><b>Desempenho Mec\u00e2nico e Ambiental<\/b><\/strong><\/p>\n<table>\n<tbody>\n<tr>\n<td width=\"221\"><strong>Item<\/strong><\/td>\n<td width=\"243\"><strong>Conte\u00fado<\/strong><\/td>\n<td width=\"226\"><strong>Valor<\/strong><\/td>\n<\/tr>\n<tr>\n<td rowspan=\"2\" width=\"221\">M\u00e1x. carga de tra\u00e7\u00e3o<\/td>\n<td width=\"243\">Curto prazo<\/td>\n<td width=\"226\">1500 N(tens\u00e3o de fibra\u22640,6%)<\/td>\n<\/tr>\n<tr>\n<td width=\"243\">Longo prazo<\/td>\n<td width=\"226\">600 N<\/td>\n<\/tr>\n<tr>\n<td rowspan=\"2\" width=\"221\">M\u00e1x. resist\u00eancia ao esmagamento<\/td>\n<td width=\"243\">Curto prazo<\/td>\n<td width=\"226\">1000 N\/100mm<\/td>\n<\/tr>\n<tr>\n<td width=\"243\">Longo prazo<\/td>\n<td width=\"226\">300N<\/td>\n<\/tr>\n<tr>\n<td rowspan=\"2\" width=\"221\">Min. raio de curvatura<\/td>\n<td width=\"243\">Instala\u00e7\u00e3o<\/td>\n<td width=\"226\">20 x di\u00e2metro do cabo<\/td>\n<\/tr>\n<tr>\n<td width=\"243\">Opera\u00e7\u00e3o<\/td>\n<td width=\"226\">10 x di\u00e2metro do cabo<\/td>\n<\/tr>\n<tr>\n<td rowspan=\"3\" width=\"221\">Faixa de temperatura<\/td>\n<td width=\"243\">Opera\u00e7\u00e3o<\/td>\n<td width=\"226\">-40\u00b0C ~ +70\u00b0C<\/td>\n<\/tr>\n<tr>\n<td width=\"243\">Instala\u00e7\u00e3o<\/td>\n<td width=\"226\">-20\u2103 ~ +60\u2103<\/td>\n<\/tr>\n<tr>\n<td width=\"243\">Armazenamento\/transporte<\/td>\n<td width=\"226\">-40\u00b0C ~ +70\u00b0C<\/td>\n<\/tr>\n<\/tbody>\n<\/table>\n<p>&nbsp;<\/p>\n<p><strong><b>Par\u00e2metros t\u00e9cnicos de fibra \u00f3ptica-SMF<\/b><\/strong><\/p>\n<table>\n<tbody>\n<tr>\n<td colspan=\"2\" width=\"254\"><strong>Estilo fibra<\/strong><\/td>\n<td width=\"94\"><strong>Unidade<\/strong><\/td>\n<td width=\"94\"><strong>PE 9\/125<\/strong><\/td>\n<td width=\"103\"><strong>Mil\u00edmetros 50\/125<\/strong><\/td>\n<td width=\"122\"><strong>MS 62,5\/125<\/strong><\/td>\n<\/tr>\n<tr>\n<td colspan=\"2\" width=\"254\">Condi\u00e7\u00e3o<\/td>\n<td width=\"94\">nm<\/td>\n<td width=\"94\">1310\/1550<\/td>\n<td width=\"103\">850\/1300<\/td>\n<td width=\"122\">850\/1300<\/td>\n<\/tr>\n<tr>\n<td colspan=\"2\" width=\"254\">Atenua\u00e7\u00e3o<\/td>\n<td width=\"94\">dB\/km<\/td>\n<td width=\"94\">\u22640,34\/0,2<\/td>\n<td width=\"103\">\u22643,0\/1,0<\/td>\n<td width=\"122\">\u22643,0\/1,0<\/td>\n<\/tr>\n<tr>\n<td rowspan=\"2\" width=\"141\">Dispers\u00e3o<\/td>\n<td width=\"113\">1310 nm<\/td>\n<td width=\"94\">Ps\/(nm*km)<\/td>\n<td width=\"94\">\u226418<\/td>\n<td width=\"103\">\u2026..<\/td>\n<td width=\"122\">\u2026..<\/td>\n<\/tr>\n<tr>\n<td width=\"113\">1550 nm<\/td>\n<td width=\"94\">Ps\/(nm*km)<\/td>\n<td width=\"94\">\u226422<\/td>\n<td width=\"103\">\u2026..<\/td>\n<td width=\"122\">\u2026..<\/td>\n<\/tr>\n<tr>\n<td rowspan=\"2\" width=\"141\">Largura de banda<\/td>\n<td width=\"113\">850 nm<\/td>\n<td width=\"94\">MHZ. KM<\/td>\n<td width=\"94\">\u2026..<\/td>\n<td width=\"103\">\u2267400<\/td>\n<td width=\"122\">\u2267160<\/td>\n<\/tr>\n<tr>\n<td width=\"113\">1300 nm<\/td>\n<td width=\"94\">MHZ. KM<\/td>\n<td width=\"94\">\u2026..<\/td>\n<td width=\"103\">\u2267800<\/td>\n<td width=\"122\">\u2267500<\/td>\n<\/tr>\n<tr>\n<td colspan=\"2\" width=\"254\">Comprimento de onda de dispers\u00e3o zero<\/td>\n<td width=\"94\">nm<\/td>\n<td width=\"94\">\u22671302,<\/p>\n<p>\u22641322<\/td>\n<td width=\"103\">\u2026..<\/td>\n<td width=\"122\">\u2026..<\/td>\n<\/tr>\n<tr>\n<td colspan=\"2\" width=\"254\">Inclina\u00e7\u00e3o de dispers\u00e3o zero<\/td>\n<td width=\"94\">nm<\/td>\n<td width=\"94\">\u22640,091<\/td>\n<td width=\"103\">\u2026..<\/td>\n<td width=\"122\">\u2026..<\/td>\n<\/tr>\n<tr>\n<td colspan=\"2\" width=\"254\">Fibra individual m\u00e1xima PMD<\/td>\n<td width=\"94\">&nbsp;<\/td>\n<td width=\"94\">\u22640,2<\/td>\n<td width=\"103\">\u2026..<\/td>\n<td width=\"122\">\u2026..<\/td>\n<\/tr>\n<tr>\n<td colspan=\"2\" width=\"254\">Valor do link do projeto PMD<\/td>\n<td width=\"94\">Ps(nm2*km)<\/td>\n<td width=\"94\">\u22640,08<\/td>\n<td width=\"103\">\u2026..<\/td>\n<td width=\"122\">\u2026..<\/td>\n<\/tr>\n<tr>\n<td colspan=\"2\" width=\"254\">Comprimento de onda de corte da fibra \u03bbc<\/td>\n<td width=\"94\">nm<\/td>\n<td width=\"94\">\u22671180,<\/p>\n<p>\u22641330<\/td>\n<td width=\"103\">\u2026..<\/td>\n<td width=\"122\">\u2026..<\/td>\n<\/tr>\n<tr>\n<td colspan=\"2\" width=\"254\">Comprimento de onda de corte do cabo \u03bbcc<\/td>\n<td width=\"94\">nm<\/td>\n<td width=\"94\">\u22641260<\/td>\n<td width=\"103\">\u2026..<\/td>\n<td width=\"122\">\u2026..<\/td>\n<\/tr>\n<tr>\n<td rowspan=\"2\" width=\"141\">DMF<\/td>\n<td width=\"113\">1310 nm<\/td>\n<td width=\"94\">hum<\/td>\n<td width=\"94\">9,2\u00b10,4<\/td>\n<td width=\"103\">\u2026..<\/td>\n<td width=\"122\">\u2026..<\/td>\n<\/tr>\n<tr>\n<td width=\"113\">1550 nm<\/td>\n<td width=\"94\">hum<\/td>\n<td width=\"94\">10,4\u00b10,8<\/td>\n<td width=\"103\">\u2026..<\/td>\n<td width=\"122\">\u2026..<\/td>\n<\/tr>\n<tr>\n<td colspan=\"2\" width=\"254\">Abertura Num\u00e9rica (NA)<\/td>\n<td width=\"94\">&nbsp;<\/td>\n<td width=\"94\">\u2026\u2026<\/td>\n<td width=\"103\">0,200\u00b10,015<\/td>\n<td width=\"122\">0,275\u00b10,015<\/td>\n<\/tr>\n<tr>\n<td colspan=\"2\" width=\"254\">Etapa (m\u00e9dia da medi\u00e7\u00e3o bidirecional)<\/td>\n<td width=\"94\">dB<\/td>\n<td width=\"94\">\u22640,05<\/td>\n<td width=\"103\">\u22640,10<\/td>\n<td width=\"122\">\u22640,10<\/td>\n<\/tr>\n<tr>\n<td colspan=\"2\" width=\"254\">Irregularidades no comprimento da fibra e descontinuidade pontual<\/td>\n<td width=\"94\">dB<\/td>\n<td width=\"94\">\u22640,05<\/td>\n<td width=\"103\">\u22640,10<\/td>\n<td width=\"122\">\u22640,10<\/td>\n<\/tr>\n<tr>\n<td colspan=\"2\" width=\"254\">Coeficiente de retroespalhamento de diferen\u00e7a<\/td>\n<td width=\"94\">dB\/km<\/td>\n<td width=\"94\">\u22640,03<\/td>\n<td width=\"103\">\u22640,08<\/td>\n<td width=\"122\">\u22640,10<\/td>\n<\/tr>\n<tr>\n<td colspan=\"2\" width=\"254\">Uniformidade de atenua\u00e7\u00e3o<\/td>\n<td width=\"94\">dB\/km<\/td>\n<td width=\"94\">\u22640,01<\/td>\n<td width=\"103\">\u2026\u2026.<\/td>\n<td width=\"122\">\u2026\u2026.<\/td>\n<\/tr>\n<tr>\n<td colspan=\"2\" width=\"254\">Di\u00e2metro do n\u00facleo<\/td>\n<td width=\"94\">hum<\/td>\n<td width=\"94\">\u2026\u2026<\/td>\n<td width=\"103\">50\u00b11,0<\/td>\n<td width=\"122\">62,5\u00b12,5<\/td>\n<\/tr>\n<tr>\n<td colspan=\"2\" width=\"254\">Di\u00e2metro do revestimento<\/td>\n<td width=\"94\">hum<\/td>\n<td width=\"94\">125,0\u00b10,1<\/td>\n<td width=\"103\">125,0\u00b10,1<\/td>\n<td width=\"122\">125,0\u00b10,1<\/td>\n<\/tr>\n<tr>\n<td colspan=\"2\" width=\"254\">N\u00e3o circularidade do revestimento<\/td>\n<td width=\"94\">%<\/td>\n<td width=\"94\">\u22641,0<\/td>\n<td width=\"103\">\u22641,0<\/td>\n<td width=\"122\">\u22641,0<\/td>\n<\/tr>\n<tr>\n<td colspan=\"2\" width=\"254\">Di\u00e2metro do revestimento<\/td>\n<td width=\"94\">hum<\/td>\n<td width=\"94\">242\u00b17<\/td>\n<td width=\"103\">242\u00b17<\/td>\n<td width=\"122\">242\u00b17<\/td>\n<\/tr>\n<tr>\n<td colspan=\"2\" width=\"254\">Erro conc\u00eantrico de revestimento\/tentilh\u00e3o<\/td>\n<td width=\"94\">hum<\/td>\n<td width=\"94\">\u226412,0<\/td>\n<td width=\"103\">\u226412,0<\/td>\n<td width=\"122\">\u226412,0<\/td>\n<\/tr>\n<tr>\n<td colspan=\"2\" width=\"254\">N\u00e3o circularidade do revestimento<\/td>\n<td width=\"94\">%<\/td>\n<td width=\"94\">\u22646,0<\/td>\n<td width=\"103\">\u22646,0<\/td>\n<td width=\"122\">\u22646,0<\/td>\n<\/tr>\n<tr>\n<td colspan=\"2\" width=\"254\">Erro de concentricidade do n\u00facleo\/revestimento<\/td>\n<td width=\"94\">hum<\/td>\n<td width=\"94\">\u22640,6<\/td>\n<td width=\"103\">\u22641,5<\/td>\n<td width=\"122\">\u22641,5<\/td>\n<\/tr>\n<tr>\n<td colspan=\"2\" width=\"254\">Ondula\u00e7\u00e3o (raio)<\/td>\n<td width=\"94\">hum<\/td>\n<td width=\"94\">\u22644<\/td>\n<td width=\"103\">\u2026..<\/td>\n<td width=\"122\">\u2026..<\/td>\n<\/tr>\n<\/tbody>\n<\/table>","protected":false},"excerpt":{"rendered":"<p>No cabo HDPE blindado de tubo solto tran\u00e7ado (GYTS) 2-144F da OMC. Uma camada de almofada de fio de a\u00e7o e PE (quando necess\u00e1rio) est\u00e1 localizada no centro do n\u00facleo como um membro de resist\u00eancia met\u00e1lica. As fibras monomodo\/multimodo s\u00e3o posicionadas no tubo solto, que \u00e9 feito de materiais PBT e preenchido com composto de enchimento. Os tubos PBT (e enchimentos) s\u00e3o tran\u00e7ados ao redor do membro de resist\u00eancia central em um formato compacto [...]<\/p>","protected":false},"featured_media":11182,"comment_status":"closed","ping_status":"closed","template":"","meta":{"site-sidebar-layout":"default","site-content-layout":"","ast-site-content-layout":"default","site-content-style":"default","site-sidebar-style":"default","ast-global-header-display":"","ast-banner-title-visibility":"","ast-main-header-display":"","ast-hfb-above-header-display":"","ast-hfb-below-header-display":"","ast-hfb-mobile-header-display":"","site-post-title":"","ast-breadcrumbs-content":"","ast-featured-img":"","footer-sml-layout":"","theme-transparent-header-meta":"default","adv-header-id-meta":"","stick-header-meta":"default","header-above-stick-meta":"","header-main-stick-meta":"","header-below-stick-meta":"","astra-migrate-meta-layouts":"set","ast-page-background-enabled":"default","ast-page-background-meta":{"desktop":{"background-color":"var(--ast-global-color-4)","background-image":"","background-repeat":"repeat","background-position":"center center","background-size":"auto","background-attachment":"scroll","background-type":"","background-media":"","overlay-type":"","overlay-color":"","overlay-gradient":""},"tablet":{"background-color":"","background-image":"","background-repeat":"repeat","background-position":"center center","background-size":"auto","background-attachment":"scroll","background-type":"","background-media":"","overlay-type":"","overlay-color":"","overlay-gradient":""},"mobile":{"background-color":"","background-image":"","background-repeat":"repeat","background-position":"center center","background-size":"auto","background-attachment":"scroll","background-type":"","background-media":"","overlay-type":"","overlay-color":"","overlay-gradient":""}},"ast-content-background-meta":{"desktop":{"background-color":"var(--ast-global-color-5)","background-image":"","background-repeat":"repeat","background-position":"center center","background-size":"auto","background-attachment":"scroll","background-type":"","background-media":"","overlay-type":"","overlay-color":"","overlay-gradient":""},"tablet":{"background-color":"var(--ast-global-color-5)","background-image":"","background-repeat":"repeat","background-position":"center center","background-size":"auto","background-attachment":"scroll","background-type":"","background-media":"","overlay-type":"","overlay-color":"","overlay-gradient":""},"mobile":{"background-color":"var(--ast-global-color-5)","background-image":"","background-repeat":"repeat","background-position":"center center","background-size":"auto","background-attachment":"scroll","background-type":"","background-media":"","overlay-type":"","overlay-color":"","overlay-gradient":""}}},"product_cat":[139,124],"product_tag":[],"class_list":{"0":"post-11178","1":"product","2":"type-product","3":"status-publish","4":"has-post-thumbnail","6":"product_cat-armored-outdoor-cable","7":"product_cat-outdoor-cable","8":"desktop-align-left","9":"tablet-align-left","10":"mobile-align-left","11":"ast-product-gallery-layout-horizontal-slider","12":"ast-product-tabs-layout-horizontal","14":"first","15":"instock","16":"shipping-taxable","17":"product-type-simple"},"acf":[],"_links":{"self":[{"href":"https:\/\/www.omccable.com\/pt\/wp-json\/wp\/v2\/product\/11178","targetHints":{"allow":["GET"]}}],"collection":[{"href":"https:\/\/www.omccable.com\/pt\/wp-json\/wp\/v2\/product"}],"about":[{"href":"https:\/\/www.omccable.com\/pt\/wp-json\/wp\/v2\/types\/product"}],"replies":[{"embeddable":true,"href":"https:\/\/www.omccable.com\/pt\/wp-json\/wp\/v2\/comments?post=11178"}],"version-history":[{"count":1,"href":"https:\/\/www.omccable.com\/pt\/wp-json\/wp\/v2\/product\/11178\/revisions"}],"predecessor-version":[{"id":11183,"href":"https:\/\/www.omccable.com\/pt\/wp-json\/wp\/v2\/product\/11178\/revisions\/11183"}],"wp:featuredmedia":[{"embeddable":true,"href":"https:\/\/www.omccable.com\/pt\/wp-json\/wp\/v2\/media\/11182"}],"wp:attachment":[{"href":"https:\/\/www.omccable.com\/pt\/wp-json\/wp\/v2\/media?parent=11178"}],"wp:term":[{"taxonomy":"product_cat","embeddable":true,"href":"https:\/\/www.omccable.com\/pt\/wp-json\/wp\/v2\/product_cat?post=11178"},{"taxonomy":"product_tag","embeddable":true,"href":"https:\/\/www.omccable.com\/pt\/wp-json\/wp\/v2\/product_tag?post=11178"}],"curies":[{"name":"wp","href":"https:\/\/api.w.org\/{rel}","templated":true}]}}