{"id":11142,"date":"2024-07-01T16:25:11","date_gmt":"2024-07-01T08:25:11","guid":{"rendered":"https:\/\/www.omccable.com\/?post_type=product&#038;p=11142"},"modified":"2024-07-01T16:25:12","modified_gmt":"2024-07-01T08:25:12","slug":"2-144f-stranded-loose-tube-double-armoredsheath-cable-gyta53-pe","status":"publish","type":"product","link":"https:\/\/www.omccable.com\/pt\/produto\/2-144f-stranded-loose-tube-double-armoredsheath-cable-gyta53-pe\/","title":{"rendered":"2-144F Tubo solto tran\u00e7ado com blindagem dupla e cabo de bainha (GYTA53) PE"},"content":{"rendered":"<p>Nos MAC <strong><b>2-144F Tubo solto tran\u00e7ado duplo blindado e bainha (GYTA53) PE<\/b><\/strong>\u00a0<strong><b>Cabo<\/b><\/strong>, <strong><b>A <\/b><\/strong><strong><b>A\u00e7o<\/b><\/strong><strong><b>\u00a0<\/b><\/strong><strong><b>Fio<\/b><\/strong><strong><b>\u00a0(<\/b><\/strong>\u00e0s vezes revestido com polietileno (PE)<strong><b>)<\/b><\/strong>\u00a0localiza-se no centro do n\u00facleo como um membro de resist\u00eancia met\u00e1lica. As fibras monomodo\/multimodo s\u00e3o posicionadas no tubo solto, que \u00e9 feito de materiais PBT e preenchido com composto de enchimento. O<strong><b>\u00a0tubos (e enchimentos)<\/b><\/strong>\u00a0s\u00e3o encalhados em torno do membro de for\u00e7a em um n\u00facleo compacto e circular. Um<strong><b>\u00a0<\/b><\/strong><strong><b>\u00c1gua<\/b><\/strong><strong><b>\u00a0<\/b><\/strong><strong><b>bloqueando<\/b><\/strong><strong><b>\u00a0<\/b><\/strong><strong><b>fita<\/b><\/strong>\u00a0e um\u00a0<strong><b>alum\u00ednio laminado de polietileno (APL)<\/b><\/strong>\u00a0\u00e9 aplicado ao redor do n\u00facleo do cabo. Em seguida, coberto com uma bainha interna fina de polietileno (PE). Em seguida, um <strong><b>fita de a\u00e7o ondulada<\/b><\/strong>\u00a0a armadura \u00e9 aplicada, o cabo \u00e9 completado com um <strong><b>Bainha externa de PE.<\/b><\/strong><\/p>\n<p>&nbsp;<\/p>\n<p><strong><b>Cor padr\u00e3o da fibra e do tubo<\/b><\/strong><\/p>\n<p>O c\u00f3digo de cores das fibras individuais deve estar de acordo com a tabela abaixo<\/p>\n<table>\n<tbody>\n<tr>\n<td width=\"124\"><strong>N\u00e3o.<\/strong><\/td>\n<td width=\"85\">1<\/td>\n<td width=\"94\">2<\/td>\n<td width=\"94\">3<\/td>\n<td width=\"85\">4<\/td>\n<td width=\"75\">5<\/td>\n<td width=\"104\">6<\/td>\n<\/tr>\n<tr>\n<td width=\"124\"><strong>Cor<\/strong><\/td>\n<td width=\"85\">Azul<\/td>\n<td width=\"94\">Laranja<\/td>\n<td width=\"94\">Verde<\/td>\n<td width=\"85\">Marrom<\/td>\n<td width=\"75\">Cinza<\/td>\n<td width=\"104\">Branco<\/td>\n<\/tr>\n<tr>\n<td width=\"124\"><strong>N\u00e3o.<\/strong><\/td>\n<td width=\"85\">7<\/td>\n<td width=\"94\">8<\/td>\n<td width=\"94\">9<\/td>\n<td width=\"85\">10<\/td>\n<td width=\"75\">11<\/td>\n<td width=\"104\">12<\/td>\n<\/tr>\n<tr>\n<td width=\"124\"><strong>Cor<\/strong><\/td>\n<td width=\"85\">Vermelho<\/td>\n<td width=\"94\">Preto<\/td>\n<td width=\"94\">Amarelo<\/td>\n<td width=\"85\">Violeta<\/td>\n<td width=\"75\">Rosa<\/td>\n<td width=\"104\">\u00c1gua<\/td>\n<\/tr>\n<\/tbody>\n<\/table>\n<p>C\u00f3digo de cores do tubo para fibras 12~144:<\/p>\n<table>\n<tbody>\n<tr>\n<td width=\"124\"><strong>N\u00e3o.<\/strong><\/td>\n<td width=\"85\">1<\/td>\n<td width=\"94\">2<\/td>\n<td width=\"94\">3<\/td>\n<td width=\"85\">4<\/td>\n<td width=\"85\">5<\/td>\n<td width=\"94\">6<\/td>\n<\/tr>\n<tr>\n<td width=\"124\"><strong>Cor<\/strong><\/td>\n<td width=\"85\">Azul<\/td>\n<td width=\"94\">Laranja<\/td>\n<td width=\"94\">Verde<\/td>\n<td width=\"85\">Marrom<\/td>\n<td width=\"85\">Cinza<\/td>\n<td width=\"94\">Branco<\/td>\n<\/tr>\n<tr>\n<td width=\"124\"><strong>N\u00e3o.<\/strong><\/td>\n<td width=\"85\">7<\/td>\n<td width=\"94\">8<\/td>\n<td width=\"94\">9<\/td>\n<td width=\"85\">10<\/td>\n<td width=\"85\">11<\/td>\n<td width=\"94\">12<\/td>\n<\/tr>\n<tr>\n<td width=\"124\"><strong>Cor<\/strong><\/td>\n<td width=\"85\">Vermelho<\/td>\n<td width=\"94\">Preto<\/td>\n<td width=\"94\">Amarelo<\/td>\n<td width=\"85\">Violeta<\/td>\n<td width=\"85\">Rosa<\/td>\n<td width=\"94\">\u00c1gua<\/td>\n<\/tr>\n<\/tbody>\n<\/table>\n<p>Nota: # significa faixa preta \u00fanica; * significa faixa branca \u00fanica.<\/p>\n<p>&nbsp;<\/p>\n<p><strong><b>Cabo<\/b><\/strong><strong><b>\u00a0Par\u00e2metro de estrutura<\/b><\/strong><\/p>\n<table>\n<tbody>\n<tr>\n<td width=\"141\"><strong><b>N\u00ba da pe\u00e7a.<\/b><\/strong><\/td>\n<td width=\"65\"><strong><b>Fibras<\/b><\/strong><\/td>\n<td width=\"50\"><strong><b>Tubos<\/b><\/strong><\/td>\n<td width=\"68\"><strong><b>OD do cabo (mm)<\/b><\/strong><\/td>\n<td width=\"58\"><strong><b>Peso<\/b><\/strong><strong><b><br \/>\n<\/b><\/strong><strong><b>Kg\/km<\/b><\/strong><\/td>\n<td width=\"144\"><strong><b>Resist\u00eancia \u00e0 tra\u00e7\u00e3o<\/b><\/strong><strong><b><br \/>\n<\/b><\/strong><strong><b>Longo prazo\/curto prazo <\/b><\/strong><\/td>\n<td width=\"141\"><strong><b>Resist\u00eancia ao esmagamento<\/b><\/strong><strong><b><br \/>\n<\/b><\/strong><strong><b>Longo prazo\/curto prazo((N\/1m))<\/b><\/strong><\/td>\n<\/tr>\n<tr>\n<td width=\"141\">GYTA53-2~6X<\/td>\n<td width=\"65\">2~6<\/td>\n<td width=\"50\">1<\/td>\n<td width=\"68\">12.2<\/td>\n<td width=\"58\">150<\/td>\n<td width=\"144\">1000\/3000<\/td>\n<td width=\"141\">1000\/3000<\/td>\n<\/tr>\n<tr>\n<td width=\"141\">GYTA53-8~12X<\/td>\n<td width=\"65\">8~12<\/td>\n<td width=\"50\">2<\/td>\n<td width=\"68\">12.2<\/td>\n<td width=\"58\">150<\/td>\n<td width=\"144\">1000\/3000<\/td>\n<td width=\"141\">1000\/3000<\/td>\n<\/tr>\n<tr>\n<td width=\"141\">GYTA53-14~18X<\/td>\n<td width=\"65\">14~18<\/td>\n<td width=\"50\">3<\/td>\n<td width=\"68\">12.2<\/td>\n<td width=\"58\">150<\/td>\n<td width=\"144\">1000\/3000<\/td>\n<td width=\"141\">1000\/3000<\/td>\n<\/tr>\n<tr>\n<td width=\"141\">GYTA53-20~24X<\/td>\n<td width=\"65\">20~24<\/td>\n<td width=\"50\">4<\/td>\n<td width=\"68\">12.2<\/td>\n<td width=\"58\">150<\/td>\n<td width=\"144\">1000\/3000<\/td>\n<td width=\"141\">1000\/3000<\/td>\n<\/tr>\n<tr>\n<td width=\"141\">GYTA53-26~30X<\/td>\n<td width=\"65\">26~30<\/td>\n<td width=\"50\">5<\/td>\n<td width=\"68\">12.2<\/td>\n<td width=\"58\">150<\/td>\n<td width=\"144\">1000\/3000<\/td>\n<td width=\"141\">1000\/3000<\/td>\n<\/tr>\n<tr>\n<td width=\"141\">GYTA53-32~36X<\/td>\n<td width=\"65\">32~36<\/td>\n<td width=\"50\">6<\/td>\n<td width=\"68\">14.0<\/td>\n<td width=\"58\">200<\/td>\n<td width=\"144\">1000\/3000<\/td>\n<td width=\"141\">1000\/3000<\/td>\n<\/tr>\n<tr>\n<td width=\"141\">GYTA53-38~42X<\/td>\n<td width=\"65\">38~42<\/td>\n<td width=\"50\">7<\/td>\n<td width=\"68\">14.0<\/td>\n<td width=\"58\">200<\/td>\n<td width=\"144\">1000\/3000<\/td>\n<td width=\"141\">1000\/3000<\/td>\n<\/tr>\n<tr>\n<td width=\"141\">GYTA53-44~48X<\/td>\n<td width=\"65\">44~48<\/td>\n<td width=\"50\">8<\/td>\n<td width=\"68\">14.0<\/td>\n<td width=\"58\">200<\/td>\n<td width=\"144\">1000\/3000<\/td>\n<td width=\"141\">1000\/3000<\/td>\n<\/tr>\n<tr>\n<td width=\"141\">GYTA53-50~60X<\/td>\n<td width=\"65\">50~60<\/td>\n<td width=\"50\">5<\/td>\n<td width=\"68\">14.0<\/td>\n<td width=\"58\">205<\/td>\n<td width=\"144\">1000\/3000<\/td>\n<td width=\"141\">1000\/3000<\/td>\n<\/tr>\n<tr>\n<td width=\"141\">GYTA53-62~72X<\/td>\n<td width=\"65\">62~72<\/td>\n<td width=\"50\">6<\/td>\n<td width=\"68\">15.5<\/td>\n<td width=\"58\">210<\/td>\n<td width=\"144\">1000\/3000<\/td>\n<td width=\"141\">1000\/3000<\/td>\n<\/tr>\n<tr>\n<td width=\"141\">GYTA53-74~84X<\/td>\n<td width=\"65\">74~84<\/td>\n<td width=\"50\">7<\/td>\n<td width=\"68\">14.0<\/td>\n<td width=\"58\">215<\/td>\n<td width=\"144\">1000\/3000<\/td>\n<td width=\"141\">1000\/3000<\/td>\n<\/tr>\n<tr>\n<td width=\"141\">GYTA53-86~96X<\/td>\n<td width=\"65\">86~96<\/td>\n<td width=\"50\">8<\/td>\n<td width=\"68\">17.1<\/td>\n<td width=\"58\">270<\/td>\n<td width=\"144\">1000\/3000<\/td>\n<td width=\"141\">1000\/3000<\/td>\n<\/tr>\n<tr>\n<td width=\"141\">GYTA53-98~108X<\/td>\n<td width=\"65\">98~108<\/td>\n<td width=\"50\">9<\/td>\n<td width=\"68\">17.1<\/td>\n<td width=\"58\">270<\/td>\n<td width=\"144\">1000\/3000<\/td>\n<td width=\"141\">1000\/3000<\/td>\n<\/tr>\n<tr>\n<td width=\"141\">GYTA53-110~120X<\/td>\n<td width=\"65\">110~120<\/td>\n<td width=\"50\">10<\/td>\n<td width=\"68\">17.1<\/td>\n<td width=\"58\">270<\/td>\n<td width=\"144\">1000\/3000<\/td>\n<td width=\"141\">1000\/3000<\/td>\n<\/tr>\n<tr>\n<td width=\"141\">GYTA53-122~132X<\/td>\n<td width=\"65\">122~132<\/td>\n<td width=\"50\">11<\/td>\n<td width=\"68\">17.1<\/td>\n<td width=\"58\">270<\/td>\n<td width=\"144\">1000\/3000<\/td>\n<td width=\"141\">1000\/3000<\/td>\n<\/tr>\n<tr>\n<td width=\"141\">GYTA53-134~144X<\/td>\n<td width=\"65\">134~144<\/td>\n<td width=\"50\">12<\/td>\n<td width=\"68\">20.3<\/td>\n<td width=\"58\">310<\/td>\n<td width=\"144\">1000\/3000<\/td>\n<td width=\"141\">1000\/3000<\/td>\n<\/tr>\n<\/tbody>\n<\/table>\n<p>Nota:<\/p>\n<p>O sufixo X indica o tipo de fibra.<\/p>\n<p>O valor nominal da espessura da bainha externa de PE \u00e9 de 1,8 mm. O valor nominal da espessura da bainha interna de PE \u00e9 de 0,8 mm.<\/p>\n<p>&nbsp;<\/p>\n<p><strong><b>Par\u00e2metro Material do Cabo<\/b><\/strong><\/p>\n<table>\n<tbody>\n<tr>\n<td colspan=\"2\" width=\"241\"><strong><b>Item<\/b><\/strong><\/td>\n<td width=\"429\"><strong><b>Par\u00e2metros<\/b><\/strong><\/td>\n<\/tr>\n<tr>\n<td rowspan=\"2\" width=\"138\">Tubo solto<\/td>\n<td width=\"102\">Materiais<\/td>\n<td width=\"429\">PBT<\/td>\n<\/tr>\n<tr>\n<td width=\"102\">Cor<\/td>\n<td width=\"429\">Espectro de cores completo<\/td>\n<\/tr>\n<tr>\n<td rowspan=\"2\" width=\"138\">Preenchimento<\/td>\n<td width=\"102\">Materiais<\/td>\n<td width=\"429\">EP<\/td>\n<\/tr>\n<tr>\n<td width=\"102\">Cor<\/td>\n<td width=\"429\">Preto<\/td>\n<\/tr>\n<tr>\n<td width=\"138\">CSM<\/td>\n<td width=\"102\">Materiais<\/td>\n<td width=\"429\">Arame de a\u00e7o<\/td>\n<\/tr>\n<tr>\n<td rowspan=\"2\" width=\"138\">Blindado<\/td>\n<td width=\"102\">Material 1<\/td>\n<td width=\"429\">Laminado de alum\u00ednio e polietileno (APL)<\/td>\n<\/tr>\n<tr>\n<td width=\"102\">Material 2<\/td>\n<td width=\"429\">fita de a\u00e7o ondulada<\/td>\n<\/tr>\n<tr>\n<td rowspan=\"2\" width=\"138\">Bainha externa<\/p>\n<p>&amp;Bainha interna<\/td>\n<td width=\"102\">Materiais<\/td>\n<td width=\"429\">EP<\/td>\n<\/tr>\n<tr>\n<td width=\"102\">Cor<\/td>\n<td width=\"429\">Preto<\/td>\n<\/tr>\n<\/tbody>\n<\/table>\n<p><strong><b>\u00a0<\/b><\/strong><\/p>\n<p><strong><b>Desempenho Mec\u00e2nico e Ambiental<\/b><\/strong><\/p>\n<table>\n<tbody>\n<tr>\n<td width=\"229\"><strong>Item<\/strong><\/td>\n<td width=\"206\"><strong>Conte\u00fado<\/strong><\/td>\n<td width=\"236\"><strong>Valor<\/strong><\/td>\n<\/tr>\n<tr>\n<td rowspan=\"2\" width=\"229\">M\u00e1x. carga de tra\u00e7\u00e3o<\/td>\n<td width=\"206\">Curto prazo<\/td>\n<td width=\"236\">Deforma\u00e7\u00e3o de fibra 3000N\u22640,6%<\/td>\n<\/tr>\n<tr>\n<td width=\"206\">Longo prazo<\/td>\n<td width=\"236\">1000N<\/td>\n<\/tr>\n<tr>\n<td rowspan=\"2\" width=\"229\">M\u00e1x. resist\u00eancia ao esmagamento<\/td>\n<td width=\"206\">Curto prazo<\/td>\n<td width=\"236\">3000N\/100mm<\/td>\n<\/tr>\n<tr>\n<td width=\"206\">Longo prazo<\/td>\n<td width=\"236\">1000N\/100mm<\/td>\n<\/tr>\n<tr>\n<td rowspan=\"2\" width=\"229\">Min. raio de curvatura<\/td>\n<td width=\"206\">Instala\u00e7\u00e3o<\/td>\n<td width=\"236\">20 x di\u00e2metro do cabo<\/td>\n<\/tr>\n<tr>\n<td width=\"206\">Opera\u00e7\u00e3o<\/td>\n<td width=\"236\">10 x di\u00e2metro do cabo<\/td>\n<\/tr>\n<tr>\n<td rowspan=\"3\" width=\"229\">Faixa de temperatura<\/td>\n<td width=\"206\">Opera\u00e7\u00e3o<\/td>\n<td width=\"236\">-40\u00b0C ~ +70\u00b0C<\/td>\n<\/tr>\n<tr>\n<td width=\"206\">Instala\u00e7\u00e3o<\/td>\n<td width=\"236\">-20\u2103 ~ +60\u2103<\/td>\n<\/tr>\n<tr>\n<td width=\"206\">Armazenamento\/transporte<\/td>\n<td width=\"236\">-40\u00b0C ~ +70\u00b0C<\/td>\n<\/tr>\n<\/tbody>\n<\/table>\n<p><strong style=\"font-size: 16px;\">Padr\u00f5es<\/strong><strong style=\"font-size: 16px;\">\uff1a <\/strong><strong style=\"font-size: 16px;\">\u00a0CEI 60794-1<\/strong><\/p>\n<p>&nbsp;<\/p>\n<p><strong><b>Par\u00e2metros t\u00e9cnicos da fibra \u00f3ptica <\/b><\/strong><\/p>\n<table>\n<tbody>\n<tr>\n<td colspan=\"2\" width=\"254\"><strong>Estilo fibra<\/strong><\/td>\n<td width=\"94\"><strong>Unidade<\/strong><\/td>\n<td width=\"94\"><strong>PE 9\/125<\/strong><\/td>\n<td width=\"103\"><strong>Mil\u00edmetros 50\/125<\/strong><\/td>\n<td width=\"122\"><strong>MS 62,5\/125<\/strong><\/td>\n<\/tr>\n<tr>\n<td colspan=\"2\" width=\"254\">Condi\u00e7\u00e3o<\/td>\n<td width=\"94\">nm<\/td>\n<td width=\"94\">1310\/1550<\/td>\n<td width=\"103\">850\/1300<\/td>\n<td width=\"122\">850\/1300<\/td>\n<\/tr>\n<tr>\n<td colspan=\"2\" width=\"254\">Atenua\u00e7\u00e3o<\/td>\n<td width=\"94\">dB\/km<\/td>\n<td width=\"94\">\u22640,34\/0,2<\/td>\n<td width=\"103\">\u22643,0\/1,0<\/td>\n<td width=\"122\">\u22643,0\/1,0<\/td>\n<\/tr>\n<tr>\n<td rowspan=\"2\" width=\"141\">Dispers\u00e3o<\/td>\n<td width=\"113\">1310 nm<\/td>\n<td width=\"94\">Ps\/(nm*km)<\/td>\n<td width=\"94\">\u226418<\/td>\n<td width=\"103\">\u2026..<\/td>\n<td width=\"122\">\u2026..<\/td>\n<\/tr>\n<tr>\n<td width=\"113\">1550 nm<\/td>\n<td width=\"94\">Ps\/(nm*km)<\/td>\n<td width=\"94\">\u226422<\/td>\n<td width=\"103\">\u2026..<\/td>\n<td width=\"122\">\u2026..<\/td>\n<\/tr>\n<tr>\n<td rowspan=\"2\" width=\"141\">Largura de banda<\/td>\n<td width=\"113\">850 nm<\/td>\n<td width=\"94\">MHZ. KM<\/td>\n<td width=\"94\">\u2026..<\/td>\n<td width=\"103\">\u2267400<\/td>\n<td width=\"122\">\u2267160<\/td>\n<\/tr>\n<tr>\n<td width=\"113\">1300 nm<\/td>\n<td width=\"94\">MHZ. KM<\/td>\n<td width=\"94\">\u2026..<\/td>\n<td width=\"103\">\u2267800<\/td>\n<td width=\"122\">\u2267500<\/td>\n<\/tr>\n<tr>\n<td colspan=\"2\" width=\"254\">Comprimento de onda de dispers\u00e3o zero<\/td>\n<td width=\"94\">nm<\/td>\n<td width=\"94\">\u22671302,<\/p>\n<p>\u22641322<\/td>\n<td width=\"103\">\u2026..<\/td>\n<td width=\"122\">\u2026..<\/td>\n<\/tr>\n<tr>\n<td colspan=\"2\" width=\"254\">Inclina\u00e7\u00e3o de dispers\u00e3o zero<\/td>\n<td width=\"94\">nm<\/td>\n<td width=\"94\">\u22640,091<\/td>\n<td width=\"103\">\u2026..<\/td>\n<td width=\"122\">\u2026..<\/td>\n<\/tr>\n<tr>\n<td colspan=\"2\" width=\"254\">Fibra individual m\u00e1xima PMD<\/td>\n<td width=\"94\">&nbsp;<\/td>\n<td width=\"94\">\u22640,2<\/td>\n<td width=\"103\">\u2026..<\/td>\n<td width=\"122\">\u2026..<\/td>\n<\/tr>\n<tr>\n<td colspan=\"2\" width=\"254\">Valor do link do projeto PMD<\/td>\n<td width=\"94\">Ps(nm2*km)<\/td>\n<td width=\"94\">\u22640,08<\/td>\n<td width=\"103\">\u2026..<\/td>\n<td width=\"122\">\u2026..<\/td>\n<\/tr>\n<tr>\n<td colspan=\"2\" width=\"254\">Comprimento de onda de corte da fibra \u03bbc<\/td>\n<td width=\"94\">nm<\/td>\n<td width=\"94\">\u22671180,<\/p>\n<p>\u22641330<\/td>\n<td width=\"103\">\u2026..<\/td>\n<td width=\"122\">\u2026..<\/td>\n<\/tr>\n<tr>\n<td colspan=\"2\" width=\"254\">Comprimento de onda de corte do cabo \u03bbcc<\/td>\n<td width=\"94\">nm<\/td>\n<td width=\"94\">\u22641260<\/td>\n<td width=\"103\">\u2026..<\/td>\n<td width=\"122\">\u2026..<\/td>\n<\/tr>\n<tr>\n<td rowspan=\"2\" width=\"141\">DMF<\/td>\n<td width=\"113\">1310 nm<\/td>\n<td width=\"94\">hum<\/td>\n<td width=\"94\">9,2\u00b10,4<\/td>\n<td width=\"103\">\u2026..<\/td>\n<td width=\"122\">\u2026..<\/td>\n<\/tr>\n<tr>\n<td width=\"113\">1550 nm<\/td>\n<td width=\"94\">hum<\/td>\n<td width=\"94\">10,4\u00b10,8<\/td>\n<td width=\"103\">\u2026..<\/td>\n<td width=\"122\">\u2026..<\/td>\n<\/tr>\n<tr>\n<td colspan=\"2\" width=\"254\">Abertura Num\u00e9rica (NA)<\/td>\n<td width=\"94\">&nbsp;<\/td>\n<td width=\"94\">\u2026\u2026<\/td>\n<td width=\"103\">0,200\u00b10,015<\/td>\n<td width=\"122\">0,275\u00b10,015<\/td>\n<\/tr>\n<tr>\n<td colspan=\"2\" width=\"254\">Etapa (m\u00e9dia da medi\u00e7\u00e3o bidirecional)<\/td>\n<td width=\"94\">dB<\/td>\n<td width=\"94\">\u22640,05<\/td>\n<td width=\"103\">\u22640,10<\/td>\n<td width=\"122\">\u22640,10<\/td>\n<\/tr>\n<tr>\n<td colspan=\"2\" width=\"254\">Irregularidades no comprimento da fibra e descontinuidade pontual<\/td>\n<td width=\"94\">dB<\/td>\n<td width=\"94\">\u22640,05<\/td>\n<td width=\"103\">\u22640,10<\/td>\n<td width=\"122\">\u22640,10<\/td>\n<\/tr>\n<tr>\n<td colspan=\"2\" width=\"254\">Coeficiente de retroespalhamento de diferen\u00e7a<\/td>\n<td width=\"94\">dB\/km<\/td>\n<td width=\"94\">\u22640,03<\/td>\n<td width=\"103\">\u22640,08<\/td>\n<td width=\"122\">\u22640,10<\/td>\n<\/tr>\n<tr>\n<td colspan=\"2\" width=\"254\">Uniformidade de atenua\u00e7\u00e3o<\/td>\n<td width=\"94\">dB\/km<\/td>\n<td width=\"94\">\u22640,01<\/td>\n<td width=\"103\">\u2026\u2026.<\/td>\n<td width=\"122\">\u2026\u2026.<\/td>\n<\/tr>\n<tr>\n<td colspan=\"2\" width=\"254\">Di\u00e2metro do n\u00facleo<\/td>\n<td width=\"94\">hum<\/td>\n<td width=\"94\">\u2026\u2026<\/td>\n<td width=\"103\">50\u00b11,0<\/td>\n<td width=\"122\">62,5\u00b12,5<\/td>\n<\/tr>\n<tr>\n<td colspan=\"2\" width=\"254\">Di\u00e2metro do revestimento<\/td>\n<td width=\"94\">hum<\/td>\n<td width=\"94\">125,0\u00b10,1<\/td>\n<td width=\"103\">125,0\u00b10,1<\/td>\n<td width=\"122\">125,0\u00b10,1<\/td>\n<\/tr>\n<tr>\n<td colspan=\"2\" width=\"254\">N\u00e3o circularidade do revestimento<\/td>\n<td width=\"94\">%<\/td>\n<td width=\"94\">\u22641,0<\/td>\n<td width=\"103\">\u22641,0<\/td>\n<td width=\"122\">\u22641,0<\/td>\n<\/tr>\n<tr>\n<td colspan=\"2\" width=\"254\">Di\u00e2metro do revestimento<\/td>\n<td width=\"94\">hum<\/td>\n<td width=\"94\">242\u00b17<\/td>\n<td width=\"103\">242\u00b17<\/td>\n<td width=\"122\">242\u00b17<\/td>\n<\/tr>\n<tr>\n<td colspan=\"2\" width=\"254\">Erro conc\u00eantrico de revestimento\/tentilh\u00e3o<\/td>\n<td width=\"94\">hum<\/td>\n<td width=\"94\">\u226412,0<\/td>\n<td width=\"103\">\u226412,0<\/td>\n<td width=\"122\">\u226412,0<\/td>\n<\/tr>\n<tr>\n<td colspan=\"2\" width=\"254\">N\u00e3o circularidade do revestimento<\/td>\n<td width=\"94\">%<\/td>\n<td width=\"94\">\u22646,0<\/td>\n<td width=\"103\">\u22646,0<\/td>\n<td width=\"122\">\u22646,0<\/td>\n<\/tr>\n<tr>\n<td colspan=\"2\" width=\"254\">Erro de concentricidade do n\u00facleo\/revestimento<\/td>\n<td width=\"94\">hum<\/td>\n<td width=\"94\">\u22640,6<\/td>\n<td width=\"103\">\u22641,5<\/td>\n<td width=\"122\">\u22641,5<\/td>\n<\/tr>\n<tr>\n<td colspan=\"2\" width=\"254\">Ondula\u00e7\u00e3o (raio)<\/td>\n<td width=\"94\">hum<\/td>\n<td width=\"94\">\u22644<\/td>\n<td width=\"103\">\u2026..<\/td>\n<td width=\"122\">\u2026..<\/td>\n<\/tr>\n<\/tbody>\n<\/table>","protected":false},"excerpt":{"rendered":"<p>No cabo PE de tubo solto tran\u00e7ado duplo blindado e bainha (GYTA53) 2-144F da OMC, um fio de a\u00e7o (\u00e0s vezes revestido com polietileno (PE)) est\u00e1 localizado no centro do n\u00facleo como um membro de resist\u00eancia met\u00e1lica. As fibras monomodo\/multimodo s\u00e3o posicionadas no tubo solto, que \u00e9 feito de materiais PBT e preenchido com composto de enchimento. Os tubos (e enchimentos) s\u00e3o presos ao redor do membro de resist\u00eancia em um [\u2026]<\/p>","protected":false},"featured_media":11145,"comment_status":"closed","ping_status":"closed","template":"","meta":{"site-sidebar-layout":"default","site-content-layout":"","ast-site-content-layout":"default","site-content-style":"default","site-sidebar-style":"default","ast-global-header-display":"","ast-banner-title-visibility":"","ast-main-header-display":"","ast-hfb-above-header-display":"","ast-hfb-below-header-display":"","ast-hfb-mobile-header-display":"","site-post-title":"","ast-breadcrumbs-content":"","ast-featured-img":"","footer-sml-layout":"","theme-transparent-header-meta":"default","adv-header-id-meta":"","stick-header-meta":"default","header-above-stick-meta":"","header-main-stick-meta":"","header-below-stick-meta":"","astra-migrate-meta-layouts":"set","ast-page-background-enabled":"default","ast-page-background-meta":{"desktop":{"background-color":"var(--ast-global-color-4)","background-image":"","background-repeat":"repeat","background-position":"center center","background-size":"auto","background-attachment":"scroll","background-type":"","background-media":"","overlay-type":"","overlay-color":"","overlay-gradient":""},"tablet":{"background-color":"","background-image":"","background-repeat":"repeat","background-position":"center center","background-size":"auto","background-attachment":"scroll","background-type":"","background-media":"","overlay-type":"","overlay-color":"","overlay-gradient":""},"mobile":{"background-color":"","background-image":"","background-repeat":"repeat","background-position":"center center","background-size":"auto","background-attachment":"scroll","background-type":"","background-media":"","overlay-type":"","overlay-color":"","overlay-gradient":""}},"ast-content-background-meta":{"desktop":{"background-color":"var(--ast-global-color-5)","background-image":"","background-repeat":"repeat","background-position":"center center","background-size":"auto","background-attachment":"scroll","background-type":"","background-media":"","overlay-type":"","overlay-color":"","overlay-gradient":""},"tablet":{"background-color":"var(--ast-global-color-5)","background-image":"","background-repeat":"repeat","background-position":"center center","background-size":"auto","background-attachment":"scroll","background-type":"","background-media":"","overlay-type":"","overlay-color":"","overlay-gradient":""},"mobile":{"background-color":"var(--ast-global-color-5)","background-image":"","background-repeat":"repeat","background-position":"center center","background-size":"auto","background-attachment":"scroll","background-type":"","background-media":"","overlay-type":"","overlay-color":"","overlay-gradient":""}}},"product_cat":[139,124],"product_tag":[],"class_list":{"0":"post-11142","1":"product","2":"type-product","3":"status-publish","4":"has-post-thumbnail","6":"product_cat-armored-outdoor-cable","7":"product_cat-outdoor-cable","8":"desktop-align-left","9":"tablet-align-left","10":"mobile-align-left","11":"ast-product-gallery-layout-horizontal-slider","12":"ast-product-tabs-layout-horizontal","14":"first","15":"instock","16":"shipping-taxable","17":"product-type-simple"},"acf":[],"_links":{"self":[{"href":"https:\/\/www.omccable.com\/pt\/wp-json\/wp\/v2\/product\/11142","targetHints":{"allow":["GET"]}}],"collection":[{"href":"https:\/\/www.omccable.com\/pt\/wp-json\/wp\/v2\/product"}],"about":[{"href":"https:\/\/www.omccable.com\/pt\/wp-json\/wp\/v2\/types\/product"}],"replies":[{"embeddable":true,"href":"https:\/\/www.omccable.com\/pt\/wp-json\/wp\/v2\/comments?post=11142"}],"version-history":[{"count":1,"href":"https:\/\/www.omccable.com\/pt\/wp-json\/wp\/v2\/product\/11142\/revisions"}],"predecessor-version":[{"id":11148,"href":"https:\/\/www.omccable.com\/pt\/wp-json\/wp\/v2\/product\/11142\/revisions\/11148"}],"wp:featuredmedia":[{"embeddable":true,"href":"https:\/\/www.omccable.com\/pt\/wp-json\/wp\/v2\/media\/11145"}],"wp:attachment":[{"href":"https:\/\/www.omccable.com\/pt\/wp-json\/wp\/v2\/media?parent=11142"}],"wp:term":[{"taxonomy":"product_cat","embeddable":true,"href":"https:\/\/www.omccable.com\/pt\/wp-json\/wp\/v2\/product_cat?post=11142"},{"taxonomy":"product_tag","embeddable":true,"href":"https:\/\/www.omccable.com\/pt\/wp-json\/wp\/v2\/product_tag?post=11142"}],"curies":[{"name":"wp","href":"https:\/\/api.w.org\/{rel}","templated":true}]}}