{"id":11093,"date":"2024-06-24T16:18:25","date_gmt":"2024-06-24T08:18:25","guid":{"rendered":"https:\/\/www.omccable.com\/?post_type=product&#038;p=11093"},"modified":"2024-06-24T16:18:25","modified_gmt":"2024-06-24T08:18:25","slug":"2-12f-aerial-fig-8-unitube-armored-cable-gyxtc8s","status":"publish","type":"product","link":"https:\/\/www.omccable.com\/pt\/produto\/2-12f-aerial-fig-8-unitube-armored-cable-gyxtc8s\/","title":{"rendered":"2-12F A\u00e9reo Fig 8 Unitube Cabo Blindado GYXTC8S"},"content":{"rendered":"<p>Nos MAC <strong><b>2-12F A\u00e9reo Fig 8 Cabo blindado unitubo GYXTC8S PE <\/b><\/strong>cabo, fibras monomodo\/multimodo s\u00e3o posicionadas no tubo solto, que \u00e9 feito de materiais PBT e preenchido com composto de enchimento. O tubo solto \u00e9 coberto com <strong><b>Fio de vidro bloqueador de \u00e1gua<\/b><\/strong>\u00a0. <strong><b>Fita blindada de a\u00e7o e PE<\/b><\/strong>\u00a0materiais para garantir a compacidade e o desempenho longitudinal de bloqueio de \u00e1gua.  Um fio de mensagem de a\u00e7o tran\u00e7ado ofereceu excelente resist\u00eancia \u00e0 tra\u00e7\u00e3o para instala\u00e7\u00e3o a\u00e9rea.<\/p>\n<p>&nbsp;<\/p>\n<p><strong><b>Cor padr\u00e3o da fibra e do tubo<\/b><\/strong><\/p>\n<p>O c\u00f3digo de cores das fibras individuais deve estar de acordo com a tabela abaixo:<\/p>\n<table>\n<tbody>\n<tr>\n<td width=\"168\">N\u00e3o.<\/td>\n<td width=\"86\">1<\/td>\n<td width=\"82\">2<\/td>\n<td width=\"82\">3<\/td>\n<td width=\"82\">4<\/td>\n<td width=\"82\">5<\/td>\n<td width=\"75\">6<\/td>\n<\/tr>\n<tr>\n<td width=\"168\">Cor<\/td>\n<td width=\"86\">Azul<\/td>\n<td width=\"82\">Laranja<\/td>\n<td width=\"82\">Verde<\/td>\n<td width=\"82\">Marrom<\/td>\n<td width=\"82\">Ard\u00f3sia<\/td>\n<td width=\"75\">Branco<\/td>\n<\/tr>\n<tr>\n<td width=\"168\">N\u00e3o.<\/td>\n<td width=\"86\">7<\/td>\n<td width=\"82\">8<\/td>\n<td width=\"82\">9<\/td>\n<td width=\"82\">10<\/td>\n<td width=\"82\">11<\/td>\n<td width=\"75\">12<\/td>\n<\/tr>\n<tr>\n<td width=\"168\">Cor<\/td>\n<td width=\"86\">Vermelho<\/td>\n<td width=\"82\">Preto<\/td>\n<td width=\"82\">Amarelo<\/td>\n<td width=\"82\">Violeta<\/td>\n<td width=\"82\">Rosa<\/td>\n<td width=\"75\">\u00c1gua<\/td>\n<\/tr>\n<\/tbody>\n<\/table>\n<p>&nbsp;<\/p>\n<p><strong><b>Cabo<\/b><\/strong><strong><b>\u00a0Par\u00e2metro de estrutura<\/b><\/strong><\/p>\n<table>\n<tbody>\n<tr>\n<td width=\"247\">Item<\/td>\n<td width=\"103\">Conte\u00fado<\/td>\n<td width=\"75\">Unidade<\/td>\n<td colspan=\"3\" width=\"236\">Valor<\/td>\n<\/tr>\n<tr>\n<td width=\"247\">Contagem de fibras<\/td>\n<td width=\"103\">N\u00famero<\/td>\n<td width=\"75\">\/<\/td>\n<td width=\"113\">2-12<\/td>\n<td colspan=\"2\" width=\"122\">24<\/td>\n<\/tr>\n<tr>\n<td width=\"247\">Tipo de fibra<\/td>\n<td width=\"103\">\/<\/td>\n<td width=\"75\">\/<\/td>\n<td colspan=\"3\" width=\"236\">SM G652D;OM2,OM3,OM4<\/td>\n<\/tr>\n<tr>\n<td rowspan=\"3\" width=\"247\">Tubo solto<\/td>\n<td width=\"103\">Materiais<\/td>\n<td width=\"75\">\/<\/td>\n<td colspan=\"3\" width=\"236\">PBT<\/td>\n<\/tr>\n<tr>\n<td width=\"103\">Di\u00e2metro<\/td>\n<td width=\"75\">mil\u00edmetros<\/td>\n<td colspan=\"2\" width=\"118\">2,5\u00b10,1<\/td>\n<td width=\"118\">3,8\u00b10,1<\/td>\n<\/tr>\n<tr>\n<td width=\"103\">Cor<\/td>\n<td width=\"75\">\/<\/td>\n<td colspan=\"3\" width=\"236\">Natureza<\/td>\n<\/tr>\n<tr>\n<td rowspan=\"2\" width=\"247\">Fio do Mensageiro<\/td>\n<td width=\"103\">Materiais<\/td>\n<td width=\"75\">\/<\/td>\n<td colspan=\"3\" width=\"236\">\u00a0Fita de a\u00e7o corrugado<\/td>\n<\/tr>\n<tr>\n<td width=\"103\">Di\u00e2metro<\/td>\n<td width=\"75\">mil\u00edmetros<\/td>\n<td colspan=\"3\" width=\"236\">7x1,0mm<\/td>\n<\/tr>\n<tr>\n<td width=\"247\">Bloqueio de \u00e1gua<\/td>\n<td width=\"103\">Materiais<\/td>\n<td width=\"75\">\/<\/td>\n<td colspan=\"3\" width=\"236\">Composto bloqueador de \u00e1gua<\/td>\n<\/tr>\n<tr>\n<td width=\"247\">Elemento de resist\u00eancia perif\u00e9rica<\/td>\n<td width=\"103\">Materiais<\/td>\n<td width=\"75\">\/<\/td>\n<td colspan=\"3\" width=\"236\">Fita de a\u00e7o<\/td>\n<\/tr>\n<tr>\n<td rowspan=\"2\" width=\"247\">Atenua\u00e7\u00e3o (ap\u00f3s cabo)<\/td>\n<td width=\"103\">1310 nm<\/td>\n<td width=\"75\">dB\/km<\/td>\n<td colspan=\"3\" width=\"236\">0.36<\/td>\n<\/tr>\n<tr>\n<td width=\"103\">1550 nm<\/td>\n<td width=\"75\">dB\/km<\/td>\n<td colspan=\"3\" width=\"236\">0.22<\/td>\n<\/tr>\n<tr>\n<td rowspan=\"2\" width=\"247\">Bainha externa<\/td>\n<td width=\"103\">materiais<\/td>\n<td width=\"75\">\/<\/td>\n<td colspan=\"3\" width=\"236\">EP<\/td>\n<\/tr>\n<tr>\n<td width=\"103\">Cor<\/td>\n<td width=\"75\">\/<\/td>\n<td colspan=\"3\" width=\"236\">Preto<\/td>\n<\/tr>\n<tr>\n<td width=\"247\">Di\u00e2metro do cabo<\/td>\n<td width=\"103\">\u00b10,3<\/td>\n<td width=\"75\">mil\u00edmetros<\/td>\n<td colspan=\"2\" width=\"118\">\u00a0\u00a04,9\u00d710,7<\/td>\n<td width=\"118\">6,2\u00d712<\/td>\n<\/tr>\n<tr>\n<td width=\"247\">Peso do cabo<\/td>\n<td width=\"103\">\u00b15%<\/td>\n<td width=\"75\">kg\/km<\/td>\n<td colspan=\"2\" width=\"118\">90<\/td>\n<td width=\"118\">105<\/td>\n<\/tr>\n<\/tbody>\n<\/table>\n<p>&nbsp;<\/p>\n<p><strong><b>Desempenho Mec\u00e2nico e Ambiental<\/b><\/strong><\/p>\n<table>\n<tbody>\n<tr>\n<td width=\"221\"><strong>Item<\/strong><\/td>\n<td width=\"206\"><strong>Conte\u00fado<\/strong><\/td>\n<td width=\"236\"><strong>Valor<\/strong><\/td>\n<\/tr>\n<tr>\n<td rowspan=\"2\" width=\"221\">M\u00e1x. carga de tra\u00e7\u00e3o<\/td>\n<td width=\"206\">Curto prazo<\/td>\n<td width=\"236\">Deforma\u00e7\u00e3o de fibra 3000N\u22640,6%<\/td>\n<\/tr>\n<tr>\n<td width=\"206\">Longo prazo<\/td>\n<td width=\"236\">1500N<\/td>\n<\/tr>\n<tr>\n<td rowspan=\"2\" width=\"221\">M\u00e1x. resist\u00eancia ao esmagamento<\/td>\n<td width=\"206\">Curto prazo<\/td>\n<td width=\"236\">1500N\/100mm<\/td>\n<\/tr>\n<tr>\n<td width=\"206\">Longo prazo<\/td>\n<td width=\"236\">500N\/100mm<\/td>\n<\/tr>\n<tr>\n<td rowspan=\"2\" width=\"221\">Min. raio de curvatura<\/td>\n<td width=\"206\">Instala\u00e7\u00e3o<\/td>\n<td width=\"236\">20 x di\u00e2metro do cabo<\/td>\n<\/tr>\n<tr>\n<td width=\"206\">Opera\u00e7\u00e3o<\/td>\n<td width=\"236\">10 x di\u00e2metro do cabo<\/td>\n<\/tr>\n<tr>\n<td rowspan=\"3\" width=\"221\">Faixa de temperatura<\/td>\n<td width=\"206\">Opera\u00e7\u00e3o<\/td>\n<td width=\"236\">-40\u00b0C ~ +70\u00b0C<\/td>\n<\/tr>\n<tr>\n<td width=\"206\">Instala\u00e7\u00e3o<\/td>\n<td width=\"236\">-20\u2103 ~ +60\u2103<\/td>\n<\/tr>\n<tr>\n<td width=\"206\">Armazenamento\/transporte<\/td>\n<td width=\"236\">-40\u00b0C ~ +70\u00b0C<\/td>\n<\/tr>\n<\/tbody>\n<\/table>\n<p>&nbsp;<\/p>\n<p><strong><b>Par\u00e2metros t\u00e9cnicos de fibra \u00f3ptica-SMF<\/b><\/strong><\/p>\n<table>\n<tbody>\n<tr>\n<td colspan=\"2\" rowspan=\"2\" width=\"320\"><strong>Item<\/strong><\/td>\n<td rowspan=\"2\" width=\"85\"><strong>Unidade<\/strong><\/td>\n<td width=\"264\"><strong>Especifica\u00e7\u00e3o<\/strong><\/td>\n<\/tr>\n<tr>\n<td width=\"264\">G. 652D<\/td>\n<\/tr>\n<tr>\n<td rowspan=\"2\" width=\"207\">Di\u00e2metro do campo de modo<\/td>\n<td width=\"113\">1310 nm<\/td>\n<td width=\"85\">nm<\/td>\n<td width=\"264\">9,2 \u00b1 0,4<\/td>\n<\/tr>\n<tr>\n<td width=\"113\">1550 nm<\/td>\n<td width=\"85\">nm<\/td>\n<td width=\"264\">10,4 \u00b1 0,5<\/td>\n<\/tr>\n<tr>\n<td colspan=\"2\" width=\"320\">Di\u00e2metro do revestimento<\/td>\n<td width=\"85\">nm<\/td>\n<td width=\"264\">125,0 \u00b1 0,7<\/td>\n<\/tr>\n<tr>\n<td colspan=\"2\" width=\"320\">N\u00e3o circularidade do revestimento<\/td>\n<td width=\"85\">%<\/td>\n<td width=\"264\">\u22641,0<\/td>\n<\/tr>\n<tr>\n<td colspan=\"2\" width=\"320\">Erro de concentricidade central<\/td>\n<td width=\"85\">nm<\/td>\n<td width=\"264\">\u22640,6<\/td>\n<\/tr>\n<tr>\n<td colspan=\"2\" width=\"320\">Di\u00e2metro do revestimento<\/td>\n<td width=\"85\">nm<\/td>\n<td width=\"264\">242 \u00b1 7<\/td>\n<\/tr>\n<tr>\n<td colspan=\"2\" width=\"320\">Erro de concentricidade de revestimento\/revestimento<\/td>\n<td width=\"85\">nm<\/td>\n<td width=\"264\">\u226412<\/td>\n<\/tr>\n<tr>\n<td colspan=\"2\" width=\"320\">Comprimento de onda de corte do cabo \u03bbcc<\/td>\n<td width=\"85\">nm<\/td>\n<td width=\"264\">\u2264 1260<\/td>\n<\/tr>\n<tr>\n<td rowspan=\"2\" width=\"207\">Atenua\u00e7\u00e3o<\/td>\n<td width=\"113\">1310 nm<\/td>\n<td width=\"85\">dB\/km<\/td>\n<td width=\"264\">\u22640,35<\/td>\n<\/tr>\n<tr>\n<td width=\"113\">1550 nm<\/td>\n<td width=\"85\">dB\/km<\/td>\n<td width=\"264\">\u22640,21<\/td>\n<\/tr>\n<\/tbody>\n<\/table>","protected":false},"excerpt":{"rendered":"<p>No cabo blindado GYXTC8S PE 2-12F Aerial Fig 8 Unitube da OMC, fibras monomodo\/multimodo s\u00e3o posicionadas no tubo solto, que \u00e9 feito de materiais PBT e preenchido com composto de enchimento. O tubo solto \u00e9 coberto com fio de vidro bloqueador de \u00e1gua. Fita blindada de a\u00e7o e materiais PE para garantir a compacidade e o desempenho longitudinal de bloqueio de \u00e1gua.  Um a\u00e7o tran\u00e7ado [\u2026]<\/p>","protected":false},"featured_media":11095,"comment_status":"closed","ping_status":"closed","template":"","meta":{"site-sidebar-layout":"default","site-content-layout":"","ast-site-content-layout":"default","site-content-style":"default","site-sidebar-style":"default","ast-global-header-display":"","ast-banner-title-visibility":"","ast-main-header-display":"","ast-hfb-above-header-display":"","ast-hfb-below-header-display":"","ast-hfb-mobile-header-display":"","site-post-title":"","ast-breadcrumbs-content":"","ast-featured-img":"","footer-sml-layout":"","theme-transparent-header-meta":"default","adv-header-id-meta":"","stick-header-meta":"default","header-above-stick-meta":"","header-main-stick-meta":"","header-below-stick-meta":"","astra-migrate-meta-layouts":"set","ast-page-background-enabled":"default","ast-page-background-meta":{"desktop":{"background-color":"var(--ast-global-color-4)","background-image":"","background-repeat":"repeat","background-position":"center center","background-size":"auto","background-attachment":"scroll","background-type":"","background-media":"","overlay-type":"","overlay-color":"","overlay-gradient":""},"tablet":{"background-color":"","background-image":"","background-repeat":"repeat","background-position":"center center","background-size":"auto","background-attachment":"scroll","background-type":"","background-media":"","overlay-type":"","overlay-color":"","overlay-gradient":""},"mobile":{"background-color":"","background-image":"","background-repeat":"repeat","background-position":"center center","background-size":"auto","background-attachment":"scroll","background-type":"","background-media":"","overlay-type":"","overlay-color":"","overlay-gradient":""}},"ast-content-background-meta":{"desktop":{"background-color":"var(--ast-global-color-5)","background-image":"","background-repeat":"repeat","background-position":"center center","background-size":"auto","background-attachment":"scroll","background-type":"","background-media":"","overlay-type":"","overlay-color":"","overlay-gradient":""},"tablet":{"background-color":"var(--ast-global-color-5)","background-image":"","background-repeat":"repeat","background-position":"center center","background-size":"auto","background-attachment":"scroll","background-type":"","background-media":"","overlay-type":"","overlay-color":"","overlay-gradient":""},"mobile":{"background-color":"var(--ast-global-color-5)","background-image":"","background-repeat":"repeat","background-position":"center center","background-size":"auto","background-attachment":"scroll","background-type":"","background-media":"","overlay-type":"","overlay-color":"","overlay-gradient":""}}},"product_cat":[139,124],"product_tag":[],"class_list":{"0":"post-11093","1":"product","2":"type-product","3":"status-publish","4":"has-post-thumbnail","6":"product_cat-armored-outdoor-cable","7":"product_cat-outdoor-cable","8":"desktop-align-left","9":"tablet-align-left","10":"mobile-align-left","11":"ast-product-gallery-layout-horizontal-slider","12":"ast-product-tabs-layout-horizontal","14":"first","15":"instock","16":"shipping-taxable","17":"product-type-simple"},"acf":[],"_links":{"self":[{"href":"https:\/\/www.omccable.com\/pt\/wp-json\/wp\/v2\/product\/11093","targetHints":{"allow":["GET"]}}],"collection":[{"href":"https:\/\/www.omccable.com\/pt\/wp-json\/wp\/v2\/product"}],"about":[{"href":"https:\/\/www.omccable.com\/pt\/wp-json\/wp\/v2\/types\/product"}],"replies":[{"embeddable":true,"href":"https:\/\/www.omccable.com\/pt\/wp-json\/wp\/v2\/comments?post=11093"}],"version-history":[{"count":1,"href":"https:\/\/www.omccable.com\/pt\/wp-json\/wp\/v2\/product\/11093\/revisions"}],"predecessor-version":[{"id":11096,"href":"https:\/\/www.omccable.com\/pt\/wp-json\/wp\/v2\/product\/11093\/revisions\/11096"}],"wp:featuredmedia":[{"embeddable":true,"href":"https:\/\/www.omccable.com\/pt\/wp-json\/wp\/v2\/media\/11095"}],"wp:attachment":[{"href":"https:\/\/www.omccable.com\/pt\/wp-json\/wp\/v2\/media?parent=11093"}],"wp:term":[{"taxonomy":"product_cat","embeddable":true,"href":"https:\/\/www.omccable.com\/pt\/wp-json\/wp\/v2\/product_cat?post=11093"},{"taxonomy":"product_tag","embeddable":true,"href":"https:\/\/www.omccable.com\/pt\/wp-json\/wp\/v2\/product_tag?post=11093"}],"curies":[{"name":"wp","href":"https:\/\/api.w.org\/{rel}","templated":true}]}}