{"id":11084,"date":"2024-06-24T16:10:42","date_gmt":"2024-06-24T08:10:42","guid":{"rendered":"https:\/\/www.omccable.com\/?post_type=product&#038;p=11084"},"modified":"2024-06-24T16:10:42","modified_gmt":"2024-06-24T08:10:42","slug":"2-12f-double-sheath-unitube-armored-cable-gjfxtkv53","status":"publish","type":"product","link":"https:\/\/www.omccable.com\/pt\/produto\/2-12f-double-sheath-unitube-armored-cable-gjfxtkv53\/","title":{"rendered":"Cabo blindado unitubo com bainha dupla 2-12F (GJFXTKV53)"},"content":{"rendered":"<p>Nos MAC <strong><b>Cabo blindado unitubo com bainha dupla 2-12F (GJFXTKV53) Fio de vidro PE<\/b><\/strong>\u00a0cabo, as fibras monomodo\/multimodo s\u00e3o posicionadas no tubo solto, que \u00e9 feito de materiais PBT e preenchido com composto de enchimento. O tubo solto \u00e9 coberto com <strong><b>Fio de vidro bloqueador de \u00e1gua<\/b><\/strong>\u00a0. <strong><b>Fita blindada de a\u00e7o e bainha dupla PE<\/b><\/strong>\u00a0revestimento de materiais para garantir a compacidade e o desempenho longitudinal de bloqueio de \u00e1gua.<\/p>\n<p>&nbsp;<\/p>\n<p><strong><b>Cor padr\u00e3o da fibra e do tubo<\/b><\/strong><\/p>\n<p>O c\u00f3digo de cores das fibras individuais deve estar de acordo com a tabela abaixo:<\/p>\n<table>\n<tbody>\n<tr>\n<td width=\"168\">N\u00e3o.<\/td>\n<td width=\"86\">1<\/td>\n<td width=\"82\">2<\/td>\n<td width=\"82\">3<\/td>\n<td width=\"82\">4<\/td>\n<td width=\"82\">5<\/td>\n<td width=\"75\">6<\/td>\n<\/tr>\n<tr>\n<td width=\"168\">Cor<\/td>\n<td width=\"86\">Azul<\/td>\n<td width=\"82\">Laranja<\/td>\n<td width=\"82\">Verde<\/td>\n<td width=\"82\">Marrom<\/td>\n<td width=\"82\">Ard\u00f3sia<\/td>\n<td width=\"75\">Branco<\/td>\n<\/tr>\n<tr>\n<td width=\"168\">N\u00e3o.<\/td>\n<td width=\"86\">7<\/td>\n<td width=\"82\">8<\/td>\n<td width=\"82\">9<\/td>\n<td width=\"82\">10<\/td>\n<td width=\"82\">11<\/td>\n<td width=\"75\">12<\/td>\n<\/tr>\n<tr>\n<td width=\"168\">Cor<\/td>\n<td width=\"86\">Vermelho<\/td>\n<td width=\"82\">Preto<\/td>\n<td width=\"82\">Amarelo<\/td>\n<td width=\"82\">Violeta<\/td>\n<td width=\"82\">Rosa<\/td>\n<td width=\"75\">\u00c1gua<\/td>\n<\/tr>\n<\/tbody>\n<\/table>\n<p>&nbsp;<\/p>\n<p><strong><b>Cabo<\/b><\/strong><strong><b>\u00a0Par\u00e2metro de estrutura<\/b><\/strong><\/p>\n<table>\n<tbody>\n<tr>\n<td width=\"247\">Item<\/td>\n<td width=\"94\">Conte\u00fado<\/td>\n<td width=\"66\">Unidade<\/td>\n<td colspan=\"4\" width=\"255\">Valor<\/td>\n<\/tr>\n<tr>\n<td width=\"247\">Contagem de fibras<\/td>\n<td width=\"94\">N\u00famero<\/td>\n<td width=\"66\">\/<\/td>\n<td width=\"66\">4<\/td>\n<td width=\"66\">6<\/td>\n<td width=\"66\">8<\/td>\n<td width=\"56\">12<\/td>\n<\/tr>\n<tr>\n<td width=\"247\">Tipo de fibra<\/td>\n<td width=\"94\">\/<\/td>\n<td width=\"66\">\/<\/td>\n<td colspan=\"4\" width=\"255\">OS1, OS2,OM1,OM2, OM3,OM4<\/td>\n<\/tr>\n<tr>\n<td width=\"247\">Fibras por tubo<\/td>\n<td width=\"94\">Contar<\/td>\n<td width=\"66\">\/<\/td>\n<td width=\"66\">4<\/td>\n<td width=\"66\">6<\/td>\n<td width=\"66\">8<\/td>\n<td width=\"56\">12<\/td>\n<\/tr>\n<tr>\n<td width=\"247\">Barreira de umidade<\/td>\n<td width=\"94\">\/<\/td>\n<td width=\"66\">\/<\/td>\n<td colspan=\"4\" width=\"255\">Sistema de bloqueio de \u00e1gua<\/td>\n<\/tr>\n<tr>\n<td rowspan=\"3\" width=\"247\">Tubo solto<\/td>\n<td width=\"94\">Materiais<\/td>\n<td width=\"66\">\/<\/td>\n<td colspan=\"4\" width=\"255\">PBT<\/td>\n<\/tr>\n<tr>\n<td width=\"94\">Di\u00e2metro<\/td>\n<td width=\"66\">mil\u00edmetros<\/td>\n<td colspan=\"2\" width=\"132\">2,0\u00b10,1<\/td>\n<td colspan=\"2\" width=\"122\">2,2\u00b10,1<\/td>\n<\/tr>\n<tr>\n<td width=\"94\">Cor<\/td>\n<td width=\"66\">\/<\/td>\n<td colspan=\"4\" width=\"255\">Natureza<\/td>\n<\/tr>\n<tr>\n<td rowspan=\"2\" width=\"247\">Membro de for\u00e7a<\/td>\n<td width=\"94\">Materiais<\/td>\n<td width=\"66\">\/<\/td>\n<td colspan=\"4\" width=\"255\">Fio de vidro<\/td>\n<\/tr>\n<tr>\n<td width=\"94\">Di\u00e2metro<\/td>\n<td width=\"66\">\/<\/td>\n<td colspan=\"4\" width=\"255\">1680D<\/td>\n<\/tr>\n<tr>\n<td width=\"247\">Elemento de resist\u00eancia perif\u00e9rica<\/td>\n<td width=\"94\">Materiais<\/td>\n<td width=\"66\">\/<\/td>\n<td colspan=\"4\" width=\"255\">Fita de a\u00e7o corrugado<\/td>\n<\/tr>\n<tr>\n<td rowspan=\"3\" width=\"247\">Bainha interna<\/td>\n<td width=\"94\">materiais<\/td>\n<td width=\"66\">\/<\/td>\n<td colspan=\"4\" width=\"255\">EP<\/td>\n<\/tr>\n<tr>\n<td width=\"94\">Espessura<\/td>\n<td width=\"66\">mil\u00edmetros<\/td>\n<td colspan=\"4\" width=\"255\">1,20\u00b10,2mm<\/td>\n<\/tr>\n<tr>\n<td width=\"94\">Cor<\/td>\n<td width=\"66\">\/<\/td>\n<td colspan=\"4\" width=\"255\">Preto<\/td>\n<\/tr>\n<tr>\n<td rowspan=\"3\" width=\"247\">Bainha externa<\/td>\n<td width=\"94\">materiais<\/td>\n<td width=\"66\">\/<\/td>\n<td colspan=\"4\" width=\"255\">EP<\/td>\n<\/tr>\n<tr>\n<td width=\"94\">Espessura<\/td>\n<td width=\"66\">mil\u00edmetros<\/td>\n<td colspan=\"4\" width=\"255\">1,60\u00b10,2mm<\/td>\n<\/tr>\n<tr>\n<td width=\"94\">Cor<\/td>\n<td width=\"66\">\/<\/td>\n<td colspan=\"4\" width=\"255\">Preto<\/td>\n<\/tr>\n<tr>\n<td rowspan=\"2\" width=\"247\">Atenua\u00e7\u00e3o (ap\u00f3s cabo)<\/td>\n<td width=\"94\">1310 nm<\/td>\n<td width=\"66\">dB\/km<\/td>\n<td colspan=\"4\" width=\"255\">\u00a30.36<\/td>\n<\/tr>\n<tr>\n<td width=\"94\">1550 nm<\/td>\n<td width=\"66\">dB\/km<\/td>\n<td colspan=\"4\" width=\"255\">\u00a30.22<\/td>\n<\/tr>\n<tr>\n<td width=\"247\">Di\u00e2metro do cabo<\/td>\n<td width=\"94\">\u00b10,3<\/td>\n<td width=\"66\">mil\u00edmetros<\/td>\n<td colspan=\"4\" width=\"255\">\u00a0\u00a0\u00a0\u00a0\u00a0\u00a0\u00a012<\/td>\n<\/tr>\n<tr>\n<td width=\"247\">Peso do cabo<\/td>\n<td width=\"94\">\u00b15%<\/td>\n<td width=\"66\">kg\/km<\/td>\n<td colspan=\"4\" width=\"255\">\u00a0\u00a0\u00a0\u00a0\u00a0\u00a0\u00a0\u00a0105<\/td>\n<\/tr>\n<\/tbody>\n<\/table>\n<p>&nbsp;<\/p>\n<p><strong><b>Desempenho Mec\u00e2nico e Ambiental<\/b><\/strong><\/p>\n<table>\n<tbody>\n<tr>\n<td width=\"221\"><strong>Item<\/strong><\/td>\n<td width=\"206\"><strong>Conte\u00fado<\/strong><\/td>\n<td width=\"236\"><strong>Valor<\/strong><\/td>\n<\/tr>\n<tr>\n<td rowspan=\"2\" width=\"221\">M\u00e1x. carga de tra\u00e7\u00e3o<\/td>\n<td width=\"206\">Curto prazo<\/td>\n<td width=\"236\">Deforma\u00e7\u00e3o de fibra 3000N\u22640,6%<\/td>\n<\/tr>\n<tr>\n<td width=\"206\">Longo prazo<\/td>\n<td width=\"236\">1500N<\/td>\n<\/tr>\n<tr>\n<td rowspan=\"2\" width=\"221\">M\u00e1x. resist\u00eancia ao esmagamento<\/td>\n<td width=\"206\">Curto prazo<\/td>\n<td width=\"236\">3000N\/100mm<\/td>\n<\/tr>\n<tr>\n<td width=\"206\">Longo prazo<\/td>\n<td width=\"236\">1000N\/100mm<\/td>\n<\/tr>\n<tr>\n<td rowspan=\"2\" width=\"221\">Min. raio de curvatura<\/td>\n<td width=\"206\">Instala\u00e7\u00e3o<\/td>\n<td width=\"236\">20 x di\u00e2metro do cabo<\/td>\n<\/tr>\n<tr>\n<td width=\"206\">Opera\u00e7\u00e3o<\/td>\n<td width=\"236\">10 x di\u00e2metro do cabo<\/td>\n<\/tr>\n<tr>\n<td rowspan=\"3\" width=\"221\">Faixa de temperatura<\/td>\n<td width=\"206\">Opera\u00e7\u00e3o<\/td>\n<td width=\"236\">-40\u00b0C ~ +70\u00b0C<\/td>\n<\/tr>\n<tr>\n<td width=\"206\">Instala\u00e7\u00e3o<\/td>\n<td width=\"236\">-20\u2103 ~ +60\u2103<\/td>\n<\/tr>\n<tr>\n<td width=\"206\">Armazenamento\/transporte<\/td>\n<td width=\"236\">-40\u00b0C ~ +70\u00b0C<\/td>\n<\/tr>\n<\/tbody>\n<\/table>\n<p>&nbsp;<\/p>\n<p><strong><b>Par\u00e2metros t\u00e9cnicos da fibra \u00f3ptica <\/b><\/strong><\/p>\n<table>\n<tbody>\n<tr>\n<td colspan=\"3\" width=\"252\"><strong>Estilo fibra<\/strong><\/td>\n<td width=\"85\"><strong>Unidade<\/strong><\/td>\n<td width=\"94\"><strong>PE 9\/125<\/strong><\/td>\n<td width=\"103\"><strong>Mil\u00edmetros 50\/125<\/strong><\/td>\n<td width=\"122\"><strong>MS 62,5\/125<\/strong><\/td>\n<\/tr>\n<tr>\n<td colspan=\"3\" width=\"252\">doen\u00e7a<\/td>\n<td width=\"85\">nm<\/td>\n<td width=\"94\">1310\/1550<\/td>\n<td width=\"103\">850\/1300<\/td>\n<td width=\"122\">850\/1300<\/td>\n<\/tr>\n<tr>\n<td colspan=\"3\" width=\"252\">atenua\u00e7\u00e3o<\/td>\n<td width=\"85\">dB\/km<\/td>\n<td width=\"94\">\u22640,34\/0,2<\/td>\n<td width=\"103\">\u22643,0\/1,0<\/td>\n<td width=\"122\">\u22643,0\/1,0<\/td>\n<\/tr>\n<tr>\n<td colspan=\"2\" rowspan=\"2\" width=\"140\">Dispers\u00e3o<\/td>\n<td width=\"112\">1310 nm<\/td>\n<td width=\"85\">Ps\/(nm*km)<\/td>\n<td width=\"94\">\u226418<\/td>\n<td width=\"103\">\u2026..<\/td>\n<td width=\"122\">\u2026..<\/td>\n<\/tr>\n<tr>\n<td width=\"112\">1550 nm<\/td>\n<td width=\"85\">Ps\/(nm*km)<\/td>\n<td width=\"94\">\u226422<\/td>\n<td width=\"103\">\u2026..<\/td>\n<td width=\"122\">\u2026..<\/td>\n<\/tr>\n<tr>\n<td colspan=\"2\" rowspan=\"2\" width=\"140\">Largura de banda<\/td>\n<td width=\"112\">850 nm<\/td>\n<td width=\"85\">MHZ. KM<\/td>\n<td width=\"94\">\u2026..<\/td>\n<td width=\"103\">\u2267400<\/td>\n<td width=\"122\">\u2267160<\/td>\n<\/tr>\n<tr>\n<td width=\"112\">1300 nm<\/td>\n<td width=\"85\">MHZ. KM<\/td>\n<td width=\"94\">\u2026..<\/td>\n<td width=\"103\">\u2267800<\/td>\n<td width=\"122\">\u2267500<\/td>\n<\/tr>\n<tr>\n<td colspan=\"3\" width=\"252\">Comprimento de onda de dispers\u00e3o zero<\/td>\n<td width=\"85\">nm<\/td>\n<td width=\"94\">\u22671302,<\/p>\n<p>\u22641322<\/td>\n<td width=\"103\">\u2026..<\/td>\n<td width=\"122\">\u2026..<\/td>\n<\/tr>\n<tr>\n<td colspan=\"3\" width=\"252\">Inclina\u00e7\u00e3o de dispers\u00e3o zero<\/td>\n<td width=\"85\">nm<\/td>\n<td width=\"94\">\u22640,091<\/td>\n<td width=\"103\">\u2026..<\/td>\n<td width=\"122\">\u2026..<\/td>\n<\/tr>\n<tr>\n<td colspan=\"3\" width=\"252\">Fibra individual m\u00e1xima PMD<\/td>\n<td width=\"85\">&nbsp;<\/td>\n<td width=\"94\">\u22640,2<\/td>\n<td width=\"103\">\u2026..<\/td>\n<td width=\"122\">\u2026..<\/td>\n<\/tr>\n<tr>\n<td colspan=\"3\" width=\"252\">Valor do link do projeto PMD<\/td>\n<td width=\"85\">Ps(nm2*km)<\/td>\n<td width=\"94\">\u22640,08<\/td>\n<td width=\"103\">\u2026..<\/td>\n<td width=\"122\">\u2026..<\/td>\n<\/tr>\n<tr>\n<td colspan=\"3\" width=\"252\">Comprimento de onda de corte da fibra \u03bbc<\/td>\n<td width=\"85\">nm<\/td>\n<td width=\"94\">\u22671180,<\/p>\n<p>\u22641330<\/td>\n<td width=\"103\">\u2026..<\/td>\n<td width=\"122\">\u2026..<\/td>\n<\/tr>\n<tr>\n<td colspan=\"3\" width=\"252\">Comprimento de onda de corte do cabo \u03bbcc<\/td>\n<td width=\"85\">nm<\/td>\n<td width=\"94\">\u22641260<\/td>\n<td width=\"103\">\u2026..<\/td>\n<td width=\"122\">\u2026..<\/td>\n<\/tr>\n<tr>\n<td rowspan=\"2\" width=\"135\">DMF<\/td>\n<td colspan=\"2\" width=\"117\">1310 nm<\/td>\n<td width=\"85\">hum<\/td>\n<td width=\"94\">9,2\u00b10,4<\/td>\n<td width=\"103\">\u2026..<\/td>\n<td width=\"122\">\u2026..<\/td>\n<\/tr>\n<tr>\n<td colspan=\"2\" width=\"117\">1550 nm<\/td>\n<td width=\"85\">hum<\/td>\n<td width=\"94\">10,4\u00b10,8<\/td>\n<td width=\"103\">\u2026..<\/td>\n<td width=\"122\">\u2026..<\/td>\n<\/tr>\n<tr>\n<td colspan=\"3\" width=\"252\">Abertura Num\u00e9rica (NA)<\/td>\n<td width=\"85\">&nbsp;<\/td>\n<td width=\"94\">\u2026\u2026<\/td>\n<td width=\"103\">0,200\u00b10,015<\/td>\n<td width=\"122\">0,275\u00b10,015<\/td>\n<\/tr>\n<tr>\n<td colspan=\"3\" width=\"252\">Etapa (m\u00e9dia da medi\u00e7\u00e3o bidirecional)<\/td>\n<td width=\"85\">dB<\/td>\n<td width=\"94\">\u22640,05<\/td>\n<td width=\"103\">\u22640,10<\/td>\n<td width=\"122\">\u22640,10<\/td>\n<\/tr>\n<tr>\n<td colspan=\"3\" width=\"252\">Irregularidades no comprimento da fibra e descontinuidade pontual<\/td>\n<td width=\"85\">dB<\/td>\n<td width=\"94\">\u22640,05<\/td>\n<td width=\"103\">\u22640,10<\/td>\n<td width=\"122\">\u22640,10<\/td>\n<\/tr>\n<tr>\n<td colspan=\"3\" width=\"252\">Coeficiente de retroespalhamento de diferen\u00e7a<\/td>\n<td width=\"85\">dB\/km<\/td>\n<td width=\"94\">\u22640,03<\/td>\n<td width=\"103\">\u22640,08<\/td>\n<td width=\"122\">\u22640,10<\/td>\n<\/tr>\n<tr>\n<td colspan=\"3\" width=\"252\">Uniformidade de atenua\u00e7\u00e3o<\/td>\n<td width=\"85\">dB\/km<\/td>\n<td width=\"94\">\u22640,01<\/td>\n<td width=\"103\">\u2026\u2026.<\/td>\n<td width=\"122\">\u2026\u2026.<\/td>\n<\/tr>\n<tr>\n<td colspan=\"3\" width=\"252\">Di\u00e2metro do n\u00facleo<\/td>\n<td width=\"85\">hum<\/td>\n<td width=\"94\">\u2026\u2026<\/td>\n<td width=\"103\">50\u00b11,0<\/td>\n<td width=\"122\">62,5\u00b12,5<\/td>\n<\/tr>\n<tr>\n<td colspan=\"3\" width=\"252\">Di\u00e2metro do revestimento<\/td>\n<td width=\"85\">hum<\/td>\n<td width=\"94\">125,0\u00b10,1<\/td>\n<td width=\"103\">125,0\u00b10,1<\/td>\n<td width=\"122\">125,0\u00b10,1<\/td>\n<\/tr>\n<tr>\n<td colspan=\"3\" width=\"252\">N\u00e3o circularidade do revestimento<\/td>\n<td width=\"85\">%<\/td>\n<td width=\"94\">\u22641,0<\/td>\n<td width=\"103\">\u22641,0<\/td>\n<td width=\"122\">\u22641,0<\/td>\n<\/tr>\n<tr>\n<td colspan=\"3\" width=\"252\">Di\u00e2metro do revestimento<\/td>\n<td width=\"85\">hum<\/td>\n<td width=\"94\">242\u00b17<\/td>\n<td width=\"103\">242\u00b17<\/td>\n<td width=\"122\">242\u00b17<\/td>\n<\/tr>\n<tr>\n<td colspan=\"3\" width=\"252\">Erro conc\u00eantrico de revestimento\/tentilh\u00e3o<\/td>\n<td width=\"85\">hum<\/td>\n<td width=\"94\">\u226412,0<\/td>\n<td width=\"103\">\u226412,0<\/td>\n<td width=\"122\">\u226412,0<\/td>\n<\/tr>\n<tr>\n<td colspan=\"3\" width=\"252\">N\u00e3o circularidade do revestimento<\/td>\n<td width=\"85\">%<\/td>\n<td width=\"94\">\u22646,0<\/td>\n<td width=\"103\">\u22646,0<\/td>\n<td width=\"122\">\u22646,0<\/td>\n<\/tr>\n<tr>\n<td colspan=\"3\" width=\"252\">Erro de concentricidade do n\u00facleo\/revestimento<\/td>\n<td width=\"85\">hum<\/td>\n<td width=\"94\">\u22640,6<\/td>\n<td width=\"103\">\u22641,5<\/td>\n<td width=\"122\">\u22641,5<\/td>\n<\/tr>\n<tr>\n<td colspan=\"3\" width=\"252\">Ondula\u00e7\u00e3o (raio)<\/td>\n<td width=\"85\">hum<\/td>\n<td width=\"94\">\u22644<\/td>\n<td width=\"103\">\u2026..<\/td>\n<td width=\"122\">\u2026..<\/td>\n<\/tr>\n<\/tbody>\n<\/table>","protected":false},"excerpt":{"rendered":"<p>No cabo blindado unitubo de bainha dupla 2-12F da OMC (GJFXTKV53) cabo PE de fio de vidro, as fibras monomodo\/multimodo s\u00e3o posicionadas no tubo solto, que \u00e9 feito de materiais PBT e preenchido com composto de enchimento. O tubo solto \u00e9 coberto com fio de vidro bloqueador de \u00e1gua. Fita blindada de a\u00e7o e revestimento de materiais PE de bainha dupla para garantir a compacidade e o desempenho longitudinal de bloqueio de \u00e1gua. [\u2026]<\/p>","protected":false},"featured_media":11086,"comment_status":"closed","ping_status":"closed","template":"","meta":{"site-sidebar-layout":"default","site-content-layout":"","ast-site-content-layout":"default","site-content-style":"default","site-sidebar-style":"default","ast-global-header-display":"","ast-banner-title-visibility":"","ast-main-header-display":"","ast-hfb-above-header-display":"","ast-hfb-below-header-display":"","ast-hfb-mobile-header-display":"","site-post-title":"","ast-breadcrumbs-content":"","ast-featured-img":"","footer-sml-layout":"","theme-transparent-header-meta":"default","adv-header-id-meta":"","stick-header-meta":"default","header-above-stick-meta":"","header-main-stick-meta":"","header-below-stick-meta":"","astra-migrate-meta-layouts":"set","ast-page-background-enabled":"default","ast-page-background-meta":{"desktop":{"background-color":"var(--ast-global-color-4)","background-image":"","background-repeat":"repeat","background-position":"center center","background-size":"auto","background-attachment":"scroll","background-type":"","background-media":"","overlay-type":"","overlay-color":"","overlay-gradient":""},"tablet":{"background-color":"","background-image":"","background-repeat":"repeat","background-position":"center center","background-size":"auto","background-attachment":"scroll","background-type":"","background-media":"","overlay-type":"","overlay-color":"","overlay-gradient":""},"mobile":{"background-color":"","background-image":"","background-repeat":"repeat","background-position":"center center","background-size":"auto","background-attachment":"scroll","background-type":"","background-media":"","overlay-type":"","overlay-color":"","overlay-gradient":""}},"ast-content-background-meta":{"desktop":{"background-color":"var(--ast-global-color-5)","background-image":"","background-repeat":"repeat","background-position":"center center","background-size":"auto","background-attachment":"scroll","background-type":"","background-media":"","overlay-type":"","overlay-color":"","overlay-gradient":""},"tablet":{"background-color":"var(--ast-global-color-5)","background-image":"","background-repeat":"repeat","background-position":"center center","background-size":"auto","background-attachment":"scroll","background-type":"","background-media":"","overlay-type":"","overlay-color":"","overlay-gradient":""},"mobile":{"background-color":"var(--ast-global-color-5)","background-image":"","background-repeat":"repeat","background-position":"center center","background-size":"auto","background-attachment":"scroll","background-type":"","background-media":"","overlay-type":"","overlay-color":"","overlay-gradient":""}}},"product_cat":[139,124],"product_tag":[],"class_list":{"0":"post-11084","1":"product","2":"type-product","3":"status-publish","4":"has-post-thumbnail","6":"product_cat-armored-outdoor-cable","7":"product_cat-outdoor-cable","8":"desktop-align-left","9":"tablet-align-left","10":"mobile-align-left","11":"ast-product-gallery-layout-horizontal-slider","12":"ast-product-tabs-layout-horizontal","14":"first","15":"instock","16":"shipping-taxable","17":"product-type-simple"},"acf":[],"_links":{"self":[{"href":"https:\/\/www.omccable.com\/pt\/wp-json\/wp\/v2\/product\/11084","targetHints":{"allow":["GET"]}}],"collection":[{"href":"https:\/\/www.omccable.com\/pt\/wp-json\/wp\/v2\/product"}],"about":[{"href":"https:\/\/www.omccable.com\/pt\/wp-json\/wp\/v2\/types\/product"}],"replies":[{"embeddable":true,"href":"https:\/\/www.omccable.com\/pt\/wp-json\/wp\/v2\/comments?post=11084"}],"version-history":[{"count":1,"href":"https:\/\/www.omccable.com\/pt\/wp-json\/wp\/v2\/product\/11084\/revisions"}],"predecessor-version":[{"id":11087,"href":"https:\/\/www.omccable.com\/pt\/wp-json\/wp\/v2\/product\/11084\/revisions\/11087"}],"wp:featuredmedia":[{"embeddable":true,"href":"https:\/\/www.omccable.com\/pt\/wp-json\/wp\/v2\/media\/11086"}],"wp:attachment":[{"href":"https:\/\/www.omccable.com\/pt\/wp-json\/wp\/v2\/media?parent=11084"}],"wp:term":[{"taxonomy":"product_cat","embeddable":true,"href":"https:\/\/www.omccable.com\/pt\/wp-json\/wp\/v2\/product_cat?post=11084"},{"taxonomy":"product_tag","embeddable":true,"href":"https:\/\/www.omccable.com\/pt\/wp-json\/wp\/v2\/product_tag?post=11084"}],"curies":[{"name":"wp","href":"https:\/\/api.w.org\/{rel}","templated":true}]}}