{"id":11060,"date":"2024-06-21T15:39:00","date_gmt":"2024-06-21T07:39:00","guid":{"rendered":"https:\/\/www.omccable.com\/?post_type=product&#038;p=11060"},"modified":"2024-06-21T15:55:40","modified_gmt":"2024-06-21T07:55:40","slug":"2-12f-unitube-armored-cable-gyxts-glass-yarn-pe","status":"publish","type":"product","link":"https:\/\/www.omccable.com\/pt\/produto\/2-12f-unitube-armored-cable-gyxts-glass-yarn-pe\/","title":{"rendered":"Cabo Blindado Unitube 2-12F (GYXTS) - Fio de Vidro PE"},"content":{"rendered":"<p>Nos MAC <strong><b>2<\/b><\/strong><strong><b>\u2013<\/b><\/strong><strong><b>Cabo blindado Unitube de 12 n\u00facleos (GYXT<\/b><\/strong><strong><b>S<\/b><\/strong><strong><b>) Com fio de vidro bloqueador de \u00e1gua<\/b><\/strong>, as fibras monomodo\/multimodo s\u00e3o posicionadas no tubo solto, que \u00e9 feito de materiais PBT e preenchido com composto de enchimento. O tubo solto \u00e9 coberto com <strong><b>Fio de vidro bloqueador de \u00e1gua<\/b><\/strong>\u00a0. <strong><b>Fita blindada de a\u00e7o e HDPE<\/b><\/strong>\u00a0materiais para garantir a compacidade e o desempenho longitudinal de bloqueio de \u00e1gua.<\/p>\n<p>&nbsp;<\/p>\n<p><strong><b>Cor padr\u00e3o da fibra e do tubo<\/b><\/strong><\/p>\n<p>O c\u00f3digo de cores das fibras individuais deve estar de acordo com a tabela abaixo:<\/p>\n<table>\n<tbody>\n<tr>\n<td width=\"168\">N\u00e3o.<\/td>\n<td width=\"86\">1<\/td>\n<td width=\"82\">2<\/td>\n<td width=\"82\">3<\/td>\n<td width=\"82\">4<\/td>\n<td width=\"82\">5<\/td>\n<td width=\"75\">6<\/td>\n<\/tr>\n<tr>\n<td width=\"168\">Cor<\/td>\n<td width=\"86\">Azul<\/td>\n<td width=\"82\">Laranja<\/td>\n<td width=\"82\">Verde<\/td>\n<td width=\"82\">Marrom<\/td>\n<td width=\"82\">Ard\u00f3sia<\/td>\n<td width=\"75\">Branco<\/td>\n<\/tr>\n<tr>\n<td width=\"168\">N\u00e3o.<\/td>\n<td width=\"86\">7<\/td>\n<td width=\"82\">8<\/td>\n<td width=\"82\">9<\/td>\n<td width=\"82\">10<\/td>\n<td width=\"82\">11<\/td>\n<td width=\"75\">12<\/td>\n<\/tr>\n<tr>\n<td width=\"168\">Cor<\/td>\n<td width=\"86\">Vermelho<\/td>\n<td width=\"82\">Preto<\/td>\n<td width=\"82\">Amarelo<\/td>\n<td width=\"82\">Violeta<\/td>\n<td width=\"82\">Rosa<\/td>\n<td width=\"75\">\u00c1gua<\/td>\n<\/tr>\n<\/tbody>\n<\/table>\n<p>&nbsp;<\/p>\n<p><strong><b>Cabo<\/b><\/strong><strong><b>\u00a0Par\u00e2metro de estrutura<\/b><\/strong><\/p>\n<table>\n<tbody>\n<tr>\n<td width=\"228\"><strong>Item<\/strong><\/td>\n<td width=\"75\"><strong>Conte\u00fado<\/strong><\/td>\n<td width=\"56\"><strong>Unidade<\/strong><\/td>\n<td width=\"302\"><strong>Valor<\/strong><\/td>\n<\/tr>\n<tr>\n<td width=\"228\">Contagem de fibras<\/td>\n<td width=\"75\">N\u00famero<\/td>\n<td width=\"56\">\/<\/td>\n<td width=\"302\">2-12<\/td>\n<\/tr>\n<tr>\n<td width=\"228\">Tipo de fibra<\/td>\n<td width=\"75\">\/<\/td>\n<td width=\"56\">\/<\/td>\n<td width=\"302\">G652D<\/td>\n<\/tr>\n<tr>\n<td width=\"228\">Fibras por tubo<\/td>\n<td width=\"75\">Contar<\/td>\n<td width=\"56\">\/<\/td>\n<td width=\"302\">2-12<\/td>\n<\/tr>\n<tr>\n<td rowspan=\"3\" width=\"228\">Tubo solto<\/td>\n<td width=\"75\">Materiais<\/td>\n<td width=\"56\">\/<\/td>\n<td width=\"302\">PBT<\/td>\n<\/tr>\n<tr>\n<td width=\"75\">Nominais<\/p>\n<p>Di\u00e2metro<\/td>\n<td width=\"56\">mil\u00edmetros<\/td>\n<td width=\"302\"><strong>\u00a0<\/strong><\/p>\n<p>2.2<\/td>\n<\/tr>\n<tr>\n<td width=\"75\">cor<\/td>\n<td width=\"56\">\/<\/td>\n<td width=\"302\">Naturais<\/td>\n<\/tr>\n<tr>\n<td width=\"228\">Sistema de bloqueio de \u00e1gua<\/td>\n<td width=\"75\">Materiais<\/td>\n<td width=\"56\">\/<\/td>\n<td width=\"302\">Fio de vidro bloqueador de \u00e1gua<\/td>\n<\/tr>\n<tr>\n<td rowspan=\"2\" width=\"228\">Atenua\u00e7\u00e3o (ap\u00f3s cabo)<\/td>\n<td width=\"75\">1310 nm<\/td>\n<td width=\"56\">dB\/km<\/td>\n<td width=\"302\">\u00a30.36<\/td>\n<\/tr>\n<tr>\n<td width=\"75\">1550 nm<\/td>\n<td width=\"56\">dB\/km<\/td>\n<td width=\"302\">\u00a30.22<\/td>\n<\/tr>\n<tr>\n<td rowspan=\"2\" width=\"228\">Membro de for\u00e7a perif\u00e9rica<\/td>\n<td width=\"75\">Material 1<\/td>\n<td width=\"56\">\/<\/td>\n<td width=\"302\">Fio de vidro<\/td>\n<\/tr>\n<tr>\n<td width=\"75\">Material 2<\/td>\n<td width=\"56\">\/<\/td>\n<td width=\"302\">Fita de a\u00e7o corrugado<\/td>\n<\/tr>\n<tr>\n<td rowspan=\"2\" width=\"228\">Bainha externa<\/td>\n<td width=\"75\">materiais<\/td>\n<td width=\"56\">\/<\/td>\n<td width=\"302\">PEAD<\/td>\n<\/tr>\n<tr>\n<td width=\"75\">Cor<\/td>\n<td width=\"56\">\/<\/td>\n<td width=\"302\">Preto<\/td>\n<\/tr>\n<tr>\n<td width=\"228\">Di\u00e2metro do cabo<\/td>\n<td width=\"75\">\u00b10,5<\/td>\n<td width=\"56\">mil\u00edmetros<\/td>\n<td width=\"302\">8.4<\/td>\n<\/tr>\n<tr>\n<td width=\"228\">Peso do cabo<\/td>\n<td width=\"75\">\u00b110%<\/td>\n<td width=\"56\">kg\/km<\/td>\n<td width=\"302\">67<\/td>\n<\/tr>\n<\/tbody>\n<\/table>\n<p>&nbsp;<\/p>\n<p><strong><b>Desempenho Mec\u00e2nico e Ambiental<\/b><\/strong><\/p>\n<table>\n<tbody>\n<tr>\n<td width=\"221\"><strong>Item<\/strong><\/td>\n<td width=\"206\"><strong>Conte\u00fado<\/strong><\/td>\n<td width=\"236\"><strong>Valor<\/strong><\/td>\n<\/tr>\n<tr>\n<td width=\"221\">M\u00e1x. carga de tra\u00e7\u00e3o<\/td>\n<td width=\"206\">Curto prazo<\/td>\n<td width=\"236\">Estirpe de fibra de 2.000 N\u22640,6%<\/td>\n<\/tr>\n<tr>\n<td width=\"221\">M\u00e1x. resist\u00eancia ao esmagamento<\/td>\n<td width=\"206\">Curto prazo<\/td>\n<td width=\"236\">1900 N\/100 mm<\/td>\n<\/tr>\n<tr>\n<td rowspan=\"2\" width=\"221\">Min. raio de curvatura<\/td>\n<td width=\"206\">Instala\u00e7\u00e3o<\/td>\n<td width=\"236\">25 x di\u00e2metro do cabo<\/td>\n<\/tr>\n<tr>\n<td width=\"206\">Opera\u00e7\u00e3o<\/td>\n<td width=\"236\">12,5 x di\u00e2metro do cabo<\/td>\n<\/tr>\n<tr>\n<td rowspan=\"3\" width=\"221\">Faixa de temperatura<\/td>\n<td width=\"206\">Opera\u00e7\u00e3o<\/td>\n<td width=\"236\">-40\u00b0C ~ +70\u00b0C<\/td>\n<\/tr>\n<tr>\n<td width=\"206\">Instala\u00e7\u00e3o<\/td>\n<td width=\"236\">-20\u2103 ~ +60\u2103<\/td>\n<\/tr>\n<tr>\n<td width=\"206\">Armazenamento\/transporte<\/td>\n<td width=\"236\">-40\u00b0C ~ +70\u00b0C<\/td>\n<\/tr>\n<\/tbody>\n<\/table>\n<p>&nbsp;<\/p>\n<p><strong><b>Par\u00e2metros t\u00e9cnicos de fibra \u00f3ptica-SMF<\/b><\/strong><\/p>\n<table>\n<tbody>\n<tr>\n<td colspan=\"2\" rowspan=\"2\" width=\"320\"><strong>Item<\/strong><\/td>\n<td rowspan=\"2\" width=\"85\"><strong>Unidade<\/strong><\/td>\n<td width=\"264\"><strong>Especifica\u00e7\u00e3o<\/strong><\/td>\n<\/tr>\n<tr>\n<td width=\"264\">G. 652D<\/td>\n<\/tr>\n<tr>\n<td rowspan=\"2\" width=\"207\">Di\u00e2metro do campo de modo<\/td>\n<td width=\"113\">1310 nm<\/td>\n<td width=\"85\">nm<\/td>\n<td width=\"264\">9,2 \u00b1 0,4<\/td>\n<\/tr>\n<tr>\n<td width=\"113\">1550 nm<\/td>\n<td width=\"85\">nm<\/td>\n<td width=\"264\">10,4 \u00b1 0,5<\/td>\n<\/tr>\n<tr>\n<td colspan=\"2\" width=\"320\">Di\u00e2metro do revestimento<\/td>\n<td width=\"85\">nm<\/td>\n<td width=\"264\">125,0 \u00b1 0,7<\/td>\n<\/tr>\n<tr>\n<td colspan=\"2\" width=\"320\">N\u00e3o circularidade do revestimento<\/td>\n<td width=\"85\">%<\/td>\n<td width=\"264\">\u22641,0<\/td>\n<\/tr>\n<tr>\n<td colspan=\"2\" width=\"320\">Erro de concentricidade central<\/td>\n<td width=\"85\">nm<\/td>\n<td width=\"264\">\u22640,6<\/td>\n<\/tr>\n<tr>\n<td colspan=\"2\" width=\"320\">Di\u00e2metro do revestimento<\/td>\n<td width=\"85\">nm<\/td>\n<td width=\"264\">242 \u00b1 7<\/td>\n<\/tr>\n<tr>\n<td colspan=\"2\" width=\"320\">Erro de concentricidade de revestimento\/revestimento<\/td>\n<td width=\"85\">nm<\/td>\n<td width=\"264\">\u226412<\/td>\n<\/tr>\n<tr>\n<td colspan=\"2\" width=\"320\">Comprimento de onda de corte do cabo \u03bbcc<\/td>\n<td width=\"85\">nm<\/td>\n<td width=\"264\">\u2264 1260<\/td>\n<\/tr>\n<tr>\n<td rowspan=\"2\" width=\"207\">Atenua\u00e7\u00e3o<\/td>\n<td width=\"113\">1310 nm<\/td>\n<td width=\"85\">dB\/km<\/td>\n<td width=\"264\">\u22640,35<\/td>\n<\/tr>\n<tr>\n<td width=\"113\">1550 nm<\/td>\n<td width=\"85\">dB\/km<\/td>\n<td width=\"264\">\u22640,21<\/td>\n<\/tr>\n<\/tbody>\n<\/table>","protected":false},"excerpt":{"rendered":"<p>No cabo blindado unitubo de 2\u201312 n\u00facleos (GYXTS) da OMC com fio de vidro bloqueador de \u00e1gua, fibras monomodo\/multimodo s\u00e3o posicionadas no tubo solto, que \u00e9 feito de materiais PBT e preenchido com composto de enchimento. O tubo solto \u00e9 coberto com fio de vidro bloqueador de \u00e1gua. Fita blindada de a\u00e7o e materiais HDPE para garantir a compacidade e o desempenho longitudinal de bloqueio de \u00e1gua.   Cor padr\u00e3o [...]<\/p>","protected":false},"featured_media":11062,"comment_status":"closed","ping_status":"closed","template":"","meta":{"site-sidebar-layout":"default","site-content-layout":"","ast-site-content-layout":"default","site-content-style":"default","site-sidebar-style":"default","ast-global-header-display":"","ast-banner-title-visibility":"","ast-main-header-display":"","ast-hfb-above-header-display":"","ast-hfb-below-header-display":"","ast-hfb-mobile-header-display":"","site-post-title":"","ast-breadcrumbs-content":"","ast-featured-img":"","footer-sml-layout":"","theme-transparent-header-meta":"default","adv-header-id-meta":"","stick-header-meta":"default","header-above-stick-meta":"","header-main-stick-meta":"","header-below-stick-meta":"","astra-migrate-meta-layouts":"set","ast-page-background-enabled":"default","ast-page-background-meta":{"desktop":{"background-color":"var(--ast-global-color-4)","background-image":"","background-repeat":"repeat","background-position":"center center","background-size":"auto","background-attachment":"scroll","background-type":"","background-media":"","overlay-type":"","overlay-color":"","overlay-gradient":""},"tablet":{"background-color":"","background-image":"","background-repeat":"repeat","background-position":"center center","background-size":"auto","background-attachment":"scroll","background-type":"","background-media":"","overlay-type":"","overlay-color":"","overlay-gradient":""},"mobile":{"background-color":"","background-image":"","background-repeat":"repeat","background-position":"center center","background-size":"auto","background-attachment":"scroll","background-type":"","background-media":"","overlay-type":"","overlay-color":"","overlay-gradient":""}},"ast-content-background-meta":{"desktop":{"background-color":"var(--ast-global-color-5)","background-image":"","background-repeat":"repeat","background-position":"center center","background-size":"auto","background-attachment":"scroll","background-type":"","background-media":"","overlay-type":"","overlay-color":"","overlay-gradient":""},"tablet":{"background-color":"var(--ast-global-color-5)","background-image":"","background-repeat":"repeat","background-position":"center center","background-size":"auto","background-attachment":"scroll","background-type":"","background-media":"","overlay-type":"","overlay-color":"","overlay-gradient":""},"mobile":{"background-color":"var(--ast-global-color-5)","background-image":"","background-repeat":"repeat","background-position":"center center","background-size":"auto","background-attachment":"scroll","background-type":"","background-media":"","overlay-type":"","overlay-color":"","overlay-gradient":""}}},"product_cat":[139,124],"product_tag":[],"class_list":{"0":"post-11060","1":"product","2":"type-product","3":"status-publish","4":"has-post-thumbnail","6":"product_cat-armored-outdoor-cable","7":"product_cat-outdoor-cable","8":"desktop-align-left","9":"tablet-align-left","10":"mobile-align-left","11":"ast-product-gallery-layout-horizontal-slider","12":"ast-product-tabs-layout-horizontal","14":"first","15":"instock","16":"shipping-taxable","17":"product-type-simple"},"acf":[],"_links":{"self":[{"href":"https:\/\/www.omccable.com\/pt\/wp-json\/wp\/v2\/product\/11060","targetHints":{"allow":["GET"]}}],"collection":[{"href":"https:\/\/www.omccable.com\/pt\/wp-json\/wp\/v2\/product"}],"about":[{"href":"https:\/\/www.omccable.com\/pt\/wp-json\/wp\/v2\/types\/product"}],"replies":[{"embeddable":true,"href":"https:\/\/www.omccable.com\/pt\/wp-json\/wp\/v2\/comments?post=11060"}],"version-history":[{"count":1,"href":"https:\/\/www.omccable.com\/pt\/wp-json\/wp\/v2\/product\/11060\/revisions"}],"predecessor-version":[{"id":11063,"href":"https:\/\/www.omccable.com\/pt\/wp-json\/wp\/v2\/product\/11060\/revisions\/11063"}],"wp:featuredmedia":[{"embeddable":true,"href":"https:\/\/www.omccable.com\/pt\/wp-json\/wp\/v2\/media\/11062"}],"wp:attachment":[{"href":"https:\/\/www.omccable.com\/pt\/wp-json\/wp\/v2\/media?parent=11060"}],"wp:term":[{"taxonomy":"product_cat","embeddable":true,"href":"https:\/\/www.omccable.com\/pt\/wp-json\/wp\/v2\/product_cat?post=11060"},{"taxonomy":"product_tag","embeddable":true,"href":"https:\/\/www.omccable.com\/pt\/wp-json\/wp\/v2\/product_tag?post=11060"}],"curies":[{"name":"wp","href":"https:\/\/api.w.org\/{rel}","templated":true}]}}