{"id":11047,"date":"2024-06-21T09:55:23","date_gmt":"2024-06-21T01:55:23","guid":{"rendered":"https:\/\/www.omccable.com\/?post_type=product&#038;p=11047"},"modified":"2024-06-21T09:59:13","modified_gmt":"2024-06-21T01:59:13","slug":"576f-stranded-loose-tube-cable%ef%bc%88gyty","status":"publish","type":"product","link":"https:\/\/www.omccable.com\/pt\/produto\/576f-stranded-loose-tube-cable%ef%bc%88gyty\/","title":{"rendered":"Cabo de tubo solto tran\u00e7ado 576F (GYTY)"},"content":{"rendered":"<p>Nos MAC<strong><b>\u00a0Tubo solto tran\u00e7ado 576F (GYTY) <\/b><\/strong><strong><b>ao ar livre<\/b><\/strong><strong><b>\u00a0<\/b><\/strong>cabo, <strong><b>A <\/b><\/strong><strong><b>Encalhado<\/b><\/strong><strong><b>\u00a0<\/b><\/strong><strong><b>Fio<\/b><\/strong><strong><b>\u00a0(<\/b><\/strong>\u00e0s vezes revestido com polietileno (PE)<strong><b>)<\/b><\/strong>\u00a0localiza-se no centro do n\u00facleo como um membro de resist\u00eancia met\u00e1lica. As fibras monomodo\/multimodo s\u00e3o posicionadas no tubo solto, que \u00e9 feito de materiais PBT e preenchido com composto de enchimento. O<strong><b>\u00a0tubos (e enchimentos)<\/b><\/strong>\u00a0s\u00e3o encalhados em torno do membro de for\u00e7a em um n\u00facleo compacto e circular. Um\u00a0<strong><b>Bainha externa de PE<\/b><\/strong>\u00a0\u00e9 coberto em todos os tubos soltos.<\/p>\n<p>&nbsp;<\/p>\n<p><strong><b>Cor padr\u00e3o da fibra e do tubo<\/b><\/strong><\/p>\n<p>O c\u00f3digo de cores das fibras individuais deve estar de acordo com a tabela abaixo<\/p>\n<table>\n<tbody>\n<tr>\n<td width=\"124\"><strong>N\u00e3o.<\/strong><\/td>\n<td width=\"85\">1<\/td>\n<td width=\"94\">2<\/td>\n<td width=\"94\">3<\/td>\n<td width=\"85\">4<\/td>\n<td width=\"75\">5<\/td>\n<td width=\"104\">6<\/td>\n<\/tr>\n<tr>\n<td width=\"124\"><strong>Cor<\/strong><\/td>\n<td width=\"85\">Azul<\/td>\n<td width=\"94\">Laranja<\/td>\n<td width=\"94\">Verde<\/td>\n<td width=\"85\">Marrom<\/td>\n<td width=\"75\">Cinza<\/td>\n<td width=\"104\">Branco<\/td>\n<\/tr>\n<tr>\n<td width=\"124\"><strong>N\u00e3o.<\/strong><\/td>\n<td width=\"85\">7<\/td>\n<td width=\"94\">8<\/td>\n<td width=\"94\">9<\/td>\n<td width=\"85\">10<\/td>\n<td width=\"75\">11<\/td>\n<td width=\"104\">12<\/td>\n<\/tr>\n<tr>\n<td width=\"124\"><strong>Cor<\/strong><\/td>\n<td width=\"85\">Vermelho<\/td>\n<td width=\"94\">Preto<\/td>\n<td width=\"94\">Amarelo<\/td>\n<td width=\"85\">Violeta<\/td>\n<td width=\"75\">Rosa<\/td>\n<td width=\"104\">\u00c1gua<\/td>\n<\/tr>\n<\/tbody>\n<\/table>\n<p>C\u00f3digo de cores do tubo para fibras 12~144:<\/p>\n<table>\n<tbody>\n<tr>\n<td width=\"124\"><strong>N\u00e3o.<\/strong><\/td>\n<td width=\"85\">1<\/td>\n<td width=\"94\">2<\/td>\n<td width=\"94\">3<\/td>\n<td width=\"85\">4<\/td>\n<td width=\"85\">5<\/td>\n<td width=\"94\">6<\/td>\n<\/tr>\n<tr>\n<td width=\"124\"><strong>Cor<\/strong><\/td>\n<td width=\"85\">Azul<\/td>\n<td width=\"94\">Laranja<\/td>\n<td width=\"94\">Verde<\/td>\n<td width=\"85\">Marrom<\/td>\n<td width=\"85\">Cinza<\/td>\n<td width=\"94\">Branco<\/td>\n<\/tr>\n<tr>\n<td width=\"124\"><strong>N\u00e3o.<\/strong><\/td>\n<td width=\"85\">7<\/td>\n<td width=\"94\">8<\/td>\n<td width=\"94\">9<\/td>\n<td width=\"85\">10<\/td>\n<td width=\"85\">11<\/td>\n<td width=\"94\">12<\/td>\n<\/tr>\n<tr>\n<td width=\"124\"><strong>Cor<\/strong><\/td>\n<td width=\"85\">Vermelho<\/td>\n<td width=\"94\">Preto<\/td>\n<td width=\"94\">Amarelo<\/td>\n<td width=\"85\">Violeta<\/td>\n<td width=\"85\">Rosa<\/td>\n<td width=\"94\">\u00c1gua<\/td>\n<\/tr>\n<\/tbody>\n<\/table>\n<p>Nota: # significa faixa preta \u00fanica; * significa faixa branca \u00fanica.<\/p>\n<p>&nbsp;<\/p>\n<p><strong><b>Cabo<\/b><\/strong><strong><b>\u00a0Par\u00e2metro de estrutura<\/b><\/strong><\/p>\n<table>\n<tbody>\n<tr>\n<td colspan=\"2\" width=\"387\"><strong><b>Projeto<\/b><\/strong><\/td>\n<td width=\"122\"><strong><b>unidade<\/b><\/strong><\/td>\n<td width=\"160\"><strong><b>par\u00e2metro<\/b><\/strong><\/td>\n<\/tr>\n<tr>\n<td rowspan=\"2\" width=\"264\">Fibra \u00f3tica<\/td>\n<td width=\"122\">N\u00famero<\/td>\n<td width=\"122\">N\u00facleo<\/td>\n<td width=\"160\">576<\/td>\n<\/tr>\n<tr>\n<td width=\"122\">Modelo<\/td>\n<td colspan=\"2\" width=\"283\">SM 9\/125<\/td>\n<\/tr>\n<tr>\n<td rowspan=\"5\" width=\"264\">Tubo solto<\/td>\n<td width=\"122\">materiais<\/td>\n<td colspan=\"2\" width=\"283\">PBT<\/td>\n<\/tr>\n<tr>\n<td width=\"122\">Tubo colorido<\/td>\n<td width=\"122\">N\u00famero<\/td>\n<td width=\"160\">24<\/td>\n<\/tr>\n<tr>\n<td width=\"122\">di\u00e2metro<\/td>\n<td width=\"122\">\u00b10,1 mm<\/td>\n<td width=\"160\">2.6<\/td>\n<\/tr>\n<tr>\n<td width=\"122\">espessura<\/td>\n<td width=\"122\">\u00b10,05 mm<\/td>\n<td width=\"160\">0.35<\/td>\n<\/tr>\n<tr>\n<td width=\"122\">Fibra em tubo<\/td>\n<td width=\"122\">N\u00famero<\/td>\n<td width=\"160\">24<\/td>\n<\/tr>\n<tr>\n<td rowspan=\"3\" width=\"264\">Material resistente<\/td>\n<td width=\"122\">Materiais<\/td>\n<td colspan=\"2\" width=\"283\">GSSW<\/td>\n<\/tr>\n<tr>\n<td width=\"122\">di\u00e2metro<\/td>\n<td width=\"122\">\u00b10,1 mm<\/td>\n<td width=\"160\">3<\/td>\n<\/tr>\n<tr>\n<td width=\"122\">di\u00e2metro<\/td>\n<td width=\"122\">\u00b10,1 mm<\/td>\n<td width=\"160\">PE5.1<\/td>\n<\/tr>\n<tr>\n<td width=\"264\">Fio bloqueador de \u00e1gua N\u00famero<\/td>\n<td width=\"122\"><\/td>\n<td width=\"122\">2000D<\/td>\n<td width=\"160\">6<\/td>\n<\/tr>\n<tr>\n<td width=\"264\">Fita bloqueadora de \u00e1gua<\/td>\n<td width=\"122\"><\/td>\n<td width=\"122\">\u00b10,05 mm<\/td>\n<td width=\"160\">0.15<\/td>\n<\/tr>\n<tr>\n<td width=\"264\">N\u00famero do cord\u00e3o de grava\u00e7\u00e3o<\/td>\n<td width=\"122\"><\/td>\n<td width=\"122\">3000D<\/td>\n<td width=\"160\">2<\/td>\n<\/tr>\n<tr>\n<td width=\"264\">Elementos de For\u00e7a<\/td>\n<td width=\"122\">Fio de vidro 600D<\/td>\n<td width=\"122\">Quantidade<\/td>\n<td width=\"160\">12<\/td>\n<\/tr>\n<tr>\n<td rowspan=\"2\" width=\"264\">Bainha interna<\/td>\n<td width=\"122\">Materiais<\/td>\n<td colspan=\"2\" width=\"283\">PEMD<\/td>\n<\/tr>\n<tr>\n<td width=\"122\">espessura<\/td>\n<td width=\"122\">\u00b10,2mm<\/td>\n<td width=\"160\">0.9<\/td>\n<\/tr>\n<tr>\n<td rowspan=\"5\" width=\"264\">Bainha externa<\/td>\n<td width=\"122\">Materiais<\/td>\n<td colspan=\"2\" width=\"283\">PEAD<\/td>\n<\/tr>\n<tr>\n<td width=\"122\">Cor<\/td>\n<td colspan=\"2\" width=\"283\">Preto<\/td>\n<\/tr>\n<tr>\n<td width=\"122\">listra<\/td>\n<td colspan=\"2\" width=\"283\">Rosa<\/td>\n<\/tr>\n<tr>\n<td width=\"122\">espessura<\/td>\n<td width=\"122\">\u00b10,1 mm<\/td>\n<td width=\"160\">1.8<\/td>\n<\/tr>\n<tr>\n<td width=\"122\">di\u00e2metro<\/td>\n<td width=\"122\">\u00b15% mm<\/td>\n<td width=\"160\">18.7<\/td>\n<\/tr>\n<tr>\n<td width=\"264\">Peso do cabo<\/td>\n<td width=\"122\"><\/td>\n<td width=\"122\">\u00b110Kg\/km<\/td>\n<td width=\"160\">320<\/td>\n<\/tr>\n<\/tbody>\n<\/table>\n<p>&nbsp;<\/p>\n<p><strong><b>Par\u00e2metro Material do Cabo<\/b><\/strong><\/p>\n<table>\n<tbody>\n<tr>\n<td colspan=\"2\" width=\"241\"><strong><b>Item<\/b><\/strong><\/td>\n<td width=\"429\"><strong><b>Par\u00e2metros<\/b><\/strong><\/td>\n<\/tr>\n<tr>\n<td rowspan=\"2\" width=\"138\">Tubo solto<\/td>\n<td width=\"102\">Materiais<\/td>\n<td width=\"429\">PBT<\/td>\n<\/tr>\n<tr>\n<td width=\"102\">Cor<\/td>\n<td width=\"429\">Espectro de cores completo<\/td>\n<\/tr>\n<tr>\n<td rowspan=\"2\" width=\"138\">Preenchimento<\/td>\n<td width=\"102\">Materiais<\/td>\n<td width=\"429\">EP<\/td>\n<\/tr>\n<tr>\n<td width=\"102\">Cor<\/td>\n<td width=\"429\">Preto<\/td>\n<\/tr>\n<tr>\n<td width=\"138\">CSM<\/td>\n<td width=\"102\">Materiais<\/td>\n<td width=\"429\">PRF<\/td>\n<\/tr>\n<tr>\n<td width=\"138\">Blindado<\/td>\n<td width=\"102\">Materiais<\/td>\n<td width=\"429\">Fita de a\u00e7o corrugado<\/td>\n<\/tr>\n<tr>\n<td rowspan=\"2\" width=\"138\">Jaqueta interna<\/td>\n<td width=\"102\">Materiais<\/td>\n<td width=\"429\">EP<\/td>\n<\/tr>\n<tr>\n<td width=\"102\">Cor<\/td>\n<td width=\"429\">Preto<\/td>\n<\/tr>\n<tr>\n<td rowspan=\"2\" width=\"138\">Jaqueta externa<\/td>\n<td width=\"102\">Materiais<\/td>\n<td width=\"429\">EP<\/td>\n<\/tr>\n<tr>\n<td width=\"102\">Cor<\/td>\n<td width=\"429\">Preto<\/td>\n<\/tr>\n<\/tbody>\n<\/table>\n<p><strong><b>\u00a0<\/b><\/strong><\/p>\n<p><strong><b>Desempenho Mec\u00e2nico e Ambiental<\/b><\/strong><\/p>\n<table>\n<tbody>\n<tr>\n<td width=\"229\"><strong>Item<\/strong><\/td>\n<td width=\"206\"><strong>Conte\u00fado<\/strong><\/td>\n<td width=\"236\"><strong>Valor<\/strong><\/td>\n<\/tr>\n<tr>\n<td rowspan=\"2\" width=\"229\">M\u00e1x. carga de tra\u00e7\u00e3o<\/td>\n<td width=\"206\">Curto prazo<\/td>\n<td width=\"236\">Deforma\u00e7\u00e3o de fibra 4000N\u22640,6%<\/td>\n<\/tr>\n<tr>\n<td width=\"206\">Longo prazo<\/td>\n<td width=\"236\">2200N<\/td>\n<\/tr>\n<tr>\n<td rowspan=\"2\" width=\"229\">M\u00e1x. resist\u00eancia ao esmagamento<\/td>\n<td width=\"206\">Curto prazo<\/td>\n<td width=\"236\">3000N\/100mm<\/td>\n<\/tr>\n<tr>\n<td width=\"206\">Longo prazo<\/td>\n<td width=\"236\">1000N\/100mm<\/td>\n<\/tr>\n<tr>\n<td rowspan=\"2\" width=\"229\">Min. raio de curvatura<\/td>\n<td width=\"206\">Instala\u00e7\u00e3o<\/td>\n<td width=\"236\">30 x di\u00e2metro do cabo<\/td>\n<\/tr>\n<tr>\n<td width=\"206\">Opera\u00e7\u00e3o<\/td>\n<td width=\"236\">15 x di\u00e2metro do cabo<\/td>\n<\/tr>\n<tr>\n<td rowspan=\"3\" width=\"229\">Faixa de temperatura<\/td>\n<td width=\"206\">Opera\u00e7\u00e3o<\/td>\n<td width=\"236\">-40\u00b0C ~ +70\u00b0C<\/td>\n<\/tr>\n<tr>\n<td width=\"206\">Instala\u00e7\u00e3o<\/td>\n<td width=\"236\">-20\u2103 ~ +60\u2103<\/td>\n<\/tr>\n<tr>\n<td width=\"206\">Armazenamento\/transporte<\/td>\n<td width=\"236\">-40\u00b0C ~ +70\u00b0C<\/td>\n<\/tr>\n<\/tbody>\n<\/table>\n<p>&nbsp;<\/p>\n<p><strong><b>Teste principal de desempenho mec\u00e2nico e ambiental<\/b><\/strong><\/p>\n<table>\n<tbody>\n<tr>\n<td colspan=\"2\" width=\"349\"><strong>Item<\/strong><\/td>\n<td width=\"321\"><strong>Condi\u00e7\u00e3o de Aceita\u00e7\u00e3o<\/strong><\/td>\n<\/tr>\n<tr>\n<td rowspan=\"3\" width=\"150\">Resist\u00eancia \u00e0 tra\u00e7\u00e3o<br \/>\nCEI 60794-1-2-E1<\/td>\n<td width=\"198\">Carga: MAT<\/td>\n<td width=\"321\">Deforma\u00e7\u00e3o da fibra \u2264 0,33%<\/td>\n<\/tr>\n<tr>\n<td width=\"198\">Comprimento do cabo: \u2265 50m<\/td>\n<td width=\"321\">Altera\u00e7\u00e3o de perda \u22640,1dB@1550nm ap\u00f3s o teste.<\/td>\n<\/tr>\n<tr>\n<td width=\"198\">Tempo de carregamento: 1min<\/td>\n<td width=\"321\">Nenhuma quebra de fibra e nenhum dano \u00e0 bainha.<\/td>\n<\/tr>\n<tr>\n<td rowspan=\"2\" width=\"150\">Teste de esmagamento<br \/>\nCEI 60794-1-2-E3<\/td>\n<td width=\"198\">Carga: paix\u00e3o de curto prazo<\/td>\n<td width=\"321\">Altera\u00e7\u00e3o de perda \u2264 0,1dB@1550nm ap\u00f3s o teste.<\/td>\n<\/tr>\n<tr>\n<td width=\"198\">Tempo de carregamento: 1min<\/td>\n<td width=\"321\">Nenhuma quebra de fibra e nenhum dano \u00e0 bainha.<\/td>\n<\/tr>\n<tr>\n<td rowspan=\"4\" width=\"150\">Teste de Impacto<br \/>\nCEI 60794-1-2-E4<\/td>\n<td width=\"198\">Raio: 300 mm<\/td>\n<td rowspan=\"4\" width=\"321\">Altera\u00e7\u00e3o de perda \u2264 0,1dB@1550nm ap\u00f3s o teste.<br \/>\nNenhuma quebra de fibra e nenhum dano \u00e0 bainha.<\/td>\n<\/tr>\n<tr>\n<td width=\"198\">Pontos de impacto: 3<\/td>\n<\/tr>\n<tr>\n<td width=\"198\">Tempos por ponto: 1<\/td>\n<\/tr>\n<tr>\n<td width=\"198\">Energia de impacto: 5J<\/td>\n<\/tr>\n<tr>\n<td rowspan=\"2\" width=\"150\">Dobragem repetida<br \/>\nCEI 60794-1-2-E6<\/td>\n<td width=\"198\">Raio de curvatura: 20 x OD<\/td>\n<td width=\"321\">Altera\u00e7\u00e3o de perda \u2264 0,1dB@1550nm ap\u00f3s o teste.<\/td>\n<\/tr>\n<tr>\n<td width=\"198\">N\u00ba do ciclo: 25<\/td>\n<td width=\"321\">Nenhuma quebra de fibra e nenhum dano \u00e0 bainha.<\/td>\n<\/tr>\n<tr>\n<td rowspan=\"3\" width=\"150\">Tor\u00e7\u00e3o<br \/>\nCEI 60794-1-2-E7<\/td>\n<td width=\"198\">Comprimento: 2m<\/td>\n<td width=\"321\">Altera\u00e7\u00e3o de perda \u2264 0,1dB@1550nm ap\u00f3s o teste.<\/td>\n<\/tr>\n<tr>\n<td width=\"198\">\u00c2ngulo de tor\u00e7\u00e3o: \u00b1180\u00b0<\/td>\n<td width=\"321\">Nenhuma quebra de fibra e nenhum dano \u00e0 bainha.<\/td>\n<\/tr>\n<tr>\n<td width=\"198\">N\u00ba do ciclo: 10<\/td>\n<td width=\"321\"><\/td>\n<\/tr>\n<tr>\n<td rowspan=\"3\" width=\"150\">Curvatura do cabo<br \/>\nCEI 60794-1-2-E11<\/td>\n<td width=\"198\">Di\u00e2metro do mandril:20 x OD<\/td>\n<td width=\"321\">Altera\u00e7\u00e3o de perda \u2264 0,1dB@1550nm ap\u00f3s o teste.<\/td>\n<\/tr>\n<tr>\n<td width=\"198\">N\u00famero de voltas:4<\/td>\n<td width=\"321\">Nenhuma quebra de fibra e nenhum dano \u00e0 bainha.<\/td>\n<\/tr>\n<tr>\n<td width=\"198\">N\u00famero de ciclos:3<\/td>\n<td width=\"321\"><\/td>\n<\/tr>\n<tr>\n<td rowspan=\"3\" width=\"150\">Fluxo composto<br \/>\nCEI 60794-1-2-E14<\/td>\n<td width=\"198\">Comprimento: 30cm<\/td>\n<td width=\"321\"><\/td>\n<\/tr>\n<tr>\n<td width=\"198\">Temperatura:70\u00b0C\u00b12\u00b0C<\/td>\n<td width=\"321\">Sem sa\u00edda ou gotejamento<\/td>\n<\/tr>\n<tr>\n<td width=\"198\">Per\u00edodo:24h<\/td>\n<td width=\"321\"><\/td>\n<\/tr>\n<tr>\n<td rowspan=\"3\" width=\"150\">Penetra\u00e7\u00e3o de \u00c1gua<br \/>\nCEI 60794-1-2-F5B<\/td>\n<td width=\"198\">Altura da \u00e1gua: 1m<\/td>\n<td width=\"321\">Nenhum vazamento de \u00e1gua do n\u00facleo do cabo do<\/td>\n<\/tr>\n<tr>\n<td width=\"198\">Comprimento da amostra: 3m<\/td>\n<td width=\"321\">extremidade oposta<\/td>\n<\/tr>\n<tr>\n<td width=\"198\">Hor\u00e1rio: 24h<\/td>\n<td width=\"321\"><\/td>\n<\/tr>\n<tr>\n<td rowspan=\"3\" width=\"150\">Ciclagem de temperatura<br \/>\nCEI 60794-1-2-F1<\/td>\n<td width=\"198\">Temperatura: -30\u2103~+60\u2103<\/td>\n<td width=\"321\">Altera\u00e7\u00e3o de perda \u2264 0,1dB@1550nm ap\u00f3s o teste.<\/td>\n<\/tr>\n<tr>\n<td width=\"198\">Tempo de cada etapa: 12h<\/td>\n<td width=\"321\">Nenhuma quebra de fibra e nenhum dano \u00e0 bainha.<\/td>\n<\/tr>\n<tr>\n<td width=\"198\">N\u00famero de ciclo: 2<\/td>\n<td width=\"321\"><\/td>\n<\/tr>\n<\/tbody>\n<\/table>\n<p>&nbsp;<\/p>\n<p><strong><b>Par\u00e2metros t\u00e9cnicos da fibra \u00f3ptica <\/b><\/strong><\/p>\n<table>\n<tbody>\n<tr>\n<td colspan=\"2\" width=\"254\"><strong>Estilo fibra<\/strong><\/td>\n<td width=\"94\"><strong>Unidade<\/strong><\/td>\n<td width=\"94\"><strong>PE 9\/125<\/strong><\/td>\n<td width=\"103\"><strong>Mil\u00edmetros 50\/125<\/strong><\/td>\n<td width=\"122\"><strong>MS 62,5\/125<\/strong><\/td>\n<\/tr>\n<tr>\n<td colspan=\"2\" width=\"254\">Condi\u00e7\u00e3o<\/td>\n<td width=\"94\">nm<\/td>\n<td width=\"94\">1310\/1550<\/td>\n<td width=\"103\">850\/1300<\/td>\n<td width=\"122\">850\/1300<\/td>\n<\/tr>\n<tr>\n<td colspan=\"2\" width=\"254\">Atenua\u00e7\u00e3o<\/td>\n<td width=\"94\">dB\/km<\/td>\n<td width=\"94\">\u22640,34\/0,2<\/td>\n<td width=\"103\">\u22643,0\/1,0<\/td>\n<td width=\"122\">\u22643,0\/1,0<\/td>\n<\/tr>\n<tr>\n<td rowspan=\"2\" width=\"141\">Dispers\u00e3o<\/td>\n<td width=\"113\">1310 nm<\/td>\n<td width=\"94\">Ps\/(nm*km)<\/td>\n<td width=\"94\">\u226418<\/td>\n<td width=\"103\">\u2026..<\/td>\n<td width=\"122\">\u2026..<\/td>\n<\/tr>\n<tr>\n<td width=\"113\">1550 nm<\/td>\n<td width=\"94\">Ps\/(nm*km)<\/td>\n<td width=\"94\">\u226422<\/td>\n<td width=\"103\">\u2026..<\/td>\n<td width=\"122\">\u2026..<\/td>\n<\/tr>\n<tr>\n<td rowspan=\"2\" width=\"141\">Largura de banda<\/td>\n<td width=\"113\">850 nm<\/td>\n<td width=\"94\">MHZ. KM<\/td>\n<td width=\"94\">\u2026..<\/td>\n<td width=\"103\">\u2267400<\/td>\n<td width=\"122\">\u2267160<\/td>\n<\/tr>\n<tr>\n<td width=\"113\">1300 nm<\/td>\n<td width=\"94\">MHZ. KM<\/td>\n<td width=\"94\">\u2026..<\/td>\n<td width=\"103\">\u2267800<\/td>\n<td width=\"122\">\u2267500<\/td>\n<\/tr>\n<tr>\n<td colspan=\"2\" width=\"254\">Comprimento de onda de dispers\u00e3o zero<\/td>\n<td width=\"94\">nm<\/td>\n<td width=\"94\">\u22671302,<\/p>\n<p>\u22641322<\/td>\n<td width=\"103\">\u2026..<\/td>\n<td width=\"122\">\u2026..<\/td>\n<\/tr>\n<tr>\n<td colspan=\"2\" width=\"254\">Inclina\u00e7\u00e3o de dispers\u00e3o zero<\/td>\n<td width=\"94\">nm<\/td>\n<td width=\"94\">\u22640,091<\/td>\n<td width=\"103\">\u2026..<\/td>\n<td width=\"122\">\u2026..<\/td>\n<\/tr>\n<tr>\n<td colspan=\"2\" width=\"254\">Fibra individual m\u00e1xima PMD<\/td>\n<td width=\"94\"><\/td>\n<td width=\"94\">\u22640,2<\/td>\n<td width=\"103\">\u2026..<\/td>\n<td width=\"122\">\u2026..<\/td>\n<\/tr>\n<tr>\n<td colspan=\"2\" width=\"254\">Valor do link do projeto PMD<\/td>\n<td width=\"94\">Ps(nm2*km)<\/td>\n<td width=\"94\">\u22640,08<\/td>\n<td width=\"103\">\u2026..<\/td>\n<td width=\"122\">\u2026..<\/td>\n<\/tr>\n<tr>\n<td colspan=\"2\" width=\"254\">Comprimento de onda de corte da fibra \u03bbc<\/td>\n<td width=\"94\">nm<\/td>\n<td width=\"94\">\u22671180,<\/p>\n<p>\u22641330<\/td>\n<td width=\"103\">\u2026..<\/td>\n<td width=\"122\">\u2026..<\/td>\n<\/tr>\n<tr>\n<td colspan=\"2\" width=\"254\">Comprimento de onda de corte do cabo \u03bbcc<\/td>\n<td width=\"94\">nm<\/td>\n<td width=\"94\">\u22641260<\/td>\n<td width=\"103\">\u2026..<\/td>\n<td width=\"122\">\u2026..<\/td>\n<\/tr>\n<tr>\n<td rowspan=\"2\" width=\"141\">DMF<\/td>\n<td width=\"113\">1310 nm<\/td>\n<td width=\"94\">hum<\/td>\n<td width=\"94\">9,2\u00b10,4<\/td>\n<td width=\"103\">\u2026..<\/td>\n<td width=\"122\">\u2026..<\/td>\n<\/tr>\n<tr>\n<td width=\"113\">1550 nm<\/td>\n<td width=\"94\">hum<\/td>\n<td width=\"94\">10,4\u00b10,8<\/td>\n<td width=\"103\">\u2026..<\/td>\n<td width=\"122\">\u2026..<\/td>\n<\/tr>\n<tr>\n<td colspan=\"2\" width=\"254\">Abertura Num\u00e9rica (NA)<\/td>\n<td width=\"94\"><\/td>\n<td width=\"94\">\u2026\u2026<\/td>\n<td width=\"103\">0,200\u00b10,015<\/td>\n<td width=\"122\">0,275\u00b10,015<\/td>\n<\/tr>\n<tr>\n<td colspan=\"2\" width=\"254\">Etapa (m\u00e9dia da medi\u00e7\u00e3o bidirecional)<\/td>\n<td width=\"94\">dB<\/td>\n<td width=\"94\">\u22640,05<\/td>\n<td width=\"103\">\u22640,10<\/td>\n<td width=\"122\">\u22640,10<\/td>\n<\/tr>\n<tr>\n<td colspan=\"2\" width=\"254\">Irregularidades no comprimento da fibra e descontinuidade pontual<\/td>\n<td width=\"94\">dB<\/td>\n<td width=\"94\">\u22640,05<\/td>\n<td width=\"103\">\u22640,10<\/td>\n<td width=\"122\">\u22640,10<\/td>\n<\/tr>\n<tr>\n<td colspan=\"2\" width=\"254\">Coeficiente de retroespalhamento de diferen\u00e7a<\/td>\n<td width=\"94\">dB\/km<\/td>\n<td width=\"94\">\u22640,03<\/td>\n<td width=\"103\">\u22640,08<\/td>\n<td width=\"122\">\u22640,10<\/td>\n<\/tr>\n<tr>\n<td colspan=\"2\" width=\"254\">Uniformidade de atenua\u00e7\u00e3o<\/td>\n<td width=\"94\">dB\/km<\/td>\n<td width=\"94\">\u22640,01<\/td>\n<td width=\"103\">\u2026\u2026.<\/td>\n<td width=\"122\">\u2026\u2026.<\/td>\n<\/tr>\n<tr>\n<td colspan=\"2\" width=\"254\">Di\u00e2metro do n\u00facleo<\/td>\n<td width=\"94\">hum<\/td>\n<td width=\"94\">\u2026\u2026<\/td>\n<td width=\"103\">50\u00b11,0<\/td>\n<td width=\"122\">62,5\u00b12,5<\/td>\n<\/tr>\n<tr>\n<td colspan=\"2\" width=\"254\">Di\u00e2metro do revestimento<\/td>\n<td width=\"94\">hum<\/td>\n<td width=\"94\">125,0\u00b10,1<\/td>\n<td width=\"103\">125,0\u00b10,1<\/td>\n<td width=\"122\">125,0\u00b10,1<\/td>\n<\/tr>\n<tr>\n<td colspan=\"2\" width=\"254\">N\u00e3o circularidade do revestimento<\/td>\n<td width=\"94\">%<\/td>\n<td width=\"94\">\u22641,0<\/td>\n<td width=\"103\">\u22641,0<\/td>\n<td width=\"122\">\u22641,0<\/td>\n<\/tr>\n<tr>\n<td colspan=\"2\" width=\"254\">Di\u00e2metro do revestimento<\/td>\n<td width=\"94\">hum<\/td>\n<td width=\"94\">242\u00b17<\/td>\n<td width=\"103\">242\u00b17<\/td>\n<td width=\"122\">242\u00b17<\/td>\n<\/tr>\n<tr>\n<td colspan=\"2\" width=\"254\">Erro conc\u00eantrico de revestimento\/tentilh\u00e3o<\/td>\n<td width=\"94\">hum<\/td>\n<td width=\"94\">\u226412,0<\/td>\n<td width=\"103\">\u226412,0<\/td>\n<td width=\"122\">\u226412,0<\/td>\n<\/tr>\n<tr>\n<td colspan=\"2\" width=\"254\">N\u00e3o circularidade do revestimento<\/td>\n<td width=\"94\">%<\/td>\n<td width=\"94\">\u22646,0<\/td>\n<td width=\"103\">\u22646,0<\/td>\n<td width=\"122\">\u22646,0<\/td>\n<\/tr>\n<tr>\n<td colspan=\"2\" width=\"254\">Erro de concentricidade do n\u00facleo\/revestimento<\/td>\n<td width=\"94\">hum<\/td>\n<td width=\"94\">\u22640,6<\/td>\n<td width=\"103\">\u22641,5<\/td>\n<td width=\"122\">\u22641,5<\/td>\n<\/tr>\n<tr>\n<td colspan=\"2\" width=\"254\">Ondula\u00e7\u00e3o (raio)<\/td>\n<td width=\"94\">hum<\/td>\n<td width=\"94\">\u22644<\/td>\n<td width=\"103\">\u2026..<\/td>\n<td width=\"122\">\u2026..<\/td>\n<\/tr>\n<\/tbody>\n<\/table>","protected":false},"excerpt":{"rendered":"<p>No cabo externo de tubo solto tran\u00e7ado 576F \uff08GYTY) da OMC, um fio tran\u00e7ado (\u00e0s vezes revestido com polietileno (PE)) est\u00e1 localizado no centro do n\u00facleo como um membro de resist\u00eancia met\u00e1lica. As fibras monomodo\/multimodo s\u00e3o posicionadas no tubo solto, que \u00e9 feito de materiais PBT e preenchido com composto de enchimento. Os tubos (e enchimentos) s\u00e3o tran\u00e7ados ao redor do membro de resist\u00eancia em um n\u00facleo compacto e circular. [\u2026]<\/p>","protected":false},"featured_media":11052,"comment_status":"closed","ping_status":"closed","template":"","meta":{"site-sidebar-layout":"default","site-content-layout":"","ast-site-content-layout":"default","site-content-style":"default","site-sidebar-style":"default","ast-global-header-display":"","ast-banner-title-visibility":"","ast-main-header-display":"","ast-hfb-above-header-display":"","ast-hfb-below-header-display":"","ast-hfb-mobile-header-display":"","site-post-title":"","ast-breadcrumbs-content":"","ast-featured-img":"","footer-sml-layout":"","theme-transparent-header-meta":"default","adv-header-id-meta":"","stick-header-meta":"default","header-above-stick-meta":"","header-main-stick-meta":"","header-below-stick-meta":"","astra-migrate-meta-layouts":"set","ast-page-background-enabled":"default","ast-page-background-meta":{"desktop":{"background-color":"var(--ast-global-color-4)","background-image":"","background-repeat":"repeat","background-position":"center center","background-size":"auto","background-attachment":"scroll","background-type":"","background-media":"","overlay-type":"","overlay-color":"","overlay-gradient":""},"tablet":{"background-color":"","background-image":"","background-repeat":"repeat","background-position":"center center","background-size":"auto","background-attachment":"scroll","background-type":"","background-media":"","overlay-type":"","overlay-color":"","overlay-gradient":""},"mobile":{"background-color":"","background-image":"","background-repeat":"repeat","background-position":"center center","background-size":"auto","background-attachment":"scroll","background-type":"","background-media":"","overlay-type":"","overlay-color":"","overlay-gradient":""}},"ast-content-background-meta":{"desktop":{"background-color":"var(--ast-global-color-5)","background-image":"","background-repeat":"repeat","background-position":"center center","background-size":"auto","background-attachment":"scroll","background-type":"","background-media":"","overlay-type":"","overlay-color":"","overlay-gradient":""},"tablet":{"background-color":"var(--ast-global-color-5)","background-image":"","background-repeat":"repeat","background-position":"center center","background-size":"auto","background-attachment":"scroll","background-type":"","background-media":"","overlay-type":"","overlay-color":"","overlay-gradient":""},"mobile":{"background-color":"var(--ast-global-color-5)","background-image":"","background-repeat":"repeat","background-position":"center center","background-size":"auto","background-attachment":"scroll","background-type":"","background-media":"","overlay-type":"","overlay-color":"","overlay-gradient":""}}},"product_cat":[140,124],"product_tag":[],"class_list":{"0":"post-11047","1":"product","2":"type-product","3":"status-publish","4":"has-post-thumbnail","6":"product_cat-no-armored-cable","7":"product_cat-outdoor-cable","8":"desktop-align-left","9":"tablet-align-left","10":"mobile-align-left","11":"ast-product-gallery-layout-horizontal-slider","12":"ast-product-tabs-layout-horizontal","14":"first","15":"instock","16":"shipping-taxable","17":"product-type-simple"},"acf":[],"_links":{"self":[{"href":"https:\/\/www.omccable.com\/pt\/wp-json\/wp\/v2\/product\/11047","targetHints":{"allow":["GET"]}}],"collection":[{"href":"https:\/\/www.omccable.com\/pt\/wp-json\/wp\/v2\/product"}],"about":[{"href":"https:\/\/www.omccable.com\/pt\/wp-json\/wp\/v2\/types\/product"}],"replies":[{"embeddable":true,"href":"https:\/\/www.omccable.com\/pt\/wp-json\/wp\/v2\/comments?post=11047"}],"version-history":[{"count":2,"href":"https:\/\/www.omccable.com\/pt\/wp-json\/wp\/v2\/product\/11047\/revisions"}],"predecessor-version":[{"id":11054,"href":"https:\/\/www.omccable.com\/pt\/wp-json\/wp\/v2\/product\/11047\/revisions\/11054"}],"wp:featuredmedia":[{"embeddable":true,"href":"https:\/\/www.omccable.com\/pt\/wp-json\/wp\/v2\/media\/11052"}],"wp:attachment":[{"href":"https:\/\/www.omccable.com\/pt\/wp-json\/wp\/v2\/media?parent=11047"}],"wp:term":[{"taxonomy":"product_cat","embeddable":true,"href":"https:\/\/www.omccable.com\/pt\/wp-json\/wp\/v2\/product_cat?post=11047"},{"taxonomy":"product_tag","embeddable":true,"href":"https:\/\/www.omccable.com\/pt\/wp-json\/wp\/v2\/product_tag?post=11047"}],"curies":[{"name":"wp","href":"https:\/\/api.w.org\/{rel}","templated":true}]}}