{"id":11027,"date":"2024-06-11T13:50:19","date_gmt":"2024-06-11T05:50:19","guid":{"rendered":"https:\/\/www.omccable.com\/?post_type=product&#038;p=11027"},"modified":"2024-06-11T13:50:19","modified_gmt":"2024-06-11T05:50:19","slug":"96f-stranded-loose-tube-no-armored-outdoor-cable-gycfht6h","status":"publish","type":"product","link":"https:\/\/www.omccable.com\/pt\/produto\/96f-stranded-loose-tube-no-armored-outdoor-cable-gycfht6h\/","title":{"rendered":"Cabo externo n\u00e3o blindado de tubo solto tran\u00e7ado 96F-GYCFHT6H"},"content":{"rendered":"<p>Nos MAC <strong><b>Cabo externo n\u00e3o blindado de tubo solto tran\u00e7ado 96F-GYCFHT6H<\/b><\/strong>, Um <strong><b>Fio FRP<\/b><\/strong>, \u00e0s vezes revestido com polietileno (PE), est\u00e1 localizado no centro do n\u00facleo como um membro de resist\u00eancia n\u00e3o met\u00e1lico. As fibras monomodo\/multimodo s\u00e3o posicionadas no tubo solto, que \u00e9 feito de materiais PBT e preenchido com composto de enchimento. O tubo solto \u00e9 coberto com materiais LSZH para garantir a compacidade e o desempenho longitudinal de bloqueio de \u00e1gua.<\/p>\n<p>&nbsp;<\/p>\n<p><strong><b>Cor padr\u00e3o da fibra e do tubo<\/b><\/strong><\/p>\n<p>O c\u00f3digo de cores das fibras individuais deve estar de acordo com a tabela abaixo:<\/p>\n<table>\n<tbody>\n<tr>\n<td width=\"165\">N\u00e3o.<\/td>\n<td width=\"78\">1<\/td>\n<td width=\"75\">2<\/td>\n<td width=\"75\">3<\/td>\n<td width=\"75\">4<\/td>\n<td width=\"75\">5<\/td>\n<td width=\"69\">6<\/td>\n<\/tr>\n<tr>\n<td width=\"165\">Cor<\/td>\n<td width=\"78\">Azul<\/td>\n<td width=\"75\">Laranja<\/td>\n<td width=\"75\">Verde<\/td>\n<td width=\"75\">Marrom<\/td>\n<td width=\"75\">Ard\u00f3sia<\/td>\n<td width=\"69\">Branco<\/td>\n<\/tr>\n<tr>\n<td width=\"165\">N\u00e3o.<\/td>\n<td width=\"78\">7<\/td>\n<td width=\"75\">8<\/td>\n<td width=\"75\">9<\/td>\n<td width=\"75\">10<\/td>\n<td width=\"75\">11<\/td>\n<td width=\"69\">12<\/td>\n<\/tr>\n<tr>\n<td width=\"165\">Cor<\/td>\n<td width=\"78\">Vermelho<\/td>\n<td width=\"75\">Preto<\/td>\n<td width=\"75\">Amarelo<\/td>\n<td width=\"75\">Violeta<\/td>\n<td width=\"75\">Rosa<\/td>\n<td width=\"69\">\u00c1gua<\/td>\n<\/tr>\n<\/tbody>\n<\/table>\n<p>&nbsp;<\/p>\n<p><strong><b>Par\u00e2metro de estrutura<\/b><\/strong><\/p>\n<table>\n<tbody>\n<tr>\n<td width=\"193\"><strong>Item<\/strong><\/td>\n<td width=\"177\"><strong>Conte\u00fado<\/strong><\/td>\n<td width=\"85\"><strong>Unidade<\/strong><\/td>\n<td width=\"226\"><strong>Valor<\/strong><\/td>\n<\/tr>\n<tr>\n<td width=\"193\">Contagem de fibras<\/td>\n<td width=\"177\">N\u00famero<\/td>\n<td width=\"85\">\/<\/td>\n<td width=\"226\">96<\/td>\n<\/tr>\n<tr>\n<td width=\"193\">Tipo de fibra<\/td>\n<td width=\"177\">\/<\/td>\n<td width=\"85\">\/<\/td>\n<td width=\"226\">SM<\/td>\n<\/tr>\n<tr>\n<td width=\"193\">Estrutura do cabo<\/td>\n<td width=\"177\">\/<\/td>\n<td width=\"85\">\/<\/td>\n<td width=\"226\">1+8<\/td>\n<\/tr>\n<tr>\n<td width=\"193\">Fibras por tubo<\/td>\n<td width=\"177\">Contar<\/td>\n<td width=\"85\">\/<\/td>\n<td width=\"226\">12<\/td>\n<\/tr>\n<tr>\n<td rowspan=\"2\" width=\"193\">Tubo solto<\/td>\n<td width=\"177\">Materiais<\/td>\n<td width=\"85\">\/<\/td>\n<td width=\"226\">PBT<\/td>\n<\/tr>\n<tr>\n<td width=\"177\">Di\u00e2metro nominal<\/td>\n<td width=\"85\">mil\u00edmetros<\/td>\n<td width=\"226\">1.5<\/td>\n<\/tr>\n<tr>\n<td rowspan=\"3\" width=\"193\">Membro de for\u00e7a central<\/td>\n<td width=\"177\">Materiais<\/td>\n<td width=\"85\">\/<\/td>\n<td width=\"226\">Camada de almofada FRP e PE<\/td>\n<\/tr>\n<tr>\n<td width=\"177\">Di\u00e2metro nominal<\/td>\n<td width=\"85\">mil\u00edmetros<\/td>\n<td width=\"226\">1.8<\/td>\n<\/tr>\n<tr>\n<td width=\"177\">Almofada PE<\/td>\n<td width=\"85\">mil\u00edmetros<\/td>\n<td width=\"226\">2,6\u00b10,2<\/td>\n<\/tr>\n<tr>\n<td width=\"193\">Membro de for\u00e7a perif\u00e9rica<\/td>\n<td colspan=\"2\" width=\"262\">Materiais<\/td>\n<td width=\"226\">Fio de aramida e fio de vidro<\/td>\n<\/tr>\n<tr>\n<td rowspan=\"3\" width=\"193\">Bainha Externa<\/td>\n<td colspan=\"2\" width=\"262\">Materiais<\/td>\n<td width=\"226\">LSZH<\/td>\n<\/tr>\n<tr>\n<td colspan=\"2\" width=\"262\">Cor<\/td>\n<td width=\"226\">Preto<\/td>\n<\/tr>\n<tr>\n<td width=\"177\">Di\u00e2metro<\/td>\n<td width=\"85\">mil\u00edmetros<\/td>\n<td width=\"226\">M\u00e9dia: 1,0<\/td>\n<\/tr>\n<tr>\n<td rowspan=\"2\" width=\"193\">Atenua\u00e7\u00e3o (ap\u00f3s cabo)<\/td>\n<td width=\"177\">850 nm<\/td>\n<td width=\"85\">dB\/km<\/td>\n<td width=\"226\">\u22643,0<\/td>\n<\/tr>\n<tr>\n<td width=\"177\">1300 nm<\/td>\n<td width=\"85\">dB\/km<\/td>\n<td width=\"226\">\u22641,0<\/td>\n<\/tr>\n<tr>\n<td width=\"193\">Di\u00e2metro do cabo<\/td>\n<td width=\"177\">\u00b10,5<\/td>\n<td width=\"85\">mil\u00edmetros<\/td>\n<td width=\"226\">8.3<\/td>\n<\/tr>\n<tr>\n<td width=\"193\">Peso do cabo<\/td>\n<td width=\"177\">\u00b15%<\/td>\n<td width=\"85\">kg\/km<\/td>\n<td width=\"226\">64<\/td>\n<\/tr>\n<\/tbody>\n<\/table>\n<p>&nbsp;<\/p>\n<p><strong><b>Desempenho Mec\u00e2nico e Ambiental<\/b><\/strong><\/p>\n<table>\n<tbody>\n<tr>\n<td width=\"221\"><strong>Item<\/strong><\/td>\n<td width=\"224\"><strong>Conte\u00fado<\/strong><\/td>\n<td width=\"236\"><strong>Valor<\/strong><\/td>\n<\/tr>\n<tr>\n<td rowspan=\"2\" width=\"221\"><strong>\u00a0<\/strong><\/p>\n<p>M\u00e1x. carga de tra\u00e7\u00e3o<\/td>\n<td width=\"224\">Curto prazo<\/td>\n<td width=\"236\">750 N (Tens\u00e3o da fibra\u22640,6\uff05\uff09<\/td>\n<\/tr>\n<tr>\n<td width=\"224\">Longo prazo<\/td>\n<td width=\"236\">200 N<\/td>\n<\/tr>\n<tr>\n<td rowspan=\"2\" width=\"221\"><strong>\u00a0<\/strong><\/p>\n<p>M\u00e1x. resist\u00eancia ao esmagamento<\/td>\n<td width=\"224\">Curto prazo<\/td>\n<td width=\"236\">450 N\/100 mm<\/td>\n<\/tr>\n<tr>\n<td width=\"224\">Longo prazo<\/td>\n<td width=\"236\">150N<\/td>\n<\/tr>\n<tr>\n<td rowspan=\"2\" width=\"221\"><strong>\u00a0<\/strong><\/p>\n<p>Min. raio de curvatura<\/td>\n<td width=\"224\">Instala\u00e7\u00e3o<\/td>\n<td width=\"236\">20 x di\u00e2metro do cabo<\/td>\n<\/tr>\n<tr>\n<td width=\"224\">Opera\u00e7\u00e3o<\/td>\n<td width=\"236\">10 x di\u00e2metro do cabo<\/td>\n<\/tr>\n<tr>\n<td rowspan=\"3\" width=\"221\"><strong>\u00a0<\/strong><\/p>\n<p>Faixa de temperatura<\/td>\n<td width=\"224\">Opera\u00e7\u00e3o<\/td>\n<td width=\"236\">-40\u00b0C ~ +70\u00b0C<\/td>\n<\/tr>\n<tr>\n<td width=\"224\">Instala\u00e7\u00e3o<\/td>\n<td width=\"236\">-20\u2103 ~ +60\u2103<\/td>\n<\/tr>\n<tr>\n<td width=\"224\">Armazenamento\/transporte<\/td>\n<td width=\"236\">-40\u00b0C ~ +70\u00b0C<\/td>\n<\/tr>\n<\/tbody>\n<\/table>\n<p>&nbsp;<\/p>\n<p><strong><b>Par\u00e2metros t\u00e9cnicos de fibra \u00f3ptica-SMF<\/b><\/strong><\/p>\n<table>\n<tbody>\n<tr>\n<td colspan=\"2\" rowspan=\"2\" width=\"329\"><strong>Item<\/strong><\/td>\n<td rowspan=\"2\" width=\"144\"><strong>Unidade<\/strong><\/td>\n<td width=\"215\"><strong>Especifica\u00e7\u00e3o<\/strong><\/td>\n<\/tr>\n<tr>\n<td width=\"215\">G. 652D<\/td>\n<\/tr>\n<tr>\n<td rowspan=\"2\" width=\"213\">Di\u00e2metro do campo de modo<\/td>\n<td width=\"116\">1310 nm<\/td>\n<td width=\"144\">nm<\/td>\n<td width=\"215\">9,2 \u00b1 0,4<\/td>\n<\/tr>\n<tr>\n<td width=\"116\">1550 nm<\/td>\n<td width=\"144\">nm<\/td>\n<td width=\"215\">10,4 \u00b1 0,5<\/td>\n<\/tr>\n<tr>\n<td colspan=\"2\" width=\"329\">Di\u00e2metro do revestimento<\/td>\n<td width=\"144\">nm<\/td>\n<td width=\"215\">125,0 \u00b1 0,7<\/td>\n<\/tr>\n<tr>\n<td colspan=\"2\" width=\"329\">N\u00e3o circularidade do revestimento<\/td>\n<td width=\"144\">%<\/td>\n<td width=\"215\">\u22641,0<\/td>\n<\/tr>\n<tr>\n<td colspan=\"2\" width=\"329\">Erro de concentricidade central<\/td>\n<td width=\"144\">nm<\/td>\n<td width=\"215\">\u22640,6<\/td>\n<\/tr>\n<tr>\n<td colspan=\"2\" width=\"329\">Di\u00e2metro do revestimento<\/td>\n<td width=\"144\">nm<\/td>\n<td width=\"215\">242 \u00b1 7<\/td>\n<\/tr>\n<tr>\n<td colspan=\"2\" width=\"329\">Erro de concentricidade de revestimento\/revestimento<\/td>\n<td width=\"144\">nm<\/td>\n<td width=\"215\">\u226412<\/td>\n<\/tr>\n<tr>\n<td colspan=\"2\" width=\"329\">Comprimento de onda de corte do cabo \u03bbcc<\/td>\n<td width=\"144\">nm<\/td>\n<td width=\"215\">\u2264 1260<\/td>\n<\/tr>\n<tr>\n<td rowspan=\"2\" width=\"213\">Atenua\u00e7\u00e3o<\/td>\n<td width=\"116\">1310 nm<\/td>\n<td width=\"144\">dB\/km<\/td>\n<td width=\"215\">\u22640,35<\/td>\n<\/tr>\n<tr>\n<td width=\"116\">1550 nm<\/td>\n<td width=\"144\">dB\/km<\/td>\n<td width=\"215\">\u22640,21<\/td>\n<\/tr>\n<\/tbody>\n<\/table>","protected":false},"excerpt":{"rendered":"<p>No cabo externo n\u00e3o blindado de tubo solto tran\u00e7ado 96F da OMC - GYCFHT6H, um fio FRP, \u00e0s vezes revestido com polietileno (PE), est\u00e1 localizado no centro do n\u00facleo como um membro de resist\u00eancia n\u00e3o met\u00e1lico. As fibras monomodo\/multimodo s\u00e3o posicionadas no tubo solto, que \u00e9 feito de materiais PBT e preenchido com composto de enchimento. O tubo solto \u00e9 coberto com materiais LSZH para garantir [...]<\/p>","protected":false},"featured_media":11029,"comment_status":"closed","ping_status":"closed","template":"","meta":{"site-sidebar-layout":"default","site-content-layout":"","ast-site-content-layout":"default","site-content-style":"default","site-sidebar-style":"default","ast-global-header-display":"","ast-banner-title-visibility":"","ast-main-header-display":"","ast-hfb-above-header-display":"","ast-hfb-below-header-display":"","ast-hfb-mobile-header-display":"","site-post-title":"","ast-breadcrumbs-content":"","ast-featured-img":"","footer-sml-layout":"","theme-transparent-header-meta":"default","adv-header-id-meta":"","stick-header-meta":"default","header-above-stick-meta":"","header-main-stick-meta":"","header-below-stick-meta":"","astra-migrate-meta-layouts":"set","ast-page-background-enabled":"default","ast-page-background-meta":{"desktop":{"background-color":"var(--ast-global-color-4)","background-image":"","background-repeat":"repeat","background-position":"center center","background-size":"auto","background-attachment":"scroll","background-type":"","background-media":"","overlay-type":"","overlay-color":"","overlay-gradient":""},"tablet":{"background-color":"","background-image":"","background-repeat":"repeat","background-position":"center center","background-size":"auto","background-attachment":"scroll","background-type":"","background-media":"","overlay-type":"","overlay-color":"","overlay-gradient":""},"mobile":{"background-color":"","background-image":"","background-repeat":"repeat","background-position":"center center","background-size":"auto","background-attachment":"scroll","background-type":"","background-media":"","overlay-type":"","overlay-color":"","overlay-gradient":""}},"ast-content-background-meta":{"desktop":{"background-color":"var(--ast-global-color-5)","background-image":"","background-repeat":"repeat","background-position":"center center","background-size":"auto","background-attachment":"scroll","background-type":"","background-media":"","overlay-type":"","overlay-color":"","overlay-gradient":""},"tablet":{"background-color":"var(--ast-global-color-5)","background-image":"","background-repeat":"repeat","background-position":"center center","background-size":"auto","background-attachment":"scroll","background-type":"","background-media":"","overlay-type":"","overlay-color":"","overlay-gradient":""},"mobile":{"background-color":"var(--ast-global-color-5)","background-image":"","background-repeat":"repeat","background-position":"center center","background-size":"auto","background-attachment":"scroll","background-type":"","background-media":"","overlay-type":"","overlay-color":"","overlay-gradient":""}}},"product_cat":[140,124],"product_tag":[],"class_list":{"0":"post-11027","1":"product","2":"type-product","3":"status-publish","4":"has-post-thumbnail","6":"product_cat-no-armored-cable","7":"product_cat-outdoor-cable","8":"desktop-align-left","9":"tablet-align-left","10":"mobile-align-left","11":"ast-product-gallery-layout-horizontal-slider","12":"ast-product-tabs-layout-horizontal","14":"first","15":"instock","16":"shipping-taxable","17":"product-type-simple"},"acf":[],"_links":{"self":[{"href":"https:\/\/www.omccable.com\/pt\/wp-json\/wp\/v2\/product\/11027","targetHints":{"allow":["GET"]}}],"collection":[{"href":"https:\/\/www.omccable.com\/pt\/wp-json\/wp\/v2\/product"}],"about":[{"href":"https:\/\/www.omccable.com\/pt\/wp-json\/wp\/v2\/types\/product"}],"replies":[{"embeddable":true,"href":"https:\/\/www.omccable.com\/pt\/wp-json\/wp\/v2\/comments?post=11027"}],"version-history":[{"count":1,"href":"https:\/\/www.omccable.com\/pt\/wp-json\/wp\/v2\/product\/11027\/revisions"}],"predecessor-version":[{"id":11030,"href":"https:\/\/www.omccable.com\/pt\/wp-json\/wp\/v2\/product\/11027\/revisions\/11030"}],"wp:featuredmedia":[{"embeddable":true,"href":"https:\/\/www.omccable.com\/pt\/wp-json\/wp\/v2\/media\/11029"}],"wp:attachment":[{"href":"https:\/\/www.omccable.com\/pt\/wp-json\/wp\/v2\/media?parent=11027"}],"wp:term":[{"taxonomy":"product_cat","embeddable":true,"href":"https:\/\/www.omccable.com\/pt\/wp-json\/wp\/v2\/product_cat?post=11027"},{"taxonomy":"product_tag","embeddable":true,"href":"https:\/\/www.omccable.com\/pt\/wp-json\/wp\/v2\/product_tag?post=11027"}],"curies":[{"name":"wp","href":"https:\/\/api.w.org\/{rel}","templated":true}]}}