{"id":11015,"date":"2024-06-11T13:21:16","date_gmt":"2024-06-11T05:21:16","guid":{"rendered":"https:\/\/www.omccable.com\/?post_type=product&#038;p=11015"},"modified":"2024-06-11T13:21:17","modified_gmt":"2024-06-11T05:21:17","slug":"12-288f-stranded-loose-tube-no-armored-outdoor-cable-gcyty","status":"publish","type":"product","link":"https:\/\/www.omccable.com\/pt\/produto\/12-288f-stranded-loose-tube-no-armored-outdoor-cable-gcyty\/","title":{"rendered":"12-288F Tubo solto tran\u00e7ado Cabo externo n\u00e3o blindado - GCYTY"},"content":{"rendered":"<p>Nos MAC <strong><b>12-288F Tubo solto tran\u00e7ado Cabo externo n\u00e3o blindado - GCYTY<\/b><\/strong>, UMA <strong><b>Fio FRP<\/b><\/strong>, \u00e0s vezes revestido com polietileno (PE), est\u00e1 localizado no centro do n\u00facleo como um membro de resist\u00eancia n\u00e3o met\u00e1lico. As fibras monomodo\/multimodo s\u00e3o posicionadas no tubo solto, que \u00e9 feito de materiais PBT e preenchido com composto de enchimento. O tubo solto \u00e9 coberto com materiais PE para garantir a compacta\u00e7\u00e3o e o desempenho longitudinal de bloqueio de \u00e1gua.<\/p>\n<p>&nbsp;<\/p>\n<p><strong><b>Cor padr\u00e3o da fibra e do tubo<\/b><\/strong><\/p>\n<p>O c\u00f3digo de cores das fibras individuais deve estar de acordo com a tabela abaixo<\/p>\n<table>\n<tbody>\n<tr>\n<td width=\"139\"><strong>N\u00e3o.<\/strong><\/td>\n<td width=\"94\">1<\/td>\n<td width=\"99\">2<\/td>\n<td width=\"94\">3<\/td>\n<td width=\"94\">4<\/td>\n<td width=\"94\">5<\/td>\n<td width=\"94\">6<\/td>\n<\/tr>\n<tr>\n<td width=\"139\"><strong>Cor<\/strong><\/td>\n<td width=\"94\">Azul<\/td>\n<td width=\"99\">Laranja<\/td>\n<td width=\"94\">Verde<\/td>\n<td width=\"94\">Marrom<\/td>\n<td width=\"94\">Cinza<\/td>\n<td width=\"94\">Branco<\/td>\n<\/tr>\n<tr>\n<td width=\"139\"><strong>N\u00e3o.<\/strong><\/td>\n<td width=\"94\">7<\/td>\n<td width=\"99\">8<\/td>\n<td width=\"94\">9<\/td>\n<td width=\"94\">10<\/td>\n<td width=\"94\">11<\/td>\n<td width=\"94\">12<\/td>\n<\/tr>\n<tr>\n<td width=\"139\"><strong>Cor<\/strong><\/td>\n<td width=\"94\">Vermelho<\/td>\n<td width=\"99\">Preto<\/td>\n<td width=\"94\">Amarelo<\/td>\n<td width=\"94\">Violeta<\/td>\n<td width=\"94\">Rosa<\/td>\n<td width=\"94\">\u00c1gua<\/td>\n<\/tr>\n<\/tbody>\n<\/table>\n<p>C\u00f3digo de cores do tubo para fibras 12~144:<\/p>\n<table>\n<tbody>\n<tr>\n<td width=\"139\"><strong>N\u00e3o.<\/strong><\/td>\n<td width=\"94\">1<\/td>\n<td width=\"99\">2<\/td>\n<td width=\"94\">3<\/td>\n<td width=\"94\">4<\/td>\n<td width=\"94\">5<\/td>\n<td width=\"94\">6<\/td>\n<\/tr>\n<tr>\n<td width=\"139\"><strong>Cor<\/strong><\/td>\n<td width=\"94\">Azul<\/td>\n<td width=\"99\">Laranja<\/td>\n<td width=\"94\">Verde<\/td>\n<td width=\"94\">Marrom<\/td>\n<td width=\"94\">Cinza<\/td>\n<td width=\"94\">Branco<\/td>\n<\/tr>\n<tr>\n<td width=\"139\"><strong>N\u00e3o.<\/strong><\/td>\n<td width=\"94\">7<\/td>\n<td width=\"99\">8<\/td>\n<td width=\"94\">9<\/td>\n<td width=\"94\">10<\/td>\n<td width=\"94\">11<\/td>\n<td width=\"94\">12<\/td>\n<\/tr>\n<tr>\n<td width=\"139\"><strong>Cor<\/strong><\/td>\n<td width=\"94\">Vermelho<\/td>\n<td width=\"99\">Preto<\/td>\n<td width=\"94\">Amarelo<\/td>\n<td width=\"94\">Violeta<\/td>\n<td width=\"94\">Rosa<\/td>\n<td width=\"94\">\u00c1gua<\/td>\n<\/tr>\n<\/tbody>\n<\/table>\n<p>C\u00f3digo de cores dos tubos soltos da camada interna para fibras 288:<\/p>\n<table>\n<tbody>\n<tr>\n<td width=\"144\"><strong>N\u00e3o.<\/strong><\/td>\n<td width=\"94\">1<\/td>\n<td width=\"94\">2<\/td>\n<td width=\"94\">3<\/td>\n<td width=\"94\">4<\/td>\n<td width=\"94\">5<\/td>\n<td width=\"94\">6<\/td>\n<\/tr>\n<tr>\n<td width=\"144\"><strong>Cor<\/strong><\/td>\n<td width=\"94\">Azul<\/td>\n<td width=\"94\">Laranja<\/td>\n<td width=\"94\">Verde<\/td>\n<td width=\"94\">Marrom<\/td>\n<td width=\"94\">Cinza<\/td>\n<td width=\"94\">Branco<\/td>\n<\/tr>\n<tr>\n<td width=\"144\"><strong>N\u00e3o.<\/strong><\/td>\n<td width=\"94\">7<\/td>\n<td width=\"94\">8<\/td>\n<td width=\"94\">9<\/td>\n<td colspan=\"3\" rowspan=\"2\" width=\"283\">&nbsp;<\/td>\n<\/tr>\n<tr>\n<td width=\"144\"><strong>Cor<\/strong><\/td>\n<td width=\"94\">Vermelho<\/td>\n<td width=\"94\">Preto<\/td>\n<td width=\"94\">Amarelo<\/td>\n<\/tr>\n<\/tbody>\n<\/table>\n<table>\n<tbody>\n<tr>\n<td width=\"145\"><strong>N\u00e3o.<\/strong><\/td>\n<td width=\"94\">10<\/td>\n<td width=\"94\">11<\/td>\n<td width=\"94\">12<\/td>\n<td width=\"94\">13<\/td>\n<td width=\"94\">14<\/td>\n<td width=\"94\">15<\/td>\n<\/tr>\n<tr>\n<td width=\"145\"><strong>Cor<\/strong><\/td>\n<td width=\"94\">Violeta<\/td>\n<td width=\"94\">Rosa<\/td>\n<td width=\"94\">\u00c1gua<\/td>\n<td width=\"94\">Azul #<\/td>\n<td width=\"94\">Laranja #<\/td>\n<td width=\"94\">Verde #<\/td>\n<\/tr>\n<tr>\n<td width=\"145\"><strong>N\u00e3o.<\/strong><\/td>\n<td width=\"94\">16<\/td>\n<td width=\"94\">17<\/td>\n<td width=\"94\">18<\/td>\n<td width=\"94\">19<\/td>\n<td width=\"94\">20<\/td>\n<td width=\"94\">21<\/td>\n<\/tr>\n<tr>\n<td width=\"145\"><strong>Cor<\/strong><\/td>\n<td width=\"94\">Marrom #<\/td>\n<td width=\"94\">Cinza #<\/td>\n<td width=\"94\">Branco #<\/td>\n<td width=\"94\">Vermelho #<\/td>\n<td width=\"94\">Preto *<\/td>\n<td width=\"94\">Amarelo #<\/td>\n<\/tr>\n<tr>\n<td width=\"145\"><strong>N\u00e3o.<\/strong><\/td>\n<td width=\"94\">22<\/td>\n<td width=\"94\">23<\/td>\n<td width=\"94\">24<\/td>\n<td colspan=\"3\" rowspan=\"2\" width=\"283\">&nbsp;<\/td>\n<\/tr>\n<tr>\n<td width=\"145\"><strong>Cor<\/strong><\/td>\n<td width=\"94\">Violeta #<\/td>\n<td width=\"94\">Rosa #<\/td>\n<td width=\"94\">Aqua #<\/td>\n<\/tr>\n<\/tbody>\n<\/table>\n<p>C\u00f3digo de cores dos tubos soltos da camada externa para 288 fibras<\/p>\n<p>Nota: # significa faixa preta \u00fanica; * significa faixa branca \u00fanica.<\/p>\n<p>&nbsp;<\/p>\n<p><strong><b>Par\u00e2metro de estrutura<\/b><\/strong><\/p>\n<table>\n<tbody>\n<tr>\n<td width=\"167\"><strong>Item<\/strong><\/td>\n<td width=\"77\"><strong>Conte\u00fado<\/strong><\/td>\n<td width=\"56\"><strong>Unidade<\/strong><\/td>\n<td colspan=\"6\" width=\"398\"><strong>Valor<\/strong><\/td>\n<\/tr>\n<tr>\n<td width=\"167\">Contagem de fibras<\/td>\n<td width=\"77\">N\u00famero<\/td>\n<td width=\"56\">\/<\/td>\n<td width=\"39\">12<\/td>\n<td width=\"56\">24<\/td>\n<td width=\"66\">48<\/td>\n<td width=\"75\">96<\/td>\n<td width=\"75\">144<\/td>\n<td width=\"85\">288<\/td>\n<\/tr>\n<tr>\n<td width=\"167\">Estrutura do cabo<\/td>\n<td width=\"77\">\/<\/td>\n<td width=\"56\">\/<\/td>\n<td width=\"39\">1+6<\/td>\n<td width=\"56\">1+6<\/td>\n<td width=\"66\">1+6<\/td>\n<td width=\"75\">1+8<\/td>\n<td width=\"75\">1+12<\/td>\n<td width=\"85\">1+9+15<\/td>\n<\/tr>\n<tr>\n<td width=\"167\">N\u00ba de fibra por tubo<\/td>\n<td width=\"77\">N\u00famero<\/td>\n<td width=\"56\">\/<\/td>\n<td width=\"39\">12<\/td>\n<td width=\"56\">12<\/td>\n<td width=\"66\">12<\/td>\n<td width=\"75\">12<\/td>\n<td width=\"75\">12<\/td>\n<td width=\"85\">12<\/td>\n<\/tr>\n<tr>\n<td width=\"167\">Tubo solto<\/td>\n<td width=\"77\">N\u00famero<\/td>\n<td width=\"56\">\/<\/td>\n<td width=\"39\">1<\/td>\n<td width=\"56\">2<\/td>\n<td width=\"66\">4<\/td>\n<td width=\"75\">8<\/td>\n<td width=\"75\">12<\/td>\n<td width=\"85\">9+15<\/td>\n<\/tr>\n<tr>\n<td width=\"167\">Membro de for\u00e7a central<\/td>\n<td width=\"77\">Materiais<\/td>\n<td width=\"56\">\/<\/td>\n<td colspan=\"6\" width=\"398\">FRP com almofada quando necess\u00e1rio<\/td>\n<\/tr>\n<tr>\n<td width=\"167\">Di\u00e2metro do cabo<\/td>\n<td width=\"77\">\u00b15%<\/td>\n<td width=\"56\">mil\u00edmetros<\/td>\n<td width=\"39\">5.3<\/td>\n<td width=\"56\">5.3<\/td>\n<td width=\"66\">5.3<\/td>\n<td width=\"75\">6.2<\/td>\n<td width=\"75\">8.0<\/td>\n<td width=\"85\">9.4<\/td>\n<\/tr>\n<tr>\n<td width=\"167\">Peso do cabo<\/td>\n<td width=\"77\">\u00b110%<\/td>\n<td width=\"56\">kg\/km<\/td>\n<td width=\"39\">22<\/td>\n<td width=\"56\">22<\/td>\n<td width=\"66\">23<\/td>\n<td width=\"75\">35<\/td>\n<td width=\"75\">53<\/td>\n<td width=\"85\">77<\/td>\n<\/tr>\n<tr>\n<td width=\"167\">Di\u00e2metro interno do micro duto<\/td>\n<td width=\"77\">\/<\/td>\n<td width=\"56\">mil\u00edmetros<\/td>\n<td width=\"39\">8<\/td>\n<td width=\"56\">8<\/td>\n<td width=\"66\">8<\/td>\n<td width=\"75\">8<\/td>\n<td width=\"75\">10<\/td>\n<td width=\"85\">14<\/td>\n<\/tr>\n<\/tbody>\n<\/table>\n<p><strong><b>\u00a0<\/b><\/strong><\/p>\n<p><strong><b>Desempenho Mec\u00e2nico e Ambiental<\/b><\/strong><\/p>\n<table>\n<tbody>\n<tr>\n<td width=\"153\"><strong>Item<\/strong><\/td>\n<td width=\"260\"><strong>Teste<\/strong><strong>\u00a0<\/strong><strong>M\u00e9todo<\/strong><\/td>\n<td width=\"283\"><strong>Aceita\u00e7\u00e3o<\/strong><strong>\u00a0<\/strong><strong>Condi\u00e7\u00e3o<\/strong><\/td>\n<\/tr>\n<tr>\n<td width=\"153\">Resist\u00eancia \u00e0 tra\u00e7\u00e3o IEC 60794-1-21-E1<\/td>\n<td width=\"260\">\u2013 Carga: Tens\u00e3o de curto prazo<\/p>\n<p>\u2013 Comprimento do cabo: \u2265 50m<\/p>\n<p>\u2013 Tempo de carregamento: 1min<\/td>\n<td width=\"283\">Mudan\u00e7a de perda\u22640,1dB@1550nm ap\u00f3s teste.<\/p>\n<p>Sem quebra de fibra e sem danos \u00e0 bainha.<\/td>\n<\/tr>\n<tr>\n<td width=\"153\">Teste de esmagamento<\/p>\n<p>IEC 60794-1-21-E3<\/td>\n<td width=\"260\">\u2013 Carga: paix\u00e3o de curto prazo<\/p>\n<p>\u2013 Tempo de carregamento: 1min<\/td>\n<td width=\"283\">Mudan\u00e7a de perda\u22640,1dB@1550nm ap\u00f3s teste.<\/p>\n<p>Sem quebra de fibra e sem danos \u00e0 bainha.<\/td>\n<\/tr>\n<tr>\n<td width=\"153\">Teste de impacto<\/p>\n<p>IEC 60794-1-21-E4<\/td>\n<td width=\"260\">\u2013 Pontos de impacto: 3<\/p>\n<p>\u2013 Tempos de por ponto: 1<\/p>\n<p>\u2013 Energia de impacto: 1J<\/td>\n<td width=\"283\">Mudan\u00e7a de perda\u22640,1dB@1550nm ap\u00f3s teste.<\/p>\n<p>Nenhuma quebra de fibra e nenhum dano da bainha.<\/td>\n<\/tr>\n<tr>\n<td width=\"153\">Dobragem repetida<\/p>\n<p>IEC 60794-1-21-E6<\/td>\n<td width=\"260\">\u2013 Raio de curvatura: 20 x OD<\/p>\n<p>\u2013 N\u00ba de ciclos: 25<\/td>\n<td width=\"283\">Mudan\u00e7a de perda\u2264 0,1dB@1550nm ap\u00f3s teste.<\/p>\n<p>Sem quebra de fibra e sem danos \u00e0 bainha.<\/td>\n<\/tr>\n<tr>\n<td width=\"153\">Tor\u00e7\u00e3o<\/p>\n<p>IEC 60794-1-21-E7<\/td>\n<td width=\"260\">\u2013 Comprimento: 2m<\/p>\n<p>\u2013 \u00c2ngulo de tor\u00e7\u00e3o: \u00b1180\u00b0<\/p>\n<p>\u2013 N\u00ba de ciclos: 10<\/td>\n<td width=\"283\">Mudan\u00e7a de perda\u22640,1dB@1550nm ap\u00f3s teste.<\/p>\n<p>Sem quebra de fibra e sem danos \u00e0 bainha.<\/td>\n<\/tr>\n<tr>\n<td width=\"153\">Penetra\u00e7\u00e3o de \u00c1gua IEC 60794-1-22-F5<\/td>\n<td width=\"260\">\u2013 Altura da \u00e1gua: 1m<\/p>\n<p>\u2013 Comprimento da amostra: 3m<\/p>\n<p>\u2013 Hor\u00e1rio: 24h<\/td>\n<td width=\"283\">Nenhum vazamento de \u00e1gua do n\u00facleo do cabo da extremidade oposta<\/td>\n<\/tr>\n<tr>\n<td width=\"153\">Ciclagem de temperatura IEC 60794-1-22-F1<\/td>\n<td width=\"260\">\u2013 Temperatura: -20\u2103~+70\u2103<\/p>\n<p>\u2013 Tempo de cada etapa: 12h<\/p>\n<p>\u2013 N\u00ba de ciclos: 2<\/td>\n<td width=\"283\">Mudan\u00e7a de perda\u22640,1dB\/km@1550nm ap\u00f3s teste.<\/p>\n<p>\u2013 Sem quebra de fibra e sem danos na bainha.<\/td>\n<\/tr>\n<\/tbody>\n<\/table>\n<p>&nbsp;<\/p>\n<p><strong><b>Par\u00e2metros t\u00e9cnicos de fibra \u00f3ptica-SMF<\/b><\/strong><\/p>\n<table>\n<tbody>\n<tr>\n<td width=\"182\"><strong>Item<\/strong><\/td>\n<td width=\"285\"><strong>Conte\u00fado<\/strong><\/td>\n<td width=\"227\"><strong>Valor<\/strong><\/td>\n<\/tr>\n<tr>\n<td rowspan=\"2\" width=\"182\"><strong>\u00a0<\/strong><\/p>\n<p>Atenua\u00e7\u00e3o<\/td>\n<td width=\"285\">@1310 nm<\/td>\n<td width=\"227\">\u22640,36dB\/km<\/td>\n<\/tr>\n<tr>\n<td width=\"285\">@1550 nm<\/td>\n<td width=\"227\">\u22640,22dB\/km<\/td>\n<\/tr>\n<tr>\n<td rowspan=\"3\" width=\"182\"><strong>\u00a0<\/strong><\/p>\n<p>Dispers\u00e3o<\/td>\n<td width=\"285\">@1288nm~1339nm<\/td>\n<td width=\"227\">\u22643,5ps\/(nm\u00b7km)<\/td>\n<\/tr>\n<tr>\n<td width=\"285\">@1550 nm<\/td>\n<td width=\"227\">\u226418ps\/(nm\u00b7km)<\/td>\n<\/tr>\n<tr>\n<td width=\"285\">@1625 nm<\/td>\n<td width=\"227\">\u226422ps\/(nm\u00b7km)<\/td>\n<\/tr>\n<tr>\n<td colspan=\"2\" width=\"468\">Comprimento de onda com dispers\u00e3o zero<\/td>\n<td width=\"227\">1300nm~1324nm<\/td>\n<\/tr>\n<tr>\n<td colspan=\"2\" width=\"468\">Inclina\u00e7\u00e3o de dispers\u00e3o zero<\/td>\n<td width=\"227\">\u22640,092ps\/(nm2\u00b7km)<\/td>\n<\/tr>\n<tr>\n<td rowspan=\"2\" width=\"182\">Di\u00e2metro do campo de modo<\/p>\n<p>(MFD)<\/td>\n<td width=\"285\">@1310 nm<\/td>\n<td width=\"227\">9,2\u00b10,4\u03bcm<\/td>\n<\/tr>\n<tr>\n<td width=\"285\">@1550 nm<\/td>\n<td width=\"227\">10,4\u00b10,8\u03bcm<\/td>\n<\/tr>\n<tr>\n<td colspan=\"2\" width=\"468\">Comprimento de onda de corte do cabo \u03bbcc(nm)<\/td>\n<td width=\"227\">\u22641260 nm<\/td>\n<\/tr>\n<tr>\n<td rowspan=\"4\" width=\"182\"><strong>\u00a0<\/strong><\/p>\n<p><strong>\u00a0<\/strong><\/p>\n<p>Perda de flex\u00e3o<\/td>\n<td width=\"285\">1550 nm (1 volta; \u03a620 mm)<\/td>\n<td width=\"227\">\u00a30,75dB<\/td>\n<\/tr>\n<tr>\n<td width=\"285\">1550 nm (10 voltas; \u03a630 mm)<\/td>\n<td width=\"227\">\u00a30,25dB<\/td>\n<\/tr>\n<tr>\n<td width=\"285\">1625 nm (1 volta; \u03a620mm)<\/td>\n<td width=\"227\">\u00a3 1,5dB<\/td>\n<\/tr>\n<tr>\n<td width=\"285\">1625 nm (10 voltas; \u03a630mm)<\/td>\n<td width=\"227\">\u00a31,0dB<\/td>\n<\/tr>\n<tr>\n<td colspan=\"3\" width=\"695\">Caracter\u00edsticas geom\u00e9tricas<\/td>\n<\/tr>\n<tr>\n<td colspan=\"2\" width=\"468\">Di\u00e2metro do revestimento<\/td>\n<td width=\"227\">125\u00b11,0\u03bcm<\/td>\n<\/tr>\n<tr>\n<td colspan=\"2\" width=\"468\">N\u00e3o circularidade do revestimento<\/td>\n<td width=\"227\">\u22641%<\/td>\n<\/tr>\n<tr>\n<td colspan=\"2\" width=\"468\">Erro de concentricidade do n\u00facleo\/revestimento<\/td>\n<td width=\"227\">\u22640,6\u03bcm<\/td>\n<\/tr>\n<tr>\n<td colspan=\"2\" width=\"468\">Erro de concentricidade de revestimento\/revestimento<\/td>\n<td width=\"227\">\u226412,0\u03bcm<\/td>\n<\/tr>\n<tr>\n<td colspan=\"3\" width=\"695\">Caracter\u00edsticas mec\u00e2nicas<\/td>\n<\/tr>\n<tr>\n<td colspan=\"2\" width=\"468\">Prova de estresse<\/td>\n<td width=\"227\">\u22650,69GPa<\/td>\n<\/tr>\n<tr>\n<td colspan=\"2\" width=\"468\">Ondula\u00e7\u00e3o da fibra<\/td>\n<td width=\"227\">\u22654m<\/td>\n<\/tr>\n<tr>\n<td colspan=\"2\" width=\"468\">For\u00e7a da tira de revestimento<\/td>\n<td width=\"227\">1,0~8,9N<\/td>\n<\/tr>\n<\/tbody>\n<\/table>","protected":false},"excerpt":{"rendered":"<p>No cabo externo n\u00e3o blindado de tubo solto tran\u00e7ado 12-288F da OMC - GCYTY, um fio FRP, \u00e0s vezes revestido com polietileno (PE), est\u00e1 localizado no centro do n\u00facleo como um membro de resist\u00eancia n\u00e3o met\u00e1lico. As fibras monomodo\/multimodo s\u00e3o posicionadas no tubo solto, que \u00e9 feito de materiais PBT e preenchido com composto de enchimento. O tubo solto \u00e9 coberto com PE [\u2026]<\/p>","protected":false},"featured_media":11017,"comment_status":"closed","ping_status":"closed","template":"","meta":{"site-sidebar-layout":"default","site-content-layout":"","ast-site-content-layout":"default","site-content-style":"default","site-sidebar-style":"default","ast-global-header-display":"","ast-banner-title-visibility":"","ast-main-header-display":"","ast-hfb-above-header-display":"","ast-hfb-below-header-display":"","ast-hfb-mobile-header-display":"","site-post-title":"","ast-breadcrumbs-content":"","ast-featured-img":"","footer-sml-layout":"","theme-transparent-header-meta":"default","adv-header-id-meta":"","stick-header-meta":"default","header-above-stick-meta":"","header-main-stick-meta":"","header-below-stick-meta":"","astra-migrate-meta-layouts":"set","ast-page-background-enabled":"default","ast-page-background-meta":{"desktop":{"background-color":"var(--ast-global-color-4)","background-image":"","background-repeat":"repeat","background-position":"center center","background-size":"auto","background-attachment":"scroll","background-type":"","background-media":"","overlay-type":"","overlay-color":"","overlay-gradient":""},"tablet":{"background-color":"","background-image":"","background-repeat":"repeat","background-position":"center center","background-size":"auto","background-attachment":"scroll","background-type":"","background-media":"","overlay-type":"","overlay-color":"","overlay-gradient":""},"mobile":{"background-color":"","background-image":"","background-repeat":"repeat","background-position":"center center","background-size":"auto","background-attachment":"scroll","background-type":"","background-media":"","overlay-type":"","overlay-color":"","overlay-gradient":""}},"ast-content-background-meta":{"desktop":{"background-color":"var(--ast-global-color-5)","background-image":"","background-repeat":"repeat","background-position":"center center","background-size":"auto","background-attachment":"scroll","background-type":"","background-media":"","overlay-type":"","overlay-color":"","overlay-gradient":""},"tablet":{"background-color":"var(--ast-global-color-5)","background-image":"","background-repeat":"repeat","background-position":"center center","background-size":"auto","background-attachment":"scroll","background-type":"","background-media":"","overlay-type":"","overlay-color":"","overlay-gradient":""},"mobile":{"background-color":"var(--ast-global-color-5)","background-image":"","background-repeat":"repeat","background-position":"center center","background-size":"auto","background-attachment":"scroll","background-type":"","background-media":"","overlay-type":"","overlay-color":"","overlay-gradient":""}}},"product_cat":[140,124],"product_tag":[],"class_list":{"0":"post-11015","1":"product","2":"type-product","3":"status-publish","4":"has-post-thumbnail","6":"product_cat-no-armored-cable","7":"product_cat-outdoor-cable","8":"desktop-align-left","9":"tablet-align-left","10":"mobile-align-left","11":"ast-product-gallery-layout-horizontal-slider","12":"ast-product-tabs-layout-horizontal","14":"first","15":"instock","16":"shipping-taxable","17":"product-type-simple"},"acf":[],"_links":{"self":[{"href":"https:\/\/www.omccable.com\/pt\/wp-json\/wp\/v2\/product\/11015","targetHints":{"allow":["GET"]}}],"collection":[{"href":"https:\/\/www.omccable.com\/pt\/wp-json\/wp\/v2\/product"}],"about":[{"href":"https:\/\/www.omccable.com\/pt\/wp-json\/wp\/v2\/types\/product"}],"replies":[{"embeddable":true,"href":"https:\/\/www.omccable.com\/pt\/wp-json\/wp\/v2\/comments?post=11015"}],"version-history":[{"count":1,"href":"https:\/\/www.omccable.com\/pt\/wp-json\/wp\/v2\/product\/11015\/revisions"}],"predecessor-version":[{"id":11018,"href":"https:\/\/www.omccable.com\/pt\/wp-json\/wp\/v2\/product\/11015\/revisions\/11018"}],"wp:featuredmedia":[{"embeddable":true,"href":"https:\/\/www.omccable.com\/pt\/wp-json\/wp\/v2\/media\/11017"}],"wp:attachment":[{"href":"https:\/\/www.omccable.com\/pt\/wp-json\/wp\/v2\/media?parent=11015"}],"wp:term":[{"taxonomy":"product_cat","embeddable":true,"href":"https:\/\/www.omccable.com\/pt\/wp-json\/wp\/v2\/product_cat?post=11015"},{"taxonomy":"product_tag","embeddable":true,"href":"https:\/\/www.omccable.com\/pt\/wp-json\/wp\/v2\/product_tag?post=11015"}],"curies":[{"name":"wp","href":"https:\/\/api.w.org\/{rel}","templated":true}]}}