{"id":11011,"date":"2024-06-11T13:19:49","date_gmt":"2024-06-11T05:19:49","guid":{"rendered":"https:\/\/www.omccable.com\/?post_type=product&#038;p=11011"},"modified":"2024-06-11T13:19:49","modified_gmt":"2024-06-11T05:19:49","slug":"48-96f-stranded-loose-tube-no-armored-outdoor-cable-gyfty","status":"publish","type":"product","link":"https:\/\/www.omccable.com\/pt\/produto\/48-96f-stranded-loose-tube-no-armored-outdoor-cable-gyfty\/","title":{"rendered":"48-96F Tubo solto tran\u00e7ado cabo externo n\u00e3o blindado - GYFTY"},"content":{"rendered":"<p>Nos MAC <strong><b>48-96F Tubo solto tran\u00e7ado cabo externo n\u00e3o blindado - GYFTY<\/b><\/strong><strong><b>\uff0c<\/b><\/strong>A <strong><b>Fio FRP<\/b><\/strong>, \u00e0s vezes revestido com polietileno (PE), est\u00e1 localizado no centro do n\u00facleo como um membro de resist\u00eancia n\u00e3o met\u00e1lico. As fibras monomodo\/multimodo s\u00e3o posicionadas no tubo solto, que \u00e9 feito de materiais PBT e preenchido com composto de enchimento. O tubo solto \u00e9 coberto com materiais HDPE para garantir a compacta\u00e7\u00e3o e o desempenho longitudinal de bloqueio de \u00e1gua.<\/p>\n<p>&nbsp;<\/p>\n<p><strong><b>Cor padr\u00e3o da fibra e do tubo<\/b><\/strong><\/p>\n<p>O c\u00f3digo de cores das fibras e tubos individuais deve estar de acordo com a tabela abaixo:<\/p>\n<table>\n<tbody>\n<tr>\n<td width=\"187\">N\u00e3o.<\/td>\n<td width=\"89\">1<\/td>\n<td width=\"85\">2<\/td>\n<td width=\"85\">3<\/td>\n<td width=\"85\">4<\/td>\n<td width=\"85\">5<\/td>\n<td width=\"78\">6<\/td>\n<\/tr>\n<tr>\n<td width=\"187\">Cor<\/td>\n<td width=\"89\">Azul<\/td>\n<td width=\"85\">Laranja<\/td>\n<td width=\"85\">Verde<\/td>\n<td width=\"85\">Marrom<\/td>\n<td width=\"85\">Ard\u00f3sia<\/td>\n<td width=\"78\">Branco<\/td>\n<\/tr>\n<tr>\n<td width=\"187\">N\u00e3o.<\/td>\n<td width=\"89\">7<\/td>\n<td width=\"85\">8<\/td>\n<td width=\"85\">9<\/td>\n<td width=\"85\">10<\/td>\n<td width=\"85\">11<\/td>\n<td width=\"78\">12<\/td>\n<\/tr>\n<tr>\n<td width=\"187\">Cor<\/td>\n<td width=\"89\">Vermelho<\/td>\n<td width=\"85\">Preto<\/td>\n<td width=\"85\">Amarelo<\/td>\n<td width=\"85\">Violeta<\/td>\n<td width=\"85\">Rosa<\/td>\n<td width=\"78\">\u00c1gua<\/td>\n<\/tr>\n<\/tbody>\n<\/table>\n<p>&nbsp;<\/p>\n<p><strong><b>Par\u00e2metro de estrutura<\/b><\/strong><\/p>\n<table>\n<tbody>\n<tr>\n<td width=\"178\"><strong>Item<\/strong><\/td>\n<td width=\"130\"><strong>Conte\u00fado<\/strong><\/td>\n<td width=\"52\"><strong>Unidade<\/strong><\/td>\n<td colspan=\"3\" width=\"330\"><strong>Valor<\/strong><\/td>\n<\/tr>\n<tr>\n<td width=\"178\">Contagem de fibras<\/td>\n<td width=\"130\">N\u00famero<\/td>\n<td width=\"52\">\/<\/td>\n<td width=\"93\">48<\/td>\n<td width=\"113\">72<\/td>\n<td width=\"122\">96<\/td>\n<\/tr>\n<tr>\n<td width=\"178\">Tipo de fibra<\/td>\n<td width=\"130\">\/<\/td>\n<td width=\"52\">\/<\/td>\n<td colspan=\"3\" width=\"330\">G652D<\/td>\n<\/tr>\n<tr>\n<td width=\"178\">Estrutura do cabo<\/td>\n<td width=\"130\">\/<\/td>\n<td width=\"52\">\/<\/td>\n<td colspan=\"2\" width=\"207\">1+6<\/td>\n<td width=\"122\">1+8<\/td>\n<\/tr>\n<tr>\n<td width=\"178\">Fibras por tubo<\/td>\n<td width=\"130\">Contar<\/td>\n<td width=\"52\">\/<\/td>\n<td colspan=\"3\" width=\"330\">12<\/td>\n<\/tr>\n<tr>\n<td rowspan=\"2\" width=\"178\">Tubo solto<\/td>\n<td width=\"130\">Materiais<\/td>\n<td width=\"52\">\/<\/td>\n<td colspan=\"3\" width=\"330\">PBT<\/td>\n<\/tr>\n<tr>\n<td width=\"130\">Di\u00e2metro nominal<\/td>\n<td width=\"52\">mil\u00edmetros<\/td>\n<td colspan=\"2\" width=\"207\">2.4<\/td>\n<td width=\"122\">2.2<\/td>\n<\/tr>\n<tr>\n<td rowspan=\"3\" width=\"178\">Membro de for\u00e7a central<\/td>\n<td width=\"130\">Materiais<\/td>\n<td width=\"52\">\/<\/td>\n<td colspan=\"3\" width=\"330\">Camada de almofada de FRP e PE (enquanto necess\u00e1rio)<\/td>\n<\/tr>\n<tr>\n<td width=\"130\">Di\u00e2metro nominal<\/td>\n<td width=\"52\">mil\u00edmetros<\/td>\n<td colspan=\"2\" width=\"207\">2.5<\/td>\n<td width=\"122\">2.2<\/td>\n<\/tr>\n<tr>\n<td width=\"130\">Camada de almofada de PE<\/td>\n<td width=\"52\">mil\u00edmetros<\/td>\n<td colspan=\"2\" width=\"207\">\/<\/td>\n<td width=\"122\">3.9<\/td>\n<\/tr>\n<tr>\n<td rowspan=\"3\" width=\"178\">Bainha<\/td>\n<td colspan=\"2\" width=\"182\">Materiais<\/td>\n<td colspan=\"3\" width=\"330\">PEAD<\/td>\n<\/tr>\n<tr>\n<td colspan=\"2\" width=\"182\">Cor<\/td>\n<td colspan=\"3\" width=\"330\">Preto<\/td>\n<\/tr>\n<tr>\n<td width=\"130\">Espessura externa<\/td>\n<td width=\"52\">mil\u00edmetros<\/td>\n<td colspan=\"3\" width=\"330\">Nominal: 1,9<\/td>\n<\/tr>\n<tr>\n<td width=\"178\">Di\u00e2metro do cabo<\/td>\n<td width=\"130\">\u00b15%<\/td>\n<td width=\"52\">mil\u00edmetros<\/td>\n<td colspan=\"2\" width=\"207\">11.0<\/td>\n<td width=\"122\">12.0<\/td>\n<\/tr>\n<tr>\n<td width=\"178\">Peso do cabo<\/td>\n<td width=\"130\">\u00b110%<\/td>\n<td width=\"52\">kg\/km<\/td>\n<td colspan=\"2\" width=\"207\">105<\/td>\n<td width=\"122\">122<\/td>\n<\/tr>\n<\/tbody>\n<\/table>\n<p><strong><b>\u00a0<\/b><\/strong><\/p>\n<p><strong><b>Desempenho Mec\u00e2nico e Ambiental<\/b><\/strong><\/p>\n<table>\n<tbody>\n<tr>\n<td width=\"221\"><strong>Item<\/strong><\/td>\n<td width=\"205\"><strong>Conte\u00fado<\/strong><\/td>\n<td width=\"264\"><strong>Valor<\/strong><\/td>\n<\/tr>\n<tr>\n<td rowspan=\"2\" width=\"221\">M\u00e1x. carga de tra\u00e7\u00e3o<\/td>\n<td width=\"205\">Curto prazo<\/td>\n<td width=\"264\">1500 N \uff08Tens\u00e3o da fibra\u22640,6\uff05\uff09<\/td>\n<\/tr>\n<tr>\n<td width=\"205\">Longo prazo<\/td>\n<td width=\"264\">600N<\/td>\n<\/tr>\n<tr>\n<td rowspan=\"2\" width=\"221\">M\u00e1x. resist\u00eancia ao esmagamento<\/td>\n<td width=\"205\">Curto prazo<\/td>\n<td width=\"264\">1000N\/100mm<\/td>\n<\/tr>\n<tr>\n<td width=\"205\">Longo prazo<\/td>\n<td width=\"264\">300N<\/td>\n<\/tr>\n<tr>\n<td rowspan=\"2\" width=\"221\">Min. raio de curvatura<\/td>\n<td width=\"205\">Instala\u00e7\u00e3o<\/td>\n<td width=\"264\">25 x di\u00e2metro do cabo<\/td>\n<\/tr>\n<tr>\n<td width=\"205\">Opera\u00e7\u00e3o<\/td>\n<td width=\"264\">12,5 x di\u00e2metro do cabo<\/td>\n<\/tr>\n<tr>\n<td rowspan=\"3\" width=\"221\">Faixa de temperatura<\/td>\n<td width=\"205\">Opera\u00e7\u00e3o<\/td>\n<td width=\"264\">-40\u2103 ~ +70\u2103<\/td>\n<\/tr>\n<tr>\n<td width=\"205\">Instala\u00e7\u00e3o<\/td>\n<td width=\"264\">-20\u2103 ~ +60\u2103<\/td>\n<\/tr>\n<tr>\n<td width=\"205\">Armazenamento\/transporte<\/td>\n<td width=\"264\">-40\u2103 ~ +70\u2103<\/td>\n<\/tr>\n<\/tbody>\n<\/table>\n<p>&nbsp;<\/p>\n<p><strong><b>Par\u00e2metros t\u00e9cnicos de fibra \u00f3ptica-SMF<\/b><\/strong><\/p>\n<table>\n<tbody>\n<tr>\n<td colspan=\"2\" rowspan=\"2\" width=\"335\"><strong>Item<\/strong><\/td>\n<td rowspan=\"2\" width=\"146\"><strong>Unidade<\/strong><\/td>\n<td width=\"218\"><strong>Especifica\u00e7\u00e3o<\/strong><\/td>\n<\/tr>\n<tr>\n<td width=\"218\">G.652D<\/td>\n<\/tr>\n<tr>\n<td rowspan=\"2\" width=\"216\">Di\u00e2metro do campo de modo<\/td>\n<td width=\"118\">1310 nm<\/td>\n<td width=\"146\">nm<\/td>\n<td width=\"218\">9,2\u00b10,4<\/td>\n<\/tr>\n<tr>\n<td width=\"118\">1550 nm<\/td>\n<td width=\"146\">nm<\/td>\n<td width=\"218\">10,4\u00b10,5<\/td>\n<\/tr>\n<tr>\n<td colspan=\"2\" width=\"335\">Di\u00e2metro do revestimento<\/td>\n<td width=\"146\">nm<\/td>\n<td width=\"218\">125,0\u00b10,7<\/td>\n<\/tr>\n<tr>\n<td colspan=\"2\" width=\"335\">N\u00e3o circularidade do revestimento<\/td>\n<td width=\"146\">%<\/td>\n<td width=\"218\">\u22641,0<\/td>\n<\/tr>\n<tr>\n<td colspan=\"2\" width=\"335\">Erro de concentricidade central<\/td>\n<td width=\"146\">nm<\/td>\n<td width=\"218\">\u22640,6<\/td>\n<\/tr>\n<tr>\n<td colspan=\"2\" width=\"335\">Di\u00e2metro do revestimento<\/td>\n<td width=\"146\">nm<\/td>\n<td width=\"218\">242\u00b17<\/td>\n<\/tr>\n<tr>\n<td colspan=\"2\" width=\"335\">Erro de concentricidade do revestimento\/revestimento<\/td>\n<td width=\"146\">nm<\/td>\n<td width=\"218\">\u226412<\/td>\n<\/tr>\n<tr>\n<td colspan=\"2\" width=\"335\">Comprimento de onda de corte do cabo \u03bbcc<\/td>\n<td width=\"146\">nm<\/td>\n<td width=\"218\">\u2264 1260<\/td>\n<\/tr>\n<tr>\n<td rowspan=\"2\" width=\"216\">Atenua\u00e7\u00e3o<\/td>\n<td width=\"118\">1310 nm<\/td>\n<td width=\"146\">dB\/km<\/td>\n<td width=\"218\">\u22640,35<\/td>\n<\/tr>\n<tr>\n<td width=\"118\">1550 nm<\/td>\n<td width=\"146\">dB\/km<\/td>\n<td width=\"218\">\u22640,21<\/td>\n<\/tr>\n<\/tbody>\n<\/table>","protected":false},"excerpt":{"rendered":"<p>No cabo externo n\u00e3o blindado de tubo solto tran\u00e7ado 48-96F da OMC - GYFTY \uff0c Um fio FRP, \u00e0s vezes revestido com polietileno (PE) est\u00e1 localizado no centro do n\u00facleo como um membro de resist\u00eancia n\u00e3o met\u00e1lico. As fibras monomodo\/multimodo s\u00e3o posicionadas no tubo solto, que \u00e9 feito de materiais PBT e preenchido com composto de enchimento. O tubo solto \u00e9 coberto com materiais HDPE [...]<\/p>","protected":false},"featured_media":11013,"comment_status":"closed","ping_status":"closed","template":"","meta":{"site-sidebar-layout":"default","site-content-layout":"","ast-site-content-layout":"default","site-content-style":"default","site-sidebar-style":"default","ast-global-header-display":"","ast-banner-title-visibility":"","ast-main-header-display":"","ast-hfb-above-header-display":"","ast-hfb-below-header-display":"","ast-hfb-mobile-header-display":"","site-post-title":"","ast-breadcrumbs-content":"","ast-featured-img":"","footer-sml-layout":"","theme-transparent-header-meta":"default","adv-header-id-meta":"","stick-header-meta":"default","header-above-stick-meta":"","header-main-stick-meta":"","header-below-stick-meta":"","astra-migrate-meta-layouts":"set","ast-page-background-enabled":"default","ast-page-background-meta":{"desktop":{"background-color":"var(--ast-global-color-4)","background-image":"","background-repeat":"repeat","background-position":"center center","background-size":"auto","background-attachment":"scroll","background-type":"","background-media":"","overlay-type":"","overlay-color":"","overlay-gradient":""},"tablet":{"background-color":"","background-image":"","background-repeat":"repeat","background-position":"center center","background-size":"auto","background-attachment":"scroll","background-type":"","background-media":"","overlay-type":"","overlay-color":"","overlay-gradient":""},"mobile":{"background-color":"","background-image":"","background-repeat":"repeat","background-position":"center center","background-size":"auto","background-attachment":"scroll","background-type":"","background-media":"","overlay-type":"","overlay-color":"","overlay-gradient":""}},"ast-content-background-meta":{"desktop":{"background-color":"var(--ast-global-color-5)","background-image":"","background-repeat":"repeat","background-position":"center center","background-size":"auto","background-attachment":"scroll","background-type":"","background-media":"","overlay-type":"","overlay-color":"","overlay-gradient":""},"tablet":{"background-color":"var(--ast-global-color-5)","background-image":"","background-repeat":"repeat","background-position":"center center","background-size":"auto","background-attachment":"scroll","background-type":"","background-media":"","overlay-type":"","overlay-color":"","overlay-gradient":""},"mobile":{"background-color":"var(--ast-global-color-5)","background-image":"","background-repeat":"repeat","background-position":"center center","background-size":"auto","background-attachment":"scroll","background-type":"","background-media":"","overlay-type":"","overlay-color":"","overlay-gradient":""}}},"product_cat":[140,124],"product_tag":[],"class_list":{"0":"post-11011","1":"product","2":"type-product","3":"status-publish","4":"has-post-thumbnail","6":"product_cat-no-armored-cable","7":"product_cat-outdoor-cable","8":"desktop-align-left","9":"tablet-align-left","10":"mobile-align-left","11":"ast-product-gallery-layout-horizontal-slider","12":"ast-product-tabs-layout-horizontal","14":"first","15":"instock","16":"shipping-taxable","17":"product-type-simple"},"acf":[],"_links":{"self":[{"href":"https:\/\/www.omccable.com\/pt\/wp-json\/wp\/v2\/product\/11011","targetHints":{"allow":["GET"]}}],"collection":[{"href":"https:\/\/www.omccable.com\/pt\/wp-json\/wp\/v2\/product"}],"about":[{"href":"https:\/\/www.omccable.com\/pt\/wp-json\/wp\/v2\/types\/product"}],"replies":[{"embeddable":true,"href":"https:\/\/www.omccable.com\/pt\/wp-json\/wp\/v2\/comments?post=11011"}],"version-history":[{"count":1,"href":"https:\/\/www.omccable.com\/pt\/wp-json\/wp\/v2\/product\/11011\/revisions"}],"predecessor-version":[{"id":11014,"href":"https:\/\/www.omccable.com\/pt\/wp-json\/wp\/v2\/product\/11011\/revisions\/11014"}],"wp:featuredmedia":[{"embeddable":true,"href":"https:\/\/www.omccable.com\/pt\/wp-json\/wp\/v2\/media\/11013"}],"wp:attachment":[{"href":"https:\/\/www.omccable.com\/pt\/wp-json\/wp\/v2\/media?parent=11011"}],"wp:term":[{"taxonomy":"product_cat","embeddable":true,"href":"https:\/\/www.omccable.com\/pt\/wp-json\/wp\/v2\/product_cat?post=11011"},{"taxonomy":"product_tag","embeddable":true,"href":"https:\/\/www.omccable.com\/pt\/wp-json\/wp\/v2\/product_tag?post=11011"}],"curies":[{"name":"wp","href":"https:\/\/api.w.org\/{rel}","templated":true}]}}