{"id":10999,"date":"2024-06-11T13:13:19","date_gmt":"2024-06-11T05:13:19","guid":{"rendered":"https:\/\/www.omccable.com\/?post_type=product&#038;p=10999"},"modified":"2024-06-11T13:13:19","modified_gmt":"2024-06-11T05:13:19","slug":"1224f-unitube-no-armored-duct-cable-gyfxty","status":"publish","type":"product","link":"https:\/\/www.omccable.com\/pt\/produto\/1224f-unitube-no-armored-duct-cable-gyfxty\/","title":{"rendered":"Cabo de duto n\u00e3o blindado 12 e 24F Unitube GYFXTY"},"content":{"rendered":"<p>No cabo GYFXTY da OMC, as fibras monomodo\/multimodo s\u00e3o posicionadas no tubo solto, que \u00e9 feito de materiais PBT e preenchido com composto de enchimento. O tubo solto \u00e9 coberto com materiais PE para garantir a compacta\u00e7\u00e3o e o desempenho longitudinal de bloqueio de \u00e1gua. Dois fios FRP paralelos s\u00e3o colocados em ambos os lados do n\u00facleo do cabo enquanto uma bainha de PE \u00e9 extrudada sobre ele.<\/p>\n<p>&nbsp;<\/p>\n<p><strong><b>Cor padr\u00e3o da fibra e do tubo<\/b><\/strong><\/p>\n<p>O c\u00f3digo de cores das fibras individuais deve estar de acordo com a tabela abaixo:<\/p>\n<table>\n<tbody>\n<tr>\n<td width=\"179\">N\u00e3o.<\/td>\n<td width=\"86\">1<\/td>\n<td width=\"82\">2<\/td>\n<td width=\"82\">3<\/td>\n<td width=\"82\">4<\/td>\n<td width=\"82\">5<\/td>\n<td width=\"75\">6<\/td>\n<\/tr>\n<tr>\n<td width=\"179\">Cor<\/td>\n<td width=\"86\">Azul<\/td>\n<td width=\"82\">Laranja<\/td>\n<td width=\"82\">Verde<\/td>\n<td width=\"82\">Marrom<\/td>\n<td width=\"82\">Ard\u00f3sia<\/td>\n<td width=\"75\">Branco<\/td>\n<\/tr>\n<tr>\n<td width=\"179\">N\u00e3o.<\/td>\n<td width=\"86\">7<\/td>\n<td width=\"82\">8<\/td>\n<td width=\"82\">9<\/td>\n<td width=\"82\">10<\/td>\n<td width=\"82\">11<\/td>\n<td width=\"75\">12<\/td>\n<\/tr>\n<tr>\n<td width=\"179\">Cor<\/td>\n<td width=\"86\">Vermelho<\/td>\n<td width=\"82\">Preto<\/td>\n<td width=\"82\">Amarelo<\/td>\n<td width=\"82\">Violeta<\/td>\n<td width=\"82\">Rosa<\/td>\n<td width=\"75\">\u00c1gua<\/td>\n<\/tr>\n<\/tbody>\n<\/table>\n<p>&nbsp;<\/p>\n<p><strong><b>Cabo<\/b><\/strong><strong><b>\u00a0Par\u00e2metro de estrutura<\/b><\/strong><\/p>\n<table>\n<tbody>\n<tr>\n<td colspan=\"2\" width=\"312\"><strong>Itens<\/strong><\/td>\n<td colspan=\"3\" width=\"358\"><strong>Descri\u00e7\u00e3o<\/strong><\/td>\n<\/tr>\n<tr>\n<td colspan=\"2\" width=\"312\">N\u00famero de fibra<\/td>\n<td width=\"159\">\u00a0\u00a0\u00a0\u00a0\u00a0\u00a0\u00a0\u00a01-12F<\/td>\n<td colspan=\"2\" width=\"198\">\u00a0\u00a0\u00a0\u00a0\u00a0\u00a0\u00a0\u00a0\u00a0\u00a0\u00a024F<\/td>\n<\/tr>\n<tr>\n<td colspan=\"2\" width=\"312\">Di\u00e2metro do cabo<\/td>\n<td width=\"159\">\u00a0\u00a0\u00a0\u00a0\u00a0\u00a0\u00a06,0 mm<\/td>\n<td colspan=\"2\" width=\"198\">\u00a0\u00a0\u00a0\u00a0\u00a0\u00a0\u00a0\u00a06,5 mm<\/td>\n<\/tr>\n<tr>\n<td width=\"163\">Fibra<\/td>\n<td width=\"149\">tipo<\/td>\n<td colspan=\"3\" width=\"358\">\u00a0\u00a0\u00a0\u00a0\u00a0\u00a0\u00a0\u00a0\u00a0\u00a0\u00a0\u00a0\u00a0\u00a0\u00a0\u00a0\u00a0\u00a0G652D<\/td>\n<\/tr>\n<tr>\n<td rowspan=\"2\" width=\"163\">Tubo solto Membro de resist\u00eancia<\/td>\n<td width=\"149\">materiais<\/td>\n<td colspan=\"2\" width=\"160\">PBT 2,5 mm de di\u00e2metro externo<\/td>\n<td width=\"198\">PBT 3,0 mm de di\u00e2metro externo<\/td>\n<\/tr>\n<tr>\n<td width=\"149\">materiais<\/td>\n<td colspan=\"3\" width=\"358\">PRFV 0,5 mm x 2<\/td>\n<\/tr>\n<tr>\n<td rowspan=\"2\" width=\"163\">Bainha externa<\/td>\n<td width=\"149\">materiais<\/td>\n<td colspan=\"3\" width=\"358\">EP<\/td>\n<\/tr>\n<tr>\n<td width=\"149\">cor<\/td>\n<td colspan=\"3\" width=\"358\">Preto<\/td>\n<\/tr>\n<tr>\n<td colspan=\"2\" width=\"312\">Faixa de temperatura de instala\u00e7\u00e3o\uff08\u2103\uff09<\/td>\n<td colspan=\"3\" width=\"358\">-20 ~ +60<\/td>\n<\/tr>\n<tr>\n<td colspan=\"2\" width=\"312\">Temperatura de opera\u00e7\u00e3o e transporte\uff08\u2103\uff09<\/td>\n<td colspan=\"3\" width=\"358\">-20 ~ +70<\/td>\n<\/tr>\n<\/tbody>\n<\/table>\n<p><strong><b>\u00a0<\/b><\/strong><\/p>\n<p><strong><b>Desempenho Mec\u00e2nico e Ambiental<\/b><\/strong><\/p>\n<table>\n<tbody>\n<tr>\n<td width=\"228\"><strong>Item<\/strong><\/td>\n<td width=\"206\"><strong>Conte\u00fado<\/strong><\/td>\n<td width=\"236\"><strong>Valor<\/strong><\/td>\n<\/tr>\n<tr>\n<td rowspan=\"2\" width=\"228\">M\u00e1x. carga de tra\u00e7\u00e3o<\/td>\n<td width=\"206\">Curto prazo<\/td>\n<td width=\"236\">Deforma\u00e7\u00e3o de fibra 100N\u22640,6%<\/td>\n<\/tr>\n<tr>\n<td width=\"206\">Longo prazo<\/td>\n<td width=\"236\">300N<\/td>\n<\/tr>\n<tr>\n<td rowspan=\"2\" width=\"228\">M\u00e1x. resist\u00eancia ao esmagamento<\/td>\n<td width=\"206\">Curto prazo<\/td>\n<td width=\"236\">1000N\/100mm<\/td>\n<\/tr>\n<tr>\n<td width=\"206\">Longo prazo<\/td>\n<td width=\"236\">300N\/100mm<\/td>\n<\/tr>\n<tr>\n<td rowspan=\"2\" width=\"228\">Min. raio de curvatura<\/td>\n<td width=\"206\">Instala\u00e7\u00e3o<\/td>\n<td width=\"236\">20 x di\u00e2metro do cabo<\/td>\n<\/tr>\n<tr>\n<td width=\"206\">Opera\u00e7\u00e3o<\/td>\n<td width=\"236\">10 x di\u00e2metro do cabo<\/td>\n<\/tr>\n<tr>\n<td rowspan=\"3\" width=\"228\">Faixa de temperatura<\/td>\n<td width=\"206\">Opera\u00e7\u00e3o<\/td>\n<td width=\"236\">-40\u00b0C ~ +70\u00b0C<\/td>\n<\/tr>\n<tr>\n<td width=\"206\">Instala\u00e7\u00e3o<\/td>\n<td width=\"236\">-20\u2103 ~ +60\u2103<\/td>\n<\/tr>\n<tr>\n<td width=\"206\">Armazenamento\/transporte<\/td>\n<td width=\"236\">-40\u00b0C ~ +70\u00b0C<\/td>\n<\/tr>\n<\/tbody>\n<\/table>\n<p>&nbsp;<\/p>\n<p><strong><b>Par\u00e2metros t\u00e9cnicos de fibra \u00f3ptica-SMF<\/b><\/strong><\/p>\n<table>\n<tbody>\n<tr>\n<td colspan=\"2\" rowspan=\"2\" width=\"313\"><strong>Item<\/strong><\/td>\n<td rowspan=\"2\" width=\"85\"><strong>Unidade<\/strong><\/td>\n<td width=\"264\"><strong>Especifica\u00e7\u00e3o<\/strong><\/td>\n<\/tr>\n<tr>\n<td width=\"264\">G. 652D<\/td>\n<\/tr>\n<tr>\n<td rowspan=\"2\" width=\"199\">Di\u00e2metro do campo de modo<\/td>\n<td width=\"113\">1310 nm<\/td>\n<td width=\"85\">nm<\/td>\n<td width=\"264\">Di\u00e2metro do campo de modo<\/td>\n<\/tr>\n<tr>\n<td width=\"113\">1550 nm<\/td>\n<td width=\"85\">nm<\/td>\n<td width=\"264\">10,4 \u00b1 0,5<\/td>\n<\/tr>\n<tr>\n<td colspan=\"2\" width=\"313\">Di\u00e2metro do revestimento<\/td>\n<td width=\"85\">nm<\/td>\n<td width=\"264\">125,0 \u00b1 0,7<\/td>\n<\/tr>\n<tr>\n<td colspan=\"2\" width=\"313\">N\u00e3o circularidade do revestimento<\/td>\n<td width=\"85\">%<\/td>\n<td width=\"264\">\u22641,0<\/td>\n<\/tr>\n<tr>\n<td colspan=\"2\" width=\"313\">Erro de concentricidade central<\/td>\n<td width=\"85\">nm<\/td>\n<td width=\"264\">\u22640,6<\/td>\n<\/tr>\n<tr>\n<td colspan=\"2\" width=\"313\">Di\u00e2metro do revestimento<\/td>\n<td width=\"85\">nm<\/td>\n<td width=\"264\">242 \u00b1 7<\/td>\n<\/tr>\n<tr>\n<td colspan=\"2\" width=\"313\">Erro de concentricidade de revestimento\/revestimento<\/td>\n<td width=\"85\">nm<\/td>\n<td width=\"264\">\u226412<\/td>\n<\/tr>\n<tr>\n<td colspan=\"2\" width=\"313\">Comprimento de onda de corte do cabo \u03bbcc<\/td>\n<td width=\"85\">nm<\/td>\n<td width=\"264\">\u2264 1260<\/td>\n<\/tr>\n<tr>\n<td rowspan=\"2\" width=\"199\">Atenua\u00e7\u00e3o<\/td>\n<td width=\"113\">1310 nm<\/td>\n<td width=\"85\">dB\/km<\/td>\n<td width=\"264\">Atenua\u00e7\u00e3o<\/td>\n<\/tr>\n<tr>\n<td width=\"113\">1550 nm<\/td>\n<td width=\"85\">dB\/km<\/td>\n<td width=\"264\">\u00a30.21<\/td>\n<\/tr>\n<\/tbody>\n<\/table>","protected":false},"excerpt":{"rendered":"<p>No cabo GYFXTY da OMC, as fibras monomodo\/multimodo s\u00e3o posicionadas no tubo solto, que \u00e9 feito de materiais PBT e preenchido com composto de enchimento. O tubo solto \u00e9 coberto com materiais PE para garantir a compacta\u00e7\u00e3o e o desempenho longitudinal de bloqueio de \u00e1gua. Dois fios FRP paralelos s\u00e3o colocados em ambos os lados do n\u00facleo do cabo enquanto um PE [...]<\/p>","protected":false},"featured_media":11001,"comment_status":"closed","ping_status":"closed","template":"","meta":{"site-sidebar-layout":"default","site-content-layout":"","ast-site-content-layout":"default","site-content-style":"default","site-sidebar-style":"default","ast-global-header-display":"","ast-banner-title-visibility":"","ast-main-header-display":"","ast-hfb-above-header-display":"","ast-hfb-below-header-display":"","ast-hfb-mobile-header-display":"","site-post-title":"","ast-breadcrumbs-content":"","ast-featured-img":"","footer-sml-layout":"","theme-transparent-header-meta":"default","adv-header-id-meta":"","stick-header-meta":"default","header-above-stick-meta":"","header-main-stick-meta":"","header-below-stick-meta":"","astra-migrate-meta-layouts":"set","ast-page-background-enabled":"default","ast-page-background-meta":{"desktop":{"background-color":"var(--ast-global-color-4)","background-image":"","background-repeat":"repeat","background-position":"center center","background-size":"auto","background-attachment":"scroll","background-type":"","background-media":"","overlay-type":"","overlay-color":"","overlay-gradient":""},"tablet":{"background-color":"","background-image":"","background-repeat":"repeat","background-position":"center center","background-size":"auto","background-attachment":"scroll","background-type":"","background-media":"","overlay-type":"","overlay-color":"","overlay-gradient":""},"mobile":{"background-color":"","background-image":"","background-repeat":"repeat","background-position":"center center","background-size":"auto","background-attachment":"scroll","background-type":"","background-media":"","overlay-type":"","overlay-color":"","overlay-gradient":""}},"ast-content-background-meta":{"desktop":{"background-color":"var(--ast-global-color-5)","background-image":"","background-repeat":"repeat","background-position":"center center","background-size":"auto","background-attachment":"scroll","background-type":"","background-media":"","overlay-type":"","overlay-color":"","overlay-gradient":""},"tablet":{"background-color":"var(--ast-global-color-5)","background-image":"","background-repeat":"repeat","background-position":"center center","background-size":"auto","background-attachment":"scroll","background-type":"","background-media":"","overlay-type":"","overlay-color":"","overlay-gradient":""},"mobile":{"background-color":"var(--ast-global-color-5)","background-image":"","background-repeat":"repeat","background-position":"center center","background-size":"auto","background-attachment":"scroll","background-type":"","background-media":"","overlay-type":"","overlay-color":"","overlay-gradient":""}}},"product_cat":[140,124],"product_tag":[],"class_list":{"0":"post-10999","1":"product","2":"type-product","3":"status-publish","4":"has-post-thumbnail","6":"product_cat-no-armored-cable","7":"product_cat-outdoor-cable","8":"desktop-align-left","9":"tablet-align-left","10":"mobile-align-left","11":"ast-product-gallery-layout-horizontal-slider","12":"ast-product-tabs-layout-horizontal","14":"first","15":"instock","16":"shipping-taxable","17":"product-type-simple"},"acf":[],"_links":{"self":[{"href":"https:\/\/www.omccable.com\/pt\/wp-json\/wp\/v2\/product\/10999","targetHints":{"allow":["GET"]}}],"collection":[{"href":"https:\/\/www.omccable.com\/pt\/wp-json\/wp\/v2\/product"}],"about":[{"href":"https:\/\/www.omccable.com\/pt\/wp-json\/wp\/v2\/types\/product"}],"replies":[{"embeddable":true,"href":"https:\/\/www.omccable.com\/pt\/wp-json\/wp\/v2\/comments?post=10999"}],"version-history":[{"count":1,"href":"https:\/\/www.omccable.com\/pt\/wp-json\/wp\/v2\/product\/10999\/revisions"}],"predecessor-version":[{"id":11002,"href":"https:\/\/www.omccable.com\/pt\/wp-json\/wp\/v2\/product\/10999\/revisions\/11002"}],"wp:featuredmedia":[{"embeddable":true,"href":"https:\/\/www.omccable.com\/pt\/wp-json\/wp\/v2\/media\/11001"}],"wp:attachment":[{"href":"https:\/\/www.omccable.com\/pt\/wp-json\/wp\/v2\/media?parent=10999"}],"wp:term":[{"taxonomy":"product_cat","embeddable":true,"href":"https:\/\/www.omccable.com\/pt\/wp-json\/wp\/v2\/product_cat?post=10999"},{"taxonomy":"product_tag","embeddable":true,"href":"https:\/\/www.omccable.com\/pt\/wp-json\/wp\/v2\/product_tag?post=10999"}],"curies":[{"name":"wp","href":"https:\/\/api.w.org\/{rel}","templated":true}]}}