{"id":10974,"date":"2024-06-04T10:35:47","date_gmt":"2024-06-04T02:35:47","guid":{"rendered":"https:\/\/www.omccable.com\/?post_type=product&#038;p=10974"},"modified":"2024-06-04T10:35:48","modified_gmt":"2024-06-04T02:35:48","slug":"2-12f-asu-cable","status":"publish","type":"product","link":"https:\/\/www.omccable.com\/pt\/produto\/2-12f-asu-cable\/","title":{"rendered":"Cabo ASU 2-12F"},"content":{"rendered":"<table style=\"font-size: 16px; font-style: normal;\">\n<tbody>\n<tr>\n<td width=\"133\"><strong>Item<\/strong><\/td>\n<td width=\"125\"><strong>Conte\u00fado<\/strong><\/td>\n<td width=\"52\"><strong>Unidade<\/strong><\/td>\n<td colspan=\"2\" width=\"400\"><strong>Valor<\/strong><\/td>\n<\/tr>\n<tr>\n<td width=\"133\">Contagem de fibras<\/td>\n<td width=\"125\">N\u00famero<\/td>\n<td width=\"52\">\/<\/td>\n<td width=\"200\">4-12<\/td>\n<td width=\"200\">4-12<\/td>\n<\/tr>\n<tr>\n<td width=\"133\">Tubo solto<\/td>\n<td width=\"125\">Di\u00e2metro nominal<\/td>\n<td width=\"52\">mil\u00edmetros<\/td>\n<td width=\"200\">2.0<\/td>\n<td width=\"200\">2.0<\/td>\n<\/tr>\n<tr>\n<td rowspan=\"2\" width=\"133\">For\u00e7a central<\/p>\n<p>membro<\/td>\n<td width=\"125\">Materiais<\/td>\n<td width=\"52\">\/<\/td>\n<td colspan=\"2\" width=\"400\">PRF<\/td>\n<\/tr>\n<tr>\n<td width=\"125\">Di\u00e2metro nominal<\/td>\n<td width=\"52\">mil\u00edmetros<\/td>\n<td width=\"200\">2.0<\/td>\n<td width=\"200\">2.4<\/td>\n<\/tr>\n<tr>\n<td width=\"133\">Di\u00e2metro do cabo<\/td>\n<td width=\"125\">\u00b10,3 mm<\/td>\n<td width=\"52\">mil\u00edmetros<\/td>\n<td width=\"200\">6.5<\/td>\n<td width=\"200\">7.5<\/td>\n<\/tr>\n<tr>\n<td width=\"133\">Peso do cabo<\/td>\n<td width=\"125\">\u00b110%<\/td>\n<td width=\"52\">kg\/km<\/td>\n<td width=\"200\">41<\/td>\n<td width=\"200\">55<\/td>\n<\/tr>\n<tr>\n<td width=\"133\">M\u00e1x. carga de tra\u00e7\u00e3o<\/td>\n<td width=\"125\">Curto prazo<\/td>\n<td width=\"52\">N<\/td>\n<td width=\"200\">1800\uff08Tens\u00e3o da fibra\u22640,6\uff05\uff09<\/td>\n<td width=\"200\">2500\uff08Tens\u00e3o de fibra\u22640,6\uff05\uff09<\/td>\n<\/tr>\n<\/tbody>\n<\/table>\n<p>&nbsp;<\/p>\n<p><strong><b>Cor padr\u00e3o da fibra e do tubo<\/b><\/strong><\/p>\n<p>O c\u00f3digo de cores dos tubos e das fibras individuais deve estar de acordo com a tabela abaixo:<\/p>\n<table>\n<tbody>\n<tr>\n<td width=\"183\">N\u00e3o.<\/td>\n<td width=\"82\">1<\/td>\n<td width=\"82\">2<\/td>\n<td width=\"82\">3<\/td>\n<td width=\"82\">4<\/td>\n<td width=\"82\">5<\/td>\n<td width=\"80\">6<\/td>\n<\/tr>\n<tr>\n<td width=\"183\">Cor<\/td>\n<td width=\"82\">Azul<\/td>\n<td width=\"82\">Laranja<\/td>\n<td width=\"82\">Verde<\/td>\n<td width=\"82\">Marrom<\/td>\n<td width=\"82\">Ard\u00f3sia<\/td>\n<td width=\"80\">Branco<\/td>\n<\/tr>\n<tr>\n<td width=\"183\">N\u00e3o.<\/td>\n<td width=\"82\">7<\/td>\n<td width=\"82\">8<\/td>\n<td width=\"82\">9<\/td>\n<td width=\"82\">10<\/td>\n<td width=\"82\">11<\/td>\n<td width=\"80\">12<\/td>\n<\/tr>\n<tr>\n<td width=\"183\">Cor<\/td>\n<td width=\"82\">Vermelho<\/td>\n<td width=\"82\">Preto<\/td>\n<td width=\"82\">Amarelo<\/td>\n<td width=\"82\">Violeta<\/td>\n<td width=\"82\">Rosa<\/td>\n<td width=\"80\">\u00c1gua<\/td>\n<\/tr>\n<\/tbody>\n<\/table>\n<p>&nbsp;<\/p>\n<p><strong><b>Desempenho Mec\u00e2nico e Ambiental<\/b><\/strong><\/p>\n<table>\n<tbody>\n<tr>\n<td width=\"221\"><strong>Item<\/strong><\/td>\n<td width=\"270\"><strong>Conte\u00fado<\/strong><\/td>\n<td width=\"221\"><strong>Valor<\/strong><\/td>\n<\/tr>\n<tr>\n<td rowspan=\"3\" width=\"221\"><strong>\u00a0<\/strong><\/p>\n<p>Faixa de temperatura<\/td>\n<td width=\"270\">Opera\u00e7\u00e3o<\/td>\n<td width=\"221\">-40\u00b0C ~ +70\u00b0C<\/td>\n<\/tr>\n<tr>\n<td width=\"270\">Instala\u00e7\u00e3o<\/td>\n<td width=\"221\">-20\u2103 ~ +60\u2103<\/td>\n<\/tr>\n<tr>\n<td width=\"270\">Armazenamento\/transporte<\/td>\n<td width=\"221\">-40\u00b0C ~ +70\u00b0C<\/td>\n<\/tr>\n<tr>\n<td rowspan=\"2\" width=\"221\"><strong>\u00a0<\/strong><\/p>\n<p>Min. raio de curvatura<\/td>\n<td width=\"270\">Instala\u00e7\u00e3o<\/td>\n<td width=\"221\">25 x di\u00e2metro do cabo<\/td>\n<\/tr>\n<tr>\n<td width=\"270\">Opera\u00e7\u00e3o<\/td>\n<td width=\"221\">12,5 x di\u00e2metro do cabo<\/td>\n<\/tr>\n<\/tbody>\n<\/table>\n<p><strong><b>\u00a0<\/b><\/strong><\/p>\n<p><strong><b>Par\u00e2metros t\u00e9cnicos de fibra \u00f3ptica-SMF<\/b><\/strong><\/p>\n<table>\n<tbody>\n<tr>\n<td colspan=\"2\" rowspan=\"2\" width=\"457\"><strong>Item<\/strong><\/td>\n<td rowspan=\"2\" width=\"84\"><strong>Unidade<\/strong><\/td>\n<td width=\"169\"><strong>Especifica\u00e7\u00e3o<\/strong><\/td>\n<\/tr>\n<tr>\n<td width=\"169\">G. 652D<\/td>\n<\/tr>\n<tr>\n<td rowspan=\"2\" width=\"324\">Di\u00e2metro do campo de modo<\/td>\n<td width=\"132\">1310 nm<\/td>\n<td width=\"84\">mil\u00edmetros<\/td>\n<td width=\"169\">9,2 \u00b1 0,4<\/td>\n<\/tr>\n<tr>\n<td width=\"132\">1550 nm<\/td>\n<td width=\"84\">mil\u00edmetros<\/td>\n<td width=\"169\">10,4 \u00b1 0,5<\/td>\n<\/tr>\n<tr>\n<td colspan=\"2\" width=\"457\">Di\u00e2metro do revestimento<\/td>\n<td width=\"84\">mil\u00edmetros<\/td>\n<td width=\"169\">125,0 \u00b1 0,7<\/td>\n<\/tr>\n<tr>\n<td colspan=\"2\" width=\"457\">N\u00e3o circularidade do revestimento<\/td>\n<td width=\"84\">%<\/td>\n<td width=\"169\">\u00a31.0<\/td>\n<\/tr>\n<tr>\n<td colspan=\"2\" width=\"457\">Erro de concentricidade central<\/td>\n<td width=\"84\">mil\u00edmetros<\/td>\n<td width=\"169\">\u00a30.6<\/td>\n<\/tr>\n<tr>\n<td colspan=\"2\" width=\"457\">Di\u00e2metro do revestimento<\/td>\n<td width=\"84\">mil\u00edmetros<\/td>\n<td width=\"169\">242 \u00b1 7<\/td>\n<\/tr>\n<tr>\n<td colspan=\"2\" width=\"457\">Erro de concentricidade de revestimento\/revestimento<\/td>\n<td width=\"84\">mil\u00edmetros<\/td>\n<td width=\"169\">\u00a312<\/td>\n<\/tr>\n<tr>\n<td colspan=\"2\" width=\"457\">Comprimento de onda de corte do cabo \u03bbcc<\/td>\n<td width=\"84\">nm<\/td>\n<td width=\"169\">\u00a3\u00a01260<\/td>\n<\/tr>\n<tr>\n<td rowspan=\"2\" width=\"324\">Atenua\u00e7\u00e3o<\/td>\n<td width=\"132\">1310 nm<\/td>\n<td width=\"84\">dB\/km<\/td>\n<td width=\"169\">\u00a30.35<\/td>\n<\/tr>\n<tr>\n<td width=\"132\">1550 nm<\/td>\n<td width=\"84\">dB\/km<\/td>\n<td width=\"169\">\u00a30.21<\/td>\n<\/tr>\n<\/tbody>\n<\/table>","protected":false},"excerpt":{"rendered":"<p>Item Conte\u00fado Unidade Valor Contagem de fibras N\u00famero \/ 4-12 4-12 Di\u00e2metro nominal do tubo solto mm 2,0 2,0 Membro de resist\u00eancia central Material \/ FRP Di\u00e2metro nominal mm 2,0 2,4 Di\u00e2metro do cabo \u00b10,3 mm mm 6,5 7,5 Peso do cabo \u00b110% kg\/km 41 55 M\u00e1x. carga de tra\u00e7\u00e3o Curto prazo N 1800 \uff08Deforma\u00e7\u00e3o da fibra\u22640,6\uff05\uff09 2500\uff08Deforma\u00e7\u00e3o da fibra\u22640,6\uff05\uff09   Cor padr\u00e3o da fibra e do tubo O c\u00f3digo de cores dos tubos e das fibras individuais, [\u2026]<\/p>","protected":false},"featured_media":10977,"comment_status":"closed","ping_status":"closed","template":"","meta":{"site-sidebar-layout":"default","site-content-layout":"","ast-site-content-layout":"default","site-content-style":"default","site-sidebar-style":"default","ast-global-header-display":"","ast-banner-title-visibility":"","ast-main-header-display":"","ast-hfb-above-header-display":"","ast-hfb-below-header-display":"","ast-hfb-mobile-header-display":"","site-post-title":"","ast-breadcrumbs-content":"","ast-featured-img":"","footer-sml-layout":"","theme-transparent-header-meta":"default","adv-header-id-meta":"","stick-header-meta":"default","header-above-stick-meta":"","header-main-stick-meta":"","header-below-stick-meta":"","astra-migrate-meta-layouts":"set","ast-page-background-enabled":"default","ast-page-background-meta":{"desktop":{"background-color":"var(--ast-global-color-4)","background-image":"","background-repeat":"repeat","background-position":"center center","background-size":"auto","background-attachment":"scroll","background-type":"","background-media":"","overlay-type":"","overlay-color":"","overlay-gradient":""},"tablet":{"background-color":"","background-image":"","background-repeat":"repeat","background-position":"center center","background-size":"auto","background-attachment":"scroll","background-type":"","background-media":"","overlay-type":"","overlay-color":"","overlay-gradient":""},"mobile":{"background-color":"","background-image":"","background-repeat":"repeat","background-position":"center center","background-size":"auto","background-attachment":"scroll","background-type":"","background-media":"","overlay-type":"","overlay-color":"","overlay-gradient":""}},"ast-content-background-meta":{"desktop":{"background-color":"var(--ast-global-color-5)","background-image":"","background-repeat":"repeat","background-position":"center center","background-size":"auto","background-attachment":"scroll","background-type":"","background-media":"","overlay-type":"","overlay-color":"","overlay-gradient":""},"tablet":{"background-color":"var(--ast-global-color-5)","background-image":"","background-repeat":"repeat","background-position":"center center","background-size":"auto","background-attachment":"scroll","background-type":"","background-media":"","overlay-type":"","overlay-color":"","overlay-gradient":""},"mobile":{"background-color":"var(--ast-global-color-5)","background-image":"","background-repeat":"repeat","background-position":"center center","background-size":"auto","background-attachment":"scroll","background-type":"","background-media":"","overlay-type":"","overlay-color":"","overlay-gradient":""}}},"product_cat":[125,143],"product_tag":[],"class_list":{"0":"post-10974","1":"product","2":"type-product","3":"status-publish","4":"has-post-thumbnail","6":"product_cat-adss-cable","7":"product_cat-asu-cable","8":"desktop-align-left","9":"tablet-align-left","10":"mobile-align-left","11":"ast-product-gallery-layout-horizontal-slider","12":"ast-product-tabs-layout-horizontal","14":"first","15":"instock","16":"shipping-taxable","17":"product-type-simple"},"acf":[],"_links":{"self":[{"href":"https:\/\/www.omccable.com\/pt\/wp-json\/wp\/v2\/product\/10974","targetHints":{"allow":["GET"]}}],"collection":[{"href":"https:\/\/www.omccable.com\/pt\/wp-json\/wp\/v2\/product"}],"about":[{"href":"https:\/\/www.omccable.com\/pt\/wp-json\/wp\/v2\/types\/product"}],"replies":[{"embeddable":true,"href":"https:\/\/www.omccable.com\/pt\/wp-json\/wp\/v2\/comments?post=10974"}],"version-history":[{"count":1,"href":"https:\/\/www.omccable.com\/pt\/wp-json\/wp\/v2\/product\/10974\/revisions"}],"predecessor-version":[{"id":10978,"href":"https:\/\/www.omccable.com\/pt\/wp-json\/wp\/v2\/product\/10974\/revisions\/10978"}],"wp:featuredmedia":[{"embeddable":true,"href":"https:\/\/www.omccable.com\/pt\/wp-json\/wp\/v2\/media\/10977"}],"wp:attachment":[{"href":"https:\/\/www.omccable.com\/pt\/wp-json\/wp\/v2\/media?parent=10974"}],"wp:term":[{"taxonomy":"product_cat","embeddable":true,"href":"https:\/\/www.omccable.com\/pt\/wp-json\/wp\/v2\/product_cat?post=10974"},{"taxonomy":"product_tag","embeddable":true,"href":"https:\/\/www.omccable.com\/pt\/wp-json\/wp\/v2\/product_tag?post=10974"}],"curies":[{"name":"wp","href":"https:\/\/api.w.org\/{rel}","templated":true}]}}