{"id":10957,"date":"2024-06-04T10:06:20","date_gmt":"2024-06-04T02:06:20","guid":{"rendered":"https:\/\/www.omccable.com\/?post_type=product&#038;p=10957"},"modified":"2025-08-30T11:34:08","modified_gmt":"2025-08-30T03:34:08","slug":"5500n-4-432cores-adss-cable-double-sheath","status":"publish","type":"product","link":"https:\/\/www.omccable.com\/pt\/produto\/5500n-4-432cores-adss-cable-double-sheath\/","title":{"rendered":"Cabo ADSS 5500N 4-432 n\u00facleos - bainha dupla"},"content":{"rendered":"<p>O cabo autoportante totalmente diel\u00e9trico (cabo ADSS) \u00e9 um tipo de cabo de fibra \u00f3ptica projetado especificamente para instala\u00e7\u00e3o a\u00e9rea em postes de energia e torres de transmiss\u00e3o. Ao contr\u00e1rio dos cabos \u00f3pticos convencionais que podem contar com elementos met\u00e1licos para resist\u00eancia ou prote\u00e7\u00e3o, o ADSS n\u00e3o cont\u00e9m nenhum componente met\u00e1lico. Isso o torna leve, n\u00e3o condutor e resistente a interfer\u00eancias eletromagn\u00e9ticas. O seu design diel\u00e9trico permite que seja instalado diretamente ao lado de linhas el\u00e9tricas de alta tens\u00e3o sem o risco de riscos el\u00e9tricos, raz\u00e3o pela qual se tornou a escolha preferida para concession\u00e1rias de energia el\u00e9trica e operadoras de telecomunica\u00e7\u00f5es em todo o mundo.<\/p>\n<p>Como um fornecedor confi\u00e1vel de cabos de fibra \u00f3ptica, a OMC pode oferecer cabos ADSS de 4 a 432 n\u00facleos com diferentes comprimentos de v\u00e3o de 50m a 1000m.<\/p>\n<p>&nbsp;<\/p>\n<p><strong><b>Caracter\u00edsticas e vantagens<\/b><\/strong><\/p>\n<p>Estrutura n\u00e3o met\u00e1lica, bom isolamento, prote\u00e7\u00e3o contra raios<\/p>\n<p>O fio de aramida possui excelente tecnologia de produ\u00e7\u00e3o, for\u00e7a uniforme, excelente desempenho tens\u00e3o-deforma\u00e7\u00e3o, excelente resist\u00eancia a tiros e melhor desempenho anticorrosivo el\u00e9trico<\/p>\n<p>Sem constru\u00e7\u00e3o de blackout, falha na linha de energia n\u00e3o afeta a transmiss\u00e3o normal do cabo \u00f3ptico<\/p>\n<p>Formato suave, para que o cabo tenha desempenho aerodin\u00e2mico superior<\/p>\n<p>&nbsp;<\/p>\n<p><strong><b>Estrutura do cabo<\/b><\/strong><\/p>\n<table>\n<tbody>\n<tr>\n<td width=\"110\"><strong>Item<\/strong><\/td>\n<td colspan=\"2\" width=\"120\"><strong>Conte\u00fado<\/strong><\/td>\n<td width=\"62\"><strong>Unidade<\/strong><\/td>\n<td colspan=\"10\" width=\"418\"><strong>Valor<\/strong><\/td>\n<\/tr>\n<tr>\n<td width=\"110\">Contagem de fibras<\/td>\n<td colspan=\"2\" width=\"120\">N\u00famero<\/td>\n<td width=\"62\">\/<\/td>\n<td width=\"62\">4-8<\/td>\n<td colspan=\"2\" width=\"70\">12-72<\/td>\n<td width=\"72\">96<\/td>\n<td colspan=\"3\" width=\"70\">144<\/td>\n<td colspan=\"2\" width=\"70\">288<\/td>\n<td width=\"72\">432<\/td>\n<\/tr>\n<tr>\n<td width=\"110\">Tipo de fibra<\/td>\n<td colspan=\"2\" width=\"120\">\/<\/td>\n<td width=\"62\">\/<\/td>\n<td colspan=\"10\" width=\"418\">G652D<\/td>\n<\/tr>\n<tr>\n<td width=\"110\">Estrutura do cabo<\/td>\n<td colspan=\"2\" width=\"120\">\/<\/td>\n<td width=\"62\">\/<\/td>\n<td width=\"62\">1+6<\/td>\n<td colspan=\"2\" width=\"70\">1+6<\/td>\n<td width=\"72\">1+8<\/td>\n<td colspan=\"3\" width=\"70\">1+12<\/td>\n<td colspan=\"2\" width=\"70\">1+9+15<\/td>\n<td width=\"72\">1+6+12<\/td>\n<\/tr>\n<tr>\n<td width=\"110\">Fibras por tubo<\/td>\n<td colspan=\"2\" width=\"120\">Contar<\/td>\n<td width=\"62\">\/<\/td>\n<td width=\"62\">4-8<\/td>\n<td colspan=\"2\" width=\"70\">12<\/td>\n<td width=\"72\">12<\/td>\n<td colspan=\"3\" width=\"70\">12<\/td>\n<td colspan=\"2\" width=\"70\">12<\/td>\n<td width=\"72\">24<\/td>\n<\/tr>\n<tr>\n<td width=\"110\">Cor das fibras<\/td>\n<td colspan=\"2\" width=\"120\">\/<\/td>\n<td width=\"62\">\/<\/td>\n<td colspan=\"10\" width=\"418\">Azul, Laranja, Verde, Marrom, Cinza, Branco, Vermelho, Preto, Amarelo, Violeta, Rosa, Aqua, Azul *, Laranja *, Verde *, Marrom *, Cinza *, Branco *,<\/p>\n<p>Vermelho*\u3001Natural*\u3001Amarelo*\u3001Violeta*\u3001Rosa*\u3001Aqua*\uff0c\uff08*: Marca\u00e7\u00e3o de pontos pretos\uff09<\/td>\n<\/tr>\n<tr>\n<td width=\"110\">Preenchimento<\/td>\n<td colspan=\"2\" width=\"120\">Materiais<\/td>\n<td width=\"62\">\/<\/td>\n<td colspan=\"10\" width=\"418\">PP<\/td>\n<\/tr>\n<tr>\n<td rowspan=\"3\" width=\"110\"><strong>\u00a0<\/strong><\/p>\n<p><strong>\u00a0<\/strong><\/p>\n<p><strong>\u00a0<\/strong><\/p>\n<p><strong>\u00a0<\/strong><\/p>\n<p><strong>\u00a0<\/strong><\/p>\n<p>Tubo solto<\/td>\n<td colspan=\"2\" width=\"120\">Materiais<\/td>\n<td width=\"62\">\/<\/td>\n<td colspan=\"10\" width=\"418\">PBT<\/td>\n<\/tr>\n<tr>\n<td colspan=\"2\" width=\"120\">Di\u00e2metro nominal<\/td>\n<td width=\"62\">mil\u00edmetros<\/td>\n<td colspan=\"9\" width=\"346\">2.2<\/td>\n<td width=\"72\">2.8<\/td>\n<\/tr>\n<tr>\n<td colspan=\"2\" width=\"120\">cor<\/td>\n<td width=\"62\">\/<\/td>\n<td colspan=\"10\" width=\"418\">4-144F:Azul,Laranja,Verde,Marrom,Cinza,Branco,Vermelho,Preto,Amarelo,Violeta,Rosa,Aqua<\/p>\n<p>288F: Azul, Laranja, Verde, Marrom, Cinza, Branco, Vermelho, Preto, Amarelo, Violeta, Rosa, Aqua, Azul *, Laranja *, Verde *, Marrom *, Cinza *, Branco *, Vermelho *, Natureza *, Amarelo *, Violeta *, Rosa *, Aqua * (*: Listra (cor: preto))<\/p>\n<p>432F: Azul, Laranja, Verde, Marrom, Cinza, Branco, Vermelho, Preto, Amarelo, Violeta, Rosa, Aqua, Azul *, Laranja *, Verde *, Marrom *,<\/p>\n<p>Cinza*\u3001Branco*\uff08* : Listra (cor : preto)\uff09<\/td>\n<\/tr>\n<tr>\n<td rowspan=\"3\" width=\"110\">Membro de for\u00e7a central<\/td>\n<td colspan=\"2\" width=\"120\">Materiais<\/td>\n<td width=\"62\">\/<\/td>\n<td colspan=\"10\" width=\"418\">Camada de almofada de FRP e PE (quando necess\u00e1rio)<\/td>\n<\/tr>\n<tr>\n<td colspan=\"2\" width=\"120\">Di\u00e2metro nominal<\/td>\n<td width=\"62\">mil\u00edmetros<\/td>\n<td width=\"62\">2.4<\/td>\n<td colspan=\"2\" width=\"70\">2.4<\/td>\n<td width=\"72\">3.0<\/td>\n<td colspan=\"3\" width=\"70\">3.0<\/td>\n<td colspan=\"2\" width=\"70\">3.0<\/td>\n<td width=\"72\">2.8<\/td>\n<\/tr>\n<tr>\n<td colspan=\"2\" width=\"120\">Camada de almofada de PE<\/td>\n<td width=\"62\">mil\u00edmetros<\/td>\n<td width=\"62\">\u2013<\/td>\n<td colspan=\"2\" width=\"70\">\u2013<\/td>\n<td width=\"72\">3,8\u00b10,2<\/td>\n<td colspan=\"3\" width=\"70\">6,7\u00b10,2<\/td>\n<td colspan=\"2\" width=\"70\">4,2\u00b10,2<\/td>\n<td width=\"72\">\u2013<\/td>\n<\/tr>\n<tr>\n<td width=\"110\">Bloqueio de \u00e1gua<\/td>\n<td colspan=\"3\" width=\"182\">Materiais<\/td>\n<td colspan=\"10\" width=\"418\">Fita de bloqueio de \u00e1gua<\/td>\n<\/tr>\n<tr>\n<td width=\"110\">For\u00e7a perif\u00e9rica<\/p>\n<p>membro<\/td>\n<td colspan=\"3\" width=\"182\">Materiais<\/td>\n<td colspan=\"10\" width=\"418\">Fio de aramida<\/td>\n<\/tr>\n<tr>\n<td width=\"110\">Cord\u00e3o de abertura<\/td>\n<td colspan=\"3\" width=\"182\">N\u00famero<\/td>\n<td colspan=\"10\" width=\"418\">3<\/td>\n<\/tr>\n<tr>\n<td rowspan=\"2\" width=\"110\">Bainha interna<\/td>\n<td colspan=\"3\" width=\"182\">Materiais<\/td>\n<td colspan=\"10\" width=\"418\">PEAD<\/td>\n<\/tr>\n<tr>\n<td colspan=\"3\" width=\"182\">Cor<\/td>\n<td colspan=\"10\" width=\"418\">Preto<\/td>\n<\/tr>\n<tr>\n<td rowspan=\"3\" width=\"110\">Bainha externa<\/td>\n<td colspan=\"3\" width=\"182\">Materiais<\/td>\n<td colspan=\"10\" width=\"418\">PEAD<\/td>\n<\/tr>\n<tr>\n<td colspan=\"3\" width=\"182\">Cor<\/td>\n<td colspan=\"10\" width=\"418\">Preto<\/td>\n<\/tr>\n<tr>\n<td colspan=\"3\" width=\"182\">Espessura(mm)<\/td>\n<td colspan=\"10\" width=\"418\">Nome:2,0<\/td>\n<\/tr>\n<tr>\n<td rowspan=\"2\" width=\"110\">Atenua\u00e7\u00e3o<\/p>\n<p>(depois do cabo)<\/td>\n<td width=\"91\">1310 nm<\/td>\n<td colspan=\"2\" width=\"91\">dB\/km<\/td>\n<td colspan=\"10\" width=\"418\">\u00a30.36<\/td>\n<\/tr>\n<tr>\n<td width=\"91\">1550 nm<\/td>\n<td colspan=\"2\" width=\"91\">dB\/km<\/td>\n<td colspan=\"10\" width=\"418\">\u00a30.22<\/td>\n<\/tr>\n<tr>\n<td width=\"110\">Di\u00e2metro do cabo<\/td>\n<td width=\"91\">\u00b15%<\/td>\n<td colspan=\"2\" width=\"91\">mil\u00edmetros<\/td>\n<td colspan=\"2\" width=\"66\">13.0<\/td>\n<td width=\"66\">13.1<\/td>\n<td colspan=\"2\" width=\"76\">14.5<\/td>\n<td width=\"65\">17.5<\/td>\n<td colspan=\"2\" width=\"66\">20.3<\/td>\n<td colspan=\"2\" width=\"77\">20.9<\/td>\n<\/tr>\n<tr>\n<td width=\"110\">Peso do cabo<\/td>\n<td width=\"91\">\u00b110%<\/td>\n<td colspan=\"2\" width=\"91\">kg\/km<\/td>\n<td colspan=\"2\" width=\"66\">130<\/td>\n<td width=\"66\">135<\/td>\n<td colspan=\"2\" width=\"76\">167<\/td>\n<td width=\"65\">238<\/td>\n<td colspan=\"2\" width=\"66\">314<\/td>\n<td colspan=\"2\" width=\"77\">329<\/td>\n<\/tr>\n<tr>\n<td width=\"110\">Sag<\/td>\n<td width=\"91\">\/<\/td>\n<td colspan=\"2\" width=\"91\">%<\/td>\n<td colspan=\"10\" width=\"418\">1<\/td>\n<\/tr>\n<tr>\n<td width=\"110\">espessura da cobertura<\/td>\n<td width=\"91\">\/<\/td>\n<td colspan=\"2\" width=\"91\">mil\u00edmetros<\/td>\n<td colspan=\"10\" width=\"418\">5mm<\/td>\n<\/tr>\n<tr>\n<td width=\"110\">velocidade do vento<\/td>\n<td width=\"91\">\/<\/td>\n<td colspan=\"2\" width=\"91\">m\/s<\/td>\n<td colspan=\"10\" width=\"418\">2,8 m\/s (M\u00e1x 34 m\/s)<\/td>\n<\/tr>\n<\/tbody>\n<\/table>\n<p><strong><b>\u00a0<\/b><\/strong><\/p>\n<p><strong><b>Cor padr\u00e3o da fibra e do tubo<\/b><\/strong><\/p>\n<p>O c\u00f3digo de cores dos tubos e das fibras individuais deve estar de acordo com a tabela abaixo:<\/p>\n<table>\n<tbody>\n<tr>\n<td width=\"193\">N\u00e3o.<\/td>\n<td width=\"86\">1<\/td>\n<td width=\"86\">2<\/td>\n<td width=\"86\">3<\/td>\n<td width=\"86\">4<\/td>\n<td width=\"86\">5<\/td>\n<td width=\"85\">6<\/td>\n<\/tr>\n<tr>\n<td width=\"193\">Cor<\/td>\n<td width=\"86\">Azul<\/td>\n<td width=\"86\">Laranja<\/td>\n<td width=\"86\">Verde<\/td>\n<td width=\"86\">Marrom<\/td>\n<td width=\"86\">Ard\u00f3sia<\/td>\n<td width=\"85\">Branco<\/td>\n<\/tr>\n<tr>\n<td width=\"193\">N\u00e3o.<\/td>\n<td width=\"86\">7<\/td>\n<td width=\"86\">8<\/td>\n<td width=\"86\">9<\/td>\n<td width=\"86\">10<\/td>\n<td width=\"86\">11<\/td>\n<td width=\"85\">12<\/td>\n<\/tr>\n<tr>\n<td width=\"193\">Cor<\/td>\n<td width=\"86\">Vermelho<\/td>\n<td width=\"86\">Preto<\/td>\n<td width=\"86\">Amarelo<\/td>\n<td width=\"86\">Violeta<\/td>\n<td width=\"86\">Rosa<\/td>\n<td width=\"85\">\u00c1gua<\/td>\n<\/tr>\n<\/tbody>\n<\/table>\n<p>&nbsp;<\/p>\n<p><strong><b>Desempenho Mec\u00e2nico e Ambiental<\/b><\/strong><\/p>\n<table>\n<tbody>\n<tr>\n<td width=\"221\"><strong>Item<\/strong><\/td>\n<td width=\"270\"><strong>Conte\u00fado<\/strong><\/td>\n<td width=\"209\"><strong>Valor<\/strong><\/td>\n<\/tr>\n<tr>\n<td width=\"221\">M\u00e1x. carga de tra\u00e7\u00e3o<\/td>\n<td width=\"270\">Curto prazo<\/td>\n<td width=\"209\">5500N\uff08Tens\u00e3o da fibra\u22640,33\uff05\uff09<\/td>\n<\/tr>\n<tr>\n<td width=\"221\">M\u00e1x. resist\u00eancia ao esmagamento<\/td>\n<td width=\"270\">Curto prazo<\/td>\n<td width=\"209\">3000 N\/100mm<\/td>\n<\/tr>\n<tr>\n<td rowspan=\"2\" width=\"221\">Min. raio de curvatura<\/td>\n<td width=\"270\">Instala\u00e7\u00e3o<\/td>\n<td width=\"209\">Di\u00e2metro do cabo 20x<\/td>\n<\/tr>\n<tr>\n<td width=\"270\">Opera\u00e7\u00e3o<\/td>\n<td width=\"209\">10 x di\u00e2metro do cabo<\/td>\n<\/tr>\n<tr>\n<td rowspan=\"3\" width=\"221\">&nbsp;<\/p>\n<p>Faixa de temperatura<\/td>\n<td width=\"270\">Opera\u00e7\u00e3o<\/td>\n<td width=\"209\">-40\u2103 ~ +70\u2103<\/td>\n<\/tr>\n<tr>\n<td width=\"270\">Instala\u00e7\u00e3o<\/td>\n<td width=\"209\">-40\u2103 ~ +55\u2103<\/td>\n<\/tr>\n<tr>\n<td width=\"270\">Armazenamento\/transporte<\/td>\n<td width=\"209\">-40\u2103 ~ +70\u2103<\/td>\n<\/tr>\n<\/tbody>\n<\/table>\n<p>&nbsp;<\/p>\n<p><strong><b>Par\u00e2metros t\u00e9cnicos de fibra \u00f3ptica-SMF<\/b><\/strong><\/p>\n<table>\n<tbody>\n<tr>\n<td colspan=\"2\" rowspan=\"2\" width=\"457\"><strong>Item<\/strong><\/td>\n<td rowspan=\"2\" width=\"84\"><strong>Unidade<\/strong><\/td>\n<td width=\"167\"><strong>Especifica\u00e7\u00e3o<\/strong><\/td>\n<\/tr>\n<tr>\n<td width=\"167\">G. 652D<\/td>\n<\/tr>\n<tr>\n<td rowspan=\"2\" width=\"322\">Di\u00e2metro do campo de modo<\/td>\n<td width=\"135\">1310 nm<\/td>\n<td width=\"84\">mil\u00edmetros<\/td>\n<td width=\"167\">9,2 \u00b1 0,4<\/td>\n<\/tr>\n<tr>\n<td width=\"135\">1550 nm<\/td>\n<td width=\"84\">mil\u00edmetros<\/td>\n<td width=\"167\">10,4 \u00b1 0,5<\/td>\n<\/tr>\n<tr>\n<td colspan=\"2\" width=\"457\">Di\u00e2metro do revestimento<\/td>\n<td width=\"84\">mil\u00edmetros<\/td>\n<td width=\"167\">125,0 \u00b1 0,7<\/td>\n<\/tr>\n<tr>\n<td colspan=\"2\" width=\"457\">N\u00e3o circularidade do revestimento<\/td>\n<td width=\"84\">%<\/td>\n<td width=\"167\">\u00a31.0<\/td>\n<\/tr>\n<tr>\n<td colspan=\"2\" width=\"457\">Erro de concentricidade central<\/td>\n<td width=\"84\">mil\u00edmetros<\/td>\n<td width=\"167\">\u00a30.6<\/td>\n<\/tr>\n<tr>\n<td colspan=\"2\" width=\"457\">Di\u00e2metro do revestimento<\/td>\n<td width=\"84\">mil\u00edmetros<\/td>\n<td width=\"167\">242 \u00b1 7<\/td>\n<\/tr>\n<tr>\n<td colspan=\"2\" width=\"457\">Erro de concentricidade de revestimento\/revestimento<\/td>\n<td width=\"84\">mil\u00edmetros<\/td>\n<td width=\"167\">\u00a312<\/td>\n<\/tr>\n<tr>\n<td colspan=\"2\" width=\"457\">Comprimento de onda de corte do cabo \u03bbcc<\/td>\n<td width=\"84\">nm<\/td>\n<td width=\"167\">\u00a3\u00a01260<\/td>\n<\/tr>\n<tr>\n<td rowspan=\"2\" width=\"322\">Atenua\u00e7\u00e3o<\/td>\n<td width=\"135\">1310 nm<\/td>\n<td width=\"84\">dB\/km<\/td>\n<td width=\"167\">\u00a30.35<\/td>\n<\/tr>\n<tr>\n<td width=\"135\">1550 nm<\/td>\n<td width=\"84\">dB\/km<\/td>\n<td width=\"167\">\u00a30.21<\/td>\n<\/tr>\n<\/tbody>\n<\/table>","protected":false},"excerpt":{"rendered":"<p>O cabo autoportante totalmente diel\u00e9trico (cabo ADSS) \u00e9 um tipo de cabo de fibra \u00f3ptica projetado especificamente para instala\u00e7\u00e3o a\u00e9rea em postes de energia e torres de transmiss\u00e3o. Ao contr\u00e1rio dos cabos \u00f3pticos convencionais que podem contar com elementos met\u00e1licos para resist\u00eancia ou prote\u00e7\u00e3o, o ADSS n\u00e3o cont\u00e9m nenhum componente met\u00e1lico. Isso o torna leve, n\u00e3o condutor e resistente a interfer\u00eancias eletromagn\u00e9ticas. [\u2026]<\/p>","protected":false},"featured_media":10965,"comment_status":"closed","ping_status":"closed","template":"","meta":{"site-sidebar-layout":"default","site-content-layout":"","ast-site-content-layout":"default","site-content-style":"default","site-sidebar-style":"default","ast-global-header-display":"","ast-banner-title-visibility":"","ast-main-header-display":"","ast-hfb-above-header-display":"","ast-hfb-below-header-display":"","ast-hfb-mobile-header-display":"","site-post-title":"","ast-breadcrumbs-content":"","ast-featured-img":"","footer-sml-layout":"","theme-transparent-header-meta":"default","adv-header-id-meta":"","stick-header-meta":"default","header-above-stick-meta":"","header-main-stick-meta":"","header-below-stick-meta":"","astra-migrate-meta-layouts":"set","ast-page-background-enabled":"default","ast-page-background-meta":{"desktop":{"background-color":"var(--ast-global-color-4)","background-image":"","background-repeat":"repeat","background-position":"center center","background-size":"auto","background-attachment":"scroll","background-type":"","background-media":"","overlay-type":"","overlay-color":"","overlay-gradient":""},"tablet":{"background-color":"","background-image":"","background-repeat":"repeat","background-position":"center center","background-size":"auto","background-attachment":"scroll","background-type":"","background-media":"","overlay-type":"","overlay-color":"","overlay-gradient":""},"mobile":{"background-color":"","background-image":"","background-repeat":"repeat","background-position":"center center","background-size":"auto","background-attachment":"scroll","background-type":"","background-media":"","overlay-type":"","overlay-color":"","overlay-gradient":""}},"ast-content-background-meta":{"desktop":{"background-color":"var(--ast-global-color-5)","background-image":"","background-repeat":"repeat","background-position":"center center","background-size":"auto","background-attachment":"scroll","background-type":"","background-media":"","overlay-type":"","overlay-color":"","overlay-gradient":""},"tablet":{"background-color":"var(--ast-global-color-5)","background-image":"","background-repeat":"repeat","background-position":"center center","background-size":"auto","background-attachment":"scroll","background-type":"","background-media":"","overlay-type":"","overlay-color":"","overlay-gradient":""},"mobile":{"background-color":"var(--ast-global-color-5)","background-image":"","background-repeat":"repeat","background-position":"center center","background-size":"auto","background-attachment":"scroll","background-type":"","background-media":"","overlay-type":"","overlay-color":"","overlay-gradient":""}}},"product_cat":[125,142],"product_tag":[],"class_list":{"0":"post-10957","1":"product","2":"type-product","3":"status-publish","4":"has-post-thumbnail","6":"product_cat-adss-cable","7":"product_cat-adss-cabledouble-sheath","8":"desktop-align-left","9":"tablet-align-left","10":"mobile-align-left","11":"ast-product-gallery-layout-horizontal-slider","12":"ast-product-tabs-layout-horizontal","14":"first","15":"instock","16":"shipping-taxable","17":"product-type-simple"},"acf":[],"_links":{"self":[{"href":"https:\/\/www.omccable.com\/pt\/wp-json\/wp\/v2\/product\/10957","targetHints":{"allow":["GET"]}}],"collection":[{"href":"https:\/\/www.omccable.com\/pt\/wp-json\/wp\/v2\/product"}],"about":[{"href":"https:\/\/www.omccable.com\/pt\/wp-json\/wp\/v2\/types\/product"}],"replies":[{"embeddable":true,"href":"https:\/\/www.omccable.com\/pt\/wp-json\/wp\/v2\/comments?post=10957"}],"version-history":[{"count":3,"href":"https:\/\/www.omccable.com\/pt\/wp-json\/wp\/v2\/product\/10957\/revisions"}],"predecessor-version":[{"id":13313,"href":"https:\/\/www.omccable.com\/pt\/wp-json\/wp\/v2\/product\/10957\/revisions\/13313"}],"wp:featuredmedia":[{"embeddable":true,"href":"https:\/\/www.omccable.com\/pt\/wp-json\/wp\/v2\/media\/10965"}],"wp:attachment":[{"href":"https:\/\/www.omccable.com\/pt\/wp-json\/wp\/v2\/media?parent=10957"}],"wp:term":[{"taxonomy":"product_cat","embeddable":true,"href":"https:\/\/www.omccable.com\/pt\/wp-json\/wp\/v2\/product_cat?post=10957"},{"taxonomy":"product_tag","embeddable":true,"href":"https:\/\/www.omccable.com\/pt\/wp-json\/wp\/v2\/product_tag?post=10957"}],"curies":[{"name":"wp","href":"https:\/\/api.w.org\/{rel}","templated":true}]}}