{"id":10939,"date":"2024-06-03T15:20:18","date_gmt":"2024-06-03T07:20:18","guid":{"rendered":"https:\/\/www.omccable.com\/?post_type=product&#038;p=10939"},"modified":"2025-08-30T11:31:22","modified_gmt":"2025-08-30T03:31:22","slug":"50m-span-6496cores-sm-adss-cable-double-sheath","status":"publish","type":"product","link":"https:\/\/www.omccable.com\/pt\/produto\/50m-span-6496cores-sm-adss-cable-double-sheath\/","title":{"rendered":"50m Span 64 e 96 n\u00facleos SM ADSS cabo-bainha dupla"},"content":{"rendered":"<p>O cabo ADSS de 96 n\u00facleos da OMC \u00e9 usado com estrutura de cabo de bainha dupla, corpo de cabo de 1 + 8 tubos para construir este cabo de instala\u00e7\u00e3o a\u00e9rea externa de bom desempenho.<\/p>\n<p>A estrutura ADSS dos cabos \u00f3pticos adota uma estrutura torcida de tubo solto. Fibras \u00f3pticas de 250 um s\u00e3o inseridas em um tubo solto feito de poli\u00e9ster de alto m\u00f3dulo e preenchido com membros de refor\u00e7o n\u00e3o met\u00e1licos (FRP) ao redor do centro do cabo para formar um n\u00facleo redondo. A lacuna no n\u00facleo \u00e9 preenchida com pomada bloqueadora de \u00e1gua. Duas camadas de fio de aramida s\u00e3o torcidas para refor\u00e7ar o fio. Finalmente, a bainha de polietileno (PE) \u00e9 extrudada.<\/p>\n<p>Esses cabos ADSS oferecem desempenho confi\u00e1vel de autossuporte para dist\u00e2ncias de at\u00e9 50 m. Como o pr\u00f3prio nome indica, n\u00e3o h\u00e1 necessidade de suporte ou fio mensageiro, portanto a instala\u00e7\u00e3o \u00e9 feita em uma \u00fanica passagem, tornando o ADSS um meio econ\u00f4mico e simples de construir uma rede de fibra \u00f3ptica.<\/p>\n<p>&nbsp;<\/p>\n<p><strong><b>Caracter\u00edsticas e vantagens<\/b><\/strong><\/p>\n<p>Estrutura n\u00e3o met\u00e1lica, bom isolamento, prote\u00e7\u00e3o contra raios<\/p>\n<p>O fio de aramida possui excelente tecnologia de produ\u00e7\u00e3o, for\u00e7a uniforme, excelente desempenho tens\u00e3o-deforma\u00e7\u00e3o, excelente resist\u00eancia a tiros e melhor desempenho anticorrosivo el\u00e9trico<\/p>\n<p>Sem constru\u00e7\u00e3o de blackout, falha na linha de energia n\u00e3o afeta a transmiss\u00e3o normal do cabo \u00f3ptico<\/p>\n<p>Formato suave, para que o cabo tenha desempenho aerodin\u00e2mico superior<\/p>\n<p>&nbsp;<\/p>\n<p><strong><b>Estrutura do cabo<\/b><\/strong><\/p>\n<table>\n<tbody>\n<tr>\n<td width=\"179\"><strong>Item<\/strong><\/td>\n<td width=\"128\"><strong>Conte\u00fado<\/strong><\/td>\n<td width=\"58\"><strong>Unidade<\/strong><\/td>\n<td colspan=\"2\" width=\"345\"><strong>Valor<\/strong><\/td>\n<\/tr>\n<tr>\n<td width=\"179\">Contagem de fibras<\/td>\n<td width=\"128\">N\u00famero<\/td>\n<td width=\"58\">\/<\/td>\n<td width=\"172\">64<\/td>\n<td width=\"172\">96<\/td>\n<\/tr>\n<tr>\n<td width=\"179\">Tipo de fibra<\/td>\n<td width=\"128\">\/<\/td>\n<td width=\"58\">\/<\/td>\n<td colspan=\"2\" width=\"345\">G652D<\/td>\n<\/tr>\n<tr>\n<td width=\"179\">Estrutura do cabo<\/td>\n<td width=\"128\">\/<\/td>\n<td width=\"58\">\/<\/td>\n<td width=\"172\">1+8<\/td>\n<td width=\"172\">1+12<\/td>\n<\/tr>\n<tr>\n<td width=\"179\">Fibras por tubo<\/td>\n<td width=\"128\">Contar<\/td>\n<td width=\"58\">\/<\/td>\n<td colspan=\"2\" width=\"345\">8<\/td>\n<\/tr>\n<tr>\n<td rowspan=\"3\" width=\"179\"><strong>\u00a0<\/strong><\/p>\n<p><strong>\u00a0<\/strong><\/p>\n<p>Tubo solto<\/td>\n<td width=\"128\">Materiais<\/td>\n<td width=\"58\">\/<\/td>\n<td colspan=\"2\" width=\"345\">PBT<\/td>\n<\/tr>\n<tr>\n<td width=\"128\">Di\u00e2metro nominal<\/td>\n<td width=\"58\">mil\u00edmetros<\/td>\n<td colspan=\"2\" width=\"345\">2.2<\/td>\n<\/tr>\n<tr>\n<td width=\"128\">Cor<\/td>\n<td width=\"58\">\/<\/td>\n<td colspan=\"2\" width=\"345\">Azul\u3001Laranja\u3001Verde\u3001Marrom\u3001Cinza\u3001Branco\u3001Vermelho\u3001<\/p>\n<p>Preto, Amarelo, Violeta, Rosa, Aqua<\/td>\n<\/tr>\n<tr>\n<td rowspan=\"2\" width=\"179\"><strong>\u00a0<\/strong><\/p>\n<p>Membro de for\u00e7a central<\/td>\n<td width=\"128\">Materiais<\/td>\n<td width=\"58\">\/<\/td>\n<td colspan=\"2\" width=\"345\">Camada de almofada FRP e PE<\/td>\n<\/tr>\n<tr>\n<td width=\"128\">Di\u00e2metro nominal<\/td>\n<td width=\"58\">mil\u00edmetros<\/td>\n<td width=\"172\">2.4\/3.8<\/td>\n<td width=\"172\">2.6\/6.6<\/td>\n<\/tr>\n<tr>\n<td width=\"179\">Bloqueio de \u00e1gua<\/td>\n<td width=\"128\">Materiais<\/td>\n<td width=\"58\">\/<\/td>\n<td colspan=\"2\" width=\"345\">Fio e fita bloqueadora de \u00e1gua<\/td>\n<\/tr>\n<tr>\n<td width=\"179\">Membro de for\u00e7a perif\u00e9rica<\/td>\n<td width=\"128\">Materiais<\/td>\n<td width=\"58\">\/<\/td>\n<td colspan=\"2\" width=\"345\">Fio de aramida<\/td>\n<\/tr>\n<tr>\n<td rowspan=\"3\" width=\"179\"><strong>\u00a0<\/strong><\/p>\n<p>Bainha interna<\/td>\n<td width=\"128\">Materiais<\/td>\n<td width=\"58\">\/<\/td>\n<td colspan=\"2\" width=\"345\">PEMD<\/td>\n<\/tr>\n<tr>\n<td width=\"128\">Cor<\/td>\n<td width=\"58\">\/<\/td>\n<td colspan=\"2\" width=\"345\">Preto<\/td>\n<\/tr>\n<tr>\n<td width=\"128\">Espessura M\u00e9dia<\/td>\n<td width=\"58\">mil\u00edmetros<\/td>\n<td colspan=\"2\" width=\"345\">0.7<\/td>\n<\/tr>\n<tr>\n<td rowspan=\"3\" width=\"179\"><strong>\u00a0<\/strong><\/p>\n<p>Bainha externa<\/td>\n<td width=\"128\">Materiais<\/td>\n<td width=\"58\">\/<\/td>\n<td colspan=\"2\" width=\"345\">PEMD<\/td>\n<\/tr>\n<tr>\n<td width=\"128\">Cor<\/td>\n<td width=\"58\">\/<\/td>\n<td colspan=\"2\" width=\"345\">Preto<\/td>\n<\/tr>\n<tr>\n<td width=\"128\">Espessura M\u00e9dia<\/td>\n<td width=\"58\">mil\u00edmetros<\/td>\n<td colspan=\"2\" width=\"345\">1.6<\/td>\n<\/tr>\n<tr>\n<td rowspan=\"2\" width=\"179\"><strong>\u00a0<\/strong><\/p>\n<p>Atenua\u00e7\u00e3o (ap\u00f3s cabo)<\/td>\n<td width=\"128\">1310 nm<\/td>\n<td width=\"58\">dB\/km<\/td>\n<td colspan=\"2\" width=\"345\">\u00a30.36<\/td>\n<\/tr>\n<tr>\n<td width=\"128\">1550 nm<\/td>\n<td width=\"58\">dB\/km<\/td>\n<td colspan=\"2\" width=\"345\">\u00a30.22<\/td>\n<\/tr>\n<tr>\n<td width=\"179\">Di\u00e2metro do cabo<\/td>\n<td width=\"128\">\u00b15%<\/td>\n<td width=\"58\">mil\u00edmetros<\/td>\n<td width=\"172\">13.3<\/td>\n<td width=\"172\">16.1<\/td>\n<\/tr>\n<tr>\n<td width=\"179\">Peso do cabo<\/td>\n<td width=\"128\">\u00b17%<\/td>\n<td width=\"58\">kg\/km<\/td>\n<td width=\"172\">135<\/td>\n<td width=\"172\">197<\/td>\n<\/tr>\n<tr>\n<td width=\"179\">V\u00e3o adequado<\/td>\n<td width=\"128\">\/<\/td>\n<td width=\"58\">m<\/td>\n<td colspan=\"2\" width=\"345\">50<\/td>\n<\/tr>\n<tr>\n<td width=\"179\">Sag<\/td>\n<td width=\"128\">\/<\/td>\n<td width=\"58\">%<\/td>\n<td colspan=\"2\" width=\"345\">1<\/td>\n<\/tr>\n<tr>\n<td width=\"179\">Espessura da cobertura<\/td>\n<td width=\"128\">\/<\/td>\n<td width=\"58\">mil\u00edmetros<\/td>\n<td colspan=\"2\" width=\"345\">0<\/td>\n<\/tr>\n<tr>\n<td width=\"179\">Velocidade do vento<\/td>\n<td width=\"128\">\/<\/td>\n<td width=\"58\">m\/s<\/td>\n<td colspan=\"2\" width=\"345\">25<\/td>\n<\/tr>\n<\/tbody>\n<\/table>\n<p><strong><b>\u00a0<\/b><\/strong><\/p>\n<p><strong><b>Cor padr\u00e3o da fibra e do tubo<\/b><\/strong><\/p>\n<p>O c\u00f3digo de cores dos tubos e das fibras individuais deve estar de acordo com a tabela abaixo:<\/p>\n<table>\n<tbody>\n<tr>\n<td width=\"183\">N\u00e3o.<\/td>\n<td width=\"82\">1<\/td>\n<td width=\"82\">2<\/td>\n<td width=\"82\">3<\/td>\n<td width=\"82\">4<\/td>\n<td width=\"82\">5<\/td>\n<td width=\"80\">6<\/td>\n<\/tr>\n<tr>\n<td width=\"183\">Cor<\/td>\n<td width=\"82\">Azul<\/td>\n<td width=\"82\">Laranja<\/td>\n<td width=\"82\">Verde<\/td>\n<td width=\"82\">Marrom<\/td>\n<td width=\"82\">Ard\u00f3sia<\/td>\n<td width=\"80\">Branco<\/td>\n<\/tr>\n<tr>\n<td width=\"183\">N\u00e3o.<\/td>\n<td width=\"82\">7<\/td>\n<td width=\"82\">8<\/td>\n<td width=\"82\">9<\/td>\n<td width=\"82\">10<\/td>\n<td width=\"82\">11<\/td>\n<td width=\"80\">12<\/td>\n<\/tr>\n<tr>\n<td width=\"183\">Cor<\/td>\n<td width=\"82\">Vermelho<\/td>\n<td width=\"82\">Preto<\/td>\n<td width=\"82\">Amarelo<\/td>\n<td width=\"82\">Violeta<\/td>\n<td width=\"82\">Rosa<\/td>\n<td width=\"80\">\u00c1gua<\/td>\n<\/tr>\n<\/tbody>\n<\/table>\n<p>&nbsp;<\/p>\n<p><strong><b>Desempenho Mec\u00e2nico e Ambiental<\/b><\/strong><\/p>\n<table>\n<tbody>\n<tr>\n<td width=\"221\"><strong>Item<\/strong><\/td>\n<td width=\"270\"><strong>Conte\u00fado<\/strong><\/td>\n<td width=\"221\"><strong>Valor<\/strong><\/td>\n<\/tr>\n<tr>\n<td width=\"221\">M\u00e1x. carga de tra\u00e7\u00e3o (64 n\u00facleos)<\/td>\n<td width=\"270\">Tens\u00e3o m\u00e1xima permitida<\/td>\n<td width=\"221\">2000N (deforma\u00e7\u00e3o da fibra\u22640,33\uff05)<\/td>\n<\/tr>\n<tr>\n<td width=\"221\">M\u00e1x. carga de tra\u00e7\u00e3o (96 n\u00facleos)<\/td>\n<td width=\"270\">Tens\u00e3o m\u00e1xima permitida<\/td>\n<td width=\"221\">2300N (tens\u00e3o da fibra\u22640,33\uff05)<\/td>\n<\/tr>\n<tr>\n<td rowspan=\"2\" width=\"221\"><strong>\u00a0<\/strong><\/p>\n<p>M\u00e1x. resist\u00eancia ao esmagamento<\/td>\n<td width=\"270\">Curto prazo<\/td>\n<td width=\"221\">2200 N\/100mm<\/td>\n<\/tr>\n<tr>\n<td width=\"270\">Longo prazo<\/td>\n<td width=\"221\">700N<\/td>\n<\/tr>\n<tr>\n<td rowspan=\"2\" width=\"221\"><strong>\u00a0<\/strong><\/p>\n<p>Min. raio de curvatura<\/td>\n<td width=\"270\">Instala\u00e7\u00e3o<\/td>\n<td width=\"221\">25 x di\u00e2metro do cabo<\/td>\n<\/tr>\n<tr>\n<td width=\"270\">Opera\u00e7\u00e3o<\/td>\n<td width=\"221\">15 x di\u00e2metro do cabo<\/td>\n<\/tr>\n<tr>\n<td rowspan=\"3\" width=\"221\"><strong>\u00a0<\/strong><\/p>\n<p>Faixa de temperatura<\/td>\n<td width=\"270\">Opera\u00e7\u00e3o<\/td>\n<td width=\"221\">-40\u00b0C ~ +70\u00b0C<\/td>\n<\/tr>\n<tr>\n<td width=\"270\">Instala\u00e7\u00e3o<\/td>\n<td width=\"221\">-20\u2103 ~ +60\u2103<\/td>\n<\/tr>\n<tr>\n<td width=\"270\">Armazenamento\/transporte<\/td>\n<td width=\"221\">-40\u00b0C ~ +70\u00b0C<\/td>\n<\/tr>\n<\/tbody>\n<\/table>\n<p><strong><b>\u00a0<\/b><\/strong><\/p>\n<p><strong><b>Par\u00e2metros t\u00e9cnicos de fibra \u00f3ptica-SMF<\/b><\/strong><\/p>\n<table>\n<tbody>\n<tr>\n<td colspan=\"2\" rowspan=\"2\" width=\"457\">Item<\/td>\n<td rowspan=\"2\" width=\"84\">Unidade<\/td>\n<td width=\"169\">Especifica\u00e7\u00e3o<\/td>\n<\/tr>\n<tr>\n<td width=\"169\">G. 652D<\/td>\n<\/tr>\n<tr>\n<td rowspan=\"2\" width=\"324\">Di\u00e2metro do campo de modo<\/td>\n<td width=\"132\">1310 nm<\/td>\n<td width=\"84\">mil\u00edmetros<\/td>\n<td width=\"169\">9,2 \u00b1 0,4<\/td>\n<\/tr>\n<tr>\n<td width=\"132\">1550 nm<\/td>\n<td width=\"84\">mil\u00edmetros<\/td>\n<td width=\"169\">10,4 \u00b1 0,5<\/td>\n<\/tr>\n<tr>\n<td colspan=\"2\" width=\"457\">Di\u00e2metro do revestimento<\/td>\n<td width=\"84\">mil\u00edmetros<\/td>\n<td width=\"169\">125,0 \u00b1 0,7<\/td>\n<\/tr>\n<tr>\n<td colspan=\"2\" width=\"457\">N\u00e3o circularidade do revestimento<\/td>\n<td width=\"84\">%<\/td>\n<td width=\"169\">\u00a31.0<\/td>\n<\/tr>\n<tr>\n<td colspan=\"2\" width=\"457\">Erro de concentricidade central<\/td>\n<td width=\"84\">mil\u00edmetros<\/td>\n<td width=\"169\">\u00a30.6<\/td>\n<\/tr>\n<tr>\n<td colspan=\"2\" width=\"457\">Di\u00e2metro do revestimento<\/td>\n<td width=\"84\">mil\u00edmetros<\/td>\n<td width=\"169\">242 \u00b1 7<\/td>\n<\/tr>\n<tr>\n<td colspan=\"2\" width=\"457\">Erro de concentricidade de revestimento\/revestimento<\/td>\n<td width=\"84\">mil\u00edmetros<\/td>\n<td width=\"169\">\u00a312<\/td>\n<\/tr>\n<tr>\n<td colspan=\"2\" width=\"457\">Comprimento de onda de corte do cabo \u03bbcc<\/td>\n<td width=\"84\">nm<\/td>\n<td width=\"169\">\u00a3\u00a01260<\/td>\n<\/tr>\n<tr>\n<td rowspan=\"2\" width=\"324\">Atenua\u00e7\u00e3o<\/td>\n<td width=\"132\">1310 nm<\/td>\n<td width=\"84\">dB\/km<\/td>\n<td width=\"169\">\u00a30.35<\/td>\n<\/tr>\n<tr>\n<td width=\"132\">1550 nm<\/td>\n<td width=\"84\">dB\/km<\/td>\n<td width=\"169\">\u00a30.21<\/td>\n<\/tr>\n<\/tbody>\n<\/table>","protected":false},"excerpt":{"rendered":"<p>O cabo ADSS de 96 n\u00facleos da OMC \u00e9 usado com estrutura de cabo de bainha dupla, corpo de cabo de 1 + 8 tubos para construir este cabo de instala\u00e7\u00e3o a\u00e9rea externa de bom desempenho. A estrutura ADSS dos cabos \u00f3pticos adota uma estrutura torcida de tubo solto. Fibras \u00f3pticas de 250 um s\u00e3o inseridas em um tubo solto feito de poli\u00e9ster de alto m\u00f3dulo e preenchido com membros de refor\u00e7o n\u00e3o met\u00e1licos (FRP) ao redor [...]<\/p>","protected":false},"featured_media":10943,"comment_status":"closed","ping_status":"closed","template":"","meta":{"site-sidebar-layout":"default","site-content-layout":"","ast-site-content-layout":"default","site-content-style":"default","site-sidebar-style":"default","ast-global-header-display":"","ast-banner-title-visibility":"","ast-main-header-display":"","ast-hfb-above-header-display":"","ast-hfb-below-header-display":"","ast-hfb-mobile-header-display":"","site-post-title":"","ast-breadcrumbs-content":"","ast-featured-img":"","footer-sml-layout":"","theme-transparent-header-meta":"default","adv-header-id-meta":"","stick-header-meta":"default","header-above-stick-meta":"","header-main-stick-meta":"","header-below-stick-meta":"","astra-migrate-meta-layouts":"set","ast-page-background-enabled":"default","ast-page-background-meta":{"desktop":{"background-color":"var(--ast-global-color-4)","background-image":"","background-repeat":"repeat","background-position":"center center","background-size":"auto","background-attachment":"scroll","background-type":"","background-media":"","overlay-type":"","overlay-color":"","overlay-gradient":""},"tablet":{"background-color":"","background-image":"","background-repeat":"repeat","background-position":"center center","background-size":"auto","background-attachment":"scroll","background-type":"","background-media":"","overlay-type":"","overlay-color":"","overlay-gradient":""},"mobile":{"background-color":"","background-image":"","background-repeat":"repeat","background-position":"center center","background-size":"auto","background-attachment":"scroll","background-type":"","background-media":"","overlay-type":"","overlay-color":"","overlay-gradient":""}},"ast-content-background-meta":{"desktop":{"background-color":"var(--ast-global-color-5)","background-image":"","background-repeat":"repeat","background-position":"center center","background-size":"auto","background-attachment":"scroll","background-type":"","background-media":"","overlay-type":"","overlay-color":"","overlay-gradient":""},"tablet":{"background-color":"var(--ast-global-color-5)","background-image":"","background-repeat":"repeat","background-position":"center center","background-size":"auto","background-attachment":"scroll","background-type":"","background-media":"","overlay-type":"","overlay-color":"","overlay-gradient":""},"mobile":{"background-color":"var(--ast-global-color-5)","background-image":"","background-repeat":"repeat","background-position":"center center","background-size":"auto","background-attachment":"scroll","background-type":"","background-media":"","overlay-type":"","overlay-color":"","overlay-gradient":""}}},"product_cat":[125,142],"product_tag":[],"class_list":{"0":"post-10939","1":"product","2":"type-product","3":"status-publish","4":"has-post-thumbnail","6":"product_cat-adss-cable","7":"product_cat-adss-cabledouble-sheath","8":"desktop-align-left","9":"tablet-align-left","10":"mobile-align-left","11":"ast-product-gallery-layout-horizontal-slider","12":"ast-product-tabs-layout-horizontal","14":"first","15":"instock","16":"shipping-taxable","17":"product-type-simple"},"acf":[],"_links":{"self":[{"href":"https:\/\/www.omccable.com\/pt\/wp-json\/wp\/v2\/product\/10939","targetHints":{"allow":["GET"]}}],"collection":[{"href":"https:\/\/www.omccable.com\/pt\/wp-json\/wp\/v2\/product"}],"about":[{"href":"https:\/\/www.omccable.com\/pt\/wp-json\/wp\/v2\/types\/product"}],"replies":[{"embeddable":true,"href":"https:\/\/www.omccable.com\/pt\/wp-json\/wp\/v2\/comments?post=10939"}],"version-history":[{"count":2,"href":"https:\/\/www.omccable.com\/pt\/wp-json\/wp\/v2\/product\/10939\/revisions"}],"predecessor-version":[{"id":13310,"href":"https:\/\/www.omccable.com\/pt\/wp-json\/wp\/v2\/product\/10939\/revisions\/13310"}],"wp:featuredmedia":[{"embeddable":true,"href":"https:\/\/www.omccable.com\/pt\/wp-json\/wp\/v2\/media\/10943"}],"wp:attachment":[{"href":"https:\/\/www.omccable.com\/pt\/wp-json\/wp\/v2\/media?parent=10939"}],"wp:term":[{"taxonomy":"product_cat","embeddable":true,"href":"https:\/\/www.omccable.com\/pt\/wp-json\/wp\/v2\/product_cat?post=10939"},{"taxonomy":"product_tag","embeddable":true,"href":"https:\/\/www.omccable.com\/pt\/wp-json\/wp\/v2\/product_tag?post=10939"}],"curies":[{"name":"wp","href":"https:\/\/api.w.org\/{rel}","templated":true}]}}