{"id":10935,"date":"2024-06-03T14:33:41","date_gmt":"2024-06-03T06:33:41","guid":{"rendered":"https:\/\/www.omccable.com\/?post_type=product&#038;p=10935"},"modified":"2025-08-30T11:28:47","modified_gmt":"2025-08-30T03:28:47","slug":"200m-span-24f48f-sm-adss-cable-single-sheath","status":"publish","type":"product","link":"https:\/\/www.omccable.com\/pt\/produto\/200m-span-24f48f-sm-adss-cable-single-sheath\/","title":{"rendered":"Cabo 200m Span 24F e 48F SM ADSS - Bainha \u00fanica"},"content":{"rendered":"<p>O cabo ADSS 24F e 96F SM da OMC \u00e9 usado com estrutura de cabo de bainha \u00fanica para construir este cabo de instala\u00e7\u00e3o a\u00e9rea externa de bom desempenho. Esses cabos ADSS oferecem desempenho confi\u00e1vel de autossuporte para dist\u00e2ncias de at\u00e9 200 m. Portanto, o cabo ADSS \u00e9 ideal para instala\u00e7\u00e3o em ambientes de distribui\u00e7\u00e3o e transmiss\u00e3o, mesmo quando s\u00e3o necess\u00e1rias instala\u00e7\u00f5es de linha viva. Como o pr\u00f3prio nome indica, n\u00e3o h\u00e1 necessidade de suporte ou fio mensageiro, portanto a instala\u00e7\u00e3o \u00e9 feita em uma \u00fanica passagem, tornando o ADSS um meio econ\u00f4mico e simples de construir uma rede de fibra \u00f3ptica.<\/p>\n<p>&nbsp;<\/p>\n<p><strong><b>Caracter\u00edsticas e vantagens<\/b><\/strong><\/p>\n<p>Estrutura n\u00e3o met\u00e1lica, bom isolamento, prote\u00e7\u00e3o contra raios<\/p>\n<p>O fio de aramida possui excelente tecnologia de produ\u00e7\u00e3o, for\u00e7a uniforme, excelente desempenho tens\u00e3o-deforma\u00e7\u00e3o, excelente resist\u00eancia a tiros e melhor desempenho anticorrosivo el\u00e9trico<\/p>\n<p>Sem constru\u00e7\u00e3o de blackout, falha na linha de energia n\u00e3o afeta a transmiss\u00e3o normal do cabo \u00f3ptico<\/p>\n<p>Formato suave, para que o cabo tenha desempenho aerodin\u00e2mico superior<\/p>\n<p>&nbsp;<\/p>\n<p><strong><b>Estrutura do cabo<\/b><\/strong><\/p>\n<table>\n<tbody>\n<tr>\n<td width=\"110\"><strong>Item<\/strong><\/td>\n<td width=\"89\"><strong>Conte\u00fado<\/strong><\/td>\n<td colspan=\"2\" width=\"122\"><strong>Unidade<\/strong><\/td>\n<td colspan=\"3\" width=\"389\"><strong>Valor<\/strong><\/td>\n<\/tr>\n<tr>\n<td width=\"110\">Contagem de fibras<\/td>\n<td width=\"89\">N\u00famero<\/td>\n<td colspan=\"2\" width=\"122\">\/<\/td>\n<td width=\"158\">24<\/td>\n<td colspan=\"2\" width=\"231\">48<\/td>\n<\/tr>\n<tr>\n<td width=\"110\">Tipo de fibra<\/td>\n<td width=\"89\">\/<\/td>\n<td colspan=\"2\" width=\"122\">\/<\/td>\n<td colspan=\"3\" width=\"389\">G652D<\/td>\n<\/tr>\n<tr>\n<td width=\"110\">Estrutura do cabo<\/td>\n<td width=\"89\">\/<\/td>\n<td colspan=\"2\" width=\"122\">\/<\/td>\n<td width=\"158\">1+6<\/td>\n<td colspan=\"2\" width=\"231\">1+6<\/td>\n<\/tr>\n<tr>\n<td width=\"110\">Fibras por tubo<\/td>\n<td width=\"89\">Contar<\/td>\n<td colspan=\"2\" width=\"122\">\/<\/td>\n<td width=\"158\">6<\/td>\n<td colspan=\"2\" width=\"231\">12<\/td>\n<\/tr>\n<tr>\n<td rowspan=\"3\" width=\"110\">&nbsp;<\/p>\n<p>Tubo solto<\/td>\n<td width=\"89\">Materiais<\/td>\n<td colspan=\"2\" width=\"122\">\/<\/td>\n<td colspan=\"3\" width=\"389\">PBT<\/td>\n<\/tr>\n<tr>\n<td width=\"89\">Nominais<\/p>\n<p>Di\u00e2metro<\/td>\n<td colspan=\"2\" width=\"122\">mil\u00edmetros<\/td>\n<td width=\"158\">2.3<\/td>\n<td colspan=\"2\" width=\"231\">2.3<\/td>\n<\/tr>\n<tr>\n<td width=\"89\">cor<\/td>\n<td colspan=\"2\" width=\"122\">\/<\/td>\n<td colspan=\"3\" width=\"389\">Azul\u3001Laranja\u3001Verde\u3001Marrom\u3001Cinza\u3001branco\u3001Vermelho\u3001Preto\u3001Amarelo\u3001Violeta\u3001Rosa\u3001Aqua<\/td>\n<\/tr>\n<tr>\n<td rowspan=\"3\" width=\"110\">Membro de for\u00e7a central<\/td>\n<td width=\"89\">Materiais<\/td>\n<td colspan=\"2\" width=\"122\">\/<\/td>\n<td colspan=\"3\" width=\"389\">Camada de almofada FRP e PE<\/td>\n<\/tr>\n<tr>\n<td width=\"89\">Nominais<\/p>\n<p>Di\u00e2metro<\/td>\n<td colspan=\"2\" width=\"122\">mil\u00edmetros<\/td>\n<td width=\"158\">2.5<\/td>\n<td colspan=\"2\" width=\"231\">2.5<\/td>\n<\/tr>\n<tr>\n<td width=\"89\">Almofada PE<\/td>\n<td colspan=\"2\" width=\"122\">mil\u00edmetros<\/td>\n<td colspan=\"3\" width=\"389\">\u2013<\/td>\n<\/tr>\n<tr>\n<td width=\"110\">Bloqueio de \u00e1gua<\/td>\n<td colspan=\"3\" width=\"212\">Materiais<\/td>\n<td colspan=\"3\" width=\"389\">Fio e fita bloqueadora de \u00e1gua<\/td>\n<\/tr>\n<tr>\n<td width=\"110\">Perif\u00e9rico<\/p>\n<p>membro de for\u00e7a<\/td>\n<td colspan=\"3\" width=\"212\">Materiais<\/td>\n<td colspan=\"3\" width=\"389\">Fio de aramida<\/td>\n<\/tr>\n<tr>\n<td rowspan=\"3\" width=\"110\">Bainha<\/td>\n<td colspan=\"3\" width=\"212\">Materiais<\/td>\n<td colspan=\"3\" width=\"389\">PEAD<\/td>\n<\/tr>\n<tr>\n<td colspan=\"3\" width=\"212\">Cor<\/td>\n<td colspan=\"3\" width=\"389\">Preto<\/td>\n<\/tr>\n<tr>\n<td colspan=\"2\" width=\"117\">Espessura<\/td>\n<td width=\"94\">Hum<\/td>\n<td colspan=\"3\" width=\"389\">Nominal: 1,7<\/td>\n<\/tr>\n<tr>\n<td rowspan=\"2\" width=\"110\">Atenua\u00e7\u00e3o<\/p>\n<p>(depois do cabo)<\/td>\n<td colspan=\"2\" width=\"117\">1310 nm<\/td>\n<td width=\"94\">dB\/km<\/td>\n<td colspan=\"3\" width=\"389\">\u00a30.36<\/td>\n<\/tr>\n<tr>\n<td colspan=\"2\" width=\"117\">1550 nm<\/td>\n<td width=\"94\">dB\/km<\/td>\n<td colspan=\"3\" width=\"389\">\u00a30.22<\/td>\n<\/tr>\n<tr>\n<td width=\"110\">Di\u00e2metro do cabo<\/td>\n<td colspan=\"2\" width=\"117\">\u00b15%<\/td>\n<td width=\"94\">mil\u00edmetros<\/td>\n<td colspan=\"2\" width=\"194\">11.5<\/td>\n<td width=\"194\">11.5<\/td>\n<\/tr>\n<tr>\n<td width=\"110\">Peso do cabo<\/td>\n<td colspan=\"2\" width=\"117\">\u00b110%<\/td>\n<td width=\"94\">kg\/km<\/td>\n<td colspan=\"2\" width=\"194\">101<\/td>\n<td width=\"194\">104<\/td>\n<\/tr>\n<\/tbody>\n<\/table>\n<p><strong><b>\u00a0<\/b><\/strong><\/p>\n<p><strong><b>Cor padr\u00e3o da fibra e do tubo<\/b><\/strong><\/p>\n<p>O c\u00f3digo de cores dos tubos e das fibras individuais deve estar de acordo com a tabela abaixo:<\/p>\n<p>&nbsp;<\/p>\n<table>\n<tbody>\n<tr>\n<td width=\"183\">N\u00e3o.<\/td>\n<td width=\"82\">1<\/td>\n<td width=\"82\">2<\/td>\n<td width=\"82\">3<\/td>\n<td width=\"82\">4<\/td>\n<td width=\"82\">5<\/td>\n<td width=\"80\">6<\/td>\n<\/tr>\n<tr>\n<td width=\"183\">Cor<\/td>\n<td width=\"82\">Azul<\/td>\n<td width=\"82\">Laranja<\/td>\n<td width=\"82\">Verde<\/td>\n<td width=\"82\">Marrom<\/td>\n<td width=\"82\">Ard\u00f3sia<\/td>\n<td width=\"80\">Branco<\/td>\n<\/tr>\n<tr>\n<td width=\"183\">N\u00e3o.<\/td>\n<td width=\"82\">7<\/td>\n<td width=\"82\">8<\/td>\n<td width=\"82\">9<\/td>\n<td width=\"82\">10<\/td>\n<td width=\"82\">11<\/td>\n<td width=\"80\">12<\/td>\n<\/tr>\n<tr>\n<td width=\"183\">Cor<\/td>\n<td width=\"82\">Vermelho<\/td>\n<td width=\"82\">Preto<\/td>\n<td width=\"82\">Amarelo<\/td>\n<td width=\"82\">Violeta<\/td>\n<td width=\"82\">Rosa<\/td>\n<td width=\"80\">\u00c1gua<\/td>\n<\/tr>\n<\/tbody>\n<\/table>\n<p>&nbsp;<\/p>\n<p><strong><b>Desempenho Mec\u00e2nico e Ambiental<\/b><\/strong><\/p>\n<table>\n<tbody>\n<tr>\n<td width=\"221\"><strong>Item<\/strong><\/td>\n<td width=\"217\"><strong>Conte\u00fado<\/strong><\/td>\n<td width=\"273\"><strong>Valor<\/strong><\/td>\n<\/tr>\n<tr>\n<td width=\"221\">M\u00e1x. carga de tra\u00e7\u00e3o<\/td>\n<td width=\"217\">Tens\u00e3o m\u00e1xima permitida<\/td>\n<td width=\"273\">Deforma\u00e7\u00e3o de fibra 6000N\u22640,33%<\/td>\n<\/tr>\n<tr>\n<td width=\"221\">M\u00e1x. resist\u00eancia ao esmagamento<\/td>\n<td width=\"217\">Curto prazo<\/td>\n<td width=\"273\">2.000 N\/100 mm<\/td>\n<\/tr>\n<tr>\n<td rowspan=\"2\" width=\"221\"><strong>\u00a0<\/strong><\/p>\n<p>Min. raio de curvatura<\/td>\n<td width=\"217\">Instala\u00e7\u00e3o<\/td>\n<td width=\"273\">25 x di\u00e2metro do cabo<\/td>\n<\/tr>\n<tr>\n<td width=\"217\">Opera\u00e7\u00e3o<\/td>\n<td width=\"273\">12,5 x di\u00e2metro do cabo<\/td>\n<\/tr>\n<tr>\n<td rowspan=\"3\" width=\"221\"><strong>\u00a0<\/strong><\/p>\n<p>Faixa de temperatura<\/td>\n<td width=\"217\">Opera\u00e7\u00e3o<\/td>\n<td width=\"273\">-40\u00b0C ~ +70\u00b0C<\/td>\n<\/tr>\n<tr>\n<td width=\"217\">Instala\u00e7\u00e3o<\/td>\n<td width=\"273\">-20\u2103 ~ +60\u2103<\/td>\n<\/tr>\n<tr>\n<td width=\"217\">Armazenamento\/transporte<\/td>\n<td width=\"273\">-40\u00b0C ~ +70\u00b0C<\/td>\n<\/tr>\n<\/tbody>\n<\/table>\n<p>&nbsp;<\/p>\n<p><strong><b>Par\u00e2metros t\u00e9cnicos de fibra \u00f3ptica-SMF<\/b><\/strong><\/p>\n<table>\n<tbody>\n<tr>\n<td colspan=\"2\" rowspan=\"2\" width=\"457\"><strong>Item<\/strong><\/td>\n<td rowspan=\"2\" width=\"84\"><strong>Unidade<\/strong><\/td>\n<td width=\"169\"><strong>Especifica\u00e7\u00e3o<\/strong><\/td>\n<\/tr>\n<tr>\n<td width=\"169\">G. 652D<\/td>\n<\/tr>\n<tr>\n<td rowspan=\"2\" width=\"324\">Di\u00e2metro do campo de modo<\/td>\n<td width=\"132\">1310 nm<\/td>\n<td width=\"84\">mil\u00edmetros<\/td>\n<td width=\"169\">9,2 \u00b1 0,4<\/td>\n<\/tr>\n<tr>\n<td width=\"132\">1550 nm<\/td>\n<td width=\"84\">mil\u00edmetros<\/td>\n<td width=\"169\">10,4 \u00b1 0,5<\/td>\n<\/tr>\n<tr>\n<td colspan=\"2\" width=\"457\">Di\u00e2metro do revestimento<\/td>\n<td width=\"84\">mil\u00edmetros<\/td>\n<td width=\"169\">125,0 \u00b1 0,7<\/td>\n<\/tr>\n<tr>\n<td colspan=\"2\" width=\"457\">N\u00e3o circularidade do revestimento<\/td>\n<td width=\"84\">%<\/td>\n<td width=\"169\">\u00a31.0<\/td>\n<\/tr>\n<tr>\n<td colspan=\"2\" width=\"457\">Erro de concentricidade central<\/td>\n<td width=\"84\">mil\u00edmetros<\/td>\n<td width=\"169\">\u00a30.6<\/td>\n<\/tr>\n<tr>\n<td colspan=\"2\" width=\"457\">Di\u00e2metro do revestimento<\/td>\n<td width=\"84\">mil\u00edmetros<\/td>\n<td width=\"169\">242 \u00b1 7<\/td>\n<\/tr>\n<tr>\n<td colspan=\"2\" width=\"457\">Erro de concentricidade de revestimento\/revestimento<\/td>\n<td width=\"84\">mil\u00edmetros<\/td>\n<td width=\"169\">\u00a312<\/td>\n<\/tr>\n<tr>\n<td colspan=\"2\" width=\"457\">Comprimento de onda de corte do cabo \u03bbcc<\/td>\n<td width=\"84\">nm<\/td>\n<td width=\"169\">\u00a3\u00a01260<\/td>\n<\/tr>\n<tr>\n<td rowspan=\"2\" width=\"324\">Atenua\u00e7\u00e3o<\/td>\n<td width=\"132\">1310 nm<\/td>\n<td width=\"84\">dB\/km<\/td>\n<td width=\"169\">\u00a30.35<\/td>\n<\/tr>\n<tr>\n<td width=\"132\">1550 nm<\/td>\n<td width=\"84\">dB\/km<\/td>\n<td width=\"169\">\u00a30.21<\/td>\n<\/tr>\n<\/tbody>\n<\/table>","protected":false},"excerpt":{"rendered":"<p>O cabo ADSS 24F e 96F SM da OMC \u00e9 usado com estrutura de cabo de bainha \u00fanica para construir este cabo de instala\u00e7\u00e3o a\u00e9rea externa de bom desempenho. Esses cabos ADSS oferecem desempenho confi\u00e1vel de autossuporte para dist\u00e2ncias de at\u00e9 200 m. Portanto, o cabo ADSS \u00e9 ideal para instala\u00e7\u00e3o em ambientes de distribui\u00e7\u00e3o e transmiss\u00e3o, mesmo quando s\u00e3o necess\u00e1rias instala\u00e7\u00f5es de linha viva. Como \u00e9 [\u2026]<\/p>","protected":false},"featured_media":10937,"comment_status":"closed","ping_status":"closed","template":"","meta":{"site-sidebar-layout":"default","site-content-layout":"","ast-site-content-layout":"default","site-content-style":"default","site-sidebar-style":"default","ast-global-header-display":"","ast-banner-title-visibility":"","ast-main-header-display":"","ast-hfb-above-header-display":"","ast-hfb-below-header-display":"","ast-hfb-mobile-header-display":"","site-post-title":"","ast-breadcrumbs-content":"","ast-featured-img":"","footer-sml-layout":"","theme-transparent-header-meta":"default","adv-header-id-meta":"","stick-header-meta":"default","header-above-stick-meta":"","header-main-stick-meta":"","header-below-stick-meta":"","astra-migrate-meta-layouts":"set","ast-page-background-enabled":"default","ast-page-background-meta":{"desktop":{"background-color":"var(--ast-global-color-4)","background-image":"","background-repeat":"repeat","background-position":"center center","background-size":"auto","background-attachment":"scroll","background-type":"","background-media":"","overlay-type":"","overlay-color":"","overlay-gradient":""},"tablet":{"background-color":"","background-image":"","background-repeat":"repeat","background-position":"center center","background-size":"auto","background-attachment":"scroll","background-type":"","background-media":"","overlay-type":"","overlay-color":"","overlay-gradient":""},"mobile":{"background-color":"","background-image":"","background-repeat":"repeat","background-position":"center center","background-size":"auto","background-attachment":"scroll","background-type":"","background-media":"","overlay-type":"","overlay-color":"","overlay-gradient":""}},"ast-content-background-meta":{"desktop":{"background-color":"var(--ast-global-color-5)","background-image":"","background-repeat":"repeat","background-position":"center center","background-size":"auto","background-attachment":"scroll","background-type":"","background-media":"","overlay-type":"","overlay-color":"","overlay-gradient":""},"tablet":{"background-color":"var(--ast-global-color-5)","background-image":"","background-repeat":"repeat","background-position":"center center","background-size":"auto","background-attachment":"scroll","background-type":"","background-media":"","overlay-type":"","overlay-color":"","overlay-gradient":""},"mobile":{"background-color":"var(--ast-global-color-5)","background-image":"","background-repeat":"repeat","background-position":"center center","background-size":"auto","background-attachment":"scroll","background-type":"","background-media":"","overlay-type":"","overlay-color":"","overlay-gradient":""}}},"product_cat":[125,141],"product_tag":[],"class_list":{"0":"post-10935","1":"product","2":"type-product","3":"status-publish","4":"has-post-thumbnail","6":"product_cat-adss-cable","7":"product_cat-adss-cablesingle-sheath","8":"desktop-align-left","9":"tablet-align-left","10":"mobile-align-left","11":"ast-product-gallery-layout-horizontal-slider","12":"ast-product-tabs-layout-horizontal","14":"first","15":"instock","16":"shipping-taxable","17":"product-type-simple"},"acf":[],"_links":{"self":[{"href":"https:\/\/www.omccable.com\/pt\/wp-json\/wp\/v2\/product\/10935","targetHints":{"allow":["GET"]}}],"collection":[{"href":"https:\/\/www.omccable.com\/pt\/wp-json\/wp\/v2\/product"}],"about":[{"href":"https:\/\/www.omccable.com\/pt\/wp-json\/wp\/v2\/types\/product"}],"replies":[{"embeddable":true,"href":"https:\/\/www.omccable.com\/pt\/wp-json\/wp\/v2\/comments?post=10935"}],"version-history":[{"count":2,"href":"https:\/\/www.omccable.com\/pt\/wp-json\/wp\/v2\/product\/10935\/revisions"}],"predecessor-version":[{"id":13307,"href":"https:\/\/www.omccable.com\/pt\/wp-json\/wp\/v2\/product\/10935\/revisions\/13307"}],"wp:featuredmedia":[{"embeddable":true,"href":"https:\/\/www.omccable.com\/pt\/wp-json\/wp\/v2\/media\/10937"}],"wp:attachment":[{"href":"https:\/\/www.omccable.com\/pt\/wp-json\/wp\/v2\/media?parent=10935"}],"wp:term":[{"taxonomy":"product_cat","embeddable":true,"href":"https:\/\/www.omccable.com\/pt\/wp-json\/wp\/v2\/product_cat?post=10935"},{"taxonomy":"product_tag","embeddable":true,"href":"https:\/\/www.omccable.com\/pt\/wp-json\/wp\/v2\/product_tag?post=10935"}],"curies":[{"name":"wp","href":"https:\/\/api.w.org\/{rel}","templated":true}]}}