{"id":10919,"date":"2024-06-01T09:17:31","date_gmt":"2024-06-01T01:17:31","guid":{"rendered":"https:\/\/www.omccable.com\/?post_type=product&#038;p=10919"},"modified":"2025-08-30T11:35:05","modified_gmt":"2025-08-30T03:35:05","slug":"60m-span-48cores-sm-adss-cable-single-sheath-2","status":"publish","type":"product","link":"https:\/\/www.omccable.com\/pt\/produto\/60m-span-48cores-sm-adss-cable-single-sheath-2\/","title":{"rendered":"60m Span 48cores SM ADSS Cabo - Bainha \u00fanica"},"content":{"rendered":"<p>O cabo ADSS de 48 n\u00facleos \u00e9 o CABO ADSS mais popular. \u00c9 usado uma estrutura de cabo de bainha \u00fanica, corpo de cabo de 1 + 6 tubos para construir este cabo de instala\u00e7\u00e3o a\u00e9rea externa de bom desempenho.<\/p>\n<p>A estrutura ADSS dos cabos \u00f3pticos adota uma estrutura torcida de tubo solto. Fibras \u00f3pticas de 250 um s\u00e3o inseridas em um tubo solto feito de poli\u00e9ster de alto m\u00f3dulo e preenchido com membros de refor\u00e7o n\u00e3o met\u00e1licos (FRP) ao redor do centro do cabo para formar um n\u00facleo redondo. A lacuna no n\u00facleo \u00e9 preenchida com pomada bloqueadora de \u00e1gua. Duas camadas de fio de aramida s\u00e3o torcidas para refor\u00e7ar o fio e, em seguida, 2 pe\u00e7as de Ripcords posicionadas sob uma bainha de polietileno (PE).<\/p>\n<p>Esses cabos ADSS oferecem desempenho confi\u00e1vel de autossuporte para dist\u00e2ncias de at\u00e9 60 m. Como o pr\u00f3prio nome indica, n\u00e3o h\u00e1 necessidade de suporte ou fio mensageiro, portanto a instala\u00e7\u00e3o \u00e9 feita em uma \u00fanica passagem, tornando o ADSS um meio econ\u00f4mico e simples de construir uma rede de fibra \u00f3ptica.<\/p>\n<p>&nbsp;<\/p>\n<p><strong><b>Caracter\u00edsticas e vantagens<\/b><\/strong><\/p>\n<p>Estrutura n\u00e3o met\u00e1lica, bom isolamento, prote\u00e7\u00e3o contra raios<\/p>\n<p>O fio de aramida possui excelente tecnologia de produ\u00e7\u00e3o, for\u00e7a uniforme, excelente desempenho tens\u00e3o-deforma\u00e7\u00e3o, excelente resist\u00eancia a tiros e melhor desempenho anticorrosivo el\u00e9trico<\/p>\n<p>Sem constru\u00e7\u00e3o de blackout, falha na linha de energia n\u00e3o afeta a transmiss\u00e3o normal do cabo \u00f3ptico<\/p>\n<p>Formato suave, para que o cabo tenha desempenho aerodin\u00e2mico superior<\/p>\n<p>&nbsp;<\/p>\n<p><strong><b>Estrutura do cabo<\/b><\/strong><\/p>\n<table>\n<tbody>\n<tr>\n<td width=\"110\"><strong>Item<\/strong><\/td>\n<td colspan=\"2\" width=\"84\"><strong>Conte\u00fado<\/strong><\/td>\n<td width=\"54\"><strong>Unidade<\/strong><\/td>\n<td width=\"462\"><strong>Valor<\/strong><\/td>\n<\/tr>\n<tr>\n<td width=\"110\">Contagem de fibras<\/td>\n<td colspan=\"2\" width=\"84\">N\u00famero<\/td>\n<td width=\"54\">\/<\/td>\n<td width=\"462\">48<\/td>\n<\/tr>\n<tr>\n<td width=\"110\">Tipo de fibra<\/td>\n<td colspan=\"2\" width=\"84\">\/<\/td>\n<td width=\"54\">\/<\/td>\n<td width=\"462\">G652D<\/td>\n<\/tr>\n<tr>\n<td width=\"110\">Estrutura do cabo<\/td>\n<td colspan=\"2\" width=\"84\">\/<\/td>\n<td width=\"54\">\/<\/td>\n<td width=\"462\">1+6<\/td>\n<\/tr>\n<tr>\n<td width=\"110\">Fibras por tubo<\/td>\n<td colspan=\"2\" width=\"84\">Contar<\/td>\n<td width=\"54\">\/<\/td>\n<td width=\"462\">12<\/td>\n<\/tr>\n<tr>\n<td width=\"110\"><strong>\u00a0<\/strong><\/p>\n<p><strong>\u00a0<\/strong><\/p>\n<p>Tubo solto<\/td>\n<td colspan=\"2\" width=\"84\">Materiais<\/td>\n<td width=\"54\">\/<\/td>\n<td width=\"462\">PBT<\/td>\n<\/tr>\n<tr>\n<td width=\"110\"><\/td>\n<td colspan=\"2\" width=\"84\">Nominais<\/p>\n<p>Di\u00e2metro<\/td>\n<td width=\"54\">mil\u00edmetros<\/td>\n<td width=\"462\">2.4<\/td>\n<\/tr>\n<tr>\n<td width=\"110\"><\/td>\n<td colspan=\"2\" width=\"84\">cor<\/td>\n<td width=\"54\">\/<\/td>\n<td width=\"462\">Azul\u3001Laranja\u3001Verde\u3001Sobrancelha<\/td>\n<\/tr>\n<tr>\n<td width=\"110\">Membro de for\u00e7a central<\/td>\n<td colspan=\"2\" width=\"84\">Materiais<\/td>\n<td width=\"54\">\/<\/td>\n<td width=\"462\">Camada de almofada FRP e PE<\/td>\n<\/tr>\n<tr>\n<td width=\"110\"><\/td>\n<td colspan=\"2\" width=\"84\">Nominais<\/p>\n<p>Di\u00e2metro<\/td>\n<td width=\"54\">mil\u00edmetros<\/td>\n<td width=\"462\">2.6<\/td>\n<\/tr>\n<tr>\n<td width=\"110\"><\/td>\n<td colspan=\"2\" width=\"84\">Almofada PE<\/td>\n<td width=\"54\">mil\u00edmetros<\/td>\n<td width=\"462\">\u2013<\/td>\n<\/tr>\n<tr>\n<td width=\"110\">Bloqueio de \u00e1gua<\/td>\n<td colspan=\"3\" width=\"138\">Materiais<\/td>\n<td width=\"462\">Fio e fita bloqueadora de \u00e1gua<\/td>\n<\/tr>\n<tr>\n<td width=\"110\">Perif\u00e9rico<\/p>\n<p>membro de for\u00e7a<\/td>\n<td colspan=\"3\" width=\"138\"><strong>\u00a0<\/strong><\/p>\n<p>Materiais<\/td>\n<td width=\"462\"><strong>\u00a0<\/strong><\/p>\n<p>Fio de aramida<\/td>\n<\/tr>\n<tr>\n<td width=\"110\">Cord\u00e3o de abertura<\/td>\n<td colspan=\"3\" width=\"138\">N\u00famero<\/td>\n<td width=\"462\">2<\/td>\n<\/tr>\n<tr>\n<td width=\"110\"><\/td>\n<td colspan=\"3\" width=\"138\">cor<\/td>\n<td width=\"462\">Vermelho<\/td>\n<\/tr>\n<tr>\n<td width=\"110\">Listra<\/td>\n<td colspan=\"3\" width=\"138\">cor<\/td>\n<td width=\"462\">Verde*1<\/td>\n<\/tr>\n<tr>\n<td width=\"110\">Bainha<\/td>\n<td colspan=\"3\" width=\"138\">Materiais<\/td>\n<td width=\"462\">PEMD<\/td>\n<\/tr>\n<tr>\n<td width=\"110\"><\/td>\n<td colspan=\"3\" width=\"138\">Cor<\/td>\n<td width=\"462\">Cinza<\/td>\n<\/tr>\n<tr>\n<td width=\"110\"><\/td>\n<td width=\"69\">Espessura<\/td>\n<td colspan=\"2\" width=\"69\">mil\u00edmetros<\/td>\n<td width=\"462\">Nome: 1,9 min. 1.4<\/td>\n<\/tr>\n<tr>\n<td width=\"110\">Atenua\u00e7\u00e3o<\/td>\n<td width=\"69\">1310 nm<\/td>\n<td colspan=\"2\" width=\"69\">dB\/km<\/td>\n<td width=\"462\">\u00a30.36<\/td>\n<\/tr>\n<tr>\n<td width=\"110\"><\/td>\n<td width=\"69\">1550 nm<\/td>\n<td colspan=\"2\" width=\"69\">dB\/km<\/td>\n<td width=\"462\">\u00a30.22<\/td>\n<\/tr>\n<tr>\n<td width=\"110\">Di\u00e2metro do cabo<\/td>\n<td width=\"69\">\u00b10,5<\/td>\n<td colspan=\"2\" width=\"69\">mil\u00edmetros<\/td>\n<td width=\"462\">11.8<\/td>\n<\/tr>\n<tr>\n<td width=\"110\">Peso do cabo<\/td>\n<td width=\"69\">\u00b110%<\/td>\n<td colspan=\"2\" width=\"69\">kg\/km<\/td>\n<td width=\"462\">111<\/td>\n<\/tr>\n<\/tbody>\n<\/table>\n<p>&nbsp;<\/p>\n<p><strong><b>Cor padr\u00e3o da fibra e do tubo<\/b><\/strong><\/p>\n<p>O c\u00f3digo de cores dos tubos e das fibras individuais deve estar de acordo com a tabela abaixo:<\/p>\n<table>\n<tbody>\n<tr>\n<td width=\"183\">N\u00e3o.<\/td>\n<td width=\"82\">1<\/td>\n<td width=\"82\">2<\/td>\n<td width=\"82\">3<\/td>\n<td width=\"82\">4<\/td>\n<td width=\"82\">5<\/td>\n<td width=\"80\">6<\/td>\n<\/tr>\n<tr>\n<td width=\"183\">Cor<\/td>\n<td width=\"82\">Azul<\/td>\n<td width=\"82\">Laranja<\/td>\n<td width=\"82\">Verde<\/td>\n<td width=\"82\">Marrom<\/td>\n<td width=\"82\">Ard\u00f3sia<\/td>\n<td width=\"80\">Branco<\/td>\n<\/tr>\n<tr>\n<td width=\"183\">N\u00e3o.<\/td>\n<td width=\"82\">7<\/td>\n<td width=\"82\">8<\/td>\n<td width=\"82\">9<\/td>\n<td width=\"82\">10<\/td>\n<td width=\"82\">11<\/td>\n<td width=\"80\">12<\/td>\n<\/tr>\n<tr>\n<td width=\"183\">Cor<\/td>\n<td width=\"82\">Vermelho<\/td>\n<td width=\"82\">Preto<\/td>\n<td width=\"82\">Amarelo<\/td>\n<td width=\"82\">Violeta<\/td>\n<td width=\"82\">Rosa<\/td>\n<td width=\"80\">\u00c1gua<\/td>\n<\/tr>\n<\/tbody>\n<\/table>\n<p>&nbsp;<\/p>\n<p><strong><b>Desempenho Mec\u00e2nico e Ambiental<\/b><\/strong><\/p>\n<table>\n<tbody>\n<tr>\n<td width=\"221\"><strong>Item<\/strong><\/td>\n<td width=\"217\"><strong>Conte\u00fado<\/strong><\/td>\n<td width=\"273\"><strong>Valor<\/strong><\/td>\n<\/tr>\n<tr>\n<td rowspan=\"2\" width=\"221\"><strong>\u00a0<\/strong><\/p>\n<p>Min. raio de curvatura<\/td>\n<td width=\"217\">Instala\u00e7\u00e3o<\/td>\n<td width=\"273\">20 x di\u00e2metro do cabo<\/td>\n<\/tr>\n<tr>\n<td width=\"217\">Opera\u00e7\u00e3o<\/td>\n<td width=\"273\">10 x di\u00e2metro do cabo<\/td>\n<\/tr>\n<tr>\n<td rowspan=\"3\" width=\"221\"><strong>\u00a0<\/strong><\/p>\n<p>Faixa de temperatura<\/td>\n<td width=\"217\">Opera\u00e7\u00e3o<\/td>\n<td width=\"273\">-30\u2103 ~ +70\u2103<\/td>\n<\/tr>\n<tr>\n<td width=\"217\">Instala\u00e7\u00e3o<\/td>\n<td width=\"273\">-5\u2103 ~ +50\u2103<\/td>\n<\/tr>\n<tr>\n<td width=\"217\">Armazenamento\/transporte<\/td>\n<td width=\"273\">-30\u2103 ~ +70\u2103<\/td>\n<\/tr>\n<\/tbody>\n<\/table>\n<p><strong><b>\u00a0<\/b><\/strong><\/p>\n<p><strong><b>Ambiente de instala\u00e7\u00e3o e utiliza\u00e7\u00e3o<\/b><\/strong><\/p>\n<table>\n<tbody>\n<tr>\n<td width=\"221\"><strong>Carregar<\/strong><strong>\u00a0<\/strong><strong>Condi\u00e7\u00f5es<\/strong><\/td>\n<td width=\"277\"><strong>Condi\u00e7\u00f5es<\/strong><\/td>\n<td width=\"129\"><strong>Cabo<\/strong><strong>\u00a0<\/strong><strong>tens\u00e3o<\/strong><\/td>\n<td width=\"84\"><strong>Fibra<\/strong><\/p>\n<p><strong>tens\u00e3o<\/strong><\/td>\n<\/tr>\n<tr>\n<td width=\"221\">Instala\u00e7\u00e3o inicial<\/td>\n<td width=\"277\">M\u00e1x. V\u00e3o 60m , M\u00e1x. Sag 0,4m, sem carga clim\u00e1tica a 15\u00b0C<\/td>\n<td width=\"129\">1000N<\/td>\n<td width=\"84\">0.0%<\/td>\n<\/tr>\n<tr>\n<td width=\"221\">Cargas clim\u00e1ticas<\/td>\n<td width=\"277\">M\u00e1x. velocidade do vento de 105 km\/h a -5\u00b0C, sem gelo, sem carga extra<\/td>\n<td width=\"129\"><strong>\u00a0<\/strong><\/p>\n<p>2500N<\/td>\n<td width=\"84\"><strong>\u00a0<\/strong><\/p>\n<p>0.4%<\/td>\n<\/tr>\n<tr>\n<td width=\"221\">M\u00e1x. carga do cabo MRCL<\/p>\n<p>(m\u00e1x. estresse di\u00e1rio)<\/td>\n<td width=\"277\"><strong>\u00a0<\/strong><\/p>\n<p>\/<\/td>\n<td width=\"129\"><strong>\u00a0<\/strong><\/p>\n<p>1400N<\/td>\n<td width=\"84\"><strong>\u00a0<\/strong><\/p>\n<p>0.2%<\/td>\n<\/tr>\n<tr>\n<td width=\"221\">Quebrando carga<\/td>\n<td width=\"277\">8500N<\/td>\n<td width=\"129\">\/<\/td>\n<td width=\"84\">\/<\/td>\n<\/tr>\n<\/tbody>\n<\/table>\n<p><strong><b>\u00a0<\/b><\/strong><\/p>\n<p><strong><b>Par\u00e2metros t\u00e9cnicos de fibra \u00f3ptica-SMF<\/b><\/strong><\/p>\n<table>\n<tbody>\n<tr>\n<td colspan=\"2\" rowspan=\"2\" width=\"457\">Item<\/td>\n<td rowspan=\"2\" width=\"84\">Unidade<\/td>\n<td width=\"169\">Especifica\u00e7\u00e3o<\/td>\n<\/tr>\n<tr>\n<td width=\"169\">G. 652D<\/td>\n<\/tr>\n<tr>\n<td rowspan=\"2\" width=\"324\">Di\u00e2metro do campo de modo<\/td>\n<td width=\"132\">1310 nm<\/td>\n<td width=\"84\">mil\u00edmetros<\/td>\n<td width=\"169\">9,2 \u00b1 0,4<\/td>\n<\/tr>\n<tr>\n<td width=\"132\">1550 nm<\/td>\n<td width=\"84\">mil\u00edmetros<\/td>\n<td width=\"169\">10,4 \u00b1 0,5<\/td>\n<\/tr>\n<tr>\n<td colspan=\"2\" width=\"457\">Di\u00e2metro do revestimento<\/td>\n<td width=\"84\">mil\u00edmetros<\/td>\n<td width=\"169\">125,0 \u00b1 0,7<\/td>\n<\/tr>\n<tr>\n<td colspan=\"2\" width=\"457\">N\u00e3o circularidade do revestimento<\/td>\n<td width=\"84\">%<\/td>\n<td width=\"169\">\u00a31.0<\/td>\n<\/tr>\n<tr>\n<td colspan=\"2\" width=\"457\">Erro de concentricidade central<\/td>\n<td width=\"84\">mil\u00edmetros<\/td>\n<td width=\"169\">\u00a30.6<\/td>\n<\/tr>\n<tr>\n<td colspan=\"2\" width=\"457\">Di\u00e2metro do revestimento<\/td>\n<td width=\"84\">mil\u00edmetros<\/td>\n<td width=\"169\">242 \u00b1 7<\/td>\n<\/tr>\n<tr>\n<td colspan=\"2\" width=\"457\">Erro de concentricidade de revestimento\/revestimento<\/td>\n<td width=\"84\">mil\u00edmetros<\/td>\n<td width=\"169\">\u00a312<\/td>\n<\/tr>\n<tr>\n<td colspan=\"2\" width=\"457\">Comprimento de onda de corte do cabo \u03bbcc<\/td>\n<td width=\"84\">nm<\/td>\n<td width=\"169\">\u00a3\u00a01260<\/td>\n<\/tr>\n<tr>\n<td rowspan=\"2\" width=\"324\">Atenua\u00e7\u00e3o<\/td>\n<td width=\"132\">1310 nm<\/td>\n<td width=\"84\">dB\/km<\/td>\n<td width=\"169\">\u00a30.35<\/td>\n<\/tr>\n<tr>\n<td width=\"132\">1550 nm<\/td>\n<td width=\"84\">dB\/km<\/td>\n<td width=\"169\">\u00a30.21<\/td>\n<\/tr>\n<\/tbody>\n<\/table>","protected":false},"excerpt":{"rendered":"<p>O cabo ADSS de 48 n\u00facleos \u00e9 o CABO ADSS mais popular. \u00c9 usado uma estrutura de cabo de bainha \u00fanica, corpo de cabo de 1 + 6 tubos para construir este cabo de instala\u00e7\u00e3o a\u00e9rea externa de bom desempenho. A estrutura ADSS dos cabos \u00f3pticos adota uma estrutura torcida de tubo solto. Fibras \u00f3pticas de 250 um s\u00e3o inseridas em um tubo solto feito de poli\u00e9ster de alto m\u00f3dulo e preenchido com [...]<\/p>","protected":false},"featured_media":10921,"comment_status":"closed","ping_status":"closed","template":"","meta":{"site-sidebar-layout":"default","site-content-layout":"","ast-site-content-layout":"default","site-content-style":"default","site-sidebar-style":"default","ast-global-header-display":"","ast-banner-title-visibility":"","ast-main-header-display":"","ast-hfb-above-header-display":"","ast-hfb-below-header-display":"","ast-hfb-mobile-header-display":"","site-post-title":"","ast-breadcrumbs-content":"","ast-featured-img":"","footer-sml-layout":"","theme-transparent-header-meta":"default","adv-header-id-meta":"","stick-header-meta":"default","header-above-stick-meta":"","header-main-stick-meta":"","header-below-stick-meta":"","astra-migrate-meta-layouts":"set","ast-page-background-enabled":"default","ast-page-background-meta":{"desktop":{"background-color":"var(--ast-global-color-4)","background-image":"","background-repeat":"repeat","background-position":"center center","background-size":"auto","background-attachment":"scroll","background-type":"","background-media":"","overlay-type":"","overlay-color":"","overlay-gradient":""},"tablet":{"background-color":"","background-image":"","background-repeat":"repeat","background-position":"center center","background-size":"auto","background-attachment":"scroll","background-type":"","background-media":"","overlay-type":"","overlay-color":"","overlay-gradient":""},"mobile":{"background-color":"","background-image":"","background-repeat":"repeat","background-position":"center center","background-size":"auto","background-attachment":"scroll","background-type":"","background-media":"","overlay-type":"","overlay-color":"","overlay-gradient":""}},"ast-content-background-meta":{"desktop":{"background-color":"var(--ast-global-color-5)","background-image":"","background-repeat":"repeat","background-position":"center center","background-size":"auto","background-attachment":"scroll","background-type":"","background-media":"","overlay-type":"","overlay-color":"","overlay-gradient":""},"tablet":{"background-color":"var(--ast-global-color-5)","background-image":"","background-repeat":"repeat","background-position":"center center","background-size":"auto","background-attachment":"scroll","background-type":"","background-media":"","overlay-type":"","overlay-color":"","overlay-gradient":""},"mobile":{"background-color":"var(--ast-global-color-5)","background-image":"","background-repeat":"repeat","background-position":"center center","background-size":"auto","background-attachment":"scroll","background-type":"","background-media":"","overlay-type":"","overlay-color":"","overlay-gradient":""}}},"product_cat":[125,141],"product_tag":[],"class_list":{"0":"post-10919","1":"product","2":"type-product","3":"status-publish","4":"has-post-thumbnail","6":"product_cat-adss-cable","7":"product_cat-adss-cablesingle-sheath","8":"desktop-align-left","9":"tablet-align-left","10":"mobile-align-left","11":"ast-product-gallery-layout-horizontal-slider","12":"ast-product-tabs-layout-horizontal","14":"first","15":"instock","16":"shipping-taxable","17":"product-type-simple"},"acf":[],"_links":{"self":[{"href":"https:\/\/www.omccable.com\/pt\/wp-json\/wp\/v2\/product\/10919","targetHints":{"allow":["GET"]}}],"collection":[{"href":"https:\/\/www.omccable.com\/pt\/wp-json\/wp\/v2\/product"}],"about":[{"href":"https:\/\/www.omccable.com\/pt\/wp-json\/wp\/v2\/types\/product"}],"replies":[{"embeddable":true,"href":"https:\/\/www.omccable.com\/pt\/wp-json\/wp\/v2\/comments?post=10919"}],"version-history":[{"count":3,"href":"https:\/\/www.omccable.com\/pt\/wp-json\/wp\/v2\/product\/10919\/revisions"}],"predecessor-version":[{"id":13314,"href":"https:\/\/www.omccable.com\/pt\/wp-json\/wp\/v2\/product\/10919\/revisions\/13314"}],"wp:featuredmedia":[{"embeddable":true,"href":"https:\/\/www.omccable.com\/pt\/wp-json\/wp\/v2\/media\/10921"}],"wp:attachment":[{"href":"https:\/\/www.omccable.com\/pt\/wp-json\/wp\/v2\/media?parent=10919"}],"wp:term":[{"taxonomy":"product_cat","embeddable":true,"href":"https:\/\/www.omccable.com\/pt\/wp-json\/wp\/v2\/product_cat?post=10919"},{"taxonomy":"product_tag","embeddable":true,"href":"https:\/\/www.omccable.com\/pt\/wp-json\/wp\/v2\/product_tag?post=10919"}],"curies":[{"name":"wp","href":"https:\/\/api.w.org\/{rel}","templated":true}]}}