{"id":10801,"date":"2024-05-04T16:11:42","date_gmt":"2024-05-04T08:11:42","guid":{"rendered":"https:\/\/www.omccable.com\/?post_type=product&#038;p=10801"},"modified":"2024-07-27T11:32:30","modified_gmt":"2024-07-27T03:32:30","slug":"1f-5-0mm-sm-ftth-drop-cable-double-sheath-hdpe-high-tensile","status":"publish","type":"product","link":"https:\/\/www.omccable.com\/pt\/produto\/1f-5-0mm-sm-ftth-drop-cable-double-sheath-hdpe-high-tensile\/","title":{"rendered":"1F 5.0mm SM FTTH Cabo pendente - Bainha dupla HDPE - Alta resist\u00eancia"},"content":{"rendered":"<p>Cabo pendente 1F 5,0 mm SM FTTH - Bainha Dupla HDPE - Cabo de alta resist\u00eancia use sub cabo OD de 2,0 mm como meio de comunica\u00e7\u00e3o \u00f3ptica, o sub cabo \u00e9 enrolado com uma camada de fio de aramida como unidades de membro de resist\u00eancia. Dois fios FRP paralelos s\u00e3o colocados em ambos os lados do n\u00facleo do cabo enquanto uma bainha de HDPE \u00e9 extrudada sobre ele.<\/p>\n<p>&nbsp;<\/p>\n<p><strong>Estrutura e par\u00e2metro do cabo<\/strong><\/p>\n<table>\n<tbody>\n<tr>\n<td width=\"168\"><strong><b>Itens<\/b><\/strong><\/td>\n<td width=\"123\"><strong><b>Conte\u00fado<\/b><\/strong><\/td>\n<td width=\"123\"><strong><b>Unidade<\/b><\/strong><\/td>\n<td width=\"252\"><strong><b>Valor<\/b><\/strong><\/td>\n<\/tr>\n<tr>\n<td rowspan=\"2\" width=\"168\">Fibra \u00d3ptica<\/td>\n<td width=\"123\">N\u00famero do modelo<\/td>\n<td width=\"123\">\/<\/td>\n<td width=\"252\">G657A2<\/td>\n<\/tr>\n<tr>\n<td width=\"123\">N\u00famero<\/td>\n<td width=\"123\">\/<\/td>\n<td width=\"252\">1<\/td>\n<\/tr>\n<tr>\n<td rowspan=\"3\" width=\"168\">Buffer apertado<\/td>\n<td width=\"123\">Cor<\/td>\n<td width=\"123\">\/<\/td>\n<td width=\"252\">Azul<\/td>\n<\/tr>\n<tr>\n<td width=\"123\">Materiais<\/td>\n<td width=\"123\">\/<\/td>\n<td width=\"252\">LSZH<\/td>\n<\/tr>\n<tr>\n<td width=\"123\">Di\u00e2metro<\/td>\n<td width=\"123\">mil\u00edmetros<\/td>\n<td width=\"252\">0,9\u00b10,05<\/td>\n<\/tr>\n<tr>\n<td rowspan=\"4\" width=\"168\">Subcabo<\/td>\n<td width=\"123\">Membro de for\u00e7a<\/td>\n<td width=\"123\">\/<\/td>\n<td width=\"252\">Fio de aramida<\/td>\n<\/tr>\n<tr>\n<td width=\"123\">Cor da bainha<\/td>\n<td width=\"123\">\/<\/td>\n<td width=\"252\">Branco<\/td>\n<\/tr>\n<tr>\n<td width=\"123\">Material da bainha<\/td>\n<td width=\"123\">\/<\/td>\n<td width=\"252\">LSZH<\/td>\n<\/tr>\n<tr>\n<td width=\"123\">Di\u00e2metro<\/td>\n<td width=\"123\">mil\u00edmetros<\/td>\n<td width=\"252\">2,0\u00b10,1<\/td>\n<\/tr>\n<tr>\n<td rowspan=\"4\" width=\"168\">Bainha Externa<\/td>\n<td width=\"123\">Membro de for\u00e7a<\/td>\n<td width=\"123\">\/<\/td>\n<td width=\"252\">Fio de aramida+FRP<\/td>\n<\/tr>\n<tr>\n<td width=\"123\">Cor da bainha<\/td>\n<td width=\"123\">\/<\/td>\n<td width=\"252\">Preto<\/td>\n<\/tr>\n<tr>\n<td width=\"123\">Material da bainha<\/td>\n<td width=\"123\">\/<\/td>\n<td width=\"252\">PEAD<\/td>\n<\/tr>\n<tr>\n<td width=\"123\">Di\u00e2metro<\/td>\n<td width=\"123\">mil\u00edmetros<\/td>\n<td width=\"252\">5,0\u00b10,3<\/td>\n<\/tr>\n<tr>\n<td colspan=\"2\" width=\"291\">Peso do cabo<\/td>\n<td width=\"123\">KG\/KM<\/td>\n<td width=\"252\">22<\/td>\n<\/tr>\n<\/tbody>\n<\/table>\n<p>&nbsp;<\/p>\n<p><strong><b>PAR\u00c2METROS MEC\u00c2NICOS DO CABO<\/b><\/strong><\/p>\n<table>\n<tbody>\n<tr>\n<td width=\"207\"><strong>Item<\/strong><\/td>\n<td width=\"216\"><strong>Conte\u00fado<\/strong><\/td>\n<td width=\"256\"><strong>Valor<\/strong><\/td>\n<\/tr>\n<tr>\n<td rowspan=\"2\" width=\"207\">Carga de tra\u00e7\u00e3o<\/td>\n<td width=\"216\">Curto prazo<\/td>\n<td width=\"256\">Deforma\u00e7\u00e3o de fibra 800N\u22640,33%<\/td>\n<\/tr>\n<tr>\n<td width=\"216\">Longo prazo<\/td>\n<td width=\"256\">400N<\/td>\n<\/tr>\n<tr>\n<td rowspan=\"2\" width=\"207\">Resist\u00eancia ao esmagamento<\/td>\n<td width=\"216\">Curto prazo<\/td>\n<td width=\"256\">1000<\/td>\n<\/tr>\n<tr>\n<td width=\"216\">Longo prazo<\/td>\n<td width=\"256\">300<\/td>\n<\/tr>\n<tr>\n<td rowspan=\"2\" width=\"207\">Min. raio de curvatura<\/td>\n<td width=\"216\">Instala\u00e7\u00e3o<\/td>\n<td width=\"256\">30 x di\u00e2metro do cabo<\/td>\n<\/tr>\n<tr>\n<td width=\"216\">Opera\u00e7\u00e3o<\/td>\n<td width=\"256\">15 x di\u00e2metro do cabo<\/td>\n<\/tr>\n<\/tbody>\n<\/table>\n<p><strong>\u00a0<\/strong><\/p>\n<p><strong><b>PAR\u00c2METROS AMBIENTAIS<\/b><\/strong><\/p>\n<table>\n<tbody>\n<tr>\n<td width=\"151\"><strong>Item<\/strong><\/td>\n<td width=\"264\"><strong>Padr\u00e3o<\/strong><\/td>\n<td width=\"257\"><strong>Especifica\u00e7\u00e3o<\/strong><\/td>\n<\/tr>\n<tr>\n<td rowspan=\"2\" width=\"151\">Ambiental<\/td>\n<td width=\"264\">IEC-60794-1-22-F5B<\/td>\n<td width=\"257\">Sem penetra\u00e7\u00e3o de \u00e1gua<\/td>\n<\/tr>\n<tr>\n<td width=\"264\">IEC-60794-1-22-F9<\/td>\n<td width=\"257\">\u22640,1dB\/km m\u00e1x. altera\u00e7\u00e3o de atenua\u00e7\u00e3o permitida<\/td>\n<\/tr>\n<tr>\n<td width=\"151\">Faixa de temperatura de aplica\u00e7\u00e3o<\/td>\n<td width=\"264\">Faixa de temperatura de aplica\u00e7\u00e3o\u2103<\/td>\n<td width=\"257\">Opera\u00e7\u00e3o:  \u2013 10\u00b0C ~ +70\u00b0C<\/p>\n<p>Instala\u00e7\u00e3o:  -40\u00b0C ~ +70\u00b0C<\/p>\n<p>Armazenamento\/transporte:  \u2013 40\u2103 ~ +70\u2103<\/td>\n<\/tr>\n<\/tbody>\n<\/table>\n<p>&nbsp;<\/p>\n<p><strong><b>Tipo e propriedades de fibra \u00f3ptica<\/b><\/strong><\/p>\n<table>\n<tbody>\n<tr>\n<td rowspan=\"2\" width=\"167\"><strong><b>Par\u00e2metro<\/b><\/strong><\/td>\n<td rowspan=\"2\" width=\"95\"><strong><b>Condi\u00e7\u00f5es<\/b><\/strong><\/td>\n<td rowspan=\"2\" width=\"84\"><strong><b>Unidades<\/b><\/strong><\/td>\n<td colspan=\"4\" width=\"328\"><strong><b>Valor<\/b><\/strong><\/td>\n<\/tr>\n<tr>\n<td width=\"84\"><strong><b>G652D<\/b><\/strong><\/td>\n<td width=\"84\"><strong><b>G657A1<\/b><\/strong><\/td>\n<td width=\"84\"><strong><b>G657A2<\/b><\/strong><\/td>\n<td width=\"75\"><strong><b>G657B3<\/b><\/strong><\/td>\n<\/tr>\n<tr>\n<td colspan=\"3\" width=\"347\"><strong><b>Especifica\u00e7\u00e3o \u00f3ptica<\/b><\/strong><\/td>\n<td colspan=\"4\" width=\"328\"><strong><b>\u3000<\/b><\/strong><\/td>\n<\/tr>\n<tr>\n<td rowspan=\"4\" width=\"167\">Atenua\u00e7\u00e3o<\/td>\n<td width=\"95\">1310nm<\/td>\n<td width=\"84\">dB\/km<\/td>\n<td width=\"84\">\u22640,350<\/td>\n<td width=\"84\">\u22640,350<\/td>\n<td width=\"84\">\u22640,350<\/td>\n<td width=\"75\">\u22640,350<\/td>\n<\/tr>\n<tr>\n<td width=\"95\">1383 nm<\/td>\n<td width=\"84\">dB\/km<\/td>\n<td width=\"84\">\u22640,330<\/td>\n<td width=\"84\">\u22640,350<\/td>\n<td width=\"84\">\u22640,350<\/td>\n<td width=\"75\">\u22640,350<\/td>\n<\/tr>\n<tr>\n<td width=\"95\">1550 nm<\/td>\n<td width=\"84\">dB\/km<\/td>\n<td width=\"84\">\u22640,210<\/td>\n<td width=\"84\">\u22640,210<\/td>\n<td width=\"84\">\u22640,210<\/td>\n<td width=\"75\">\u22640,210<\/td>\n<\/tr>\n<tr>\n<td width=\"95\">1625 nm<\/td>\n<td width=\"84\">dB\/km<\/td>\n<td width=\"84\">\u22640,240<\/td>\n<td width=\"84\">\u22640,230<\/td>\n<td width=\"84\">\u22640,230<\/td>\n<td width=\"75\">\u22640,230<\/td>\n<\/tr>\n<tr>\n<td rowspan=\"3\" width=\"167\">Atenua\u00e7\u00e3o versus comprimento de onda<\/td>\n<td width=\"95\">1310nm vs. 1285-1330 nm<\/td>\n<td width=\"84\">dB\/km<\/td>\n<td width=\"84\">\u22640,04<\/td>\n<td width=\"84\">\u22640,04<\/td>\n<td width=\"84\">\u22640,05<\/td>\n<td width=\"75\">\u22640,03<\/td>\n<\/tr>\n<tr>\n<td width=\"95\">1550 nm vs. 1525-1575 nm<\/td>\n<td width=\"84\">dB\/km<\/td>\n<td width=\"84\">\u22640,03<\/td>\n<td width=\"84\">\u22640,03<\/td>\n<td width=\"84\">\u22640,04<\/td>\n<td width=\"75\">\u22640,02<\/td>\n<\/tr>\n<tr>\n<td width=\"95\">1550 nm vs. 1480-1580 nm<\/td>\n<td width=\"84\">dB\/km<\/td>\n<td width=\"84\">\u22640,04<\/td>\n<td width=\"84\">\u2013<\/td>\n<td width=\"84\">\u2013<\/td>\n<td width=\"75\">\u2013<\/td>\n<\/tr>\n<tr>\n<td width=\"167\">Comprimento de onda de dispers\u00e3o zero<\/td>\n<td rowspan=\"2\" width=\"95\">\\<\/td>\n<td width=\"84\">nm<\/td>\n<td width=\"84\">1300-1324<\/td>\n<td width=\"84\">1300-1324<\/td>\n<td width=\"84\">1300-1324<\/td>\n<td width=\"75\">1300-1324<\/td>\n<\/tr>\n<tr>\n<td width=\"167\">Inclina\u00e7\u00e3o de Dispers\u00e3o Zero<\/td>\n<td width=\"84\">ps\/(nm<sup>2<\/sup>\u00b7km)<\/td>\n<td width=\"84\">0.073-0.092<\/td>\n<td width=\"84\">0.073-0.092<\/td>\n<td width=\"84\">0.073-0.092<\/td>\n<td width=\"75\">\u22640,092<\/td>\n<\/tr>\n<tr>\n<td rowspan=\"2\" width=\"167\">Dispers\u00e3o<\/td>\n<td width=\"95\">1550 nm<\/td>\n<td width=\"84\">ps\/(nm\u00b7km)<\/td>\n<td width=\"84\">13.3-18.6<\/td>\n<td width=\"84\">13.3-18.6<\/td>\n<td width=\"84\">13.3-18.6<\/td>\n<td width=\"75\">&nbsp;<\/td>\n<\/tr>\n<tr>\n<td width=\"95\">1625 nm<\/td>\n<td width=\"84\">ps\/(nm\u00b7km)<\/td>\n<td width=\"84\">17.2-23.7<\/td>\n<td width=\"84\">17.2-23.7<\/td>\n<td width=\"84\">17.2-23.7<\/td>\n<td width=\"75\">&nbsp;<\/td>\n<\/tr>\n<tr>\n<td colspan=\"2\" width=\"262\">Dispers\u00e3o do modo de polariza\u00e7\u00e3o (PMD)<\/td>\n<td width=\"84\">ps\/\u221akm<\/td>\n<td width=\"84\">\u22640,2<\/td>\n<td width=\"84\">\u22640,2<\/td>\n<td width=\"84\">\u22640,2<\/td>\n<td width=\"75\">\u22640,2<\/td>\n<\/tr>\n<tr>\n<td width=\"167\">Comprimento de onda de corte \u03bbcc<\/td>\n<td width=\"95\">\u2013<\/td>\n<td width=\"84\">nm<\/td>\n<td width=\"84\">\u22641260<\/td>\n<td width=\"84\">\u22641260<\/td>\n<td width=\"84\">\u22641260<\/td>\n<td width=\"75\">\u22641260<\/td>\n<\/tr>\n<tr>\n<td rowspan=\"2\" width=\"167\">Di\u00e2metro de campo modal (MFD)<\/td>\n<td width=\"95\">1310nm<\/td>\n<td width=\"84\">\u03bcm<\/td>\n<td width=\"84\">9,2\u00b10,4<\/td>\n<td width=\"84\">9,2\u00b10,4<\/td>\n<td width=\"84\">8,6\u00b10,4<\/td>\n<td width=\"75\">8,6\u00b10,4<\/td>\n<\/tr>\n<tr>\n<td width=\"95\">1550 nm<\/td>\n<td width=\"84\">\u03bcm<\/td>\n<td width=\"84\">10,4\u00b10,5<\/td>\n<td width=\"84\">10,4\u00b10,5<\/td>\n<td width=\"84\">9,6\u00b10,5<\/td>\n<td width=\"75\">9,6\u00b10,5<\/td>\n<\/tr>\n<tr>\n<td rowspan=\"2\" width=\"167\">Descontinuidade de Atenua\u00e7\u00e3o<\/td>\n<td width=\"95\">1310nm<\/td>\n<td width=\"84\">dB<\/td>\n<td width=\"84\">\u22640,03<\/td>\n<td width=\"84\">\u22640,03<\/td>\n<td width=\"84\">\u22640,03<\/td>\n<td width=\"75\">\u22640,03<\/td>\n<\/tr>\n<tr>\n<td width=\"95\">1550 nm<\/td>\n<td width=\"84\">dB<\/td>\n<td width=\"84\">\u22640,03<\/td>\n<td width=\"84\">\u22640,03<\/td>\n<td width=\"84\">\u22640,03<\/td>\n<td width=\"75\">\u22640,03<\/td>\n<\/tr>\n<tr>\n<td rowspan=\"2\" width=\"167\">Atenua\u00e7\u00e3o Bidirecional<\/td>\n<td width=\"95\">1310nm<\/td>\n<td width=\"84\">dB\/km<\/td>\n<td width=\"84\">\u22640,04<\/td>\n<td width=\"84\">&nbsp;<\/td>\n<td width=\"84\">&nbsp;<\/td>\n<td width=\"75\">\u22640,05<\/td>\n<\/tr>\n<tr>\n<td width=\"95\">1550 nm<\/td>\n<td width=\"84\">dB\/km<\/td>\n<td width=\"84\">\u22640,04<\/td>\n<td width=\"84\">&nbsp;<\/td>\n<td width=\"84\">&nbsp;<\/td>\n<td width=\"75\">\u22640,05<\/td>\n<\/tr>\n<tr>\n<td colspan=\"3\" width=\"347\"><strong><b>Geom\u00e9trico<\/b><\/strong><\/td>\n<td colspan=\"4\" width=\"328\">&nbsp;<\/td>\n<\/tr>\n<tr>\n<td colspan=\"2\" width=\"262\">Di\u00e2metro do revestimento<\/td>\n<td width=\"84\">\u03bcm<\/td>\n<td width=\"84\">125\u00b10,7<\/td>\n<td width=\"84\">125\u00b10,7<\/td>\n<td width=\"84\">125\u00b10,7<\/td>\n<td width=\"75\">125\u00b10,7<\/td>\n<\/tr>\n<tr>\n<td colspan=\"2\" width=\"262\">N\u00e3o Circularidade do Revestimento<\/td>\n<td width=\"84\">%<\/td>\n<td width=\"84\">\u22641,0<\/td>\n<td width=\"84\">\u22641,0<\/td>\n<td width=\"84\">\u22640,8<\/td>\n<td width=\"75\">\u22640,7<\/td>\n<\/tr>\n<tr>\n<td colspan=\"2\" width=\"262\">Erro de concentricidade do n\u00facleo\/revestimento<\/td>\n<td width=\"84\">\u03bcm<\/td>\n<td width=\"84\">\u22640,6<\/td>\n<td width=\"84\">\u22640,5<\/td>\n<td width=\"84\">\u22640,5<\/td>\n<td width=\"75\">\u22640,5<\/td>\n<\/tr>\n<tr>\n<td colspan=\"2\" rowspan=\"2\" width=\"262\">Di\u00e2metro do revestimento (sem cor)<\/td>\n<td width=\"84\">\u03bcm<\/td>\n<td colspan=\"4\" width=\"328\">242\u00b17 (padr\u00e3o)<\/td>\n<\/tr>\n<tr>\n<td width=\"84\">\u03bcm<\/td>\n<td colspan=\"4\" width=\"328\">200\u00b110 (opcional)<\/td>\n<\/tr>\n<tr>\n<td colspan=\"2\" width=\"262\">Erro de concentricidade do revestimento\/revestimento<\/td>\n<td width=\"84\">\u03bcm<\/td>\n<td width=\"84\">\u226412<\/td>\n<td width=\"84\">\u226412<\/td>\n<td width=\"84\">\u226412<\/td>\n<td width=\"75\">\u226412<\/td>\n<\/tr>\n<tr>\n<td colspan=\"2\" width=\"262\">Enrolar<\/td>\n<td width=\"84\">m<\/td>\n<td width=\"84\">\u22654<\/td>\n<td width=\"84\">\u22654<\/td>\n<td width=\"84\">\u22654<\/td>\n<td width=\"75\">\u22654<\/td>\n<\/tr>\n<tr>\n<td colspan=\"3\" width=\"347\"><strong><b>Ambiental (1550 nm, 1625 nm)<\/b><\/strong><\/td>\n<td colspan=\"4\" width=\"328\">&nbsp;<\/td>\n<\/tr>\n<tr>\n<td width=\"167\">Ciclagem de temperatura<\/td>\n<td width=\"95\">-60\u2103 a +85\u2103<\/td>\n<td width=\"84\">dB\/km<\/td>\n<td width=\"84\">\u22640,03<\/td>\n<td width=\"84\">\u22640,05<\/td>\n<td width=\"84\">\u22640,05<\/td>\n<td width=\"75\">\u22640,05<\/td>\n<\/tr>\n<tr>\n<td width=\"167\">Alta temperatura e<\/p>\n<p>Alta Umidade<\/td>\n<td width=\"95\">85\u2103, 85% RH, 30 dias<\/td>\n<td width=\"84\">dB\/km<\/td>\n<td width=\"84\">\u22640,03<\/td>\n<td width=\"84\">\u22640,05<\/td>\n<td width=\"84\">\u22640,05<\/td>\n<td width=\"75\">\u22640,05<\/td>\n<\/tr>\n<tr>\n<td width=\"167\">Imers\u00e3o em \u00c1gua<\/td>\n<td width=\"95\">23\u2103, 30 dias<\/td>\n<td width=\"84\">dB\/km<\/td>\n<td width=\"84\">\u22640,03<\/td>\n<td width=\"84\">\u22640,05<\/td>\n<td width=\"84\">\u22640,05<\/td>\n<td width=\"75\">\u22640,05<\/td>\n<\/tr>\n<tr>\n<td width=\"167\">Envelhecimento a alta temperatura<\/td>\n<td width=\"95\">85\u00b0C, 30 dias<\/td>\n<td width=\"84\">dB\/km<\/td>\n<td width=\"84\">\u22640,03<\/td>\n<td width=\"84\">\u22640,05<\/td>\n<td width=\"84\">\u22640,05<\/td>\n<td width=\"75\">\u22640,05<\/td>\n<\/tr>\n<\/tbody>\n<\/table>","protected":false},"excerpt":{"rendered":"<p>Cabo pendente 1F 5,0 mm SM FTTH - Bainha Dupla HDPE - Cabo de alta resist\u00eancia use sub cabo OD de 2,0 mm como meio de comunica\u00e7\u00e3o \u00f3ptica, o sub cabo \u00e9 enrolado com uma camada de fio de aramida como unidades de membro de resist\u00eancia. Dois fios FRP paralelos s\u00e3o colocados em ambos os lados do n\u00facleo do cabo enquanto uma bainha de HDPE \u00e9 extrudada sobre ele.   Estrutura do cabo e itens de par\u00e2metros [...]<\/p>","protected":false},"featured_media":10803,"comment_status":"closed","ping_status":"closed","template":"","meta":{"site-sidebar-layout":"default","site-content-layout":"","ast-site-content-layout":"default","site-content-style":"default","site-sidebar-style":"default","ast-global-header-display":"","ast-banner-title-visibility":"","ast-main-header-display":"","ast-hfb-above-header-display":"","ast-hfb-below-header-display":"","ast-hfb-mobile-header-display":"","site-post-title":"","ast-breadcrumbs-content":"","ast-featured-img":"","footer-sml-layout":"","theme-transparent-header-meta":"default","adv-header-id-meta":"","stick-header-meta":"default","header-above-stick-meta":"","header-main-stick-meta":"","header-below-stick-meta":"","astra-migrate-meta-layouts":"set","ast-page-background-enabled":"default","ast-page-background-meta":{"desktop":{"background-color":"var(--ast-global-color-4)","background-image":"","background-repeat":"repeat","background-position":"center center","background-size":"auto","background-attachment":"scroll","background-type":"","background-media":"","overlay-type":"","overlay-color":"","overlay-gradient":""},"tablet":{"background-color":"","background-image":"","background-repeat":"repeat","background-position":"center center","background-size":"auto","background-attachment":"scroll","background-type":"","background-media":"","overlay-type":"","overlay-color":"","overlay-gradient":""},"mobile":{"background-color":"","background-image":"","background-repeat":"repeat","background-position":"center center","background-size":"auto","background-attachment":"scroll","background-type":"","background-media":"","overlay-type":"","overlay-color":"","overlay-gradient":""}},"ast-content-background-meta":{"desktop":{"background-color":"var(--ast-global-color-5)","background-image":"","background-repeat":"repeat","background-position":"center center","background-size":"auto","background-attachment":"scroll","background-type":"","background-media":"","overlay-type":"","overlay-color":"","overlay-gradient":""},"tablet":{"background-color":"var(--ast-global-color-5)","background-image":"","background-repeat":"repeat","background-position":"center center","background-size":"auto","background-attachment":"scroll","background-type":"","background-media":"","overlay-type":"","overlay-color":"","overlay-gradient":""},"mobile":{"background-color":"var(--ast-global-color-5)","background-image":"","background-repeat":"repeat","background-position":"center center","background-size":"auto","background-attachment":"scroll","background-type":"","background-media":"","overlay-type":"","overlay-color":"","overlay-gradient":""}}},"product_cat":[165,122],"product_tag":[],"class_list":{"0":"post-10801","1":"product","2":"type-product","3":"status-publish","4":"has-post-thumbnail","6":"product_cat-double-sheath-ftth-drop-cable","7":"product_cat-ftth-drop-cable","8":"desktop-align-left","9":"tablet-align-left","10":"mobile-align-left","11":"ast-product-gallery-layout-horizontal-slider","12":"ast-product-tabs-layout-horizontal","14":"first","15":"instock","16":"shipping-taxable","17":"product-type-simple"},"acf":[],"_links":{"self":[{"href":"https:\/\/www.omccable.com\/pt\/wp-json\/wp\/v2\/product\/10801","targetHints":{"allow":["GET"]}}],"collection":[{"href":"https:\/\/www.omccable.com\/pt\/wp-json\/wp\/v2\/product"}],"about":[{"href":"https:\/\/www.omccable.com\/pt\/wp-json\/wp\/v2\/types\/product"}],"replies":[{"embeddable":true,"href":"https:\/\/www.omccable.com\/pt\/wp-json\/wp\/v2\/comments?post=10801"}],"version-history":[{"count":2,"href":"https:\/\/www.omccable.com\/pt\/wp-json\/wp\/v2\/product\/10801\/revisions"}],"predecessor-version":[{"id":11875,"href":"https:\/\/www.omccable.com\/pt\/wp-json\/wp\/v2\/product\/10801\/revisions\/11875"}],"wp:featuredmedia":[{"embeddable":true,"href":"https:\/\/www.omccable.com\/pt\/wp-json\/wp\/v2\/media\/10803"}],"wp:attachment":[{"href":"https:\/\/www.omccable.com\/pt\/wp-json\/wp\/v2\/media?parent=10801"}],"wp:term":[{"taxonomy":"product_cat","embeddable":true,"href":"https:\/\/www.omccable.com\/pt\/wp-json\/wp\/v2\/product_cat?post=10801"},{"taxonomy":"product_tag","embeddable":true,"href":"https:\/\/www.omccable.com\/pt\/wp-json\/wp\/v2\/product_tag?post=10801"}],"curies":[{"name":"wp","href":"https:\/\/api.w.org\/{rel}","templated":true}]}}