{"id":10789,"date":"2024-05-04T15:29:12","date_gmt":"2024-05-04T07:29:12","guid":{"rendered":"https:\/\/www.omccable.com\/?post_type=product&#038;p=10789"},"modified":"2024-07-27T11:29:16","modified_gmt":"2024-07-27T03:29:16","slug":"1f-4-8mm-sm-ftth-drop-cable-lszh-double-sheath","status":"publish","type":"product","link":"https:\/\/www.omccable.com\/pt\/produto\/1f-4-8mm-sm-ftth-drop-cable-lszh-double-sheath\/","title":{"rendered":"Cabo pendente 1F 4,8 mm SM FTTH LSZH - Bainha Dupla"},"content":{"rendered":"<p>Cabo pendente 1F 4,5 mm SM FTTH LSZH-cabo de bainha dupla usa subcabo OD de 2,0 mm como meio de comunica\u00e7\u00e3o \u00f3ptica, o sub cabo \u00e9 enrolado com uma camada de fio de aramida como unidades de membro de resist\u00eancia e o cabo \u00e9 completado com jaqueta LSZH.<\/p>\n<p>&nbsp;<\/p>\n<p><strong><b>Padr\u00f5es<\/b><\/strong><\/p>\n<p>Cumprir com a norma GR-409, IEC 60794-2-10\/11, atender aos requisitos de aprova\u00e7\u00e3o UL para OFNR e OFNP.<\/p>\n<p>&nbsp;<\/p>\n<p><strong><b>Especifica\u00e7\u00e3o<\/b><\/strong><\/p>\n<table>\n<tbody>\n<tr>\n<td colspan=\"2\" width=\"424\"><strong>Itens<\/strong><\/td>\n<td width=\"254\"><strong>Descri\u00e7\u00e3o<\/strong><\/td>\n<\/tr>\n<tr>\n<td colspan=\"2\" width=\"424\">N\u00famero de fibras<\/td>\n<td width=\"254\">1F<\/td>\n<\/tr>\n<tr>\n<td colspan=\"2\" width=\"424\">Tipo de fibra<\/td>\n<td width=\"254\">G657A2 e G657B3<\/td>\n<\/tr>\n<tr>\n<td rowspan=\"3\" width=\"271\">Buffer semi-estanque<\/td>\n<td width=\"152\">Materiais<\/td>\n<td width=\"254\">PVC&amp;LSZH<\/td>\n<\/tr>\n<tr>\n<td width=\"152\">Di\u00e2metro<\/td>\n<td width=\"254\">0,9\u00b10,05mm<\/td>\n<\/tr>\n<tr>\n<td width=\"152\">Cores<\/td>\n<td width=\"254\">Branco e Azul<\/td>\n<\/tr>\n<tr>\n<td width=\"271\">Membro de for\u00e7a<\/td>\n<td width=\"152\">Materiais<\/td>\n<td width=\"254\">Fio de aramida + fio E-glass<\/td>\n<\/tr>\n<tr>\n<td rowspan=\"3\" width=\"271\">Bainha interna<\/td>\n<td width=\"152\">Materiais<\/td>\n<td width=\"254\">LSZH<\/td>\n<\/tr>\n<tr>\n<td width=\"152\">Cor<\/td>\n<td width=\"254\">Branco e Amarelo<\/td>\n<\/tr>\n<tr>\n<td width=\"152\">Di\u00e2metro<\/td>\n<td width=\"254\">1,8-2,0mm<\/td>\n<\/tr>\n<tr>\n<td rowspan=\"3\" width=\"271\">Bainha externa<\/td>\n<td width=\"152\">Materiais<\/td>\n<td width=\"254\">LSZH<\/td>\n<\/tr>\n<tr>\n<td width=\"152\">Cor<\/td>\n<td width=\"254\">Preto<\/td>\n<\/tr>\n<tr>\n<td width=\"152\">Di\u00e2metro<\/td>\n<td width=\"254\">4,8\u00b10,2mm<\/td>\n<\/tr>\n<tr>\n<td colspan=\"2\" width=\"424\">Peso do cabo<\/td>\n<td width=\"254\">23,7kg\/km<\/td>\n<\/tr>\n<\/tbody>\n<\/table>\n<p>&nbsp;<\/p>\n<p><strong><em><b><i>PAR\u00c2METROS MEC\u00c2NICOS DO CABO<\/i><\/b><\/em><\/strong><\/p>\n<table>\n<tbody>\n<tr>\n<td width=\"207\"><strong>Item<\/strong><\/td>\n<td width=\"216\"><strong>Conte\u00fado<\/strong><\/td>\n<td width=\"256\"><strong>Valor<\/strong><\/td>\n<\/tr>\n<tr>\n<td rowspan=\"2\" width=\"207\">Carga de tra\u00e7\u00e3o<\/td>\n<td width=\"216\">Curto prazo<\/td>\n<td width=\"256\">Deforma\u00e7\u00e3o da fibra 250N\u22640,33\uff05<\/td>\n<\/tr>\n<tr>\n<td width=\"216\">Longo prazo<\/td>\n<td width=\"256\">100N<\/td>\n<\/tr>\n<tr>\n<td rowspan=\"2\" width=\"207\">Resist\u00eancia ao esmagamento<\/td>\n<td width=\"216\">Curto prazo<\/td>\n<td width=\"256\">500<\/td>\n<\/tr>\n<tr>\n<td width=\"216\">Longo prazo<\/td>\n<td width=\"256\">100<\/td>\n<\/tr>\n<tr>\n<td rowspan=\"2\" width=\"207\">Min. raio de curvatura<\/td>\n<td width=\"216\">Instala\u00e7\u00e3o<\/td>\n<td width=\"256\">20 x di\u00e2metro do cabo<\/td>\n<\/tr>\n<tr>\n<td width=\"216\">Opera\u00e7\u00e3o<\/td>\n<td width=\"256\">10 x di\u00e2metro do cabo<\/td>\n<\/tr>\n<\/tbody>\n<\/table>\n<p><strong><em><i>\u00a0<\/i><\/em><\/strong><\/p>\n<p><strong><em><b><i>PAR\u00c2METROS AMBIENTAIS<\/i><\/b><\/em><\/strong><\/p>\n<table>\n<tbody>\n<tr>\n<td width=\"168\"><strong><em><i>Item<\/i><\/em><\/strong><\/td>\n<td width=\"264\"><strong><em><i>Padr\u00e3o<\/i><\/em><\/strong><\/td>\n<td width=\"257\"><strong><em><i>Especifica\u00e7\u00e3o<\/i><\/em><\/strong><\/td>\n<\/tr>\n<tr>\n<td rowspan=\"2\" width=\"168\"><em><i>Ambiental<\/i><\/em><\/td>\n<td width=\"264\"><em><i>IEC-60794-1-22-F5B<\/i><\/em><\/td>\n<td width=\"257\"><em><i>Sem penetra\u00e7\u00e3o de \u00e1gua<\/i><\/em><\/td>\n<\/tr>\n<tr>\n<td width=\"264\"><em><i>IEC-60794-1-22-F9<\/i><\/em><\/td>\n<td width=\"257\"><em><i>\u22640,1dB\/km m\u00e1x. altera\u00e7\u00e3o de atenua\u00e7\u00e3o permitida<\/i><\/em><\/td>\n<\/tr>\n<tr>\n<td width=\"168\"><em><i>Faixa de temperatura de aplica\u00e7\u00e3o<\/i><\/em><\/td>\n<td width=\"264\"><em><i>Faixa de temperatura de aplica\u00e7\u00e3o<\/i><\/em><em><i>\u2103<\/i><\/em><\/td>\n<td width=\"257\"><em><i>Opera\u00e7\u00e3o:  \u2013 10<\/i><\/em><em><i>\u2103<\/i><\/em><em><i>\u00a0~ +<\/i><\/em><em><i>7<\/i><\/em><em><i>0<\/i><\/em><em><i>\u2103<\/i><\/em><\/p>\n<p><em><i>Instala\u00e7\u00e3o: \u00a0<\/i><\/em><em><i>\u2013<\/i><\/em><em><i>4<\/i><\/em><em><i>0\u00b0C<\/i><\/em><em><i>\u00a0~ +70<\/i><\/em><em><i>\u2103<\/i><\/em><\/p>\n<p><em><i>Armazenamento\/transporte:  \u2013 <\/i><\/em><em><i>4<\/i><\/em><em><i>0<\/i><\/em><em><i>\u2103<\/i><\/em><em><i>\u00a0~ +<\/i><\/em><em><i>7<\/i><\/em><em><i>0<\/i><\/em><em><i>\u2103<\/i><\/em><\/td>\n<\/tr>\n<\/tbody>\n<\/table>\n<p>&nbsp;<\/p>\n<p><strong><em><b><i>Tipo e propriedades de fibra \u00f3ptica<\/i><\/b><\/em><\/strong><\/p>\n<table>\n<tbody>\n<tr>\n<td rowspan=\"2\" width=\"186\"><strong><em><b><i>Par\u00e2metro<\/i><\/b><\/em><\/strong><\/td>\n<td rowspan=\"2\" width=\"95\"><strong><em><b><i>Condi\u00e7\u00f5es<\/i><\/b><\/em><\/strong><\/td>\n<td rowspan=\"2\" width=\"84\"><strong><em><b><i>Unidades<\/i><\/b><\/em><\/strong><\/td>\n<td colspan=\"4\" width=\"328\"><strong><em><b><i>Valor<\/i><\/b><\/em><\/strong><\/td>\n<\/tr>\n<tr>\n<td width=\"84\"><strong><em><b><i>G652D<\/i><\/b><\/em><\/strong><\/td>\n<td width=\"84\"><strong><em><b><i>G657A1<\/i><\/b><\/em><\/strong><\/td>\n<td width=\"84\"><strong><em><b><i>G657A2<\/i><\/b><\/em><\/strong><\/td>\n<td width=\"75\"><strong><em><b><i>G657B3<\/i><\/b><\/em><\/strong><\/td>\n<\/tr>\n<tr>\n<td colspan=\"3\" width=\"366\"><strong><em><b><i>Especifica\u00e7\u00e3o \u00f3ptica<\/i><\/b><\/em><\/strong><\/td>\n<td colspan=\"4\" width=\"328\"><strong><em><b><i>\u3000<\/i><\/b><\/em><\/strong><\/td>\n<\/tr>\n<tr>\n<td rowspan=\"4\" width=\"186\"><em><i>Atenua\u00e7\u00e3o<\/i><\/em><\/td>\n<td width=\"95\"><em><i>1310nm<\/i><\/em><\/td>\n<td width=\"84\"><em><i>dB\/km<\/i><\/em><\/td>\n<td width=\"84\"><em><i>\u22640,350<\/i><\/em><\/td>\n<td width=\"84\"><em><i>\u22640,350<\/i><\/em><\/td>\n<td width=\"84\"><em><i>\u22640,350<\/i><\/em><\/td>\n<td width=\"75\"><em><i>\u22640,350<\/i><\/em><\/td>\n<\/tr>\n<tr>\n<td width=\"95\"><em><i>1383 nm<\/i><\/em><\/td>\n<td width=\"84\"><em><i>dB\/km<\/i><\/em><\/td>\n<td width=\"84\"><em><i>\u2264<\/i><\/em><em><i>0.330<\/i><\/em><\/td>\n<td width=\"84\"><em><i>\u2264<\/i><\/em><em><i>0.350<\/i><\/em><\/td>\n<td width=\"84\"><em><i>\u2264<\/i><\/em><em><i>0.350<\/i><\/em><\/td>\n<td width=\"75\"><em><i>\u2264<\/i><\/em><em><i>0.350<\/i><\/em><\/td>\n<\/tr>\n<tr>\n<td width=\"95\"><em><i>1550 nm<\/i><\/em><\/td>\n<td width=\"84\"><em><i>dB\/km<\/i><\/em><\/td>\n<td width=\"84\"><em><i>\u2264<\/i><\/em><em><i>0.210<\/i><\/em><\/td>\n<td width=\"84\"><em><i>\u2264<\/i><\/em><em><i>0.210<\/i><\/em><\/td>\n<td width=\"84\"><em><i>\u2264<\/i><\/em><em><i>0.210<\/i><\/em><\/td>\n<td width=\"75\"><em><i>\u2264<\/i><\/em><em><i>0.210<\/i><\/em><\/td>\n<\/tr>\n<tr>\n<td width=\"95\"><em><i>1625 nm<\/i><\/em><\/td>\n<td width=\"84\"><em><i>dB\/km<\/i><\/em><\/td>\n<td width=\"84\"><em><i>\u2264<\/i><\/em><em><i>0.240<\/i><\/em><\/td>\n<td width=\"84\"><em><i>\u2264<\/i><\/em><em><i>0.230<\/i><\/em><\/td>\n<td width=\"84\"><em><i>\u2264<\/i><\/em><em><i>0.230<\/i><\/em><\/td>\n<td width=\"75\"><em><i>\u2264<\/i><\/em><em><i>0.230<\/i><\/em><\/td>\n<\/tr>\n<tr>\n<td rowspan=\"3\" width=\"186\"><em><i>Atenua\u00e7\u00e3o versus comprimento de onda<\/i><\/em><\/td>\n<td width=\"95\"><em><i>1310nm vs. 1285-1330 nm<\/i><\/em><\/td>\n<td width=\"84\"><em><i>dB\/km<\/i><\/em><\/td>\n<td width=\"84\"><em><i>\u2264<\/i><\/em><em><i>0.04<\/i><\/em><\/td>\n<td width=\"84\"><em><i>\u2264<\/i><\/em><em><i>0.04<\/i><\/em><\/td>\n<td width=\"84\"><em><i>\u2264<\/i><\/em><em><i>0.05<\/i><\/em><\/td>\n<td width=\"75\"><em><i>\u2264<\/i><\/em><em><i>0.03<\/i><\/em><\/td>\n<\/tr>\n<tr>\n<td width=\"95\"><em><i>1550 nm vs. 1525-1575 nm<\/i><\/em><\/td>\n<td width=\"84\"><em><i>dB\/km<\/i><\/em><\/td>\n<td width=\"84\"><em><i>\u2264<\/i><\/em><em><i>0.03<\/i><\/em><\/td>\n<td width=\"84\"><em><i>\u2264<\/i><\/em><em><i>0.03<\/i><\/em><\/td>\n<td width=\"84\"><em><i>\u2264<\/i><\/em><em><i>0.04<\/i><\/em><\/td>\n<td width=\"75\"><em><i>\u2264<\/i><\/em><em><i>0.02<\/i><\/em><\/td>\n<\/tr>\n<tr>\n<td width=\"95\"><em><i>1550 nm vs. 1480-1580 nm<\/i><\/em><\/td>\n<td width=\"84\"><em><i>dB\/km<\/i><\/em><\/td>\n<td width=\"84\"><em><i>\u2264<\/i><\/em><em><i>0.04<\/i><\/em><\/td>\n<td width=\"84\"><em><i>\u2013<\/i><\/em><\/td>\n<td width=\"84\"><em><i>\u2013<\/i><\/em><\/td>\n<td width=\"75\"><em><i>\u2013<\/i><\/em><\/td>\n<\/tr>\n<tr>\n<td width=\"186\"><em><i>Comprimento de onda de dispers\u00e3o zero<\/i><\/em><\/td>\n<td rowspan=\"2\" width=\"95\"><em><i>\\<\/i><\/em><\/td>\n<td width=\"84\"><em><i>nm<\/i><\/em><\/td>\n<td width=\"84\"><em><i>1300-1324<\/i><\/em><\/td>\n<td width=\"84\"><em><i>1300-1324<\/i><\/em><\/td>\n<td width=\"84\"><em><i>1300-1324<\/i><\/em><\/td>\n<td width=\"75\"><em><i>1300-1324<\/i><\/em><\/td>\n<\/tr>\n<tr>\n<td width=\"186\"><em><i>Inclina\u00e7\u00e3o de Dispers\u00e3o Zero<\/i><\/em><\/td>\n<td width=\"84\"><em><i>ps\/(nm<\/i><\/em><em><sup><i>2<\/i><\/sup><\/em><em><i>\u00b7km)<\/i><\/em><\/td>\n<td width=\"84\"><em><i>0.073-0.092<\/i><\/em><\/td>\n<td width=\"84\"><em><i>0.073-0.092<\/i><\/em><\/td>\n<td width=\"84\"><em><i>0.073-0.092<\/i><\/em><\/td>\n<td width=\"75\"><em><i>\u2264<\/i><\/em><em><i>0.092<\/i><\/em><\/td>\n<\/tr>\n<tr>\n<td rowspan=\"2\" width=\"186\"><em><i>Dispers\u00e3o<\/i><\/em><\/td>\n<td width=\"95\"><em><i>1550 nm<\/i><\/em><\/td>\n<td width=\"84\"><em><i>ps\/(nm\u00b7km)<\/i><\/em><\/td>\n<td width=\"84\"><em><i>13.3-18.6<\/i><\/em><\/td>\n<td width=\"84\"><em><i>13.3-18.6<\/i><\/em><\/td>\n<td width=\"84\"><em><i>13.3-18.6<\/i><\/em><\/td>\n<td width=\"75\"><em><i>\u3000<\/i><\/em><\/td>\n<\/tr>\n<tr>\n<td width=\"95\"><em><i>1625 nm<\/i><\/em><\/td>\n<td width=\"84\"><em><i>ps\/(nm\u00b7km)<\/i><\/em><\/td>\n<td width=\"84\"><em><i>17.2-23.7<\/i><\/em><\/td>\n<td width=\"84\"><em><i>17.2-23.7<\/i><\/em><\/td>\n<td width=\"84\"><em><i>17.2-23.7<\/i><\/em><\/td>\n<td width=\"75\"><em><i>\u3000<\/i><\/em><\/td>\n<\/tr>\n<tr>\n<td colspan=\"2\" width=\"281\"><em><i>Dispers\u00e3o do modo de polariza\u00e7\u00e3o (PMD)<\/i><\/em><\/td>\n<td width=\"84\"><em><i>ps\/\u221akm<\/i><\/em><\/td>\n<td width=\"84\"><em><i>\u2264<\/i><\/em><em><i>0.2<\/i><\/em><\/td>\n<td width=\"84\"><em><i>\u2264<\/i><\/em><em><i>0.2<\/i><\/em><\/td>\n<td width=\"84\"><em><i>\u2264<\/i><\/em><em><i>0.2<\/i><\/em><\/td>\n<td width=\"75\"><em><i>\u2264<\/i><\/em><em><i>0.2<\/i><\/em><\/td>\n<\/tr>\n<tr>\n<td width=\"186\"><em><i>Comprimento de onda de corte \u03bbcc<\/i><\/em><\/td>\n<td width=\"95\"><em><i>\u2013<\/i><\/em><\/td>\n<td width=\"84\"><em><i>nm<\/i><\/em><\/td>\n<td width=\"84\"><em><i>\u2264<\/i><\/em><em><i>1260<\/i><\/em><\/td>\n<td width=\"84\"><em><i>\u2264<\/i><\/em><em><i>1260<\/i><\/em><\/td>\n<td width=\"84\"><em><i>\u2264<\/i><\/em><em><i>1260<\/i><\/em><\/td>\n<td width=\"75\"><em><i>\u2264<\/i><\/em><em><i>1260<\/i><\/em><\/td>\n<\/tr>\n<tr>\n<td rowspan=\"2\" width=\"186\"><em><i>Di\u00e2metro de campo modal (MFD)<\/i><\/em><\/td>\n<td width=\"95\"><em><i>1310nm<\/i><\/em><\/td>\n<td width=\"84\"><em><i>\u03bcm<\/i><\/em><\/td>\n<td width=\"84\"><em><i>9,2\u00b10,4<\/i><\/em><\/td>\n<td width=\"84\"><em><i>9,2\u00b10,4<\/i><\/em><\/td>\n<td width=\"84\"><em><i>8,6\u00b10,4<\/i><\/em><\/td>\n<td width=\"75\"><em><i>8,6\u00b10,4<\/i><\/em><\/td>\n<\/tr>\n<tr>\n<td width=\"95\"><em><i>1550 nm<\/i><\/em><\/td>\n<td width=\"84\"><em><i>\u03bcm<\/i><\/em><\/td>\n<td width=\"84\"><em><i>10,4\u00b10,5<\/i><\/em><\/td>\n<td width=\"84\"><em><i>10,4\u00b10,5<\/i><\/em><\/td>\n<td width=\"84\"><em><i>9,6\u00b10,5<\/i><\/em><\/td>\n<td width=\"75\"><em><i>9,6\u00b10,5<\/i><\/em><\/td>\n<\/tr>\n<tr>\n<td rowspan=\"2\" width=\"186\"><em><i>Descontinuidade de Atenua\u00e7\u00e3o<\/i><\/em><\/td>\n<td width=\"95\"><em><i>1310nm<\/i><\/em><\/td>\n<td width=\"84\"><em><i>dB<\/i><\/em><\/td>\n<td width=\"84\"><em><i>\u2264<\/i><\/em><em><i>0.03<\/i><\/em><\/td>\n<td width=\"84\"><em><i>\u2264<\/i><\/em><em><i>0.03<\/i><\/em><\/td>\n<td width=\"84\"><em><i>\u2264<\/i><\/em><em><i>0.03<\/i><\/em><\/td>\n<td width=\"75\"><em><i>\u2264<\/i><\/em><em><i>0.03<\/i><\/em><\/td>\n<\/tr>\n<tr>\n<td width=\"95\"><em><i>1550 nm<\/i><\/em><\/td>\n<td width=\"84\"><em><i>dB<\/i><\/em><\/td>\n<td width=\"84\"><em><i>\u2264<\/i><\/em><em><i>0.03<\/i><\/em><\/td>\n<td width=\"84\"><em><i>\u2264<\/i><\/em><em><i>0.03<\/i><\/em><\/td>\n<td width=\"84\"><em><i>\u2264<\/i><\/em><em><i>0.03<\/i><\/em><\/td>\n<td width=\"75\"><em><i>\u2264<\/i><\/em><em><i>0.03<\/i><\/em><\/td>\n<\/tr>\n<tr>\n<td rowspan=\"2\" width=\"186\"><em><i>Atenua\u00e7\u00e3o Bidirecional<\/i><\/em><\/td>\n<td width=\"95\"><em><i>1310nm<\/i><\/em><\/td>\n<td width=\"84\"><em><i>dB\/km<\/i><\/em><\/td>\n<td width=\"84\"><em><i>\u2264<\/i><\/em><em><i>0.04<\/i><\/em><\/td>\n<td width=\"84\"><em><i>\u3000<\/i><\/em><\/td>\n<td width=\"84\"><em><i>\u3000<\/i><\/em><\/td>\n<td width=\"75\"><em><i>\u2264<\/i><\/em><em><i>0.05<\/i><\/em><\/td>\n<\/tr>\n<tr>\n<td width=\"95\"><em><i>1550 nm<\/i><\/em><\/td>\n<td width=\"84\"><em><i>dB\/km<\/i><\/em><\/td>\n<td width=\"84\"><em><i>\u2264<\/i><\/em><em><i>0.04<\/i><\/em><\/td>\n<td width=\"84\"><em><i>\u3000<\/i><\/em><\/td>\n<td width=\"84\"><em><i>\u3000<\/i><\/em><\/td>\n<td width=\"75\"><em><i>\u2264<\/i><\/em><em><i>0.05<\/i><\/em><\/td>\n<\/tr>\n<tr>\n<td colspan=\"3\" width=\"366\"><strong><em><b><i>Geom\u00e9trico<\/i><\/b><\/em><\/strong><\/td>\n<td colspan=\"4\" width=\"328\"><em><i>\u3000<\/i><\/em><\/td>\n<\/tr>\n<tr>\n<td colspan=\"2\" width=\"281\"><em><i>Di\u00e2metro do revestimento<\/i><\/em><\/td>\n<td width=\"84\"><em><i>\u03bcm<\/i><\/em><\/td>\n<td width=\"84\"><em><i>125\u00b10,7<\/i><\/em><\/td>\n<td width=\"84\"><em><i>125\u00b10,7<\/i><\/em><\/td>\n<td width=\"84\"><em><i>125\u00b10,7<\/i><\/em><\/td>\n<td width=\"75\"><em><i>125\u00b10,7<\/i><\/em><\/td>\n<\/tr>\n<tr>\n<td colspan=\"2\" width=\"281\"><em><i>N\u00e3o Circularidade do Revestimento<\/i><\/em><\/td>\n<td width=\"84\"><em><i>%<\/i><\/em><\/td>\n<td width=\"84\"><em><i>\u22641,0<\/i><\/em><\/td>\n<td width=\"84\"><em><i>\u22641,0<\/i><\/em><\/td>\n<td width=\"84\"><em><i>\u22640,8<\/i><\/em><\/td>\n<td width=\"75\"><em><i>\u22640,7<\/i><\/em><\/td>\n<\/tr>\n<tr>\n<td colspan=\"2\" width=\"281\"><em><i>Erro de concentricidade do n\u00facleo\/revestimento<\/i><\/em><\/td>\n<td width=\"84\"><em><i>\u03bcm<\/i><\/em><\/td>\n<td width=\"84\"><em><i>\u22640,6<\/i><\/em><\/td>\n<td width=\"84\"><em><i>\u22640,5<\/i><\/em><\/td>\n<td width=\"84\"><em><i>\u22640,5<\/i><\/em><\/td>\n<td width=\"75\"><em><i>\u22640,5<\/i><\/em><\/td>\n<\/tr>\n<tr>\n<td colspan=\"2\" rowspan=\"2\" width=\"281\"><em><i>Di\u00e2metro do revestimento (sem cor)<\/i><\/em><\/td>\n<td width=\"84\"><em><i>\u03bcm<\/i><\/em><\/td>\n<td colspan=\"4\" width=\"328\"><em><i>242\u00b17 (padr\u00e3o)<\/i><\/em><\/td>\n<\/tr>\n<tr>\n<td width=\"84\"><em><i>\u03bcm<\/i><\/em><\/td>\n<td colspan=\"4\" width=\"328\"><em><i>200\u00b110 (opcional)<\/i><\/em><\/td>\n<\/tr>\n<tr>\n<td colspan=\"2\" width=\"281\"><em><i>Erro de concentricidade do revestimento\/revestimento<\/i><\/em><\/td>\n<td width=\"84\"><em><i>\u03bcm<\/i><\/em><\/td>\n<td width=\"84\"><em><i>\u226412<\/i><\/em><\/td>\n<td width=\"84\"><em><i>\u226412<\/i><\/em><\/td>\n<td width=\"84\"><em><i>\u226412<\/i><\/em><\/td>\n<td width=\"75\"><em><i>\u226412<\/i><\/em><\/td>\n<\/tr>\n<tr>\n<td colspan=\"2\" width=\"281\"><em><i>Enrolar<\/i><\/em><\/td>\n<td width=\"84\"><em><i>m<\/i><\/em><\/td>\n<td width=\"84\"><em><i>\u22654<\/i><\/em><\/td>\n<td width=\"84\"><em><i>\u22654<\/i><\/em><\/td>\n<td width=\"84\"><em><i>\u22654<\/i><\/em><\/td>\n<td width=\"75\"><em><i>\u22654<\/i><\/em><\/td>\n<\/tr>\n<tr>\n<td colspan=\"3\" width=\"366\"><strong><em><b><i>Ambiental (1550 nm, 1625 nm)<\/i><\/b><\/em><\/strong><\/td>\n<td colspan=\"4\" width=\"328\"><em><i>\u3000<\/i><\/em><\/td>\n<\/tr>\n<tr>\n<td width=\"186\"><em><i>Ciclagem de temperatura<\/i><\/em><\/td>\n<td width=\"95\"><em><i>-60\u2103 a +85\u2103<\/i><\/em><\/td>\n<td width=\"84\"><em><i>dB\/km<\/i><\/em><\/td>\n<td width=\"84\"><em><i>\u22640,03<\/i><\/em><\/td>\n<td width=\"84\"><em><i>\u22640,05<\/i><\/em><\/td>\n<td width=\"84\"><em><i>\u22640,05<\/i><\/em><\/td>\n<td width=\"75\"><em><i>\u22640,05<\/i><\/em><\/td>\n<\/tr>\n<tr>\n<td width=\"186\"><em><i>Alto<\/i><\/em><em><i>\u00a0Temperatura e<\/i><\/em><\/p>\n<p><em><i>Alto <\/i><\/em><em><i>Umidade<\/i><\/em><\/td>\n<td width=\"95\"><em><i>85\u2103, 85% RH, 30 dias<\/i><\/em><\/td>\n<td width=\"84\"><em><i>dB\/km<\/i><\/em><\/td>\n<td width=\"84\"><em><i>\u22640,03<\/i><\/em><\/td>\n<td width=\"84\"><em><i>\u22640,05<\/i><\/em><\/td>\n<td width=\"84\"><em><i>\u22640,05<\/i><\/em><\/td>\n<td width=\"75\"><em><i>\u22640,05<\/i><\/em><\/td>\n<\/tr>\n<tr>\n<td width=\"186\"><em><i>Imers\u00e3o em \u00c1gua<\/i><\/em><\/td>\n<td width=\"95\"><em><i>23\u2103, 30 dias<\/i><\/em><\/td>\n<td width=\"84\"><em><i>dB\/km<\/i><\/em><\/td>\n<td width=\"84\"><em><i>\u22640,03<\/i><\/em><\/td>\n<td width=\"84\"><em><i>\u22640,05<\/i><\/em><\/td>\n<td width=\"84\"><em><i>\u22640,05<\/i><\/em><\/td>\n<td width=\"75\"><em><i>\u22640,05<\/i><\/em><\/td>\n<\/tr>\n<tr>\n<td width=\"186\"><em><i>Envelhecimento a alta temperatura<\/i><\/em><\/td>\n<td width=\"95\"><em><i>85\u00b0C, 30 dias<\/i><\/em><\/td>\n<td width=\"84\"><em><i>dB\/km<\/i><\/em><\/td>\n<td width=\"84\"><em><i>\u22640,03<\/i><\/em><\/td>\n<td width=\"84\"><em><i>\u22640,05<\/i><\/em><\/td>\n<td width=\"84\"><em><i>\u22640,05<\/i><\/em><\/td>\n<td width=\"75\"><em><i>\u22640,05<\/i><\/em><\/td>\n<\/tr>\n<\/tbody>\n<\/table>","protected":false},"excerpt":{"rendered":"<p>Cabo pendente 1F 4,5 mm SM FTTH LSZH-cabo de bainha dupla usa subcabo OD de 2,0 mm como meio de comunica\u00e7\u00e3o \u00f3ptica, o sub cabo \u00e9 enrolado com uma camada de fio de aramida como unidades de membro de resist\u00eancia e o cabo \u00e9 completado com jaqueta LSZH.   Padr\u00f5es Em conformidade com a norma GR-409, IEC 60794-2-10\/11, atendem aos requisitos de aprova\u00e7\u00e3o UL para OFNR e OFNP.   [\u2026]<\/p>","protected":false},"featured_media":10791,"comment_status":"closed","ping_status":"closed","template":"","meta":{"site-sidebar-layout":"default","site-content-layout":"","ast-site-content-layout":"default","site-content-style":"default","site-sidebar-style":"default","ast-global-header-display":"","ast-banner-title-visibility":"","ast-main-header-display":"","ast-hfb-above-header-display":"","ast-hfb-below-header-display":"","ast-hfb-mobile-header-display":"","site-post-title":"","ast-breadcrumbs-content":"","ast-featured-img":"","footer-sml-layout":"","theme-transparent-header-meta":"default","adv-header-id-meta":"","stick-header-meta":"default","header-above-stick-meta":"","header-main-stick-meta":"","header-below-stick-meta":"","astra-migrate-meta-layouts":"set","ast-page-background-enabled":"default","ast-page-background-meta":{"desktop":{"background-color":"var(--ast-global-color-4)","background-image":"","background-repeat":"repeat","background-position":"center center","background-size":"auto","background-attachment":"scroll","background-type":"","background-media":"","overlay-type":"","overlay-color":"","overlay-gradient":""},"tablet":{"background-color":"","background-image":"","background-repeat":"repeat","background-position":"center center","background-size":"auto","background-attachment":"scroll","background-type":"","background-media":"","overlay-type":"","overlay-color":"","overlay-gradient":""},"mobile":{"background-color":"","background-image":"","background-repeat":"repeat","background-position":"center center","background-size":"auto","background-attachment":"scroll","background-type":"","background-media":"","overlay-type":"","overlay-color":"","overlay-gradient":""}},"ast-content-background-meta":{"desktop":{"background-color":"var(--ast-global-color-5)","background-image":"","background-repeat":"repeat","background-position":"center center","background-size":"auto","background-attachment":"scroll","background-type":"","background-media":"","overlay-type":"","overlay-color":"","overlay-gradient":""},"tablet":{"background-color":"var(--ast-global-color-5)","background-image":"","background-repeat":"repeat","background-position":"center center","background-size":"auto","background-attachment":"scroll","background-type":"","background-media":"","overlay-type":"","overlay-color":"","overlay-gradient":""},"mobile":{"background-color":"var(--ast-global-color-5)","background-image":"","background-repeat":"repeat","background-position":"center center","background-size":"auto","background-attachment":"scroll","background-type":"","background-media":"","overlay-type":"","overlay-color":"","overlay-gradient":""}}},"product_cat":[165,122],"product_tag":[],"class_list":{"0":"post-10789","1":"product","2":"type-product","3":"status-publish","4":"has-post-thumbnail","6":"product_cat-double-sheath-ftth-drop-cable","7":"product_cat-ftth-drop-cable","8":"desktop-align-left","9":"tablet-align-left","10":"mobile-align-left","11":"ast-product-gallery-layout-horizontal-slider","12":"ast-product-tabs-layout-horizontal","14":"first","15":"instock","16":"shipping-taxable","17":"product-type-simple"},"acf":[],"_links":{"self":[{"href":"https:\/\/www.omccable.com\/pt\/wp-json\/wp\/v2\/product\/10789","targetHints":{"allow":["GET"]}}],"collection":[{"href":"https:\/\/www.omccable.com\/pt\/wp-json\/wp\/v2\/product"}],"about":[{"href":"https:\/\/www.omccable.com\/pt\/wp-json\/wp\/v2\/types\/product"}],"replies":[{"embeddable":true,"href":"https:\/\/www.omccable.com\/pt\/wp-json\/wp\/v2\/comments?post=10789"}],"version-history":[{"count":3,"href":"https:\/\/www.omccable.com\/pt\/wp-json\/wp\/v2\/product\/10789\/revisions"}],"predecessor-version":[{"id":11869,"href":"https:\/\/www.omccable.com\/pt\/wp-json\/wp\/v2\/product\/10789\/revisions\/11869"}],"wp:featuredmedia":[{"embeddable":true,"href":"https:\/\/www.omccable.com\/pt\/wp-json\/wp\/v2\/media\/10791"}],"wp:attachment":[{"href":"https:\/\/www.omccable.com\/pt\/wp-json\/wp\/v2\/media?parent=10789"}],"wp:term":[{"taxonomy":"product_cat","embeddable":true,"href":"https:\/\/www.omccable.com\/pt\/wp-json\/wp\/v2\/product_cat?post=10789"},{"taxonomy":"product_tag","embeddable":true,"href":"https:\/\/www.omccable.com\/pt\/wp-json\/wp\/v2\/product_tag?post=10789"}],"curies":[{"name":"wp","href":"https:\/\/api.w.org\/{rel}","templated":true}]}}