{"id":10784,"date":"2024-05-04T15:22:02","date_gmt":"2024-05-04T07:22:02","guid":{"rendered":"https:\/\/www.omccable.com\/?post_type=product&#038;p=10784"},"modified":"2024-07-27T11:28:23","modified_gmt":"2024-07-27T03:28:23","slug":"1f-4-5mm-sm-ftth-drop-cable-lszh-double-sheath","status":"publish","type":"product","link":"https:\/\/www.omccable.com\/pt\/produto\/1f-4-5mm-sm-ftth-drop-cable-lszh-double-sheath\/","title":{"rendered":"Cabo pendente 1F 4,5 mm SM FTTH LSZH-bainha dupla"},"content":{"rendered":"<p>Cabo pendente 1F 4,5 mm SM FTTH LSZH-Cabo de bainha dupla usa subcabo OD de 1,8 mm como meio de comunica\u00e7\u00e3o \u00f3ptica, o sub cabo \u00e9 enrolado com uma camada de fio de aramida como unidades de membro de resist\u00eancia e o cabo \u00e9 completado com jaqueta LSZH.<\/p>\n<p>&nbsp;<\/p>\n<p><strong><b>Padr\u00f5es<\/b><\/strong><\/p>\n<p>Cumprir com a norma GR-409, IEC 60794-2-10\/11, atender aos requisitos de aprova\u00e7\u00e3o UL para OFNR e OFNP.<\/p>\n<p>&nbsp;<\/p>\n<p><strong><b>Especifica\u00e7\u00e3o<\/b><\/strong><\/p>\n<table>\n<tbody>\n<tr>\n<td colspan=\"2\" width=\"425\"><strong>Itens<\/strong><\/td>\n<td width=\"254\"><strong>Descri\u00e7\u00e3o<\/strong><\/td>\n<\/tr>\n<tr>\n<td colspan=\"2\" width=\"425\">N\u00famero de fibras<\/td>\n<td width=\"254\">1F<\/td>\n<\/tr>\n<tr>\n<td colspan=\"2\" width=\"425\">Tipo de fibra<\/td>\n<td width=\"254\">G657A2 e G657B3<\/td>\n<\/tr>\n<tr>\n<td rowspan=\"2\" width=\"141\">Buffer semi-estanque<\/td>\n<td width=\"283\">Materiais<\/td>\n<td width=\"254\">PVC&amp;LSZH<\/td>\n<\/tr>\n<tr>\n<td width=\"283\">Di\u00e2metro<\/td>\n<td width=\"254\">0,9\u00b10,05mm<\/td>\n<\/tr>\n<tr>\n<td width=\"141\">Membro de for\u00e7a<\/td>\n<td width=\"283\">Materiais<\/td>\n<td width=\"254\">Fio de aramida e fio de vidro E<\/td>\n<\/tr>\n<tr>\n<td rowspan=\"3\" width=\"141\">Bainha interna<\/td>\n<td width=\"283\">Materiais<\/td>\n<td width=\"254\">LSZH<\/td>\n<\/tr>\n<tr>\n<td width=\"283\">Cor<\/td>\n<td width=\"254\">Branco<\/td>\n<\/tr>\n<tr>\n<td width=\"283\">Di\u00e2metro<\/td>\n<td width=\"254\">1,8-2,0mm<\/td>\n<\/tr>\n<tr>\n<td rowspan=\"3\" width=\"141\">Bainha externa<\/td>\n<td width=\"283\">Materiais<\/td>\n<td width=\"254\">LSZH<\/td>\n<\/tr>\n<tr>\n<td width=\"283\">Cor<\/td>\n<td width=\"254\">Preto<\/td>\n<\/tr>\n<tr>\n<td width=\"283\">Di\u00e2metro<\/td>\n<td width=\"254\">4,5\u00b10,2mm<\/td>\n<\/tr>\n<tr>\n<td colspan=\"2\" width=\"425\">Peso do cabo<\/td>\n<td width=\"254\">21,5kg\/km<\/td>\n<\/tr>\n<\/tbody>\n<\/table>\n<p>&nbsp;<\/p>\n<p><strong><b>PAR\u00c2METROS MEC\u00c2NICOS DO CABO<\/b><\/strong><\/p>\n<table>\n<tbody>\n<tr>\n<td width=\"207\"><strong>Item<\/strong><\/td>\n<td width=\"216\"><strong>Conte\u00fado<\/strong><\/td>\n<td width=\"256\"><strong>Valor<\/strong><\/td>\n<\/tr>\n<tr>\n<td rowspan=\"2\" width=\"207\">Carga de tra\u00e7\u00e3o<\/td>\n<td width=\"216\">Curto prazo<\/td>\n<td width=\"256\">Deforma\u00e7\u00e3o da fibra 200N\u22640,33\uff05<\/td>\n<\/tr>\n<tr>\n<td width=\"216\">Longo prazo<\/td>\n<td width=\"256\">100N<\/td>\n<\/tr>\n<tr>\n<td rowspan=\"2\" width=\"207\">Resist\u00eancia ao esmagamento<\/td>\n<td width=\"216\">Curto prazo<\/td>\n<td width=\"256\">200<\/td>\n<\/tr>\n<tr>\n<td width=\"216\">Longo prazo<\/td>\n<td width=\"256\">500<\/td>\n<\/tr>\n<tr>\n<td rowspan=\"2\" width=\"207\">Min. raio de curvatura<\/td>\n<td width=\"216\">Instala\u00e7\u00e3o<\/td>\n<td width=\"256\">20 x di\u00e2metro do cabo<\/td>\n<\/tr>\n<tr>\n<td width=\"216\">Opera\u00e7\u00e3o<\/td>\n<td width=\"256\">10 x di\u00e2metro do cabo<\/td>\n<\/tr>\n<\/tbody>\n<\/table>\n<p><strong>\u00a0<\/strong><\/p>\n<p><strong><b>PAR\u00c2METROS AMBIENTAIS<\/b><\/strong><\/p>\n<table>\n<tbody>\n<tr>\n<td width=\"168\"><strong>Item<\/strong><\/td>\n<td width=\"264\"><strong>Padr\u00e3o<\/strong><\/td>\n<td width=\"257\"><strong>Especifica\u00e7\u00e3o<\/strong><\/td>\n<\/tr>\n<tr>\n<td rowspan=\"2\" width=\"168\">Ambiental<\/td>\n<td width=\"264\">IEC-60794-1-22-F5B<\/td>\n<td width=\"257\">Sem penetra\u00e7\u00e3o de \u00e1gua<\/td>\n<\/tr>\n<tr>\n<td width=\"264\">IEC-60794-1-22-F9<\/td>\n<td width=\"257\">\u22640,1dB\/km m\u00e1x. altera\u00e7\u00e3o de atenua\u00e7\u00e3o permitida<\/td>\n<\/tr>\n<tr>\n<td width=\"168\">Faixa de temperatura de aplica\u00e7\u00e3o<\/td>\n<td width=\"264\">Faixa de temperatura de aplica\u00e7\u00e3o\u2103<\/td>\n<td width=\"257\">Opera\u00e7\u00e3o:  \u2013 10\u00b0C ~ +70\u00b0C<\/p>\n<p>Instala\u00e7\u00e3o:  -40\u00b0C ~ +70\u00b0C<\/p>\n<p>Armazenamento\/transporte:  \u2013 40\u2103 ~ +70\u2103<\/td>\n<\/tr>\n<\/tbody>\n<\/table>\n<p>&nbsp;<\/p>\n<p><strong><b>Tipo e propriedades de fibra \u00f3ptica<\/b><\/strong><\/p>\n<table>\n<tbody>\n<tr>\n<td rowspan=\"2\" width=\"186\"><strong><b>Par\u00e2metro<\/b><\/strong><\/td>\n<td rowspan=\"2\" width=\"95\"><strong><b>Condi\u00e7\u00f5es<\/b><\/strong><\/td>\n<td rowspan=\"2\" width=\"84\"><strong><b>Unidades<\/b><\/strong><\/td>\n<td colspan=\"4\" width=\"328\"><strong><b>Valor<\/b><\/strong><\/td>\n<\/tr>\n<tr>\n<td width=\"84\"><strong><b>G652D<\/b><\/strong><\/td>\n<td width=\"84\"><strong><b>G657A1<\/b><\/strong><\/td>\n<td width=\"84\"><strong><b>G657A2<\/b><\/strong><\/td>\n<td width=\"75\"><strong><b>G657B3<\/b><\/strong><\/td>\n<\/tr>\n<tr>\n<td colspan=\"3\" width=\"366\"><strong><b>Especifica\u00e7\u00e3o \u00f3ptica<\/b><\/strong><\/td>\n<td colspan=\"4\" width=\"328\"><strong><b>\u3000<\/b><\/strong><\/td>\n<\/tr>\n<tr>\n<td rowspan=\"4\" width=\"186\">Atenua\u00e7\u00e3o<\/td>\n<td width=\"95\">1310nm<\/td>\n<td width=\"84\">dB\/km<\/td>\n<td width=\"84\">\u22640,350<\/td>\n<td width=\"84\">\u22640,350<\/td>\n<td width=\"84\">\u22640,350<\/td>\n<td width=\"75\">\u22640,350<\/td>\n<\/tr>\n<tr>\n<td width=\"95\">1383 nm<\/td>\n<td width=\"84\">dB\/km<\/td>\n<td width=\"84\">\u22640,330<\/td>\n<td width=\"84\">\u22640,350<\/td>\n<td width=\"84\">\u22640,350<\/td>\n<td width=\"75\">\u22640,350<\/td>\n<\/tr>\n<tr>\n<td width=\"95\">1550 nm<\/td>\n<td width=\"84\">dB\/km<\/td>\n<td width=\"84\">\u22640,210<\/td>\n<td width=\"84\">\u22640,210<\/td>\n<td width=\"84\">\u22640,210<\/td>\n<td width=\"75\">\u22640,210<\/td>\n<\/tr>\n<tr>\n<td width=\"95\">1625 nm<\/td>\n<td width=\"84\">dB\/km<\/td>\n<td width=\"84\">\u22640,240<\/td>\n<td width=\"84\">\u22640,230<\/td>\n<td width=\"84\">\u22640,230<\/td>\n<td width=\"75\">\u22640,230<\/td>\n<\/tr>\n<tr>\n<td rowspan=\"3\" width=\"186\">Atenua\u00e7\u00e3o versus comprimento de onda<\/td>\n<td width=\"95\">1310nm vs. 1285-1330 nm<\/td>\n<td width=\"84\">dB\/km<\/td>\n<td width=\"84\">\u22640,04<\/td>\n<td width=\"84\">\u22640,04<\/td>\n<td width=\"84\">\u22640,05<\/td>\n<td width=\"75\">\u22640,03<\/td>\n<\/tr>\n<tr>\n<td width=\"95\">1550 nm vs. 1525-1575 nm<\/td>\n<td width=\"84\">dB\/km<\/td>\n<td width=\"84\">\u22640,03<\/td>\n<td width=\"84\">\u22640,03<\/td>\n<td width=\"84\">\u22640,04<\/td>\n<td width=\"75\">\u22640,02<\/td>\n<\/tr>\n<tr>\n<td width=\"95\">1550 nm vs. 1480-1580 nm<\/td>\n<td width=\"84\">dB\/km<\/td>\n<td width=\"84\">\u22640,04<\/td>\n<td width=\"84\">\u2013<\/td>\n<td width=\"84\">\u2013<\/td>\n<td width=\"75\">\u2013<\/td>\n<\/tr>\n<tr>\n<td width=\"186\">Comprimento de onda de dispers\u00e3o zero<\/td>\n<td rowspan=\"2\" width=\"95\">\\<\/td>\n<td width=\"84\">nm<\/td>\n<td width=\"84\">1300-1324<\/td>\n<td width=\"84\">1300-1324<\/td>\n<td width=\"84\">1300-1324<\/td>\n<td width=\"75\">1300-1324<\/td>\n<\/tr>\n<tr>\n<td width=\"186\">Inclina\u00e7\u00e3o de Dispers\u00e3o Zero<\/td>\n<td width=\"84\">ps\/(nm<sup>2<\/sup>\u00b7km)<\/td>\n<td width=\"84\">0.073-0.092<\/td>\n<td width=\"84\">0.073-0.092<\/td>\n<td width=\"84\">0.073-0.092<\/td>\n<td width=\"75\">\u22640,092<\/td>\n<\/tr>\n<tr>\n<td rowspan=\"2\" width=\"186\">Dispers\u00e3o<\/td>\n<td width=\"95\">1550 nm<\/td>\n<td width=\"84\">ps\/(nm\u00b7km)<\/td>\n<td width=\"84\">13.3-18.6<\/td>\n<td width=\"84\">13.3-18.6<\/td>\n<td width=\"84\">13.3-18.6<\/td>\n<td width=\"75\">&nbsp;<\/td>\n<\/tr>\n<tr>\n<td width=\"95\">1625 nm<\/td>\n<td width=\"84\">ps\/(nm\u00b7km)<\/td>\n<td width=\"84\">17.2-23.7<\/td>\n<td width=\"84\">17.2-23.7<\/td>\n<td width=\"84\">17.2-23.7<\/td>\n<td width=\"75\">&nbsp;<\/td>\n<\/tr>\n<tr>\n<td colspan=\"2\" width=\"281\">Dispers\u00e3o do modo de polariza\u00e7\u00e3o (PMD)<\/td>\n<td width=\"84\">ps\/\u221akm<\/td>\n<td width=\"84\">\u22640,2<\/td>\n<td width=\"84\">\u22640,2<\/td>\n<td width=\"84\">\u22640,2<\/td>\n<td width=\"75\">\u22640,2<\/td>\n<\/tr>\n<tr>\n<td width=\"186\">Comprimento de onda de corte \u03bbcc<\/td>\n<td width=\"95\">\u2013<\/td>\n<td width=\"84\">nm<\/td>\n<td width=\"84\">\u22641260<\/td>\n<td width=\"84\">\u22641260<\/td>\n<td width=\"84\">\u22641260<\/td>\n<td width=\"75\">\u22641260<\/td>\n<\/tr>\n<tr>\n<td rowspan=\"2\" width=\"186\">Di\u00e2metro de campo modal (MFD)<\/td>\n<td width=\"95\">1310nm<\/td>\n<td width=\"84\">\u03bcm<\/td>\n<td width=\"84\">9,2\u00b10,4<\/td>\n<td width=\"84\">9,2\u00b10,4<\/td>\n<td width=\"84\">8,6\u00b10,4<\/td>\n<td width=\"75\">8,6\u00b10,4<\/td>\n<\/tr>\n<tr>\n<td width=\"95\">1550 nm<\/td>\n<td width=\"84\">\u03bcm<\/td>\n<td width=\"84\">10,4\u00b10,5<\/td>\n<td width=\"84\">10,4\u00b10,5<\/td>\n<td width=\"84\">9,6\u00b10,5<\/td>\n<td width=\"75\">9,6\u00b10,5<\/td>\n<\/tr>\n<tr>\n<td rowspan=\"2\" width=\"186\">Descontinuidade de Atenua\u00e7\u00e3o<\/td>\n<td width=\"95\">1310nm<\/td>\n<td width=\"84\">dB<\/td>\n<td width=\"84\">\u22640,03<\/td>\n<td width=\"84\">\u22640,03<\/td>\n<td width=\"84\">\u22640,03<\/td>\n<td width=\"75\">\u22640,03<\/td>\n<\/tr>\n<tr>\n<td width=\"95\">1550 nm<\/td>\n<td width=\"84\">dB<\/td>\n<td width=\"84\">\u22640,03<\/td>\n<td width=\"84\">\u22640,03<\/td>\n<td width=\"84\">\u22640,03<\/td>\n<td width=\"75\">\u22640,03<\/td>\n<\/tr>\n<tr>\n<td rowspan=\"2\" width=\"186\">Atenua\u00e7\u00e3o Bidirecional<\/td>\n<td width=\"95\">1310nm<\/td>\n<td width=\"84\">dB\/km<\/td>\n<td width=\"84\">\u22640,04<\/td>\n<td width=\"84\">&nbsp;<\/td>\n<td width=\"84\">&nbsp;<\/td>\n<td width=\"75\">\u22640,05<\/td>\n<\/tr>\n<tr>\n<td width=\"95\">1550 nm<\/td>\n<td width=\"84\">dB\/km<\/td>\n<td width=\"84\">\u22640,04<\/td>\n<td width=\"84\">&nbsp;<\/td>\n<td width=\"84\">&nbsp;<\/td>\n<td width=\"75\">\u22640,05<\/td>\n<\/tr>\n<tr>\n<td colspan=\"3\" width=\"366\"><strong><b>Geom\u00e9trico<\/b><\/strong><\/td>\n<td colspan=\"4\" width=\"328\">&nbsp;<\/td>\n<\/tr>\n<tr>\n<td colspan=\"2\" width=\"281\">Di\u00e2metro do revestimento<\/td>\n<td width=\"84\">\u03bcm<\/td>\n<td width=\"84\">125\u00b10,7<\/td>\n<td width=\"84\">125\u00b10,7<\/td>\n<td width=\"84\">125\u00b10,7<\/td>\n<td width=\"75\">125\u00b10,7<\/td>\n<\/tr>\n<tr>\n<td colspan=\"2\" width=\"281\">N\u00e3o Circularidade do Revestimento<\/td>\n<td width=\"84\">%<\/td>\n<td width=\"84\">\u22641,0<\/td>\n<td width=\"84\">\u22641,0<\/td>\n<td width=\"84\">\u22640,8<\/td>\n<td width=\"75\">\u22640,7<\/td>\n<\/tr>\n<tr>\n<td colspan=\"2\" width=\"281\">Erro de concentricidade do n\u00facleo\/revestimento<\/td>\n<td width=\"84\">\u03bcm<\/td>\n<td width=\"84\">\u22640,6<\/td>\n<td width=\"84\">\u22640,5<\/td>\n<td width=\"84\">\u22640,5<\/td>\n<td width=\"75\">\u22640,5<\/td>\n<\/tr>\n<tr>\n<td colspan=\"2\" rowspan=\"2\" width=\"281\">Di\u00e2metro do revestimento (sem cor)<\/td>\n<td width=\"84\">\u03bcm<\/td>\n<td colspan=\"4\" width=\"328\">242\u00b17 (padr\u00e3o)<\/td>\n<\/tr>\n<tr>\n<td width=\"84\">\u03bcm<\/td>\n<td colspan=\"4\" width=\"328\">200\u00b110 (opcional)<\/td>\n<\/tr>\n<tr>\n<td colspan=\"2\" width=\"281\">Erro de concentricidade do revestimento\/revestimento<\/td>\n<td width=\"84\">\u03bcm<\/td>\n<td width=\"84\">\u226412<\/td>\n<td width=\"84\">\u226412<\/td>\n<td width=\"84\">\u226412<\/td>\n<td width=\"75\">\u226412<\/td>\n<\/tr>\n<tr>\n<td colspan=\"2\" width=\"281\">Enrolar<\/td>\n<td width=\"84\">m<\/td>\n<td width=\"84\">\u22654<\/td>\n<td width=\"84\">\u22654<\/td>\n<td width=\"84\">\u22654<\/td>\n<td width=\"75\">\u22654<\/td>\n<\/tr>\n<tr>\n<td colspan=\"3\" width=\"366\"><strong><b>Ambiental (1550 nm, 1625 nm)<\/b><\/strong><\/td>\n<td colspan=\"4\" width=\"328\">&nbsp;<\/td>\n<\/tr>\n<tr>\n<td width=\"186\">Ciclagem de temperatura<\/td>\n<td width=\"95\">-60\u2103 a +85\u2103<\/td>\n<td width=\"84\">dB\/km<\/td>\n<td width=\"84\">\u22640,03<\/td>\n<td width=\"84\">\u22640,05<\/td>\n<td width=\"84\">\u22640,05<\/td>\n<td width=\"75\">\u22640,05<\/td>\n<\/tr>\n<tr>\n<td width=\"186\">Alta temperatura e<\/p>\n<p>Alta Umidade<\/td>\n<td width=\"95\">85\u2103, 85% RH, 30 dias<\/td>\n<td width=\"84\">dB\/km<\/td>\n<td width=\"84\">\u22640,03<\/td>\n<td width=\"84\">\u22640,05<\/td>\n<td width=\"84\">\u22640,05<\/td>\n<td width=\"75\">\u22640,05<\/td>\n<\/tr>\n<tr>\n<td width=\"186\">Imers\u00e3o em \u00c1gua<\/td>\n<td width=\"95\">23\u2103, 30 dias<\/td>\n<td width=\"84\">dB\/km<\/td>\n<td width=\"84\">\u22640,03<\/td>\n<td width=\"84\">\u22640,05<\/td>\n<td width=\"84\">\u22640,05<\/td>\n<td width=\"75\">\u22640,05<\/td>\n<\/tr>\n<tr>\n<td width=\"186\">Envelhecimento a alta temperatura<\/td>\n<td width=\"95\">85\u00b0C, 30 dias<\/td>\n<td width=\"84\">dB\/km<\/td>\n<td width=\"84\">\u22640,03<\/td>\n<td width=\"84\">\u22640,05<\/td>\n<td width=\"84\">\u22640,05<\/td>\n<td width=\"75\">\u22640,05<\/td>\n<\/tr>\n<\/tbody>\n<\/table>","protected":false},"excerpt":{"rendered":"<p>Cabo pendente 1F 4,5 mm SM FTTH LSZH-Cabo de bainha dupla usa subcabo OD de 1,8 mm como meio de comunica\u00e7\u00e3o \u00f3ptica, o sub cabo \u00e9 enrolado com uma camada de fio de aramida como unidades de membro de resist\u00eancia e o cabo \u00e9 completado com jaqueta LSZH.   Padr\u00f5es Em conformidade com a norma GR-409, IEC 60794-2-10\/11, atendem aos requisitos de aprova\u00e7\u00e3o UL para OFNR e OFNP.   [\u2026]<\/p>","protected":false},"featured_media":10786,"comment_status":"closed","ping_status":"closed","template":"","meta":{"site-sidebar-layout":"default","site-content-layout":"","ast-site-content-layout":"default","site-content-style":"default","site-sidebar-style":"default","ast-global-header-display":"","ast-banner-title-visibility":"","ast-main-header-display":"","ast-hfb-above-header-display":"","ast-hfb-below-header-display":"","ast-hfb-mobile-header-display":"","site-post-title":"","ast-breadcrumbs-content":"","ast-featured-img":"","footer-sml-layout":"","theme-transparent-header-meta":"default","adv-header-id-meta":"","stick-header-meta":"default","header-above-stick-meta":"","header-main-stick-meta":"","header-below-stick-meta":"","astra-migrate-meta-layouts":"set","ast-page-background-enabled":"default","ast-page-background-meta":{"desktop":{"background-color":"var(--ast-global-color-4)","background-image":"","background-repeat":"repeat","background-position":"center center","background-size":"auto","background-attachment":"scroll","background-type":"","background-media":"","overlay-type":"","overlay-color":"","overlay-gradient":""},"tablet":{"background-color":"","background-image":"","background-repeat":"repeat","background-position":"center center","background-size":"auto","background-attachment":"scroll","background-type":"","background-media":"","overlay-type":"","overlay-color":"","overlay-gradient":""},"mobile":{"background-color":"","background-image":"","background-repeat":"repeat","background-position":"center center","background-size":"auto","background-attachment":"scroll","background-type":"","background-media":"","overlay-type":"","overlay-color":"","overlay-gradient":""}},"ast-content-background-meta":{"desktop":{"background-color":"var(--ast-global-color-5)","background-image":"","background-repeat":"repeat","background-position":"center center","background-size":"auto","background-attachment":"scroll","background-type":"","background-media":"","overlay-type":"","overlay-color":"","overlay-gradient":""},"tablet":{"background-color":"var(--ast-global-color-5)","background-image":"","background-repeat":"repeat","background-position":"center center","background-size":"auto","background-attachment":"scroll","background-type":"","background-media":"","overlay-type":"","overlay-color":"","overlay-gradient":""},"mobile":{"background-color":"var(--ast-global-color-5)","background-image":"","background-repeat":"repeat","background-position":"center center","background-size":"auto","background-attachment":"scroll","background-type":"","background-media":"","overlay-type":"","overlay-color":"","overlay-gradient":""}}},"product_cat":[165,122],"product_tag":[],"class_list":{"0":"post-10784","1":"product","2":"type-product","3":"status-publish","4":"has-post-thumbnail","6":"product_cat-double-sheath-ftth-drop-cable","7":"product_cat-ftth-drop-cable","8":"desktop-align-left","9":"tablet-align-left","10":"mobile-align-left","11":"ast-product-gallery-layout-horizontal-slider","12":"ast-product-tabs-layout-horizontal","14":"first","15":"instock","16":"shipping-taxable","17":"product-type-simple"},"acf":[],"_links":{"self":[{"href":"https:\/\/www.omccable.com\/pt\/wp-json\/wp\/v2\/product\/10784","targetHints":{"allow":["GET"]}}],"collection":[{"href":"https:\/\/www.omccable.com\/pt\/wp-json\/wp\/v2\/product"}],"about":[{"href":"https:\/\/www.omccable.com\/pt\/wp-json\/wp\/v2\/types\/product"}],"replies":[{"embeddable":true,"href":"https:\/\/www.omccable.com\/pt\/wp-json\/wp\/v2\/comments?post=10784"}],"version-history":[{"count":3,"href":"https:\/\/www.omccable.com\/pt\/wp-json\/wp\/v2\/product\/10784\/revisions"}],"predecessor-version":[{"id":11867,"href":"https:\/\/www.omccable.com\/pt\/wp-json\/wp\/v2\/product\/10784\/revisions\/11867"}],"wp:featuredmedia":[{"embeddable":true,"href":"https:\/\/www.omccable.com\/pt\/wp-json\/wp\/v2\/media\/10786"}],"wp:attachment":[{"href":"https:\/\/www.omccable.com\/pt\/wp-json\/wp\/v2\/media?parent=10784"}],"wp:term":[{"taxonomy":"product_cat","embeddable":true,"href":"https:\/\/www.omccable.com\/pt\/wp-json\/wp\/v2\/product_cat?post=10784"},{"taxonomy":"product_tag","embeddable":true,"href":"https:\/\/www.omccable.com\/pt\/wp-json\/wp\/v2\/product_tag?post=10784"}],"curies":[{"name":"wp","href":"https:\/\/api.w.org\/{rel}","templated":true}]}}