{"id":10762,"date":"2024-05-04T14:09:27","date_gmt":"2024-05-04T06:09:27","guid":{"rendered":"https:\/\/www.omccable.com\/?post_type=product&#038;p=10762"},"modified":"2025-07-28T09:53:42","modified_gmt":"2025-07-28T01:53:42","slug":"1f-fig-8-self-supporting-ftth-drop-cable-2-0x5-0mm","status":"publish","type":"product","link":"https:\/\/www.omccable.com\/pt\/produto\/1f-fig-8-self-supporting-ftth-drop-cable-2-0x5-0mm\/","title":{"rendered":"1F Fig 8 Cabo pendente FTTH autoportante 2,0 \u00d7 5,0 mm"},"content":{"rendered":"<p>1F Fig 8 O cabo FTTH autoportante \u00e9 um tipo de cabo FTTH autoportante para instala\u00e7\u00e3o a\u00e9rea. Este cabo tem o formato de um 8. A parte do cabo \u00e9 um cabo redondo com di\u00e2metro externo de 2,0 mm. O membro autoportante \u00e9 um fio de a\u00e7o feito de 7 peda\u00e7os de fio de a\u00e7o de 0,33 mm. Estes formam um membro forte e autossustent\u00e1vel. Portanto, esta \u00e9 uma escolha muito boa para uma solu\u00e7\u00e3o de cabeamento FTTH a\u00e9reo.<\/p>\n<p>&nbsp;<\/p>\n<p><strong><b>Par\u00e2metros do cabo<\/b><\/strong><\/p>\n<table>\n<tbody>\n<tr>\n<td colspan=\"2\" width=\"339\"><strong><b>Itens<\/b><\/strong><\/td>\n<td width=\"360\"><strong><b>Especifica\u00e7\u00f5es<\/b><\/strong><\/td>\n<\/tr>\n<tr>\n<td colspan=\"2\" width=\"339\">Contagem de fibras<\/td>\n<td width=\"360\">1<\/td>\n<\/tr>\n<tr>\n<td rowspan=\"3\" width=\"164\">Fibra tamp\u00e3o semi-apertada<\/td>\n<td width=\"174\">Dimens\u00e3o<\/td>\n<td width=\"360\">0,87\u00b10,05mm<\/td>\n<\/tr>\n<tr>\n<td width=\"174\">Materiais<\/td>\n<td width=\"360\">PVC&amp;LSZH<\/td>\n<\/tr>\n<tr>\n<td width=\"174\">Cor<\/td>\n<td width=\"360\">Azul<\/td>\n<\/tr>\n<tr>\n<td rowspan=\"3\" width=\"164\">Jaqueta<\/td>\n<td width=\"174\">Dimens\u00e3o<\/td>\n<td width=\"360\">(2,0\u00b10,1)mm\u00d7(2,5\u00b10,1)mm\u2014(4,9\u00b10,2)mm<\/td>\n<\/tr>\n<tr>\n<td width=\"174\">Materiais<\/td>\n<td width=\"360\">LSZH com prote\u00e7\u00e3o UV<\/td>\n<\/tr>\n<tr>\n<td width=\"174\">Cor<\/td>\n<td width=\"360\">Preto<\/td>\n<\/tr>\n<tr>\n<td colspan=\"2\" width=\"339\">Membro de For\u00e7a<\/td>\n<td width=\"360\">Fio de aramida<\/td>\n<\/tr>\n<tr>\n<td colspan=\"2\" width=\"339\">Membro autossustent\u00e1vel<\/td>\n<td width=\"360\">Fio de a\u00e7o galvanizado 7*0,33mm<\/td>\n<\/tr>\n<tr>\n<td colspan=\"2\" width=\"339\">Peso do cabo<\/td>\n<td width=\"360\">13Kg\/Km aprox.<\/td>\n<\/tr>\n<\/tbody>\n<\/table>\n<p><strong><b>\u00a0<\/b><\/strong><\/p>\n<p><strong>Caracter\u00edsticas Mec\u00e2nicas<\/strong><\/p>\n<table>\n<tbody>\n<tr>\n<td width=\"374\"><strong><b>Itens<\/b><\/strong><\/td>\n<td width=\"132\"><strong><b>Unir<\/b><\/strong><\/td>\n<td width=\"190\"><strong><b>Especifica\u00e7\u00f5es<\/b><\/strong><\/td>\n<\/tr>\n<tr>\n<td width=\"374\">Tens\u00e3o \uff08Longo Prazo\uff09<\/td>\n<td width=\"132\">N<\/td>\n<td width=\"190\">300<\/td>\n<\/tr>\n<tr>\n<td width=\"374\">Tens\u00e3o \uff08Curto Prazo\uff09<\/td>\n<td width=\"132\">N<\/td>\n<td width=\"190\">600<\/td>\n<\/tr>\n<tr>\n<td width=\"374\">Esmagamento\uff08Longo Prazo\uff09<\/td>\n<td width=\"132\">N\/10cm<\/td>\n<td width=\"190\">100<\/td>\n<\/tr>\n<tr>\n<td width=\"374\">Esmagamento \uff08Curto Prazo\uff09<\/td>\n<td width=\"132\">N\/10cm<\/td>\n<td width=\"190\">500<\/td>\n<\/tr>\n<tr>\n<td width=\"374\">Min. Raio de curvatura \uff08Din\u00e2mico\uff09<\/td>\n<td width=\"132\">mil\u00edmetros<\/td>\n<td width=\"190\">20D<\/td>\n<\/tr>\n<tr>\n<td width=\"374\">Min. Raio de curvatura (est\u00e1tico)<\/td>\n<td width=\"132\">mil\u00edmetros<\/td>\n<td width=\"190\">10D<\/td>\n<\/tr>\n<\/tbody>\n<\/table>\n<p><strong>\u00a0<\/strong><\/p>\n<p><strong>PAR\u00c2METROS AMBIENTAIS<\/strong><\/p>\n<table>\n<tbody>\n<tr>\n<td width=\"198\"><strong>Item<\/strong><\/td>\n<td width=\"226\"><strong>Padr\u00e3o<\/strong><\/td>\n<td width=\"273\"><strong>Especifica\u00e7\u00e3o<\/strong><\/td>\n<\/tr>\n<tr>\n<td rowspan=\"2\" width=\"198\">Ambiental<\/td>\n<td width=\"226\">IEC-60794-1-22-F5B<\/td>\n<td width=\"273\">Sem penetra\u00e7\u00e3o de \u00e1gua<\/td>\n<\/tr>\n<tr>\n<td width=\"226\">IEC-60794-1-22-F9<\/td>\n<td width=\"273\">\u22640,1dB\/km m\u00e1x. altera\u00e7\u00e3o de atenua\u00e7\u00e3o permitida<\/td>\n<\/tr>\n<tr>\n<td width=\"198\">Faixa de temperatura de aplica\u00e7\u00e3o<\/td>\n<td width=\"226\">Faixa de temperatura de aplica\u00e7\u00e3o \u2103<\/td>\n<td width=\"273\">Opera\u00e7\u00e3o:  \u2013 10\u00b0C ~ +70\u00b0C<\/p>\n<p>Instala\u00e7\u00e3o:  -40\u00b0C ~ +70\u00b0C<\/p>\n<p>Armazenamento\/transporte:  \u2013 40\u2103 ~ +70\u2103<\/td>\n<\/tr>\n<\/tbody>\n<\/table>\n<p>&nbsp;<\/p>\n<p><strong>Aplica\u00e7\u00e3o<\/strong><\/p>\n<p>Aplica\u00e7\u00e3o a\u00e9rea externa<\/p>\n<p>Utilizado nos projetos FTTH<\/p>\n<p>Rotas \u00f3pticas de alta velocidade na constru\u00e7\u00e3o<\/p>\n<p>Opera\u00e7\u00e3o de rede \u00f3ptica de alto desempenho<\/p>\n<p><strong>Cabo<\/strong><strong>\u00a0Marca\u00e7\u00e3o<\/strong><\/p>\n<p><strong>Marca Data de fabrica\u00e7\u00e3o (YR\/MT)  Modelo  N\u00famero de n\u00facleos  Categoria  transportadora  N\u00famero de bobina  Medidor (xxxxM)<\/strong><\/p>\n<p>&nbsp;<\/p>\n<p>*A MARCA\u00c7\u00c3O OEM EST\u00c1 DISPON\u00cdVEL. A marca\u00e7\u00e3o pode ser alterada de acordo com as necessidades do cliente.<\/p>\n<p>&nbsp;<\/p>\n<p><strong>Tipo e propriedades de fibra \u00f3ptica<\/strong><\/p>\n<table>\n<tbody>\n<tr>\n<td rowspan=\"2\" width=\"107\"><strong><b>Par\u00e2metro<\/b><\/strong><\/td>\n<td rowspan=\"2\" width=\"138\"><strong><b>Condi\u00e7\u00f5es<\/b><\/strong><\/td>\n<td rowspan=\"2\" width=\"90\"><strong><b>Unidades<\/b><\/strong><\/td>\n<td colspan=\"4\" width=\"344\"><strong><b>Valor<\/b><\/strong><\/td>\n<\/tr>\n<tr>\n<td width=\"87\"><strong><b>G652D<\/b><\/strong><\/td>\n<td width=\"87\"><strong><b>G657A1<\/b><\/strong><\/td>\n<td width=\"87\"><strong><b>G657A2<\/b><\/strong><\/td>\n<td width=\"80\"><strong><b>G657B3<\/b><\/strong><\/td>\n<\/tr>\n<tr>\n<td colspan=\"3\" width=\"336\"><strong><b>Especifica\u00e7\u00e3o \u00f3ptica<\/b><\/strong><\/td>\n<td colspan=\"4\" width=\"344\"><\/td>\n<\/tr>\n<tr>\n<td rowspan=\"6\" width=\"107\">Atenua\u00e7\u00e3o<\/td>\n<td width=\"138\">850 nm<\/td>\n<td width=\"90\">dB\/km<\/td>\n<td width=\"87\">\u2013<\/td>\n<td width=\"87\">\u2013<\/td>\n<td width=\"87\">\u2013<\/td>\n<td width=\"80\">\u2013<\/td>\n<\/tr>\n<tr>\n<td width=\"138\">1300 nm<\/td>\n<td width=\"90\">dB\/km<\/td>\n<td width=\"87\">\u2013<\/td>\n<td width=\"87\">\u2013<\/td>\n<td width=\"87\">\u2013<\/td>\n<td width=\"80\">\u2013<\/td>\n<\/tr>\n<tr>\n<td width=\"138\">1310nm<\/td>\n<td width=\"90\">dB\/km<\/td>\n<td width=\"87\">\u2264 0,350<\/td>\n<td width=\"87\">\u2264 0,350<\/td>\n<td width=\"87\">\u2264 0,350<\/td>\n<td width=\"80\">\u2264 0,350<\/td>\n<\/tr>\n<tr>\n<td width=\"138\">1383 nm<\/td>\n<td width=\"90\">dB\/km<\/td>\n<td width=\"87\">\u2264 0,330<\/td>\n<td width=\"87\">\u2264 0,350<\/td>\n<td width=\"87\">\u2264 0,350<\/td>\n<td width=\"80\">\u2264 0,350<\/td>\n<\/tr>\n<tr>\n<td width=\"138\">1550 nm<\/td>\n<td width=\"90\">dB\/km<\/td>\n<td width=\"87\">\u2264 0,210<\/td>\n<td width=\"87\">\u2264 0,210<\/td>\n<td width=\"87\">\u2264 0,210<\/td>\n<td width=\"80\">\u2264 0,210<\/td>\n<\/tr>\n<tr>\n<td width=\"138\">1625 nm<\/td>\n<td width=\"90\">dB\/km<\/td>\n<td width=\"87\">\u2264 0,240<\/td>\n<td width=\"87\">\u2264 0,230<\/td>\n<td width=\"87\">\u2264 0,230<\/td>\n<td width=\"80\">\u2264 0,230<\/td>\n<\/tr>\n<tr>\n<td rowspan=\"3\" width=\"107\">Atenua\u00e7\u00e3o versus comprimento de onda<\/td>\n<td width=\"138\">1310nm vs. 1285-1330 nm<\/td>\n<td width=\"90\">dB\/km<\/td>\n<td width=\"87\">\u2264 0,04<\/td>\n<td width=\"87\">\u2264 0,04<\/td>\n<td width=\"87\">\u2264 0,05<\/td>\n<td width=\"80\">\u2264 0,03<\/td>\n<\/tr>\n<tr>\n<td width=\"138\">1550 nm vs. 1525-1575 nm<\/td>\n<td width=\"90\">dB\/km<\/td>\n<td width=\"87\">\u2264 0,03<\/td>\n<td width=\"87\">\u2264 0,03<\/td>\n<td width=\"87\">\u2264 0,04<\/td>\n<td width=\"80\">\u2264 0,02<\/td>\n<\/tr>\n<tr>\n<td width=\"138\">1550 nm vs. 1480-1580 nm<\/td>\n<td width=\"90\">dB\/km<\/td>\n<td width=\"87\">\u2264 0,04<\/td>\n<td width=\"87\">\u2013<\/td>\n<td width=\"87\">\u2013<\/td>\n<td width=\"80\">\u2013<\/td>\n<\/tr>\n<tr>\n<td width=\"107\">Comprimento de onda de dispers\u00e3o zero<\/td>\n<td rowspan=\"2\" width=\"138\">\\<\/td>\n<td width=\"90\">nm<\/td>\n<td width=\"87\">1300-1324<\/td>\n<td width=\"87\">1300-1324<\/td>\n<td width=\"87\">1300-1324<\/td>\n<td width=\"80\">1300-1324<\/td>\n<\/tr>\n<tr>\n<td width=\"107\">Inclina\u00e7\u00e3o de Dispers\u00e3o Zero<\/td>\n<td width=\"90\">ps\/(nm2\u00b7km)<\/td>\n<td width=\"87\">0.073-0.092<\/td>\n<td width=\"87\">0.073-0.092<\/td>\n<td width=\"87\">0.073-0.092<\/td>\n<td width=\"80\">\u2264 0,092<\/td>\n<\/tr>\n<tr>\n<td rowspan=\"2\" width=\"107\">Dispers\u00e3o<\/td>\n<td width=\"138\">1550 nm<\/td>\n<td width=\"90\">ps\/(nm\u00b7km)<\/td>\n<td width=\"87\">13.3-18.6<\/td>\n<td width=\"87\">13.3-18.6<\/td>\n<td width=\"87\">13.3-18.6<\/td>\n<td width=\"80\"><\/td>\n<\/tr>\n<tr>\n<td width=\"138\">1625 nm<\/td>\n<td width=\"90\">ps\/(nm\u00b7km)<\/td>\n<td width=\"87\">17.2-23.7<\/td>\n<td width=\"87\">17.2-23.7<\/td>\n<td width=\"87\">17.2-23.7<\/td>\n<td width=\"80\"><\/td>\n<\/tr>\n<tr>\n<td colspan=\"2\" width=\"245\">Dispers\u00e3o do modo de polariza\u00e7\u00e3o (PMD)<\/td>\n<td width=\"90\">ps\/\u221akm<\/td>\n<td width=\"87\">\u22640,2<\/td>\n<td width=\"87\">\u22640,2<\/td>\n<td width=\"87\">\u22640,2<\/td>\n<td width=\"80\">\u22640,2<\/td>\n<\/tr>\n<tr>\n<td width=\"107\">Comprimento de onda de corte \u03bbcc<\/td>\n<td width=\"138\">\u2013<\/td>\n<td width=\"90\">nm<\/td>\n<td width=\"87\">\u22641260<\/td>\n<td width=\"87\">\u22641260<\/td>\n<td width=\"87\">\u22641260<\/td>\n<td width=\"80\">\u22641260<\/td>\n<\/tr>\n<tr>\n<td rowspan=\"2\" width=\"107\">Di\u00e2metro de campo modal (MFD)<\/td>\n<td width=\"138\">1310nm<\/td>\n<td width=\"90\">\u03bcm<\/td>\n<td width=\"87\">9,2\u00b10,4<\/td>\n<td width=\"87\">9,2\u00b10,4<\/td>\n<td width=\"87\">8,6\u00b10,4<\/td>\n<td width=\"80\">8,6\u00b10,4<\/td>\n<\/tr>\n<tr>\n<td width=\"138\">1550 nm<\/td>\n<td width=\"90\">\u03bcm<\/td>\n<td width=\"87\">10,4\u00b10,5<\/td>\n<td width=\"87\">10,4\u00b10,5<\/td>\n<td width=\"87\">9,6\u00b10,5<\/td>\n<td width=\"80\">9,6\u00b10,5<\/td>\n<\/tr>\n<tr>\n<td rowspan=\"2\" width=\"107\">Descontinuidade de Atenua\u00e7\u00e3o<\/td>\n<td width=\"138\">1310nm<\/td>\n<td width=\"90\">dB<\/td>\n<td width=\"87\">\u22640,03<\/td>\n<td width=\"87\">\u22640,03<\/td>\n<td width=\"87\">\u22640,03<\/td>\n<td width=\"80\">\u22640,03<\/td>\n<\/tr>\n<tr>\n<td width=\"138\">1550 nm<\/td>\n<td width=\"90\">dB<\/td>\n<td width=\"87\">\u22640,03<\/td>\n<td width=\"87\">\u22640,03<\/td>\n<td width=\"87\">\u22640,03<\/td>\n<td width=\"80\">\u22640,03<\/td>\n<\/tr>\n<tr>\n<td rowspan=\"2\" width=\"107\">Atenua\u00e7\u00e3o Bidirecional<\/td>\n<td width=\"138\">1310nm<\/td>\n<td width=\"90\">dB\/km<\/td>\n<td width=\"87\">\u22640,04<\/td>\n<td width=\"87\"><\/td>\n<td width=\"87\"><\/td>\n<td width=\"80\">\u22640,05<\/td>\n<\/tr>\n<tr>\n<td width=\"138\">1550 nm<\/td>\n<td width=\"90\">dB\/km<\/td>\n<td width=\"87\">\u22640,04<\/td>\n<td width=\"87\"><\/td>\n<td width=\"87\"><\/td>\n<td width=\"80\">\u22640,05<\/td>\n<\/tr>\n<tr>\n<td colspan=\"3\" width=\"336\"><strong><b>Geom\u00e9trico<\/b><\/strong><\/td>\n<td colspan=\"4\" width=\"344\"><\/td>\n<\/tr>\n<tr>\n<td colspan=\"2\" width=\"245\">Di\u00e2metro do revestimento<\/td>\n<td width=\"90\">\u03bcm<\/td>\n<td width=\"87\">125\u00b10,7<\/td>\n<td width=\"87\">125\u00b10,7<\/td>\n<td width=\"87\">125\u00b10,7<\/td>\n<td width=\"80\">125\u00b10,7<\/td>\n<\/tr>\n<tr>\n<td colspan=\"2\" width=\"245\">N\u00e3o Circularidade do Revestimento<\/td>\n<td width=\"90\">%<\/td>\n<td width=\"87\">\u22641,0<\/td>\n<td width=\"87\">\u22641,0<\/td>\n<td width=\"87\">\u22640,8<\/td>\n<td width=\"80\">\u22640,7<\/td>\n<\/tr>\n<tr>\n<td colspan=\"2\" width=\"245\">Erro de concentricidade do n\u00facleo\/revestimento<\/td>\n<td width=\"90\">\u03bcm<\/td>\n<td width=\"87\">\u22640,6<\/td>\n<td width=\"87\">\u22640,5<\/td>\n<td width=\"87\">\u22640,5<\/td>\n<td width=\"80\">\u22640,5<\/td>\n<\/tr>\n<tr>\n<td colspan=\"2\" rowspan=\"2\" width=\"245\">Di\u00e2metro do revestimento (sem cor)<\/td>\n<td width=\"90\">\u03bcm<\/td>\n<td colspan=\"4\" width=\"344\">242\u00b17 (padr\u00e3o)<\/td>\n<\/tr>\n<tr>\n<td width=\"90\">\u03bcm<\/td>\n<td colspan=\"4\" width=\"344\">200\u00b110 (opcional)<\/td>\n<\/tr>\n<tr>\n<td colspan=\"2\" width=\"245\">Erro de concentricidade do revestimento\/revestimento<\/td>\n<td width=\"90\">\u03bcm<\/td>\n<td width=\"87\">\u226412<\/td>\n<td width=\"87\">\u226412<\/td>\n<td width=\"87\">\u226412<\/td>\n<td width=\"80\">\u226412<\/td>\n<\/tr>\n<tr>\n<td colspan=\"2\" width=\"245\">Enrolar<\/td>\n<td width=\"90\">m<\/td>\n<td width=\"87\">\u22654<\/td>\n<td width=\"87\">\u22654<\/td>\n<td width=\"87\">\u22654<\/td>\n<td width=\"80\">\u22654<\/td>\n<\/tr>\n<tr>\n<td colspan=\"3\" width=\"336\"><strong><b>Ambiental (1550 nm, 1625 nm)<\/b><\/strong><\/td>\n<td colspan=\"4\" width=\"344\"><\/td>\n<\/tr>\n<tr>\n<td width=\"107\">Ciclagem de temperatura<\/td>\n<td width=\"138\">-60\u2103 a +85\u2103<\/td>\n<td width=\"90\">dB\/km<\/td>\n<td width=\"87\">\u22640,03<\/td>\n<td width=\"87\">\u22640,05<\/td>\n<td width=\"87\">\u22640,05<\/td>\n<td width=\"80\">\u22640,05<\/td>\n<\/tr>\n<tr>\n<td width=\"107\">Alta temperatura e<\/p>\n<p>Alta Umidade<\/td>\n<td width=\"138\">85\u2103, 85% RH, 30 dias<\/td>\n<td width=\"90\">dB\/km<\/td>\n<td width=\"87\">\u22640,03<\/td>\n<td width=\"87\">\u22640,05<\/td>\n<td width=\"87\">\u22640,05<\/td>\n<td width=\"80\">\u22640,05<\/td>\n<\/tr>\n<tr>\n<td width=\"107\">Imers\u00e3o em \u00c1gua<\/td>\n<td width=\"138\">23\u2103, 30 dias<\/td>\n<td width=\"90\">dB\/km<\/td>\n<td width=\"87\">\u22640,03<\/td>\n<td width=\"87\">\u22640,05<\/td>\n<td width=\"87\">\u22640,05<\/td>\n<td width=\"80\">\u22640,05<\/td>\n<\/tr>\n<tr>\n<td width=\"107\">Envelhecimento a alta temperatura<\/td>\n<td width=\"138\">85\u00b0C, 30 dias<\/td>\n<td width=\"90\">dB\/km<\/td>\n<td width=\"87\">\u22640,03<\/td>\n<td width=\"87\">\u22640,05<\/td>\n<td width=\"87\">\u22640,05<\/td>\n<td width=\"80\">\u22640,05<\/td>\n<\/tr>\n<\/tbody>\n<\/table>","protected":false},"excerpt":{"rendered":"<p>1F Fig 8 O cabo FTTH autoportante \u00e9 um tipo de cabo FTTH autoportante para instala\u00e7\u00e3o a\u00e9rea. Este cabo tem o formato de um 8. A parte do cabo \u00e9 um cabo redondo com di\u00e2metro externo de 2,0 mm. O membro autoportante \u00e9 um fio de a\u00e7o feito de 7 [...]<\/p>","protected":false},"featured_media":10764,"comment_status":"closed","ping_status":"closed","template":"","meta":{"site-sidebar-layout":"default","site-content-layout":"","ast-site-content-layout":"default","site-content-style":"default","site-sidebar-style":"default","ast-global-header-display":"","ast-banner-title-visibility":"","ast-main-header-display":"","ast-hfb-above-header-display":"","ast-hfb-below-header-display":"","ast-hfb-mobile-header-display":"","site-post-title":"","ast-breadcrumbs-content":"","ast-featured-img":"","footer-sml-layout":"","theme-transparent-header-meta":"default","adv-header-id-meta":"","stick-header-meta":"default","header-above-stick-meta":"","header-main-stick-meta":"","header-below-stick-meta":"","astra-migrate-meta-layouts":"set","ast-page-background-enabled":"default","ast-page-background-meta":{"desktop":{"background-color":"var(--ast-global-color-4)","background-image":"","background-repeat":"repeat","background-position":"center center","background-size":"auto","background-attachment":"scroll","background-type":"","background-media":"","overlay-type":"","overlay-color":"","overlay-gradient":""},"tablet":{"background-color":"","background-image":"","background-repeat":"repeat","background-position":"center center","background-size":"auto","background-attachment":"scroll","background-type":"","background-media":"","overlay-type":"","overlay-color":"","overlay-gradient":""},"mobile":{"background-color":"","background-image":"","background-repeat":"repeat","background-position":"center center","background-size":"auto","background-attachment":"scroll","background-type":"","background-media":"","overlay-type":"","overlay-color":"","overlay-gradient":""}},"ast-content-background-meta":{"desktop":{"background-color":"var(--ast-global-color-5)","background-image":"","background-repeat":"repeat","background-position":"center center","background-size":"auto","background-attachment":"scroll","background-type":"","background-media":"","overlay-type":"","overlay-color":"","overlay-gradient":""},"tablet":{"background-color":"var(--ast-global-color-5)","background-image":"","background-repeat":"repeat","background-position":"center center","background-size":"auto","background-attachment":"scroll","background-type":"","background-media":"","overlay-type":"","overlay-color":"","overlay-gradient":""},"mobile":{"background-color":"var(--ast-global-color-5)","background-image":"","background-repeat":"repeat","background-position":"center center","background-size":"auto","background-attachment":"scroll","background-type":"","background-media":"","overlay-type":"","overlay-color":"","overlay-gradient":""}}},"product_cat":[164,122],"product_tag":[],"class_list":{"0":"post-10762","1":"product","2":"type-product","3":"status-publish","4":"has-post-thumbnail","6":"product_cat-fig-8-aerial-ftth-drop-cable","7":"product_cat-ftth-drop-cable","8":"desktop-align-left","9":"tablet-align-left","10":"mobile-align-left","11":"ast-product-gallery-layout-horizontal-slider","12":"ast-product-tabs-layout-horizontal","14":"first","15":"instock","16":"shipping-taxable","17":"product-type-simple"},"acf":[],"_links":{"self":[{"href":"https:\/\/www.omccable.com\/pt\/wp-json\/wp\/v2\/product\/10762","targetHints":{"allow":["GET"]}}],"collection":[{"href":"https:\/\/www.omccable.com\/pt\/wp-json\/wp\/v2\/product"}],"about":[{"href":"https:\/\/www.omccable.com\/pt\/wp-json\/wp\/v2\/types\/product"}],"replies":[{"embeddable":true,"href":"https:\/\/www.omccable.com\/pt\/wp-json\/wp\/v2\/comments?post=10762"}],"version-history":[{"count":3,"href":"https:\/\/www.omccable.com\/pt\/wp-json\/wp\/v2\/product\/10762\/revisions"}],"predecessor-version":[{"id":13267,"href":"https:\/\/www.omccable.com\/pt\/wp-json\/wp\/v2\/product\/10762\/revisions\/13267"}],"wp:featuredmedia":[{"embeddable":true,"href":"https:\/\/www.omccable.com\/pt\/wp-json\/wp\/v2\/media\/10764"}],"wp:attachment":[{"href":"https:\/\/www.omccable.com\/pt\/wp-json\/wp\/v2\/media?parent=10762"}],"wp:term":[{"taxonomy":"product_cat","embeddable":true,"href":"https:\/\/www.omccable.com\/pt\/wp-json\/wp\/v2\/product_cat?post=10762"},{"taxonomy":"product_tag","embeddable":true,"href":"https:\/\/www.omccable.com\/pt\/wp-json\/wp\/v2\/product_tag?post=10762"}],"curies":[{"name":"wp","href":"https:\/\/api.w.org\/{rel}","templated":true}]}}