{"id":10746,"date":"2024-05-04T10:10:03","date_gmt":"2024-05-04T02:10:03","guid":{"rendered":"https:\/\/www.omccable.com\/?post_type=product&#038;p=10746"},"modified":"2024-12-09T08:57:16","modified_gmt":"2024-12-09T00:57:16","slug":"1f-3-0mm-tpu-ftth-drop-cable-1000n","status":"publish","type":"product","link":"https:\/\/www.omccable.com\/pt\/produto\/1f-3-0mm-tpu-ftth-drop-cable-1000n\/","title":{"rendered":"Cabo pendente 1F 3,0 mm TPU FTTH-1000N"},"content":{"rendered":"<p>Este \u00e9 um cabo macio redondo de 3,0 mm usado para projetos FTTH.<\/p>\n<p>&nbsp;<\/p>\n<p><strong>Estrutura e par\u00e2metro do cabo<\/strong><\/p>\n<table>\n<tbody>\n<tr>\n<td width=\"159\"><strong>Item<\/strong><\/td>\n<td width=\"118\"><strong>Conte\u00fado<\/strong><\/td>\n<td width=\"75\"><strong>Unidade<\/strong><\/td>\n<td width=\"349\"><strong>V<\/strong><strong>valor<\/strong><\/td>\n<\/tr>\n<tr>\n<td width=\"159\">Fibra \u00d3ptica<\/td>\n<td width=\"118\">Contagem de fibras<\/td>\n<td width=\"75\">\/<\/td>\n<td width=\"349\">1N\u00facleo (modo \u00fanico) G657B3<\/td>\n<\/tr>\n<tr>\n<td width=\"159\">Membro de for\u00e7a<\/td>\n<td width=\"118\">Materiais<\/td>\n<td width=\"75\">\/<\/td>\n<td width=\"349\">Fibra de aramida<\/td>\n<\/tr>\n<tr>\n<td rowspan=\"2\" width=\"159\">Buffer apertado<\/td>\n<td width=\"118\">Materiais<\/td>\n<td width=\"75\">\/<\/td>\n<td width=\"349\">LSZH Azul<\/td>\n<\/tr>\n<tr>\n<td width=\"118\">Di\u00e2metro<\/td>\n<td width=\"75\">mil\u00edmetros<\/td>\n<td width=\"349\">0,85\u00b10,05<\/td>\n<\/tr>\n<tr>\n<td rowspan=\"3\" width=\"159\">Jaqueta externa<\/td>\n<td width=\"118\">Di\u00e2metro<\/td>\n<td width=\"75\">mil\u00edmetros<\/td>\n<td width=\"349\">3,0\u00b10,2<\/td>\n<\/tr>\n<tr>\n<td width=\"118\">Materiais<\/td>\n<td width=\"75\">\/<\/td>\n<td width=\"349\">TPU<\/td>\n<\/tr>\n<tr>\n<td width=\"118\">Cor<\/td>\n<td width=\"75\">\/<\/td>\n<td width=\"349\">Preto<\/td>\n<\/tr>\n<tr>\n<td colspan=\"2\" width=\"277\">Atenua\u00e7\u00e3o do cabo<\/td>\n<td width=\"75\">dB\/km<\/td>\n<td width=\"349\">\u2266 0,35 a 1310 nm, \u2266 0,21 a 1550 nm<\/td>\n<\/tr>\n<tr>\n<td colspan=\"2\" width=\"277\">Peso do cabo (aprox.)<\/td>\n<td width=\"75\">kg\/km<\/td>\n<td width=\"349\">8.2<\/td>\n<\/tr>\n<tr>\n<td colspan=\"2\" width=\"277\">Intervalo de marca\u00e7\u00e3o<\/td>\n<td width=\"75\">\/<\/td>\n<td width=\"349\">A cada 1 metro<\/td>\n<\/tr>\n<tr>\n<td colspan=\"2\" width=\"277\">CONFORMIDADE<\/td>\n<td width=\"75\">\/<\/td>\n<td width=\"349\">ITU-T G.657A2, IEC 60794-1-21;<\/p>\n<p>IEC 60794-1-22, M\u00e9todo, F5<\/td>\n<\/tr>\n<tr>\n<td colspan=\"2\" width=\"277\">Min. raio de curvatura (sem mensageiro)<\/td>\n<td width=\"75\">mil\u00edmetros<\/td>\n<td width=\"349\">Est\u00e1tica: 30mm; Din\u00e2mico: 60mm<\/td>\n<\/tr>\n<tr>\n<td colspan=\"2\" width=\"277\">Tempo de vida<\/td>\n<td width=\"75\">Ano<\/td>\n<td width=\"349\">25<\/td>\n<\/tr>\n<\/tbody>\n<\/table>\n<p>Nota: tamanhos e valores sem toler\u00e2ncias s\u00e3o valores nominais<\/p>\n<p>&nbsp;<\/p>\n<p><strong><b>Tipo e propriedades de fibra \u00f3ptica<\/b><\/strong><\/p>\n<table>\n<tbody>\n<tr>\n<td colspan=\"2\" rowspan=\"2\" width=\"415\"><strong>Item<\/strong><\/td>\n<td rowspan=\"2\" width=\"119\"><strong>Unidade<\/strong><\/td>\n<td width=\"163\"><strong>Especifica\u00e7\u00e3o<\/strong><\/td>\n<\/tr>\n<tr>\n<td width=\"163\">G.657B3<\/td>\n<\/tr>\n<tr>\n<td rowspan=\"2\" width=\"317\">Di\u00e2metro do campo de modo<\/td>\n<td width=\"97\">1310 nm<\/td>\n<td width=\"119\">mil\u00edmetros<\/td>\n<td width=\"163\">8,6 \u00b1 0,4<\/td>\n<\/tr>\n<tr>\n<td width=\"97\">1550 nm<\/td>\n<td width=\"119\">mil\u00edmetros<\/td>\n<td width=\"163\">9,6\u00b10,5<\/td>\n<\/tr>\n<tr>\n<td colspan=\"2\" width=\"415\">Di\u00e2metro do revestimento<\/td>\n<td width=\"119\">mil\u00edmetros<\/td>\n<td width=\"163\">125,0 \u00b1 0,7<\/td>\n<\/tr>\n<tr>\n<td colspan=\"2\" width=\"415\">N\u00e3o circularidade do revestimento<\/td>\n<td width=\"119\">%<\/td>\n<td width=\"163\">\u00a31.0<\/td>\n<\/tr>\n<tr>\n<td colspan=\"2\" width=\"415\">Erro de concentricidade central<\/td>\n<td width=\"119\">mil\u00edmetros<\/td>\n<td width=\"163\">\u00a30.5<\/td>\n<\/tr>\n<tr>\n<td colspan=\"2\" width=\"415\">Di\u00e2metro do revestimento<\/td>\n<td width=\"119\">mil\u00edmetros<\/td>\n<td width=\"163\">242 \u00b1 7<\/td>\n<\/tr>\n<tr>\n<td colspan=\"2\" width=\"415\">Erro de concentricidade do revestimento\/revestimento<\/td>\n<td width=\"119\">mil\u00edmetros<\/td>\n<td width=\"163\">\u00a312<\/td>\n<\/tr>\n<tr>\n<td colspan=\"2\" width=\"415\">Comprimento de onda de corte do cabo<\/td>\n<td width=\"119\">nm<\/td>\n<td width=\"163\">\u00a3\u00a01260<\/td>\n<\/tr>\n<tr>\n<td colspan=\"2\" width=\"415\">\u03bb Opera\u00e7\u00e3o<\/td>\n<td width=\"119\">nm<\/td>\n<td width=\"163\">1270-1610<\/td>\n<\/tr>\n<tr>\n<td rowspan=\"4\" width=\"317\">&nbsp;<\/p>\n<p>Par\u00e2metro de dispers\u00e3o crom\u00e1tica<\/td>\n<td width=\"97\">\u03bb0min<\/td>\n<td width=\"119\">nm<\/td>\n<td width=\"163\">1300<\/td>\n<\/tr>\n<tr>\n<td width=\"97\">\u03bb0 m\u00e1x.<\/td>\n<td width=\"119\">nm<\/td>\n<td width=\"163\">1324<\/td>\n<\/tr>\n<tr>\n<td width=\"97\">S0 minutos<\/td>\n<td width=\"119\">ps\/(nm\u00b2xkm)<\/td>\n<td width=\"163\">0.073<\/td>\n<\/tr>\n<tr>\n<td width=\"97\">S0 m\u00e1x<\/td>\n<td width=\"119\">ps\/(nm\u00b2xkm)<\/td>\n<td width=\"163\">0.092<\/td>\n<\/tr>\n<tr>\n<td rowspan=\"2\" width=\"317\">Coeficiente de atenua\u00e7\u00e3o<\/td>\n<td width=\"97\">1310 nm<\/td>\n<td width=\"119\">dB\/km<\/td>\n<td width=\"163\">\u00a30.35<\/td>\n<\/tr>\n<tr>\n<td width=\"97\">1550 nm<\/td>\n<td width=\"119\">dB\/km<\/td>\n<td width=\"163\">\u00a30.21<\/td>\n<\/tr>\n<tr>\n<td rowspan=\"2\" width=\"317\">Perda de macrocurvatura (1 volta, raio de 15 mm)<\/td>\n<td width=\"97\">1550 nm<\/td>\n<td width=\"119\">dB\/km<\/td>\n<td width=\"163\">\u00a30.4<\/td>\n<\/tr>\n<tr>\n<td width=\"97\">1625 nm<\/td>\n<td width=\"119\">dB\/km<\/td>\n<td width=\"163\">\u00a30.8<\/td>\n<\/tr>\n<tr>\n<td colspan=\"2\" width=\"415\">N\u00edvel de estresse da prova<\/td>\n<td width=\"119\">kpsi<\/td>\n<td width=\"163\">\u2265100<\/td>\n<\/tr>\n<\/tbody>\n<\/table>\n<p>&nbsp;<\/p>\n<p><strong><b>PAR\u00c2METROS MEC\u00c2NICOS<\/b><\/strong><\/p>\n<table>\n<tbody>\n<tr>\n<td width=\"362\"><strong><b>Itens<\/b><\/strong><\/td>\n<td width=\"128\"><strong><b>Unir<\/b><\/strong><\/td>\n<td width=\"184\"><strong><b>Especifica\u00e7\u00f5es<\/b><\/strong><\/td>\n<\/tr>\n<tr>\n<td width=\"362\">Tens\u00e3o \uff08Longo Prazo\uff09<\/td>\n<td width=\"128\">N<\/td>\n<td width=\"184\">1000<\/td>\n<\/tr>\n<tr>\n<td width=\"362\">Tens\u00e3o \uff08Curto Prazo\uff09<\/td>\n<td width=\"128\">N<\/td>\n<td width=\"184\">500<\/td>\n<\/tr>\n<tr>\n<td width=\"362\">Esmagamento\uff08Longo Prazo\uff09<\/td>\n<td width=\"128\">N\/10cm<\/td>\n<td width=\"184\">250<\/td>\n<\/tr>\n<tr>\n<td width=\"362\">Esmagamento \uff08Curto Prazo\uff09<\/td>\n<td width=\"128\">N\/10cm<\/td>\n<td width=\"184\">500<\/td>\n<\/tr>\n<tr>\n<td width=\"362\">Min. Raio de curvatura \uff08Din\u00e2mico\uff09<\/td>\n<td width=\"128\">mil\u00edmetros<\/td>\n<td width=\"184\">20D<\/td>\n<\/tr>\n<tr>\n<td width=\"362\">Min. Raio de curvatura (est\u00e1tico)<\/td>\n<td width=\"128\">mil\u00edmetros<\/td>\n<td width=\"184\">10D<\/td>\n<\/tr>\n<\/tbody>\n<\/table>\n<p><strong>\u00a0<\/strong><\/p>\n<p><strong><b>PAR\u00c2METROS AMBIENTAIS<\/b><\/strong><\/p>\n<table>\n<tbody>\n<tr>\n<td width=\"207\"><strong>Item<\/strong><\/td>\n<td width=\"207\"><strong>Padr\u00e3o<\/strong><\/td>\n<td width=\"283\"><strong>Especifica\u00e7\u00e3o<\/strong><\/td>\n<\/tr>\n<tr>\n<td rowspan=\"2\" width=\"207\">Ambiental<\/td>\n<td width=\"207\">IEC-60794-1-22-F5B<\/td>\n<td width=\"283\">Sem penetra\u00e7\u00e3o de \u00e1gua<\/td>\n<\/tr>\n<tr>\n<td width=\"207\">IEC-60794-1-22-F9<\/td>\n<td width=\"283\">\u22640,1dB\/km m\u00e1x. altera\u00e7\u00e3o de atenua\u00e7\u00e3o permitida<\/td>\n<\/tr>\n<tr>\n<td width=\"207\">Faixa de temperatura de aplica\u00e7\u00e3o<\/td>\n<td width=\"207\">Faixa de temperatura de aplica\u00e7\u00e3o \u2103<\/td>\n<td width=\"283\">Opera\u00e7\u00e3o:  \u2013 10\u00b0C ~ +70\u00b0C<\/p>\n<p>Instala\u00e7\u00e3o:  -40\u00b0C ~ +70\u00b0C<\/p>\n<p>Armazenamento\/transporte:  \u2013 40\u2103 ~ +70\u2103<\/td>\n<\/tr>\n<\/tbody>\n<\/table>\n<p><strong><b>Cabo<\/b><\/strong><strong><b>\u00a0Marca\u00e7\u00e3o<\/b><\/strong><\/p>\n<p><strong>Marca Data de fabrica\u00e7\u00e3o (YR\/MT)  Modelo  N\u00famero de n\u00facleos  Categoria  transportadora  N\u00famero de bobina  Medidor (xxxxM)<\/strong><\/p>\n<p><strong>\u00a0<\/strong><\/p>\n<p>*A MARCA\u00c7\u00c3O OEM EST\u00c1 DISPON\u00cdVEL. A marca\u00e7\u00e3o pode ser alterada de acordo com os requisitos do cliente.<\/p>\n<p><strong>\u00a0<\/strong><\/p>\n<p><strong><b>Aplica\u00e7\u00e3o<\/b><\/strong><\/p>\n<p>Aplica\u00e7\u00e3o a\u00e9rea externa<\/p>\n<p>Utilizado nos projetos FTTH<\/p>\n<p>Rotas \u00f3pticas de alta velocidade na constru\u00e7\u00e3o<\/p>\n<p>Opera\u00e7\u00e3o de rede \u00f3ptica de alto desempenho<\/p>","protected":false},"excerpt":{"rendered":"<p>Este \u00e9 um cabo macio redondo de 3,0 mm usado para projetos FTTH.   Estrutura e par\u00e2metro do cabo Item Conte\u00fado Valor unit\u00e1rio Contagem de fibra \u00f3ptica \/ 1 n\u00facleo (modo \u00fanico) G657B3 Material do membro de resist\u00eancia \/ Fibra de aramida Material tamp\u00e3o apertado \/ LSZH Azul Di\u00e2metro mm 0,85\u00b10,05 Di\u00e2metro da jaqueta externa mm 3,0\u00b10,2 Material \/ TPU Cor \/ Preto Atenua\u00e7\u00e3o do cabo\u2026<\/p>","protected":false},"featured_media":10748,"comment_status":"closed","ping_status":"closed","template":"","meta":{"site-sidebar-layout":"default","site-content-layout":"","ast-site-content-layout":"default","site-content-style":"default","site-sidebar-style":"default","ast-global-header-display":"","ast-banner-title-visibility":"","ast-main-header-display":"","ast-hfb-above-header-display":"","ast-hfb-below-header-display":"","ast-hfb-mobile-header-display":"","site-post-title":"","ast-breadcrumbs-content":"","ast-featured-img":"","footer-sml-layout":"","theme-transparent-header-meta":"default","adv-header-id-meta":"","stick-header-meta":"default","header-above-stick-meta":"","header-main-stick-meta":"","header-below-stick-meta":"","astra-migrate-meta-layouts":"set","ast-page-background-enabled":"default","ast-page-background-meta":{"desktop":{"background-color":"var(--ast-global-color-4)","background-image":"","background-repeat":"repeat","background-position":"center center","background-size":"auto","background-attachment":"scroll","background-type":"","background-media":"","overlay-type":"","overlay-color":"","overlay-gradient":""},"tablet":{"background-color":"","background-image":"","background-repeat":"repeat","background-position":"center center","background-size":"auto","background-attachment":"scroll","background-type":"","background-media":"","overlay-type":"","overlay-color":"","overlay-gradient":""},"mobile":{"background-color":"","background-image":"","background-repeat":"repeat","background-position":"center center","background-size":"auto","background-attachment":"scroll","background-type":"","background-media":"","overlay-type":"","overlay-color":"","overlay-gradient":""}},"ast-content-background-meta":{"desktop":{"background-color":"var(--ast-global-color-5)","background-image":"","background-repeat":"repeat","background-position":"center center","background-size":"auto","background-attachment":"scroll","background-type":"","background-media":"","overlay-type":"","overlay-color":"","overlay-gradient":""},"tablet":{"background-color":"var(--ast-global-color-5)","background-image":"","background-repeat":"repeat","background-position":"center center","background-size":"auto","background-attachment":"scroll","background-type":"","background-media":"","overlay-type":"","overlay-color":"","overlay-gradient":""},"mobile":{"background-color":"var(--ast-global-color-5)","background-image":"","background-repeat":"repeat","background-position":"center center","background-size":"auto","background-attachment":"scroll","background-type":"","background-media":"","overlay-type":"","overlay-color":"","overlay-gradient":""}}},"product_cat":[122,132],"product_tag":[],"class_list":{"0":"post-10746","1":"product","2":"type-product","3":"status-publish","4":"has-post-thumbnail","6":"product_cat-ftth-drop-cable","7":"product_cat-round-ftth-drop-cable","8":"desktop-align-left","9":"tablet-align-left","10":"mobile-align-left","11":"ast-product-gallery-layout-horizontal-slider","12":"ast-product-tabs-layout-horizontal","14":"first","15":"instock","16":"shipping-taxable","17":"product-type-simple"},"acf":[],"_links":{"self":[{"href":"https:\/\/www.omccable.com\/pt\/wp-json\/wp\/v2\/product\/10746","targetHints":{"allow":["GET"]}}],"collection":[{"href":"https:\/\/www.omccable.com\/pt\/wp-json\/wp\/v2\/product"}],"about":[{"href":"https:\/\/www.omccable.com\/pt\/wp-json\/wp\/v2\/types\/product"}],"replies":[{"embeddable":true,"href":"https:\/\/www.omccable.com\/pt\/wp-json\/wp\/v2\/comments?post=10746"}],"version-history":[{"count":3,"href":"https:\/\/www.omccable.com\/pt\/wp-json\/wp\/v2\/product\/10746\/revisions"}],"predecessor-version":[{"id":12786,"href":"https:\/\/www.omccable.com\/pt\/wp-json\/wp\/v2\/product\/10746\/revisions\/12786"}],"wp:featuredmedia":[{"embeddable":true,"href":"https:\/\/www.omccable.com\/pt\/wp-json\/wp\/v2\/media\/10748"}],"wp:attachment":[{"href":"https:\/\/www.omccable.com\/pt\/wp-json\/wp\/v2\/media?parent=10746"}],"wp:term":[{"taxonomy":"product_cat","embeddable":true,"href":"https:\/\/www.omccable.com\/pt\/wp-json\/wp\/v2\/product_cat?post=10746"},{"taxonomy":"product_tag","embeddable":true,"href":"https:\/\/www.omccable.com\/pt\/wp-json\/wp\/v2\/product_tag?post=10746"}],"curies":[{"name":"wp","href":"https:\/\/api.w.org\/{rel}","templated":true}]}}