{"id":10731,"date":"2024-05-04T09:33:07","date_gmt":"2024-05-04T01:33:07","guid":{"rendered":"https:\/\/www.omccable.com\/?post_type=product&#038;p=10731"},"modified":"2024-07-27T11:15:55","modified_gmt":"2024-07-27T03:15:55","slug":"1f-3-0mm-lszh-ftth-drop-cable-g657a2-200n","status":"publish","type":"product","link":"https:\/\/www.omccable.com\/pt\/produto\/1f-3-0mm-lszh-ftth-drop-cable-g657a2-200n\/","title":{"rendered":"Cabo pendente 1F 3,0 mm LSZH FTTH G657A2 200N"},"content":{"rendered":"<p>Este \u00e9 um cabo macio redondo de 3,0 mm usado para projetos FTTH.<\/p>\n<p>&nbsp;<\/p>\n<p><strong>Estrutura e par\u00e2metro do cabo<\/strong><\/p>\n<table>\n<tbody>\n<tr>\n<td width=\"158\"><strong>Item<\/strong><\/td>\n<td width=\"118\"><strong>Conte\u00fado<\/strong><\/td>\n<td width=\"75\"><strong>Unidade<\/strong><\/td>\n<td width=\"313\"><strong>V<\/strong><strong>valor<\/strong><\/td>\n<\/tr>\n<tr>\n<td width=\"158\">Fibra \u00d3ptica<\/td>\n<td width=\"118\">Contagem de fibras<\/td>\n<td width=\"75\">\/<\/td>\n<td width=\"313\">1N\u00facleo (modo \u00fanico) G657A2<\/td>\n<\/tr>\n<tr>\n<td width=\"158\">Membro de for\u00e7a<\/td>\n<td width=\"118\">Materiais<\/td>\n<td width=\"75\">\/<\/td>\n<td width=\"313\">Fio de fibra de aramida<\/td>\n<\/tr>\n<tr>\n<td rowspan=\"2\" width=\"158\">Buffer apertado<\/td>\n<td width=\"118\">Materiais<\/td>\n<td width=\"75\">\/<\/td>\n<td width=\"313\">LSZH Branco<\/td>\n<\/tr>\n<tr>\n<td width=\"118\">Di\u00e2metro<\/td>\n<td width=\"75\">mil\u00edmetros<\/td>\n<td width=\"313\">0,85\u00b10,05<\/td>\n<\/tr>\n<tr>\n<td rowspan=\"3\" width=\"158\">Jaqueta externa<\/td>\n<td width=\"118\">Di\u00e2metro<\/td>\n<td width=\"75\">mil\u00edmetros<\/td>\n<td width=\"313\">3,0\u00b10,2<\/td>\n<\/tr>\n<tr>\n<td width=\"118\">Materiais<\/td>\n<td width=\"75\">\/<\/td>\n<td width=\"313\">LSZH com prote\u00e7\u00e3o UV<\/td>\n<\/tr>\n<tr>\n<td width=\"118\">Cor<\/td>\n<td width=\"75\">\/<\/td>\n<td width=\"313\">Preto<\/td>\n<\/tr>\n<tr>\n<td width=\"158\">N\u00edvel de RCP<\/td>\n<td width=\"118\">\u2013<\/td>\n<td width=\"75\">\u2013<\/td>\n<td width=\"313\">Dca, CCa,Eca\u2026..<\/td>\n<\/tr>\n<tr>\n<td colspan=\"2\" width=\"276\">Atenua\u00e7\u00e3o do cabo<\/td>\n<td width=\"75\">dB\/km<\/td>\n<td width=\"313\">\u2266 0,35 a 1310 nm, \u2266 0,21 a 1550 nm<\/td>\n<\/tr>\n<tr>\n<td colspan=\"2\" width=\"276\">Peso do cabo (aprox.)<\/td>\n<td width=\"75\">kg\/km<\/td>\n<td width=\"313\">10<\/td>\n<\/tr>\n<tr>\n<td colspan=\"2\" width=\"276\">Intervalo de marca\u00e7\u00e3o<\/td>\n<td width=\"75\">\/<\/td>\n<td width=\"313\">A cada 1 metro<\/td>\n<\/tr>\n<tr>\n<td colspan=\"2\" width=\"276\">CONFORMIDADE<\/td>\n<td width=\"75\">\/<\/td>\n<td width=\"313\">ITU-T G.657 A2, IEC 60794-1-21;<\/p>\n<p>IEC 60794-1-22, M\u00e9todo, F5<\/td>\n<\/tr>\n<tr>\n<td colspan=\"2\" width=\"276\">Min. raio de curvatura (sem mensageiro)<\/td>\n<td width=\"75\">mil\u00edmetros<\/td>\n<td width=\"313\">Est\u00e1tica: 30mm; Din\u00e2mico: 60mm<\/td>\n<\/tr>\n<tr>\n<td colspan=\"2\" width=\"276\">Tempo de vida<\/td>\n<td width=\"75\">Ano<\/td>\n<td width=\"313\">25<\/td>\n<\/tr>\n<\/tbody>\n<\/table>\n<p>Nota: tamanhos e valores sem toler\u00e2ncias s\u00e3o valores nominais<\/p>\n<p><strong><b>\u00a0<\/b><\/strong><\/p>\n<p><strong><b>Tipo e propriedades de fibra \u00f3ptica<\/b><\/strong><\/p>\n<table>\n<tbody>\n<tr>\n<td rowspan=\"2\" width=\"107\"><strong><b>Par\u00e2metro<\/b><\/strong><\/td>\n<td rowspan=\"2\" width=\"138\"><strong><b>Condi\u00e7\u00f5es<\/b><\/strong><\/td>\n<td rowspan=\"2\" width=\"90\"><strong><b>Unidades<\/b><\/strong><\/td>\n<td colspan=\"4\" width=\"344\"><strong><b>Valor<\/b><\/strong><\/td>\n<\/tr>\n<tr>\n<td width=\"87\"><strong><b>G652D<\/b><\/strong><\/td>\n<td width=\"87\"><strong><b>G657A1<\/b><\/strong><\/td>\n<td width=\"87\"><strong><b>G657A2<\/b><\/strong><\/td>\n<td width=\"80\"><strong><b>G657B3<\/b><\/strong><\/td>\n<\/tr>\n<tr>\n<td colspan=\"3\" width=\"336\"><strong><b>Especifica\u00e7\u00e3o \u00f3ptica<\/b><\/strong><\/td>\n<td colspan=\"4\" width=\"344\">&nbsp;<\/td>\n<\/tr>\n<tr>\n<td rowspan=\"6\" width=\"107\">Atenua\u00e7\u00e3o<\/td>\n<td width=\"138\">850 nm<\/td>\n<td width=\"90\">dB\/km<\/td>\n<td width=\"87\">\u2013<\/td>\n<td width=\"87\">\u2013<\/td>\n<td width=\"87\">\u2013<\/td>\n<td width=\"80\">\u2013<\/td>\n<\/tr>\n<tr>\n<td width=\"138\">1300 nm<\/td>\n<td width=\"90\">dB\/km<\/td>\n<td width=\"87\">\u2013<\/td>\n<td width=\"87\">\u2013<\/td>\n<td width=\"87\">\u2013<\/td>\n<td width=\"80\">\u2013<\/td>\n<\/tr>\n<tr>\n<td width=\"138\">1310nm<\/td>\n<td width=\"90\">dB\/km<\/td>\n<td width=\"87\">\u2264 0,350<\/td>\n<td width=\"87\">\u2264 0,350<\/td>\n<td width=\"87\">\u2264 0,350<\/td>\n<td width=\"80\">\u2264 0,350<\/td>\n<\/tr>\n<tr>\n<td width=\"138\">1383 nm<\/td>\n<td width=\"90\">dB\/km<\/td>\n<td width=\"87\">\u2264 0,330<\/td>\n<td width=\"87\">\u2264 0,350<\/td>\n<td width=\"87\">\u2264 0,350<\/td>\n<td width=\"80\">\u2264 0,350<\/td>\n<\/tr>\n<tr>\n<td width=\"138\">1550 nm<\/td>\n<td width=\"90\">dB\/km<\/td>\n<td width=\"87\">\u2264 0,210<\/td>\n<td width=\"87\">\u2264 0,210<\/td>\n<td width=\"87\">\u2264 0,210<\/td>\n<td width=\"80\">\u2264 0,210<\/td>\n<\/tr>\n<tr>\n<td width=\"138\">1625 nm<\/td>\n<td width=\"90\">dB\/km<\/td>\n<td width=\"87\">\u2264 0,240<\/td>\n<td width=\"87\">\u2264 0,230<\/td>\n<td width=\"87\">\u2264 0,230<\/td>\n<td width=\"80\">\u2264 0,230<\/td>\n<\/tr>\n<tr>\n<td rowspan=\"3\" width=\"107\">Atenua\u00e7\u00e3o versus comprimento de onda<\/td>\n<td width=\"138\">1310nm vs. 1285-1330 nm<\/td>\n<td width=\"90\">dB\/km<\/td>\n<td width=\"87\">\u2264 0,04<\/td>\n<td width=\"87\">\u2264 0,04<\/td>\n<td width=\"87\">\u2264 0,05<\/td>\n<td width=\"80\">\u2264 0,03<\/td>\n<\/tr>\n<tr>\n<td width=\"138\">1550 nm vs. 1525-1575 nm<\/td>\n<td width=\"90\">dB\/km<\/td>\n<td width=\"87\">\u2264 0,03<\/td>\n<td width=\"87\">\u2264 0,03<\/td>\n<td width=\"87\">\u2264 0,04<\/td>\n<td width=\"80\">\u2264 0,02<\/td>\n<\/tr>\n<tr>\n<td width=\"138\">1550 nm vs. 1480-1580 nm<\/td>\n<td width=\"90\">dB\/km<\/td>\n<td width=\"87\">\u2264 0,04<\/td>\n<td width=\"87\">\u2013<\/td>\n<td width=\"87\">\u2013<\/td>\n<td width=\"80\">\u2013<\/td>\n<\/tr>\n<tr>\n<td width=\"107\">Comprimento de onda de dispers\u00e3o zero<\/td>\n<td rowspan=\"2\" width=\"138\">\\<\/td>\n<td width=\"90\">nm<\/td>\n<td width=\"87\">1300-1324<\/td>\n<td width=\"87\">1300-1324<\/td>\n<td width=\"87\">1300-1324<\/td>\n<td width=\"80\">1300-1324<\/td>\n<\/tr>\n<tr>\n<td width=\"107\">Inclina\u00e7\u00e3o de Dispers\u00e3o Zero<\/td>\n<td width=\"90\">ps\/(nm<sup>2<\/sup>\u00b7km)<\/td>\n<td width=\"87\">0.073-0.092<\/td>\n<td width=\"87\">0.073-0.092<\/td>\n<td width=\"87\">0.073-0.092<\/td>\n<td width=\"80\">\u2264 0,092<\/td>\n<\/tr>\n<tr>\n<td rowspan=\"2\" width=\"107\">Dispers\u00e3o<\/td>\n<td width=\"138\">1550 nm<\/td>\n<td width=\"90\">ps\/(nm\u00b7km)<\/td>\n<td width=\"87\">13.3-18.6<\/td>\n<td width=\"87\">13.3-18.6<\/td>\n<td width=\"87\">13.3-18.6<\/td>\n<td width=\"80\">&nbsp;<\/td>\n<\/tr>\n<tr>\n<td width=\"138\">1625 nm<\/td>\n<td width=\"90\">ps\/(nm\u00b7km)<\/td>\n<td width=\"87\">17.2-23.7<\/td>\n<td width=\"87\">17.2-23.7<\/td>\n<td width=\"87\">17.2-23.7<\/td>\n<td width=\"80\">&nbsp;<\/td>\n<\/tr>\n<tr>\n<td colspan=\"2\" width=\"245\">Dispers\u00e3o do modo de polariza\u00e7\u00e3o (PMD)<\/td>\n<td width=\"90\">ps\/\u221akm<\/td>\n<td width=\"87\">\u22640,2<\/td>\n<td width=\"87\">\u22640,2<\/td>\n<td width=\"87\">\u22640,2<\/td>\n<td width=\"80\">\u22640,2<\/td>\n<\/tr>\n<tr>\n<td width=\"107\">Comprimento de onda de corte \u03bbcc<\/td>\n<td width=\"138\">\u2013<\/td>\n<td width=\"90\">nm<\/td>\n<td width=\"87\">\u22641260<\/td>\n<td width=\"87\">\u22641260<\/td>\n<td width=\"87\">\u22641260<\/td>\n<td width=\"80\">\u22641260<\/td>\n<\/tr>\n<tr>\n<td rowspan=\"2\" width=\"107\">Di\u00e2metro de campo modal (MFD)<\/td>\n<td width=\"138\">1310nm<\/td>\n<td width=\"90\">\u03bcm<\/td>\n<td width=\"87\">9,2\u00b10,4<\/td>\n<td width=\"87\">9,2\u00b10,4<\/td>\n<td width=\"87\">8,6\u00b10,4<\/td>\n<td width=\"80\">8,6\u00b10,4<\/td>\n<\/tr>\n<tr>\n<td width=\"138\">1550 nm<\/td>\n<td width=\"90\">\u03bcm<\/td>\n<td width=\"87\">10,4\u00b10,5<\/td>\n<td width=\"87\">10,4\u00b10,5<\/td>\n<td width=\"87\">9,6\u00b10,5<\/td>\n<td width=\"80\">9,6\u00b10,5<\/td>\n<\/tr>\n<tr>\n<td rowspan=\"2\" width=\"107\">Descontinuidade de Atenua\u00e7\u00e3o<\/td>\n<td width=\"138\">1310nm<\/td>\n<td width=\"90\">dB<\/td>\n<td width=\"87\">\u22640,03<\/td>\n<td width=\"87\">\u22640,03<\/td>\n<td width=\"87\">\u22640,03<\/td>\n<td width=\"80\">\u22640,03<\/td>\n<\/tr>\n<tr>\n<td width=\"138\">1550 nm<\/td>\n<td width=\"90\">dB<\/td>\n<td width=\"87\">\u22640,03<\/td>\n<td width=\"87\">\u22640,03<\/td>\n<td width=\"87\">\u22640,03<\/td>\n<td width=\"80\">\u22640,03<\/td>\n<\/tr>\n<tr>\n<td rowspan=\"2\" width=\"107\">Atenua\u00e7\u00e3o Bidirecional<\/td>\n<td width=\"138\">1310nm<\/td>\n<td width=\"90\">dB\/km<\/td>\n<td width=\"87\">\u22640,04<\/td>\n<td width=\"87\">&nbsp;<\/td>\n<td width=\"87\">&nbsp;<\/td>\n<td width=\"80\">\u22640,05<\/td>\n<\/tr>\n<tr>\n<td width=\"138\">1550 nm<\/td>\n<td width=\"90\">dB\/km<\/td>\n<td width=\"87\">\u22640,04<\/td>\n<td width=\"87\">&nbsp;<\/td>\n<td width=\"87\">&nbsp;<\/td>\n<td width=\"80\">\u22640,05<\/td>\n<\/tr>\n<tr>\n<td colspan=\"3\" width=\"336\"><strong><b>Geom\u00e9trico<\/b><\/strong><\/td>\n<td colspan=\"4\" width=\"344\">&nbsp;<\/td>\n<\/tr>\n<tr>\n<td colspan=\"2\" width=\"245\">Di\u00e2metro do revestimento<\/td>\n<td width=\"90\">\u03bcm<\/td>\n<td width=\"87\">125\u00b10,7<\/td>\n<td width=\"87\">125\u00b10,7<\/td>\n<td width=\"87\">125\u00b10,7<\/td>\n<td width=\"80\">125\u00b10,7<\/td>\n<\/tr>\n<tr>\n<td colspan=\"2\" width=\"245\">N\u00e3o Circularidade do Revestimento<\/td>\n<td width=\"90\">%<\/td>\n<td width=\"87\">\u22641,0<\/td>\n<td width=\"87\">\u22641,0<\/td>\n<td width=\"87\">\u22640,8<\/td>\n<td width=\"80\">\u22640,7<\/td>\n<\/tr>\n<tr>\n<td colspan=\"2\" width=\"245\">Erro de concentricidade do n\u00facleo\/revestimento<\/td>\n<td width=\"90\">\u03bcm<\/td>\n<td width=\"87\">\u22640,6<\/td>\n<td width=\"87\">\u22640,5<\/td>\n<td width=\"87\">\u22640,5<\/td>\n<td width=\"80\">\u22640,5<\/td>\n<\/tr>\n<tr>\n<td colspan=\"2\" rowspan=\"2\" width=\"245\">Di\u00e2metro do revestimento (sem cor)<\/td>\n<td width=\"90\">\u03bcm<\/td>\n<td colspan=\"4\" width=\"344\">242\u00b17 (padr\u00e3o)<\/td>\n<\/tr>\n<tr>\n<td width=\"90\">\u03bcm<\/td>\n<td colspan=\"4\" width=\"344\">200\u00b110 (opcional)<\/td>\n<\/tr>\n<tr>\n<td colspan=\"2\" width=\"245\">Erro de concentricidade do revestimento\/revestimento<\/td>\n<td width=\"90\">\u03bcm<\/td>\n<td width=\"87\">\u226412<\/td>\n<td width=\"87\">\u226412<\/td>\n<td width=\"87\">\u226412<\/td>\n<td width=\"80\">\u226412<\/td>\n<\/tr>\n<tr>\n<td colspan=\"2\" width=\"245\">Enrolar<\/td>\n<td width=\"90\">m<\/td>\n<td width=\"87\">\u22654<\/td>\n<td width=\"87\">\u22654<\/td>\n<td width=\"87\">\u22654<\/td>\n<td width=\"80\">\u22654<\/td>\n<\/tr>\n<tr>\n<td colspan=\"3\" width=\"336\"><strong><b>Ambiental (1550 nm, 1625 nm)<\/b><\/strong><\/td>\n<td colspan=\"4\" width=\"344\">&nbsp;<\/td>\n<\/tr>\n<tr>\n<td width=\"107\">Ciclagem de temperatura<\/td>\n<td width=\"138\">-60\u2103 a +85\u2103<\/td>\n<td width=\"90\">dB\/km<\/td>\n<td width=\"87\">\u22640,03<\/td>\n<td width=\"87\">\u22640,05<\/td>\n<td width=\"87\">\u22640,05<\/td>\n<td width=\"80\">\u22640,05<\/td>\n<\/tr>\n<tr>\n<td width=\"107\">Alta temperatura e<\/p>\n<p>Alta Umidade<\/td>\n<td width=\"138\">85\u2103, 85% RH, 30 dias<\/td>\n<td width=\"90\">dB\/km<\/td>\n<td width=\"87\">\u22640,03<\/td>\n<td width=\"87\">\u22640,05<\/td>\n<td width=\"87\">\u22640,05<\/td>\n<td width=\"80\">\u22640,05<\/td>\n<\/tr>\n<tr>\n<td width=\"107\">Imers\u00e3o em \u00c1gua<\/td>\n<td width=\"138\">23\u2103, 30 dias<\/td>\n<td width=\"90\">dB\/km<\/td>\n<td width=\"87\">\u22640,03<\/td>\n<td width=\"87\">\u22640,05<\/td>\n<td width=\"87\">\u22640,05<\/td>\n<td width=\"80\">\u22640,05<\/td>\n<\/tr>\n<tr>\n<td width=\"107\">Envelhecimento a alta temperatura<\/td>\n<td width=\"138\">85\u00b0C, 30 dias<\/td>\n<td width=\"90\">dB\/km<\/td>\n<td width=\"87\">\u22640,03<\/td>\n<td width=\"87\">\u22640,05<\/td>\n<td width=\"87\">\u22640,05<\/td>\n<td width=\"80\">\u22640,05<\/td>\n<\/tr>\n<\/tbody>\n<\/table>\n<p>&nbsp;<\/p>\n<p><strong><b>PAR\u00c2METROS MEC\u00c2NICOS DO CABO<\/b><\/strong><\/p>\n<table>\n<tbody>\n<tr>\n<td width=\"411\"><strong><b>Itens<\/b><\/strong><\/td>\n<td width=\"132\"><strong><b>Unir<\/b><\/strong><\/td>\n<td width=\"136\"><strong><b>Especifica\u00e7\u00f5es<\/b><\/strong><\/td>\n<\/tr>\n<tr>\n<td width=\"411\">Tens\u00e3o \uff08Longo Prazo\uff09<\/td>\n<td width=\"132\">N<\/td>\n<td width=\"136\">200<\/td>\n<\/tr>\n<tr>\n<td width=\"411\">Tens\u00e3o \uff08Curto Prazo\uff09<\/td>\n<td width=\"132\">N<\/td>\n<td width=\"136\">100<\/td>\n<\/tr>\n<tr>\n<td width=\"411\">Esmagamento\uff08Longo Prazo\uff09<\/td>\n<td width=\"132\">N\/10cm<\/td>\n<td width=\"136\">100<\/td>\n<\/tr>\n<tr>\n<td width=\"411\">Esmagamento \uff08Curto Prazo\uff09<\/td>\n<td width=\"132\">N\/10cm<\/td>\n<td width=\"136\">500<\/td>\n<\/tr>\n<tr>\n<td width=\"411\">Min. Raio de curvatura \uff08Din\u00e2mico\uff09<\/td>\n<td width=\"132\">mil\u00edmetros<\/td>\n<td width=\"136\">20D<\/td>\n<\/tr>\n<tr>\n<td width=\"411\">Min. Raio de curvatura (est\u00e1tico)<\/td>\n<td width=\"132\">mil\u00edmetros<\/td>\n<td width=\"136\">10D<\/td>\n<\/tr>\n<\/tbody>\n<\/table>\n<p><strong>\u00a0<\/strong><\/p>\n<p><strong><b>PAR\u00c2METROS AMBIENTAIS<\/b><\/strong><\/p>\n<table>\n<tbody>\n<tr>\n<td width=\"193\"><strong>Item<\/strong><\/td>\n<td width=\"213\"><strong>Padr\u00e3o<\/strong><\/td>\n<td width=\"274\"><strong>Especifica\u00e7\u00e3o<\/strong><\/td>\n<\/tr>\n<tr>\n<td rowspan=\"2\" width=\"193\">Ambiental<\/td>\n<td width=\"213\">IEC-60794-1-22-F5B<\/td>\n<td width=\"274\">Sem penetra\u00e7\u00e3o de \u00e1gua<\/td>\n<\/tr>\n<tr>\n<td width=\"213\">IEC-60794-1-22-F9<\/td>\n<td width=\"274\">\u22640,1dB\/km m\u00e1x. altera\u00e7\u00e3o de atenua\u00e7\u00e3o permitida<\/td>\n<\/tr>\n<tr>\n<td width=\"193\">Faixa de temperatura de aplica\u00e7\u00e3o<\/td>\n<td width=\"213\">Faixa de temperatura de aplica\u00e7\u00e3o<\/p>\n<p>\u2103<\/td>\n<td width=\"274\">Opera\u00e7\u00e3o:  \u2013 10\u00b0C ~ +70\u00b0C<\/p>\n<p>Instala\u00e7\u00e3o:  -40\u00b0C ~ +70\u00b0C<\/p>\n<p>Armazenamento\/transporte:  \u2013 40\u2103 ~ +70\u2103<\/td>\n<\/tr>\n<\/tbody>\n<\/table>\n<p><strong><b>\u00a0<\/b><\/strong><\/p>\n<p><strong><b>Aplica\u00e7\u00e3o<\/b><\/strong><\/p>\n<p>Aplica\u00e7\u00e3o a\u00e9rea externa<\/p>\n<p>Utilizado nos projetos FTTH<\/p>\n<p>Rotas \u00f3pticas de alta velocidade na constru\u00e7\u00e3o<\/p>\n<p>Opera\u00e7\u00e3o de rede \u00f3ptica de alto desempenho<\/p>","protected":false},"excerpt":{"rendered":"<p>Este \u00e9 um cabo macio redondo de 3,0 mm usado para projetos FTTH.   Estrutura e par\u00e2metro do cabo Item Conte\u00fado Valor da unidade Contagem de fibra \u00f3ptica \/ 1 n\u00facleo (modo \u00fanico) G657A2 Material do membro de resist\u00eancia \/ Fio de fibra de aramida Material tamp\u00e3o apertado \/ LSZH Branco Di\u00e2metro mm 0,85\u00b10,05 Di\u00e2metro da jaqueta externa mm 3,0\u00b10,2 Material \/ LSZH com cor de prote\u00e7\u00e3o UV \/\u2026<\/p>","protected":false},"featured_media":10733,"comment_status":"closed","ping_status":"closed","template":"","meta":{"site-sidebar-layout":"default","site-content-layout":"","ast-site-content-layout":"default","site-content-style":"default","site-sidebar-style":"default","ast-global-header-display":"","ast-banner-title-visibility":"","ast-main-header-display":"","ast-hfb-above-header-display":"","ast-hfb-below-header-display":"","ast-hfb-mobile-header-display":"","site-post-title":"","ast-breadcrumbs-content":"","ast-featured-img":"","footer-sml-layout":"","theme-transparent-header-meta":"default","adv-header-id-meta":"","stick-header-meta":"default","header-above-stick-meta":"","header-main-stick-meta":"","header-below-stick-meta":"","astra-migrate-meta-layouts":"set","ast-page-background-enabled":"default","ast-page-background-meta":{"desktop":{"background-color":"var(--ast-global-color-4)","background-image":"","background-repeat":"repeat","background-position":"center center","background-size":"auto","background-attachment":"scroll","background-type":"","background-media":"","overlay-type":"","overlay-color":"","overlay-gradient":""},"tablet":{"background-color":"","background-image":"","background-repeat":"repeat","background-position":"center center","background-size":"auto","background-attachment":"scroll","background-type":"","background-media":"","overlay-type":"","overlay-color":"","overlay-gradient":""},"mobile":{"background-color":"","background-image":"","background-repeat":"repeat","background-position":"center center","background-size":"auto","background-attachment":"scroll","background-type":"","background-media":"","overlay-type":"","overlay-color":"","overlay-gradient":""}},"ast-content-background-meta":{"desktop":{"background-color":"var(--ast-global-color-5)","background-image":"","background-repeat":"repeat","background-position":"center center","background-size":"auto","background-attachment":"scroll","background-type":"","background-media":"","overlay-type":"","overlay-color":"","overlay-gradient":""},"tablet":{"background-color":"var(--ast-global-color-5)","background-image":"","background-repeat":"repeat","background-position":"center center","background-size":"auto","background-attachment":"scroll","background-type":"","background-media":"","overlay-type":"","overlay-color":"","overlay-gradient":""},"mobile":{"background-color":"var(--ast-global-color-5)","background-image":"","background-repeat":"repeat","background-position":"center center","background-size":"auto","background-attachment":"scroll","background-type":"","background-media":"","overlay-type":"","overlay-color":"","overlay-gradient":""}}},"product_cat":[122,132],"product_tag":[],"class_list":{"0":"post-10731","1":"product","2":"type-product","3":"status-publish","4":"has-post-thumbnail","6":"product_cat-ftth-drop-cable","7":"product_cat-round-ftth-drop-cable","8":"desktop-align-left","9":"tablet-align-left","10":"mobile-align-left","11":"ast-product-gallery-layout-horizontal-slider","12":"ast-product-tabs-layout-horizontal","14":"first","15":"instock","16":"shipping-taxable","17":"product-type-simple"},"acf":[],"_links":{"self":[{"href":"https:\/\/www.omccable.com\/pt\/wp-json\/wp\/v2\/product\/10731","targetHints":{"allow":["GET"]}}],"collection":[{"href":"https:\/\/www.omccable.com\/pt\/wp-json\/wp\/v2\/product"}],"about":[{"href":"https:\/\/www.omccable.com\/pt\/wp-json\/wp\/v2\/types\/product"}],"replies":[{"embeddable":true,"href":"https:\/\/www.omccable.com\/pt\/wp-json\/wp\/v2\/comments?post=10731"}],"version-history":[{"count":2,"href":"https:\/\/www.omccable.com\/pt\/wp-json\/wp\/v2\/product\/10731\/revisions"}],"predecessor-version":[{"id":11851,"href":"https:\/\/www.omccable.com\/pt\/wp-json\/wp\/v2\/product\/10731\/revisions\/11851"}],"wp:featuredmedia":[{"embeddable":true,"href":"https:\/\/www.omccable.com\/pt\/wp-json\/wp\/v2\/media\/10733"}],"wp:attachment":[{"href":"https:\/\/www.omccable.com\/pt\/wp-json\/wp\/v2\/media?parent=10731"}],"wp:term":[{"taxonomy":"product_cat","embeddable":true,"href":"https:\/\/www.omccable.com\/pt\/wp-json\/wp\/v2\/product_cat?post=10731"},{"taxonomy":"product_tag","embeddable":true,"href":"https:\/\/www.omccable.com\/pt\/wp-json\/wp\/v2\/product_tag?post=10731"}],"curies":[{"name":"wp","href":"https:\/\/api.w.org\/{rel}","templated":true}]}}