{"id":10676,"date":"2024-04-29T14:33:26","date_gmt":"2024-04-29T06:33:26","guid":{"rendered":"https:\/\/www.omccable.com\/?post_type=product&#038;p=10676"},"modified":"2025-07-28T10:30:00","modified_gmt":"2025-07-28T02:30:00","slug":"1-4f-ftth-single-armored-outdoor-drop-cable","status":"publish","type":"product","link":"https:\/\/www.omccable.com\/pt\/produto\/1-4f-ftth-single-armored-outdoor-drop-cable\/","title":{"rendered":"Cabo drop externo com blindagem \u00fanica 1-4F FTTH"},"content":{"rendered":"<p>O cabo drop de duto externo com blindagem \u00fanica FTTH, tamb\u00e9m chamado de cabo de fibra de condu\u00edte ou cabo de fibra subterr\u00e2neo, geralmente \u00e9 implementado colocando-o dentro de dutos subterr\u00e2neos, e o<br \/>\nos dutos s\u00e3o normalmente enterrados no solo. Para construir o cabo, um cabo drop interno FTTH tipo arco \u00e9 colocado no meio do cabo. Para adequar-se \u00e0 instala\u00e7\u00e3o de dutos subterr\u00e2neos, uma fita bloqueadora de \u00e1gua e um tubo blindado de alum\u00ednio cobrem o cabo drop 2x3mm. Finalmente, uma capa dur\u00e1vel de polietileno (PE) \u00e9 adicionada para criar uma se\u00e7\u00e3o transversal redonda do cabo e fornecer prote\u00e7\u00e3o adicional ao n\u00facleo do cabo.<\/p>\n<p><strong>\u00a0<\/strong><\/p>\n<p><strong>Recurso <\/strong><strong>\u00a0<\/strong><\/p>\n<ul>\n<li>Macio e flex\u00edvel, bom desempenho de flex\u00e3o<\/li>\n<li>Fita imperme\u00e1vel evita a entrada de \u00e1gua no cabo<\/li>\n<li>A fita pl\u00e1stica AL torna o cabo resistente a esmagamento e \u00e0 prova de umidade<\/li>\n<li>O membro de resist\u00eancia FRP melhora a resist\u00eancia \u00e0 tra\u00e7\u00e3o, a jaqueta interna e externa retardadora de chamas LSZH tem bom desempenho retardador de chamas<\/li>\n<li>A fibra especial de baixa sensibilidade \u00e0 curvatura fornece alta largura de banda e excelente propriedade de transmiss\u00e3o de comunica\u00e7\u00e3o<\/li>\n<li>Estrutura simples, leveza e alta praticidade<\/li>\n<li>Design inovador de flauta, facilmente descasca e emenda, simplifica a instala\u00e7\u00e3o e manuten\u00e7\u00e3o<\/li>\n<\/ul>\n<p>&nbsp;<\/p>\n<p><strong>Dados t\u00e9cnicos do cabo<\/strong><strong>:<\/strong><\/p>\n<table>\n<tbody>\n<tr>\n<td width=\"288\"><strong><b>Contagem de fibras<\/b><\/strong><\/td>\n<td width=\"142\"><strong><b>1F<\/b><\/strong><\/td>\n<td width=\"126\"><strong><b>2F<\/b><\/strong><\/td>\n<td width=\"105\"><strong><b>4F<\/b><\/strong><\/td>\n<\/tr>\n<tr>\n<td width=\"288\">Membro de for\u00e7a 1<\/td>\n<td colspan=\"3\" width=\"374\">GFRP\/KFRP<\/td>\n<\/tr>\n<tr>\n<td><\/td>\n<td colspan=\"3\" width=\"374\">0,5 mm<\/td>\n<\/tr>\n<tr>\n<td width=\"288\">Membro de for\u00e7a 2<\/td>\n<td colspan=\"3\" width=\"374\">Fio GFRP\/KFRP\/A\u00e7o S\u00f3lido<\/td>\n<\/tr>\n<tr>\n<td><\/td>\n<td width=\"142\">0,5 mm<\/td>\n<td width=\"126\">0,5 mm<\/td>\n<td width=\"105\">0,5 mm<\/td>\n<\/tr>\n<tr>\n<td width=\"288\">Di\u00e2metro do cabo (mm) Aprox.<\/td>\n<td width=\"142\">7,0\u00b10,4mm<\/td>\n<td width=\"126\">7,0\u00b10,4mm<\/td>\n<td width=\"105\">7,0\u00b10,4mm<\/td>\n<\/tr>\n<tr>\n<td width=\"288\">Peso do cabo (kg\/km) Aprox.<\/td>\n<td width=\"142\">40<\/td>\n<td width=\"126\">40<\/td>\n<td width=\"105\">40<\/td>\n<\/tr>\n<tr>\n<td width=\"288\">Resist\u00eancia \u00e0 tra\u00e7\u00e3o curto\/longo prazo(N)<\/td>\n<td colspan=\"3\" width=\"374\">1000\/500<\/td>\n<\/tr>\n<tr>\n<td width=\"288\">Resist\u00eancia ao esmagamento de curto\/longo prazo (N\/100mm)<\/td>\n<td colspan=\"3\" width=\"374\">1000\/500<\/td>\n<\/tr>\n<tr>\n<td width=\"288\">Faixa de temperatura operacional (\u00b0C)<\/td>\n<td colspan=\"3\" width=\"374\">-40\u00b0C ~+70\u00b0C<\/td>\n<\/tr>\n<\/tbody>\n<\/table>\n<p>&nbsp;<\/p>\n<p><strong>Principais Desempenhos Mec\u00e2nicos e Ambientais<\/strong><\/p>\n<table>\n<tbody>\n<tr>\n<td width=\"159\"><strong><b>Itens<\/b><\/strong><\/td>\n<td width=\"175\"><strong><b>Padr\u00e3o de teste<\/b><\/strong><\/td>\n<td width=\"160\"><strong><b>Valor especificado<\/b><\/strong><\/td>\n<td width=\"167\"><strong><b>Requisitos<\/b><\/strong><\/td>\n<\/tr>\n<tr>\n<td width=\"159\">Tens\u00e3o<\/td>\n<td width=\"175\">CEI 60794-1-2-E1<\/td>\n<td width=\"160\">Veja Dados T\u00e9cnicos<\/td>\n<td width=\"167\">Atenua\u00e7\u00e3o adicional:<\/p>\n<p>\u22640,4dB ap\u00f3s teste<\/td>\n<\/tr>\n<tr>\n<td width=\"159\">Esmagamento<\/td>\n<td width=\"175\">CEI 60794-1-2-E3<\/td>\n<td width=\"160\">Veja Dados T\u00e9cnicos<\/td>\n<td width=\"167\">Atenua\u00e7\u00e3o adicional:<\/p>\n<p>\u22640,4dB ap\u00f3s teste<\/td>\n<\/tr>\n<tr>\n<td width=\"159\">Impacto<\/td>\n<td width=\"175\">CEI 60794-1-2-E4<\/td>\n<td width=\"160\">R=300mm, 10Nm,<\/p>\n<p>um em cada 3 lugares diferentes<\/td>\n<td width=\"167\">Atenua\u00e7\u00e3o adicional:<\/p>\n<p>\u22640,4dB ap\u00f3s teste<\/td>\n<\/tr>\n<tr>\n<td width=\"159\">Dobragem repetida<\/td>\n<td width=\"175\">CEI 60794-1-2-E6<\/td>\n<td width=\"160\">R=30H<\/td>\n<td width=\"167\">Atenua\u00e7\u00e3o adicional:<\/p>\n<p>\u22640,4dB ap\u00f3s teste<\/td>\n<\/tr>\n<tr>\n<td width=\"159\">Ciclagem de temperatura<\/td>\n<td width=\"175\">CEI 60794-1-2-F1<\/td>\n<td width=\"160\">-40\u00b0C ~+70\u00b0C<\/td>\n<td width=\"167\">Mudan\u00e7a de atenua\u00e7\u00e3o:<\/p>\n<p>\u22640,4dB\/km ap\u00f3s teste<\/td>\n<\/tr>\n<\/tbody>\n<\/table>\n<p>&nbsp;<\/p>\n<p><strong><b>Par\u00e2metros t\u00e9cnicos de fibra \u00f3ptica-SM<\/b><\/strong><\/p>\n<table>\n<tbody>\n<tr>\n<td rowspan=\"2\" width=\"167\"><strong><b>Par\u00e2metro<\/b><\/strong><\/td>\n<td rowspan=\"2\" width=\"96\"><strong><b>Condi\u00e7\u00f5es<\/b><\/strong><\/td>\n<td rowspan=\"2\" width=\"85\"><strong><b>Unidades<\/b><\/strong><\/td>\n<td colspan=\"4\" width=\"330\"><strong><b>Valor<\/b><\/strong><\/td>\n<\/tr>\n<tr>\n<td width=\"85\"><strong><b>G652D<\/b><\/strong><\/td>\n<td width=\"85\"><strong><b>G657A1<\/b><\/strong><\/td>\n<td width=\"85\"><strong><b>G657A2<\/b><\/strong><\/td>\n<td width=\"75\"><strong><b>G657B3<\/b><\/strong><\/td>\n<\/tr>\n<tr>\n<td colspan=\"3\" width=\"349\"><strong><b>Especifica\u00e7\u00e3o \u00f3ptica<\/b><\/strong><\/td>\n<td colspan=\"4\" width=\"330\"><strong><b>\u3000<\/b><\/strong><\/td>\n<\/tr>\n<tr>\n<td rowspan=\"4\" width=\"167\">Atenua\u00e7\u00e3o<\/td>\n<td width=\"96\">1310nm<\/td>\n<td width=\"85\">dB\/km<\/td>\n<td width=\"85\">\u22640,350<\/td>\n<td width=\"85\">\u22640,350<\/td>\n<td width=\"85\">\u22640,350<\/td>\n<td width=\"75\">\u22640,350<\/td>\n<\/tr>\n<tr>\n<td width=\"96\">1383 nm<\/td>\n<td width=\"85\">dB\/km<\/td>\n<td width=\"85\">\u22640,330<\/td>\n<td width=\"85\">\u22640,350<\/td>\n<td width=\"85\">\u22640,350<\/td>\n<td width=\"75\">\u22640,350<\/td>\n<\/tr>\n<tr>\n<td width=\"96\">1550 nm<\/td>\n<td width=\"85\">dB\/km<\/td>\n<td width=\"85\">\u22640,210<\/td>\n<td width=\"85\">\u22640,210<\/td>\n<td width=\"85\">\u22640,210<\/td>\n<td width=\"75\">\u22640,210<\/td>\n<\/tr>\n<tr>\n<td width=\"96\">1625 nm<\/td>\n<td width=\"85\">dB\/km<\/td>\n<td width=\"85\">\u22640,240<\/td>\n<td width=\"85\">\u22640,230<\/td>\n<td width=\"85\">\u22640,230<\/td>\n<td width=\"75\">\u22640,230<\/td>\n<\/tr>\n<tr>\n<td rowspan=\"3\" width=\"167\">Atenua\u00e7\u00e3o versus comprimento de onda<\/td>\n<td width=\"96\">1310nm vs. 1285-1330 nm<\/td>\n<td width=\"85\">dB\/km<\/td>\n<td width=\"85\">\u22640,04<\/td>\n<td width=\"85\">\u22640,04<\/td>\n<td width=\"85\">\u22640,05<\/td>\n<td width=\"75\">\u22640,03<\/td>\n<\/tr>\n<tr>\n<td width=\"96\">1550 nm vs. 1525-1575 nm<\/td>\n<td width=\"85\">dB\/km<\/td>\n<td width=\"85\">\u22640,03<\/td>\n<td width=\"85\">\u22640,03<\/td>\n<td width=\"85\">\u22640,04<\/td>\n<td width=\"75\">\u22640,02<\/td>\n<\/tr>\n<tr>\n<td width=\"96\">1550 nm vs. 1480-1580 nm<\/td>\n<td width=\"85\">dB\/km<\/td>\n<td width=\"85\">\u22640,04<\/td>\n<td width=\"85\">\u2013<\/td>\n<td width=\"85\">\u2013<\/td>\n<td width=\"75\">\u2013<\/td>\n<\/tr>\n<tr>\n<td width=\"167\">Comprimento de onda de dispers\u00e3o zero<\/td>\n<td rowspan=\"2\" width=\"96\">\\<\/td>\n<td width=\"85\">nm<\/td>\n<td width=\"85\">1300-1324<\/td>\n<td width=\"85\">1300-1324<\/td>\n<td width=\"85\">1300-1324<\/td>\n<td width=\"75\">1300-1324<\/td>\n<\/tr>\n<tr>\n<td width=\"167\">Inclina\u00e7\u00e3o de Dispers\u00e3o Zero<\/td>\n<td width=\"85\">ps\/(nm<sup>2<\/sup>\u00b7km)<\/td>\n<td width=\"85\">0.073-0.092<\/td>\n<td width=\"85\">0.073-0.092<\/td>\n<td width=\"85\">0.073-0.092<\/td>\n<td width=\"75\">\u22640,092<\/td>\n<\/tr>\n<tr>\n<td rowspan=\"2\" width=\"167\">Dispers\u00e3o<\/td>\n<td width=\"96\">1550 nm<\/td>\n<td width=\"85\">ps\/(nm\u00b7km)<\/td>\n<td width=\"85\">13.3-18.6<\/td>\n<td width=\"85\">13.3-18.6<\/td>\n<td width=\"85\">13.3-18.6<\/td>\n<td width=\"75\"><\/td>\n<\/tr>\n<tr>\n<td width=\"96\">1625 nm<\/td>\n<td width=\"85\">ps\/(nm\u00b7km)<\/td>\n<td width=\"85\">17.2-23.7<\/td>\n<td width=\"85\">17.2-23.7<\/td>\n<td width=\"85\">17.2-23.7<\/td>\n<td width=\"75\"><\/td>\n<\/tr>\n<tr>\n<td colspan=\"2\" width=\"264\">Dispers\u00e3o do modo de polariza\u00e7\u00e3o (PMD)<\/td>\n<td width=\"85\">ps\/\u221akm<\/td>\n<td width=\"85\">\u22640,2<\/td>\n<td width=\"85\">\u22640,2<\/td>\n<td width=\"85\">\u22640,2<\/td>\n<td width=\"75\">\u22640,2<\/td>\n<\/tr>\n<tr>\n<td width=\"167\">Comprimento de onda de corte \u03bbcc<\/td>\n<td width=\"96\">\u2013<\/td>\n<td width=\"85\">nm<\/td>\n<td width=\"85\">\u22641260<\/td>\n<td width=\"85\">\u22641260<\/td>\n<td width=\"85\">\u22641260<\/td>\n<td width=\"75\">\u22641260<\/td>\n<\/tr>\n<tr>\n<td rowspan=\"2\" width=\"167\">Di\u00e2metro de campo modal (MFD)<\/td>\n<td width=\"96\">1310nm<\/td>\n<td width=\"85\">\u03bcm<\/td>\n<td width=\"85\">9,2\u00b10,4<\/td>\n<td width=\"85\">9,2\u00b10,4<\/td>\n<td width=\"85\">8,6\u00b10,4<\/td>\n<td width=\"75\">8,6\u00b10,4<\/td>\n<\/tr>\n<tr>\n<td width=\"96\">1550 nm<\/td>\n<td width=\"85\">\u03bcm<\/td>\n<td width=\"85\">10,4\u00b10,5<\/td>\n<td width=\"85\">10,4\u00b10,5<\/td>\n<td width=\"85\">9,6\u00b10,5<\/td>\n<td width=\"75\">9,6\u00b10,5<\/td>\n<\/tr>\n<tr>\n<td rowspan=\"2\" width=\"167\">Descontinuidade de Atenua\u00e7\u00e3o<\/td>\n<td width=\"96\">1310nm<\/td>\n<td width=\"85\">dB<\/td>\n<td width=\"85\">\u22640,03<\/td>\n<td width=\"85\">\u22640,03<\/td>\n<td width=\"85\">\u22640,03<\/td>\n<td width=\"75\">\u22640,03<\/td>\n<\/tr>\n<tr>\n<td width=\"96\">1550 nm<\/td>\n<td width=\"85\">dB<\/td>\n<td width=\"85\">\u22640,03<\/td>\n<td width=\"85\">\u22640,03<\/td>\n<td width=\"85\">\u22640,03<\/td>\n<td width=\"75\">\u22640,03<\/td>\n<\/tr>\n<tr>\n<td rowspan=\"2\" width=\"167\">Atenua\u00e7\u00e3o Bidirecional<\/td>\n<td width=\"96\">1310nm<\/td>\n<td width=\"85\">dB\/km<\/td>\n<td width=\"85\">\u22640,04<\/td>\n<td width=\"85\"><\/td>\n<td width=\"85\"><\/td>\n<td width=\"75\">\u22640,05<\/td>\n<\/tr>\n<tr>\n<td width=\"96\">1550 nm<\/td>\n<td width=\"85\">dB\/km<\/td>\n<td width=\"85\">\u22640,04<\/td>\n<td width=\"85\"><\/td>\n<td width=\"85\"><\/td>\n<td width=\"75\">\u22640,05<\/td>\n<\/tr>\n<tr>\n<td colspan=\"3\" width=\"349\"><strong><b>Geom\u00e9trico<\/b><\/strong><\/td>\n<td colspan=\"4\" width=\"330\"><\/td>\n<\/tr>\n<tr>\n<td colspan=\"2\" width=\"264\">Di\u00e2metro do revestimento<\/td>\n<td width=\"85\">\u03bcm<\/td>\n<td width=\"85\">125\u00b10,7<\/td>\n<td width=\"85\">125\u00b10,7<\/td>\n<td width=\"85\">125\u00b10,7<\/td>\n<td width=\"75\">125\u00b10,7<\/td>\n<\/tr>\n<tr>\n<td colspan=\"2\" width=\"264\">N\u00e3o Circularidade do Revestimento<\/td>\n<td width=\"85\">%<\/td>\n<td width=\"85\">\u22641,0<\/td>\n<td width=\"85\">\u22641,0<\/td>\n<td width=\"85\">\u22640,8<\/td>\n<td width=\"75\">\u22640,7<\/td>\n<\/tr>\n<tr>\n<td colspan=\"2\" width=\"264\">Erro de concentricidade do n\u00facleo\/revestimento<\/td>\n<td width=\"85\">\u03bcm<\/td>\n<td width=\"85\">\u22640,6<\/td>\n<td width=\"85\">\u22640,5<\/td>\n<td width=\"85\">\u22640,5<\/td>\n<td width=\"75\">\u22640,5<\/td>\n<\/tr>\n<tr>\n<td colspan=\"2\" rowspan=\"2\" width=\"264\">Di\u00e2metro do revestimento (sem cor)<\/td>\n<td width=\"85\">\u03bcm<\/td>\n<td colspan=\"4\" width=\"330\">242\u00b17 (padr\u00e3o)<\/td>\n<\/tr>\n<tr>\n<td width=\"85\">\u03bcm<\/td>\n<td colspan=\"4\" width=\"330\">200\u00b110 (opcional)<\/td>\n<\/tr>\n<tr>\n<td colspan=\"2\" width=\"264\">Erro de concentricidade do revestimento\/revestimento<\/td>\n<td width=\"85\">\u03bcm<\/td>\n<td width=\"85\">\u226412<\/td>\n<td width=\"85\">\u226412<\/td>\n<td width=\"85\">\u226412<\/td>\n<td width=\"75\">\u226412<\/td>\n<\/tr>\n<tr>\n<td colspan=\"2\" width=\"264\">Enrolar<\/td>\n<td width=\"85\">m<\/td>\n<td width=\"85\">\u22654<\/td>\n<td width=\"85\">\u22654<\/td>\n<td width=\"85\">\u22654<\/td>\n<td width=\"75\">\u22654<\/td>\n<\/tr>\n<tr>\n<td colspan=\"3\" width=\"349\"><strong><b>Ambiental (1550 nm, 1625 nm)<\/b><\/strong><\/td>\n<td colspan=\"4\" width=\"330\"><\/td>\n<\/tr>\n<tr>\n<td width=\"167\">Ciclagem de temperatura<\/td>\n<td width=\"96\">-60\u2103 a +85\u2103<\/td>\n<td width=\"85\">dB\/km<\/td>\n<td width=\"85\">\u22640,03<\/td>\n<td width=\"85\">\u22640,05<\/td>\n<td width=\"85\">\u22640,05<\/td>\n<td width=\"75\">\u22640,05<\/td>\n<\/tr>\n<tr>\n<td width=\"167\">Alta temperatura e<\/p>\n<p>Alta Umidade<\/td>\n<td width=\"96\">85\u2103, 85% RH, 30 dias<\/td>\n<td width=\"85\">dB\/km<\/td>\n<td width=\"85\">\u22640,03<\/td>\n<td width=\"85\">\u22640,05<\/td>\n<td width=\"85\">\u22640,05<\/td>\n<td width=\"75\">\u22640,05<\/td>\n<\/tr>\n<tr>\n<td width=\"167\">Imers\u00e3o em \u00c1gua<\/td>\n<td width=\"96\">23\u2103, 30 dias<\/td>\n<td width=\"85\">dB\/km<\/td>\n<td width=\"85\">\u22640,03<\/td>\n<td width=\"85\">\u22640,05<\/td>\n<td width=\"85\">\u22640,05<\/td>\n<td width=\"75\">\u22640,05<\/td>\n<\/tr>\n<tr>\n<td width=\"167\">Envelhecimento a alta temperatura<\/td>\n<td width=\"96\">85\u00b0C, 30 dias<\/td>\n<td width=\"85\">dB\/km<\/td>\n<td width=\"85\">\u22640,03<\/td>\n<td width=\"85\">\u22640,05<\/td>\n<td width=\"85\">\u22640,05<\/td>\n<td width=\"75\">\u22640,05<\/td>\n<\/tr>\n<\/tbody>\n<\/table>\n<p>&nbsp;<\/p>\n<p><strong>Aplica\u00e7\u00e3o:<\/strong><\/p>\n<p>Utilizado em cabeamento a\u00e9reo e de acesso a dutos<\/p>\n<p>Pode ser instalado em ambientes de pequena curvatura<\/p>\n<p>Adequado para a liga\u00e7\u00e3o entre interior e exterior<\/p>\n<p>Especialmente utilizado onde se espera um bom desempenho de isolamento<\/p>\n<p>&nbsp;<\/p>\n<p><strong>Solu\u00e7\u00e3o ideal para uso de cabo drop FTTH<\/strong><\/p>\n<p>Com baixa emiss\u00e3o de fuma\u00e7a, zero halog\u00eanio e revestimento interno e externo retardador de chamas, este cabo pode ser especialmente utilizado em cabeamento de acesso a\u00e9reo e de dutos, adequado para a conex\u00e3o entre ambientes internos e externos. Tamb\u00e9m pode ser terminado diretamente conectando-se a equipamentos de comunica\u00e7\u00e3o.<\/p>\n<p><img fetchpriority=\"high\" decoding=\"async\" class=\"alignnone size-full wp-image-10681\" src=\"https:\/\/www.omccable.com\/wp-content\/uploads\/2024\/04\/20161029115342_347.jpg\" alt=\"1-4F FTTH Single-Armored outdoor drop cable\" width=\"1100\" height=\"467\" srcset=\"https:\/\/www.omccable.com\/wp-content\/uploads\/2024\/04\/20161029115342_347.jpg 1100w, https:\/\/www.omccable.com\/wp-content\/uploads\/2024\/04\/20161029115342_347-300x127.jpg 300w, https:\/\/www.omccable.com\/wp-content\/uploads\/2024\/04\/20161029115342_347-800x340.jpg 800w, https:\/\/www.omccable.com\/wp-content\/uploads\/2024\/04\/20161029115342_347-768x326.jpg 768w\" sizes=\"(max-width: 1100px) 100vw, 1100px\" \/><\/p>","protected":false},"excerpt":{"rendered":"<p>O cabo drop de duto externo com blindagem \u00fanica FTTH, tamb\u00e9m chamado de cabo de fibra de condu\u00edte ou cabo de fibra subterr\u00e2neo, geralmente \u00e9 implementado colocando-o dentro de dutos subterr\u00e2neos, e os dutos normalmente s\u00e3o enterrados no solo. Para construir o cabo, um cabo drop interno FTTH tipo arco \u00e9 colocado no meio do cabo. Para [\u2026]<\/p>","protected":false},"featured_media":11829,"comment_status":"closed","ping_status":"closed","template":"","meta":{"site-sidebar-layout":"default","site-content-layout":"","ast-site-content-layout":"default","site-content-style":"default","site-sidebar-style":"default","ast-global-header-display":"","ast-banner-title-visibility":"","ast-main-header-display":"","ast-hfb-above-header-display":"","ast-hfb-below-header-display":"","ast-hfb-mobile-header-display":"","site-post-title":"","ast-breadcrumbs-content":"","ast-featured-img":"","footer-sml-layout":"","theme-transparent-header-meta":"default","adv-header-id-meta":"","stick-header-meta":"default","header-above-stick-meta":"","header-main-stick-meta":"","header-below-stick-meta":"","astra-migrate-meta-layouts":"set","ast-page-background-enabled":"default","ast-page-background-meta":{"desktop":{"background-color":"var(--ast-global-color-4)","background-image":"","background-repeat":"repeat","background-position":"center center","background-size":"auto","background-attachment":"scroll","background-type":"","background-media":"","overlay-type":"","overlay-color":"","overlay-gradient":""},"tablet":{"background-color":"","background-image":"","background-repeat":"repeat","background-position":"center center","background-size":"auto","background-attachment":"scroll","background-type":"","background-media":"","overlay-type":"","overlay-color":"","overlay-gradient":""},"mobile":{"background-color":"","background-image":"","background-repeat":"repeat","background-position":"center center","background-size":"auto","background-attachment":"scroll","background-type":"","background-media":"","overlay-type":"","overlay-color":"","overlay-gradient":""}},"ast-content-background-meta":{"desktop":{"background-color":"var(--ast-global-color-5)","background-image":"","background-repeat":"repeat","background-position":"center center","background-size":"auto","background-attachment":"scroll","background-type":"","background-media":"","overlay-type":"","overlay-color":"","overlay-gradient":""},"tablet":{"background-color":"var(--ast-global-color-5)","background-image":"","background-repeat":"repeat","background-position":"center center","background-size":"auto","background-attachment":"scroll","background-type":"","background-media":"","overlay-type":"","overlay-color":"","overlay-gradient":""},"mobile":{"background-color":"var(--ast-global-color-5)","background-image":"","background-repeat":"repeat","background-position":"center center","background-size":"auto","background-attachment":"scroll","background-type":"","background-media":"","overlay-type":"","overlay-color":"","overlay-gradient":""}}},"product_cat":[136,122],"product_tag":[],"class_list":{"0":"post-10676","1":"product","2":"type-product","3":"status-publish","4":"has-post-thumbnail","6":"product_cat-1-4cores-single-armored-outdoor-ftth-drop-cable","7":"product_cat-ftth-drop-cable","8":"desktop-align-left","9":"tablet-align-left","10":"mobile-align-left","11":"ast-product-gallery-layout-horizontal-slider","12":"ast-product-tabs-layout-horizontal","14":"first","15":"instock","16":"shipping-taxable","17":"product-type-simple"},"acf":[],"_links":{"self":[{"href":"https:\/\/www.omccable.com\/pt\/wp-json\/wp\/v2\/product\/10676","targetHints":{"allow":["GET"]}}],"collection":[{"href":"https:\/\/www.omccable.com\/pt\/wp-json\/wp\/v2\/product"}],"about":[{"href":"https:\/\/www.omccable.com\/pt\/wp-json\/wp\/v2\/types\/product"}],"replies":[{"embeddable":true,"href":"https:\/\/www.omccable.com\/pt\/wp-json\/wp\/v2\/comments?post=10676"}],"version-history":[{"count":7,"href":"https:\/\/www.omccable.com\/pt\/wp-json\/wp\/v2\/product\/10676\/revisions"}],"predecessor-version":[{"id":13287,"href":"https:\/\/www.omccable.com\/pt\/wp-json\/wp\/v2\/product\/10676\/revisions\/13287"}],"wp:featuredmedia":[{"embeddable":true,"href":"https:\/\/www.omccable.com\/pt\/wp-json\/wp\/v2\/media\/11829"}],"wp:attachment":[{"href":"https:\/\/www.omccable.com\/pt\/wp-json\/wp\/v2\/media?parent=10676"}],"wp:term":[{"taxonomy":"product_cat","embeddable":true,"href":"https:\/\/www.omccable.com\/pt\/wp-json\/wp\/v2\/product_cat?post=10676"},{"taxonomy":"product_tag","embeddable":true,"href":"https:\/\/www.omccable.com\/pt\/wp-json\/wp\/v2\/product_tag?post=10676"}],"curies":[{"name":"wp","href":"https:\/\/api.w.org\/{rel}","templated":true}]}}