{"id":10656,"date":"2024-04-29T09:32:01","date_gmt":"2024-04-29T01:32:01","guid":{"rendered":"https:\/\/www.omccable.com\/?post_type=product&#038;p=10656"},"modified":"2025-07-28T10:38:06","modified_gmt":"2025-07-28T02:38:06","slug":"4-cores-aerial-self-support-ftth-drop-cable-solid-wirefrp","status":"publish","type":"product","link":"https:\/\/www.omccable.com\/pt\/produto\/4-cores-aerial-self-support-ftth-drop-cable-solid-wirefrp\/","title":{"rendered":"Cabo suspenso FTTH de autossuporte a\u00e9reo de 4 n\u00facleos - fio s\u00f3lido + FRP"},"content":{"rendered":"<p>O cabo FTTH de autossuporte a\u00e9reo de 4 n\u00facleos \u00e9 um cabo FTTH externo multifibras. 4 unidades de fibras SM est\u00e3o localizadas no centro geom\u00e9trico da forma em forma de borboleta. O membro de refor\u00e7o est\u00e1 localizado no centro dos dois c\u00edrculos, e a estrutura met\u00e1lica ou n\u00e3o met\u00e1lica pode ser usada. Portanto, eles podem ser um fio de a\u00e7o GFRP, KFRP. Por causa da instala\u00e7\u00e3o a\u00e9rea. Um fio de mensagem de metal deve ser adicionado ao cabo para fins de alta resist\u00eancia. Finalmente, uma capa LSZH dur\u00e1vel \u00e9 adicionada para criar uma se\u00e7\u00e3o transversal plana do cabo e fornecer prote\u00e7\u00e3o adicional ao n\u00facleo do cabo.<\/p>\n<p>&nbsp;<\/p>\n<p><strong><b>Caracter\u00edsticas<\/b><\/strong><\/p>\n<p>Estrutura autoportante, leve e f\u00e1cil de instalar<\/p>\n<p>A fibra especial de baixa sensibilidade \u00e0 curvatura fornece alta largura de banda e excelente propriedade de transmiss\u00e3o de comunica\u00e7\u00e3o<\/p>\n<p>O fio de a\u00e7o como elemento de resist\u00eancia adicional possui alta resist\u00eancia \u00e0 tra\u00e7\u00e3o<\/p>\n<p>Dois membros de resist\u00eancia FRP paralelos garantem um bom desempenho de resist\u00eancia ao esmagamento para proteger a fibra<\/p>\n<p>Estrutura simples, leveza e alta praticidade<\/p>\n<p>A contagem de fibras \u00e9 de 1 a 12 n\u00facleos, podendo ser outros n\u00facleos de fibra mediante solicita\u00e7\u00e3o.<\/p>\n<p>Design inovador de flauta, facilmente descasca e emenda, simplifica a instala\u00e7\u00e3o e manuten\u00e7\u00e3o<\/p>\n<p>Bainha LSZH dur\u00e1vel e retardante de chama, baixo teor de fuma\u00e7a e zero halog\u00eanio<\/p>\n<p>&nbsp;<\/p>\n<p><strong>Dados T\u00e9cnicos<\/strong><strong>:<\/strong><\/p>\n<table>\n<tbody>\n<tr>\n<td width=\"253\">Contagem de fibras<\/td>\n<td width=\"367\">4F<\/td>\n<\/tr>\n<tr>\n<td rowspan=\"2\" width=\"253\">Membro de for\u00e7a autossustent\u00e1vel<\/td>\n<td width=\"367\">Fio de a\u00e7o s\u00f3lido\/fio de a\u00e7o tran\u00e7ado<\/td>\n<\/tr>\n<tr>\n<td width=\"367\">1,0 mm<\/td>\n<\/tr>\n<tr>\n<td rowspan=\"2\" width=\"253\">Membro de for\u00e7a<\/td>\n<td width=\"367\">Fio de a\u00e7o FRP\/KFRP\/s\u00f3lido<\/td>\n<\/tr>\n<tr>\n<td width=\"367\">0,45-0,52 mm<\/td>\n<\/tr>\n<tr>\n<td width=\"253\">Di\u00e2metro do cabo (mm) Aprox.<\/td>\n<td width=\"367\">2,0*5,2(\u00b10,1)<\/td>\n<\/tr>\n<tr>\n<td width=\"253\">Peso do cabo (kg\/km) Aprox.<\/td>\n<td width=\"367\">20\/21.5<\/td>\n<\/tr>\n<tr>\n<td width=\"253\">Resist\u00eancia \u00e0 tra\u00e7\u00e3o curto\/longo prazo(N)<\/td>\n<td width=\"367\">600\/300<\/td>\n<\/tr>\n<tr>\n<td width=\"253\">Resist\u00eancia ao esmagamento de curto\/longo prazo (N\/100mm)<\/td>\n<td width=\"367\">22001000<\/td>\n<\/tr>\n<tr>\n<td width=\"253\">Faixa de temperatura operacional (\u00b0C)<\/td>\n<td width=\"367\">-40\u00b0C ~+70\u00b0C<\/td>\n<\/tr>\n<\/tbody>\n<\/table>\n<p>&nbsp;<\/p>\n<p><strong>Principais Desempenhos Mec\u00e2nicos e Ambientais<\/strong><\/p>\n<table>\n<tbody>\n<tr>\n<td width=\"139\">Itens<\/td>\n<td width=\"151\">Padr\u00e3o de teste<\/td>\n<td width=\"151\">Valor especificado<\/td>\n<td width=\"160\">Requisitos<\/td>\n<\/tr>\n<tr>\n<td width=\"139\">Tens\u00e3o<\/td>\n<td width=\"151\">CEI 60794-1-2-E1<\/td>\n<td width=\"151\">Veja Dados T\u00e9cnicos<\/td>\n<td width=\"160\">Atenua\u00e7\u00e3o adicional:<\/p>\n<p>\u22640,4dB ap\u00f3s teste<\/td>\n<\/tr>\n<tr>\n<td width=\"139\">Esmagamento<\/td>\n<td width=\"151\">CEI 60794-1-2-E3<\/td>\n<td width=\"151\">Veja Dados T\u00e9cnicos<\/td>\n<td width=\"160\">Atenua\u00e7\u00e3o adicional:<\/p>\n<p>\u22640,4dB ap\u00f3s teste<\/td>\n<\/tr>\n<tr>\n<td width=\"139\">Impacto<\/td>\n<td width=\"151\">CEI 60794-1-2-E4<\/td>\n<td width=\"151\">R=300mm, 10Nm,<\/p>\n<p>um em cada 3 lugares diferentes<\/td>\n<td width=\"160\">Atenua\u00e7\u00e3o adicional:<\/p>\n<p>\u22640,4dB ap\u00f3s teste<\/td>\n<\/tr>\n<tr>\n<td width=\"139\">Dobragem repetida<\/td>\n<td width=\"151\">CEI 60794-1-2-E6<\/td>\n<td width=\"151\">R=30H<\/td>\n<td width=\"160\">Atenua\u00e7\u00e3o adicional:<\/p>\n<p>\u22640,4dB ap\u00f3s teste<\/td>\n<\/tr>\n<tr>\n<td width=\"139\">Ciclagem de temperatura<\/td>\n<td width=\"151\">CEI 60794-1-2-F1<\/td>\n<td width=\"151\">-40\u2103~+70\u2103<\/td>\n<td width=\"160\">Mudan\u00e7a de atenua\u00e7\u00e3o:<\/p>\n<p>\u22640,4dB\/km ap\u00f3s teste<\/td>\n<\/tr>\n<\/tbody>\n<\/table>\n<p>&nbsp;<\/p>\n<p><strong><b>Par\u00e2metros t\u00e9cnicos de fibra \u00f3ptica-SM<\/b><\/strong><\/p>\n<table>\n<tbody>\n<tr>\n<td rowspan=\"2\" width=\"167\"><strong><b>Par\u00e2metro<\/b><\/strong><\/td>\n<td rowspan=\"2\" width=\"96\"><strong><b>Condi\u00e7\u00f5es<\/b><\/strong><\/td>\n<td rowspan=\"2\" width=\"85\"><strong><b>Unidades<\/b><\/strong><\/td>\n<td colspan=\"4\" width=\"330\"><strong><b>Valor<\/b><\/strong><\/td>\n<\/tr>\n<tr>\n<td width=\"85\"><strong><b>G652D<\/b><\/strong><\/td>\n<td width=\"85\"><strong><b>G657A1<\/b><\/strong><\/td>\n<td width=\"85\"><strong><b>G657A2<\/b><\/strong><\/td>\n<td width=\"75\"><strong><b>G657B3<\/b><\/strong><\/td>\n<\/tr>\n<tr>\n<td colspan=\"3\" width=\"349\"><strong><b>Especifica\u00e7\u00e3o \u00f3ptica<\/b><\/strong><\/td>\n<td colspan=\"4\" width=\"330\"><strong><b>\u3000<\/b><\/strong><\/td>\n<\/tr>\n<tr>\n<td rowspan=\"4\" width=\"167\">Atenua\u00e7\u00e3o<\/td>\n<td width=\"96\">1310nm<\/td>\n<td width=\"85\">dB\/km<\/td>\n<td width=\"85\">\u22640,350<\/td>\n<td width=\"85\">\u22640,350<\/td>\n<td width=\"85\">\u22640,350<\/td>\n<td width=\"75\">\u22640,350<\/td>\n<\/tr>\n<tr>\n<td width=\"96\">1383 nm<\/td>\n<td width=\"85\">dB\/km<\/td>\n<td width=\"85\">\u22640,330<\/td>\n<td width=\"85\">\u22640,350<\/td>\n<td width=\"85\">\u22640,350<\/td>\n<td width=\"75\">\u22640,350<\/td>\n<\/tr>\n<tr>\n<td width=\"96\">1550 nm<\/td>\n<td width=\"85\">dB\/km<\/td>\n<td width=\"85\">\u22640,210<\/td>\n<td width=\"85\">\u22640,210<\/td>\n<td width=\"85\">\u22640,210<\/td>\n<td width=\"75\">\u22640,210<\/td>\n<\/tr>\n<tr>\n<td width=\"96\">1625 nm<\/td>\n<td width=\"85\">dB\/km<\/td>\n<td width=\"85\">\u22640,240<\/td>\n<td width=\"85\">\u22640,230<\/td>\n<td width=\"85\">\u22640,230<\/td>\n<td width=\"75\">\u22640,230<\/td>\n<\/tr>\n<tr>\n<td rowspan=\"3\" width=\"167\">Atenua\u00e7\u00e3o versus comprimento de onda<\/td>\n<td width=\"96\">1310nm vs. 1285-1330 nm<\/td>\n<td width=\"85\">dB\/km<\/td>\n<td width=\"85\">\u22640,04<\/td>\n<td width=\"85\">\u22640,04<\/td>\n<td width=\"85\">\u22640,05<\/td>\n<td width=\"75\">\u22640,03<\/td>\n<\/tr>\n<tr>\n<td width=\"96\">1550 nm vs. 1525-1575 nm<\/td>\n<td width=\"85\">dB\/km<\/td>\n<td width=\"85\">\u22640,03<\/td>\n<td width=\"85\">\u22640,03<\/td>\n<td width=\"85\">\u22640,04<\/td>\n<td width=\"75\">\u22640,02<\/td>\n<\/tr>\n<tr>\n<td width=\"96\">1550 nm vs. 1480-1580 nm<\/td>\n<td width=\"85\">dB\/km<\/td>\n<td width=\"85\">\u22640,04<\/td>\n<td width=\"85\">\u2013<\/td>\n<td width=\"85\">\u2013<\/td>\n<td width=\"75\">\u2013<\/td>\n<\/tr>\n<tr>\n<td width=\"167\">Comprimento de onda de dispers\u00e3o zero<\/td>\n<td rowspan=\"2\" width=\"96\">\\<\/td>\n<td width=\"85\">nm<\/td>\n<td width=\"85\">1300-1324<\/td>\n<td width=\"85\">1300-1324<\/td>\n<td width=\"85\">1300-1324<\/td>\n<td width=\"75\">1300-1324<\/td>\n<\/tr>\n<tr>\n<td width=\"167\">Inclina\u00e7\u00e3o de Dispers\u00e3o Zero<\/td>\n<td width=\"85\">ps\/(nm<sup>2<\/sup>\u00b7km)<\/td>\n<td width=\"85\">0.073-0.092<\/td>\n<td width=\"85\">0.073-0.092<\/td>\n<td width=\"85\">0.073-0.092<\/td>\n<td width=\"75\">\u22640,092<\/td>\n<\/tr>\n<tr>\n<td rowspan=\"2\" width=\"167\">Dispers\u00e3o<\/td>\n<td width=\"96\">1550 nm<\/td>\n<td width=\"85\">ps\/(nm\u00b7km)<\/td>\n<td width=\"85\">13.3-18.6<\/td>\n<td width=\"85\">13.3-18.6<\/td>\n<td width=\"85\">13.3-18.6<\/td>\n<td width=\"75\"><\/td>\n<\/tr>\n<tr>\n<td width=\"96\">1625 nm<\/td>\n<td width=\"85\">ps\/(nm\u00b7km)<\/td>\n<td width=\"85\">17.2-23.7<\/td>\n<td width=\"85\">17.2-23.7<\/td>\n<td width=\"85\">17.2-23.7<\/td>\n<td width=\"75\"><\/td>\n<\/tr>\n<tr>\n<td colspan=\"2\" width=\"264\">Dispers\u00e3o do modo de polariza\u00e7\u00e3o (PMD)<\/td>\n<td width=\"85\">ps\/\u221akm<\/td>\n<td width=\"85\">\u22640,2<\/td>\n<td width=\"85\">\u22640,2<\/td>\n<td width=\"85\">\u22640,2<\/td>\n<td width=\"75\">\u22640,2<\/td>\n<\/tr>\n<tr>\n<td width=\"167\">Comprimento de onda de corte \u03bbcc<\/td>\n<td width=\"96\">\u2013<\/td>\n<td width=\"85\">nm<\/td>\n<td width=\"85\">\u22641260<\/td>\n<td width=\"85\">\u22641260<\/td>\n<td width=\"85\">\u22641260<\/td>\n<td width=\"75\">\u22641260<\/td>\n<\/tr>\n<tr>\n<td rowspan=\"2\" width=\"167\">Di\u00e2metro de campo modal (MFD)<\/td>\n<td width=\"96\">1310nm<\/td>\n<td width=\"85\">\u03bcm<\/td>\n<td width=\"85\">9,2\u00b10,4<\/td>\n<td width=\"85\">9,2\u00b10,4<\/td>\n<td width=\"85\">8,6\u00b10,4<\/td>\n<td width=\"75\">8,6\u00b10,4<\/td>\n<\/tr>\n<tr>\n<td width=\"96\">1550 nm<\/td>\n<td width=\"85\">\u03bcm<\/td>\n<td width=\"85\">10,4\u00b10,5<\/td>\n<td width=\"85\">10,4\u00b10,5<\/td>\n<td width=\"85\">9,6\u00b10,5<\/td>\n<td width=\"75\">9,6\u00b10,5<\/td>\n<\/tr>\n<tr>\n<td rowspan=\"2\" width=\"167\">Descontinuidade de Atenua\u00e7\u00e3o<\/td>\n<td width=\"96\">1310nm<\/td>\n<td width=\"85\">dB<\/td>\n<td width=\"85\">\u22640,03<\/td>\n<td width=\"85\">\u22640,03<\/td>\n<td width=\"85\">\u22640,03<\/td>\n<td width=\"75\">\u22640,03<\/td>\n<\/tr>\n<tr>\n<td width=\"96\">1550 nm<\/td>\n<td width=\"85\">dB<\/td>\n<td width=\"85\">\u22640,03<\/td>\n<td width=\"85\">\u22640,03<\/td>\n<td width=\"85\">\u22640,03<\/td>\n<td width=\"75\">\u22640,03<\/td>\n<\/tr>\n<tr>\n<td rowspan=\"2\" width=\"167\">Atenua\u00e7\u00e3o Bidirecional<\/td>\n<td width=\"96\">1310nm<\/td>\n<td width=\"85\">dB\/km<\/td>\n<td width=\"85\">\u22640,04<\/td>\n<td width=\"85\"><\/td>\n<td width=\"85\"><\/td>\n<td width=\"75\">\u22640,05<\/td>\n<\/tr>\n<tr>\n<td width=\"96\">1550 nm<\/td>\n<td width=\"85\">dB\/km<\/td>\n<td width=\"85\">\u22640,04<\/td>\n<td width=\"85\"><\/td>\n<td width=\"85\"><\/td>\n<td width=\"75\">\u22640,05<\/td>\n<\/tr>\n<tr>\n<td colspan=\"3\" width=\"349\"><strong><b>Geom\u00e9trico<\/b><\/strong><\/td>\n<td colspan=\"4\" width=\"330\"><\/td>\n<\/tr>\n<tr>\n<td colspan=\"2\" width=\"264\">Di\u00e2metro do revestimento<\/td>\n<td width=\"85\">\u03bcm<\/td>\n<td width=\"85\">125\u00b10,7<\/td>\n<td width=\"85\">125\u00b10,7<\/td>\n<td width=\"85\">125\u00b10,7<\/td>\n<td width=\"75\">125\u00b10,7<\/td>\n<\/tr>\n<tr>\n<td colspan=\"2\" width=\"264\">N\u00e3o Circularidade do Revestimento<\/td>\n<td width=\"85\">%<\/td>\n<td width=\"85\">\u22641,0<\/td>\n<td width=\"85\">\u22641,0<\/td>\n<td width=\"85\">\u22640,8<\/td>\n<td width=\"75\">\u22640,7<\/td>\n<\/tr>\n<tr>\n<td colspan=\"2\" width=\"264\">Erro de concentricidade do n\u00facleo\/revestimento<\/td>\n<td width=\"85\">\u03bcm<\/td>\n<td width=\"85\">\u22640,6<\/td>\n<td width=\"85\">\u22640,5<\/td>\n<td width=\"85\">\u22640,5<\/td>\n<td width=\"75\">\u22640,5<\/td>\n<\/tr>\n<tr>\n<td colspan=\"2\" rowspan=\"2\" width=\"264\">Di\u00e2metro do revestimento (sem cor)<\/td>\n<td width=\"85\">\u03bcm<\/td>\n<td colspan=\"4\" width=\"330\">242\u00b17 (padr\u00e3o)<\/td>\n<\/tr>\n<tr>\n<td width=\"85\">\u03bcm<\/td>\n<td colspan=\"4\" width=\"330\">200\u00b110 (opcional)<\/td>\n<\/tr>\n<tr>\n<td colspan=\"2\" width=\"264\">Erro de concentricidade do revestimento\/revestimento<\/td>\n<td width=\"85\">\u03bcm<\/td>\n<td width=\"85\">\u226412<\/td>\n<td width=\"85\">\u226412<\/td>\n<td width=\"85\">\u226412<\/td>\n<td width=\"75\">\u226412<\/td>\n<\/tr>\n<tr>\n<td colspan=\"2\" width=\"264\">Enrolar<\/td>\n<td width=\"85\">m<\/td>\n<td width=\"85\">\u22654<\/td>\n<td width=\"85\">\u22654<\/td>\n<td width=\"85\">\u22654<\/td>\n<td width=\"75\">\u22654<\/td>\n<\/tr>\n<tr>\n<td colspan=\"3\" width=\"349\"><strong><b>Ambiental (1550 nm, 1625 nm)<\/b><\/strong><\/td>\n<td colspan=\"4\" width=\"330\"><\/td>\n<\/tr>\n<tr>\n<td width=\"167\">Ciclagem de temperatura<\/td>\n<td width=\"96\">-60\u2103 a +85\u2103<\/td>\n<td width=\"85\">dB\/km<\/td>\n<td width=\"85\">\u22640,03<\/td>\n<td width=\"85\">\u22640,05<\/td>\n<td width=\"85\">\u22640,05<\/td>\n<td width=\"75\">\u22640,05<\/td>\n<\/tr>\n<tr>\n<td width=\"167\">Alta temperatura e<\/p>\n<p>Alta Umidade<\/td>\n<td width=\"96\">85\u2103, 85% RH, 30 dias<\/td>\n<td width=\"85\">dB\/km<\/td>\n<td width=\"85\">\u22640,03<\/td>\n<td width=\"85\">\u22640,05<\/td>\n<td width=\"85\">\u22640,05<\/td>\n<td width=\"75\">\u22640,05<\/td>\n<\/tr>\n<tr>\n<td width=\"167\">Imers\u00e3o em \u00c1gua<\/td>\n<td width=\"96\">23\u2103, 30 dias<\/td>\n<td width=\"85\">dB\/km<\/td>\n<td width=\"85\">\u22640,03<\/td>\n<td width=\"85\">\u22640,05<\/td>\n<td width=\"85\">\u22640,05<\/td>\n<td width=\"75\">\u22640,05<\/td>\n<\/tr>\n<tr>\n<td width=\"167\">Envelhecimento a alta temperatura<\/td>\n<td width=\"96\">85\u00b0C, 30 dias<\/td>\n<td width=\"85\">dB\/km<\/td>\n<td width=\"85\">\u22640,03<\/td>\n<td width=\"85\">\u22640,05<\/td>\n<td width=\"85\">\u22640,05<\/td>\n<td width=\"75\">\u22640,05<\/td>\n<\/tr>\n<\/tbody>\n<\/table>\n<p>&nbsp;<\/p>\n<p><strong>Aplica\u00e7\u00e3o:<\/strong><\/p>\n<p>Rede de acesso<\/p>\n<p>Rede local (LAN)<\/p>\n<p>Cabeamento direto usado pelos usu\u00e1rios finais<\/p>\n<p>Sistema de comunica\u00e7\u00e3o de fibra \u00f3ptica<\/p>\n<p>Cabeamento e distribui\u00e7\u00e3o interna de FTTH (fibra at\u00e9 casa)<\/p>\n<p>&nbsp;<\/p>\n<p><strong>Uso ideal de cabo pendente FTTH interno plano borboleta<\/strong><\/p>\n<p>O cabo suspenso plano interno Butterfly \u00e9 amplamente utilizado em sistemas de rede de fibra para casa (FTTH), que pode conectar diretamente a linha de comunica\u00e7\u00e3o da LAN aos usu\u00e1rios finais. O cabo drop plano borboleta usa fibra especial de baixa sensibilidade \u00e0 curvatura para fornecer alta largura de banda e excelente transmiss\u00e3o de comunica\u00e7\u00e3o, \u00e9 muito adequado para cabeamento interno, cabeamento direto de usu\u00e1rios finais e rede de acesso.<\/p>\n<p><img fetchpriority=\"high\" decoding=\"async\" class=\"alignnone size-full wp-image-10659\" src=\"https:\/\/www.omccable.com\/wp-content\/uploads\/2024\/04\/20161029120811_101-5.jpg\" alt=\"4 cores FTTH Aerial Self-support Drop cable\" width=\"1100\" height=\"494\" srcset=\"https:\/\/www.omccable.com\/wp-content\/uploads\/2024\/04\/20161029120811_101-5.jpg 1100w, https:\/\/www.omccable.com\/wp-content\/uploads\/2024\/04\/20161029120811_101-5-300x135.jpg 300w, https:\/\/www.omccable.com\/wp-content\/uploads\/2024\/04\/20161029120811_101-5-800x359.jpg 800w, https:\/\/www.omccable.com\/wp-content\/uploads\/2024\/04\/20161029120811_101-5-768x345.jpg 768w\" sizes=\"(max-width: 1100px) 100vw, 1100px\" \/><\/p>","protected":false},"excerpt":{"rendered":"<p>O cabo FTTH de autossuporte a\u00e9reo de 4 n\u00facleos \u00e9 um cabo FTTH externo multifibras. 4 unidades de fibras SM est\u00e3o localizadas no centro geom\u00e9trico da forma em forma de borboleta. O elemento de refor\u00e7o est\u00e1 localizado no centro dos dois c\u00edrculos, podendo ser utilizada estrutura met\u00e1lica ou n\u00e3o met\u00e1lica, portanto eles [...]<\/p>","protected":false},"featured_media":10658,"comment_status":"closed","ping_status":"closed","template":"","meta":{"site-sidebar-layout":"default","site-content-layout":"","ast-site-content-layout":"default","site-content-style":"default","site-sidebar-style":"default","ast-global-header-display":"","ast-banner-title-visibility":"","ast-main-header-display":"","ast-hfb-above-header-display":"","ast-hfb-below-header-display":"","ast-hfb-mobile-header-display":"","site-post-title":"","ast-breadcrumbs-content":"","ast-featured-img":"","footer-sml-layout":"","theme-transparent-header-meta":"default","adv-header-id-meta":"","stick-header-meta":"default","header-above-stick-meta":"","header-main-stick-meta":"","header-below-stick-meta":"","astra-migrate-meta-layouts":"set","ast-page-background-enabled":"default","ast-page-background-meta":{"desktop":{"background-color":"var(--ast-global-color-4)","background-image":"","background-repeat":"repeat","background-position":"center center","background-size":"auto","background-attachment":"scroll","background-type":"","background-media":"","overlay-type":"","overlay-color":"","overlay-gradient":""},"tablet":{"background-color":"","background-image":"","background-repeat":"repeat","background-position":"center center","background-size":"auto","background-attachment":"scroll","background-type":"","background-media":"","overlay-type":"","overlay-color":"","overlay-gradient":""},"mobile":{"background-color":"","background-image":"","background-repeat":"repeat","background-position":"center center","background-size":"auto","background-attachment":"scroll","background-type":"","background-media":"","overlay-type":"","overlay-color":"","overlay-gradient":""}},"ast-content-background-meta":{"desktop":{"background-color":"var(--ast-global-color-5)","background-image":"","background-repeat":"repeat","background-position":"center center","background-size":"auto","background-attachment":"scroll","background-type":"","background-media":"","overlay-type":"","overlay-color":"","overlay-gradient":""},"tablet":{"background-color":"var(--ast-global-color-5)","background-image":"","background-repeat":"repeat","background-position":"center center","background-size":"auto","background-attachment":"scroll","background-type":"","background-media":"","overlay-type":"","overlay-color":"","overlay-gradient":""},"mobile":{"background-color":"var(--ast-global-color-5)","background-image":"","background-repeat":"repeat","background-position":"center center","background-size":"auto","background-attachment":"scroll","background-type":"","background-media":"","overlay-type":"","overlay-color":"","overlay-gradient":""}}},"product_cat":[135,122],"product_tag":[],"class_list":{"0":"post-10656","1":"product","2":"type-product","3":"status-publish","4":"has-post-thumbnail","6":"product_cat-aerial-self-support-ftth-drop-cable","7":"product_cat-ftth-drop-cable","8":"desktop-align-left","9":"tablet-align-left","10":"mobile-align-left","11":"ast-product-gallery-layout-horizontal-slider","12":"ast-product-tabs-layout-horizontal","14":"first","15":"instock","16":"shipping-taxable","17":"product-type-simple"},"acf":[],"_links":{"self":[{"href":"https:\/\/www.omccable.com\/pt\/wp-json\/wp\/v2\/product\/10656","targetHints":{"allow":["GET"]}}],"collection":[{"href":"https:\/\/www.omccable.com\/pt\/wp-json\/wp\/v2\/product"}],"about":[{"href":"https:\/\/www.omccable.com\/pt\/wp-json\/wp\/v2\/types\/product"}],"replies":[{"embeddable":true,"href":"https:\/\/www.omccable.com\/pt\/wp-json\/wp\/v2\/comments?post=10656"}],"version-history":[{"count":4,"href":"https:\/\/www.omccable.com\/pt\/wp-json\/wp\/v2\/product\/10656\/revisions"}],"predecessor-version":[{"id":13293,"href":"https:\/\/www.omccable.com\/pt\/wp-json\/wp\/v2\/product\/10656\/revisions\/13293"}],"wp:featuredmedia":[{"embeddable":true,"href":"https:\/\/www.omccable.com\/pt\/wp-json\/wp\/v2\/media\/10658"}],"wp:attachment":[{"href":"https:\/\/www.omccable.com\/pt\/wp-json\/wp\/v2\/media?parent=10656"}],"wp:term":[{"taxonomy":"product_cat","embeddable":true,"href":"https:\/\/www.omccable.com\/pt\/wp-json\/wp\/v2\/product_cat?post=10656"},{"taxonomy":"product_tag","embeddable":true,"href":"https:\/\/www.omccable.com\/pt\/wp-json\/wp\/v2\/product_tag?post=10656"}],"curies":[{"name":"wp","href":"https:\/\/api.w.org\/{rel}","templated":true}]}}