{"id":10638,"date":"2024-04-29T09:11:54","date_gmt":"2024-04-29T01:11:54","guid":{"rendered":"https:\/\/www.omccable.com\/?post_type=product&#038;p=10638"},"modified":"2025-07-28T10:46:00","modified_gmt":"2025-07-28T02:46:00","slug":"1f-aerial-self-support-ftth-drop-cable-stranded-wirefrp","status":"publish","type":"product","link":"https:\/\/www.omccable.com\/pt\/produto\/1f-aerial-self-support-ftth-drop-cable-stranded-wirefrp\/","title":{"rendered":"Cabo pendente FTTH de autossuporte a\u00e9reo 1F \u2013 Fio tran\u00e7ado + FRP"},"content":{"rendered":"<p>O cabo FTTH de autossuporte a\u00e9reo 1F da OMC \u00e9 um cabo FTTH externo de alto desempenho de tra\u00e7\u00e3o. Para construir o cabo, a fibra G657A1 ou G657A2 SM est\u00e1 localizada no centro geom\u00e9trico da forma em forma de borboleta. Duas hastes paralelas de pl\u00e1stico refor\u00e7ado com fibra de vidro (GFRP) s\u00e3o colocadas diametralmente opostas em cada lado do n\u00facleo da fibra. Um fio de mensagem de metal tran\u00e7ado \u00e9 adicionado ao cabo para fins de alta resist\u00eancia. Finalmente, uma jaqueta LSZH dur\u00e1vel e anti-UV \u00e9 adicionada para criar uma se\u00e7\u00e3o transversal de cabo plana e fornecer prote\u00e7\u00e3o adicional ao n\u00facleo do cabo.<\/p>\n<p>&nbsp;<\/p>\n<p><strong>Caracter\u00edsticas<\/strong><\/p>\n<p>Estrutura autoportante, leve e f\u00e1cil de instalar<\/p>\n<p>A fibra especial de baixa sensibilidade \u00e0 curvatura fornece alta largura de banda e excelente propriedade de transmiss\u00e3o de comunica\u00e7\u00e3o<\/p>\n<p>O fio de a\u00e7o como elemento de resist\u00eancia adicional possui alta resist\u00eancia \u00e0 tra\u00e7\u00e3o<\/p>\n<p>Dois membros de resist\u00eancia FRP paralelos garantem um bom desempenho de resist\u00eancia ao esmagamento para proteger a fibra<\/p>\n<p>Estrutura simples, leveza e alta praticidade<\/p>\n<p>A contagem de fibras \u00e9 de 1 a 12 n\u00facleos, podendo ser outros n\u00facleos de fibra mediante solicita\u00e7\u00e3o.<\/p>\n<p>Design inovador de flauta, facilmente descasca e emenda, simplifica a instala\u00e7\u00e3o e manuten\u00e7\u00e3o<\/p>\n<p>Bainha LSZH dur\u00e1vel e retardante de chama, baixo teor de fuma\u00e7a e zero halog\u00eanio<\/p>\n<p>&nbsp;<\/p>\n<p><strong>Cabo<\/strong><strong>\u00a0<\/strong><strong>estrutura<\/strong><strong>\u00a0<\/strong><strong>e<\/strong><strong>\u00a0<\/strong><strong>par\u00e2metro<\/strong><\/p>\n<table>\n<tbody>\n<tr>\n<td width=\"166\"><strong>Item<\/strong><\/td>\n<td width=\"114\"><strong>Conte\u00fado<\/strong><\/td>\n<td width=\"85\"><strong>Unidade<\/strong><\/td>\n<td width=\"345\"><strong>Valor<\/strong><\/td>\n<\/tr>\n<tr>\n<td rowspan=\"3\" width=\"166\"><strong>\u00a0<\/strong><\/p>\n<p>Fibra \u00d3ptica<\/td>\n<td width=\"114\">n\u00famero do modelo<\/td>\n<td width=\"85\">\/<\/td>\n<td width=\"345\">G657A2<\/td>\n<\/tr>\n<tr>\n<td width=\"114\">n\u00famero<\/td>\n<td width=\"85\">\/<\/td>\n<td width=\"345\">1F (modo \u00fanico)<\/td>\n<\/tr>\n<tr>\n<td width=\"114\">Cor<\/td>\n<td width=\"85\">\/<\/td>\n<td width=\"345\">Azul<\/td>\n<\/tr>\n<tr>\n<td colspan=\"2\" width=\"280\">Tipo de cabo<\/td>\n<td width=\"85\">\/<\/td>\n<td width=\"345\">Mini figura 8 Cabo drop<\/td>\n<\/tr>\n<tr>\n<td rowspan=\"2\" width=\"166\">Membro de for\u00e7a<\/td>\n<td width=\"114\">Materiais<\/td>\n<td width=\"85\">\/<\/td>\n<td width=\"345\">PRF<\/td>\n<\/tr>\n<tr>\n<td width=\"114\">Di\u00e2metro<\/td>\n<td width=\"85\">mil\u00edmetros<\/td>\n<td width=\"345\">0.5<\/td>\n<\/tr>\n<tr>\n<td rowspan=\"2\" width=\"166\">Mensagem do mensageiro<\/td>\n<td width=\"114\">Materiais<\/td>\n<td width=\"85\">\/<\/td>\n<td width=\"345\">fio de a\u00e7o galvanizado torcido (20g\/m\u00b2)<\/td>\n<\/tr>\n<tr>\n<td width=\"114\">Di\u00e2metro<\/td>\n<td width=\"85\">mil\u00edmetros<\/td>\n<td width=\"345\">(7*0,33 mm)-1,0 mm<\/td>\n<\/tr>\n<tr>\n<td rowspan=\"3\" width=\"166\"><strong>\u00a0<\/strong><\/p>\n<p>Jaqueta externa<\/td>\n<td width=\"114\">Di\u00e2metro<\/td>\n<td width=\"85\">mil\u00edmetros<\/td>\n<td width=\"345\">2,0\u00b10,1*5,2\u00b10,2<\/td>\n<\/tr>\n<tr>\n<td width=\"114\">Materiais<\/td>\n<td width=\"85\">\/<\/td>\n<td width=\"345\">LSZH com UV \/ \u22650,4 mm<\/td>\n<\/tr>\n<tr>\n<td width=\"114\">Cor<\/td>\n<td width=\"85\">\/<\/td>\n<td width=\"345\">Preto<\/td>\n<\/tr>\n<tr>\n<td rowspan=\"2\" width=\"166\">Desempenho de tra\u00e7\u00e3o<\/td>\n<td width=\"114\">Curto prazo<\/td>\n<td width=\"85\">N<\/td>\n<td width=\"345\">800(tens\u00e3o da fibra\u22640,4%)<\/td>\n<\/tr>\n<tr>\n<td width=\"114\">Longo prazo<\/td>\n<td width=\"85\">N<\/td>\n<td width=\"345\">400<\/td>\n<\/tr>\n<tr>\n<td rowspan=\"2\" width=\"166\">Esmagamento<\/td>\n<td width=\"114\">Curto prazo<\/td>\n<td width=\"85\">N\/100mm<\/td>\n<td width=\"345\">2200<\/td>\n<\/tr>\n<tr>\n<td width=\"114\">Longo prazo<\/td>\n<td width=\"85\">N\/100mm<\/td>\n<td width=\"345\">1000<\/td>\n<\/tr>\n<tr>\n<td colspan=\"2\" width=\"280\">Tens\u00e3o de instala\u00e7\u00e3o<\/td>\n<td width=\"85\">kN<\/td>\n<td width=\"345\">1.3<\/td>\n<\/tr>\n<tr>\n<td colspan=\"2\" width=\"280\">Atenua\u00e7\u00e3o do cabo<\/td>\n<td width=\"85\">dB\/km<\/td>\n<td width=\"345\">\u2266 0,4 em 1310 nm, \u2266 0,3 em 1550 nm<\/td>\n<\/tr>\n<tr>\n<td colspan=\"2\" width=\"280\">Peso do cabo (aprox.)\u00b110%<\/td>\n<td width=\"85\">kg\/km<\/td>\n<td width=\"345\">17.6<\/td>\n<\/tr>\n<tr>\n<td colspan=\"2\" width=\"280\">Marca\u00e7\u00e3o Intervalo<\/td>\n<td width=\"85\">\/<\/td>\n<td width=\"345\">A cada 1 metro<\/td>\n<\/tr>\n<tr>\n<td colspan=\"2\" width=\"280\">SAG<\/td>\n<td width=\"85\">\/<\/td>\n<td width=\"345\">1%<\/td>\n<\/tr>\n<tr>\n<td colspan=\"2\" width=\"280\">NESC<\/td>\n<td width=\"85\">\/<\/td>\n<td width=\"345\">M\u00e9dio<\/td>\n<\/tr>\n<tr>\n<td colspan=\"2\" width=\"280\">CONFORMIDADE<\/td>\n<td width=\"85\">\/<\/td>\n<td width=\"345\">ITU-T G.657 A2, IEC 60794-1-21<\/p>\n<p>IEC 60794-1-22,M\u00e9todo,F5<\/td>\n<\/tr>\n<\/tbody>\n<\/table>\n<p><strong>\u00a0<\/strong><\/p>\n<p><strong>\u00a0<\/strong><\/p>\n<p>Nota: tamanhos e valores sem toler\u00e2ncias s\u00e3o valores nominais<\/p>\n<h1><strong><b>Caracter\u00edstica<\/b><\/strong><strong><b>\u00a0<\/b><\/strong><strong><b>de<\/b><\/strong><strong><b>\u00a0<\/b><\/strong><strong><b>\u00d3ptica<\/b><\/strong><strong><b>\u00a0<\/b><\/strong><strong><b>Cabo<\/b><\/strong><\/h1>\n<ul>\n<li>raio de curvatura (sem mensageiro)Est\u00e1tico: 10mm<\/li>\n<\/ul>\n<p>Din\u00e2mico: 20mm<\/p>\n<ul>\n<li>Faixa de temperatura do aplicativo<\/li>\n<\/ul>\n<p>Opera\u00e7\u00e3o: -20\u00b0C ~ +60\u00b0C Instala\u00e7\u00e3o: -20\u00b0C ~ +60\u00b0C Armazenamento\/transporte: -20\u00b0C ~ +60\u00b0C<\/p>\n<p>&nbsp;<\/p>\n<p>Caracter\u00edstica de fibra \u00f3ptica G657A2<\/p>\n<table>\n<tbody>\n<tr>\n<td colspan=\"2\" rowspan=\"2\" width=\"457\"><strong>Item<\/strong><\/td>\n<td rowspan=\"2\" width=\"84\"><strong>Unidade<\/strong><\/td>\n<td width=\"169\"><strong>Especifica\u00e7\u00e3o<\/strong><\/td>\n<\/tr>\n<tr>\n<td width=\"169\">G. 657A2<\/td>\n<\/tr>\n<tr>\n<td rowspan=\"2\" width=\"325\">Di\u00e2metro do campo de modo<\/td>\n<td width=\"132\">1310 nm<\/td>\n<td width=\"84\">mil\u00edmetros<\/td>\n<td width=\"169\">8,6 \u00b1 0,4<\/td>\n<\/tr>\n<tr>\n<td width=\"132\">1550 nm<\/td>\n<td width=\"84\">mil\u00edmetros<\/td>\n<td width=\"169\">9,6 \u00b1 0,5<\/td>\n<\/tr>\n<tr>\n<td colspan=\"2\" width=\"457\">Di\u00e2metro do revestimento<\/td>\n<td width=\"84\">mil\u00edmetros<\/td>\n<td width=\"169\">125,0 \u00b1 0,7<\/td>\n<\/tr>\n<tr>\n<td colspan=\"2\" width=\"457\">N\u00e3o circularidade do revestimento<\/td>\n<td width=\"84\">%<\/td>\n<td width=\"169\">\u00a30.8<\/td>\n<\/tr>\n<tr>\n<td colspan=\"2\" width=\"457\">Erro de concentricidade central<\/td>\n<td width=\"84\">mil\u00edmetros<\/td>\n<td width=\"169\">\u00a30.5<\/td>\n<\/tr>\n<tr>\n<td colspan=\"2\" width=\"457\">Di\u00e2metro do revestimento<\/td>\n<td width=\"84\">mil\u00edmetros<\/td>\n<td width=\"169\">242 \u00b1 7<\/td>\n<\/tr>\n<tr>\n<td colspan=\"2\" width=\"457\">Erro de concentricidade de revestimento\/revestimento<\/td>\n<td width=\"84\">mil\u00edmetros<\/td>\n<td width=\"169\">\u00a312<\/td>\n<\/tr>\n<tr>\n<td colspan=\"2\" width=\"457\">Comprimento de onda de corte do cabo<\/td>\n<td width=\"84\">nm<\/td>\n<td width=\"169\">\u00a3\u00a01260<\/td>\n<\/tr>\n<tr>\n<td rowspan=\"2\" width=\"325\">Coeficiente de Atenua\u00e7\u00e3o<\/td>\n<td width=\"132\">1310 nm<\/td>\n<td width=\"84\">dB\/km<\/td>\n<td width=\"169\">\u00a30.35<\/td>\n<\/tr>\n<tr>\n<td width=\"132\">1550 nm<\/td>\n<td width=\"84\">dB\/km<\/td>\n<td width=\"169\">\u00a30.21<\/td>\n<\/tr>\n<tr>\n<td rowspan=\"2\" width=\"325\">Perda de macrocurvatura (\u00d815mm\u00d71 )<\/td>\n<td width=\"132\">1550 nm<\/td>\n<td width=\"84\">dB<\/td>\n<td width=\"169\">\u00a30.4<\/td>\n<\/tr>\n<tr>\n<td width=\"132\">1625 nm<\/td>\n<td width=\"84\">dB<\/td>\n<td width=\"169\">\u00a30.8<\/td>\n<\/tr>\n<\/tbody>\n<\/table>\n<p>Outros par\u00e2metros atendem ao padr\u00e3o ITU-T G.657<\/p>\n<p>G657A1 Caracter\u00edstica de fibra \u00f3ptica<\/p>\n<table>\n<tbody>\n<tr>\n<td colspan=\"2\" rowspan=\"2\" width=\"457\"><strong>Item<\/strong><\/td>\n<td rowspan=\"2\" width=\"84\"><strong>Unidade<\/strong><\/td>\n<td width=\"169\"><strong>Especifica\u00e7\u00e3o<\/strong><\/td>\n<\/tr>\n<tr>\n<td width=\"169\">G. 657A1<\/td>\n<\/tr>\n<tr>\n<td rowspan=\"2\" width=\"325\">Di\u00e2metro do campo de modo<\/td>\n<td width=\"132\">1310 nm<\/td>\n<td width=\"84\">mil\u00edmetros<\/td>\n<td width=\"169\">9,2 \u00b1 0,4<\/td>\n<\/tr>\n<tr>\n<td width=\"132\">1550 nm<\/td>\n<td width=\"84\">mil\u00edmetros<\/td>\n<td width=\"169\">10,4 \u00b1 0,5<\/td>\n<\/tr>\n<tr>\n<td colspan=\"2\" width=\"457\">Di\u00e2metro do revestimento<\/td>\n<td width=\"84\">mil\u00edmetros<\/td>\n<td width=\"169\">125,0 \u00b1 0,7<\/td>\n<\/tr>\n<tr>\n<td colspan=\"2\" width=\"457\">N\u00e3o circularidade do revestimento<\/td>\n<td width=\"84\">%<\/td>\n<td width=\"169\">\u00a31.0<\/td>\n<\/tr>\n<tr>\n<td colspan=\"2\" width=\"457\">Erro de concentricidade central<\/td>\n<td width=\"84\">mil\u00edmetros<\/td>\n<td width=\"169\">\u00a30.5<\/td>\n<\/tr>\n<tr>\n<td colspan=\"2\" width=\"457\">Di\u00e2metro do revestimento<\/td>\n<td width=\"84\">mil\u00edmetros<\/td>\n<td width=\"169\">242 \u00b1 7<\/td>\n<\/tr>\n<tr>\n<td colspan=\"2\" width=\"457\">Erro de concentricidade de revestimento\/revestimento<\/td>\n<td width=\"84\">mil\u00edmetros<\/td>\n<td width=\"169\">\u00a312<\/td>\n<\/tr>\n<tr>\n<td colspan=\"2\" width=\"457\">Comprimento de onda de corte do cabo<\/td>\n<td width=\"84\">nm<\/td>\n<td width=\"169\">\u00a3\u00a01260<\/td>\n<\/tr>\n<tr>\n<td rowspan=\"2\" width=\"325\">Atenua\u00e7\u00e3o<\/td>\n<td width=\"132\">1310 nm<\/td>\n<td width=\"84\">dB\/km<\/td>\n<td width=\"169\">\u00a30.35<\/td>\n<\/tr>\n<tr>\n<td width=\"132\">1550 nm<\/td>\n<td width=\"84\">dB\/km<\/td>\n<td width=\"169\">\u00a30.21<\/td>\n<\/tr>\n<tr>\n<td rowspan=\"2\" width=\"325\">Perda de macrocurvatura (\u00d820mm\u00d71)<\/td>\n<td width=\"132\">1550 nm<\/td>\n<td width=\"84\">dB<\/td>\n<td width=\"169\">\u00a30.75<\/td>\n<\/tr>\n<tr>\n<td width=\"132\">1625 nm<\/td>\n<td width=\"84\">dB<\/td>\n<td width=\"169\">\u00a31.5<\/td>\n<\/tr>\n<\/tbody>\n<\/table>\n<p>Outros par\u00e2metros atendem ao padr\u00e3o ITU-T G.657<\/p>\n<p>&nbsp;<\/p>\n<p><strong>Aplica\u00e7\u00e3o<\/strong><\/p>\n<p>Aplica\u00e7\u00e3o a\u00e9rea externa<\/p>\n<p>Utilizado nos projetos FTTH<\/p>\n<p>Rotas \u00f3pticas de alta velocidade na constru\u00e7\u00e3o<\/p>\n<p>Opera\u00e7\u00e3o de rede \u00f3ptica de alto desempenho<\/p>\n<p>&nbsp;<\/p>\n<p><strong>Solu\u00e7\u00e3o ideal usando cabo FTTH autoportante<\/strong><\/p>\n<p>Uma rede FTTH de alta capacidade oferece oportunidades de construir uma vantagem competitiva e manter uma rede ecossustent\u00e1vel que consome menos energia. Com estrutura simples e peso leve, o cabo drop FTTH autoportante \u00e9 altamente recomendado para a conex\u00e3o de cabeamento externo e interno.<\/p>\n<p><img fetchpriority=\"high\" decoding=\"async\" class=\"alignnone size-full wp-image-10642\" src=\"https:\/\/www.omccable.com\/wp-content\/uploads\/2024\/04\/20161029120811_101-2.jpg\" alt=\"1F Aerial Self-support FTTH Drop cable--Stranded wire+FRP\" width=\"1100\" height=\"494\" srcset=\"https:\/\/www.omccable.com\/wp-content\/uploads\/2024\/04\/20161029120811_101-2.jpg 1100w, https:\/\/www.omccable.com\/wp-content\/uploads\/2024\/04\/20161029120811_101-2-300x135.jpg 300w, https:\/\/www.omccable.com\/wp-content\/uploads\/2024\/04\/20161029120811_101-2-800x359.jpg 800w, https:\/\/www.omccable.com\/wp-content\/uploads\/2024\/04\/20161029120811_101-2-768x345.jpg 768w\" sizes=\"(max-width: 1100px) 100vw, 1100px\" \/><\/p>","protected":false},"excerpt":{"rendered":"<p>O cabo FTTH de autossuporte a\u00e9reo 1F da OMC \u00e9 um cabo FTTH externo de alto desempenho de tra\u00e7\u00e3o. Para construir o cabo, a fibra G657A1 ou G657A2 SM est\u00e1 localizada no centro geom\u00e9trico da forma em forma de borboleta. Duas hastes paralelas de pl\u00e1stico refor\u00e7ado com fibra de vidro (GFRP) s\u00e3o colocadas diametralmente opostas em cada lado do n\u00facleo da fibra.<\/p>","protected":false},"featured_media":10639,"comment_status":"closed","ping_status":"closed","template":"","meta":{"site-sidebar-layout":"default","site-content-layout":"","ast-site-content-layout":"default","site-content-style":"default","site-sidebar-style":"default","ast-global-header-display":"","ast-banner-title-visibility":"","ast-main-header-display":"","ast-hfb-above-header-display":"","ast-hfb-below-header-display":"","ast-hfb-mobile-header-display":"","site-post-title":"","ast-breadcrumbs-content":"","ast-featured-img":"","footer-sml-layout":"","theme-transparent-header-meta":"default","adv-header-id-meta":"","stick-header-meta":"default","header-above-stick-meta":"","header-main-stick-meta":"","header-below-stick-meta":"","astra-migrate-meta-layouts":"set","ast-page-background-enabled":"default","ast-page-background-meta":{"desktop":{"background-color":"var(--ast-global-color-4)","background-image":"","background-repeat":"repeat","background-position":"center center","background-size":"auto","background-attachment":"scroll","background-type":"","background-media":"","overlay-type":"","overlay-color":"","overlay-gradient":""},"tablet":{"background-color":"","background-image":"","background-repeat":"repeat","background-position":"center center","background-size":"auto","background-attachment":"scroll","background-type":"","background-media":"","overlay-type":"","overlay-color":"","overlay-gradient":""},"mobile":{"background-color":"","background-image":"","background-repeat":"repeat","background-position":"center center","background-size":"auto","background-attachment":"scroll","background-type":"","background-media":"","overlay-type":"","overlay-color":"","overlay-gradient":""}},"ast-content-background-meta":{"desktop":{"background-color":"var(--ast-global-color-5)","background-image":"","background-repeat":"repeat","background-position":"center center","background-size":"auto","background-attachment":"scroll","background-type":"","background-media":"","overlay-type":"","overlay-color":"","overlay-gradient":""},"tablet":{"background-color":"var(--ast-global-color-5)","background-image":"","background-repeat":"repeat","background-position":"center center","background-size":"auto","background-attachment":"scroll","background-type":"","background-media":"","overlay-type":"","overlay-color":"","overlay-gradient":""},"mobile":{"background-color":"var(--ast-global-color-5)","background-image":"","background-repeat":"repeat","background-position":"center center","background-size":"auto","background-attachment":"scroll","background-type":"","background-media":"","overlay-type":"","overlay-color":"","overlay-gradient":""}}},"product_cat":[135,122,168],"product_tag":[],"class_list":{"0":"post-10638","1":"product","2":"type-product","3":"status-publish","4":"has-post-thumbnail","6":"product_cat-aerial-self-support-ftth-drop-cable","7":"product_cat-ftth-drop-cable","8":"product_cat-recommended-products","9":"desktop-align-left","10":"tablet-align-left","11":"mobile-align-left","12":"ast-product-gallery-layout-horizontal-slider","13":"ast-product-tabs-layout-horizontal","15":"first","16":"instock","17":"shipping-taxable","18":"product-type-simple"},"acf":[],"_links":{"self":[{"href":"https:\/\/www.omccable.com\/pt\/wp-json\/wp\/v2\/product\/10638","targetHints":{"allow":["GET"]}}],"collection":[{"href":"https:\/\/www.omccable.com\/pt\/wp-json\/wp\/v2\/product"}],"about":[{"href":"https:\/\/www.omccable.com\/pt\/wp-json\/wp\/v2\/types\/product"}],"replies":[{"embeddable":true,"href":"https:\/\/www.omccable.com\/pt\/wp-json\/wp\/v2\/comments?post=10638"}],"version-history":[{"count":2,"href":"https:\/\/www.omccable.com\/pt\/wp-json\/wp\/v2\/product\/10638\/revisions"}],"predecessor-version":[{"id":13298,"href":"https:\/\/www.omccable.com\/pt\/wp-json\/wp\/v2\/product\/10638\/revisions\/13298"}],"wp:featuredmedia":[{"embeddable":true,"href":"https:\/\/www.omccable.com\/pt\/wp-json\/wp\/v2\/media\/10639"}],"wp:attachment":[{"href":"https:\/\/www.omccable.com\/pt\/wp-json\/wp\/v2\/media?parent=10638"}],"wp:term":[{"taxonomy":"product_cat","embeddable":true,"href":"https:\/\/www.omccable.com\/pt\/wp-json\/wp\/v2\/product_cat?post=10638"},{"taxonomy":"product_tag","embeddable":true,"href":"https:\/\/www.omccable.com\/pt\/wp-json\/wp\/v2\/product_tag?post=10638"}],"curies":[{"name":"wp","href":"https:\/\/api.w.org\/{rel}","templated":true}]}}