{"id":10623,"date":"2024-04-27T11:08:55","date_gmt":"2024-04-27T03:08:55","guid":{"rendered":"https:\/\/www.omccable.com\/?post_type=product&#038;p=10623"},"modified":"2025-07-28T10:42:14","modified_gmt":"2025-07-28T02:42:14","slug":"1f-aerial-self-support-ftth-drop-cable-solid-wirefrp","status":"publish","type":"product","link":"https:\/\/www.omccable.com\/pt\/produto\/1f-aerial-self-support-ftth-drop-cable-solid-wirefrp\/","title":{"rendered":"1F Cabo suspenso FTTH de autossuporte a\u00e9reo - Fio s\u00f3lido + KFRP"},"content":{"rendered":"<p>O cabo FTTH de autossuporte a\u00e9reo da OMC \u00e9 um cabo FTTH externo de alto desempenho de tra\u00e7\u00e3o. Para construir o cabo, 1 unidade de fibra G657A1 ou G657A2 SM est\u00e1 localizada no centro geom\u00e9trico da forma em forma de borboleta. Duas hastes paralelas de pl\u00e1stico refor\u00e7ado com fibra de Kevlar (KFRP) s\u00e3o colocadas diametralmente opostas em ambos os lados do n\u00facleo de fibra. Um fio de mensagem de metal deve ser adicionado ao cabo para fins de alta resist\u00eancia. Finalmente, um revestimento LSZH dur\u00e1vel, anti-UV e de baixo atrito \u00e9 adicionado para criar uma se\u00e7\u00e3o transversal de cabo plana e fornecer prote\u00e7\u00e3o adicional ao n\u00facleo do cabo.<\/p>\n<p>&nbsp;<\/p>\n<p><strong>Caracter\u00edsticas<\/strong><\/p>\n<p>Estrutura autoportante, leve e f\u00e1cil de instalar<\/p>\n<p>A fibra especial de baixa sensibilidade \u00e0 curvatura fornece alta largura de banda e excelente propriedade de transmiss\u00e3o de comunica\u00e7\u00e3o<\/p>\n<p>O fio de a\u00e7o como elemento de resist\u00eancia adicional possui alta resist\u00eancia \u00e0 tra\u00e7\u00e3o<\/p>\n<p>Dois membros de resist\u00eancia FRP paralelos garantem um bom desempenho de resist\u00eancia ao esmagamento para proteger a fibra<\/p>\n<p>Estrutura simples, leveza e alta praticidade<\/p>\n<p>A contagem de fibras \u00e9 de 1 a 12 n\u00facleos, podendo ser outros n\u00facleos de fibra mediante solicita\u00e7\u00e3o.<\/p>\n<p>Design inovador de flauta, facilmente descasca e emenda, simplifica a instala\u00e7\u00e3o e manuten\u00e7\u00e3o<\/p>\n<p>Bainha LSZH dur\u00e1vel e retardante de chama, baixo teor de fuma\u00e7a e zero halog\u00eanio<\/p>\n<p>&nbsp;<\/p>\n<p><b><\/b><strong>Cabo<\/strong><strong>estrutura<\/strong><strong>\u00a0<\/strong><strong>e<\/strong><strong>\u00a0<\/strong><strong>par\u00e2metro<\/strong><\/p>\n<table>\n<tbody>\n<tr>\n<td width=\"166\"><strong>Item<\/strong><\/td>\n<td width=\"114\"><strong>Conte\u00fado<\/strong><\/td>\n<td width=\"85\"><strong>Unidade<\/strong><\/td>\n<td width=\"345\"><strong>Valor<\/strong><\/td>\n<\/tr>\n<tr>\n<td rowspan=\"3\" width=\"166\"><strong>\u00a0<\/strong><\/p>\n<p>Fibra \u00d3ptica<\/td>\n<td width=\"114\">n\u00famero do modelo<\/td>\n<td width=\"85\">\/<\/td>\n<td width=\"345\">G657A2\/G657A1<\/td>\n<\/tr>\n<tr>\n<td width=\"114\">n\u00famero<\/td>\n<td width=\"85\">\/<\/td>\n<td width=\"345\">1<\/td>\n<\/tr>\n<tr>\n<td width=\"114\">Cor<\/td>\n<td width=\"85\">\/<\/td>\n<td width=\"345\">Azul<\/td>\n<\/tr>\n<tr>\n<td rowspan=\"2\" width=\"166\">Membro de for\u00e7a<\/td>\n<td width=\"114\">Materiais<\/td>\n<td width=\"85\">\/<\/td>\n<td width=\"345\">PRF<\/td>\n<\/tr>\n<tr>\n<td width=\"114\">Di\u00e2metro<\/td>\n<td width=\"85\">mil\u00edmetros<\/td>\n<td width=\"345\">0.5<\/td>\n<\/tr>\n<tr>\n<td rowspan=\"2\" width=\"166\">Mensagem do mensageiro<\/td>\n<td width=\"114\">Materiais<\/td>\n<td width=\"85\">\/<\/td>\n<td width=\"345\">fio de a\u00e7o<\/td>\n<\/tr>\n<tr>\n<td width=\"114\">Di\u00e2metro<\/td>\n<td width=\"85\">mil\u00edmetros<\/td>\n<td width=\"345\">1.2<\/td>\n<\/tr>\n<tr>\n<td rowspan=\"3\" width=\"166\"><strong>\u00a0<\/strong><\/p>\n<p>Jaqueta externa<\/td>\n<td width=\"114\">Di\u00e2metro\u00b10,2<\/td>\n<td width=\"85\">mil\u00edmetros<\/td>\n<td width=\"345\">2,0\u00b10,2*5,1\u00b10,2<\/td>\n<\/tr>\n<tr>\n<td width=\"114\">Materiais<\/td>\n<td width=\"85\">\/<\/td>\n<td width=\"345\">LSZH<\/td>\n<\/tr>\n<tr>\n<td width=\"114\">Cor<\/td>\n<td width=\"85\">\/<\/td>\n<td width=\"345\">preto<\/td>\n<\/tr>\n<tr>\n<td rowspan=\"2\" width=\"166\">Desempenho de tra\u00e7\u00e3o<\/td>\n<td width=\"114\">Curto prazo<\/td>\n<td width=\"85\">N<\/td>\n<td width=\"345\">800(tens\u00e3o da fibra\u22640,4%)<\/td>\n<\/tr>\n<tr>\n<td width=\"114\">Longo prazo<\/td>\n<td width=\"85\">N<\/td>\n<td width=\"345\">400<\/td>\n<\/tr>\n<tr>\n<td rowspan=\"2\" width=\"166\">Esmagamento<\/td>\n<td width=\"114\">Curto prazo<\/td>\n<td width=\"85\">N\/100mm<\/td>\n<td width=\"345\">2200<\/td>\n<\/tr>\n<tr>\n<td width=\"114\">Longo prazo<\/td>\n<td width=\"85\">N\/100mm<\/td>\n<td width=\"345\">1000<\/td>\n<\/tr>\n<tr>\n<td colspan=\"2\" width=\"280\">Atenua\u00e7\u00e3o do cabo<\/td>\n<td width=\"85\">dB\/km<\/td>\n<td width=\"345\">\u2266 0,4 em 1310 nm, \u2266 0,3 em 1550 nm<\/td>\n<\/tr>\n<tr>\n<td colspan=\"2\" width=\"280\">Peso do cabo (aprox.)\u00b110%<\/td>\n<td width=\"85\">kg\/km<\/td>\n<td width=\"345\">21.4<\/td>\n<\/tr>\n<\/tbody>\n<\/table>\n<p>Nota: tamanhos e valores sem toler\u00e2ncias s\u00e3o valores nominais<\/p>\n<h1><\/h1>\n<p><strong><b>Caracter\u00edstica<\/b><\/strong><strong><b>\u00a0<\/b><\/strong><strong><b>de<\/b><\/strong><strong><b>\u00a0<\/b><\/strong><strong><b>\u00d3ptica<\/b><\/strong><strong><b>\u00a0<\/b><\/strong><strong><b>Cabo<\/b><\/strong><\/p>\n<ul>\n<li>raio de curvatura (sem mensageiro)Est\u00e1tico: 10mm<\/li>\n<\/ul>\n<p>Din\u00e2mico: 20mm<\/p>\n<ul>\n<li>Faixa de temperatura do aplicativo<\/li>\n<\/ul>\n<p>Opera\u00e7\u00e3o: -20\u00b0C ~ +60\u00b0C Instala\u00e7\u00e3o: -20\u00b0C ~ +60\u00b0C Armazenamento\/transporte: -20\u00b0C ~ +60\u00b0C<\/p>\n<p>&nbsp;<\/p>\n<p><strong><b>Par\u00e2metros t\u00e9cnicos de fibra \u00f3ptica-SM<\/b><\/strong><\/p>\n<table>\n<tbody>\n<tr>\n<td rowspan=\"2\" width=\"167\"><strong><b>Par\u00e2metro<\/b><\/strong><\/td>\n<td rowspan=\"2\" width=\"96\"><strong><b>Condi\u00e7\u00f5es<\/b><\/strong><\/td>\n<td rowspan=\"2\" width=\"85\"><strong><b>Unidades<\/b><\/strong><\/td>\n<td colspan=\"4\" width=\"330\"><strong><b>Valor<\/b><\/strong><\/td>\n<\/tr>\n<tr>\n<td width=\"85\"><strong><b>G652D<\/b><\/strong><\/td>\n<td width=\"85\"><strong><b>G657A1<\/b><\/strong><\/td>\n<td width=\"85\"><strong><b>G657A2<\/b><\/strong><\/td>\n<td width=\"75\"><strong><b>G657B3<\/b><\/strong><\/td>\n<\/tr>\n<tr>\n<td colspan=\"3\" width=\"349\"><strong><b>Especifica\u00e7\u00e3o \u00f3ptica<\/b><\/strong><\/td>\n<td colspan=\"4\" width=\"330\"><strong><b>\u3000<\/b><\/strong><\/td>\n<\/tr>\n<tr>\n<td rowspan=\"4\" width=\"167\">Atenua\u00e7\u00e3o<\/td>\n<td width=\"96\">1310nm<\/td>\n<td width=\"85\">dB\/km<\/td>\n<td width=\"85\">\u22640,350<\/td>\n<td width=\"85\">\u22640,350<\/td>\n<td width=\"85\">\u22640,350<\/td>\n<td width=\"75\">\u22640,350<\/td>\n<\/tr>\n<tr>\n<td width=\"96\">1383 nm<\/td>\n<td width=\"85\">dB\/km<\/td>\n<td width=\"85\">\u22640,330<\/td>\n<td width=\"85\">\u22640,350<\/td>\n<td width=\"85\">\u22640,350<\/td>\n<td width=\"75\">\u22640,350<\/td>\n<\/tr>\n<tr>\n<td width=\"96\">1550 nm<\/td>\n<td width=\"85\">dB\/km<\/td>\n<td width=\"85\">\u22640,210<\/td>\n<td width=\"85\">\u22640,210<\/td>\n<td width=\"85\">\u22640,210<\/td>\n<td width=\"75\">\u22640,210<\/td>\n<\/tr>\n<tr>\n<td width=\"96\">1625 nm<\/td>\n<td width=\"85\">dB\/km<\/td>\n<td width=\"85\">\u22640,240<\/td>\n<td width=\"85\">\u22640,230<\/td>\n<td width=\"85\">\u22640,230<\/td>\n<td width=\"75\">\u22640,230<\/td>\n<\/tr>\n<tr>\n<td rowspan=\"3\" width=\"167\">Atenua\u00e7\u00e3o versus comprimento de onda<\/td>\n<td width=\"96\">1310nm vs. 1285-1330 nm<\/td>\n<td width=\"85\">dB\/km<\/td>\n<td width=\"85\">\u22640,04<\/td>\n<td width=\"85\">\u22640,04<\/td>\n<td width=\"85\">\u22640,05<\/td>\n<td width=\"75\">\u22640,03<\/td>\n<\/tr>\n<tr>\n<td width=\"96\">1550 nm vs. 1525-1575 nm<\/td>\n<td width=\"85\">dB\/km<\/td>\n<td width=\"85\">\u22640,03<\/td>\n<td width=\"85\">\u22640,03<\/td>\n<td width=\"85\">\u22640,04<\/td>\n<td width=\"75\">\u22640,02<\/td>\n<\/tr>\n<tr>\n<td width=\"96\">1550 nm vs. 1480-1580 nm<\/td>\n<td width=\"85\">dB\/km<\/td>\n<td width=\"85\">\u22640,04<\/td>\n<td width=\"85\">\u2013<\/td>\n<td width=\"85\">\u2013<\/td>\n<td width=\"75\">\u2013<\/td>\n<\/tr>\n<tr>\n<td width=\"167\">Comprimento de onda de dispers\u00e3o zero<\/td>\n<td rowspan=\"2\" width=\"96\">\\<\/td>\n<td width=\"85\">nm<\/td>\n<td width=\"85\">1300-1324<\/td>\n<td width=\"85\">1300-1324<\/td>\n<td width=\"85\">1300-1324<\/td>\n<td width=\"75\">1300-1324<\/td>\n<\/tr>\n<tr>\n<td width=\"167\">Inclina\u00e7\u00e3o de Dispers\u00e3o Zero<\/td>\n<td width=\"85\">ps\/(nm<sup>2<\/sup>\u00b7km)<\/td>\n<td width=\"85\">0.073-0.092<\/td>\n<td width=\"85\">0.073-0.092<\/td>\n<td width=\"85\">0.073-0.092<\/td>\n<td width=\"75\">\u22640,092<\/td>\n<\/tr>\n<tr>\n<td rowspan=\"2\" width=\"167\">Dispers\u00e3o<\/td>\n<td width=\"96\">1550 nm<\/td>\n<td width=\"85\">ps\/(nm\u00b7km)<\/td>\n<td width=\"85\">13.3-18.6<\/td>\n<td width=\"85\">13.3-18.6<\/td>\n<td width=\"85\">13.3-18.6<\/td>\n<td width=\"75\"><\/td>\n<\/tr>\n<tr>\n<td width=\"96\">1625 nm<\/td>\n<td width=\"85\">ps\/(nm\u00b7km)<\/td>\n<td width=\"85\">17.2-23.7<\/td>\n<td width=\"85\">17.2-23.7<\/td>\n<td width=\"85\">17.2-23.7<\/td>\n<td width=\"75\"><\/td>\n<\/tr>\n<tr>\n<td colspan=\"2\" width=\"264\">Dispers\u00e3o do modo de polariza\u00e7\u00e3o (PMD)<\/td>\n<td width=\"85\">ps\/\u221akm<\/td>\n<td width=\"85\">\u22640,2<\/td>\n<td width=\"85\">\u22640,2<\/td>\n<td width=\"85\">\u22640,2<\/td>\n<td width=\"75\">\u22640,2<\/td>\n<\/tr>\n<tr>\n<td width=\"167\">Comprimento de onda de corte \u03bbcc<\/td>\n<td width=\"96\">\u2013<\/td>\n<td width=\"85\">nm<\/td>\n<td width=\"85\">\u22641260<\/td>\n<td width=\"85\">\u22641260<\/td>\n<td width=\"85\">\u22641260<\/td>\n<td width=\"75\">\u22641260<\/td>\n<\/tr>\n<tr>\n<td rowspan=\"2\" width=\"167\">Di\u00e2metro de campo modal (MFD)<\/td>\n<td width=\"96\">1310nm<\/td>\n<td width=\"85\">\u03bcm<\/td>\n<td width=\"85\">9,2\u00b10,4<\/td>\n<td width=\"85\">9,2\u00b10,4<\/td>\n<td width=\"85\">8,6\u00b10,4<\/td>\n<td width=\"75\">8,6\u00b10,4<\/td>\n<\/tr>\n<tr>\n<td width=\"96\">1550 nm<\/td>\n<td width=\"85\">\u03bcm<\/td>\n<td width=\"85\">10,4\u00b10,5<\/td>\n<td width=\"85\">10,4\u00b10,5<\/td>\n<td width=\"85\">9,6\u00b10,5<\/td>\n<td width=\"75\">9,6\u00b10,5<\/td>\n<\/tr>\n<tr>\n<td rowspan=\"2\" width=\"167\">Descontinuidade de Atenua\u00e7\u00e3o<\/td>\n<td width=\"96\">1310nm<\/td>\n<td width=\"85\">dB<\/td>\n<td width=\"85\">\u22640,03<\/td>\n<td width=\"85\">\u22640,03<\/td>\n<td width=\"85\">\u22640,03<\/td>\n<td width=\"75\">\u22640,03<\/td>\n<\/tr>\n<tr>\n<td width=\"96\">1550 nm<\/td>\n<td width=\"85\">dB<\/td>\n<td width=\"85\">\u22640,03<\/td>\n<td width=\"85\">\u22640,03<\/td>\n<td width=\"85\">\u22640,03<\/td>\n<td width=\"75\">\u22640,03<\/td>\n<\/tr>\n<tr>\n<td rowspan=\"2\" width=\"167\">Atenua\u00e7\u00e3o Bidirecional<\/td>\n<td width=\"96\">1310nm<\/td>\n<td width=\"85\">dB\/km<\/td>\n<td width=\"85\">\u22640,04<\/td>\n<td width=\"85\"><\/td>\n<td width=\"85\"><\/td>\n<td width=\"75\">\u22640,05<\/td>\n<\/tr>\n<tr>\n<td width=\"96\">1550 nm<\/td>\n<td width=\"85\">dB\/km<\/td>\n<td width=\"85\">\u22640,04<\/td>\n<td width=\"85\"><\/td>\n<td width=\"85\"><\/td>\n<td width=\"75\">\u22640,05<\/td>\n<\/tr>\n<tr>\n<td colspan=\"3\" width=\"349\"><strong><b>Geom\u00e9trico<\/b><\/strong><\/td>\n<td colspan=\"4\" width=\"330\"><\/td>\n<\/tr>\n<tr>\n<td colspan=\"2\" width=\"264\">Di\u00e2metro do revestimento<\/td>\n<td width=\"85\">\u03bcm<\/td>\n<td width=\"85\">125\u00b10,7<\/td>\n<td width=\"85\">125\u00b10,7<\/td>\n<td width=\"85\">125\u00b10,7<\/td>\n<td width=\"75\">125\u00b10,7<\/td>\n<\/tr>\n<tr>\n<td colspan=\"2\" width=\"264\">N\u00e3o Circularidade do Revestimento<\/td>\n<td width=\"85\">%<\/td>\n<td width=\"85\">\u22641,0<\/td>\n<td width=\"85\">\u22641,0<\/td>\n<td width=\"85\">\u22640,8<\/td>\n<td width=\"75\">\u22640,7<\/td>\n<\/tr>\n<tr>\n<td colspan=\"2\" width=\"264\">Erro de concentricidade do n\u00facleo\/revestimento<\/td>\n<td width=\"85\">\u03bcm<\/td>\n<td width=\"85\">\u22640,6<\/td>\n<td width=\"85\">\u22640,5<\/td>\n<td width=\"85\">\u22640,5<\/td>\n<td width=\"75\">\u22640,5<\/td>\n<\/tr>\n<tr>\n<td colspan=\"2\" rowspan=\"2\" width=\"264\">Di\u00e2metro do revestimento (sem cor)<\/td>\n<td width=\"85\">\u03bcm<\/td>\n<td colspan=\"4\" width=\"330\">242\u00b17 (padr\u00e3o)<\/td>\n<\/tr>\n<tr>\n<td width=\"85\">\u03bcm<\/td>\n<td colspan=\"4\" width=\"330\">200\u00b110 (opcional)<\/td>\n<\/tr>\n<tr>\n<td colspan=\"2\" width=\"264\">Erro de concentricidade do revestimento\/revestimento<\/td>\n<td width=\"85\">\u03bcm<\/td>\n<td width=\"85\">\u226412<\/td>\n<td width=\"85\">\u226412<\/td>\n<td width=\"85\">\u226412<\/td>\n<td width=\"75\">\u226412<\/td>\n<\/tr>\n<tr>\n<td colspan=\"2\" width=\"264\">Enrolar<\/td>\n<td width=\"85\">m<\/td>\n<td width=\"85\">\u22654<\/td>\n<td width=\"85\">\u22654<\/td>\n<td width=\"85\">\u22654<\/td>\n<td width=\"75\">\u22654<\/td>\n<\/tr>\n<tr>\n<td colspan=\"3\" width=\"349\"><strong><b>Ambiental (1550 nm, 1625 nm)<\/b><\/strong><\/td>\n<td colspan=\"4\" width=\"330\"><\/td>\n<\/tr>\n<tr>\n<td width=\"167\">Ciclagem de temperatura<\/td>\n<td width=\"96\">-60\u2103 a +85\u2103<\/td>\n<td width=\"85\">dB\/km<\/td>\n<td width=\"85\">\u22640,03<\/td>\n<td width=\"85\">\u22640,05<\/td>\n<td width=\"85\">\u22640,05<\/td>\n<td width=\"75\">\u22640,05<\/td>\n<\/tr>\n<tr>\n<td width=\"167\">Alta temperatura e<\/p>\n<p>Alta Umidade<\/td>\n<td width=\"96\">85\u2103, 85% RH, 30 dias<\/td>\n<td width=\"85\">dB\/km<\/td>\n<td width=\"85\">\u22640,03<\/td>\n<td width=\"85\">\u22640,05<\/td>\n<td width=\"85\">\u22640,05<\/td>\n<td width=\"75\">\u22640,05<\/td>\n<\/tr>\n<tr>\n<td width=\"167\">Imers\u00e3o em \u00c1gua<\/td>\n<td width=\"96\">23\u2103, 30 dias<\/td>\n<td width=\"85\">dB\/km<\/td>\n<td width=\"85\">\u22640,03<\/td>\n<td width=\"85\">\u22640,05<\/td>\n<td width=\"85\">\u22640,05<\/td>\n<td width=\"75\">\u22640,05<\/td>\n<\/tr>\n<tr>\n<td width=\"167\">Envelhecimento a alta temperatura<\/td>\n<td width=\"96\">85\u00b0C, 30 dias<\/td>\n<td width=\"85\">dB\/km<\/td>\n<td width=\"85\">\u22640,03<\/td>\n<td width=\"85\">\u22640,05<\/td>\n<td width=\"85\">\u22640,05<\/td>\n<td width=\"75\">\u22640,05<\/td>\n<\/tr>\n<\/tbody>\n<\/table>\n<p>&nbsp;<\/p>\n<p><strong>Aplica\u00e7\u00e3o<\/strong><\/p>\n<p>Aplica\u00e7\u00e3o a\u00e9rea externa<\/p>\n<p>Utilizado nos projetos FTTH<\/p>\n<p>Rotas \u00f3pticas de alta velocidade na constru\u00e7\u00e3o<\/p>\n<p>Opera\u00e7\u00e3o de rede \u00f3ptica de alto desempenho<\/p>\n<p>&nbsp;<\/p>\n<p><strong>Solu\u00e7\u00e3o ideal usando cabo FTTH autoportante<\/strong><\/p>\n<p>Uma rede FTTH de alta capacidade oferece oportunidades de construir uma vantagem competitiva e manter uma rede ecossustent\u00e1vel que consome menos energia. Com estrutura simples e peso leve, o cabo drop FTTH autoportante \u00e9 altamente recomendado para a conex\u00e3o de cabeamento externo e interno.<\/p>\n<p><img fetchpriority=\"high\" decoding=\"async\" class=\"alignnone size-full wp-image-10628\" src=\"https:\/\/www.omccable.com\/wp-content\/uploads\/2024\/04\/20161029120811_101-1.jpg\" alt=\"1F Aerial Self-support FTTH Drop cable-Solid wire+FRP\" width=\"1100\" height=\"494\" srcset=\"https:\/\/www.omccable.com\/wp-content\/uploads\/2024\/04\/20161029120811_101-1.jpg 1100w, https:\/\/www.omccable.com\/wp-content\/uploads\/2024\/04\/20161029120811_101-1-300x135.jpg 300w, https:\/\/www.omccable.com\/wp-content\/uploads\/2024\/04\/20161029120811_101-1-800x359.jpg 800w, https:\/\/www.omccable.com\/wp-content\/uploads\/2024\/04\/20161029120811_101-1-768x345.jpg 768w\" sizes=\"(max-width: 1100px) 100vw, 1100px\" \/><\/p>","protected":false},"excerpt":{"rendered":"<p>O cabo FTTH de autossuporte a\u00e9reo da OMC \u00e9 um cabo FTTH externo de alto desempenho de tra\u00e7\u00e3o. Para construir o cabo, 1 unidade de fibra G657A1 ou G657A2 SM est\u00e1 localizada no centro geom\u00e9trico da forma em forma de borboleta. Duas hastes paralelas de pl\u00e1stico refor\u00e7ado com fibra de Kevlar (KFRP) s\u00e3o colocadas diametralmente opostas em cada lado do n\u00facleo da fibra.<\/p>","protected":false},"featured_media":10626,"comment_status":"closed","ping_status":"closed","template":"","meta":{"site-sidebar-layout":"default","site-content-layout":"","ast-site-content-layout":"default","site-content-style":"default","site-sidebar-style":"default","ast-global-header-display":"","ast-banner-title-visibility":"","ast-main-header-display":"","ast-hfb-above-header-display":"","ast-hfb-below-header-display":"","ast-hfb-mobile-header-display":"","site-post-title":"","ast-breadcrumbs-content":"","ast-featured-img":"","footer-sml-layout":"","theme-transparent-header-meta":"default","adv-header-id-meta":"","stick-header-meta":"default","header-above-stick-meta":"","header-main-stick-meta":"","header-below-stick-meta":"","astra-migrate-meta-layouts":"set","ast-page-background-enabled":"default","ast-page-background-meta":{"desktop":{"background-color":"var(--ast-global-color-4)","background-image":"","background-repeat":"repeat","background-position":"center center","background-size":"auto","background-attachment":"scroll","background-type":"","background-media":"","overlay-type":"","overlay-color":"","overlay-gradient":""},"tablet":{"background-color":"","background-image":"","background-repeat":"repeat","background-position":"center center","background-size":"auto","background-attachment":"scroll","background-type":"","background-media":"","overlay-type":"","overlay-color":"","overlay-gradient":""},"mobile":{"background-color":"","background-image":"","background-repeat":"repeat","background-position":"center center","background-size":"auto","background-attachment":"scroll","background-type":"","background-media":"","overlay-type":"","overlay-color":"","overlay-gradient":""}},"ast-content-background-meta":{"desktop":{"background-color":"var(--ast-global-color-5)","background-image":"","background-repeat":"repeat","background-position":"center center","background-size":"auto","background-attachment":"scroll","background-type":"","background-media":"","overlay-type":"","overlay-color":"","overlay-gradient":""},"tablet":{"background-color":"var(--ast-global-color-5)","background-image":"","background-repeat":"repeat","background-position":"center center","background-size":"auto","background-attachment":"scroll","background-type":"","background-media":"","overlay-type":"","overlay-color":"","overlay-gradient":""},"mobile":{"background-color":"var(--ast-global-color-5)","background-image":"","background-repeat":"repeat","background-position":"center center","background-size":"auto","background-attachment":"scroll","background-type":"","background-media":"","overlay-type":"","overlay-color":"","overlay-gradient":""}}},"product_cat":[135,122],"product_tag":[],"class_list":{"0":"post-10623","1":"product","2":"type-product","3":"status-publish","4":"has-post-thumbnail","6":"product_cat-aerial-self-support-ftth-drop-cable","7":"product_cat-ftth-drop-cable","8":"desktop-align-left","9":"tablet-align-left","10":"mobile-align-left","11":"ast-product-gallery-layout-horizontal-slider","12":"ast-product-tabs-layout-horizontal","14":"first","15":"instock","16":"shipping-taxable","17":"product-type-simple"},"acf":[],"_links":{"self":[{"href":"https:\/\/www.omccable.com\/pt\/wp-json\/wp\/v2\/product\/10623","targetHints":{"allow":["GET"]}}],"collection":[{"href":"https:\/\/www.omccable.com\/pt\/wp-json\/wp\/v2\/product"}],"about":[{"href":"https:\/\/www.omccable.com\/pt\/wp-json\/wp\/v2\/types\/product"}],"replies":[{"embeddable":true,"href":"https:\/\/www.omccable.com\/pt\/wp-json\/wp\/v2\/comments?post=10623"}],"version-history":[{"count":4,"href":"https:\/\/www.omccable.com\/pt\/wp-json\/wp\/v2\/product\/10623\/revisions"}],"predecessor-version":[{"id":13295,"href":"https:\/\/www.omccable.com\/pt\/wp-json\/wp\/v2\/product\/10623\/revisions\/13295"}],"wp:featuredmedia":[{"embeddable":true,"href":"https:\/\/www.omccable.com\/pt\/wp-json\/wp\/v2\/media\/10626"}],"wp:attachment":[{"href":"https:\/\/www.omccable.com\/pt\/wp-json\/wp\/v2\/media?parent=10623"}],"wp:term":[{"taxonomy":"product_cat","embeddable":true,"href":"https:\/\/www.omccable.com\/pt\/wp-json\/wp\/v2\/product_cat?post=10623"},{"taxonomy":"product_tag","embeddable":true,"href":"https:\/\/www.omccable.com\/pt\/wp-json\/wp\/v2\/product_tag?post=10623"}],"curies":[{"name":"wp","href":"https:\/\/api.w.org\/{rel}","templated":true}]}}