{"id":10615,"date":"2024-04-27T10:35:10","date_gmt":"2024-04-27T02:35:10","guid":{"rendered":"https:\/\/www.omccable.com\/?post_type=product&#038;p=10615"},"modified":"2024-04-27T10:52:49","modified_gmt":"2024-04-27T02:52:49","slug":"1f-aerial-self-support-ftth-drop-cable-solid-wire-x-3","status":"publish","type":"product","link":"https:\/\/www.omccable.com\/pt\/produto\/1f-aerial-self-support-ftth-drop-cable-solid-wire-x-3\/","title":{"rendered":"1F Cabo suspenso FTTH de autossuporte a\u00e9reo - Fio s\u00f3lido x 3"},"content":{"rendered":"<p><b><\/b><strong>Introdu\u00e7\u00e3o:<\/strong><\/p>\n<p>&nbsp;<\/p>\n<p>O cabo drop FTTH autossustent\u00e1vel \u00e9 constru\u00eddo com uma ou duas fibras monomodo (G.657A1). O cabo \u00e9 protegido por um elemento de rigidez diel\u00e9trica feito de pl\u00e1stico refor\u00e7ado com fibra de vidro (FRP), fio de a\u00e7o e uma capa externa LSZH. Projetado para instala\u00e7\u00e3o externa, o cabo \u00e9 adequado para conex\u00f5es entre o fechamento da c\u00fapula e pequenas unidades residenciais\/armaz\u00e9ns e vilas independentes.<\/p>\n<p>&nbsp;<\/p>\n<p><b><\/b><strong>Caracter\u00edsticas<\/strong><\/p>\n<p>Estrutura autoportante, leve e f\u00e1cil de instalar<\/p>\n<p>A fibra especial de baixa sensibilidade \u00e0 curvatura fornece alta largura de banda e excelente propriedade de transmiss\u00e3o de comunica\u00e7\u00e3o<\/p>\n<p>O fio de a\u00e7o como elemento de resist\u00eancia adicional possui alta resist\u00eancia \u00e0 tra\u00e7\u00e3o<\/p>\n<p>Dois membros de resist\u00eancia FRP paralelos garantem um bom desempenho de resist\u00eancia ao esmagamento para proteger a fibra<\/p>\n<p>Estrutura simples, leveza e alta praticidade<\/p>\n<p>A contagem de fibras \u00e9 de 1 a 12 n\u00facleos, podendo ser outros n\u00facleos de fibra mediante solicita\u00e7\u00e3o.<\/p>\n<p>Design inovador de flauta, facilmente descasca e emenda, simplifica a instala\u00e7\u00e3o e manuten\u00e7\u00e3o<\/p>\n<p>Bainha LSZH dur\u00e1vel e retardante de chama, baixo teor de fuma\u00e7a e zero halog\u00eanio<\/p>\n<p>&nbsp;<\/p>\n<p><b><\/b><strong>Cabo<\/strong><strong>estrutura<\/strong><strong>\u00a0<\/strong><strong>e<\/strong><strong>\u00a0<\/strong><strong>par\u00e2metro<\/strong><\/p>\n<table>\n<tbody>\n<tr>\n<td width=\"166\"><strong>Item<\/strong><\/td>\n<td width=\"114\"><strong>Conte\u00fado<\/strong><\/td>\n<td width=\"85\"><strong>Unidade<\/strong><\/td>\n<td width=\"345\"><strong>Valor<\/strong><\/td>\n<\/tr>\n<tr>\n<td rowspan=\"3\" width=\"166\"><strong>\u00a0<\/strong><\/p>\n<p>Fibra \u00d3ptica<\/td>\n<td width=\"114\">n\u00famero do modelo<\/td>\n<td width=\"85\">\/<\/td>\n<td width=\"345\">G657A2<\/td>\n<\/tr>\n<tr>\n<td width=\"114\">n\u00famero<\/td>\n<td width=\"85\">\/<\/td>\n<td width=\"345\">1<\/td>\n<\/tr>\n<tr>\n<td width=\"114\">Cor<\/td>\n<td width=\"85\">\/<\/td>\n<td width=\"345\">Azul<\/td>\n<\/tr>\n<tr>\n<td rowspan=\"2\" width=\"166\">Membro de for\u00e7a<\/td>\n<td width=\"114\">Materiais<\/td>\n<td width=\"85\">\/<\/td>\n<td width=\"345\">fosfatiza\u00e7\u00e3o de fio de a\u00e7o<\/td>\n<\/tr>\n<tr>\n<td width=\"114\">Di\u00e2metro<\/td>\n<td width=\"85\">mil\u00edmetros<\/td>\n<td width=\"345\">0.5<\/td>\n<\/tr>\n<tr>\n<td rowspan=\"2\" width=\"166\">Mensagem do mensageiro<\/td>\n<td width=\"114\">Materiais<\/td>\n<td width=\"85\">\/<\/td>\n<td width=\"345\">fosfatiza\u00e7\u00e3o de fio de a\u00e7o<\/td>\n<\/tr>\n<tr>\n<td width=\"114\">Di\u00e2metro<\/td>\n<td width=\"85\">mil\u00edmetros<\/td>\n<td width=\"345\">1.0<\/td>\n<\/tr>\n<tr>\n<td rowspan=\"3\" width=\"166\"><strong>\u00a0<\/strong><\/p>\n<p>Jaqueta externa<\/td>\n<td width=\"114\">Di\u00e2metro<\/td>\n<td width=\"85\">mil\u00edmetros<\/td>\n<td width=\"345\">2,0\u00b10,1*5,0\u00b10,2<\/td>\n<\/tr>\n<tr>\n<td width=\"114\">Materiais<\/td>\n<td width=\"85\">\/<\/td>\n<td width=\"345\">LSZH<\/td>\n<\/tr>\n<tr>\n<td width=\"114\">Cor<\/td>\n<td width=\"85\">\/<\/td>\n<td width=\"345\">preto<\/td>\n<\/tr>\n<tr>\n<td rowspan=\"2\" width=\"166\">Desempenho de tra\u00e7\u00e3o<\/td>\n<td width=\"114\">Curto prazo<\/td>\n<td width=\"85\">N<\/td>\n<td width=\"345\">600(tens\u00e3o de fibra\u22640,4%)<\/td>\n<\/tr>\n<tr>\n<td width=\"114\">Longo prazo<\/td>\n<td width=\"85\">N<\/td>\n<td width=\"345\">300<\/td>\n<\/tr>\n<tr>\n<td rowspan=\"2\" width=\"166\">Esmagamento<\/td>\n<td width=\"114\">Curto prazo<\/td>\n<td width=\"85\">N\/100mm<\/td>\n<td width=\"345\">2200<\/td>\n<\/tr>\n<tr>\n<td width=\"114\">Longo prazo<\/td>\n<td width=\"85\">N\/100mm<\/td>\n<td width=\"345\">1000<\/td>\n<\/tr>\n<tr>\n<td colspan=\"2\" width=\"280\">Atenua\u00e7\u00e3o do cabo<\/td>\n<td width=\"85\">dB\/km<\/td>\n<td width=\"345\">\u2266 0,4 em 1310 nm, \u2266 0,3 em 1550 nm<\/td>\n<\/tr>\n<tr>\n<td colspan=\"2\" width=\"280\">Peso do cabo (aprox.)\u00b110%<\/td>\n<td width=\"85\">kg\/km<\/td>\n<td width=\"345\">21<\/td>\n<\/tr>\n<\/tbody>\n<\/table>\n<p>Nota: tamanhos e valores sem toler\u00e2ncias s\u00e3o valores nominais<\/p>\n<p>&nbsp;<\/p>\n<p><b><\/b><strong>Caracter\u00edstica<\/strong><strong>de<\/strong><strong>\u00a0<\/strong><strong>\u00d3ptica<\/strong><strong>\u00a0<\/strong><strong>Cabo<\/strong><\/p>\n<ul>\n<li style=\"list-style-type: none;\">\n<ul>\n<li>raio de curvatura (sem mensageiro)Est\u00e1tico: 20mm<\/li>\n<\/ul>\n<\/li>\n<\/ul>\n<p>Din\u00e2mico: 40mm<\/p>\n<ul>\n<li>Faixa de temperatura de aplica\u00e7\u00e3oOpera\u00e7\u00e3o: \u2013 20\u00b0C ~ +70\u00b0C Instala\u00e7\u00e3o: -20\u00b0C ~ +60\u00b0C Armazenamento\/transporte: \u2013 20\u00b0C ~ +70\u00b0C<\/li>\n<\/ul>\n<p>&nbsp;<\/p>\n<p><strong><b>G657A1<\/b><\/strong><strong><b>\u00a0<\/b><\/strong><strong><b>Caracter\u00edstica<\/b><\/strong><strong><b>\u00a0<\/b><\/strong><strong><b>de<\/b><\/strong><strong><b>\u00a0<\/b><\/strong><strong><b>\u00d3ptica<\/b><\/strong><strong><b>\u00a0<\/b><\/strong><strong><b>Fibra<\/b><\/strong><\/p>\n<table>\n<tbody>\n<tr>\n<td colspan=\"2\" rowspan=\"2\" width=\"457\"><strong>Item<\/strong><\/td>\n<td rowspan=\"2\" width=\"84\"><strong>Unidade<\/strong><\/td>\n<td width=\"169\"><strong>Especifica\u00e7\u00e3o<\/strong><\/td>\n<\/tr>\n<tr>\n<td width=\"169\">G. 657A1<\/td>\n<\/tr>\n<tr>\n<td rowspan=\"2\" width=\"325\">Di\u00e2metro do campo de modo<\/td>\n<td width=\"132\">1310 nm<\/td>\n<td width=\"84\">mil\u00edmetros<\/td>\n<td width=\"169\">9,2 \u00b1 0,4<\/td>\n<\/tr>\n<tr>\n<td width=\"132\">1550 nm<\/td>\n<td width=\"84\">mil\u00edmetros<\/td>\n<td width=\"169\">10,4 \u00b1 0,5<\/td>\n<\/tr>\n<tr>\n<td colspan=\"2\" width=\"457\">Di\u00e2metro do revestimento<\/td>\n<td width=\"84\">mil\u00edmetros<\/td>\n<td width=\"169\">125,0 \u00b1 0,7<\/td>\n<\/tr>\n<tr>\n<td colspan=\"2\" width=\"457\">N\u00e3o circularidade do revestimento<\/td>\n<td width=\"84\">%<\/td>\n<td width=\"169\">\u00a31.0<\/td>\n<\/tr>\n<tr>\n<td colspan=\"2\" width=\"457\">Erro de concentricidade central<\/td>\n<td width=\"84\">mil\u00edmetros<\/td>\n<td width=\"169\">\u00a30.5<\/td>\n<\/tr>\n<tr>\n<td colspan=\"2\" width=\"457\">Di\u00e2metro do revestimento<\/td>\n<td width=\"84\">mil\u00edmetros<\/td>\n<td width=\"169\">242 \u00b1 7<\/td>\n<\/tr>\n<tr>\n<td colspan=\"2\" width=\"457\">Erro de concentricidade de revestimento\/revestimento<\/td>\n<td width=\"84\">mil\u00edmetros<\/td>\n<td width=\"169\">\u00a312<\/td>\n<\/tr>\n<tr>\n<td colspan=\"2\" width=\"457\">Comprimento de onda de corte do cabo<\/td>\n<td width=\"84\">nm<\/td>\n<td width=\"169\">\u00a3\u00a01260<\/td>\n<\/tr>\n<tr>\n<td rowspan=\"2\" width=\"325\">Atenua\u00e7\u00e3o<\/td>\n<td width=\"132\">1310 nm<\/td>\n<td width=\"84\">dB\/km<\/td>\n<td width=\"169\">\u00a30.35<\/td>\n<\/tr>\n<tr>\n<td width=\"132\">1550 nm<\/td>\n<td width=\"84\">dB\/km<\/td>\n<td width=\"169\">\u00a30.21<\/td>\n<\/tr>\n<tr>\n<td rowspan=\"2\" width=\"325\">Perda de macrocurvatura (\u00d820mm\u00d71)<\/td>\n<td width=\"132\">1550 nm<\/td>\n<td width=\"84\">dB<\/td>\n<td width=\"169\">\u00a30.75<\/td>\n<\/tr>\n<tr>\n<td width=\"132\">1625 nm<\/td>\n<td width=\"84\">dB<\/td>\n<td width=\"169\">\u00a31.5<\/td>\n<\/tr>\n<\/tbody>\n<\/table>\n<p>Outros par\u00e2metros atendem ao padr\u00e3o ITU-T G.657<\/p>\n<p>&nbsp;<\/p>\n<p><strong>Aplica\u00e7\u00e3o<\/strong><\/p>\n<p>Aplica\u00e7\u00e3o a\u00e9rea externa<\/p>\n<p>Utilizado nos projetos FTTH<\/p>\n<p>Rotas \u00f3pticas de alta velocidade na constru\u00e7\u00e3o<\/p>\n<p>Opera\u00e7\u00e3o de rede \u00f3ptica de alto desempenho<\/p>\n<p>&nbsp;<\/p>\n<p><strong>Solu\u00e7\u00e3o ideal usando cabo FTTH autoportante<\/strong><\/p>\n<p>Uma rede FTTH de alta capacidade oferece oportunidades de construir uma vantagem competitiva e manter uma rede ecossustent\u00e1vel que consome menos energia. Com estrutura simples e peso leve, o cabo drop FTTH autoportante \u00e9 altamente recomendado para a conex\u00e3o de cabeamento externo e interno.<\/p>\n<p><img fetchpriority=\"high\" decoding=\"async\" class=\"alignnone size-full wp-image-10619\" src=\"https:\/\/www.omccable.com\/wp-content\/uploads\/2024\/04\/20161029120811_101.jpg\" alt=\"1F Aerial Self-support FTTH Drop cable-Solid wire x 3\" width=\"1100\" height=\"494\" srcset=\"https:\/\/www.omccable.com\/wp-content\/uploads\/2024\/04\/20161029120811_101.jpg 1100w, https:\/\/www.omccable.com\/wp-content\/uploads\/2024\/04\/20161029120811_101-300x135.jpg 300w, https:\/\/www.omccable.com\/wp-content\/uploads\/2024\/04\/20161029120811_101-800x359.jpg 800w, https:\/\/www.omccable.com\/wp-content\/uploads\/2024\/04\/20161029120811_101-768x345.jpg 768w\" sizes=\"(max-width: 1100px) 100vw, 1100px\" \/><\/p>","protected":false},"excerpt":{"rendered":"<p>Introdu\u00e7\u00e3o:   O cabo drop FTTH autossustent\u00e1vel \u00e9 constru\u00eddo com uma ou duas fibras monomodo (G.657A1). O cabo \u00e9 protegido por um elemento de rigidez diel\u00e9trica feito de pl\u00e1stico refor\u00e7ado com fibra de vidro (FRP), fio de a\u00e7o e uma capa externa LSZH. Projetado para instala\u00e7\u00e3o externa, o cabo \u00e9 adequado para conex\u00f5es entre o fechamento da c\u00fapula e pequenas resid\u00eancias [...]<\/p>","protected":false},"featured_media":10617,"comment_status":"closed","ping_status":"closed","template":"","meta":{"site-sidebar-layout":"default","site-content-layout":"","ast-site-content-layout":"default","site-content-style":"default","site-sidebar-style":"default","ast-global-header-display":"","ast-banner-title-visibility":"","ast-main-header-display":"","ast-hfb-above-header-display":"","ast-hfb-below-header-display":"","ast-hfb-mobile-header-display":"","site-post-title":"","ast-breadcrumbs-content":"","ast-featured-img":"","footer-sml-layout":"","theme-transparent-header-meta":"default","adv-header-id-meta":"","stick-header-meta":"default","header-above-stick-meta":"","header-main-stick-meta":"","header-below-stick-meta":"","astra-migrate-meta-layouts":"set","ast-page-background-enabled":"default","ast-page-background-meta":{"desktop":{"background-color":"var(--ast-global-color-4)","background-image":"","background-repeat":"repeat","background-position":"center center","background-size":"auto","background-attachment":"scroll","background-type":"","background-media":"","overlay-type":"","overlay-color":"","overlay-gradient":""},"tablet":{"background-color":"","background-image":"","background-repeat":"repeat","background-position":"center center","background-size":"auto","background-attachment":"scroll","background-type":"","background-media":"","overlay-type":"","overlay-color":"","overlay-gradient":""},"mobile":{"background-color":"","background-image":"","background-repeat":"repeat","background-position":"center center","background-size":"auto","background-attachment":"scroll","background-type":"","background-media":"","overlay-type":"","overlay-color":"","overlay-gradient":""}},"ast-content-background-meta":{"desktop":{"background-color":"var(--ast-global-color-5)","background-image":"","background-repeat":"repeat","background-position":"center center","background-size":"auto","background-attachment":"scroll","background-type":"","background-media":"","overlay-type":"","overlay-color":"","overlay-gradient":""},"tablet":{"background-color":"var(--ast-global-color-5)","background-image":"","background-repeat":"repeat","background-position":"center center","background-size":"auto","background-attachment":"scroll","background-type":"","background-media":"","overlay-type":"","overlay-color":"","overlay-gradient":""},"mobile":{"background-color":"var(--ast-global-color-5)","background-image":"","background-repeat":"repeat","background-position":"center center","background-size":"auto","background-attachment":"scroll","background-type":"","background-media":"","overlay-type":"","overlay-color":"","overlay-gradient":""}}},"product_cat":[135,122],"product_tag":[],"class_list":{"0":"post-10615","1":"product","2":"type-product","3":"status-publish","4":"has-post-thumbnail","6":"product_cat-aerial-self-support-ftth-drop-cable","7":"product_cat-ftth-drop-cable","8":"desktop-align-left","9":"tablet-align-left","10":"mobile-align-left","11":"ast-product-gallery-layout-horizontal-slider","12":"ast-product-tabs-layout-horizontal","14":"first","15":"instock","16":"shipping-taxable","17":"product-type-simple"},"acf":[],"_links":{"self":[{"href":"https:\/\/www.omccable.com\/pt\/wp-json\/wp\/v2\/product\/10615","targetHints":{"allow":["GET"]}}],"collection":[{"href":"https:\/\/www.omccable.com\/pt\/wp-json\/wp\/v2\/product"}],"about":[{"href":"https:\/\/www.omccable.com\/pt\/wp-json\/wp\/v2\/types\/product"}],"replies":[{"embeddable":true,"href":"https:\/\/www.omccable.com\/pt\/wp-json\/wp\/v2\/comments?post=10615"}],"version-history":[{"count":1,"href":"https:\/\/www.omccable.com\/pt\/wp-json\/wp\/v2\/product\/10615\/revisions"}],"predecessor-version":[{"id":10620,"href":"https:\/\/www.omccable.com\/pt\/wp-json\/wp\/v2\/product\/10615\/revisions\/10620"}],"wp:featuredmedia":[{"embeddable":true,"href":"https:\/\/www.omccable.com\/pt\/wp-json\/wp\/v2\/media\/10617"}],"wp:attachment":[{"href":"https:\/\/www.omccable.com\/pt\/wp-json\/wp\/v2\/media?parent=10615"}],"wp:term":[{"taxonomy":"product_cat","embeddable":true,"href":"https:\/\/www.omccable.com\/pt\/wp-json\/wp\/v2\/product_cat?post=10615"},{"taxonomy":"product_tag","embeddable":true,"href":"https:\/\/www.omccable.com\/pt\/wp-json\/wp\/v2\/product_tag?post=10615"}],"curies":[{"name":"wp","href":"https:\/\/api.w.org\/{rel}","templated":true}]}}