{"id":13761,"date":"2026-01-14T15:03:57","date_gmt":"2026-01-14T07:03:57","guid":{"rendered":"https:\/\/www.omccable.com\/?page_id=13761"},"modified":"2026-01-14T15:06:40","modified_gmt":"2026-01-14T07:06:40","slug":"download","status":"publish","type":"page","link":"https:\/\/www.omccable.com\/pt\/download\/","title":{"rendered":"Download"},"content":{"rendered":"<div data-elementor-type=\"wp-page\" data-elementor-id=\"13761\" class=\"elementor elementor-13761\" data-elementor-post-type=\"page\">\n\t\t\t\t<div class=\"elementor-element elementor-element-38b9099 e-flex e-con-boxed e-con e-parent\" data-id=\"38b9099\" data-element_type=\"container\">\n\t\t\t\t\t<div class=\"e-con-inner\">\n\t\t\t\t<div class=\"elementor-element elementor-element-ea35849 elementor-widget elementor-widget-woocommerce-breadcrumb\" data-id=\"ea35849\" data-element_type=\"widget\" data-widget_type=\"woocommerce-breadcrumb.default\">\n\t\t\t\t<div class=\"elementor-widget-container\">\n\t\t\t\t\t<nav class=\"woocommerce-breadcrumb\" aria-label=\"Breadcrumb\" data-no-translation=\"\" data-trp-gettext=\"\">In\u00edcio<\/nav>\t\t\t\t<\/div>\n\t\t\t\t<\/div>\n\t\t\t\t<div class=\"elementor-element elementor-element-0654a7c elementor-widget elementor-widget-heading\" data-id=\"0654a7c\" data-element_type=\"widget\" data-widget_type=\"heading.default\">\n\t\t\t\t<div class=\"elementor-widget-container\">\n\t\t\t\t\t<h1 class=\"elementor-heading-title elementor-size-default\">Download<\/h1>\t\t\t\t<\/div>\n\t\t\t\t<\/div>\n\t\t\t\t\t<\/div>\n\t\t\t\t<\/div>\n\t\t<div class=\"elementor-element elementor-element-dfea3d0 e-flex e-con-boxed e-con e-parent\" data-id=\"dfea3d0\" data-element_type=\"container\">\n\t\t\t\t\t<div class=\"e-con-inner\">\n\t\t\t\t<div class=\"elementor-element elementor-element-546383e elementor-widget-tablet__width-initial elementor-widget elementor-widget-ucaddon_post_list\" data-id=\"546383e\" data-element_type=\"widget\" data-widget_type=\"ucaddon_post_list.default\">\n\t\t\t\t<div class=\"elementor-widget-container\">\n\t\t\t\t\t\n<!-- start Post List -->\n\t\t<link id='font-awesome-css' href='https:\/\/www.omccable.com\/wp-content\/plugins\/unlimited-elements-for-elementor-premium\/assets_libraries\/font-awesome6\/fontawesome-all.min.css' type='text\/css' rel='stylesheet' >\n\t\t<link id='font-awesome-4-shim-css' href='https:\/\/www.omccable.com\/wp-content\/plugins\/unlimited-elements-for-elementor-premium\/assets_libraries\/font-awesome6\/fontawesome-v4-shims.min.css' type='text\/css' rel='stylesheet' >\n\n<style>\/* widget: Post List *\/\n\n\n\n#uc_post_list_elementor_546383e\n{\n  display:grid;\n}\n\n\n#uc_post_list_elementor_546383e .uc_post_list_image div\n{\n  background-size:cover;\n  background-position:center;\n}\n\n\n.uc_post_list .uc_post_list_box{\n\tposition: relative;\n\toverflow: hidden;\n\tdisplay: flex;\n}\n\n#uc_post_list_elementor_546383e .uc_post_list_image\n{\n  flex-grow:0;\n  flex-shrink:0;\n}\n\n#uc_post_list_elementor_546383e .uc_post_list_image img\n{\n  width:100%;\n  display:block;\n  transition:0.3s;\n  \n}\n\n\n.uc_post_list_title a{\n\tcolor: #333333;\n}\n.uc_post_list_date{\n\tfont-size: 12px;\n}\n\n#uc_post_list_elementor_546383e .uc_post_list_content\n{\n  display:flex;\n  flex-direction:column;\n  flex:1;\n}\n\n#uc_post_list_elementor_546383e .uc_more_btn{\n\n  text-align:center;\n  text-decoration:none;\n  transition:0.3s;\n}\n\n#uc_post_list_elementor_546383e .button-on-side\n{\n  display:flex;\n  align-items:center;\n}\n\n\n.ue-grid-item-category a\n{\n  display:inline-block;\n  font-size:10px;\n  text-transform:uppercase;\n}\n\n#uc_post_list_elementor_546383e .ue-meta-data\n{\n  \n  display:flex;\n\n  flex-wrap: wrap;\n  line-height:1em;\n}\n\n#uc_post_list_elementor_546383e .ue-grid-item-meta-data\n{\n      display:inline-flex;\n      align-items:center;\n}\n\n.ue-grid-item-meta-data\n{\n  font-size:12px;\n}\n\n#uc_post_list_elementor_546383e .ue-grid-item-meta-data-icon\n{\n  line-height:1em;\n}\n\n#uc_post_list_elementor_546383e .ue-grid-item-meta-data-icon svg\n{\n  width:1em;\n  height:1em;\n}\n\n\n\n#uc_post_list_elementor_546383e .ue-debug-meta\n{\n  padding:10px;\n  border:1px solid red;\n  position:relative;\n  line-height:1.5em;\n  font-size:11px;\n  width:100%;\n}\n\n.uc-remote-parent .uc_post_list_box{\n\tcursor:pointer;\n}\n\n#uc_post_list_elementor_546383e .ue-post-link-overlay\n{\n  display:block;\n  position:absolute;\n  top:0;\n  bottom:0;\n  right:0;\n  left:0;\n}\n\n<\/style>\n\n<div class=\"uc_post_list uc-items-wrapper\" id=\"uc_post_list_elementor_546383e\"  >    \t\n  <div class=\"uc_post_list_box\">\n    \n  \t\t\n  \n    <div class=\"uc_post_list_content\">\n      <div class=\"uc_post_list_content_inside\">\n        \n                        \n         <div class=\"uc_post_list_title\"><a target=\"_self\" href=\"https:\/\/www.omccable.com\/pt\/download\/optical-cable-laying-and-maintenance-manual\/\" title=\"Manual de instala\u00e7\u00e3o e manuten\u00e7\u00e3o de cabos \u00f3pticos\">Manual de instala\u00e7\u00e3o e manuten\u00e7\u00e3o de cabos \u00f3pticos<\/a><\/div>\t\n         \n        <div class=\"ue-meta-data\">\n                                               \n            \n          \n                        \n            \n                        \n                        \n            \n              \n          <\/div>         \n                \n         <div class=\"uc_post_content\"><\/div>        \n                 \t        \n           <a target=\"_self\" href='https:\/\/www.omccable.com\/pt\/download\/optical-cable-laying-and-maintenance-manual\/' class=\"uc_more_btn\" title=\"\">Download<\/a>\n              \n                 \n      <\/div>\n    <\/div>\n     \n       \n  \n         <a target=\"_self\" href=\"https:\/\/www.omccable.com\/pt\/download\/optical-cable-laying-and-maintenance-manual\/\" class=\"ue-post-link-overlay\"><\/a>\n   <\/div>\n<div class=\"uc_post_list_box\">\n    \n  \t\t\n  \n    <div class=\"uc_post_list_content\">\n      <div class=\"uc_post_list_content_inside\">\n        \n                        \n         <div class=\"uc_post_list_title\"><a target=\"_self\" href=\"https:\/\/www.omccable.com\/pt\/download\/technical-specifications-of-steel-and-aluminum-plastic-composite-tapes-for-optical-cables\/\" title=\"Especifica\u00e7\u00f5es T\u00e9cnicas de Fitas Compostas de A\u00e7o e Alum\u00ednio-Pl\u00e1stico para Cabos \u00d3pticos\">Especifica\u00e7\u00f5es T\u00e9cnicas de Fitas Compostas de A\u00e7o e Alum\u00ednio-Pl\u00e1stico para Cabos \u00d3pticos<\/a><\/div>\t\n         \n        <div class=\"ue-meta-data\">\n                                               \n            \n          \n                        \n            \n                        \n                        \n            \n              \n          <\/div>         \n                \n         <div class=\"uc_post_content\"><\/div>        \n                 \t        \n           <a target=\"_self\" href='https:\/\/www.omccable.com\/pt\/download\/technical-specifications-of-steel-and-aluminum-plastic-composite-tapes-for-optical-cables\/' class=\"uc_more_btn\" title=\"\">Download<\/a>\n              \n                 \n      <\/div>\n    <\/div>\n     \n       \n  \n         <a target=\"_self\" href=\"https:\/\/www.omccable.com\/pt\/download\/technical-specifications-of-steel-and-aluminum-plastic-composite-tapes-for-optical-cables\/\" class=\"ue-post-link-overlay\"><\/a>\n   <\/div>\n<div class=\"uc_post_list_box\">\n    \n  \t\t\n  \n    <div class=\"uc_post_list_content\">\n      <div class=\"uc_post_list_content_inside\">\n        \n                        \n         <div class=\"uc_post_list_title\"><a target=\"_self\" href=\"https:\/\/www.omccable.com\/pt\/download\/technical-specifications-for-filling-compounds-for-optical-cables-fiber-filling-compound-cable-filling-compound\/\" title=\"Especifica\u00e7\u00f5es T\u00e9cnicas de Compostos de Enchimento para Cabos \u00d3pticos (Composto de Enchimento de Fibra, Composto de Enchimento de Cabos)\">Especifica\u00e7\u00f5es T\u00e9cnicas de Compostos de Enchimento para Cabos \u00d3pticos (Composto de Enchimento de Fibra, Composto de Enchimento de Cabos)<\/a><\/div>\t\n         \n        <div class=\"ue-meta-data\">\n                                               \n            \n          \n                        \n            \n                        \n                        \n            \n              \n          <\/div>         \n                \n         <div class=\"uc_post_content\"><\/div>        \n                 \t        \n           <a target=\"_self\" href='https:\/\/www.omccable.com\/pt\/download\/technical-specifications-for-filling-compounds-for-optical-cables-fiber-filling-compound-cable-filling-compound\/' class=\"uc_more_btn\" title=\"\">Download<\/a>\n              \n                 \n      <\/div>\n    <\/div>\n     \n       \n  \n         <a target=\"_self\" href=\"https:\/\/www.omccable.com\/pt\/download\/technical-specifications-for-filling-compounds-for-optical-cables-fiber-filling-compound-cable-filling-compound\/\" class=\"ue-post-link-overlay\"><\/a>\n   <\/div>\n<div class=\"uc_post_list_box\">\n    \n  \t\t\n  \n    <div class=\"uc_post_list_content\">\n      <div class=\"uc_post_list_content_inside\">\n        \n                        \n         <div class=\"uc_post_list_title\"><a target=\"_self\" href=\"https:\/\/www.omccable.com\/pt\/download\/properties-of-pbt-materials-for-optical-cable-loose-tubes\/\" title=\"Propriedades de materiais PBT para tubos soltos de cabos \u00f3pticos\">Propriedades de materiais PBT para tubos soltos de cabos \u00f3pticos<\/a><\/div>\t\n         \n        <div class=\"ue-meta-data\">\n                                               \n            \n          \n                        \n            \n                        \n                        \n            \n              \n          <\/div>         \n                \n         <div class=\"uc_post_content\"><\/div>        \n                 \t        \n           <a target=\"_self\" href='https:\/\/www.omccable.com\/pt\/download\/properties-of-pbt-materials-for-optical-cable-loose-tubes\/' class=\"uc_more_btn\" title=\"\">Download<\/a>\n              \n                 \n      <\/div>\n    <\/div>\n     \n       \n  \n         <a target=\"_self\" href=\"https:\/\/www.omccable.com\/pt\/download\/properties-of-pbt-materials-for-optical-cable-loose-tubes\/\" class=\"ue-post-link-overlay\"><\/a>\n   <\/div>\n<div class=\"uc_post_list_box\">\n    \n  \t\t\n  \n    <div class=\"uc_post_list_content\">\n      <div class=\"uc_post_list_content_inside\">\n        \n                        \n         <div class=\"uc_post_list_title\"><a target=\"_self\" href=\"https:\/\/www.omccable.com\/pt\/download\/maximum-reach-limited-by-pmd-in-systems-with-different-data-rates\/\" title=\"Alcance m\u00e1ximo limitado pelo PMD em sistemas com diferentes taxas de dados\">Alcance m\u00e1ximo limitado pelo PMD em sistemas com diferentes taxas de dados<\/a><\/div>\t\n         \n        <div class=\"ue-meta-data\">\n                                               \n            \n          \n                        \n            \n                        \n                        \n            \n              \n          <\/div>         \n                \n         <div class=\"uc_post_content\"><\/div>        \n                 \t        \n           <a target=\"_self\" href='https:\/\/www.omccable.com\/pt\/download\/maximum-reach-limited-by-pmd-in-systems-with-different-data-rates\/' class=\"uc_more_btn\" title=\"\">Download<\/a>\n              \n                 \n      <\/div>\n    <\/div>\n     \n       \n  \n         <a target=\"_self\" href=\"https:\/\/www.omccable.com\/pt\/download\/maximum-reach-limited-by-pmd-in-systems-with-different-data-rates\/\" class=\"ue-post-link-overlay\"><\/a>\n   <\/div>\n\n<\/div>\n\n\n  <div id=\"uc_post_list_elementor_546383e_empty_message\" class=\"ue-no-posts-found\"  style=\"display:none\" >N\u00e3o foram encontradas mensagens<\/div>\n\n\n<!-- end Post List -->\t\t\t\t<\/div>\n\t\t\t\t<\/div>\n\t\t\t\t<div class=\"elementor-element elementor-element-0f3d810 elementor-widget elementor-widget-ucaddon_archive_pagination\" data-id=\"0f3d810\" data-element_type=\"widget\" data-widget_type=\"ucaddon_archive_pagination.default\">\n\t\t\t\t<div class=\"elementor-widget-container\">\n\t\t\t\t\t\n<!-- start Post Pagination -->\n\n<style>\/* widget: Post Pagination *\/\n\n#uc_archive_pagination_elementor_0f3d810 nav\n{\n  padding:0px;\n  margin:0px;\n}\n\n#uc_archive_pagination_elementor_0f3d810 \n{\n  display:flex;\n  flex-wrap: wrap;\n  justify-content:center;\n}\n\n#uc_archive_pagination_elementor_0f3d810 .nav-links\n{\n  display:flex;\n  justify-content:center;\n}\n\n#uc_archive_pagination_elementor_0f3d810 .nav-links > *\n{\n}\n\n#uc_archive_pagination_elementor_0f3d810 .page-numbers\n{\n  display:flex;\n  \n  align-items:center;\n  justify-content:center;\n  transition:0.3s;\n  line-height:1em;\n}\n\n\n#uc_archive_pagination_elementor_0f3d810 a.page-numbers, #uc_archive_pagination_elementor_0f3d810 .dots\n{\n  color:#000000;\n  background-color:;\n}\n\n#uc_archive_pagination_elementor_0f3d810 a.page-numbers:hover\n{\n  color:#6e6e6e;\n  background-color:#eeeeee;\n}\n\n#uc_archive_pagination_elementor_0f3d810 .page-numbers.current,\n#uc_archive_pagination_elementor_0f3d810 .page-numbers.current:hover\n{\n  background-color:#505050;\n  color:#ffffff;\n}\n\n\n#uc_archive_pagination_elementor_0f3d810 .page-numbers.prev, #uc_archive_pagination_elementor_0f3d810 .page-numbers.next\n{\n  padding-left:15px;\n  padding-right:15px;\n}\n\n\n\n#uc_archive_pagination_elementor_0f3d810 .prev:before {\n   font-family: \"Font Awesome 5 Free\";\n   content: \"\\f053\";\n   display: inline-block;\n   vertical-align: middle;\n   font-weight: 900;\n   padding-right:10px;}\n\n#uc_archive_pagination_elementor_0f3d810 .next:after {\n   font-family: \"Font Awesome 5 Free\";\n   content: \"\\f054\";\n   display: inline-block;\n   vertical-align: middle;\n   font-weight: 900;\n   padding-left:10px;}\n\n#uc_archive_pagination_elementor_0f3d810.uc-ajax-loading{\n\topacity:1 !important;\n}\n\n#uc_archive_pagination_elementor_0f3d810.uc-ajax-loading .current{\n\tposition:relative;\n    overflow:hidden;\n}\n\n\n#uc_archive_pagination_elementor_0f3d810.uc-ajax-loading .current:before{\n  content: \"\";\n  display:block;\n  width:100%;\n  height:100%;\n  box-sizing:border-box;\n  position:absolute;\n  top:0px;\n  left:0px;\n  background-color: #c2c2c2;\n  animation: uc-spinning-border 0.5s linear infinite;\n  opacity:50%;\n  border-radius:inherit;\n}\n\n@keyframes uc-spinning-border {\n\t0%{transform: scale(0);}\n\t100%{transform: scale(1); }\t\n}\n\n\n\n<\/style>\n\n<div id=\"uc_archive_pagination_elementor_0f3d810\" class=\"archive_pagination uc-filter-pagination\">\n\n<\/div>\n<!-- end Post Pagination -->\t\t\t\t<\/div>\n\t\t\t\t<\/div>\n\t\t\t\t\t<\/div>\n\t\t\t\t<\/div>\n\t\t\t\t<\/div>","protected":false},"excerpt":{"rendered":"<p>Baixar Especifica\u00e7\u00f5es T\u00e9cnicas de Fitas Compostas de A\u00e7o e Alum\u00ednio-Pl\u00e1stico para Cabos \u00d3pticos Baixar Especifica\u00e7\u00f5es T\u00e9cnicas de Compostos de Enchimento para Cabos \u00d3pticos (Composto de Enchimento de Fibra, Composto de Enchimento de Cabos) Baixar Propriedades de Materiais PBT para Tubos Soltos de Cabos \u00d3pticos Baixar Alcance m\u00e1ximo limitado pelo PMD em sistemas com taxas de dados diferentes Baixar Nenhuma postagem encontrada 1 2 [\u2026]<\/p>","protected":false},"author":1,"featured_media":0,"parent":0,"menu_order":0,"comment_status":"closed","ping_status":"closed","template":"","meta":{"site-sidebar-layout":"no-sidebar","site-content-layout":"","ast-site-content-layout":"full-width-container","site-content-style":"default","site-sidebar-style":"default","ast-global-header-display":"","ast-banner-title-visibility":"","ast-main-header-display":"","ast-hfb-above-header-display":"","ast-hfb-below-header-display":"","ast-hfb-mobile-header-display":"","site-post-title":"disabled","ast-breadcrumbs-content":"","ast-featured-img":"disabled","footer-sml-layout":"","theme-transparent-header-meta":"default","adv-header-id-meta":"","stick-header-meta":"default","header-above-stick-meta":"","header-main-stick-meta":"","header-below-stick-meta":"","astra-migrate-meta-layouts":"set","ast-page-background-enabled":"default","ast-page-background-meta":{"desktop":{"background-color":"var(--ast-global-color-4)","background-image":"","background-repeat":"repeat","background-position":"center center","background-size":"auto","background-attachment":"scroll","background-type":"","background-media":"","overlay-type":"","overlay-color":"","overlay-gradient":""},"tablet":{"background-color":"","background-image":"","background-repeat":"repeat","background-position":"center center","background-size":"auto","background-attachment":"scroll","background-type":"","background-media":"","overlay-type":"","overlay-color":"","overlay-gradient":""},"mobile":{"background-color":"","background-image":"","background-repeat":"repeat","background-position":"center center","background-size":"auto","background-attachment":"scroll","background-type":"","background-media":"","overlay-type":"","overlay-color":"","overlay-gradient":""}},"ast-content-background-meta":{"desktop":{"background-color":"var(--ast-global-color-5)","background-image":"","background-repeat":"repeat","background-position":"center center","background-size":"auto","background-attachment":"scroll","background-type":"","background-media":"","overlay-type":"","overlay-color":"","overlay-gradient":""},"tablet":{"background-color":"var(--ast-global-color-5)","background-image":"","background-repeat":"repeat","background-position":"center center","background-size":"auto","background-attachment":"scroll","background-type":"","background-media":"","overlay-type":"","overlay-color":"","overlay-gradient":""},"mobile":{"background-color":"var(--ast-global-color-5)","background-image":"","background-repeat":"repeat","background-position":"center center","background-size":"auto","background-attachment":"scroll","background-type":"","background-media":"","overlay-type":"","overlay-color":"","overlay-gradient":""}},"footnotes":""},"class_list":["post-13761","page","type-page","status-publish","hentry"],"acf":[],"_links":{"self":[{"href":"https:\/\/www.omccable.com\/pt\/wp-json\/wp\/v2\/pages\/13761","targetHints":{"allow":["GET"]}}],"collection":[{"href":"https:\/\/www.omccable.com\/pt\/wp-json\/wp\/v2\/pages"}],"about":[{"href":"https:\/\/www.omccable.com\/pt\/wp-json\/wp\/v2\/types\/page"}],"author":[{"embeddable":true,"href":"https:\/\/www.omccable.com\/pt\/wp-json\/wp\/v2\/users\/1"}],"replies":[{"embeddable":true,"href":"https:\/\/www.omccable.com\/pt\/wp-json\/wp\/v2\/comments?post=13761"}],"version-history":[{"count":10,"href":"https:\/\/www.omccable.com\/pt\/wp-json\/wp\/v2\/pages\/13761\/revisions"}],"predecessor-version":[{"id":13771,"href":"https:\/\/www.omccable.com\/pt\/wp-json\/wp\/v2\/pages\/13761\/revisions\/13771"}],"wp:attachment":[{"href":"https:\/\/www.omccable.com\/pt\/wp-json\/wp\/v2\/media?parent=13761"}],"curies":[{"name":"wp","href":"https:\/\/api.w.org\/{rel}","templated":true}]}}