{"id":11842,"date":"2024-07-26T15:50:19","date_gmt":"2024-07-26T07:50:19","guid":{"rendered":"https:\/\/www.omccable.com\/?post_type=product&#038;p=11842"},"modified":"2025-07-28T10:30:59","modified_gmt":"2025-07-28T02:30:59","slug":"1-4cores-no-armored-round-duct-ftth-drop-cable","status":"publish","type":"product","link":"https:\/\/www.omccable.com\/fr\/produit\/1-4cores-no-armored-round-duct-ftth-drop-cable\/","title":{"rendered":"1-4cores No-Armored Round Duct FTTH drop cable"},"content":{"rendered":"<p>Le c\u00e2ble de d\u00e9rivation ext\u00e9rieur FTTH pour conduit, \u00e9galement appel\u00e9 c\u00e2ble \u00e0 fibre optique ou c\u00e2ble \u00e0 fibre souterrain, est g\u00e9n\u00e9ralement mis en \u0153uvre en le pla\u00e7ant \u00e0 l'int\u00e9rieur de conduits souterrains, et le<br \/>\nles conduits sont normalement enterr\u00e9s dans le sol. Pour construire le c\u00e2ble, un c\u00e2ble de d\u00e9rivation int\u00e9rieur FTTH de type arc est plac\u00e9 au milieu du c\u00e2ble. Afin de s'adapter \u00e0 l'installation de conduits souterrains, une gaine LSZH durable est ajout\u00e9e pour cr\u00e9er une section transversale de c\u00e2ble ronde et apporter une protection suppl\u00e9mentaire \u00e0 l'\u00e2me du c\u00e2ble.<\/p>\n<p><strong>\u00a0<\/strong><\/p>\n<p><strong>Fonctionnalit\u00e9 <\/strong><strong>\u00a0<\/strong><\/p>\n<ul>\n<li>Souple et flexible, bonne performance de flexion<\/li>\n<li>Le ruban imperm\u00e9able emp\u00eache la p\u00e9n\u00e9tration de l'eau dans le c\u00e2ble<\/li>\n<li>L'\u00e9l\u00e9ment de r\u00e9sistance FRP am\u00e9liore la r\u00e9sistance \u00e0 la traction, la gaine int\u00e9rieure et ext\u00e9rieure ignifuge LSZH a de bonnes performances ignifuges<\/li>\n<li>La fibre sp\u00e9ciale \u00e0 faible sensibilit\u00e9 aux courbures offre une bande passante \u00e9lev\u00e9e et d'excellentes propri\u00e9t\u00e9s de transmission de communication<\/li>\n<li>Structure simple, l\u00e9g\u00e8ret\u00e9 et grande praticabilit\u00e9<\/li>\n<li>Nouvelle conception de fl\u00fbte, d\u00e9nudage et \u00e9pissure faciles, simplifie l'installation et la maintenance<\/li>\n<\/ul>\n<p>&nbsp;<\/p>\n<p><strong>Donn\u00e9es techniques du c\u00e2ble<\/strong><strong>:<\/strong><\/p>\n<table>\n<tbody>\n<tr>\n<td width=\"128\"><strong><b>Article<\/b><\/strong><\/td>\n<td width=\"140\"><strong><b>Sommaire<\/b><\/strong><\/td>\n<td width=\"81\"><strong><b>Unit\u00e9<\/b><\/strong><\/td>\n<td width=\"349\"><strong><b>Valeur<\/b><\/strong><\/td>\n<\/tr>\n<tr>\n<td width=\"128\">Fibre optique<\/td>\n<td width=\"140\">\/<\/td>\n<td width=\"81\">\/<\/td>\n<td width=\"349\">1-4<\/td>\n<\/tr>\n<tr>\n<td rowspan=\"4\" width=\"128\">Sous-c\u00e2ble<\/td>\n<td width=\"140\">Membre de force<\/td>\n<td width=\"81\">\/<\/td>\n<td width=\"349\">0,5*2 FRP<\/td>\n<\/tr>\n<tr>\n<td width=\"140\">Couleur de la veste<\/td>\n<td width=\"81\">\/<\/td>\n<td width=\"349\">Noir<\/td>\n<\/tr>\n<tr>\n<td width=\"140\">Mat\u00e9riau de la veste<\/td>\n<td width=\"81\">\/<\/td>\n<td width=\"349\">LSZH<\/td>\n<\/tr>\n<tr>\n<td width=\"140\">Diam\u00e8tre (mm)<\/td>\n<td width=\"81\">mm<\/td>\n<td width=\"349\">2,0 \u00b1 0,1 * 3,0 \u00b1 0,1<\/td>\n<\/tr>\n<tr>\n<td rowspan=\"3\" width=\"128\">Veste ext\u00e9rieure<\/td>\n<td width=\"140\">Diam\u00e8tre<\/td>\n<td width=\"81\">mm<\/td>\n<td width=\"349\">5,0 \u00b1 0,3<\/td>\n<\/tr>\n<tr>\n<td width=\"140\">Mat\u00e9riel<\/td>\n<td width=\"81\">\/<\/td>\n<td width=\"349\">LSZH<\/td>\n<\/tr>\n<tr>\n<td width=\"140\">Couleur<\/td>\n<td width=\"81\">\/<\/td>\n<td width=\"349\">Noir<\/td>\n<\/tr>\n<tr>\n<td width=\"128\">Membre de force<\/td>\n<td width=\"140\">\/<\/td>\n<td width=\"81\">\/<\/td>\n<td width=\"349\">Fils de polyester<\/td>\n<\/tr>\n<tr>\n<td colspan=\"2\" width=\"269\">Att\u00e9nuation du c\u00e2ble<\/td>\n<td width=\"81\">dB\/km<\/td>\n<td width=\"349\">\u2266 0,40 \u00e0 1 310 nm, \u2266 0,30 \u00e0 1 550 nm<\/td>\n<\/tr>\n<tr>\n<td colspan=\"2\" width=\"269\">Poids du c\u00e2ble (environ)<\/td>\n<td width=\"81\">kg\/km<\/td>\n<td width=\"349\">24.9<\/td>\n<\/tr>\n<\/tbody>\n<\/table>\n<p><strong>\u00a0<\/strong><\/p>\n<p><strong><b>Performances M\u00e9caniques et Environnementales<\/b><\/strong><\/p>\n<table>\n<tbody>\n<tr>\n<td width=\"216\"><strong>Article<\/strong><\/td>\n<td width=\"216\"><strong>Sommaire<\/strong><\/td>\n<td width=\"275\"><strong>Valeur<\/strong><\/td>\n<\/tr>\n<tr>\n<td rowspan=\"2\" width=\"216\">Charge de traction<\/td>\n<td width=\"216\">Court terme<\/td>\n<td width=\"275\">Souche de fibre 80N\u22640,33 %<\/td>\n<\/tr>\n<tr>\n<td width=\"216\">\u00c0 long terme<\/td>\n<td width=\"275\">40N<\/td>\n<\/tr>\n<tr>\n<td rowspan=\"2\" width=\"216\">R\u00e9sistance \u00e0 l'\u00e9crasement<\/td>\n<td width=\"216\">Court terme<\/td>\n<td width=\"275\">1000<\/td>\n<\/tr>\n<tr>\n<td width=\"216\">\u00c0 long terme<\/td>\n<td width=\"275\">300<\/td>\n<\/tr>\n<tr>\n<td rowspan=\"2\" width=\"216\">Min. rayon de courbure<\/td>\n<td width=\"216\">Installation<\/td>\n<td width=\"275\">25 x diam\u00e8tre du c\u00e2ble<\/td>\n<\/tr>\n<tr>\n<td width=\"216\">Op\u00e9ration<\/td>\n<td width=\"275\">12,5 x diam\u00e8tre du c\u00e2ble<\/td>\n<\/tr>\n<tr>\n<td rowspan=\"3\" width=\"216\">Plage de temp\u00e9rature<\/td>\n<td width=\"216\">Op\u00e9ration<\/td>\n<td width=\"275\">-40 \u2103 ~ +70 \u2103<\/td>\n<\/tr>\n<tr>\n<td width=\"216\">Installation<\/td>\n<td width=\"275\">-20 \u2103 ~ +60 \u2103<\/td>\n<\/tr>\n<tr>\n<td width=\"216\">Stockage\/transport<\/td>\n<td width=\"275\">-40 \u2103 ~ +70 \u2103<\/td>\n<\/tr>\n<\/tbody>\n<\/table>\n<p><strong>\u00a0<\/strong><\/p>\n<p><strong>Demande :<\/strong><\/p>\n<p>Utilis\u00e9 dans le c\u00e2blage d'acc\u00e8s aux antennes et aux conduits<\/p>\n<p>Peut \u00eatre install\u00e9 dans un petit environnement de flexion<\/p>\n<p>Convient pour la connexion entre l'int\u00e9rieur et l'ext\u00e9rieur<\/p>\n<p>Sp\u00e9cialement utilis\u00e9 l\u00e0 o\u00f9 de bonnes performances d'isolation sont attendues<\/p>\n<p>&nbsp;<\/p>\n<p><strong>Solution id\u00e9ale pour l'utilisation de c\u00e2bles de d\u00e9rivation FTTH<\/strong><\/p>\n<p>Avec une gaine int\u00e9rieure et ext\u00e9rieure \u00e0 faible fum\u00e9e, sans halog\u00e8ne et ignifuge, ce c\u00e2ble peut \u00eatre particuli\u00e8rement utilis\u00e9 dans le c\u00e2blage d'antenne et d'acc\u00e8s aux conduits, adapt\u00e9 \u00e0 la connexion entre l'int\u00e9rieur et l'ext\u00e9rieur. Il peut \u00e9galement \u00eatre directement connect\u00e9 \u00e0 un \u00e9quipement de communication.<\/p>\n<p><img fetchpriority=\"high\" decoding=\"async\" class=\"alignnone size-full wp-image-11844\" src=\"https:\/\/www.omccable.com\/wp-content\/uploads\/2024\/07\/FTTH.png\" alt=\"\" width=\"1025\" height=\"397\" srcset=\"https:\/\/www.omccable.com\/wp-content\/uploads\/2024\/07\/FTTH.png 1025w, https:\/\/www.omccable.com\/wp-content\/uploads\/2024\/07\/FTTH-300x116.png 300w, https:\/\/www.omccable.com\/wp-content\/uploads\/2024\/07\/FTTH-800x310.png 800w, https:\/\/www.omccable.com\/wp-content\/uploads\/2024\/07\/FTTH-768x297.png 768w\" sizes=\"(max-width: 1025px) 100vw, 1025px\" \/><\/p>\n<p>&nbsp;<\/p>","protected":false},"excerpt":{"rendered":"<p>Le c\u00e2ble de d\u00e9rivation ext\u00e9rieur FTTH pour conduit, \u00e9galement appel\u00e9 c\u00e2ble \u00e0 fibre optique ou c\u00e2ble \u00e0 fibre souterrain, est g\u00e9n\u00e9ralement mis en \u0153uvre en le pla\u00e7ant \u00e0 l'int\u00e9rieur de conduits souterrains, et les conduits sont normalement enterr\u00e9s dans le sol. Pour construire le c\u00e2ble, un c\u00e2ble de d\u00e9rivation int\u00e9rieur FTTH de type arc est plac\u00e9 au milieu du c\u00e2ble. Pour [\u2026]<\/p>","protected":false},"featured_media":11848,"comment_status":"closed","ping_status":"closed","template":"","meta":{"site-sidebar-layout":"default","site-content-layout":"","ast-site-content-layout":"default","site-content-style":"default","site-sidebar-style":"default","ast-global-header-display":"","ast-banner-title-visibility":"","ast-main-header-display":"","ast-hfb-above-header-display":"","ast-hfb-below-header-display":"","ast-hfb-mobile-header-display":"","site-post-title":"","ast-breadcrumbs-content":"","ast-featured-img":"","footer-sml-layout":"","theme-transparent-header-meta":"default","adv-header-id-meta":"","stick-header-meta":"default","header-above-stick-meta":"","header-main-stick-meta":"","header-below-stick-meta":"","astra-migrate-meta-layouts":"set","ast-page-background-enabled":"default","ast-page-background-meta":{"desktop":{"background-color":"var(--ast-global-color-4)","background-image":"","background-repeat":"repeat","background-position":"center center","background-size":"auto","background-attachment":"scroll","background-type":"","background-media":"","overlay-type":"","overlay-color":"","overlay-gradient":""},"tablet":{"background-color":"","background-image":"","background-repeat":"repeat","background-position":"center center","background-size":"auto","background-attachment":"scroll","background-type":"","background-media":"","overlay-type":"","overlay-color":"","overlay-gradient":""},"mobile":{"background-color":"","background-image":"","background-repeat":"repeat","background-position":"center center","background-size":"auto","background-attachment":"scroll","background-type":"","background-media":"","overlay-type":"","overlay-color":"","overlay-gradient":""}},"ast-content-background-meta":{"desktop":{"background-color":"var(--ast-global-color-5)","background-image":"","background-repeat":"repeat","background-position":"center center","background-size":"auto","background-attachment":"scroll","background-type":"","background-media":"","overlay-type":"","overlay-color":"","overlay-gradient":""},"tablet":{"background-color":"var(--ast-global-color-5)","background-image":"","background-repeat":"repeat","background-position":"center center","background-size":"auto","background-attachment":"scroll","background-type":"","background-media":"","overlay-type":"","overlay-color":"","overlay-gradient":""},"mobile":{"background-color":"var(--ast-global-color-5)","background-image":"","background-repeat":"repeat","background-position":"center center","background-size":"auto","background-attachment":"scroll","background-type":"","background-media":"","overlay-type":"","overlay-color":"","overlay-gradient":""}}},"product_cat":[167,122],"product_tag":[],"class_list":{"0":"post-11842","1":"product","2":"type-product","3":"status-publish","4":"has-post-thumbnail","6":"product_cat-1-4cores-no-armored-round-duct-ftth-drop-cable","7":"product_cat-ftth-drop-cable","8":"desktop-align-left","9":"tablet-align-left","10":"mobile-align-left","11":"ast-product-gallery-layout-horizontal-slider","12":"ast-product-tabs-layout-horizontal","14":"first","15":"instock","16":"shipping-taxable","17":"product-type-simple"},"acf":[],"_links":{"self":[{"href":"https:\/\/www.omccable.com\/fr\/wp-json\/wp\/v2\/product\/11842","targetHints":{"allow":["GET"]}}],"collection":[{"href":"https:\/\/www.omccable.com\/fr\/wp-json\/wp\/v2\/product"}],"about":[{"href":"https:\/\/www.omccable.com\/fr\/wp-json\/wp\/v2\/types\/product"}],"replies":[{"embeddable":true,"href":"https:\/\/www.omccable.com\/fr\/wp-json\/wp\/v2\/comments?post=11842"}],"version-history":[{"count":3,"href":"https:\/\/www.omccable.com\/fr\/wp-json\/wp\/v2\/product\/11842\/revisions"}],"predecessor-version":[{"id":13288,"href":"https:\/\/www.omccable.com\/fr\/wp-json\/wp\/v2\/product\/11842\/revisions\/13288"}],"wp:featuredmedia":[{"embeddable":true,"href":"https:\/\/www.omccable.com\/fr\/wp-json\/wp\/v2\/media\/11848"}],"wp:attachment":[{"href":"https:\/\/www.omccable.com\/fr\/wp-json\/wp\/v2\/media?parent=11842"}],"wp:term":[{"taxonomy":"product_cat","embeddable":true,"href":"https:\/\/www.omccable.com\/fr\/wp-json\/wp\/v2\/product_cat?post=11842"},{"taxonomy":"product_tag","embeddable":true,"href":"https:\/\/www.omccable.com\/fr\/wp-json\/wp\/v2\/product_tag?post=11842"}],"curies":[{"name":"wp","href":"https:\/\/api.w.org\/{rel}","templated":true}]}}