{"id":11715,"date":"2024-07-24T10:48:11","date_gmt":"2024-07-24T02:48:11","guid":{"rendered":"https:\/\/www.omccable.com\/?post_type=product&#038;p=11715"},"modified":"2024-07-24T14:33:09","modified_gmt":"2024-07-24T06:33:09","slug":"hybrid-2f-om312awg-cable","status":"publish","type":"product","link":"https:\/\/www.omccable.com\/fr\/produit\/hybrid-2f-om312awg-cable\/","title":{"rendered":"C\u00e2ble hybride 2F OM3 et 12AWG"},"content":{"rendered":"<p>Le c\u00e2ble blind\u00e9 hybride \u00e0 2 fibres et 12 AWG d'OMC est un nouveau c\u00e2ble de conception qui contient 2 c\u00e2bles \u00e0 fibres sous-unitaires et 2 fils de cuivre solides. Un fil FRP, parfois gain\u00e9 de poly\u00e9thyl\u00e8ne (PE), est situ\u00e9 au centre du noyau en tant qu'\u00e9l\u00e9ment de renforcement non m\u00e9tallique. Ensuite, une armure APL est appliqu\u00e9e, la veste en mat\u00e9riaux PE est recouverte pour garantir la compacit\u00e9 et les performances longitudinales de blocage de l'eau.<\/p>\n<p>&nbsp;<\/p>\n<p><strong>D\u00e9tail des produits :<\/strong><\/p>\n<table>\n<tbody>\n<tr>\n<td colspan=\"2\" width=\"361\"><strong><b>Articles<\/b><\/strong><\/td>\n<td width=\"304\"><strong><b>Caract\u00e9ristiques<\/b><\/strong><\/td>\n<\/tr>\n<tr>\n<td colspan=\"2\" width=\"361\">Nombre de fibres<\/td>\n<td width=\"304\">2<\/td>\n<\/tr>\n<tr>\n<td rowspan=\"3\" width=\"185\">Fibre \u00e0 tampon serr\u00e9<\/td>\n<td width=\"176\">Dimensions<\/td>\n<td width=\"304\">850 \u00b1 50 \u03bcm<\/td>\n<\/tr>\n<tr>\n<td width=\"176\">Mat\u00e9riel<\/td>\n<td width=\"304\">PVC<\/td>\n<\/tr>\n<tr>\n<td width=\"176\">Couleur<\/td>\n<td width=\"304\">Blanc<\/td>\n<\/tr>\n<tr>\n<td rowspan=\"5\" width=\"185\">Sous-unit\u00e9 de c\u00e2ble<\/td>\n<td width=\"176\">Dimensions<\/td>\n<td width=\"304\">4,1 \u00b1 0,1 mm<\/td>\n<\/tr>\n<tr>\n<td width=\"176\">Mat\u00e9riel<\/td>\n<td width=\"304\">LSZH<\/td>\n<\/tr>\n<tr>\n<td width=\"176\">Couleur<\/td>\n<td width=\"304\">Aqua<\/td>\n<\/tr>\n<tr>\n<td width=\"176\">Membre de force<\/td>\n<td width=\"304\">Kevlar<\/td>\n<\/tr>\n<tr>\n<td width=\"176\">Marques d'impression<\/td>\n<td width=\"304\">\u30081\u3009\u3001\u30082\u3009<\/td>\n<\/tr>\n<tr>\n<td rowspan=\"2\" width=\"185\">Membre de la force centrale<\/td>\n<td width=\"176\">Dimensions<\/td>\n<td width=\"304\">1,8 mm<\/td>\n<\/tr>\n<tr>\n<td width=\"176\">Mat\u00e9riel<\/td>\n<td width=\"304\">PRF<\/td>\n<\/tr>\n<tr>\n<td rowspan=\"2\" width=\"185\">Unit\u00e9 \u00e9lectrique<\/td>\n<td width=\"176\">Fil de cuivre<\/td>\n<td width=\"304\">12AWG<\/td>\n<\/tr>\n<tr>\n<td width=\"176\">Dimensions<\/td>\n<td width=\"304\">4,1 mm \u00b1 0,1 mm<\/td>\n<\/tr>\n<tr>\n<td rowspan=\"3\" width=\"185\">Veste ext\u00e9rieure<\/td>\n<td width=\"176\">Dimensions<\/td>\n<td width=\"304\">14,7 \u00b1 0,4 mm<\/td>\n<\/tr>\n<tr>\n<td width=\"176\">Mat\u00e9riel<\/td>\n<td width=\"304\">PE<\/td>\n<\/tr>\n<tr>\n<td width=\"176\">Couleur<\/td>\n<td width=\"304\">Noir<\/td>\n<\/tr>\n<\/tbody>\n<\/table>\n<p>&nbsp;<\/p>\n<p><strong>Caract\u00e9ristiques m\u00e9caniques et environnementales<\/strong><\/p>\n<table>\n<tbody>\n<tr>\n<td width=\"362\"><strong><b>Articles<\/b><\/strong><\/td>\n<td width=\"128\"><strong><b>Unir<\/b><\/strong><\/td>\n<td width=\"184\"><strong><b>Caract\u00e9ristiques<\/b><\/strong><\/td>\n<\/tr>\n<tr>\n<td width=\"362\">Tension (Long terme)<\/td>\n<td width=\"128\">N<\/td>\n<td width=\"184\">300<\/td>\n<\/tr>\n<tr>\n<td width=\"362\">Tension (court terme)<\/td>\n<td width=\"128\">N<\/td>\n<td width=\"184\">600<\/td>\n<\/tr>\n<tr>\n<td width=\"362\">\u00c9crasement (Long terme)<\/td>\n<td width=\"128\">N\/10cm<\/td>\n<td width=\"184\">300<\/td>\n<\/tr>\n<tr>\n<td width=\"362\">Coup de c\u0153ur (court terme)<\/td>\n<td width=\"128\">N\/10cm<\/td>\n<td width=\"184\">1000<\/td>\n<\/tr>\n<tr>\n<td width=\"362\">Min. Rayon de courbure (dynamique)<\/td>\n<td width=\"128\">mm<\/td>\n<td width=\"184\">20D<\/td>\n<\/tr>\n<tr>\n<td width=\"362\">Min. Rayon de courbure (statique)<\/td>\n<td width=\"128\">mm<\/td>\n<td width=\"184\">10D<\/td>\n<\/tr>\n<tr>\n<td width=\"362\">Temp\u00e9rature d'installation<\/td>\n<td width=\"128\">\u2103<\/td>\n<td width=\"184\">-10\uff5e+50<\/td>\n<\/tr>\n<tr>\n<td width=\"362\">Temp\u00e9rature de fonctionnement<\/td>\n<td width=\"128\">\u2103<\/td>\n<td width=\"184\">-20\uff5e+60<\/td>\n<\/tr>\n<tr>\n<td width=\"362\">Temp\u00e9rature de stockage<\/td>\n<td width=\"128\">\u2103<\/td>\n<td width=\"184\">-20\uff5e+60<\/td>\n<\/tr>\n<\/tbody>\n<\/table>\n<p>&nbsp;<\/p>\n<p><strong><b>Param\u00e8tres techniques de la fibre optique-SM<\/b><\/strong><\/p>\n<table>\n<tbody>\n<tr>\n<td rowspan=\"2\" width=\"167\"><strong><b>Param\u00e8tre<\/b><\/strong><\/td>\n<td rowspan=\"2\" width=\"96\"><strong><b>Conditions<\/b><\/strong><\/td>\n<td rowspan=\"2\" width=\"85\"><strong><b>Unit\u00e9s<\/b><\/strong><\/td>\n<td colspan=\"4\" width=\"330\"><strong><b>Valeur<\/b><\/strong><\/td>\n<\/tr>\n<tr>\n<td width=\"85\"><strong><b>G652D<\/b><\/strong><\/td>\n<td width=\"85\"><strong><b>G657A1<\/b><\/strong><\/td>\n<td width=\"85\"><strong><b>G657A2<\/b><\/strong><\/td>\n<td width=\"75\"><strong><b>G657B3<\/b><\/strong><\/td>\n<\/tr>\n<tr>\n<td colspan=\"3\" width=\"349\"><strong><b>Sp\u00e9cification optique<\/b><\/strong><\/td>\n<td colspan=\"4\" width=\"330\"><strong><b>\u3000<\/b><\/strong><\/td>\n<\/tr>\n<tr>\n<td rowspan=\"4\" width=\"167\">Att\u00e9nuation<\/td>\n<td width=\"96\">1310 nm<\/td>\n<td width=\"85\">dB\/km<\/td>\n<td width=\"85\">\u22640,350<\/td>\n<td width=\"85\">\u22640,350<\/td>\n<td width=\"85\">\u22640,350<\/td>\n<td width=\"75\">\u22640,350<\/td>\n<\/tr>\n<tr>\n<td width=\"96\">1383 nm<\/td>\n<td width=\"85\">dB\/km<\/td>\n<td width=\"85\">\u22640,330<\/td>\n<td width=\"85\">\u22640,350<\/td>\n<td width=\"85\">\u22640,350<\/td>\n<td width=\"75\">\u22640,350<\/td>\n<\/tr>\n<tr>\n<td width=\"96\">1550 nm<\/td>\n<td width=\"85\">dB\/km<\/td>\n<td width=\"85\">\u22640,210<\/td>\n<td width=\"85\">\u22640,210<\/td>\n<td width=\"85\">\u22640,210<\/td>\n<td width=\"75\">\u22640,210<\/td>\n<\/tr>\n<tr>\n<td width=\"96\">1625 nm<\/td>\n<td width=\"85\">dB\/km<\/td>\n<td width=\"85\">\u22640,240<\/td>\n<td width=\"85\">\u22640,230<\/td>\n<td width=\"85\">\u22640,230<\/td>\n<td width=\"75\">\u22640,230<\/td>\n<\/tr>\n<tr>\n<td rowspan=\"3\" width=\"167\">Att\u00e9nuation par rapport \u00e0 la longueur d'onde<\/td>\n<td width=\"96\">1310 nm VS. 1 285-1 330 nm<\/td>\n<td width=\"85\">dB\/km<\/td>\n<td width=\"85\">\u22640,04<\/td>\n<td width=\"85\">\u22640,04<\/td>\n<td width=\"85\">\u22640,05<\/td>\n<td width=\"75\">\u22640,03<\/td>\n<\/tr>\n<tr>\n<td width=\"96\">1550 nm VS. 1525-1575 nm<\/td>\n<td width=\"85\">dB\/km<\/td>\n<td width=\"85\">\u22640,03<\/td>\n<td width=\"85\">\u22640,03<\/td>\n<td width=\"85\">\u22640,04<\/td>\n<td width=\"75\">\u22640,02<\/td>\n<\/tr>\n<tr>\n<td width=\"96\">1550 nm VS. 1 480-1 580 nm<\/td>\n<td width=\"85\">dB\/km<\/td>\n<td width=\"85\">\u22640,04<\/td>\n<td width=\"85\">\u2013<\/td>\n<td width=\"85\">\u2013<\/td>\n<td width=\"75\">\u2013<\/td>\n<\/tr>\n<tr>\n<td width=\"167\">Longueur d'onde \u00e0 dispersion nulle<\/td>\n<td rowspan=\"2\" width=\"96\">\\<\/td>\n<td width=\"85\">nm<\/td>\n<td width=\"85\">1300-1324<\/td>\n<td width=\"85\">1300-1324<\/td>\n<td width=\"85\">1300-1324<\/td>\n<td width=\"75\">1300-1324<\/td>\n<\/tr>\n<tr>\n<td width=\"167\">Pente de dispersion nulle<\/td>\n<td width=\"85\">ps\/(nm<sup>2<\/sup>\u00b7km)<\/td>\n<td width=\"85\">0.073-0.092<\/td>\n<td width=\"85\">0.073-0.092<\/td>\n<td width=\"85\">0.073-0.092<\/td>\n<td width=\"75\">\u22640,092<\/td>\n<\/tr>\n<tr>\n<td rowspan=\"2\" width=\"167\">Dispersion<\/td>\n<td width=\"96\">1550 nm<\/td>\n<td width=\"85\">ps\/(nm\u00b7km)<\/td>\n<td width=\"85\">13.3-18.6<\/td>\n<td width=\"85\">13.3-18.6<\/td>\n<td width=\"85\">13.3-18.6<\/td>\n<td width=\"75\"><\/td>\n<\/tr>\n<tr>\n<td width=\"96\">1625 nm<\/td>\n<td width=\"85\">ps\/(nm\u00b7km)<\/td>\n<td width=\"85\">17.2-23.7<\/td>\n<td width=\"85\">17.2-23.7<\/td>\n<td width=\"85\">17.2-23.7<\/td>\n<td width=\"75\"><\/td>\n<\/tr>\n<tr>\n<td colspan=\"2\" width=\"264\">Dispersion du mode de polarisation (PMD)<\/td>\n<td width=\"85\">ps\/\u221akm<\/td>\n<td width=\"85\">\u22640,2<\/td>\n<td width=\"85\">\u22640,2<\/td>\n<td width=\"85\">\u22640,2<\/td>\n<td width=\"75\">\u22640,2<\/td>\n<\/tr>\n<tr>\n<td width=\"167\">Longueur d'onde de coupure \u03bbcc<\/td>\n<td width=\"96\">\u2013<\/td>\n<td width=\"85\">nm<\/td>\n<td width=\"85\">\u22641260<\/td>\n<td width=\"85\">\u22641260<\/td>\n<td width=\"85\">\u22641260<\/td>\n<td width=\"75\">\u22641260<\/td>\n<\/tr>\n<tr>\n<td rowspan=\"2\" width=\"167\">Diam\u00e8tre du champ de mode (MFD)<\/td>\n<td width=\"96\">1310 nm<\/td>\n<td width=\"85\">\u00b5m<\/td>\n<td width=\"85\">9,2 \u00b1 0,4<\/td>\n<td width=\"85\">9,2 \u00b1 0,4<\/td>\n<td width=\"85\">8,6 \u00b1 0,4<\/td>\n<td width=\"75\">8,6 \u00b1 0,4<\/td>\n<\/tr>\n<tr>\n<td width=\"96\">1550 nm<\/td>\n<td width=\"85\">\u00b5m<\/td>\n<td width=\"85\">10,4 \u00b1 0,5<\/td>\n<td width=\"85\">10,4 \u00b1 0,5<\/td>\n<td width=\"85\">9,6 \u00b1 0,5<\/td>\n<td width=\"75\">9,6 \u00b1 0,5<\/td>\n<\/tr>\n<tr>\n<td rowspan=\"2\" width=\"167\">Discontinuit\u00e9 d'att\u00e9nuation<\/td>\n<td width=\"96\">1310 nm<\/td>\n<td width=\"85\">dB<\/td>\n<td width=\"85\">\u22640,03<\/td>\n<td width=\"85\">\u22640,03<\/td>\n<td width=\"85\">\u22640,03<\/td>\n<td width=\"75\">\u22640,03<\/td>\n<\/tr>\n<tr>\n<td width=\"96\">1550 nm<\/td>\n<td width=\"85\">dB<\/td>\n<td width=\"85\">\u22640,03<\/td>\n<td width=\"85\">\u22640,03<\/td>\n<td width=\"85\">\u22640,03<\/td>\n<td width=\"75\">\u22640,03<\/td>\n<\/tr>\n<tr>\n<td rowspan=\"2\" width=\"167\">Att\u00e9nuation bidirectionnelle<\/td>\n<td width=\"96\">1310 nm<\/td>\n<td width=\"85\">dB\/km<\/td>\n<td width=\"85\">\u22640,04<\/td>\n<td width=\"85\"><\/td>\n<td width=\"85\"><\/td>\n<td width=\"75\">\u22640,05<\/td>\n<\/tr>\n<tr>\n<td width=\"96\">1550 nm<\/td>\n<td width=\"85\">dB\/km<\/td>\n<td width=\"85\">\u22640,04<\/td>\n<td width=\"85\"><\/td>\n<td width=\"85\"><\/td>\n<td width=\"75\">\u22640,05<\/td>\n<\/tr>\n<tr>\n<td colspan=\"3\" width=\"349\"><strong><b>G\u00e9om\u00e9trique<\/b><\/strong><\/td>\n<td colspan=\"4\" width=\"330\"><\/td>\n<\/tr>\n<tr>\n<td colspan=\"2\" width=\"264\">Diam\u00e8tre du rev\u00eatement<\/td>\n<td width=\"85\">\u00b5m<\/td>\n<td width=\"85\">125 \u00b1 0,7<\/td>\n<td width=\"85\">125 \u00b1 0,7<\/td>\n<td width=\"85\">125 \u00b1 0,7<\/td>\n<td width=\"75\">125 \u00b1 0,7<\/td>\n<\/tr>\n<tr>\n<td colspan=\"2\" width=\"264\">Non-circularit\u00e9 du rev\u00eatement<\/td>\n<td width=\"85\">%<\/td>\n<td width=\"85\">\u22641,0<\/td>\n<td width=\"85\">\u22641,0<\/td>\n<td width=\"85\">\u22640,8<\/td>\n<td width=\"75\">\u22640,7<\/td>\n<\/tr>\n<tr>\n<td colspan=\"2\" width=\"264\">Erreur de concentricit\u00e9 noyau\/gaine<\/td>\n<td width=\"85\">\u00b5m<\/td>\n<td width=\"85\">\u22640,6<\/td>\n<td width=\"85\">\u22640,5<\/td>\n<td width=\"85\">\u22640,5<\/td>\n<td width=\"75\">\u22640,5<\/td>\n<\/tr>\n<tr>\n<td colspan=\"2\" rowspan=\"2\" width=\"264\">Diam\u00e8tre du rev\u00eatement (non color\u00e9)<\/td>\n<td width=\"85\">\u00b5m<\/td>\n<td colspan=\"4\" width=\"330\">242 \u00b1 7 (standard)<\/td>\n<\/tr>\n<tr>\n<td width=\"85\">\u00b5m<\/td>\n<td colspan=\"4\" width=\"330\">200 \u00b1 10 (facultatif)<\/td>\n<\/tr>\n<tr>\n<td colspan=\"2\" width=\"264\">Erreur de concentricit\u00e9 du rev\u00eatement\/rev\u00eatement<\/td>\n<td width=\"85\">\u00b5m<\/td>\n<td width=\"85\">\u226412<\/td>\n<td width=\"85\">\u226412<\/td>\n<td width=\"85\">\u226412<\/td>\n<td width=\"75\">\u226412<\/td>\n<\/tr>\n<tr>\n<td colspan=\"2\" width=\"264\">Boucler<\/td>\n<td width=\"85\">m<\/td>\n<td width=\"85\">\u22654<\/td>\n<td width=\"85\">\u22654<\/td>\n<td width=\"85\">\u22654<\/td>\n<td width=\"75\">\u22654<\/td>\n<\/tr>\n<tr>\n<td colspan=\"3\" width=\"349\"><strong><b>Environnemental (1 550 nm, 1 625 nm)<\/b><\/strong><\/td>\n<td colspan=\"4\" width=\"330\"><\/td>\n<\/tr>\n<tr>\n<td width=\"167\">Cyclisme de temp\u00e9rature<\/td>\n<td width=\"96\">-60\u2103 \u00e0 +85\u2103<\/td>\n<td width=\"85\">dB\/km<\/td>\n<td width=\"85\">\u22640,03<\/td>\n<td width=\"85\">\u22640,05<\/td>\n<td width=\"85\">\u22640,05<\/td>\n<td width=\"75\">\u22640,05<\/td>\n<\/tr>\n<tr>\n<td width=\"167\">Haute temp\u00e9rature et<\/p>\n<p>Humidit\u00e9 \u00e9lev\u00e9e<\/td>\n<td width=\"96\">85 \u2103, 85% RH, 30 jours<\/td>\n<td width=\"85\">dB\/km<\/td>\n<td width=\"85\">\u22640,03<\/td>\n<td width=\"85\">\u22640,05<\/td>\n<td width=\"85\">\u22640,05<\/td>\n<td width=\"75\">\u22640,05<\/td>\n<\/tr>\n<tr>\n<td width=\"167\">Immersion dans l'eau<\/td>\n<td width=\"96\">23\u2103, 30 jours<\/td>\n<td width=\"85\">dB\/km<\/td>\n<td width=\"85\">\u22640,03<\/td>\n<td width=\"85\">\u22640,05<\/td>\n<td width=\"85\">\u22640,05<\/td>\n<td width=\"75\">\u22640,05<\/td>\n<\/tr>\n<tr>\n<td width=\"167\">Vieillissement \u00e0 haute temp\u00e9rature<\/td>\n<td width=\"96\">85 \u2103, 30 jours<\/td>\n<td width=\"85\">dB\/km<\/td>\n<td width=\"85\">\u22640,03<\/td>\n<td width=\"85\">\u22640,05<\/td>\n<td width=\"85\">\u22640,05<\/td>\n<td width=\"75\">\u22640,05<\/td>\n<\/tr>\n<\/tbody>\n<\/table>\n<p><strong><b>\u00a0<\/b><\/strong><\/p>\n<p><strong><b>Param\u00e8tres techniques de la fibre optique-MM<\/b><\/strong><\/p>\n<table>\n<tbody>\n<tr>\n<td rowspan=\"2\" width=\"188\"><strong><b>Caract\u00e9ristiques<\/b><\/strong><\/td>\n<td rowspan=\"2\" width=\"90\"><strong><b>Conditions<\/b><\/strong><\/td>\n<td rowspan=\"2\" width=\"70\"><strong><b>unit\u00e9<\/b><\/strong><\/td>\n<td colspan=\"5\" width=\"351\"><strong><b>Valeur<\/b><\/strong><\/td>\n<\/tr>\n<tr>\n<td width=\"93\"><strong><b>OM1<\/b><\/strong><\/td>\n<td width=\"91\"><strong><b>OM2<\/b><\/strong><\/td>\n<td width=\"57\"><strong><b>OM2+<\/b><\/strong><\/td>\n<td width=\"53\"><strong><b>OM3<\/b><\/strong><\/td>\n<td width=\"54\"><strong><b>OM4<\/b><\/strong><\/td>\n<\/tr>\n<tr>\n<td colspan=\"8\" width=\"700\"><strong><b>Optique <\/b><\/strong><strong><b>Caract\u00e9ristiques<\/b><\/strong><\/td>\n<\/tr>\n<tr>\n<td rowspan=\"2\" width=\"188\">Att\u00e9nuation<\/td>\n<td width=\"90\">850 nm<\/td>\n<td width=\"70\">dB\/km<\/td>\n<td width=\"93\">\u22642,70~\u22643,00<\/td>\n<td width=\"91\">\u22642,50<\/td>\n<td width=\"57\">\u22642,50<\/td>\n<td width=\"53\">\u22642,50<\/td>\n<td width=\"54\">\u22642,50<\/td>\n<\/tr>\n<tr>\n<td width=\"90\">1300 nm<\/td>\n<td width=\"70\">dB\/km<\/td>\n<td width=\"93\">\u22640,60~\u22641,00<\/td>\n<td width=\"91\">\u22640,70<\/td>\n<td width=\"57\">\u22640,70<\/td>\n<td width=\"53\">\u22640,70<\/td>\n<td width=\"54\">\u22640,70<\/td>\n<\/tr>\n<tr>\n<td rowspan=\"2\" width=\"188\">Bande passante modale minimale<\/td>\n<td width=\"90\">850 nm<\/td>\n<td width=\"70\">MHz.km<\/td>\n<td width=\"93\">\u2265200~\u2265100<\/td>\n<td width=\"91\">\u2265500~\u2265200<\/td>\n<td width=\"57\">\u2013<\/td>\n<td width=\"53\">\u2013<\/td>\n<td width=\"54\">\u2013<\/td>\n<\/tr>\n<tr>\n<td width=\"90\">1300 nm<\/td>\n<td width=\"70\">MHz.km<\/td>\n<td width=\"93\">\u2265600~\u2265160<\/td>\n<td width=\"91\">\u22651200~\u2265400<\/td>\n<td width=\"57\">\u2013<\/td>\n<td width=\"53\">\u2013<\/td>\n<td width=\"54\">\u2013<\/td>\n<\/tr>\n<tr>\n<td rowspan=\"2\" width=\"188\">Bande passante de lancement trop remplie<\/td>\n<td width=\"90\">850 nm<\/td>\n<td width=\"70\">MHz.km<\/td>\n<td width=\"93\">\u2013<\/td>\n<td width=\"91\">\u2013<\/td>\n<td width=\"57\">\u2265700<\/td>\n<td width=\"53\">\u22651500<\/td>\n<td width=\"54\">\u22653500<\/td>\n<\/tr>\n<tr>\n<td width=\"90\">1300 nm<\/td>\n<td width=\"70\">MHz.km<\/td>\n<td width=\"93\">\u2013<\/td>\n<td width=\"91\">\u2013<\/td>\n<td width=\"57\">\u2265500<\/td>\n<td width=\"53\">\u2265500<\/td>\n<td width=\"54\">\u2265500<\/td>\n<\/tr>\n<tr>\n<td width=\"188\">Bande passante modale effective<\/td>\n<td width=\"90\">850 nm<\/td>\n<td width=\"70\">MHz.km<\/td>\n<td width=\"93\">\u2013<\/td>\n<td width=\"91\">\u2013<\/td>\n<td width=\"57\">\u2265950<\/td>\n<td width=\"53\">\u22652000<\/td>\n<td width=\"54\">\u22654700<\/td>\n<\/tr>\n<tr>\n<td width=\"188\">Ouverture num\u00e9rique<\/td>\n<td width=\"90\"><\/td>\n<td width=\"70\"><\/td>\n<td width=\"93\">0,275 \u00b1 0,015<\/td>\n<td colspan=\"4\" width=\"257\">0.18~0.215<\/td>\n<\/tr>\n<tr>\n<td width=\"188\">Longueur de liaison Ethernet 10 Gb\/s<\/td>\n<td width=\"90\"><\/td>\n<td width=\"70\">M<\/td>\n<td width=\"93\">\u2013<\/td>\n<td width=\"91\">\u2013<\/td>\n<td width=\"57\">150<\/td>\n<td width=\"53\">300<\/td>\n<td width=\"54\">550<\/td>\n<\/tr>\n<tr>\n<td colspan=\"8\" width=\"700\"><strong><b>Caract\u00e9ristiques de r\u00e9trodiffusion (1 300 nm)<\/b><\/strong><\/td>\n<\/tr>\n<tr>\n<td colspan=\"2\" width=\"279\">Irr\u00e9gularit\u00e9s sur la longueur des fibres et discontinuit\u00e9 ponctuelle<\/td>\n<td width=\"70\">dB<\/td>\n<td colspan=\"5\" width=\"351\">\u22640,1<\/td>\n<\/tr>\n<tr>\n<td colspan=\"2\" width=\"279\">Uniformit\u00e9 de l'att\u00e9nuation<\/td>\n<td width=\"70\">dB<\/td>\n<td colspan=\"5\" width=\"351\">\u22640,1<\/td>\n<\/tr>\n<tr>\n<td colspan=\"2\" width=\"279\">Pas (Moyenne de bidirectionnel (mesure)<\/td>\n<td width=\"70\">dB\/km<\/td>\n<td colspan=\"5\" width=\"351\">\u22640,1<\/td>\n<\/tr>\n<tr>\n<td colspan=\"8\" width=\"700\"><strong><b>G\u00e9om\u00e9trie <\/b><\/strong><strong><b>Caract\u00e9ristiques<\/b><\/strong><\/td>\n<\/tr>\n<tr>\n<td colspan=\"2\" width=\"279\">Diam\u00e8tre du noyau<\/td>\n<td width=\"70\">\u00b5m<\/td>\n<td width=\"93\">62,5\u00b12,5<\/td>\n<td colspan=\"4\" width=\"257\">50\u00b12,5<\/td>\n<\/tr>\n<tr>\n<td colspan=\"2\" width=\"279\">Non-circularit\u00e9 du noyau<\/td>\n<td width=\"70\">%<\/td>\n<td colspan=\"5\" width=\"351\">\u22645,0<\/td>\n<\/tr>\n<tr>\n<td colspan=\"2\" width=\"279\">Diam\u00e8tre du rev\u00eatement<\/td>\n<td width=\"70\">\u00b5m<\/td>\n<td colspan=\"5\" width=\"351\">124,3 \u00b1 0,7<\/td>\n<\/tr>\n<tr>\n<td colspan=\"2\" width=\"279\">Non-circularit\u00e9 du rev\u00eatement<\/td>\n<td width=\"70\">%<\/td>\n<td colspan=\"5\" width=\"351\">\u22642,0<\/td>\n<\/tr>\n<tr>\n<td colspan=\"2\" width=\"279\">Erreur de concentricit\u00e9 noyau\/gaine<\/td>\n<td width=\"70\">\u00b5m<\/td>\n<td colspan=\"5\" width=\"351\">\u22641,5<\/td>\n<\/tr>\n<tr>\n<td colspan=\"2\" width=\"279\">Diam\u00e8tre du rev\u00eatement<\/td>\n<td width=\"70\">\u00b5m<\/td>\n<td colspan=\"5\" width=\"351\">245 \u00b1 10<\/td>\n<\/tr>\n<tr>\n<td colspan=\"2\" width=\"279\">Erreur de concentricit\u00e9 du rev\u00eatement\/du rev\u00eatement<\/td>\n<td width=\"70\">\u00b5m<\/td>\n<td colspan=\"5\" width=\"351\">\u226412,0<\/td>\n<\/tr>\n<tr>\n<td colspan=\"2\" width=\"279\">Dur\u00e9e de livraison<\/td>\n<td width=\"70\">km\/bobine<\/td>\n<td colspan=\"5\" width=\"351\">\uff5e16,8<\/td>\n<\/tr>\n<tr>\n<td colspan=\"8\" width=\"700\"><strong><b>Caract\u00e9ristiques environnementales (850 nm et 1 300 nm)<\/b><\/strong><\/td>\n<\/tr>\n<tr>\n<td width=\"188\">Att\u00e9nuation induite par la d\u00e9pendance \u00e0 la temp\u00e9rature<\/td>\n<td width=\"90\">-60 \u2103 ~ + 85 \u2103<\/td>\n<td width=\"70\">dB\/km<\/td>\n<td colspan=\"5\" width=\"351\">\u22640,10<\/td>\n<\/tr>\n<tr>\n<td width=\"188\">Temp\u00e9rature-humidit\u00e9             att\u00e9nuation d\u00e9duite du cycle<\/td>\n<td width=\"90\">-10 \u2103 ~ + 85 \u2103, 98%RH<\/td>\n<td width=\"70\">dB\/km<\/td>\n<td colspan=\"5\" width=\"351\">\u22640,10<\/td>\n<\/tr>\n<tr>\n<td width=\"188\">D\u00e9pendance au trempage dans l'eau   att\u00e9nuation induite<\/td>\n<td width=\"90\">23 \u2103 \u00b1 2 \u2103, 30 jours<\/td>\n<td width=\"70\">dB\/km<\/td>\n<td colspan=\"5\" width=\"351\">\u22640,10<\/td>\n<\/tr>\n<tr>\n<td width=\"188\">D\u00e9pendance \u00e0 la chaleur humide   att\u00e9nuation induite<\/td>\n<td width=\"90\">85 \u2103 \u00b1 2 \u2103 et 85%RH, 30 jours<\/td>\n<td width=\"70\">dB\/km<\/td>\n<td colspan=\"5\" width=\"351\">\u22640,10<\/td>\n<\/tr>\n<tr>\n<td width=\"188\">Vieillissement \u00e0 la chaleur s\u00e8che<\/td>\n<td width=\"90\">85 \u2103 \u00b1 2 \u2103<\/td>\n<td width=\"70\">dB\/km<\/td>\n<td colspan=\"5\" width=\"351\">\u22640,10<\/td>\n<\/tr>\n<\/tbody>\n<\/table>","protected":false},"excerpt":{"rendered":"<p>Le c\u00e2ble blind\u00e9 hybride \u00e0 2 fibres et 12 AWG d'OMC est un nouveau c\u00e2ble de conception qui contient 2 c\u00e2bles \u00e0 fibres sous-unitaires et 2 fils de cuivre solides. Un fil FRP, parfois gain\u00e9 de poly\u00e9thyl\u00e8ne (PE), est situ\u00e9 au centre du noyau en tant qu'\u00e9l\u00e9ment de renforcement non m\u00e9tallique. Ensuite, l'armure APL est appliqu\u00e9e, la veste en mat\u00e9riaux PE recouverte pour garantir [\u2026]<\/p>","protected":false},"featured_media":11725,"comment_status":"closed","ping_status":"closed","template":"","meta":{"site-sidebar-layout":"default","site-content-layout":"","ast-site-content-layout":"default","site-content-style":"default","site-sidebar-style":"default","ast-global-header-display":"","ast-banner-title-visibility":"","ast-main-header-display":"","ast-hfb-above-header-display":"","ast-hfb-below-header-display":"","ast-hfb-mobile-header-display":"","site-post-title":"","ast-breadcrumbs-content":"","ast-featured-img":"","footer-sml-layout":"","theme-transparent-header-meta":"default","adv-header-id-meta":"","stick-header-meta":"default","header-above-stick-meta":"","header-main-stick-meta":"","header-below-stick-meta":"","astra-migrate-meta-layouts":"set","ast-page-background-enabled":"default","ast-page-background-meta":{"desktop":{"background-color":"var(--ast-global-color-4)","background-image":"","background-repeat":"repeat","background-position":"center center","background-size":"auto","background-attachment":"scroll","background-type":"","background-media":"","overlay-type":"","overlay-color":"","overlay-gradient":""},"tablet":{"background-color":"","background-image":"","background-repeat":"repeat","background-position":"center center","background-size":"auto","background-attachment":"scroll","background-type":"","background-media":"","overlay-type":"","overlay-color":"","overlay-gradient":""},"mobile":{"background-color":"","background-image":"","background-repeat":"repeat","background-position":"center center","background-size":"auto","background-attachment":"scroll","background-type":"","background-media":"","overlay-type":"","overlay-color":"","overlay-gradient":""}},"ast-content-background-meta":{"desktop":{"background-color":"var(--ast-global-color-5)","background-image":"","background-repeat":"repeat","background-position":"center center","background-size":"auto","background-attachment":"scroll","background-type":"","background-media":"","overlay-type":"","overlay-color":"","overlay-gradient":""},"tablet":{"background-color":"var(--ast-global-color-5)","background-image":"","background-repeat":"repeat","background-position":"center center","background-size":"auto","background-attachment":"scroll","background-type":"","background-media":"","overlay-type":"","overlay-color":"","overlay-gradient":""},"mobile":{"background-color":"var(--ast-global-color-5)","background-image":"","background-repeat":"repeat","background-position":"center center","background-size":"auto","background-attachment":"scroll","background-type":"","background-media":"","overlay-type":"","overlay-color":"","overlay-gradient":""}}},"product_cat":[160,159,130],"product_tag":[],"class_list":{"0":"post-11715","1":"product","2":"type-product","3":"status-publish","4":"has-post-thumbnail","6":"product_cat-fiber-electronic-cable","7":"product_cat-fibercopper-cable","8":"product_cat-hybrid-cable","9":"desktop-align-left","10":"tablet-align-left","11":"mobile-align-left","12":"ast-product-gallery-layout-horizontal-slider","13":"ast-product-tabs-layout-horizontal","15":"first","16":"instock","17":"shipping-taxable","18":"product-type-simple"},"acf":[],"_links":{"self":[{"href":"https:\/\/www.omccable.com\/fr\/wp-json\/wp\/v2\/product\/11715","targetHints":{"allow":["GET"]}}],"collection":[{"href":"https:\/\/www.omccable.com\/fr\/wp-json\/wp\/v2\/product"}],"about":[{"href":"https:\/\/www.omccable.com\/fr\/wp-json\/wp\/v2\/types\/product"}],"replies":[{"embeddable":true,"href":"https:\/\/www.omccable.com\/fr\/wp-json\/wp\/v2\/comments?post=11715"}],"version-history":[{"count":2,"href":"https:\/\/www.omccable.com\/fr\/wp-json\/wp\/v2\/product\/11715\/revisions"}],"predecessor-version":[{"id":11726,"href":"https:\/\/www.omccable.com\/fr\/wp-json\/wp\/v2\/product\/11715\/revisions\/11726"}],"wp:featuredmedia":[{"embeddable":true,"href":"https:\/\/www.omccable.com\/fr\/wp-json\/wp\/v2\/media\/11725"}],"wp:attachment":[{"href":"https:\/\/www.omccable.com\/fr\/wp-json\/wp\/v2\/media?parent=11715"}],"wp:term":[{"taxonomy":"product_cat","embeddable":true,"href":"https:\/\/www.omccable.com\/fr\/wp-json\/wp\/v2\/product_cat?post=11715"},{"taxonomy":"product_tag","embeddable":true,"href":"https:\/\/www.omccable.com\/fr\/wp-json\/wp\/v2\/product_tag?post=11715"}],"curies":[{"name":"wp","href":"https:\/\/api.w.org\/{rel}","templated":true}]}}