{"id":11693,"date":"2024-07-22T16:57:34","date_gmt":"2024-07-22T08:57:34","guid":{"rendered":"https:\/\/www.omccable.com\/?post_type=product&#038;p=11693"},"modified":"2024-07-22T16:57:34","modified_gmt":"2024-07-22T08:57:34","slug":"4-12f-flat-ribbon-fiber-cable","status":"publish","type":"product","link":"https:\/\/www.omccable.com\/fr\/produit\/4-12f-flat-ribbon-fiber-cable\/","title":{"rendered":"C\u00e2ble \u00e0 fibre plat 4-12F"},"content":{"rendered":"<p>Le <strong><b>C\u00e2ble ruban \u00e0 fibres plates (4-12 fibres)<\/b><\/strong>\u00a0se compose de fibres nues de ruban plat 8\/12F, puis de fil d'aramide recouvrant ces fibres nues \u00e0 code couleur et d'une gaine ext\u00e9rieure LSZH ou PE ou PVC ou TPU recouvrant tous les \u00e9l\u00e9ments pour former ce c\u00e2ble.<\/p>\n<p>&nbsp;<\/p>\n<p>Les c\u00e2bles plats sont con\u00e7us pour les dorsales horizontales intra-b\u00e2timents o\u00f9 existent des exigences limit\u00e9es en mati\u00e8re de fum\u00e9e et de z\u00e9ro halog\u00e8ne, particuli\u00e8rement utilis\u00e9s dans les salles d'\u00e9quipement de communication optique et les r\u00e9partiteurs optiques, les appareils et \u00e9quipements optiques.<\/p>\n<p>&nbsp;<\/p>\n<p><strong><b>Caract\u00e9ristiques<\/b><\/strong><strong><b>\uff1a<\/b><\/strong><\/p>\n<p>Construction non m\u00e9tallique<\/p>\n<p>Petit diam\u00e8tre ext\u00e9rieur, l\u00e9ger, facile \u00e0 d\u00e9nuder, faible att\u00e9nuation, physiquement doux<\/p>\n<p>R\u00e9sistance \u00e0 la traction et stabilit\u00e9 de la transmission du signal \u00e0 long terme am\u00e9lior\u00e9es par un composant en fil d'aramide<\/p>\n<p>Pratique pour l'installation, l'exploitation et la maintenance<\/p>\n<p>&nbsp;<\/p>\n<p><strong>Couleur de la gaine<\/strong><\/p>\n<table>\n<tbody>\n<tr>\n<td width=\"92\"><strong><b>Mode fibre<\/b><\/strong><\/td>\n<td width=\"107\">SM<\/td>\n<td width=\"98\">SM<\/td>\n<td width=\"99\">SM<\/td>\n<td width=\"89\">SM<\/td>\n<td width=\"108\">OM2<\/td>\n<td width=\"79\">OM3<\/td>\n<\/tr>\n<tr>\n<td width=\"92\"><strong><b>Couleur<\/b><\/strong><\/td>\n<td width=\"107\">Jaune<\/td>\n<td width=\"98\">Bleu<\/td>\n<td width=\"99\">Blanc<\/td>\n<td width=\"89\">Ivoire<\/td>\n<td width=\"108\">Orange<\/td>\n<td width=\"79\">Aqua<\/td>\n<\/tr>\n<tr>\n<td width=\"92\"><strong><b>Mode fibre<\/b><\/strong><\/td>\n<td width=\"107\">OM4<\/td>\n<td width=\"98\">OM4<\/td>\n<td width=\"99\">OM4<\/td>\n<td width=\"89\">OM4<\/td>\n<td width=\"108\">OM5<\/td>\n<td width=\"79\">OM1<\/td>\n<\/tr>\n<tr>\n<td width=\"92\"><strong><b>Couleur<\/b><\/strong><\/td>\n<td width=\"107\">Magenta<\/td>\n<td width=\"98\">Violet<\/td>\n<td width=\"99\">Aqua<\/td>\n<td width=\"89\">Violette<\/td>\n<td width=\"108\">Vert Citron<\/td>\n<td width=\"79\">Orange<\/td>\n<\/tr>\n<\/tbody>\n<\/table>\n<p>&nbsp;<\/p>\n<p><strong>Performances ignifuges<\/strong><\/p>\n<table>\n<tbody>\n<tr>\n<td width=\"103\"><strong><b>C\u00e2ble<\/b><\/strong><strong><b>\u00a0mat\u00e9riel<\/b><\/strong><\/td>\n<td width=\"572\"><strong><b>Norme<\/b><\/strong><\/td>\n<\/tr>\n<tr>\n<td width=\"103\">LSZH<\/td>\n<td width=\"572\">CPR : Bca, Cca, Dca, Eca ou IEC60332-1, IEC 60332-3 selon la demande du client<\/td>\n<\/tr>\n<tr>\n<td width=\"103\">PVC<\/td>\n<td width=\"572\">UL-94V0<\/td>\n<\/tr>\n<\/tbody>\n<\/table>\n<p><strong>\u00a0<\/strong><\/p>\n<p><strong>D\u00e9tail des produits :<\/strong><\/p>\n<table>\n<tbody>\n<tr>\n<td colspan=\"2\" width=\"283\"><strong><b>Type de fibre<\/b><\/strong><\/td>\n<td colspan=\"4\" width=\"387\">G652D,G657A1,G657A2,G657B3,OM1,OM2,OM3,OM4,OM5<\/td>\n<\/tr>\n<tr>\n<td colspan=\"2\" width=\"283\"><strong><b>Nombre de fibres<\/b><\/strong><\/td>\n<td width=\"85\">4<\/td>\n<td width=\"85\">6<\/td>\n<td width=\"94\">8<\/td>\n<td width=\"122\">12<\/td>\n<\/tr>\n<tr>\n<td colspan=\"2\" width=\"283\"><strong><b>Diam\u00e8tre ext\u00e9rieur (D*H(mm)\u00b10,3 mm)<\/b><\/strong><\/td>\n<td width=\"85\">3.5*2.5<\/td>\n<td width=\"85\">3.8*2.5<\/td>\n<td width=\"94\">4.5*2.5<\/td>\n<td width=\"122\">5.0*2.5<\/td>\n<\/tr>\n<tr>\n<td width=\"151\"><strong><b>S<\/b><\/strong><strong><b>membre de force<\/b><\/strong><\/td>\n<td width=\"132\"><strong><b>Mat\u00e9riel<\/b><\/strong><\/td>\n<td colspan=\"4\" width=\"387\">Fil d'aramide<\/td>\n<\/tr>\n<tr>\n<td width=\"151\"><strong><b>O<\/b><\/strong><strong><b>gaine ut<\/b><\/strong><\/td>\n<td width=\"132\"><strong><b>Mat\u00e9riel<\/b><\/strong><\/td>\n<td colspan=\"4\" width=\"387\">\u00a0LSZH,PVC\u2026\u2026\u2026<\/td>\n<\/tr>\n<\/tbody>\n<\/table>\n<p>&nbsp;<\/p>\n<p><strong><b>Performances M\u00e9caniques et Environnementales<\/b><\/strong><\/p>\n<table>\n<tbody>\n<tr>\n<td width=\"221\"><strong>Article<\/strong><\/td>\n<td width=\"206\"><strong>Sommaire<\/strong><\/td>\n<td width=\"245\"><strong>Valeur<\/strong><\/td>\n<\/tr>\n<tr>\n<td rowspan=\"2\" width=\"221\">Max. charge de traction<\/td>\n<td width=\"206\">Court terme<\/td>\n<td width=\"245\">150N<\/td>\n<\/tr>\n<tr>\n<td width=\"206\">\u00c0 long terme<\/td>\n<td width=\"245\">80N<\/td>\n<\/tr>\n<tr>\n<td rowspan=\"2\" width=\"221\">Max. r\u00e9sistance \u00e0 l'\u00e9crasement<\/td>\n<td width=\"206\">Court terme<\/td>\n<td width=\"245\">500N\/100mm<\/td>\n<\/tr>\n<tr>\n<td width=\"206\">\u00c0 long terme<\/td>\n<td width=\"245\">100N\/100mm<\/td>\n<\/tr>\n<tr>\n<td rowspan=\"2\" width=\"221\">Min. rayon de courbure<\/td>\n<td width=\"206\">Installation<\/td>\n<td width=\"245\">40 x diam\u00e8tre du c\u00e2ble<\/td>\n<\/tr>\n<tr>\n<td width=\"206\">Op\u00e9ration<\/td>\n<td width=\"245\">20 x diam\u00e8tre du c\u00e2ble<\/td>\n<\/tr>\n<tr>\n<td rowspan=\"3\" width=\"221\">Plage de temp\u00e9rature<\/td>\n<td width=\"206\">Op\u00e9ration<\/td>\n<td width=\"245\">-20 \u2103 ~ +70 \u2103<\/td>\n<\/tr>\n<tr>\n<td width=\"206\">Installation<\/td>\n<td width=\"245\">-20 \u2103 ~ +60 \u2103<\/td>\n<\/tr>\n<tr>\n<td width=\"206\">Stockage\/transport<\/td>\n<td width=\"245\">-20 \u2103 ~ +70 \u2103<\/td>\n<\/tr>\n<\/tbody>\n<\/table>\n<p>&nbsp;<\/p>\n<p><strong><b>Param\u00e8tres techniques de la fibre optique-SM<\/b><\/strong><\/p>\n<table>\n<tbody>\n<tr>\n<td rowspan=\"2\" width=\"152\"><strong><b>Param\u00e8tre<\/b><\/strong><\/td>\n<td rowspan=\"2\" width=\"110\"><strong><b>Conditions<\/b><\/strong><\/td>\n<td rowspan=\"2\" width=\"99\"><strong><b>Unit\u00e9s<\/b><\/strong><\/td>\n<td colspan=\"4\" width=\"315\"><strong><b>Valeur<\/b><\/strong><\/td>\n<\/tr>\n<tr>\n<td width=\"79\"><strong><b>G652D<\/b><\/strong><\/td>\n<td width=\"79\"><strong><b>G657A1<\/b><\/strong><\/td>\n<td width=\"79\"><strong><b>G657A2<\/b><\/strong><\/td>\n<td width=\"77\"><strong><b>G657B3<\/b><\/strong><\/td>\n<\/tr>\n<tr>\n<td colspan=\"3\" width=\"361\"><strong><b>Sp\u00e9cification optique<\/b><\/strong><\/td>\n<td colspan=\"4\" width=\"315\">&nbsp;<\/td>\n<\/tr>\n<tr>\n<td rowspan=\"6\" width=\"152\">Att\u00e9nuation<\/td>\n<td width=\"110\">850 nm<\/td>\n<td width=\"99\">dB\/km<\/td>\n<td width=\"79\">\u2013<\/td>\n<td width=\"79\">\u2013<\/td>\n<td width=\"79\">\u2013<\/td>\n<td width=\"77\">\u2013<\/td>\n<\/tr>\n<tr>\n<td width=\"110\">1300 nm<\/td>\n<td width=\"99\">dB\/km<\/td>\n<td width=\"79\">\u2013<\/td>\n<td width=\"79\">\u2013<\/td>\n<td width=\"79\">\u2013<\/td>\n<td width=\"77\">\u2013<\/td>\n<\/tr>\n<tr>\n<td width=\"110\">1310 nm<\/td>\n<td width=\"99\">dB\/km<\/td>\n<td width=\"79\">\u22640,350<\/td>\n<td width=\"79\">\u22640,350<\/td>\n<td width=\"79\">\u22640,350<\/td>\n<td width=\"77\">\u22640,350<\/td>\n<\/tr>\n<tr>\n<td width=\"110\">1383 nm<\/td>\n<td width=\"99\">dB\/km<\/td>\n<td width=\"79\">\u22640,330<\/td>\n<td width=\"79\">\u22640,350<\/td>\n<td width=\"79\">\u22640,350<\/td>\n<td width=\"77\">\u22640,350<\/td>\n<\/tr>\n<tr>\n<td width=\"110\">1550 nm<\/td>\n<td width=\"99\">dB\/km<\/td>\n<td width=\"79\">\u22640,210<\/td>\n<td width=\"79\">\u22640,210<\/td>\n<td width=\"79\">\u22640,210<\/td>\n<td width=\"77\">\u22640,210<\/td>\n<\/tr>\n<tr>\n<td width=\"110\">1625 nm<\/td>\n<td width=\"99\">dB\/km<\/td>\n<td width=\"79\">\u22640,240<\/td>\n<td width=\"79\">\u22640,230<\/td>\n<td width=\"79\">\u22640,230<\/td>\n<td width=\"77\">\u22640,230<\/td>\n<\/tr>\n<tr>\n<td rowspan=\"3\" width=\"152\">Att\u00e9nuation par rapport \u00e0 la longueur d'onde<\/td>\n<td width=\"110\">1310 nm VS. 1 285-1 330 nm<\/td>\n<td width=\"99\">dB\/km<\/td>\n<td width=\"79\">\u22640,04<\/td>\n<td width=\"79\">\u22640,04<\/td>\n<td width=\"79\">\u22640,05<\/td>\n<td width=\"77\">\u22640,03<\/td>\n<\/tr>\n<tr>\n<td width=\"110\">1550 nm VS. 1525-1575 nm<\/td>\n<td width=\"99\">dB\/km<\/td>\n<td width=\"79\">\u22640,03<\/td>\n<td width=\"79\">\u22640,03<\/td>\n<td width=\"79\">\u22640,04<\/td>\n<td width=\"77\">\u22640,02<\/td>\n<\/tr>\n<tr>\n<td width=\"110\">1550 nm VS. 1 480-1 580 nm<\/td>\n<td width=\"99\">dB\/km<\/td>\n<td width=\"79\">\u22640,04<\/td>\n<td width=\"79\">\u2013<\/td>\n<td width=\"79\">\u2013<\/td>\n<td width=\"77\">\u2013<\/td>\n<\/tr>\n<tr>\n<td width=\"152\">Longueur d'onde \u00e0 dispersion nulle<\/td>\n<td rowspan=\"2\" width=\"110\">\\<\/td>\n<td width=\"99\">nm<\/td>\n<td width=\"79\">1300-1324<\/td>\n<td width=\"79\">1300-1324<\/td>\n<td width=\"79\">1300-1324<\/td>\n<td width=\"77\">1300-1324<\/td>\n<\/tr>\n<tr>\n<td width=\"152\">Pente de dispersion nulle<\/td>\n<td width=\"99\">ps\/(nm<sup>2<\/sup>\u00b7km)<\/td>\n<td width=\"79\">0.073-0.092<\/td>\n<td width=\"79\">0.073-0.092<\/td>\n<td width=\"79\">0.073-0.092<\/td>\n<td width=\"77\">\u22640,092<\/td>\n<\/tr>\n<tr>\n<td rowspan=\"2\" width=\"152\">Dispersion<\/td>\n<td width=\"110\">1550 nm<\/td>\n<td width=\"99\">ps\/(nm\u00b7km)<\/td>\n<td width=\"79\">13.3-18.6<\/td>\n<td width=\"79\">13.3-18.6<\/td>\n<td width=\"79\">13.3-18.6<\/td>\n<td width=\"77\">&nbsp;<\/td>\n<\/tr>\n<tr>\n<td width=\"110\">1625 nm<\/td>\n<td width=\"99\">ps\/(nm\u00b7km)<\/td>\n<td width=\"79\">17.2-23.7<\/td>\n<td width=\"79\">17.2-23.7<\/td>\n<td width=\"79\">17.2-23.7<\/td>\n<td width=\"77\">&nbsp;<\/td>\n<\/tr>\n<tr>\n<td colspan=\"2\" width=\"262\">Dispersion du mode de polarisation (PMD)<\/td>\n<td width=\"99\">ps\/\u221akm<\/td>\n<td width=\"79\">\u22640,2<\/td>\n<td width=\"79\">\u22640,2<\/td>\n<td width=\"79\">\u22640,2<\/td>\n<td width=\"77\">\u22640,2<\/td>\n<\/tr>\n<tr>\n<td width=\"152\">Longueur d'onde de coupure \u03bbcc<\/td>\n<td width=\"110\">\u2013<\/td>\n<td width=\"99\">nm<\/td>\n<td width=\"79\">\u22641260<\/td>\n<td width=\"79\">\u22641260<\/td>\n<td width=\"79\">\u22641260<\/td>\n<td width=\"77\">\u22641260<\/td>\n<\/tr>\n<tr>\n<td rowspan=\"2\" width=\"152\">Diam\u00e8tre du champ de mode (MFD)<\/td>\n<td width=\"110\">1310 nm<\/td>\n<td width=\"99\">\u00b5m<\/td>\n<td width=\"79\">9,2 \u00b1 0,4<\/td>\n<td width=\"79\">9,2 \u00b1 0,4<\/td>\n<td width=\"79\">8,6 \u00b1 0,4<\/td>\n<td width=\"77\">8,6 \u00b1 0,4<\/td>\n<\/tr>\n<tr>\n<td width=\"110\">1550 nm<\/td>\n<td width=\"99\">\u00b5m<\/td>\n<td width=\"79\">10,4 \u00b1 0,5<\/td>\n<td width=\"79\">10,4 \u00b1 0,5<\/td>\n<td width=\"79\">9,6 \u00b1 0,5<\/td>\n<td width=\"77\">9,6 \u00b1 0,5<\/td>\n<\/tr>\n<tr>\n<td rowspan=\"2\" width=\"152\">Discontinuit\u00e9 d'att\u00e9nuation<\/td>\n<td width=\"110\">1310 nm<\/td>\n<td width=\"99\">dB<\/td>\n<td width=\"79\">\u22640,0<\/td>\n<td width=\"79\">\u22640,0<\/td>\n<td width=\"79\">\u22640,0<\/td>\n<td width=\"77\">\u22640,0<\/td>\n<\/tr>\n<tr>\n<td width=\"110\">1550 nm<\/td>\n<td width=\"99\">dB<\/td>\n<td width=\"79\">\u22640,0<\/td>\n<td width=\"79\">\u22640,0<\/td>\n<td width=\"79\">\u22640,0<\/td>\n<td width=\"77\">\u22640,0<\/td>\n<\/tr>\n<tr>\n<td rowspan=\"2\" width=\"152\">Att\u00e9nuation bidirectionnelle<\/td>\n<td width=\"110\">1310 nm<\/td>\n<td width=\"99\">dB\/km<\/td>\n<td width=\"79\">\u22640,04<\/td>\n<td width=\"79\">&nbsp;<\/td>\n<td width=\"79\">&nbsp;<\/td>\n<td width=\"77\">\u22640,05<\/td>\n<\/tr>\n<tr>\n<td width=\"110\">1550 nm<\/td>\n<td width=\"99\">dB\/km<\/td>\n<td width=\"79\">\u22640,04<\/td>\n<td width=\"79\">&nbsp;<\/td>\n<td width=\"79\">&nbsp;<\/td>\n<td width=\"77\">\u22640,05<\/td>\n<\/tr>\n<tr>\n<td colspan=\"3\" width=\"361\"><strong><b>G\u00e9om\u00e9trique<\/b><\/strong><\/td>\n<td colspan=\"4\" width=\"315\">&nbsp;<\/td>\n<\/tr>\n<tr>\n<td colspan=\"2\" width=\"262\">Diam\u00e8tre du rev\u00eatement<\/td>\n<td width=\"99\">\u00b5m<\/td>\n<td width=\"79\">125 \u00b1 0,7<\/td>\n<td width=\"79\">125 \u00b1 0,7<\/td>\n<td width=\"79\">125 \u00b1 0,7<\/td>\n<td width=\"77\">125 \u00b1 0,7<\/td>\n<\/tr>\n<tr>\n<td colspan=\"2\" width=\"262\">Non-circularit\u00e9 du rev\u00eatement<\/td>\n<td width=\"99\">%<\/td>\n<td width=\"79\">\u22641,0<\/td>\n<td width=\"79\">\u22641,0<\/td>\n<td width=\"79\">\u22640,8<\/td>\n<td width=\"77\">\u22640,7<\/td>\n<\/tr>\n<tr>\n<td colspan=\"2\" width=\"262\">Erreur de concentricit\u00e9 noyau\/gaine<\/td>\n<td width=\"99\">\u00b5m<\/td>\n<td width=\"79\">\u22640,6<\/td>\n<td width=\"79\">\u22640,5<\/td>\n<td width=\"79\">\u22640,5<\/td>\n<td width=\"77\">\u22640,5<\/td>\n<\/tr>\n<tr>\n<td colspan=\"2\" rowspan=\"2\" width=\"262\">Diam\u00e8tre du rev\u00eatement (non color\u00e9)<\/td>\n<td width=\"99\">\u00b5m<\/td>\n<td colspan=\"4\" width=\"315\">242 \u00b1 7 (standard)<\/td>\n<\/tr>\n<tr>\n<td width=\"99\">\u00b5m<\/td>\n<td colspan=\"4\" width=\"315\">200 \u00b1 10 (facultatif)<\/td>\n<\/tr>\n<tr>\n<td colspan=\"2\" width=\"262\">Erreur de concentricit\u00e9 du rev\u00eatement\/rev\u00eatement<\/td>\n<td width=\"99\">\u00b5m<\/td>\n<td width=\"79\">\u226412<\/td>\n<td width=\"79\">\u226412<\/td>\n<td width=\"79\">\u226412<\/td>\n<td width=\"77\">\u226412<\/td>\n<\/tr>\n<tr>\n<td colspan=\"2\" width=\"262\">Boucler<\/td>\n<td width=\"99\">m<\/td>\n<td width=\"79\">\u22654<\/td>\n<td width=\"79\">\u22654<\/td>\n<td width=\"79\">\u22654<\/td>\n<td width=\"77\">\u22654<\/td>\n<\/tr>\n<tr>\n<td colspan=\"3\" width=\"361\"><strong><b>Environnemental (1 550 nm, 1 625 nm)<\/b><\/strong><\/td>\n<td colspan=\"4\" width=\"315\">&nbsp;<\/td>\n<\/tr>\n<tr>\n<td width=\"152\">Cyclisme de temp\u00e9rature<\/td>\n<td width=\"110\">-60\u2103 \u00e0 +85\u2103<\/td>\n<td width=\"99\">dB\/km<\/td>\n<td width=\"79\">\u22640,03<\/td>\n<td width=\"79\">\u22640,05<\/td>\n<td width=\"79\">\u22640,05<\/td>\n<td width=\"77\">\u22640,05<\/td>\n<\/tr>\n<tr>\n<td width=\"152\">Haute temp\u00e9rature et<\/p>\n<p>Humidit\u00e9 \u00e9lev\u00e9e<\/td>\n<td width=\"110\">85 \u2103, 85% RH, 30 jours<\/td>\n<td width=\"99\">dB\/km<\/td>\n<td width=\"79\">\u22640,03<\/td>\n<td width=\"79\">\u22640,05<\/td>\n<td width=\"79\">\u22640,05<\/td>\n<td width=\"77\">\u22640,05<\/td>\n<\/tr>\n<tr>\n<td width=\"152\">Immersion dans l'eau<\/td>\n<td width=\"110\">23\u2103, 30 jours<\/td>\n<td width=\"99\">dB\/km<\/td>\n<td width=\"79\">\u22640,03<\/td>\n<td width=\"79\">\u22640,05<\/td>\n<td width=\"79\">\u22640,05<\/td>\n<td width=\"77\">\u22640,05<\/td>\n<\/tr>\n<tr>\n<td width=\"152\">Vieillissement \u00e0 haute temp\u00e9rature<\/td>\n<td width=\"110\">85 \u2103, 30 jours<\/td>\n<td width=\"99\">dB\/km<\/td>\n<td width=\"79\">\u22640,03<\/td>\n<td width=\"79\">\u22640,05<\/td>\n<td width=\"79\">\u22640,05<\/td>\n<td width=\"77\">\u22640,05<\/td>\n<\/tr>\n<\/tbody>\n<\/table>\n<p><strong><b>\u00a0<\/b><\/strong><\/p>\n<p><strong><b>Param\u00e8tres techniques de la fibre optique-MM<\/b><\/strong><\/p>\n<table>\n<tbody>\n<tr>\n<td rowspan=\"2\" width=\"183\"><strong><b>Caract\u00e9ristiques<\/b><\/strong><\/td>\n<td rowspan=\"2\" width=\"92\"><strong><b>Conditions<\/b><\/strong><\/td>\n<td rowspan=\"2\" width=\"64\"><strong><b>unit\u00e9<\/b><\/strong><\/td>\n<td colspan=\"5\" width=\"343\"><strong><b>Valeur<\/b><\/strong><\/td>\n<\/tr>\n<tr>\n<td width=\"85\"><strong><b>OM1<\/b><\/strong><\/td>\n<td width=\"91\"><strong><b>OM2<\/b><\/strong><\/td>\n<td width=\"57\"><strong><b>OM2+<\/b><\/strong><\/td>\n<td width=\"53\"><strong><b>OM3<\/b><\/strong><\/td>\n<td width=\"54\"><strong><b>OM4<\/b><\/strong><\/td>\n<\/tr>\n<tr>\n<td colspan=\"8\" width=\"684\"><strong><b>Optique <\/b><\/strong><strong><b>Caract\u00e9ristiques<\/b><\/strong><\/td>\n<\/tr>\n<tr>\n<td rowspan=\"2\" width=\"183\">Att\u00e9nuation<\/td>\n<td width=\"92\">850 nm<\/td>\n<td width=\"64\">dB\/km<\/td>\n<td width=\"85\">\u22642,70~\u22643,00<\/td>\n<td width=\"91\">\u22642,50<\/td>\n<td width=\"57\">\u22642,50<\/td>\n<td width=\"53\">\u22642,50<\/td>\n<td width=\"54\">\u22642,50<\/td>\n<\/tr>\n<tr>\n<td width=\"92\">1300 nm<\/td>\n<td width=\"64\">dB\/km<\/td>\n<td width=\"85\">\u22640,60~\u22641,00<\/td>\n<td width=\"91\">\u22640,70<\/td>\n<td width=\"57\">\u22640,70<\/td>\n<td width=\"53\">\u22640,70<\/td>\n<td width=\"54\">\u22640,70<\/td>\n<\/tr>\n<tr>\n<td rowspan=\"2\" width=\"183\">Bande passante modale minimale<\/td>\n<td width=\"92\">850 nm<\/td>\n<td width=\"64\">MHz.km<\/td>\n<td width=\"85\">\u2265200~\u2265100<\/td>\n<td width=\"91\">\u2265500~\u2265200<\/td>\n<td width=\"57\">\u2013<\/td>\n<td width=\"53\">\u2013<\/td>\n<td width=\"54\">\u2013<\/td>\n<\/tr>\n<tr>\n<td width=\"92\">1300 nm<\/td>\n<td width=\"64\">MHz.km<\/td>\n<td width=\"85\">\u2265600~\u2265160<\/td>\n<td width=\"91\">\u22651200~\u2265400<\/td>\n<td width=\"57\">\u2013<\/td>\n<td width=\"53\">\u2013<\/td>\n<td width=\"54\">\u2013<\/td>\n<\/tr>\n<tr>\n<td rowspan=\"2\" width=\"183\">Bande passante de lancement trop remplie<\/td>\n<td width=\"92\">850 nm<\/td>\n<td width=\"64\">MHz.km<\/td>\n<td width=\"85\">\u2013<\/td>\n<td width=\"91\">\u2013<\/td>\n<td width=\"57\">\u2265700<\/td>\n<td width=\"53\">\u22651500<\/td>\n<td width=\"54\">\u22653500<\/td>\n<\/tr>\n<tr>\n<td width=\"92\">1300 nm<\/td>\n<td width=\"64\">MHz.km<\/td>\n<td width=\"85\">\u2013<\/td>\n<td width=\"91\">\u2013<\/td>\n<td width=\"57\">\u2265500<\/td>\n<td width=\"53\">\u2265500<\/td>\n<td width=\"54\">\u2265500<\/td>\n<\/tr>\n<tr>\n<td width=\"183\">Bande passante modale effective<\/td>\n<td width=\"92\">850 nm<\/td>\n<td width=\"64\">MHz.km<\/td>\n<td width=\"85\">\u2013<\/td>\n<td width=\"91\">\u2013<\/td>\n<td width=\"57\">\u2265950<\/td>\n<td width=\"53\">\u22652000<\/td>\n<td width=\"54\">\u22654700<\/td>\n<\/tr>\n<tr>\n<td width=\"183\">Ouverture num\u00e9rique<\/td>\n<td width=\"92\">&nbsp;<\/td>\n<td width=\"64\">&nbsp;<\/td>\n<td width=\"85\">0,275 \u00b1 0,015<\/td>\n<td colspan=\"4\" width=\"257\">0.18~0.215<\/td>\n<\/tr>\n<tr>\n<td width=\"183\">Longueur de liaison Ethernet 10 Gb\/s<\/td>\n<td width=\"92\">&nbsp;<\/td>\n<td width=\"64\">M<\/td>\n<td width=\"85\">\u2013<\/td>\n<td width=\"91\">\u2013<\/td>\n<td width=\"57\">150<\/td>\n<td width=\"53\">300<\/td>\n<td width=\"54\">550<\/td>\n<\/tr>\n<tr>\n<td colspan=\"8\" width=\"684\"><strong><b>Caract\u00e9ristiques de r\u00e9trodiffusion (1 300 nm)<\/b><\/strong><\/td>\n<\/tr>\n<tr>\n<td colspan=\"2\" width=\"276\">Irr\u00e9gularit\u00e9s sur la longueur des fibres et discontinuit\u00e9 ponctuelle<\/td>\n<td width=\"64\">dB<\/td>\n<td colspan=\"5\" width=\"343\">\u22640,1<\/td>\n<\/tr>\n<tr>\n<td colspan=\"2\" width=\"276\">Uniformit\u00e9 de l'att\u00e9nuation<\/td>\n<td width=\"64\">dB<\/td>\n<td colspan=\"5\" width=\"343\">\u22640,1<\/td>\n<\/tr>\n<tr>\n<td colspan=\"2\" width=\"276\">Pas (Moyenne de bidirectionnel (mesure)<\/td>\n<td width=\"64\">dB\/km<\/td>\n<td colspan=\"5\" width=\"343\">\u22640,1<\/td>\n<\/tr>\n<tr>\n<td colspan=\"8\" width=\"684\"><strong><b>G\u00e9om\u00e9trie <\/b><\/strong><strong><b>Caract\u00e9ristiques<\/b><\/strong><\/td>\n<\/tr>\n<tr>\n<td colspan=\"2\" width=\"276\">Diam\u00e8tre du noyau<\/td>\n<td width=\"64\">\u00b5m<\/td>\n<td width=\"85\">62,5\u00b12,5<\/td>\n<td colspan=\"4\" width=\"257\">50\u00b12,5<\/td>\n<\/tr>\n<tr>\n<td colspan=\"2\" width=\"276\">Non-circularit\u00e9 du noyau<\/td>\n<td width=\"64\">%<\/td>\n<td colspan=\"5\" width=\"343\">\u22645,0<\/td>\n<\/tr>\n<tr>\n<td colspan=\"2\" width=\"276\">Diam\u00e8tre du rev\u00eatement<\/td>\n<td width=\"64\">\u00b5m<\/td>\n<td colspan=\"5\" width=\"343\">124,3 \u00b1 0,7<\/td>\n<\/tr>\n<tr>\n<td colspan=\"2\" width=\"276\">Non-circularit\u00e9 du rev\u00eatement<\/td>\n<td width=\"64\">%<\/td>\n<td colspan=\"5\" width=\"343\">\u22642,0<\/td>\n<\/tr>\n<tr>\n<td colspan=\"2\" width=\"276\">Erreur de concentricit\u00e9 noyau\/gaine<\/td>\n<td width=\"64\">\u00b5m<\/td>\n<td colspan=\"5\" width=\"343\">\u22641,5<\/td>\n<\/tr>\n<tr>\n<td colspan=\"2\" width=\"276\">Diam\u00e8tre du rev\u00eatement<\/td>\n<td width=\"64\">\u00b5m<\/td>\n<td colspan=\"5\" width=\"343\">245 \u00b1 10<\/td>\n<\/tr>\n<tr>\n<td colspan=\"2\" width=\"276\">Erreur de concentricit\u00e9 du rev\u00eatement\/du rev\u00eatement<\/td>\n<td width=\"64\">\u00b5m<\/td>\n<td colspan=\"5\" width=\"343\">\u226412,0<\/td>\n<\/tr>\n<tr>\n<td colspan=\"2\" width=\"276\">Dur\u00e9e de livraison<\/td>\n<td width=\"64\">km\/bobine<\/td>\n<td colspan=\"5\" width=\"343\">\uff5e16,8<\/td>\n<\/tr>\n<tr>\n<td colspan=\"8\" width=\"684\"><strong><b>Caract\u00e9ristiques environnementales (850 nm et 1 300 nm)<\/b><\/strong><\/td>\n<\/tr>\n<tr>\n<td width=\"183\">Att\u00e9nuation induite par la d\u00e9pendance \u00e0 la temp\u00e9rature<\/td>\n<td width=\"92\">-60 \u2103 ~ + 85 \u2103<\/td>\n<td width=\"64\">dB\/km<\/td>\n<td colspan=\"5\" width=\"343\">\u22640,10<\/td>\n<\/tr>\n<tr>\n<td width=\"183\">Temp\u00e9rature-humidit\u00e9             att\u00e9nuation d\u00e9duite du cycle<\/td>\n<td width=\"92\">-10 \u2103 ~ + 85 \u2103, 98%RH<\/td>\n<td width=\"64\">dB\/km<\/td>\n<td colspan=\"5\" width=\"343\">\u22640,10<\/td>\n<\/tr>\n<tr>\n<td width=\"183\">D\u00e9pendance au trempage dans l'eau   att\u00e9nuation induite<\/td>\n<td width=\"92\">23 \u2103 \u00b1 2 \u2103, 30 jours<\/td>\n<td width=\"64\">dB\/km<\/td>\n<td colspan=\"5\" width=\"343\">\u22640,10<\/td>\n<\/tr>\n<tr>\n<td width=\"183\">D\u00e9pendance \u00e0 la chaleur humide   att\u00e9nuation induite<\/td>\n<td width=\"92\">85 \u2103 \u00b1 2 \u2103 et 85%RH, 30 jours<\/td>\n<td width=\"64\">dB\/km<\/td>\n<td colspan=\"5\" width=\"343\">\u22640,10<\/td>\n<\/tr>\n<tr>\n<td width=\"183\">Vieillissement \u00e0 la chaleur s\u00e8che<\/td>\n<td width=\"92\">85 \u2103 \u00b1 2 \u2103<\/td>\n<td width=\"64\">dB\/km<\/td>\n<td colspan=\"5\" width=\"343\">\u22640,10<\/td>\n<\/tr>\n<\/tbody>\n<\/table>\n<p>&nbsp;<\/p>\n<p><strong><b>Candidature<\/b><\/strong><strong><b>\uff1a<\/b><\/strong><\/p>\n<p>C\u00e2blage du centre de donn\u00e9es<\/p>\n<p>C\u00e2blage dans la salle des \u00e9quipements de communication optique pour connecter les r\u00e9partiteurs<\/p>\n<p>Pour l'assemblage en tresses, connecteurs mobiles et cordons de brassage<\/p>","protected":false},"excerpt":{"rendered":"<p>Le c\u00e2ble ruban \u00e0 fibres plates (4 \u00e0 12 fibres) se compose de fibres nues \u00e0 ruban plat 8\/12F, puis un fil d'aramide recouvre ces fibres nues \u00e0 code couleur et une gaine ext\u00e9rieure LSZH ou PE ou PVC ou TPU recouvre tous les \u00e9l\u00e9ments pour former ce c\u00e2ble.   Les c\u00e2bles plats sont con\u00e7us pour les dorsales horizontales intra-b\u00e2timents o\u00f9 existent des exigences limit\u00e9es en mati\u00e8re de fum\u00e9e et de z\u00e9ro halog\u00e8ne, en particulier lorsqu'ils sont utilis\u00e9s [\u2026]<\/p>","protected":false},"featured_media":11696,"comment_status":"closed","ping_status":"closed","template":"","meta":{"site-sidebar-layout":"default","site-content-layout":"","ast-site-content-layout":"default","site-content-style":"default","site-sidebar-style":"default","ast-global-header-display":"","ast-banner-title-visibility":"","ast-main-header-display":"","ast-hfb-above-header-display":"","ast-hfb-below-header-display":"","ast-hfb-mobile-header-display":"","site-post-title":"","ast-breadcrumbs-content":"","ast-featured-img":"","footer-sml-layout":"","theme-transparent-header-meta":"default","adv-header-id-meta":"","stick-header-meta":"default","header-above-stick-meta":"","header-main-stick-meta":"","header-below-stick-meta":"","astra-migrate-meta-layouts":"set","ast-page-background-enabled":"default","ast-page-background-meta":{"desktop":{"background-color":"var(--ast-global-color-4)","background-image":"","background-repeat":"repeat","background-position":"center center","background-size":"auto","background-attachment":"scroll","background-type":"","background-media":"","overlay-type":"","overlay-color":"","overlay-gradient":""},"tablet":{"background-color":"","background-image":"","background-repeat":"repeat","background-position":"center center","background-size":"auto","background-attachment":"scroll","background-type":"","background-media":"","overlay-type":"","overlay-color":"","overlay-gradient":""},"mobile":{"background-color":"","background-image":"","background-repeat":"repeat","background-position":"center center","background-size":"auto","background-attachment":"scroll","background-type":"","background-media":"","overlay-type":"","overlay-color":"","overlay-gradient":""}},"ast-content-background-meta":{"desktop":{"background-color":"var(--ast-global-color-5)","background-image":"","background-repeat":"repeat","background-position":"center center","background-size":"auto","background-attachment":"scroll","background-type":"","background-media":"","overlay-type":"","overlay-color":"","overlay-gradient":""},"tablet":{"background-color":"var(--ast-global-color-5)","background-image":"","background-repeat":"repeat","background-position":"center center","background-size":"auto","background-attachment":"scroll","background-type":"","background-media":"","overlay-type":"","overlay-color":"","overlay-gradient":""},"mobile":{"background-color":"var(--ast-global-color-5)","background-image":"","background-repeat":"repeat","background-position":"center center","background-size":"auto","background-attachment":"scroll","background-type":"","background-media":"","overlay-type":"","overlay-color":"","overlay-gradient":""}}},"product_cat":[156,128],"product_tag":[],"class_list":{"0":"post-11693","1":"product","2":"type-product","3":"status-publish","4":"has-post-thumbnail","6":"product_cat-flat-ribbon-fibercable","7":"product_cat-indoor-cable","8":"desktop-align-left","9":"tablet-align-left","10":"mobile-align-left","11":"ast-product-gallery-layout-horizontal-slider","12":"ast-product-tabs-layout-horizontal","14":"first","15":"instock","16":"shipping-taxable","17":"product-type-simple"},"acf":[],"_links":{"self":[{"href":"https:\/\/www.omccable.com\/fr\/wp-json\/wp\/v2\/product\/11693","targetHints":{"allow":["GET"]}}],"collection":[{"href":"https:\/\/www.omccable.com\/fr\/wp-json\/wp\/v2\/product"}],"about":[{"href":"https:\/\/www.omccable.com\/fr\/wp-json\/wp\/v2\/types\/product"}],"replies":[{"embeddable":true,"href":"https:\/\/www.omccable.com\/fr\/wp-json\/wp\/v2\/comments?post=11693"}],"version-history":[{"count":1,"href":"https:\/\/www.omccable.com\/fr\/wp-json\/wp\/v2\/product\/11693\/revisions"}],"predecessor-version":[{"id":11699,"href":"https:\/\/www.omccable.com\/fr\/wp-json\/wp\/v2\/product\/11693\/revisions\/11699"}],"wp:featuredmedia":[{"embeddable":true,"href":"https:\/\/www.omccable.com\/fr\/wp-json\/wp\/v2\/media\/11696"}],"wp:attachment":[{"href":"https:\/\/www.omccable.com\/fr\/wp-json\/wp\/v2\/media?parent=11693"}],"wp:term":[{"taxonomy":"product_cat","embeddable":true,"href":"https:\/\/www.omccable.com\/fr\/wp-json\/wp\/v2\/product_cat?post=11693"},{"taxonomy":"product_tag","embeddable":true,"href":"https:\/\/www.omccable.com\/fr\/wp-json\/wp\/v2\/product_tag?post=11693"}],"curies":[{"name":"wp","href":"https:\/\/api.w.org\/{rel}","templated":true}]}}