{"id":11671,"date":"2024-07-22T15:10:12","date_gmt":"2024-07-22T07:10:12","guid":{"rendered":"https:\/\/www.omccable.com\/?post_type=product&#038;p=11671"},"modified":"2024-12-17T11:04:02","modified_gmt":"2024-12-17T03:04:02","slug":"12f-micro-fiber-cable-for-quickconnect-mpo-lszh","status":"publish","type":"product","link":"https:\/\/www.omccable.com\/fr\/produit\/12f-micro-fiber-cable-for-quickconnect-mpo-lszh\/","title":{"rendered":"C\u00e2ble micro fibre 12F pour Quickconnect MPO LSZH"},"content":{"rendered":"<p>Dans le <strong><b>C\u00e2ble micro fibre 12F pour Quickconnect MPO LSZH<\/b><\/strong>\u00a0c\u00e2ble, les fibres monomodes\/multimodes sont positionn\u00e9es dans le tube l\u00e2che, qui est constitu\u00e9 de mat\u00e9riaux PBT et rempli de compos\u00e9 de remplissage. Le tube l\u00e2che est recouvert de mat\u00e9riaux LSZH pour garantir la compacit\u00e9 et les performances longitudinales de blocage de l'eau. Deux fils FRP parall\u00e8les sont plac\u00e9s des deux c\u00f4t\u00e9s de l'\u00e2me du c\u00e2ble tandis qu'une gaine LSZH est extrud\u00e9e dessus.<\/p>\n<p>&nbsp;<\/p>\n<p><strong><b>Caract\u00e9ristiques<\/b><\/strong><strong><b>\uff1a<\/b><\/strong><\/p>\n<p>Construction non m\u00e9tallique<\/p>\n<p>Petit diam\u00e8tre ext\u00e9rieur, l\u00e9ger, facile \u00e0 d\u00e9nuder, faible att\u00e9nuation, physiquement doux<\/p>\n<p>R\u00e9sistance \u00e0 la traction et stabilit\u00e9 de la transmission du signal \u00e0 long terme am\u00e9lior\u00e9es par un composant en fil d'aramide<\/p>\n<p>Pratique pour l'installation, l'exploitation et la maintenance<\/p>\n<p>&nbsp;<\/p>\n<p><strong>Performances ignifuges<\/strong><\/p>\n<table>\n<tbody>\n<tr>\n<td width=\"113\"><strong><b>C\u00e2ble<\/b><\/strong><strong><b>\u00a0mat\u00e9riel<\/b><\/strong><\/td>\n<td width=\"572\"><strong><b>Norme<\/b><\/strong><\/td>\n<\/tr>\n<tr>\n<td width=\"113\">LSZH<\/td>\n<td width=\"572\">CPR : Bca, Cca, Dca, Eca ou IEC60332-1, IEC 60332-3 selon la demande du client<\/td>\n<\/tr>\n<tr>\n<td width=\"113\">PVC<\/td>\n<td width=\"572\">UL-94V0<\/td>\n<\/tr>\n<\/tbody>\n<\/table>\n<p><strong>\u00a0<\/strong><\/p>\n<p><strong>D\u00e9tail des produits :<\/strong><\/p>\n<table>\n<tbody>\n<tr>\n<td width=\"95\"><strong><b>Article<\/b><\/strong><\/td>\n<td width=\"91\"><strong><b>Sommaire<\/b><\/strong><\/td>\n<td width=\"78\"><strong><b>Unit\u00e9<\/b><\/strong><\/td>\n<td width=\"426\"><strong><b>Valeur<\/b><\/strong><\/td>\n<\/tr>\n<tr>\n<td rowspan=\"2\" width=\"95\">Fibre optique<\/td>\n<td width=\"91\">Mode fibre<\/td>\n<td width=\"78\">\/<\/td>\n<td width=\"426\">G652D,G655,G657A1,G657A2,G657B3,OM1,OM2,OM3,OM4,OM5<\/td>\n<\/tr>\n<tr>\n<td width=\"91\">num\u00e9ro<\/td>\n<td width=\"78\">\/<\/td>\n<td width=\"426\">12<\/td>\n<\/tr>\n<tr>\n<td rowspan=\"2\" width=\"95\">Membre de force<\/td>\n<td width=\"91\">Mat\u00e9riel<\/td>\n<td width=\"78\">\/<\/td>\n<td width=\"426\">Membres de la force<\/td>\n<\/tr>\n<tr>\n<td width=\"91\">Mat\u00e9riel<\/td>\n<td width=\"78\">\/<\/td>\n<td width=\"426\">FRP avec de la colle<\/td>\n<\/tr>\n<tr>\n<td rowspan=\"3\" width=\"95\">Veste int\u00e9rieure<\/td>\n<td width=\"91\">Diam\u00e8tre<\/td>\n<td width=\"78\">mm<\/td>\n<td width=\"426\">2,2 \u00b1 0,1<\/td>\n<\/tr>\n<tr>\n<td width=\"91\">Mat\u00e9riel<\/td>\n<td width=\"78\">\/<\/td>\n<td width=\"426\">PBT<\/td>\n<\/tr>\n<tr>\n<td width=\"91\">Couleur<\/td>\n<td width=\"78\">\/<\/td>\n<td width=\"426\">naturel<\/td>\n<\/tr>\n<tr>\n<td rowspan=\"3\" width=\"95\">Veste ext\u00e9rieure<\/td>\n<td width=\"91\">Diam\u00e8tre<\/td>\n<td width=\"78\">mm<\/td>\n<td width=\"426\">5,3 \u00b1 0,2<\/td>\n<\/tr>\n<tr>\n<td width=\"91\">Mat\u00e9riel<\/td>\n<td width=\"78\">\/<\/td>\n<td width=\"426\">LSZH<\/td>\n<\/tr>\n<tr>\n<td width=\"91\">Couleur<\/td>\n<td width=\"78\">\/<\/td>\n<td width=\"426\">Noir<\/td>\n<\/tr>\n<tr>\n<td width=\"95\">Cordon de d\u00e9chirure<\/td>\n<td width=\"91\">Mat\u00e9riel<\/td>\n<td width=\"78\">\/<\/td>\n<td width=\"426\">Corde de d\u00e9chirure en polyester<\/td>\n<\/tr>\n<tr>\n<td colspan=\"2\" width=\"186\">Att\u00e9nuation du c\u00e2ble<\/td>\n<td width=\"78\">dB\/km<\/td>\n<td width=\"426\">\u2266 0,4 \u00e0 1 310 nm, \u2266 0,3 \u00e0 1 550 nm<\/td>\n<\/tr>\n<tr>\n<td colspan=\"2\" width=\"186\">Poids du c\u00e2ble (environ)<\/td>\n<td width=\"78\">kg\/km<\/td>\n<td width=\"426\">35.7<\/td>\n<\/tr>\n<\/tbody>\n<\/table>\n<p>&nbsp;<\/p>\n<p><strong><b>Performances M\u00e9caniques et Environnementales<\/b><\/strong><\/p>\n<table>\n<tbody>\n<tr>\n<td width=\"221\"><strong>Article<\/strong><\/td>\n<td width=\"206\"><strong>Sommaire<\/strong><\/td>\n<td width=\"245\"><strong>Valeur<\/strong><\/td>\n<\/tr>\n<tr>\n<td rowspan=\"2\" width=\"221\">Max. charge de traction<\/td>\n<td width=\"206\">Court terme<\/td>\n<td width=\"245\">1000 (souche de fibre\u22640,6%)<\/td>\n<\/tr>\n<tr>\n<td width=\"206\">\u00c0 long terme<\/td>\n<td width=\"245\">500N<\/td>\n<\/tr>\n<tr>\n<td rowspan=\"2\" width=\"221\">Max. r\u00e9sistance \u00e0 l'\u00e9crasement<\/td>\n<td width=\"206\">Court terme<\/td>\n<td width=\"245\">2200N\/100mm<\/td>\n<\/tr>\n<tr>\n<td width=\"206\">\u00c0 long terme<\/td>\n<td width=\"245\">1100N\/100mm<\/td>\n<\/tr>\n<tr>\n<td rowspan=\"2\" width=\"221\">Min. rayon de courbure<\/td>\n<td width=\"206\">Installation<\/td>\n<td width=\"245\">40 x diam\u00e8tre du c\u00e2ble<\/td>\n<\/tr>\n<tr>\n<td width=\"206\">Op\u00e9ration<\/td>\n<td width=\"245\">20 x diam\u00e8tre du c\u00e2ble<\/td>\n<\/tr>\n<tr>\n<td rowspan=\"3\" width=\"221\">Plage de temp\u00e9rature<\/td>\n<td width=\"206\">Op\u00e9ration<\/td>\n<td width=\"245\">-20 \u2103 ~ +70 \u2103<\/td>\n<\/tr>\n<tr>\n<td width=\"206\">Installation<\/td>\n<td width=\"245\">-20 \u2103 ~ +60 \u2103<\/td>\n<\/tr>\n<tr>\n<td width=\"206\">Stockage\/transport<\/td>\n<td width=\"245\">-20 \u2103 ~ +70 \u2103<\/td>\n<\/tr>\n<\/tbody>\n<\/table>\n<p>&nbsp;<\/p>\n<p><strong><b>Param\u00e8tres techniques de la fibre optique-SM<\/b><\/strong><\/p>\n<table>\n<tbody>\n<tr>\n<td rowspan=\"2\" width=\"165\"><strong><b>Param\u00e8tre<\/b><\/strong><\/td>\n<td rowspan=\"2\" width=\"111\"><strong><b>Conditions<\/b><\/strong><\/td>\n<td rowspan=\"2\" width=\"92\"><strong><b>Unit\u00e9s<\/b><\/strong><\/td>\n<td colspan=\"4\" width=\"311\"><strong><b>Valeur<\/b><\/strong><\/td>\n<\/tr>\n<tr>\n<td width=\"79\"><strong><b>G652D<\/b><\/strong><\/td>\n<td width=\"79\"><strong><b>G657A1<\/b><\/strong><\/td>\n<td width=\"79\"><strong><b>G657A2<\/b><\/strong><\/td>\n<td width=\"72\"><strong><b>G657B3<\/b><\/strong><\/td>\n<\/tr>\n<tr>\n<td colspan=\"3\" width=\"369\"><strong><b>Sp\u00e9cification optique<\/b><\/strong><\/td>\n<td colspan=\"4\" width=\"311\"><\/td>\n<\/tr>\n<tr>\n<td rowspan=\"6\" width=\"165\">Att\u00e9nuation<\/td>\n<td width=\"111\">850 nm<\/td>\n<td width=\"92\">dB\/km<\/td>\n<td width=\"79\">\u2013<\/td>\n<td width=\"79\">\u2013<\/td>\n<td width=\"79\">\u2013<\/td>\n<td width=\"72\">\u2013<\/td>\n<\/tr>\n<tr>\n<td width=\"111\">1300 nm<\/td>\n<td width=\"92\">dB\/km<\/td>\n<td width=\"79\">\u2013<\/td>\n<td width=\"79\">\u2013<\/td>\n<td width=\"79\">\u2013<\/td>\n<td width=\"72\">\u2013<\/td>\n<\/tr>\n<tr>\n<td width=\"111\">1310 nm<\/td>\n<td width=\"92\">dB\/km<\/td>\n<td width=\"79\">\u22640,350<\/td>\n<td width=\"79\">\u22640,350<\/td>\n<td width=\"79\">\u22640,350<\/td>\n<td width=\"72\">\u22640,350<\/td>\n<\/tr>\n<tr>\n<td width=\"111\">1383 nm<\/td>\n<td width=\"92\">dB\/km<\/td>\n<td width=\"79\">\u22640,330<\/td>\n<td width=\"79\">\u22640,350<\/td>\n<td width=\"79\">\u22640,350<\/td>\n<td width=\"72\">\u22640,350<\/td>\n<\/tr>\n<tr>\n<td width=\"111\">1550 nm<\/td>\n<td width=\"92\">dB\/km<\/td>\n<td width=\"79\">\u22640,210<\/td>\n<td width=\"79\">\u22640,210<\/td>\n<td width=\"79\">\u22640,210<\/td>\n<td width=\"72\">\u22640,210<\/td>\n<\/tr>\n<tr>\n<td width=\"111\">1625 nm<\/td>\n<td width=\"92\">dB\/km<\/td>\n<td width=\"79\">\u22640,240<\/td>\n<td width=\"79\">\u22640,230<\/td>\n<td width=\"79\">\u22640,230<\/td>\n<td width=\"72\">\u22640,230<\/td>\n<\/tr>\n<tr>\n<td rowspan=\"3\" width=\"165\">Att\u00e9nuation par rapport \u00e0 la longueur d'onde<\/td>\n<td width=\"111\">1310 nm VS. 1 285-1 330 nm<\/td>\n<td width=\"92\">dB\/km<\/td>\n<td width=\"79\">\u22640,04<\/td>\n<td width=\"79\">\u22640,04<\/td>\n<td width=\"79\">\u22640,05<\/td>\n<td width=\"72\">\u22640,03<\/td>\n<\/tr>\n<tr>\n<td width=\"111\">1550 nm VS. 1525-1575 nm<\/td>\n<td width=\"92\">dB\/km<\/td>\n<td width=\"79\">\u22640,03<\/td>\n<td width=\"79\">\u22640,03<\/td>\n<td width=\"79\">\u22640,04<\/td>\n<td width=\"72\">\u22640,02<\/td>\n<\/tr>\n<tr>\n<td width=\"111\">1550 nm VS. 1 480-1 580 nm<\/td>\n<td width=\"92\">dB\/km<\/td>\n<td width=\"79\">\u22640,04<\/td>\n<td width=\"79\">\u2013<\/td>\n<td width=\"79\">\u2013<\/td>\n<td width=\"72\">\u2013<\/td>\n<\/tr>\n<tr>\n<td width=\"165\">Longueur d'onde \u00e0 dispersion nulle<\/td>\n<td rowspan=\"2\" width=\"111\">\\<\/td>\n<td width=\"92\">nm<\/td>\n<td width=\"79\">1300-1324<\/td>\n<td width=\"79\">1300-1324<\/td>\n<td width=\"79\">1300-1324<\/td>\n<td width=\"72\">1300-1324<\/td>\n<\/tr>\n<tr>\n<td width=\"165\">Pente de dispersion nulle<\/td>\n<td width=\"92\">ps\/(nm<sup>2<\/sup>\u00b7km)<\/td>\n<td width=\"79\">0.073-0.092<\/td>\n<td width=\"79\">0.073-0.092<\/td>\n<td width=\"79\">0.073-0.092<\/td>\n<td width=\"72\">\u22640,092<\/td>\n<\/tr>\n<tr>\n<td rowspan=\"2\" width=\"165\">Dispersion<\/td>\n<td width=\"111\">1550 nm<\/td>\n<td width=\"92\">ps\/(nm\u00b7km)<\/td>\n<td width=\"79\">13.3-18.6<\/td>\n<td width=\"79\">13.3-18.6<\/td>\n<td width=\"79\">13.3-18.6<\/td>\n<td width=\"72\"><\/td>\n<\/tr>\n<tr>\n<td width=\"111\">1625 nm<\/td>\n<td width=\"92\">ps\/(nm\u00b7km)<\/td>\n<td width=\"79\">17.2-23.7<\/td>\n<td width=\"79\">17.2-23.7<\/td>\n<td width=\"79\">17.2-23.7<\/td>\n<td width=\"72\"><\/td>\n<\/tr>\n<tr>\n<td colspan=\"2\" width=\"277\">Dispersion du mode de polarisation (PMD)<\/td>\n<td width=\"92\">ps\/\u221akm<\/td>\n<td width=\"79\">\u22640,2<\/td>\n<td width=\"79\">\u22640,2<\/td>\n<td width=\"79\">\u22640,2<\/td>\n<td width=\"72\">\u22640,2<\/td>\n<\/tr>\n<tr>\n<td width=\"165\">Longueur d'onde de coupure \u03bbcc<\/td>\n<td width=\"111\">\u2013<\/td>\n<td width=\"92\">nm<\/td>\n<td width=\"79\">\u22641260<\/td>\n<td width=\"79\">\u22641260<\/td>\n<td width=\"79\">\u22641260<\/td>\n<td width=\"72\">\u22641260<\/td>\n<\/tr>\n<tr>\n<td rowspan=\"2\" width=\"165\">Diam\u00e8tre du champ de mode (MFD)<\/td>\n<td width=\"111\">1310 nm<\/td>\n<td width=\"92\">\u00b5m<\/td>\n<td width=\"79\">9,2 \u00b1 0,4<\/td>\n<td width=\"79\">9,2 \u00b1 0,4<\/td>\n<td width=\"79\">8,6 \u00b1 0,4<\/td>\n<td width=\"72\">8,6 \u00b1 0,4<\/td>\n<\/tr>\n<tr>\n<td width=\"111\">1550 nm<\/td>\n<td width=\"92\">\u00b5m<\/td>\n<td width=\"79\">10,4 \u00b1 0,5<\/td>\n<td width=\"79\">10,4 \u00b1 0,5<\/td>\n<td width=\"79\">9,6 \u00b1 0,5<\/td>\n<td width=\"72\">9,6 \u00b1 0,5<\/td>\n<\/tr>\n<tr>\n<td rowspan=\"2\" width=\"165\">Discontinuit\u00e9 d'att\u00e9nuation<\/td>\n<td width=\"111\">1310 nm<\/td>\n<td width=\"92\">dB<\/td>\n<td width=\"79\">\u22640,03<\/td>\n<td width=\"79\">\u22640,03<\/td>\n<td width=\"79\">\u22640,03<\/td>\n<td width=\"72\">\u22640,03<\/td>\n<\/tr>\n<tr>\n<td width=\"111\">1550 nm<\/td>\n<td width=\"92\">dB<\/td>\n<td width=\"79\">\u22640,03<\/td>\n<td width=\"79\">\u22640,03<\/td>\n<td width=\"79\">\u22640,03<\/td>\n<td width=\"72\">\u22640,03<\/td>\n<\/tr>\n<tr>\n<td rowspan=\"2\" width=\"165\">Att\u00e9nuation bidirectionnelle<\/td>\n<td width=\"111\">1310 nm<\/td>\n<td width=\"92\">dB\/km<\/td>\n<td width=\"79\">\u22640,04<\/td>\n<td width=\"79\"><\/td>\n<td width=\"79\"><\/td>\n<td width=\"72\">\u22640,05<\/td>\n<\/tr>\n<tr>\n<td width=\"111\">1550 nm<\/td>\n<td width=\"92\">dB\/km<\/td>\n<td width=\"79\">\u22640,04<\/td>\n<td width=\"79\"><\/td>\n<td width=\"79\"><\/td>\n<td width=\"72\">\u22640,05<\/td>\n<\/tr>\n<tr>\n<td colspan=\"3\" width=\"369\"><strong><b>G\u00e9om\u00e9trique<\/b><\/strong><\/td>\n<td colspan=\"4\" width=\"311\"><\/td>\n<\/tr>\n<tr>\n<td colspan=\"2\" width=\"277\">Diam\u00e8tre du rev\u00eatement<\/td>\n<td width=\"92\">\u00b5m<\/td>\n<td width=\"79\">125 \u00b1 0,7<\/td>\n<td width=\"79\">125 \u00b1 0,7<\/td>\n<td width=\"79\">125 \u00b1 0,7<\/td>\n<td width=\"72\">125 \u00b1 0,7<\/td>\n<\/tr>\n<tr>\n<td colspan=\"2\" width=\"277\">Non-circularit\u00e9 du rev\u00eatement<\/td>\n<td width=\"92\">%<\/td>\n<td width=\"79\">\u22641,0<\/td>\n<td width=\"79\">\u22641,0<\/td>\n<td width=\"79\">\u22640,8<\/td>\n<td width=\"72\">\u22640,7<\/td>\n<\/tr>\n<tr>\n<td colspan=\"2\" width=\"277\">Erreur de concentricit\u00e9 noyau\/gaine<\/td>\n<td width=\"92\">\u00b5m<\/td>\n<td width=\"79\">\u22640,6<\/td>\n<td width=\"79\">\u22640,5<\/td>\n<td width=\"79\">\u22640,5<\/td>\n<td width=\"72\">\u22640,5<\/td>\n<\/tr>\n<tr>\n<td colspan=\"2\" rowspan=\"2\" width=\"277\">Diam\u00e8tre du rev\u00eatement (non color\u00e9)<\/td>\n<td width=\"92\">\u00b5m<\/td>\n<td colspan=\"4\" width=\"311\">242 \u00b1 7 (standard)<\/td>\n<\/tr>\n<tr>\n<td width=\"92\">\u00b5m<\/td>\n<td colspan=\"4\" width=\"311\">200 \u00b1 10 (facultatif)<\/td>\n<\/tr>\n<tr>\n<td colspan=\"2\" width=\"277\">Erreur de concentricit\u00e9 du rev\u00eatement\/rev\u00eatement<\/td>\n<td width=\"92\">\u00b5m<\/td>\n<td width=\"79\">\u226412<\/td>\n<td width=\"79\">\u226412<\/td>\n<td width=\"79\">\u226412<\/td>\n<td width=\"72\">\u226412<\/td>\n<\/tr>\n<tr>\n<td colspan=\"2\" width=\"277\">Boucler<\/td>\n<td width=\"92\">m<\/td>\n<td width=\"79\">\u22654<\/td>\n<td width=\"79\">\u22654<\/td>\n<td width=\"79\">\u22654<\/td>\n<td width=\"72\">\u22654<\/td>\n<\/tr>\n<tr>\n<td colspan=\"3\" width=\"369\"><strong><b>Environnemental (1 550 nm, 1 625 nm)<\/b><\/strong><\/td>\n<td colspan=\"4\" width=\"311\"><\/td>\n<\/tr>\n<tr>\n<td width=\"165\">Cyclisme de temp\u00e9rature<\/td>\n<td width=\"111\">-60\u2103 \u00e0 +85\u2103<\/td>\n<td width=\"92\">dB\/km<\/td>\n<td width=\"79\">\u22640,03<\/td>\n<td width=\"79\">\u22640,05<\/td>\n<td width=\"79\">\u22640,05<\/td>\n<td width=\"72\">\u22640,05<\/td>\n<\/tr>\n<tr>\n<td width=\"165\">Haute temp\u00e9rature et<\/p>\n<p>Humidit\u00e9 \u00e9lev\u00e9e<\/td>\n<td width=\"111\">85 \u2103, 85% RH, 30 jours<\/td>\n<td width=\"92\">dB\/km<\/td>\n<td width=\"79\">\u22640,03<\/td>\n<td width=\"79\">\u22640,05<\/td>\n<td width=\"79\">\u22640,05<\/td>\n<td width=\"72\">\u22640,05<\/td>\n<\/tr>\n<tr>\n<td width=\"165\">Immersion dans l'eau<\/td>\n<td width=\"111\">23\u2103, 30 jours<\/td>\n<td width=\"92\">dB\/km<\/td>\n<td width=\"79\">\u22640,03<\/td>\n<td width=\"79\">\u22640,05<\/td>\n<td width=\"79\">\u22640,05<\/td>\n<td width=\"72\">\u22640,05<\/td>\n<\/tr>\n<tr>\n<td width=\"165\">Vieillissement \u00e0 haute temp\u00e9rature<\/td>\n<td width=\"111\">85 \u2103, 30 jours<\/td>\n<td width=\"92\">dB\/km<\/td>\n<td width=\"79\">\u22640,03<\/td>\n<td width=\"79\">\u22640,05<\/td>\n<td width=\"79\">\u22640,05<\/td>\n<td width=\"72\">\u22640,05<\/td>\n<\/tr>\n<\/tbody>\n<\/table>\n<p><strong><b>\u00a0<\/b><\/strong><\/p>\n<p><strong><b>Param\u00e8tres techniques de la fibre optique-MM<\/b><\/strong><\/p>\n<table>\n<tbody>\n<tr>\n<td rowspan=\"2\" width=\"186\"><strong><b>Caract\u00e9ristiques<\/b><\/strong><\/td>\n<td rowspan=\"2\" width=\"94\"><strong><b>Conditions<\/b><\/strong><\/td>\n<td rowspan=\"2\" width=\"76\"><strong><b>unit\u00e9<\/b><\/strong><\/td>\n<td colspan=\"5\" width=\"343\"><strong><b>Valeur<\/b><\/strong><\/td>\n<\/tr>\n<tr>\n<td width=\"85\"><strong><b>OM1<\/b><\/strong><\/td>\n<td width=\"91\"><strong><b>OM2<\/b><\/strong><\/td>\n<td width=\"57\"><strong><b>OM2+<\/b><\/strong><\/td>\n<td width=\"53\"><strong><b>OM3<\/b><\/strong><\/td>\n<td width=\"54\"><strong><b>OM4<\/b><\/strong><\/td>\n<\/tr>\n<tr>\n<td colspan=\"8\" width=\"700\"><strong><b>Optique <\/b><\/strong><strong><b>Caract\u00e9ristiques<\/b><\/strong><\/td>\n<\/tr>\n<tr>\n<td rowspan=\"2\" width=\"186\">Att\u00e9nuation<\/td>\n<td width=\"94\">850 nm<\/td>\n<td width=\"76\">dB\/km<\/td>\n<td width=\"85\">\u22642,70~\u22643,00<\/td>\n<td width=\"91\">\u22642,50<\/td>\n<td width=\"57\">\u22642,50<\/td>\n<td width=\"53\">\u22642,50<\/td>\n<td width=\"54\">\u22642,50<\/td>\n<\/tr>\n<tr>\n<td width=\"94\">1300 nm<\/td>\n<td width=\"76\">dB\/km<\/td>\n<td width=\"85\">\u22640,60~\u22641,00<\/td>\n<td width=\"91\">\u22640,70<\/td>\n<td width=\"57\">\u22640,70<\/td>\n<td width=\"53\">\u22640,70<\/td>\n<td width=\"54\">\u22640,70<\/td>\n<\/tr>\n<tr>\n<td rowspan=\"2\" width=\"186\">Bande passante modale minimale<\/td>\n<td width=\"94\">850 nm<\/td>\n<td width=\"76\">MHz.km<\/td>\n<td width=\"85\">\u2265200~\u2265100<\/td>\n<td width=\"91\">\u2265500~\u2265200<\/td>\n<td width=\"57\">\u2013<\/td>\n<td width=\"53\">\u2013<\/td>\n<td width=\"54\">\u2013<\/td>\n<\/tr>\n<tr>\n<td width=\"94\">1300 nm<\/td>\n<td width=\"76\">MHz.km<\/td>\n<td width=\"85\">\u2265600~\u2265160<\/td>\n<td width=\"91\">\u22651200~\u2265400<\/td>\n<td width=\"57\">\u2013<\/td>\n<td width=\"53\">\u2013<\/td>\n<td width=\"54\">\u2013<\/td>\n<\/tr>\n<tr>\n<td rowspan=\"2\" width=\"186\">Bande passante de lancement trop remplie<\/td>\n<td width=\"94\">850 nm<\/td>\n<td width=\"76\">MHz.km<\/td>\n<td width=\"85\">\u2013<\/td>\n<td width=\"91\">\u2013<\/td>\n<td width=\"57\">\u2265700<\/td>\n<td width=\"53\">\u22651500<\/td>\n<td width=\"54\">\u22653500<\/td>\n<\/tr>\n<tr>\n<td width=\"94\">1300 nm<\/td>\n<td width=\"76\">MHz.km<\/td>\n<td width=\"85\">\u2013<\/td>\n<td width=\"91\">\u2013<\/td>\n<td width=\"57\">\u2265500<\/td>\n<td width=\"53\">\u2265500<\/td>\n<td width=\"54\">\u2265500<\/td>\n<\/tr>\n<tr>\n<td width=\"186\">Bande passante modale effective<\/td>\n<td width=\"94\">850 nm<\/td>\n<td width=\"76\">MHz.km<\/td>\n<td width=\"85\">\u2013<\/td>\n<td width=\"91\">\u2013<\/td>\n<td width=\"57\">\u2265950<\/td>\n<td width=\"53\">\u22652000<\/td>\n<td width=\"54\">\u22654700<\/td>\n<\/tr>\n<tr>\n<td width=\"186\">Ouverture num\u00e9rique<\/td>\n<td width=\"94\"><\/td>\n<td width=\"76\"><\/td>\n<td width=\"85\">0,275 \u00b1 0,015<\/td>\n<td colspan=\"4\" width=\"257\">0.18~0.215<\/td>\n<\/tr>\n<tr>\n<td width=\"186\">Longueur de liaison Ethernet 10 Gb\/s<\/td>\n<td width=\"94\"><\/td>\n<td width=\"76\">M<\/td>\n<td width=\"85\">\u2013<\/td>\n<td width=\"91\">\u2013<\/td>\n<td width=\"57\">150<\/td>\n<td width=\"53\">300<\/td>\n<td width=\"54\">550<\/td>\n<\/tr>\n<tr>\n<td colspan=\"8\" width=\"700\"><strong><b>Caract\u00e9ristiques de r\u00e9trodiffusion (1 300 nm)<\/b><\/strong><\/td>\n<\/tr>\n<tr>\n<td colspan=\"2\" width=\"281\">Irr\u00e9gularit\u00e9s sur la longueur des fibres et discontinuit\u00e9 ponctuelle<\/td>\n<td width=\"76\">dB<\/td>\n<td colspan=\"5\" width=\"343\">\u22640,1<\/td>\n<\/tr>\n<tr>\n<td colspan=\"2\" width=\"281\">Uniformit\u00e9 de l'att\u00e9nuation<\/td>\n<td width=\"76\">dB<\/td>\n<td colspan=\"5\" width=\"343\">\u22640,1<\/td>\n<\/tr>\n<tr>\n<td colspan=\"2\" width=\"281\">Pas (Moyenne de bidirectionnel (mesure)<\/td>\n<td width=\"76\">dB\/km<\/td>\n<td colspan=\"5\" width=\"343\">\u22640,1<\/td>\n<\/tr>\n<tr>\n<td colspan=\"8\" width=\"700\"><strong><b>G\u00e9om\u00e9trie <\/b><\/strong><strong><b>Caract\u00e9ristiques<\/b><\/strong><\/td>\n<\/tr>\n<tr>\n<td colspan=\"2\" width=\"281\">Diam\u00e8tre du noyau<\/td>\n<td width=\"76\">\u00b5m<\/td>\n<td width=\"85\">62,5\u00b12,5<\/td>\n<td colspan=\"4\" width=\"257\">50\u00b12,5<\/td>\n<\/tr>\n<tr>\n<td colspan=\"2\" width=\"281\">Non-circularit\u00e9 du noyau<\/td>\n<td width=\"76\">%<\/td>\n<td colspan=\"5\" width=\"343\">\u22645,0<\/td>\n<\/tr>\n<tr>\n<td colspan=\"2\" width=\"281\">Diam\u00e8tre du rev\u00eatement<\/td>\n<td width=\"76\">\u00b5m<\/td>\n<td colspan=\"5\" width=\"343\">124,3 \u00b1 0,7<\/td>\n<\/tr>\n<tr>\n<td colspan=\"2\" width=\"281\">Non-circularit\u00e9 du rev\u00eatement<\/td>\n<td width=\"76\">%<\/td>\n<td colspan=\"5\" width=\"343\">\u22642,0<\/td>\n<\/tr>\n<tr>\n<td colspan=\"2\" width=\"281\">Erreur de concentricit\u00e9 noyau\/gaine<\/td>\n<td width=\"76\">\u00b5m<\/td>\n<td colspan=\"5\" width=\"343\">\u22641,5<\/td>\n<\/tr>\n<tr>\n<td colspan=\"2\" width=\"281\">Diam\u00e8tre du rev\u00eatement<\/td>\n<td width=\"76\">\u00b5m<\/td>\n<td colspan=\"5\" width=\"343\">245 \u00b1 10<\/td>\n<\/tr>\n<tr>\n<td colspan=\"2\" width=\"281\">Erreur de concentricit\u00e9 du rev\u00eatement\/du rev\u00eatement<\/td>\n<td width=\"76\">\u00b5m<\/td>\n<td colspan=\"5\" width=\"343\">\u226412,0<\/td>\n<\/tr>\n<tr>\n<td colspan=\"2\" width=\"281\">Dur\u00e9e de livraison<\/td>\n<td width=\"76\">km\/bobine<\/td>\n<td colspan=\"5\" width=\"343\">\uff5e16,8<\/td>\n<\/tr>\n<tr>\n<td colspan=\"8\" width=\"700\"><strong><b>Caract\u00e9ristiques environnementales (850 nm et 1 300 nm)<\/b><\/strong><\/td>\n<\/tr>\n<tr>\n<td width=\"186\">Att\u00e9nuation induite par la d\u00e9pendance \u00e0 la temp\u00e9rature<\/td>\n<td width=\"94\">-60 \u2103 ~ + 85 \u2103<\/td>\n<td width=\"76\">dB\/km<\/td>\n<td colspan=\"5\" width=\"343\">\u22640,10<\/td>\n<\/tr>\n<tr>\n<td width=\"186\">Temp\u00e9rature-humidit\u00e9             att\u00e9nuation d\u00e9duite du cycle<\/td>\n<td width=\"94\">-10 \u2103 ~ + 85 \u2103, 98%RH<\/td>\n<td width=\"76\">dB\/km<\/td>\n<td colspan=\"5\" width=\"343\">\u22640,10<\/td>\n<\/tr>\n<tr>\n<td width=\"186\">D\u00e9pendance au trempage dans l'eau   att\u00e9nuation induite<\/td>\n<td width=\"94\">23 \u2103 \u00b1 2 \u2103, 30 jours<\/td>\n<td width=\"76\">dB\/km<\/td>\n<td colspan=\"5\" width=\"343\">\u22640,10<\/td>\n<\/tr>\n<tr>\n<td width=\"186\">D\u00e9pendance \u00e0 la chaleur humide   att\u00e9nuation induite<\/td>\n<td width=\"94\">85 \u2103 \u00b1 2 \u2103 et 85%RH, 30 jours<\/td>\n<td width=\"76\">dB\/km<\/td>\n<td colspan=\"5\" width=\"343\">\u22640,10<\/td>\n<\/tr>\n<tr>\n<td width=\"186\">Vieillissement \u00e0 la chaleur s\u00e8che<\/td>\n<td width=\"94\">85 \u2103 \u00b1 2 \u2103<\/td>\n<td width=\"76\">dB\/km<\/td>\n<td colspan=\"5\" width=\"343\">\u22640,10<\/td>\n<\/tr>\n<\/tbody>\n<\/table>\n<p><strong><b>\u00a0<\/b><\/strong><\/p>\n<p><strong><b>Candidature<\/b><\/strong><strong><b>\uff1a<\/b><\/strong><\/p>\n<p>C\u00e2blage du centre de donn\u00e9es<\/p>\n<p>C\u00e2blage dans la salle des \u00e9quipements de communication optique pour connecter les r\u00e9partiteurs<\/p>\n<p>Pour l'assemblage en tresses, connecteurs mobiles et cordons de brassage<\/p>","protected":false},"excerpt":{"rendered":"<p>Dans le c\u00e2ble microfibre 12F d'OMC pour c\u00e2ble Quickconnect MPO LSZH, les fibres monomodes\/multimodes sont positionn\u00e9es dans le tube l\u00e2che, qui est compos\u00e9 de mat\u00e9riaux PBT et rempli de compos\u00e9 de remplissage. Le tube l\u00e2che est recouvert de mat\u00e9riaux LSZH pour garantir la compacit\u00e9 et les performances longitudinales de blocage de l'eau. Deux fils FRP parall\u00e8les sont plac\u00e9s des deux c\u00f4t\u00e9s de [\u2026]<\/p>","protected":false},"featured_media":11673,"comment_status":"closed","ping_status":"closed","template":"","meta":{"site-sidebar-layout":"default","site-content-layout":"","ast-site-content-layout":"default","site-content-style":"default","site-sidebar-style":"default","ast-global-header-display":"","ast-banner-title-visibility":"","ast-main-header-display":"","ast-hfb-above-header-display":"","ast-hfb-below-header-display":"","ast-hfb-mobile-header-display":"","site-post-title":"","ast-breadcrumbs-content":"","ast-featured-img":"","footer-sml-layout":"","theme-transparent-header-meta":"default","adv-header-id-meta":"","stick-header-meta":"default","header-above-stick-meta":"","header-main-stick-meta":"","header-below-stick-meta":"","astra-migrate-meta-layouts":"set","ast-page-background-enabled":"default","ast-page-background-meta":{"desktop":{"background-color":"var(--ast-global-color-4)","background-image":"","background-repeat":"repeat","background-position":"center center","background-size":"auto","background-attachment":"scroll","background-type":"","background-media":"","overlay-type":"","overlay-color":"","overlay-gradient":""},"tablet":{"background-color":"","background-image":"","background-repeat":"repeat","background-position":"center center","background-size":"auto","background-attachment":"scroll","background-type":"","background-media":"","overlay-type":"","overlay-color":"","overlay-gradient":""},"mobile":{"background-color":"","background-image":"","background-repeat":"repeat","background-position":"center center","background-size":"auto","background-attachment":"scroll","background-type":"","background-media":"","overlay-type":"","overlay-color":"","overlay-gradient":""}},"ast-content-background-meta":{"desktop":{"background-color":"var(--ast-global-color-5)","background-image":"","background-repeat":"repeat","background-position":"center center","background-size":"auto","background-attachment":"scroll","background-type":"","background-media":"","overlay-type":"","overlay-color":"","overlay-gradient":""},"tablet":{"background-color":"var(--ast-global-color-5)","background-image":"","background-repeat":"repeat","background-position":"center center","background-size":"auto","background-attachment":"scroll","background-type":"","background-media":"","overlay-type":"","overlay-color":"","overlay-gradient":""},"mobile":{"background-color":"var(--ast-global-color-5)","background-image":"","background-repeat":"repeat","background-position":"center center","background-size":"auto","background-attachment":"scroll","background-type":"","background-media":"","overlay-type":"","overlay-color":"","overlay-gradient":""}}},"product_cat":[128,155],"product_tag":[],"class_list":{"0":"post-11671","1":"product","2":"type-product","3":"status-publish","4":"has-post-thumbnail","6":"product_cat-indoor-cable","7":"product_cat-micro-fiber-cable","8":"desktop-align-left","9":"tablet-align-left","10":"mobile-align-left","11":"ast-product-gallery-layout-horizontal-slider","12":"ast-product-tabs-layout-horizontal","14":"first","15":"instock","16":"shipping-taxable","17":"product-type-simple"},"acf":[],"_links":{"self":[{"href":"https:\/\/www.omccable.com\/fr\/wp-json\/wp\/v2\/product\/11671","targetHints":{"allow":["GET"]}}],"collection":[{"href":"https:\/\/www.omccable.com\/fr\/wp-json\/wp\/v2\/product"}],"about":[{"href":"https:\/\/www.omccable.com\/fr\/wp-json\/wp\/v2\/types\/product"}],"replies":[{"embeddable":true,"href":"https:\/\/www.omccable.com\/fr\/wp-json\/wp\/v2\/comments?post=11671"}],"version-history":[{"count":2,"href":"https:\/\/www.omccable.com\/fr\/wp-json\/wp\/v2\/product\/11671\/revisions"}],"predecessor-version":[{"id":12838,"href":"https:\/\/www.omccable.com\/fr\/wp-json\/wp\/v2\/product\/11671\/revisions\/12838"}],"wp:featuredmedia":[{"embeddable":true,"href":"https:\/\/www.omccable.com\/fr\/wp-json\/wp\/v2\/media\/11673"}],"wp:attachment":[{"href":"https:\/\/www.omccable.com\/fr\/wp-json\/wp\/v2\/media?parent=11671"}],"wp:term":[{"taxonomy":"product_cat","embeddable":true,"href":"https:\/\/www.omccable.com\/fr\/wp-json\/wp\/v2\/product_cat?post=11671"},{"taxonomy":"product_tag","embeddable":true,"href":"https:\/\/www.omccable.com\/fr\/wp-json\/wp\/v2\/product_tag?post=11671"}],"curies":[{"name":"wp","href":"https:\/\/api.w.org\/{rel}","templated":true}]}}