{"id":11473,"date":"2024-07-22T09:09:43","date_gmt":"2024-07-22T01:09:43","guid":{"rendered":"https:\/\/www.omccable.com\/?post_type=product&#038;p=11473"},"modified":"2024-07-22T09:09:44","modified_gmt":"2024-07-22T01:09:44","slug":"900um-buffered-fo-cable","status":"publish","type":"product","link":"https:\/\/www.omccable.com\/fr\/produit\/900um-buffered-fo-cable\/","title":{"rendered":"C\u00e2ble FO tamponn\u00e9 900um"},"content":{"rendered":"<p>La fibre tamponn\u00e9e de 900 um est produite car la fibre est gain\u00e9e d'un mat\u00e9riau tampon en LSZH, PVC, nylon et Hytrel. La s\u00e9lection de fibres de qualit\u00e9 sup\u00e9rieure, d'\u00e9quipements de production sp\u00e9cifiques et de matrices con\u00e7ues avec pr\u00e9cision garantissent les meilleures performances du produit.<\/p>\n<p>&nbsp;<\/p>\n<p><strong><b>F<\/b><\/strong><strong><b>manger:<\/b><\/strong><\/p>\n<p>S\u00e9lectionnez une fibre de qualit\u00e9 pour garantir d'excellentes performances de transmission<\/p>\n<p>Adopter un contr\u00f4le strict des processus et des mati\u00e8res premi\u00e8res pour garantir une dur\u00e9e de vie de 15 ans<\/p>\n<p>Bonne uniformit\u00e9 du diam\u00e8tre de la fibre tampon et excellente capacit\u00e9 de d\u00e9nudage.<\/p>\n<p>Bonne performance ignifuge. Petit rayon de courbure.<\/p>\n<p>Excellentes performances m\u00e9caniques et environnementales.<\/p>\n<p>La fibre nue color\u00e9e est disponible<\/p>\n<p>&nbsp;<\/p>\n<p><strong><b>C\u00e2ble<\/b><\/strong><strong><b>\u00a0Param\u00e8tre de structure<\/b><\/strong><\/p>\n<table>\n<tbody>\n<tr>\n<td width=\"183\"><strong>Type de fibre<\/strong><\/td>\n<td width=\"489\">G652D,G655,G656,G657A1,G657A2,G657B3,OM1,OM2,OM3,OM4,OM5<\/td>\n<\/tr>\n<tr>\n<td width=\"183\"><strong>Type tamponn\u00e9<\/strong><\/td>\n<td width=\"489\">Tampon serr\u00e9, Tampon semi-serr\u00e9, Tampon l\u00e2che<\/td>\n<\/tr>\n<tr>\n<td width=\"183\"><strong>Mat\u00e9riau du manteau<\/strong><\/td>\n<td width=\"489\">PVC, OFNR, OFNP, LSZH, LSOH, NYLON<\/td>\n<\/tr>\n<tr>\n<td width=\"183\"><strong>OD (euh)<\/strong><\/td>\n<td width=\"489\">600,900<\/td>\n<\/tr>\n<tr>\n<td width=\"183\"><strong>Rayon de courbure minimum<\/strong><\/td>\n<td width=\"489\">Dynamique 20D ; Statique 10D (attendez G657)<\/td>\n<\/tr>\n<tr>\n<td width=\"183\"><strong>Couleur du rev\u00eatement<\/strong><\/td>\n<td width=\"489\">12 couleurs disponibles, 250um et 900um de la m\u00eame couleur<\/td>\n<\/tr>\n<\/tbody>\n<\/table>\n<p><strong><b>\u00a0<\/b><\/strong><\/p>\n<p><strong><b>Performances M\u00e9caniques et Environnementales<\/b><\/strong><\/p>\n<table>\n<tbody>\n<tr>\n<td width=\"229\"><strong>Article<\/strong><\/td>\n<td width=\"206\"><strong>Sommaire<\/strong><\/td>\n<td width=\"236\"><strong>Valeur<\/strong><\/td>\n<\/tr>\n<tr>\n<td rowspan=\"2\" width=\"229\">Max. charge de traction<\/td>\n<td width=\"206\">Court terme<\/td>\n<td width=\"236\">Souche de fibre 6N\u22640,6%<\/td>\n<\/tr>\n<tr>\n<td width=\"206\">\u00c0 long terme<\/td>\n<td width=\"236\">3N<\/td>\n<\/tr>\n<tr>\n<td rowspan=\"2\" width=\"229\">Max. r\u00e9sistance \u00e0 l'\u00e9crasement<\/td>\n<td width=\"206\">Court terme<\/td>\n<td width=\"236\">100N\/100mm<\/td>\n<\/tr>\n<tr>\n<td width=\"206\">\u00c0 long terme<\/td>\n<td width=\"236\">80N\/100mm<\/td>\n<\/tr>\n<tr>\n<td rowspan=\"2\" width=\"229\">Min. rayon de courbure<\/td>\n<td width=\"206\">Installation<\/td>\n<td width=\"236\">20 x diam\u00e8tre du c\u00e2ble<\/td>\n<\/tr>\n<tr>\n<td width=\"206\">Op\u00e9ration<\/td>\n<td width=\"236\">10 x diam\u00e8tre du c\u00e2ble<\/td>\n<\/tr>\n<tr>\n<td rowspan=\"3\" width=\"229\">Plage de temp\u00e9rature<\/td>\n<td width=\"206\">Op\u00e9ration<\/td>\n<td width=\"236\">-40 \u2103 ~ +70 \u2103<\/td>\n<\/tr>\n<tr>\n<td width=\"206\">Installation<\/td>\n<td width=\"236\">-20 \u2103 ~ +60 \u2103<\/td>\n<\/tr>\n<tr>\n<td width=\"206\">Stockage\/transport<\/td>\n<td width=\"236\">-40 \u2103 ~ +70 \u2103<\/td>\n<\/tr>\n<\/tbody>\n<\/table>\n<p>&nbsp;<\/p>\n<p><strong><b>Param\u00e8tres techniques de la fibre optique-SM<\/b><\/strong><\/p>\n<table>\n<tbody>\n<tr>\n<td rowspan=\"2\" width=\"188\"><strong><b>Param\u00e8tre<\/b><\/strong><\/td>\n<td rowspan=\"2\" width=\"117\"><strong><b>Conditions<\/b><\/strong><\/td>\n<td rowspan=\"2\" width=\"86\"><strong><b>Unit\u00e9s<\/b><\/strong><\/td>\n<td colspan=\"4\" width=\"301\"><strong><b>Valeur<\/b><\/strong><\/td>\n<\/tr>\n<tr>\n<td width=\"80\"><strong><b>G652D<\/b><\/strong><\/td>\n<td width=\"69\"><strong><b>G657A1<\/b><\/strong><\/td>\n<td width=\"74\"><strong><b>G657A2<\/b><\/strong><\/td>\n<td width=\"77\"><strong><b>G657B3<\/b><\/strong><\/td>\n<\/tr>\n<tr>\n<td colspan=\"3\" width=\"392\"><strong><b>Sp\u00e9cification optique<\/b><\/strong><\/td>\n<td colspan=\"4\" width=\"301\">&nbsp;<\/td>\n<\/tr>\n<tr>\n<td rowspan=\"6\" width=\"188\">Att\u00e9nuation<\/td>\n<td width=\"117\">850 nm<\/td>\n<td width=\"86\">dB\/km<\/td>\n<td width=\"80\">\u2013<\/td>\n<td width=\"69\">\u2013<\/td>\n<td width=\"74\">\u2013<\/td>\n<td width=\"77\">\u2013<\/td>\n<\/tr>\n<tr>\n<td width=\"117\">1300 nm<\/td>\n<td width=\"86\">dB\/km<\/td>\n<td width=\"80\">\u2013<\/td>\n<td width=\"69\">\u2013<\/td>\n<td width=\"74\">\u2013<\/td>\n<td width=\"77\">\u2013<\/td>\n<\/tr>\n<tr>\n<td width=\"117\">1310 nm<\/td>\n<td width=\"86\">dB\/km<\/td>\n<td width=\"80\">\u2264 0,350<\/td>\n<td width=\"69\">\u2264 0,350<\/td>\n<td width=\"74\">\u2264 0,350<\/td>\n<td width=\"77\">\u2264 0,350<\/td>\n<\/tr>\n<tr>\n<td width=\"117\">1383 nm<\/td>\n<td width=\"86\">dB\/km<\/td>\n<td width=\"80\">\u2264 0,330<\/td>\n<td width=\"69\">\u2264 0,350<\/td>\n<td width=\"74\">\u2264 0,350<\/td>\n<td width=\"77\">\u2264 0,350<\/td>\n<\/tr>\n<tr>\n<td width=\"117\">1550 nm<\/td>\n<td width=\"86\">dB\/km<\/td>\n<td width=\"80\">\u2264 0,210<\/td>\n<td width=\"69\">\u2264 0,210<\/td>\n<td width=\"74\">\u2264 0,210<\/td>\n<td width=\"77\">\u2264 0,210<\/td>\n<\/tr>\n<tr>\n<td width=\"117\">1625 nm<\/td>\n<td width=\"86\">dB\/km<\/td>\n<td width=\"80\">\u2264 0,240<\/td>\n<td width=\"69\">\u2264 0,230<\/td>\n<td width=\"74\">\u2264 0,230<\/td>\n<td width=\"77\">\u2264 0,230<\/td>\n<\/tr>\n<tr>\n<td rowspan=\"3\" width=\"188\">Att\u00e9nuation par rapport \u00e0 la longueur d'onde<\/td>\n<td width=\"117\">1310 nm VS. 1 285-1 330 nm<\/td>\n<td width=\"86\">dB\/km<\/td>\n<td width=\"80\">\u2264 0,04<\/td>\n<td width=\"69\">\u2264 0,04<\/td>\n<td width=\"74\">\u2264 0,05<\/td>\n<td width=\"77\">\u2264 0,03<\/td>\n<\/tr>\n<tr>\n<td width=\"117\">1550 nm VS. 1525-1575 nm<\/td>\n<td width=\"86\">dB\/km<\/td>\n<td width=\"80\">\u2264 0,03<\/td>\n<td width=\"69\">\u2264 0,03<\/td>\n<td width=\"74\">\u2264 0,04<\/td>\n<td width=\"77\">\u2264 0,02<\/td>\n<\/tr>\n<tr>\n<td width=\"117\">1550 nm VS. 1 480-1 580 nm<\/td>\n<td width=\"86\">dB\/km<\/td>\n<td width=\"80\">\u2264 0,04<\/td>\n<td width=\"69\">\u2013<\/td>\n<td width=\"74\">\u2013<\/td>\n<td width=\"77\">\u2013<\/td>\n<\/tr>\n<tr>\n<td width=\"188\">Longueur d'onde \u00e0 dispersion nulle<\/td>\n<td rowspan=\"2\" width=\"117\">\u2013<\/td>\n<td width=\"86\">nm<\/td>\n<td width=\"80\">1300-1324<\/td>\n<td width=\"69\">1300-1324<\/td>\n<td width=\"74\">1300-1324<\/td>\n<td width=\"77\">1300-1324<\/td>\n<\/tr>\n<tr>\n<td width=\"188\">Pente de dispersion nulle<\/td>\n<td width=\"86\">ps\/(nm<sup>2<\/sup>\u00b7km)<\/td>\n<td width=\"80\">0.073-0.092<\/td>\n<td width=\"69\">0.073-0.092<\/td>\n<td width=\"74\">0.073-0.092<\/td>\n<td width=\"77\">\u2264 0,092<\/td>\n<\/tr>\n<tr>\n<td rowspan=\"2\" width=\"188\">Dispersion<\/td>\n<td width=\"117\">1550 nm<\/td>\n<td width=\"86\">ps\/(nm\u00b7km)<\/td>\n<td width=\"80\">13.3-18.6<\/td>\n<td width=\"69\">13.3-18.6<\/td>\n<td width=\"74\">13.3-18.6<\/td>\n<td width=\"77\">&nbsp;<\/td>\n<\/tr>\n<tr>\n<td width=\"117\">1625 nm<\/td>\n<td width=\"86\">ps\/(nm\u00b7km)<\/td>\n<td width=\"80\">17.2-23.7<\/td>\n<td width=\"69\">17.2-23.7<\/td>\n<td width=\"74\">17.2-23.7<\/td>\n<td width=\"77\">&nbsp;<\/td>\n<\/tr>\n<tr>\n<td colspan=\"2\" width=\"305\">Dispersion du mode de polarisation (PMD)<\/td>\n<td width=\"86\">ps\/\u221akm<\/td>\n<td width=\"80\">\u22640,2<\/td>\n<td width=\"69\">\u22640,2<\/td>\n<td width=\"74\">\u22640,2<\/td>\n<td width=\"77\">\u22640,2<\/td>\n<\/tr>\n<tr>\n<td width=\"188\">Longueur d'onde de coupure \u03bbcc<\/td>\n<td width=\"117\">\u2013<\/td>\n<td width=\"86\">nm<\/td>\n<td width=\"80\">\u22641260<\/td>\n<td width=\"69\">\u22641260<\/td>\n<td width=\"74\">\u22641260<\/td>\n<td width=\"77\">\u22641260<\/td>\n<\/tr>\n<tr>\n<td rowspan=\"2\" width=\"188\">Diam\u00e8tre du champ de mode (MFD)<\/td>\n<td width=\"117\">1310 nm<\/td>\n<td width=\"86\">\u00b5m<\/td>\n<td width=\"80\">9,2 \u00b1 0,4<\/td>\n<td width=\"69\">9,2 \u00b1 0,4<\/td>\n<td width=\"74\">8,6 \u00b1 0,4<\/td>\n<td width=\"77\">8,6 \u00b1 0,4<\/td>\n<\/tr>\n<tr>\n<td width=\"117\">1550 nm<\/td>\n<td width=\"86\">\u00b5m<\/td>\n<td width=\"80\">10,4 \u00b1 0,5<\/td>\n<td width=\"69\">10,4 \u00b1 0,5<\/td>\n<td width=\"74\">9,6 \u00b1 0,5<\/td>\n<td width=\"77\">9,6 \u00b1 0,5<\/td>\n<\/tr>\n<tr>\n<td rowspan=\"2\" width=\"188\">Discontinuit\u00e9 d'att\u00e9nuation<\/td>\n<td width=\"117\">1310 nm<\/td>\n<td width=\"86\">dB<\/td>\n<td width=\"80\">\u22640,03<\/td>\n<td width=\"69\">\u22640,03<\/td>\n<td width=\"74\">\u22640,03<\/td>\n<td width=\"77\">\u22640,03<\/td>\n<\/tr>\n<tr>\n<td width=\"117\">1550 nm<\/td>\n<td width=\"86\">dB<\/td>\n<td width=\"80\">\u22640,03<\/td>\n<td width=\"69\">\u22640,03<\/td>\n<td width=\"74\">\u22640,03<\/td>\n<td width=\"77\">\u22640,03<\/td>\n<\/tr>\n<tr>\n<td rowspan=\"2\" width=\"188\">Att\u00e9nuation bidirectionnelle<\/td>\n<td width=\"117\">1310 nm<\/td>\n<td width=\"86\">dB\/km<\/td>\n<td width=\"80\">\u22640,04<\/td>\n<td width=\"69\">&nbsp;<\/td>\n<td width=\"74\">&nbsp;<\/td>\n<td width=\"77\">\u22640,05<\/td>\n<\/tr>\n<tr>\n<td width=\"117\">1550 nm<\/td>\n<td width=\"86\">dB\/km<\/td>\n<td width=\"80\">\u22640,04<\/td>\n<td width=\"69\">&nbsp;<\/td>\n<td width=\"74\">&nbsp;<\/td>\n<td width=\"77\">\u22640,05<\/td>\n<\/tr>\n<tr>\n<td colspan=\"3\" width=\"392\"><strong><b>G\u00e9om\u00e9trique<\/b><\/strong><\/td>\n<td colspan=\"4\" width=\"301\">&nbsp;<\/td>\n<\/tr>\n<tr>\n<td colspan=\"2\" width=\"305\">Diam\u00e8tre du rev\u00eatement<\/td>\n<td width=\"86\">\u00b5m<\/td>\n<td width=\"80\">125 \u00b1 0,7<\/td>\n<td width=\"69\">125 \u00b1 0,7<\/td>\n<td width=\"74\">125 \u00b1 0,7<\/td>\n<td width=\"77\">125 \u00b1 0,7<\/td>\n<\/tr>\n<tr>\n<td colspan=\"2\" width=\"305\">Non-circularit\u00e9 du rev\u00eatement<\/td>\n<td width=\"86\">%<\/td>\n<td width=\"80\">\u22641,0<\/td>\n<td width=\"69\">\u22641,0<\/td>\n<td width=\"74\">\u22640,8<\/td>\n<td width=\"77\">\u22640,7<\/td>\n<\/tr>\n<tr>\n<td colspan=\"2\" width=\"305\">Erreur de concentricit\u00e9 noyau\/gaine<\/td>\n<td width=\"86\">\u00b5m<\/td>\n<td width=\"80\">\u22640,6<\/td>\n<td width=\"69\">\u22640,5<\/td>\n<td width=\"74\">\u22640,5<\/td>\n<td width=\"77\">\u22640,5<\/td>\n<\/tr>\n<tr>\n<td colspan=\"2\" rowspan=\"2\" width=\"305\">Diam\u00e8tre du rev\u00eatement (non color\u00e9)<\/td>\n<td width=\"86\">\u00b5m<\/td>\n<td colspan=\"4\" width=\"301\">242 \u00b1 7 (standard)<\/td>\n<\/tr>\n<tr>\n<td width=\"86\">\u00b5m<\/td>\n<td colspan=\"4\" width=\"301\">200 \u00b1 10 (facultatif)<\/td>\n<\/tr>\n<tr>\n<td colspan=\"2\" width=\"305\">Erreur de concentricit\u00e9 du rev\u00eatement\/rev\u00eatement<\/td>\n<td width=\"86\">\u00b5m<\/td>\n<td width=\"80\">\u226412<\/td>\n<td width=\"69\">\u226412<\/td>\n<td width=\"74\">\u226412<\/td>\n<td width=\"77\">\u226412<\/td>\n<\/tr>\n<tr>\n<td colspan=\"2\" width=\"305\">Boucler<\/td>\n<td width=\"86\">m<\/td>\n<td width=\"80\">\u22654<\/td>\n<td width=\"69\">\u22654<\/td>\n<td width=\"74\">\u22654<\/td>\n<td width=\"77\">\u22654<\/td>\n<\/tr>\n<tr>\n<td colspan=\"3\" width=\"392\"><strong><b>Environnemental (1 550 nm, 1 625 nm)<\/b><\/strong><\/td>\n<td colspan=\"4\" width=\"301\">&nbsp;<\/td>\n<\/tr>\n<tr>\n<td width=\"188\">Cyclisme de temp\u00e9rature<\/td>\n<td width=\"117\">-60\u2103 \u00e0 +85\u2103<\/td>\n<td width=\"86\">dB\/km<\/td>\n<td width=\"80\">\u22640,03<\/td>\n<td width=\"69\">\u22640,05<\/td>\n<td width=\"74\">\u22640,05<\/td>\n<td width=\"77\">\u22640,05<\/td>\n<\/tr>\n<tr>\n<td width=\"188\">Haute temp\u00e9rature et<\/p>\n<p>Humidit\u00e9 \u00e9lev\u00e9e<\/td>\n<td width=\"117\">85 \u2103, 85% RH, 30 jours<\/td>\n<td width=\"86\">dB\/km<\/td>\n<td width=\"80\">\u22640,03<\/td>\n<td width=\"69\">\u22640,05<\/td>\n<td width=\"74\">\u22640,05<\/td>\n<td width=\"77\">\u22640,05<\/td>\n<\/tr>\n<tr>\n<td width=\"188\">Immersion dans l'eau<\/td>\n<td width=\"117\">23\u2103, 30 jours<\/td>\n<td width=\"86\">dB\/km<\/td>\n<td width=\"80\">\u22640,03<\/td>\n<td width=\"69\">\u22640,05<\/td>\n<td width=\"74\">\u22640,05<\/td>\n<td width=\"77\">\u22640,05<\/td>\n<\/tr>\n<tr>\n<td width=\"188\">Vieillissement \u00e0 haute temp\u00e9rature<\/td>\n<td width=\"117\">85 \u2103, 30 jours<\/td>\n<td width=\"86\">dB\/km<\/td>\n<td width=\"80\">\u22640,03<\/td>\n<td width=\"69\">\u22640,05<\/td>\n<td width=\"74\">\u22640,05<\/td>\n<td width=\"77\">\u22640,05<\/td>\n<\/tr>\n<\/tbody>\n<\/table>\n<p><strong><b>\u00a0<\/b><\/strong><\/p>\n<p><strong><b>Param\u00e8tres techniques de la fibre optique-MM<\/b><\/strong><\/p>\n<table>\n<tbody>\n<tr>\n<td rowspan=\"2\" width=\"203\"><strong><b>Caract\u00e9ristiques<\/b><\/strong><\/td>\n<td rowspan=\"2\" width=\"92\"><strong><b>Conditions<\/b><\/strong><\/td>\n<td rowspan=\"2\" width=\"59\"><strong><b>unit\u00e9<\/b><\/strong><\/td>\n<td colspan=\"5\" width=\"345\"><strong><b>Valeur<\/b><\/strong><\/td>\n<\/tr>\n<tr>\n<td width=\"87\"><strong><b>OM1<\/b><\/strong><\/td>\n<td width=\"91\"><strong><b>OM2<\/b><\/strong><\/td>\n<td width=\"57\"><strong><b>OM2+<\/b><\/strong><\/td>\n<td width=\"53\"><strong><b>OM3<\/b><\/strong><\/td>\n<td width=\"54\"><strong><b>OM4<\/b><\/strong><\/td>\n<\/tr>\n<tr>\n<td colspan=\"8\" width=\"700\"><strong><b>Optique <\/b><\/strong><strong><b>Caract\u00e9ristiques<\/b><\/strong><\/td>\n<\/tr>\n<tr>\n<td rowspan=\"2\" width=\"203\">Att\u00e9nuation<\/td>\n<td width=\"92\">850 nm<\/td>\n<td width=\"59\">dB\/km<\/td>\n<td width=\"87\">\u22642,70~\u22643,00<\/td>\n<td width=\"91\">\u22642,50<\/td>\n<td width=\"57\">\u22642,50<\/td>\n<td width=\"53\">\u22642,50<\/td>\n<td width=\"54\">\u22642,50<\/td>\n<\/tr>\n<tr>\n<td width=\"92\">1300 nm<\/td>\n<td width=\"59\">dB\/km<\/td>\n<td width=\"87\">\u22640,60~\u22641,00<\/td>\n<td width=\"91\">\u22640,70<\/td>\n<td width=\"57\">\u22640,70<\/td>\n<td width=\"53\">\u22640,70<\/td>\n<td width=\"54\">\u22640,70<\/td>\n<\/tr>\n<tr>\n<td rowspan=\"2\" width=\"203\">Bande passante modale minimale<\/td>\n<td width=\"92\">850 nm<\/td>\n<td width=\"59\">MHz.km<\/td>\n<td width=\"87\">\u2265200~\u2265100<\/td>\n<td width=\"91\">\u2265500~\u2265200<\/td>\n<td width=\"57\">\u2013<\/td>\n<td width=\"53\">\u2013<\/td>\n<td width=\"54\">\u2013<\/td>\n<\/tr>\n<tr>\n<td width=\"92\">1300 nm<\/td>\n<td width=\"59\">MHz.km<\/td>\n<td width=\"87\">\u2265600~\u2265160<\/td>\n<td width=\"91\">\u22651200~\u2265400<\/td>\n<td width=\"57\">\u2013<\/td>\n<td width=\"53\">\u2013<\/td>\n<td width=\"54\">\u2013<\/td>\n<\/tr>\n<tr>\n<td rowspan=\"2\" width=\"203\">Bande passante de lancement trop remplie<\/td>\n<td width=\"92\">850 nm<\/td>\n<td width=\"59\">MHz.km<\/td>\n<td width=\"87\">\u2013<\/td>\n<td width=\"91\">\u2013<\/td>\n<td width=\"57\">\u2265700<\/td>\n<td width=\"53\">\u22651500<\/td>\n<td width=\"54\">\u22653500<\/td>\n<\/tr>\n<tr>\n<td width=\"92\">1300 nm<\/td>\n<td width=\"59\">MHz.km<\/td>\n<td width=\"87\">\u2013<\/td>\n<td width=\"91\">\u2013<\/td>\n<td width=\"57\">\u2265500<\/td>\n<td width=\"53\">\u2265500<\/td>\n<td width=\"54\">\u2265500<\/td>\n<\/tr>\n<tr>\n<td width=\"203\">Bande passante modale effective<\/td>\n<td width=\"92\">850 nm<\/td>\n<td width=\"59\">MHz.km<\/td>\n<td width=\"87\">\u2013<\/td>\n<td width=\"91\">\u2013<\/td>\n<td width=\"57\">\u2265950<\/td>\n<td width=\"53\">\u22652000<\/td>\n<td width=\"54\">\u22654700<\/td>\n<\/tr>\n<tr>\n<td width=\"203\">Ouverture num\u00e9rique<\/td>\n<td width=\"92\">&nbsp;<\/td>\n<td width=\"59\">&nbsp;<\/td>\n<td width=\"87\">0,275 \u00b1 0,015<\/td>\n<td colspan=\"4\" width=\"257\">0.18~0.215<\/td>\n<\/tr>\n<tr>\n<td width=\"203\">Longueur de liaison Ethernet 10 Gb\/s<\/td>\n<td width=\"92\">&nbsp;<\/td>\n<td width=\"59\">M<\/td>\n<td width=\"87\">\u2013<\/td>\n<td width=\"91\">\u2013<\/td>\n<td width=\"57\">150<\/td>\n<td width=\"53\">300<\/td>\n<td width=\"54\">550<\/td>\n<\/tr>\n<tr>\n<td colspan=\"8\" width=\"700\"><strong><b>Caract\u00e9ristiques de r\u00e9trodiffusion (1 300 nm)<\/b><\/strong><\/td>\n<\/tr>\n<tr>\n<td colspan=\"2\" width=\"296\">Irr\u00e9gularit\u00e9s sur la longueur des fibres et discontinuit\u00e9 ponctuelle<\/td>\n<td width=\"59\">dB<\/td>\n<td colspan=\"5\" width=\"345\">\u22640,1<\/td>\n<\/tr>\n<tr>\n<td colspan=\"2\" width=\"296\">Uniformit\u00e9 de l'att\u00e9nuation<\/td>\n<td width=\"59\">dB<\/td>\n<td colspan=\"5\" width=\"345\">\u22640,1<\/td>\n<\/tr>\n<tr>\n<td colspan=\"2\" width=\"296\">Pas (Moyenne de bidirectionnel (mesure)<\/td>\n<td width=\"59\">dB\/km<\/td>\n<td colspan=\"5\" width=\"345\">\u22640,1<\/td>\n<\/tr>\n<tr>\n<td colspan=\"8\" width=\"700\"><strong><b>G\u00e9om\u00e9trie <\/b><\/strong><strong><b>Caract\u00e9ristiques<\/b><\/strong><\/td>\n<\/tr>\n<tr>\n<td colspan=\"2\" width=\"296\">Diam\u00e8tre du noyau<\/td>\n<td width=\"59\">\u00b5m<\/td>\n<td width=\"87\">62,5\u00b12,5<\/td>\n<td colspan=\"4\" width=\"257\">50\u00b12,5<\/td>\n<\/tr>\n<tr>\n<td colspan=\"2\" width=\"296\">Non-circularit\u00e9 du noyau<\/td>\n<td width=\"59\">%<\/td>\n<td colspan=\"5\" width=\"345\">\u22645,0<\/td>\n<\/tr>\n<tr>\n<td colspan=\"2\" width=\"296\">Diam\u00e8tre du rev\u00eatement<\/td>\n<td width=\"59\">\u00b5m<\/td>\n<td colspan=\"5\" width=\"345\">124,3 \u00b1 0,7<\/td>\n<\/tr>\n<tr>\n<td colspan=\"2\" width=\"296\">Non-circularit\u00e9 du rev\u00eatement<\/td>\n<td width=\"59\">%<\/td>\n<td colspan=\"5\" width=\"345\">\u22642,0<\/td>\n<\/tr>\n<tr>\n<td colspan=\"2\" width=\"296\">Erreur de concentricit\u00e9 noyau\/gaine<\/td>\n<td width=\"59\">\u00b5m<\/td>\n<td colspan=\"5\" width=\"345\">\u22641,5<\/td>\n<\/tr>\n<tr>\n<td colspan=\"2\" width=\"296\">Diam\u00e8tre du rev\u00eatement<\/td>\n<td width=\"59\">\u00b5m<\/td>\n<td colspan=\"5\" width=\"345\">245 \u00b1 10<\/td>\n<\/tr>\n<tr>\n<td colspan=\"2\" width=\"296\">Erreur de concentricit\u00e9 du rev\u00eatement\/du rev\u00eatement<\/td>\n<td width=\"59\">\u00b5m<\/td>\n<td colspan=\"5\" width=\"345\">\u226412,0<\/td>\n<\/tr>\n<tr>\n<td colspan=\"2\" width=\"296\">Dur\u00e9e de livraison<\/td>\n<td width=\"59\">km\/bobine<\/td>\n<td colspan=\"5\" width=\"345\">\uff5e16,8<\/td>\n<\/tr>\n<tr>\n<td colspan=\"8\" width=\"700\"><strong><b>Caract\u00e9ristiques environnementales (850 nm et 1 300 nm)<\/b><\/strong><\/td>\n<\/tr>\n<tr>\n<td width=\"203\">Att\u00e9nuation induite par la d\u00e9pendance \u00e0 la temp\u00e9rature<\/td>\n<td width=\"92\">-60 \u2103 ~ + 85 \u2103<\/td>\n<td width=\"59\">dB\/km<\/td>\n<td colspan=\"5\" width=\"345\">\u22640,10<\/td>\n<\/tr>\n<tr>\n<td width=\"203\">Temp\u00e9rature-humidit\u00e9             att\u00e9nuation d\u00e9duite du cycle<\/td>\n<td width=\"92\">-10 \u2103 ~ + 85 \u2103, 98%RH<\/td>\n<td width=\"59\">dB\/km<\/td>\n<td colspan=\"5\" width=\"345\">\u22640,10<\/td>\n<\/tr>\n<tr>\n<td width=\"203\">D\u00e9pendance au trempage dans l'eau   att\u00e9nuation induite<\/td>\n<td width=\"92\">23 \u2103 \u00b1 2 \u2103, 30 jours<\/td>\n<td width=\"59\">dB\/km<\/td>\n<td colspan=\"5\" width=\"345\">\u22640,10<\/td>\n<\/tr>\n<tr>\n<td width=\"203\">D\u00e9pendance \u00e0 la chaleur humide   att\u00e9nuation induite<\/td>\n<td width=\"92\">85 \u2103 \u00b1 2 \u2103 et 85%RH, 30 jours<\/td>\n<td width=\"59\">dB\/km<\/td>\n<td colspan=\"5\" width=\"345\">\u22640,10<\/td>\n<\/tr>\n<tr>\n<td width=\"203\">Vieillissement \u00e0 la chaleur s\u00e8che<\/td>\n<td width=\"92\">85 \u2103 \u00b1 2 \u2103<\/td>\n<td width=\"59\">dB\/km<\/td>\n<td colspan=\"5\" width=\"345\">\u22640,10<\/td>\n<\/tr>\n<\/tbody>\n<\/table>\n<p>&nbsp;<\/p>\n<p><strong>Candidature<\/strong><\/p>\n<p>Utilis\u00e9 dans les tresses et les cordons de brassage<\/p>\n<p>Utilis\u00e9 comme lignes d'\u00e9quipement d'interconnexion et utilis\u00e9 dans les connexions optiques dans les salles de communication optique et les r\u00e9partiteurs optiques<\/p>","protected":false},"excerpt":{"rendered":"<p>La fibre tamponn\u00e9e de 900 um est produite car la fibre est gain\u00e9e d'un mat\u00e9riau tampon en LSZH, PVC, nylon et Hytrel. La s\u00e9lection de fibres de qualit\u00e9 sup\u00e9rieure, d'\u00e9quipements de production sp\u00e9cifiques et d'une fili\u00e8re con\u00e7ue avec pr\u00e9cision garantissent les meilleures performances du produit.   Caract\u00e9ristiques : S\u00e9lectionnez une fibre de qualit\u00e9 pour garantir d'excellentes performances de transmission. Adoptez un contr\u00f4le strict des processus et des mati\u00e8res premi\u00e8res pour garantir la dur\u00e9e de vie [\u2026]<\/p>","protected":false},"featured_media":11475,"comment_status":"closed","ping_status":"closed","template":"","meta":{"site-sidebar-layout":"default","site-content-layout":"","ast-site-content-layout":"default","site-content-style":"default","site-sidebar-style":"default","ast-global-header-display":"","ast-banner-title-visibility":"","ast-main-header-display":"","ast-hfb-above-header-display":"","ast-hfb-below-header-display":"","ast-hfb-mobile-header-display":"","site-post-title":"","ast-breadcrumbs-content":"","ast-featured-img":"","footer-sml-layout":"","theme-transparent-header-meta":"default","adv-header-id-meta":"","stick-header-meta":"default","header-above-stick-meta":"","header-main-stick-meta":"","header-below-stick-meta":"","astra-migrate-meta-layouts":"set","ast-page-background-enabled":"default","ast-page-background-meta":{"desktop":{"background-color":"var(--ast-global-color-4)","background-image":"","background-repeat":"repeat","background-position":"center center","background-size":"auto","background-attachment":"scroll","background-type":"","background-media":"","overlay-type":"","overlay-color":"","overlay-gradient":""},"tablet":{"background-color":"","background-image":"","background-repeat":"repeat","background-position":"center center","background-size":"auto","background-attachment":"scroll","background-type":"","background-media":"","overlay-type":"","overlay-color":"","overlay-gradient":""},"mobile":{"background-color":"","background-image":"","background-repeat":"repeat","background-position":"center center","background-size":"auto","background-attachment":"scroll","background-type":"","background-media":"","overlay-type":"","overlay-color":"","overlay-gradient":""}},"ast-content-background-meta":{"desktop":{"background-color":"var(--ast-global-color-5)","background-image":"","background-repeat":"repeat","background-position":"center center","background-size":"auto","background-attachment":"scroll","background-type":"","background-media":"","overlay-type":"","overlay-color":"","overlay-gradient":""},"tablet":{"background-color":"var(--ast-global-color-5)","background-image":"","background-repeat":"repeat","background-position":"center center","background-size":"auto","background-attachment":"scroll","background-type":"","background-media":"","overlay-type":"","overlay-color":"","overlay-gradient":""},"mobile":{"background-color":"var(--ast-global-color-5)","background-image":"","background-repeat":"repeat","background-position":"center center","background-size":"auto","background-attachment":"scroll","background-type":"","background-media":"","overlay-type":"","overlay-color":"","overlay-gradient":""}}},"product_cat":[152,128],"product_tag":[],"class_list":{"0":"post-11473","1":"product","2":"type-product","3":"status-publish","4":"has-post-thumbnail","6":"product_cat-1f-fo-cable","7":"product_cat-indoor-cable","8":"desktop-align-left","9":"tablet-align-left","10":"mobile-align-left","11":"ast-product-gallery-layout-horizontal-slider","12":"ast-product-tabs-layout-horizontal","14":"first","15":"instock","16":"shipping-taxable","17":"product-type-simple"},"acf":[],"_links":{"self":[{"href":"https:\/\/www.omccable.com\/fr\/wp-json\/wp\/v2\/product\/11473","targetHints":{"allow":["GET"]}}],"collection":[{"href":"https:\/\/www.omccable.com\/fr\/wp-json\/wp\/v2\/product"}],"about":[{"href":"https:\/\/www.omccable.com\/fr\/wp-json\/wp\/v2\/types\/product"}],"replies":[{"embeddable":true,"href":"https:\/\/www.omccable.com\/fr\/wp-json\/wp\/v2\/comments?post=11473"}],"version-history":[{"count":1,"href":"https:\/\/www.omccable.com\/fr\/wp-json\/wp\/v2\/product\/11473\/revisions"}],"predecessor-version":[{"id":11480,"href":"https:\/\/www.omccable.com\/fr\/wp-json\/wp\/v2\/product\/11473\/revisions\/11480"}],"wp:featuredmedia":[{"embeddable":true,"href":"https:\/\/www.omccable.com\/fr\/wp-json\/wp\/v2\/media\/11475"}],"wp:attachment":[{"href":"https:\/\/www.omccable.com\/fr\/wp-json\/wp\/v2\/media?parent=11473"}],"wp:term":[{"taxonomy":"product_cat","embeddable":true,"href":"https:\/\/www.omccable.com\/fr\/wp-json\/wp\/v2\/product_cat?post=11473"},{"taxonomy":"product_tag","embeddable":true,"href":"https:\/\/www.omccable.com\/fr\/wp-json\/wp\/v2\/product_tag?post=11473"}],"curies":[{"name":"wp","href":"https:\/\/api.w.org\/{rel}","templated":true}]}}