{"id":11467,"date":"2024-07-11T13:55:42","date_gmt":"2024-07-11T05:55:42","guid":{"rendered":"https:\/\/www.omccable.com\/?post_type=product&#038;p=11467"},"modified":"2024-09-05T16:21:11","modified_gmt":"2024-09-05T08:21:11","slug":"96f%ef%bc%888x12f%ef%bc%89micro-fiber-armored-9-0mm-od-cable","status":"publish","type":"product","link":"https:\/\/www.omccable.com\/fr\/produit\/96f%ef%bc%888x12f%ef%bc%89micro-fiber-armored-9-0mm-od-cable\/","title":{"rendered":"96F (8x12F) C\u00e2ble blind\u00e9 en microfibre de 9,0 mm OD"},"content":{"rendered":"<p>Le c\u00e2ble blind\u00e9 est un c\u00e2ble sp\u00e9cial avec un tube en acier inoxydable \u00e0 l'int\u00e9rieur du c\u00e2ble qui pourrait prot\u00e9ger la fibre contre les morsures des fourmis et des rongeurs apparent\u00e9s aux souris.<\/p>\n<p>Le <strong><b>96<\/b><\/strong><strong><b>F<\/b><\/strong><strong><b>\uff08<\/b><\/strong><strong><b>8<\/b><\/strong><strong><b>x12F<\/b><\/strong><strong><b>\uff09<\/b><\/strong><strong><b>Blind\u00e9 en microfibre <\/b><\/strong><strong><b>9<\/b><\/strong><strong><b>.C\u00e2ble de 0,0 mm de diam\u00e8tre ext\u00e9rieur<\/b><\/strong>\u00a0se compose de 8 sous-c\u00e2bles en microfibres de 1,4 mm, un fil d'aramide recouvrant ces c\u00e2bles de 8 \u00d7 1,4 mm, puis un tube m\u00e9tallique flexible blind\u00e9 recouvert d'une gaine int\u00e9rieure, enfin une couche de fil d'aramide et une gaine ext\u00e9rieure en LSZH ou PE ou PVC terminent ce c\u00e2ble.<\/p>\n<p>C'est un choix id\u00e9al pour une connexion directe. Il s\u2019agit du c\u00e2ble \u00e0 fibre optique le plus simple \u00e0 installer lorsqu\u2019une terminaison directe des connecteurs vers les sous-unit\u00e9s et un acheminement direct vers les panneaux et les \u00e9quipements sont souhait\u00e9s.<\/p>\n<p>Ce c\u00e2ble pourrait \u00eatre utilis\u00e9 comme fil \u00e9lectrique normal.<\/p>\n<p>&nbsp;<\/p>\n<p><strong>Caract\u00e9ristiques :<\/strong><\/p>\n<ul>\n<li>Haute anti-tension ; Haute anti-pression<\/li>\n<li>Haute r\u00e9sistance \u00e0 la courbure ; Anti-morsure d'animaux rongeurs<\/li>\n<li>Petit tube de protection en acier inoxydable OD<\/li>\n<li>Ne vous inqui\u00e9tez pas des dommages caus\u00e9s au projet<\/li>\n<li>Facile \u00e0 entretenir<\/li>\n<li>Ce c\u00e2ble pourrait \u00eatre utilis\u00e9 comme fil \u00e9lectrique normal.<\/li>\n<\/ul>\n<p>&nbsp;<\/p>\n<p><strong>D\u00e9tail des produits :<\/strong><\/p>\n<table>\n<tbody>\n<tr>\n<td width=\"154\"><strong>Article<\/strong><\/td>\n<td width=\"112\"><strong>Sommaire<\/strong><\/td>\n<td width=\"83\"><strong>Unit\u00e9<\/strong><\/td>\n<td width=\"335\"><strong>Valeur<\/strong><\/td>\n<\/tr>\n<tr>\n<td width=\"154\">Type de fibre<\/td>\n<td width=\"112\">\/<\/td>\n<td width=\"83\">\/<\/td>\n<td width=\"335\">SMG652D;G657A,OM1,OM2,OM3,OM4<\/td>\n<\/tr>\n<tr>\n<td width=\"154\">Diam\u00e8tre du c\u00e2ble<\/td>\n<td width=\"112\">\u00b10,3<\/td>\n<td width=\"83\">mm<\/td>\n<td width=\"335\">9,0 \u00b1 0,3<\/td>\n<\/tr>\n<tr>\n<td rowspan=\"3\" width=\"154\">Sous-c\u00e2ble<\/td>\n<td width=\"112\">Mat\u00e9riel<\/td>\n<td width=\"83\">\/<\/td>\n<td width=\"335\">PVC,LSZH<\/td>\n<\/tr>\n<tr>\n<td width=\"112\">Couleur<\/td>\n<td width=\"83\">\/<\/td>\n<td width=\"335\">Bleu, Orange, Vert, Marron, Gris, Blanc,<\/p>\n<p>Rouge, noir, jaune, violet, rose, aqua<\/td>\n<\/tr>\n<tr>\n<td width=\"112\">Diam\u00e8tre<\/td>\n<td width=\"83\">mm<\/td>\n<td width=\"335\">1,4 mm<\/td>\n<\/tr>\n<tr>\n<td rowspan=\"2\" width=\"154\">Unit\u00e9 blind\u00e9e<\/td>\n<td width=\"112\">Mat\u00e9riel<\/td>\n<td width=\"83\">\/<\/td>\n<td width=\"335\">Tube spiral\u00e9 en acier inoxydable SUS204<\/td>\n<\/tr>\n<tr>\n<td width=\"112\">Diam\u00e8tre<\/td>\n<td width=\"83\">mm<\/td>\n<td width=\"335\">6,5 \u00b1 0,1<\/td>\n<\/tr>\n<tr>\n<td width=\"154\">Membre de force<\/td>\n<td width=\"112\">Mat\u00e9riel<\/td>\n<td width=\"83\">\/<\/td>\n<td width=\"335\">Fil d'aramide<\/td>\n<\/tr>\n<tr>\n<td rowspan=\"2\" width=\"154\">Gaine ext\u00e9rieure<\/td>\n<td width=\"112\">mat\u00e9riel<\/td>\n<td width=\"83\">\/<\/td>\n<td width=\"335\">LSZH, PE, PVC, TPU, OFNP<\/td>\n<\/tr>\n<tr>\n<td width=\"112\">Couleur<\/td>\n<td width=\"83\">\/<\/td>\n<td width=\"335\">Bleu, Jaune, Noir, Orange, Gris, Aqua<\/td>\n<\/tr>\n<tr>\n<td width=\"154\">Poids du c\u00e2ble<\/td>\n<td width=\"112\">\u00b15%<\/td>\n<td width=\"83\">kg\/km<\/td>\n<td width=\"335\">90<\/td>\n<\/tr>\n<\/tbody>\n<\/table>\n<p><strong>\u00a0<\/strong><\/p>\n<p><strong><b>Performances M\u00e9caniques et Environnementales<\/b><\/strong><\/p>\n<table>\n<tbody>\n<tr>\n<td width=\"221\"><strong>Article<\/strong><\/td>\n<td width=\"206\"><strong>Sommaire<\/strong><\/td>\n<td width=\"245\"><strong>Valeur<\/strong><\/td>\n<\/tr>\n<tr>\n<td rowspan=\"2\" width=\"221\">Max. charge de traction<\/td>\n<td width=\"206\">Court terme<\/td>\n<td width=\"245\">Souche de fibre 1200N\u22640,6%<\/td>\n<\/tr>\n<tr>\n<td width=\"206\">\u00c0 long terme<\/td>\n<td width=\"245\">800N<\/td>\n<\/tr>\n<tr>\n<td rowspan=\"2\" width=\"221\">Max. r\u00e9sistance \u00e0 l'\u00e9crasement<\/td>\n<td width=\"206\">Court terme<\/td>\n<td width=\"245\">3000N\/100mm<\/td>\n<\/tr>\n<tr>\n<td width=\"206\">\u00c0 long terme<\/td>\n<td width=\"245\">1500N\/100mm<\/td>\n<\/tr>\n<tr>\n<td rowspan=\"2\" width=\"221\">Min. rayon de courbure<\/td>\n<td width=\"206\">Installation<\/td>\n<td width=\"245\">40 x diam\u00e8tre du c\u00e2ble<\/td>\n<\/tr>\n<tr>\n<td width=\"206\">Op\u00e9ration<\/td>\n<td width=\"245\">20 x diam\u00e8tre du c\u00e2ble<\/td>\n<\/tr>\n<tr>\n<td rowspan=\"3\" width=\"221\">Plage de temp\u00e9rature<\/td>\n<td width=\"206\">Op\u00e9ration<\/td>\n<td width=\"245\">-20 \u2103 ~ +70 \u2103<\/td>\n<\/tr>\n<tr>\n<td width=\"206\">Installation<\/td>\n<td width=\"245\">-20 \u2103 ~ +60 \u2103<\/td>\n<\/tr>\n<tr>\n<td width=\"206\">Stockage\/transport<\/td>\n<td width=\"245\">-20 \u2103 ~ +70 \u2103<\/td>\n<\/tr>\n<\/tbody>\n<\/table>\n<p><strong>\u00a0<\/strong><\/p>\n<p><strong><b>Param\u00e8tres techniques de la fibre optique<\/b><\/strong><\/p>\n<table>\n<tbody>\n<tr>\n<td colspan=\"2\" width=\"254\"><strong>Style fibre<\/strong><\/td>\n<td width=\"94\"><strong>Unit\u00e9<\/strong><\/td>\n<td width=\"94\"><strong>SM9\/125<\/strong><\/td>\n<td width=\"103\"><strong>MM50\/125<\/strong><\/td>\n<td width=\"139\"><strong>MM62,5\/125<\/strong><\/td>\n<\/tr>\n<tr>\n<td colspan=\"2\" width=\"254\">\u00c9tat<\/td>\n<td width=\"94\">nm<\/td>\n<td width=\"94\">1310\/1550<\/td>\n<td width=\"103\">850\/1300<\/td>\n<td width=\"139\">850\/1300<\/td>\n<\/tr>\n<tr>\n<td colspan=\"2\" width=\"254\">Att\u00e9nuation<\/td>\n<td width=\"94\">dB\/km<\/td>\n<td width=\"94\">\u22640,34\/0,2<\/td>\n<td width=\"103\">\u22643,0\/1,0<\/td>\n<td width=\"139\">\u22643,0\/1,0<\/td>\n<\/tr>\n<tr>\n<td rowspan=\"2\" width=\"141\">Dispersion<\/td>\n<td width=\"113\">1310 nm<\/td>\n<td width=\"94\">Ps\/(nm*km)<\/td>\n<td width=\"94\">\u226418<\/td>\n<td width=\"103\">\u2026..<\/td>\n<td width=\"139\">\u2026..<\/td>\n<\/tr>\n<tr>\n<td width=\"113\">1550 nm<\/td>\n<td width=\"94\">Ps\/(nm*km)<\/td>\n<td width=\"94\">\u226422<\/td>\n<td width=\"103\">\u2026..<\/td>\n<td width=\"139\">\u2026..<\/td>\n<\/tr>\n<tr>\n<td rowspan=\"2\" width=\"141\">Bande passante<\/td>\n<td width=\"113\">850 nm<\/td>\n<td width=\"94\">MHz. KM<\/td>\n<td width=\"94\">\u2026..<\/td>\n<td width=\"103\">\u2267400<\/td>\n<td width=\"139\">\u2267160<\/td>\n<\/tr>\n<tr>\n<td width=\"113\">1300 nm<\/td>\n<td width=\"94\">MHz. KM<\/td>\n<td width=\"94\">\u2026..<\/td>\n<td width=\"103\">\u2267800<\/td>\n<td width=\"139\">\u2267500<\/td>\n<\/tr>\n<tr>\n<td colspan=\"2\" width=\"254\">Longueur d'onde \u00e0 dispersion nulle<\/td>\n<td width=\"94\">nm<\/td>\n<td width=\"94\">\u22671302,<\/p>\n<p>\u22641322<\/td>\n<td width=\"103\">\u2026..<\/td>\n<td width=\"139\">\u2026..<\/td>\n<\/tr>\n<tr>\n<td colspan=\"2\" width=\"254\">Pente de dispersion nulle<\/td>\n<td width=\"94\">nm<\/td>\n<td width=\"94\">\u22640,091<\/td>\n<td width=\"103\">\u2026..<\/td>\n<td width=\"139\">\u2026..<\/td>\n<\/tr>\n<tr>\n<td colspan=\"2\" width=\"254\">Fibre individuelle maximale PMD<\/td>\n<td width=\"94\"><\/td>\n<td width=\"94\">\u22640,2<\/td>\n<td width=\"103\">\u2026..<\/td>\n<td width=\"139\">\u2026..<\/td>\n<\/tr>\n<tr>\n<td colspan=\"2\" width=\"254\">Valeur du lien de conception PMD<\/td>\n<td width=\"94\">Ps(nm2*km)<\/td>\n<td width=\"94\">\u22640,08<\/td>\n<td width=\"103\">\u2026..<\/td>\n<td width=\"139\">\u2026..<\/td>\n<\/tr>\n<tr>\n<td colspan=\"2\" width=\"254\">Longueur d'onde de coupure de la fibre \u03bbc<\/td>\n<td width=\"94\">nm<\/td>\n<td width=\"94\">\u22671180,<\/p>\n<p>\u22641330<\/td>\n<td width=\"103\">\u2026..<\/td>\n<td width=\"139\">\u2026..<\/td>\n<\/tr>\n<tr>\n<td colspan=\"2\" width=\"254\">Longueur d'onde de coupure du c\u00e2ble \u03bbcc<\/td>\n<td width=\"94\">nm<\/td>\n<td width=\"94\">\u22641260<\/td>\n<td width=\"103\">\u2026..<\/td>\n<td width=\"139\">\u2026..<\/td>\n<\/tr>\n<tr>\n<td rowspan=\"2\" width=\"141\">MFD<\/td>\n<td width=\"113\">1310 nm<\/td>\n<td width=\"94\">euh<\/td>\n<td width=\"94\">9,2 \u00b1 0,4<\/td>\n<td width=\"103\">\u2026..<\/td>\n<td width=\"139\">\u2026..<\/td>\n<\/tr>\n<tr>\n<td width=\"113\">1550 nm<\/td>\n<td width=\"94\">euh<\/td>\n<td width=\"94\">10,4 \u00b1 0,8<\/td>\n<td width=\"103\">\u2026..<\/td>\n<td width=\"139\">\u2026..<\/td>\n<\/tr>\n<tr>\n<td colspan=\"2\" width=\"254\">Ouverture num\u00e9rique (NA)<\/td>\n<td width=\"94\"><\/td>\n<td width=\"94\">\u2026\u2026<\/td>\n<td width=\"103\">0,200 \u00b1 0,015<\/td>\n<td width=\"139\">0,275 \u00b1 0,015<\/td>\n<\/tr>\n<tr>\n<td colspan=\"2\" width=\"254\">Pas (moyenne de la mesure bidirectionnelle)<\/td>\n<td width=\"94\">dB<\/td>\n<td width=\"94\">\u22640,05<\/td>\n<td width=\"103\">\u22640,10<\/td>\n<td width=\"139\">\u22640,10<\/td>\n<\/tr>\n<tr>\n<td colspan=\"2\" width=\"254\">Irr\u00e9gularit\u00e9s sur la longueur des fibres et discontinuit\u00e9 ponctuelle<\/td>\n<td width=\"94\">dB<\/td>\n<td width=\"94\">\u22640,05<\/td>\n<td width=\"103\">\u22640,10<\/td>\n<td width=\"139\">\u22640,10<\/td>\n<\/tr>\n<tr>\n<td colspan=\"2\" width=\"254\">Coefficient de r\u00e9trodiffusion de diff\u00e9rence<\/td>\n<td width=\"94\">dB\/km<\/td>\n<td width=\"94\">\u22640,03<\/td>\n<td width=\"103\">\u22640,08<\/td>\n<td width=\"139\">\u22640,10<\/td>\n<\/tr>\n<tr>\n<td colspan=\"2\" width=\"254\">Uniformit\u00e9 de l'att\u00e9nuation<\/td>\n<td width=\"94\">dB\/km<\/td>\n<td width=\"94\">\u22640,01<\/td>\n<td width=\"103\">\u2026\u2026.<\/td>\n<td width=\"139\">\u2026\u2026.<\/td>\n<\/tr>\n<tr>\n<td colspan=\"2\" width=\"254\">Diam\u00e8tre du noyau<\/td>\n<td width=\"94\">euh<\/td>\n<td width=\"94\">\u2026\u2026<\/td>\n<td width=\"103\">50 \u00b1 1,0<\/td>\n<td width=\"139\">62,5\u00b12,5<\/td>\n<\/tr>\n<tr>\n<td colspan=\"2\" width=\"254\">Diam\u00e8tre du bardage<\/td>\n<td width=\"94\">euh<\/td>\n<td width=\"94\">125,0 \u00b1 0,1<\/td>\n<td width=\"103\">125,0 \u00b1 0,1<\/td>\n<td width=\"139\">125,0 \u00b1 0,1<\/td>\n<\/tr>\n<tr>\n<td colspan=\"2\" width=\"254\">Non-circularit\u00e9 du rev\u00eatement<\/td>\n<td width=\"94\">%<\/td>\n<td width=\"94\">\u22641,0<\/td>\n<td width=\"103\">\u22641,0<\/td>\n<td width=\"139\">\u22641,0<\/td>\n<\/tr>\n<tr>\n<td colspan=\"2\" width=\"254\">Diam\u00e8tre du rev\u00eatement<\/td>\n<td width=\"94\">euh<\/td>\n<td width=\"94\">242 \u00b1 7<\/td>\n<td width=\"103\">242 \u00b1 7<\/td>\n<td width=\"139\">242 \u00b1 7<\/td>\n<\/tr>\n<tr>\n<td colspan=\"2\" width=\"254\">Erreur de concentricit\u00e9 du rev\u00eatement\/pinsonnier<\/td>\n<td width=\"94\">euh<\/td>\n<td width=\"94\">\u226412,0<\/td>\n<td width=\"103\">\u226412,0<\/td>\n<td width=\"139\">\u226412,0<\/td>\n<\/tr>\n<tr>\n<td colspan=\"2\" width=\"254\">Non circularit\u00e9 du rev\u00eatement<\/td>\n<td width=\"94\">%<\/td>\n<td width=\"94\">\u22646,0<\/td>\n<td width=\"103\">\u22646,0<\/td>\n<td width=\"139\">\u22646,0<\/td>\n<\/tr>\n<tr>\n<td colspan=\"2\" width=\"254\">Erreur de concentricit\u00e9 noyau\/gaine<\/td>\n<td width=\"94\">euh<\/td>\n<td width=\"94\">\u22640,6<\/td>\n<td width=\"103\">\u22641,5<\/td>\n<td width=\"139\">\u22641,5<\/td>\n<\/tr>\n<tr>\n<td colspan=\"2\" width=\"254\">Boucle (rayon)<\/td>\n<td width=\"94\">euh<\/td>\n<td width=\"94\">\u22644<\/td>\n<td width=\"103\">\u2026..<\/td>\n<td width=\"139\">\u2026..<\/td>\n<\/tr>\n<\/tbody>\n<\/table>\n<p>&nbsp;<\/p>\n<p><strong>Demande :<\/strong><\/p>\n<ul>\n<li>Assemblages de cordons de brassage blind\u00e9s et de tresses.<\/li>\n<li>Installation de c\u00e2blage au sol, dans un coin de mur et sur la ligne de communication principale.<\/li>\n<li>Autres ODN, FTTx<\/li>\n<li>Connexion optique d'\u00e9quipements optiques, d'instruments, etc.<\/li>\n<li>C\u00e2blage horizontal int\u00e9rieur et c\u00e2blage vertical dans les b\u00e2timents ;<\/li>\n<li>Connexions optiques telles que le c\u00e2blage longue distance, ext\u00e9rieur, de b\u00e2timent et les chemins de c\u00e2bles \u00e0 d\u00e9charge mixte opto\u00e9lectronique<\/li>\n<li>Ce c\u00e2ble optique convient au c\u00e2blage de fibre optique vers le bureau et le plafond sous les tapis.<\/li>\n<li>Le rayon de courbure minimum est petit, ce qui peut \u00eatre utilis\u00e9 pour une pose globale int\u00e9rieure et un c\u00e2blage d'unit\u00e9 de grande capacit\u00e9 et multi-clients, et peut \u00eatre utilis\u00e9 ind\u00e9pendamment pour le branchement, ce qui facilite la connexion avec divers appareils connect\u00e9s aux extr\u00e9mit\u00e9s<\/li>\n<li>Recommand\u00e9 pour le c\u00e2blage haute densit\u00e9, o\u00f9 l'espace d'installation et la courbure sont petits<\/li>\n<\/ul>\n<p><img fetchpriority=\"high\" decoding=\"async\" class=\"alignnone size-full wp-image-11376\" src=\"https:\/\/www.omccable.com\/wp-content\/uploads\/2024\/07\/Indoor-Armored-FO-cable.png\" alt=\"Indoor Armored FO cable\" width=\"1026\" height=\"506\" srcset=\"https:\/\/www.omccable.com\/wp-content\/uploads\/2024\/07\/Indoor-Armored-FO-cable.png 1026w, https:\/\/www.omccable.com\/wp-content\/uploads\/2024\/07\/Indoor-Armored-FO-cable-300x148.png 300w, https:\/\/www.omccable.com\/wp-content\/uploads\/2024\/07\/Indoor-Armored-FO-cable-800x395.png 800w, https:\/\/www.omccable.com\/wp-content\/uploads\/2024\/07\/Indoor-Armored-FO-cable-768x379.png 768w\" sizes=\"(max-width: 1026px) 100vw, 1026px\" \/><\/p>","protected":false},"excerpt":{"rendered":"<p>Le c\u00e2ble blind\u00e9 est un c\u00e2ble sp\u00e9cial avec un tube en acier inoxydable \u00e0 l'int\u00e9rieur du c\u00e2ble qui pourrait prot\u00e9ger la fibre contre les morsures des fourmis et des rongeurs apparent\u00e9s aux souris. Le c\u00e2ble blind\u00e9 en microfibre 96F \uff088x12F\uff09 de 9,0 mm de diam\u00e8tre ext\u00e9rieur se compose de 8 sous-c\u00e2bles en microfibres de 1,4 mm, d'un fil d'aramide recouvrant ce c\u00e2ble de 8 \u00d7 1,4 mm, puis d'un tube m\u00e9tallique flexible blind\u00e9 recouvert d'une gaine int\u00e9rieure, enfin [\u2026]<\/p>","protected":false},"featured_media":12205,"comment_status":"closed","ping_status":"closed","template":"","meta":{"site-sidebar-layout":"default","site-content-layout":"","ast-site-content-layout":"default","site-content-style":"default","site-sidebar-style":"default","ast-global-header-display":"","ast-banner-title-visibility":"","ast-main-header-display":"","ast-hfb-above-header-display":"","ast-hfb-below-header-display":"","ast-hfb-mobile-header-display":"","site-post-title":"","ast-breadcrumbs-content":"","ast-featured-img":"","footer-sml-layout":"","theme-transparent-header-meta":"default","adv-header-id-meta":"","stick-header-meta":"default","header-above-stick-meta":"","header-main-stick-meta":"","header-below-stick-meta":"","astra-migrate-meta-layouts":"set","ast-page-background-enabled":"default","ast-page-background-meta":{"desktop":{"background-color":"var(--ast-global-color-4)","background-image":"","background-repeat":"repeat","background-position":"center center","background-size":"auto","background-attachment":"scroll","background-type":"","background-media":"","overlay-type":"","overlay-color":"","overlay-gradient":""},"tablet":{"background-color":"","background-image":"","background-repeat":"repeat","background-position":"center center","background-size":"auto","background-attachment":"scroll","background-type":"","background-media":"","overlay-type":"","overlay-color":"","overlay-gradient":""},"mobile":{"background-color":"","background-image":"","background-repeat":"repeat","background-position":"center center","background-size":"auto","background-attachment":"scroll","background-type":"","background-media":"","overlay-type":"","overlay-color":"","overlay-gradient":""}},"ast-content-background-meta":{"desktop":{"background-color":"var(--ast-global-color-5)","background-image":"","background-repeat":"repeat","background-position":"center center","background-size":"auto","background-attachment":"scroll","background-type":"","background-media":"","overlay-type":"","overlay-color":"","overlay-gradient":""},"tablet":{"background-color":"var(--ast-global-color-5)","background-image":"","background-repeat":"repeat","background-position":"center center","background-size":"auto","background-attachment":"scroll","background-type":"","background-media":"","overlay-type":"","overlay-color":"","overlay-gradient":""},"mobile":{"background-color":"var(--ast-global-color-5)","background-image":"","background-repeat":"repeat","background-position":"center center","background-size":"auto","background-attachment":"scroll","background-type":"","background-media":"","overlay-type":"","overlay-color":"","overlay-gradient":""}}},"product_cat":[148,127],"product_tag":[],"class_list":{"0":"post-11467","1":"product","2":"type-product","3":"status-publish","4":"has-post-thumbnail","6":"product_cat-armored-microfiber-cable","7":"product_cat-indoor-armored-cable","8":"desktop-align-left","9":"tablet-align-left","10":"mobile-align-left","11":"ast-product-gallery-layout-horizontal-slider","12":"ast-product-tabs-layout-horizontal","14":"first","15":"instock","16":"shipping-taxable","17":"product-type-simple"},"acf":[],"_links":{"self":[{"href":"https:\/\/www.omccable.com\/fr\/wp-json\/wp\/v2\/product\/11467","targetHints":{"allow":["GET"]}}],"collection":[{"href":"https:\/\/www.omccable.com\/fr\/wp-json\/wp\/v2\/product"}],"about":[{"href":"https:\/\/www.omccable.com\/fr\/wp-json\/wp\/v2\/types\/product"}],"replies":[{"embeddable":true,"href":"https:\/\/www.omccable.com\/fr\/wp-json\/wp\/v2\/comments?post=11467"}],"version-history":[{"count":2,"href":"https:\/\/www.omccable.com\/fr\/wp-json\/wp\/v2\/product\/11467\/revisions"}],"predecessor-version":[{"id":12207,"href":"https:\/\/www.omccable.com\/fr\/wp-json\/wp\/v2\/product\/11467\/revisions\/12207"}],"wp:featuredmedia":[{"embeddable":true,"href":"https:\/\/www.omccable.com\/fr\/wp-json\/wp\/v2\/media\/12205"}],"wp:attachment":[{"href":"https:\/\/www.omccable.com\/fr\/wp-json\/wp\/v2\/media?parent=11467"}],"wp:term":[{"taxonomy":"product_cat","embeddable":true,"href":"https:\/\/www.omccable.com\/fr\/wp-json\/wp\/v2\/product_cat?post=11467"},{"taxonomy":"product_tag","embeddable":true,"href":"https:\/\/www.omccable.com\/fr\/wp-json\/wp\/v2\/product_tag?post=11467"}],"curies":[{"name":"wp","href":"https:\/\/api.w.org\/{rel}","templated":true}]}}