{"id":11416,"date":"2024-07-08T10:51:24","date_gmt":"2024-07-08T02:51:24","guid":{"rendered":"https:\/\/www.omccable.com\/?post_type=product&#038;p=11416"},"modified":"2024-09-05T15:48:06","modified_gmt":"2024-09-05T07:48:06","slug":"12f-micro-fiber-double-sheath-armored-cable-3-0mm-od-for-mpo","status":"publish","type":"product","link":"https:\/\/www.omccable.com\/fr\/produit\/12f-micro-fiber-double-sheath-armored-cable-3-0mm-od-for-mpo\/","title":{"rendered":"C\u00e2ble blind\u00e9 \u00e0 double gaine en microfibre 12F, diam\u00e8tre ext\u00e9rieur de 3,0 mm pour MPO"},"content":{"rendered":"<p>Le c\u00e2ble blind\u00e9 est un c\u00e2ble sp\u00e9cial avec un tube en acier inoxydable \u00e0 l'int\u00e9rieur du c\u00e2ble qui pourrait prot\u00e9ger la fibre contre les morsures des fourmis et des rongeurs apparent\u00e9s aux souris.<\/p>\n<p>Le <strong><b>12F Double gaine en microfibre C\u00e2ble blind\u00e9 OD 3,0 mm<\/b><\/strong>\u00a0se compose de 12 fibres nues de 250 \u00b5m, puis une gaine int\u00e9rieure en PVC\/LSZH recouvre ces fibres. Un tube m\u00e9tallique flexible blind\u00e9 recouvrait la gaine int\u00e9rieure. Enfin, un fil d'aramide recouvrait le tube blind\u00e9 et une gaine ext\u00e9rieure en LSZH ou PE ou PVC.<\/p>\n<p>C'est un choix id\u00e9al pour une connexion directe. Ce c\u00e2ble pourrait \u00eatre utilis\u00e9 comme fil \u00e9lectrique normal. Il s\u2019agit du c\u00e2ble \u00e0 fibre optique le plus simple \u00e0 installer lorsqu\u2019une terminaison directe des connecteurs vers les sous-unit\u00e9s et un acheminement direct vers les panneaux et les \u00e9quipements sont souhait\u00e9s.<\/p>\n<p>&nbsp;<\/p>\n<p><strong>Caract\u00e9ristiques :<\/strong><\/p>\n<ul>\n<li>Haute anti-tension ; Haute anti-pression<\/li>\n<li>Haute r\u00e9sistance \u00e0 la courbure ; Anti-morsure d'animaux rongeurs<\/li>\n<li>Petit tube de protection en acier inoxydable OD<\/li>\n<li>Ne vous inqui\u00e9tez pas des dommages caus\u00e9s au projet<\/li>\n<li>Facile \u00e0 entretenir<\/li>\n<li>Ce c\u00e2ble pourrait \u00eatre utilis\u00e9 comme fil \u00e9lectrique normal.<\/li>\n<\/ul>\n<p>&nbsp;<\/p>\n<p><strong>Demande :<\/strong><\/p>\n<ul>\n<li>Assemblages de cordons de brassage blind\u00e9s et de tresses.<\/li>\n<li>Installation de c\u00e2blage au sol, dans un coin de mur et sur la ligne de communication principale.<\/li>\n<li>Autres ODN, FTTx<\/li>\n<li>Connexion optique d'\u00e9quipements optiques, d'instruments, etc.<\/li>\n<li>C\u00e2blage horizontal int\u00e9rieur et c\u00e2blage vertical dans les b\u00e2timents ;<\/li>\n<li>Connexions optiques telles que le c\u00e2blage longue distance, ext\u00e9rieur, de b\u00e2timent et les chemins de c\u00e2bles \u00e0 d\u00e9charge mixte opto\u00e9lectronique<\/li>\n<li>Ce c\u00e2ble optique convient au c\u00e2blage de fibre optique vers le bureau et le plafond sous les tapis.<\/li>\n<li>Le rayon de courbure minimum est petit, ce qui peut \u00eatre utilis\u00e9 pour une pose globale int\u00e9rieure et un c\u00e2blage d'unit\u00e9 de grande capacit\u00e9 et multi-clients, et peut \u00eatre utilis\u00e9 ind\u00e9pendamment pour le branchement, ce qui facilite la connexion avec divers appareils connect\u00e9s aux extr\u00e9mit\u00e9s<\/li>\n<li>Recommand\u00e9 pour le c\u00e2blage haute densit\u00e9, o\u00f9 l'espace d'installation et la courbure sont petits<\/li>\n<\/ul>\n<p><img fetchpriority=\"high\" decoding=\"async\" class=\"alignnone size-full wp-image-11376\" src=\"https:\/\/www.omccable.com\/wp-content\/uploads\/2024\/07\/Indoor-Armored-FO-cable.png\" alt=\"Indoor Armored FO cable\" width=\"1026\" height=\"506\" srcset=\"https:\/\/www.omccable.com\/wp-content\/uploads\/2024\/07\/Indoor-Armored-FO-cable.png 1026w, https:\/\/www.omccable.com\/wp-content\/uploads\/2024\/07\/Indoor-Armored-FO-cable-300x148.png 300w, https:\/\/www.omccable.com\/wp-content\/uploads\/2024\/07\/Indoor-Armored-FO-cable-800x395.png 800w, https:\/\/www.omccable.com\/wp-content\/uploads\/2024\/07\/Indoor-Armored-FO-cable-768x379.png 768w\" sizes=\"(max-width: 1026px) 100vw, 1026px\" \/><\/p>","protected":false},"excerpt":{"rendered":"<p>Le c\u00e2ble blind\u00e9 est un c\u00e2ble sp\u00e9cial avec un tube en acier inoxydable \u00e0 l'int\u00e9rieur du c\u00e2ble qui pourrait prot\u00e9ger la fibre contre les morsures des fourmis et des rongeurs apparent\u00e9s aux souris. Le c\u00e2ble blind\u00e9 \u00e0 double gaine en microfibre 12F de 3,0 mm de diam\u00e8tre ext\u00e9rieur se compose de 12 fibres nues de 250 um, puis une gaine int\u00e9rieure en PVC\/LSZH recouvre ces fibres. Un tube m\u00e9tallique flexible blind\u00e9 recouvrait l'int\u00e9rieur [\u2026]<\/p>","protected":false},"featured_media":11418,"comment_status":"closed","ping_status":"closed","template":"","meta":{"site-sidebar-layout":"default","site-content-layout":"","ast-site-content-layout":"default","site-content-style":"default","site-sidebar-style":"default","ast-global-header-display":"","ast-banner-title-visibility":"","ast-main-header-display":"","ast-hfb-above-header-display":"","ast-hfb-below-header-display":"","ast-hfb-mobile-header-display":"","site-post-title":"","ast-breadcrumbs-content":"","ast-featured-img":"","footer-sml-layout":"","theme-transparent-header-meta":"default","adv-header-id-meta":"","stick-header-meta":"default","header-above-stick-meta":"","header-main-stick-meta":"","header-below-stick-meta":"","astra-migrate-meta-layouts":"set","ast-page-background-enabled":"default","ast-page-background-meta":{"desktop":{"background-color":"var(--ast-global-color-4)","background-image":"","background-repeat":"repeat","background-position":"center center","background-size":"auto","background-attachment":"scroll","background-type":"","background-media":"","overlay-type":"","overlay-color":"","overlay-gradient":""},"tablet":{"background-color":"","background-image":"","background-repeat":"repeat","background-position":"center center","background-size":"auto","background-attachment":"scroll","background-type":"","background-media":"","overlay-type":"","overlay-color":"","overlay-gradient":""},"mobile":{"background-color":"","background-image":"","background-repeat":"repeat","background-position":"center center","background-size":"auto","background-attachment":"scroll","background-type":"","background-media":"","overlay-type":"","overlay-color":"","overlay-gradient":""}},"ast-content-background-meta":{"desktop":{"background-color":"var(--ast-global-color-5)","background-image":"","background-repeat":"repeat","background-position":"center center","background-size":"auto","background-attachment":"scroll","background-type":"","background-media":"","overlay-type":"","overlay-color":"","overlay-gradient":""},"tablet":{"background-color":"var(--ast-global-color-5)","background-image":"","background-repeat":"repeat","background-position":"center center","background-size":"auto","background-attachment":"scroll","background-type":"","background-media":"","overlay-type":"","overlay-color":"","overlay-gradient":""},"mobile":{"background-color":"var(--ast-global-color-5)","background-image":"","background-repeat":"repeat","background-position":"center center","background-size":"auto","background-attachment":"scroll","background-type":"","background-media":"","overlay-type":"","overlay-color":"","overlay-gradient":""}}},"product_cat":[148,127],"product_tag":[],"class_list":{"0":"post-11416","1":"product","2":"type-product","3":"status-publish","4":"has-post-thumbnail","6":"product_cat-armored-microfiber-cable","7":"product_cat-indoor-armored-cable","8":"desktop-align-left","9":"tablet-align-left","10":"mobile-align-left","11":"ast-product-gallery-layout-horizontal-slider","12":"ast-product-tabs-layout-horizontal","14":"first","15":"instock","16":"shipping-taxable","17":"product-type-simple"},"acf":[],"_links":{"self":[{"href":"https:\/\/www.omccable.com\/fr\/wp-json\/wp\/v2\/product\/11416","targetHints":{"allow":["GET"]}}],"collection":[{"href":"https:\/\/www.omccable.com\/fr\/wp-json\/wp\/v2\/product"}],"about":[{"href":"https:\/\/www.omccable.com\/fr\/wp-json\/wp\/v2\/types\/product"}],"replies":[{"embeddable":true,"href":"https:\/\/www.omccable.com\/fr\/wp-json\/wp\/v2\/comments?post=11416"}],"version-history":[{"count":1,"href":"https:\/\/www.omccable.com\/fr\/wp-json\/wp\/v2\/product\/11416\/revisions"}],"predecessor-version":[{"id":11419,"href":"https:\/\/www.omccable.com\/fr\/wp-json\/wp\/v2\/product\/11416\/revisions\/11419"}],"wp:featuredmedia":[{"embeddable":true,"href":"https:\/\/www.omccable.com\/fr\/wp-json\/wp\/v2\/media\/11418"}],"wp:attachment":[{"href":"https:\/\/www.omccable.com\/fr\/wp-json\/wp\/v2\/media?parent=11416"}],"wp:term":[{"taxonomy":"product_cat","embeddable":true,"href":"https:\/\/www.omccable.com\/fr\/wp-json\/wp\/v2\/product_cat?post=11416"},{"taxonomy":"product_tag","embeddable":true,"href":"https:\/\/www.omccable.com\/fr\/wp-json\/wp\/v2\/product_tag?post=11416"}],"curies":[{"name":"wp","href":"https:\/\/api.w.org\/{rel}","templated":true}]}}