{"id":11297,"date":"2024-07-02T13:36:56","date_gmt":"2024-07-02T05:36:56","guid":{"rendered":"https:\/\/www.omccable.com\/?post_type=product&#038;p=11297"},"modified":"2025-07-28T09:58:35","modified_gmt":"2025-07-28T01:58:35","slug":"2-12f-6-0mm-central-loose-tube-cable-with-jellyaramid-yarn","status":"publish","type":"product","link":"https:\/\/www.omccable.com\/fr\/produit\/2-12f-6-0mm-central-loose-tube-cable-with-jellyaramid-yarn\/","title":{"rendered":"C\u00e2ble tube central l\u00e2che 2-12F 6,0 mm avec fil Jelly+Aramid"},"content":{"rendered":"<p>Le c\u00e2ble \u00e0 tube libre central 2-12F de 6,0 mm a son unit\u00e9 de fibre optique positionn\u00e9e au centre d'un tube libre PBT de haute duret\u00e9. Ce tube offre une tr\u00e8s bonne protection \u00e0 la fibre. Un fil d'aramide entoure le tube PBT. Le fil aramide offre de tr\u00e8s bonnes performances en traction au c\u00e2ble. Ensuite, le c\u00e2ble est compl\u00e9t\u00e9 par une gaine LSZH. La gaine LSZH peut \u00eatre utilis\u00e9e dans des environnements int\u00e9rieurs et ext\u00e9rieurs.<\/p>\n<p>Notre c\u00e2ble pr\u00e9sente un petit diam\u00e8tre, une r\u00e9sistance \u00e0 l'eau, une douceur et une flexibilit\u00e9. Il est facile \u00e0 d\u00e9ployer et \u00e0 entretenir. De plus, l'\u00e9l\u00e9ment de renfort non m\u00e9tallique peut fournir une protection contre la foudre et des interf\u00e9rences \u00e9lectromagn\u00e9tiques. Les c\u00e2bles de d\u00e9rivation FTTH ronds sont id\u00e9aux pour le c\u00e2blage int\u00e9rieur, le c\u00e2blage direct de l'utilisateur final et les r\u00e9seaux d'acc\u00e8s.<\/p>\n<p>&nbsp;<\/p>\n<p><strong><b>Couleur standard de la fibre et du tube<\/b><\/strong><\/p>\n<p>Le code couleur de chaque fibre doit \u00eatre conforme au tableau ci-dessous :<\/p>\n<table>\n<tbody>\n<tr>\n<td width=\"179\">Non.<\/td>\n<td width=\"86\">1<\/td>\n<td width=\"82\">2<\/td>\n<td width=\"82\">3<\/td>\n<td width=\"82\">4<\/td>\n<td width=\"82\">5<\/td>\n<td width=\"75\">6<\/td>\n<\/tr>\n<tr>\n<td width=\"179\">Couleur<\/td>\n<td width=\"86\">Bleu<\/td>\n<td width=\"82\">Orange<\/td>\n<td width=\"82\">Vert<\/td>\n<td width=\"82\">Brun<\/td>\n<td width=\"82\">Ardoise<\/td>\n<td width=\"75\">Blanc<\/td>\n<\/tr>\n<tr>\n<td width=\"179\">Non.<\/td>\n<td width=\"86\">7<\/td>\n<td width=\"82\">8<\/td>\n<td width=\"82\">9<\/td>\n<td width=\"82\">10<\/td>\n<td width=\"82\">11<\/td>\n<td width=\"75\">12<\/td>\n<\/tr>\n<tr>\n<td width=\"179\">Couleur<\/td>\n<td width=\"86\">Rouge<\/td>\n<td width=\"82\">Noir<\/td>\n<td width=\"82\">Jaune<\/td>\n<td width=\"82\">Violette<\/td>\n<td width=\"82\">Rose<\/td>\n<td width=\"75\">Aqua<\/td>\n<\/tr>\n<\/tbody>\n<\/table>\n<p>&nbsp;<\/p>\n<p><strong><b>C\u00e2ble<\/b><\/strong><strong><b>\u00a0Param\u00e8tre de structure<\/b><\/strong><\/p>\n<table>\n<tbody>\n<tr>\n<td colspan=\"2\" width=\"425\">Nombre de fibres<\/td>\n<td width=\"245\">1-12<\/td>\n<\/tr>\n<tr>\n<td colspan=\"2\" width=\"425\">Cat\u00e9gorie de fibres<\/td>\n<td width=\"245\">G657A2 monomode<\/td>\n<\/tr>\n<tr>\n<td rowspan=\"3\" width=\"274\">C\u00e2ble<\/td>\n<td width=\"151\">Mat\u00e9riel<\/td>\n<td width=\"245\">LSZH<\/td>\n<\/tr>\n<tr>\n<td width=\"151\">Couleur<\/td>\n<td width=\"245\">Noir<\/td>\n<\/tr>\n<tr>\n<td width=\"151\">Diam\u00e8tre (mm)<\/td>\n<td width=\"245\">6,0 \u00b1 0,5<\/td>\n<\/tr>\n<tr>\n<td rowspan=\"3\" width=\"274\">Tube l\u00e2che PBT<\/td>\n<td width=\"151\">Mat\u00e9riel<\/td>\n<td width=\"245\">PBT<\/td>\n<\/tr>\n<tr>\n<td width=\"151\">Couleur<\/td>\n<td width=\"245\">Blanc<\/td>\n<\/tr>\n<tr>\n<td width=\"151\">Diam\u00e8tre (mm)<\/td>\n<td width=\"245\">2,0 \u00b1 0,1<\/td>\n<\/tr>\n<tr>\n<td colspan=\"2\" width=\"425\">\u00c9l\u00e9ments de r\u00e9sistance \u00e0 la traction et\/ou blindage \u2013 Couche<\/td>\n<td width=\"245\">Fil d'aramide<\/td>\n<\/tr>\n<tr>\n<td colspan=\"2\" width=\"425\">Poids nominal (kg\/km)<\/td>\n<td width=\"245\">8.5<\/td>\n<\/tr>\n<\/tbody>\n<\/table>\n<p>&nbsp;<\/p>\n<p><strong><b>Performances M\u00e9caniques et Environnementales<\/b><\/strong><\/p>\n<table>\n<tbody>\n<tr>\n<td width=\"228\"><strong>Article<\/strong><\/td>\n<td width=\"206\"><strong>Sommaire<\/strong><\/td>\n<td width=\"236\"><strong>Valeur<\/strong><\/td>\n<\/tr>\n<tr>\n<td rowspan=\"2\" width=\"228\">Max. charge de traction<\/td>\n<td width=\"206\">Court terme<\/td>\n<td width=\"236\">Souche de fibre 1000N\u22640,6%<\/td>\n<\/tr>\n<tr>\n<td width=\"206\">\u00c0 long terme<\/td>\n<td width=\"236\">400N<\/td>\n<\/tr>\n<tr>\n<td rowspan=\"2\" width=\"228\">Max. r\u00e9sistance \u00e0 l'\u00e9crasement<\/td>\n<td width=\"206\">Court terme<\/td>\n<td width=\"236\">1000N\/100mm<\/td>\n<\/tr>\n<tr>\n<td width=\"206\">\u00c0 long terme<\/td>\n<td width=\"236\">300N\/100mm<\/td>\n<\/tr>\n<tr>\n<td rowspan=\"2\" width=\"228\">Min. rayon de courbure<\/td>\n<td width=\"206\">Installation<\/td>\n<td width=\"236\">20 x diam\u00e8tre du c\u00e2ble<\/td>\n<\/tr>\n<tr>\n<td width=\"206\">Op\u00e9ration<\/td>\n<td width=\"236\">10 x diam\u00e8tre du c\u00e2ble<\/td>\n<\/tr>\n<tr>\n<td rowspan=\"3\" width=\"228\">Plage de temp\u00e9rature<\/td>\n<td width=\"206\">Op\u00e9ration<\/td>\n<td width=\"236\">-40 \u2103 ~ +70 \u2103<\/td>\n<\/tr>\n<tr>\n<td width=\"206\">Installation<\/td>\n<td width=\"236\">-20 \u2103 ~ +60 \u2103<\/td>\n<\/tr>\n<tr>\n<td width=\"206\">Stockage\/transport<\/td>\n<td width=\"236\">-40 \u2103 ~ +70 \u2103<\/td>\n<\/tr>\n<\/tbody>\n<\/table>\n<p>&nbsp;<\/p>\n<p><strong><b>Param\u00e8tres techniques de la fibre optique<\/b><\/strong><\/p>\n<table>\n<tbody>\n<tr>\n<td colspan=\"2\" width=\"262\">Style fibre<\/td>\n<td width=\"85\">Unit\u00e9<\/td>\n<td width=\"94\">SM9\/125<\/td>\n<td width=\"103\">MM50\/125<\/td>\n<td width=\"113\">MM62,5\/125<\/td>\n<\/tr>\n<tr>\n<td colspan=\"2\" width=\"262\">\u00c9tat<\/td>\n<td width=\"85\">nm<\/td>\n<td width=\"94\">1310\/1550<\/td>\n<td width=\"103\">850\/1300<\/td>\n<td width=\"113\">850\/1300<\/td>\n<\/tr>\n<tr>\n<td colspan=\"2\" width=\"262\">Att\u00e9nuation<\/td>\n<td width=\"85\">dB\/km<\/td>\n<td width=\"94\">\u22640,34\/0,2<\/td>\n<td width=\"103\">\u22643,0\/1,0<\/td>\n<td width=\"113\">\u22643,0\/1,0<\/td>\n<\/tr>\n<tr>\n<td rowspan=\"2\" width=\"105\">Dispersion<\/td>\n<td width=\"156\">1310 nm<\/td>\n<td width=\"85\">Ps\/(nm*km)<\/td>\n<td width=\"94\">\u226418<\/td>\n<td width=\"103\">\u2026..<\/td>\n<td width=\"113\">\u2026..<\/td>\n<\/tr>\n<tr>\n<td width=\"156\">1550 nm<\/td>\n<td width=\"85\">Ps\/(nm*km)<\/td>\n<td width=\"94\">\u226422<\/td>\n<td width=\"103\">\u2026..<\/td>\n<td width=\"113\">\u2026..<\/td>\n<\/tr>\n<tr>\n<td rowspan=\"2\" width=\"105\">Bande passante<\/td>\n<td width=\"156\">850 nm<\/td>\n<td width=\"85\">MHz. KM<\/td>\n<td width=\"94\">\u2026..<\/td>\n<td width=\"103\">\u2267400<\/td>\n<td width=\"113\">\u2267160<\/td>\n<\/tr>\n<tr>\n<td width=\"156\">1300 nm<\/td>\n<td width=\"85\">MHz. KM<\/td>\n<td width=\"94\">\u2026..<\/td>\n<td width=\"103\">\u2267800<\/td>\n<td width=\"113\">\u2267500<\/td>\n<\/tr>\n<tr>\n<td colspan=\"2\" width=\"262\">Longueur d'onde \u00e0 dispersion nulle<\/td>\n<td width=\"85\">nm<\/td>\n<td width=\"94\">\u22671302,<\/p>\n<p>\u22641322<\/td>\n<td width=\"103\">\u2026..<\/td>\n<td width=\"113\">\u2026..<\/td>\n<\/tr>\n<tr>\n<td colspan=\"2\" width=\"262\">Pente de dispersion nulle<\/td>\n<td width=\"85\">nm<\/td>\n<td width=\"94\">\u22640,091<\/td>\n<td width=\"103\">\u2026..<\/td>\n<td width=\"113\">\u2026..<\/td>\n<\/tr>\n<tr>\n<td colspan=\"2\" width=\"262\">Fibre individuelle maximale PMD<\/td>\n<td width=\"85\"><\/td>\n<td width=\"94\">\u22640,2<\/td>\n<td width=\"103\">\u2026..<\/td>\n<td width=\"113\">\u2026..<\/td>\n<\/tr>\n<tr>\n<td colspan=\"2\" width=\"262\">Valeur du lien de conception PMD<\/td>\n<td width=\"85\">Ps(nm2*km)<\/td>\n<td width=\"94\">\u22640,08<\/td>\n<td width=\"103\">\u2026..<\/td>\n<td width=\"113\">\u2026..<\/td>\n<\/tr>\n<tr>\n<td colspan=\"2\" width=\"262\">Longueur d'onde de coupure de la fibre \u03bbc<\/td>\n<td width=\"85\">nm<\/td>\n<td width=\"94\">\u22671180,<\/p>\n<p>\u22641330<\/td>\n<td width=\"103\">\u2026..<\/td>\n<td width=\"113\">\u2026..<\/td>\n<\/tr>\n<tr>\n<td colspan=\"2\" width=\"262\">Longueur d'onde de coupure du c\u00e2ble \u03bbcc<\/td>\n<td width=\"85\">nm<\/td>\n<td width=\"94\">\u22641260<\/td>\n<td width=\"103\">\u2026..<\/td>\n<td width=\"113\">\u2026..<\/td>\n<\/tr>\n<tr>\n<td rowspan=\"2\" width=\"105\">MFD<\/td>\n<td width=\"156\">1310 nm<\/td>\n<td width=\"85\">euh<\/td>\n<td width=\"94\">9,2 \u00b1 0,4<\/td>\n<td width=\"103\">\u2026..<\/td>\n<td width=\"113\">\u2026..<\/td>\n<\/tr>\n<tr>\n<td width=\"156\">1550 nm<\/td>\n<td width=\"85\">euh<\/td>\n<td width=\"94\">10,4 \u00b1 0,8<\/td>\n<td width=\"103\">\u2026..<\/td>\n<td width=\"113\">\u2026..<\/td>\n<\/tr>\n<tr>\n<td colspan=\"2\" width=\"262\">Ouverture num\u00e9rique (NA)<\/td>\n<td width=\"85\"><\/td>\n<td width=\"94\">\u2026\u2026<\/td>\n<td width=\"103\">0,200 \u00b1 0,015<\/td>\n<td width=\"113\">0,275 \u00b1 0,015<\/td>\n<\/tr>\n<tr>\n<td colspan=\"2\" width=\"262\">Pas (moyenne de la mesure bidirectionnelle)<\/td>\n<td width=\"85\">dB<\/td>\n<td width=\"94\">\u22640,05<\/td>\n<td width=\"103\">\u22640,10<\/td>\n<td width=\"113\">\u22640,10<\/td>\n<\/tr>\n<tr>\n<td colspan=\"2\" width=\"262\">Irr\u00e9gularit\u00e9s sur la longueur des fibres et discontinuit\u00e9 ponctuelle<\/td>\n<td width=\"85\">dB<\/td>\n<td width=\"94\">\u22640,05<\/td>\n<td width=\"103\">\u22640,10<\/td>\n<td width=\"113\">\u22640,10<\/td>\n<\/tr>\n<tr>\n<td colspan=\"2\" width=\"262\">Coefficient de r\u00e9trodiffusion de diff\u00e9rence<\/td>\n<td width=\"85\">dB\/km<\/td>\n<td width=\"94\">\u22640,03<\/td>\n<td width=\"103\">\u22640,08<\/td>\n<td width=\"113\">\u22640,10<\/td>\n<\/tr>\n<tr>\n<td colspan=\"2\" width=\"262\">Uniformit\u00e9 de l'att\u00e9nuation<\/td>\n<td width=\"85\">dB\/km<\/td>\n<td width=\"94\">\u22640,01<\/td>\n<td width=\"103\">\u2026\u2026.<\/td>\n<td width=\"113\">\u2026\u2026.<\/td>\n<\/tr>\n<tr>\n<td colspan=\"2\" width=\"262\">Diam\u00e8tre du noyau<\/td>\n<td width=\"85\">euh<\/td>\n<td width=\"94\">\u2026\u2026<\/td>\n<td width=\"103\">50 \u00b1 1,0<\/td>\n<td width=\"113\">62,5\u00b12,5<\/td>\n<\/tr>\n<tr>\n<td colspan=\"2\" width=\"262\">Diam\u00e8tre du bardage<\/td>\n<td width=\"85\">euh<\/td>\n<td width=\"94\">125,0 \u00b1 0,1<\/td>\n<td width=\"103\">125,0 \u00b1 0,1<\/td>\n<td width=\"113\">125,0 \u00b1 0,1<\/td>\n<\/tr>\n<tr>\n<td colspan=\"2\" width=\"262\">Non-circularit\u00e9 du rev\u00eatement<\/td>\n<td width=\"85\">%<\/td>\n<td width=\"94\">\u22641,0<\/td>\n<td width=\"103\">\u22641,0<\/td>\n<td width=\"113\">\u22641,0<\/td>\n<\/tr>\n<tr>\n<td colspan=\"2\" width=\"262\">Diam\u00e8tre du rev\u00eatement<\/td>\n<td width=\"85\">euh<\/td>\n<td width=\"94\">242 \u00b1 7<\/td>\n<td width=\"103\">242 \u00b1 7<\/td>\n<td width=\"113\">242 \u00b1 7<\/td>\n<\/tr>\n<tr>\n<td colspan=\"2\" width=\"262\">Erreur de concentricit\u00e9 du rev\u00eatement\/pinsonnier<\/td>\n<td width=\"85\">euh<\/td>\n<td width=\"94\">\u226412,0<\/td>\n<td width=\"103\">\u226412,0<\/td>\n<td width=\"113\">\u226412,0<\/td>\n<\/tr>\n<tr>\n<td colspan=\"2\" width=\"262\">Non circularit\u00e9 du rev\u00eatement<\/td>\n<td width=\"85\">%<\/td>\n<td width=\"94\">\u22646,0<\/td>\n<td width=\"103\">\u22646,0<\/td>\n<td width=\"113\">\u22646,0<\/td>\n<\/tr>\n<tr>\n<td colspan=\"2\" width=\"262\">Erreur de concentricit\u00e9 noyau\/gaine<\/td>\n<td width=\"85\">euh<\/td>\n<td width=\"94\">\u22640,6<\/td>\n<td width=\"103\">\u22641,5<\/td>\n<td width=\"113\">\u22641,5<\/td>\n<\/tr>\n<tr>\n<td colspan=\"2\" width=\"262\">Boucle (rayon)<\/td>\n<td width=\"85\">euh<\/td>\n<td width=\"94\">\u22644<\/td>\n<td width=\"103\">\u2026..<\/td>\n<td width=\"113\">\u2026..<\/td>\n<\/tr>\n<\/tbody>\n<\/table>","protected":false},"excerpt":{"rendered":"<p>Le c\u00e2ble \u00e0 tube libre central 2-12F de 6,0 mm a son unit\u00e9 de fibre optique positionn\u00e9e au centre d'un tube libre PBT de haute duret\u00e9. Ce tube offre une tr\u00e8s bonne protection \u00e0 la fibre. Un fil d'aramide entoure le tube PBT. Le fil aramide offre de tr\u00e8s bonnes performances en traction au c\u00e2ble. Ensuite, le c\u00e2ble est termin\u00e9 [\u2026]<\/p>","protected":false},"featured_media":11299,"comment_status":"closed","ping_status":"closed","template":"","meta":{"site-sidebar-layout":"default","site-content-layout":"","ast-site-content-layout":"default","site-content-style":"default","site-sidebar-style":"default","ast-global-header-display":"","ast-banner-title-visibility":"","ast-main-header-display":"","ast-hfb-above-header-display":"","ast-hfb-below-header-display":"","ast-hfb-mobile-header-display":"","site-post-title":"","ast-breadcrumbs-content":"","ast-featured-img":"","footer-sml-layout":"","theme-transparent-header-meta":"default","adv-header-id-meta":"","stick-header-meta":"default","header-above-stick-meta":"","header-main-stick-meta":"","header-below-stick-meta":"","astra-migrate-meta-layouts":"set","ast-page-background-enabled":"default","ast-page-background-meta":{"desktop":{"background-color":"var(--ast-global-color-4)","background-image":"","background-repeat":"repeat","background-position":"center center","background-size":"auto","background-attachment":"scroll","background-type":"","background-media":"","overlay-type":"","overlay-color":"","overlay-gradient":""},"tablet":{"background-color":"","background-image":"","background-repeat":"repeat","background-position":"center center","background-size":"auto","background-attachment":"scroll","background-type":"","background-media":"","overlay-type":"","overlay-color":"","overlay-gradient":""},"mobile":{"background-color":"","background-image":"","background-repeat":"repeat","background-position":"center center","background-size":"auto","background-attachment":"scroll","background-type":"","background-media":"","overlay-type":"","overlay-color":"","overlay-gradient":""}},"ast-content-background-meta":{"desktop":{"background-color":"var(--ast-global-color-5)","background-image":"","background-repeat":"repeat","background-position":"center center","background-size":"auto","background-attachment":"scroll","background-type":"","background-media":"","overlay-type":"","overlay-color":"","overlay-gradient":""},"tablet":{"background-color":"var(--ast-global-color-5)","background-image":"","background-repeat":"repeat","background-position":"center center","background-size":"auto","background-attachment":"scroll","background-type":"","background-media":"","overlay-type":"","overlay-color":"","overlay-gradient":""},"mobile":{"background-color":"var(--ast-global-color-5)","background-image":"","background-repeat":"repeat","background-position":"center center","background-size":"auto","background-attachment":"scroll","background-type":"","background-media":"","overlay-type":"","overlay-color":"","overlay-gradient":""}}},"product_cat":[144,126],"product_tag":[],"class_list":{"0":"post-11297","1":"product","2":"type-product","3":"status-publish","4":"has-post-thumbnail","6":"product_cat-central-loose-tubetype-with-gel","7":"product_cat-indooroutdoor-cable","8":"desktop-align-left","9":"tablet-align-left","10":"mobile-align-left","11":"ast-product-gallery-layout-horizontal-slider","12":"ast-product-tabs-layout-horizontal","14":"first","15":"instock","16":"shipping-taxable","17":"product-type-simple"},"acf":[],"_links":{"self":[{"href":"https:\/\/www.omccable.com\/fr\/wp-json\/wp\/v2\/product\/11297","targetHints":{"allow":["GET"]}}],"collection":[{"href":"https:\/\/www.omccable.com\/fr\/wp-json\/wp\/v2\/product"}],"about":[{"href":"https:\/\/www.omccable.com\/fr\/wp-json\/wp\/v2\/types\/product"}],"replies":[{"embeddable":true,"href":"https:\/\/www.omccable.com\/fr\/wp-json\/wp\/v2\/comments?post=11297"}],"version-history":[{"count":2,"href":"https:\/\/www.omccable.com\/fr\/wp-json\/wp\/v2\/product\/11297\/revisions"}],"predecessor-version":[{"id":13270,"href":"https:\/\/www.omccable.com\/fr\/wp-json\/wp\/v2\/product\/11297\/revisions\/13270"}],"wp:featuredmedia":[{"embeddable":true,"href":"https:\/\/www.omccable.com\/fr\/wp-json\/wp\/v2\/media\/11299"}],"wp:attachment":[{"href":"https:\/\/www.omccable.com\/fr\/wp-json\/wp\/v2\/media?parent=11297"}],"wp:term":[{"taxonomy":"product_cat","embeddable":true,"href":"https:\/\/www.omccable.com\/fr\/wp-json\/wp\/v2\/product_cat?post=11297"},{"taxonomy":"product_tag","embeddable":true,"href":"https:\/\/www.omccable.com\/fr\/wp-json\/wp\/v2\/product_tag?post=11297"}],"curies":[{"name":"wp","href":"https:\/\/api.w.org\/{rel}","templated":true}]}}