{"id":11233,"date":"2024-07-02T09:13:10","date_gmt":"2024-07-02T01:13:10","guid":{"rendered":"https:\/\/www.omccable.com\/?post_type=product&#038;p=11233"},"modified":"2024-07-02T09:26:38","modified_gmt":"2024-07-02T01:26:38","slug":"12-48f-aerial-self-supporting-fig-8-stranded-loose-tube-armored-cable-gytc8s","status":"publish","type":"product","link":"https:\/\/www.omccable.com\/fr\/produit\/12-48f-aerial-self-supporting-fig-8-stranded-loose-tube-armored-cable-gytc8s\/","title":{"rendered":"12-48F Antenne autoportante Fig 8 C\u00e2ble blind\u00e9 \u00e0 tube libre toronn\u00e9 GYTC8S"},"content":{"rendered":"<p>Dans le <strong><b>12-48F Antenne autoportante Fig 8 C\u00e2ble blind\u00e9 \u00e0 tube libre toronn\u00e9 GYTC8S<\/b><\/strong>, UN<strong><b>\u00a0<\/b><\/strong><strong><b>Acier<\/b><\/strong><strong><b>\u00a0<\/b><\/strong><strong><b>fil<\/b><\/strong>La couche de coussin &amp;PE est situ\u00e9e au centre du noyau en tant qu'\u00e9l\u00e9ment de r\u00e9sistance m\u00e9tallique. Les fibres monomodes\/multimodes sont positionn\u00e9es dans le tube l\u00e2che, qui est constitu\u00e9 de mat\u00e9riaux PBT et rempli de compos\u00e9 de remplissage. Il y a un <strong><b>Ruban d'acier ondul\u00e9<\/b><\/strong>\u00a0couvert les tubes PBT. Ensuite, une gaine en mat\u00e9riaux HDPE recouvrait le ruban APL pour garantir la compacit\u00e9 et les performances longitudinales de blocage de l'eau.<\/p>\n<p>&nbsp;<\/p>\n<p><strong><b>Couleur standard de la fibre et du tube<\/b><\/strong><\/p>\n<p>Le code couleur de chaque fibre doit \u00eatre conforme au tableau ci-dessous :<\/p>\n<table>\n<tbody>\n<tr>\n<td width=\"179\">Non.<\/td>\n<td width=\"94\">1<\/td>\n<td width=\"85\">2<\/td>\n<td width=\"85\">3<\/td>\n<td width=\"94\">4<\/td>\n<td width=\"85\">5<\/td>\n<td width=\"87\">6<\/td>\n<\/tr>\n<tr>\n<td width=\"179\">Couleur<\/td>\n<td width=\"94\">Bleu<\/td>\n<td width=\"85\">Orange<\/td>\n<td width=\"85\">Vert<\/td>\n<td width=\"94\">Brun<\/td>\n<td width=\"85\">Ardoise<\/td>\n<td width=\"87\">Blanc<\/td>\n<\/tr>\n<tr>\n<td width=\"179\">Non.<\/td>\n<td width=\"94\">7<\/td>\n<td width=\"85\">8<\/td>\n<td width=\"85\">9<\/td>\n<td width=\"94\">10<\/td>\n<td width=\"85\">11<\/td>\n<td width=\"87\">12<\/td>\n<\/tr>\n<tr>\n<td width=\"179\">Couleur<\/td>\n<td width=\"94\">Rouge<\/td>\n<td width=\"85\">Noir<\/td>\n<td width=\"85\">Jaune<\/td>\n<td width=\"94\">Violette<\/td>\n<td width=\"85\">Rose<\/td>\n<td width=\"87\">Aqua<\/td>\n<\/tr>\n<\/tbody>\n<\/table>\n<p>&nbsp;<\/p>\n<p><strong><b>C\u00e2ble<\/b><\/strong><strong><b>\u00a0Param\u00e8tre de structure<\/b><\/strong><\/p>\n<table>\n<tbody>\n<tr>\n<td width=\"125\"><strong><b>Article<\/b><\/strong><\/td>\n<td width=\"138\"><strong><b>Sommaire<\/b><\/strong><\/td>\n<td width=\"94\"><strong><b>Unit\u00e9<\/b><\/strong><\/td>\n<td width=\"122\"><strong><b>Valeur<\/b><\/strong><\/td>\n<td width=\"113\"><strong><b>Valeur<\/b><\/strong><\/td>\n<td width=\"113\"><strong><b>Valeur<\/b><\/strong><\/td>\n<\/tr>\n<tr>\n<td width=\"125\">Nombre de fibres<\/td>\n<td width=\"138\">Nombre<\/td>\n<td width=\"94\">\/<\/td>\n<td width=\"122\">12<\/td>\n<td width=\"113\">24<\/td>\n<td width=\"113\">48<\/td>\n<\/tr>\n<tr>\n<td width=\"125\">Type de fibre<\/td>\n<td width=\"138\">\/<\/td>\n<td width=\"94\">\/<\/td>\n<td width=\"122\">G652D<\/td>\n<td width=\"113\">G652D<\/td>\n<td width=\"113\">G652D<\/td>\n<\/tr>\n<tr>\n<td width=\"125\">Structure du c\u00e2ble<\/td>\n<td width=\"138\">\/<\/td>\n<td width=\"94\">\/<\/td>\n<td width=\"122\">1+5<\/td>\n<td width=\"113\">1+5<\/td>\n<td width=\"113\">1+5<\/td>\n<\/tr>\n<tr>\n<td width=\"125\">Fibres par tube<\/td>\n<td width=\"138\">Compter<\/td>\n<td width=\"94\">\/<\/td>\n<td width=\"122\">12<\/td>\n<td width=\"113\">6<\/td>\n<td width=\"113\">6\/12<\/td>\n<\/tr>\n<tr>\n<td rowspan=\"2\" width=\"125\">Tube l\u00e2che<\/td>\n<td width=\"138\">Mat\u00e9riel<\/td>\n<td width=\"94\">\/<\/td>\n<td width=\"122\">PBT<\/td>\n<td width=\"113\">PBT<\/td>\n<td width=\"113\">PBT<\/td>\n<\/tr>\n<tr>\n<td width=\"138\">Diam\u00e8tre nominal<\/td>\n<td width=\"94\">mm<\/td>\n<td width=\"122\">1.9<\/td>\n<td width=\"113\">1.9<\/td>\n<td width=\"113\">1.9<\/td>\n<\/tr>\n<tr>\n<td rowspan=\"3\" width=\"125\">Membre de la force centrale<\/td>\n<td width=\"138\">Mat\u00e9riel<\/td>\n<td width=\"94\">\/<\/td>\n<td width=\"122\">Couche de coussin en fil d'acier et PE<\/td>\n<td width=\"113\">Couche de coussin en fil d'acier et PE<\/td>\n<td width=\"113\">Couche de coussin en fil d'acier et PE<\/td>\n<\/tr>\n<tr>\n<td width=\"138\">Diam\u00e8tre nominal<\/td>\n<td width=\"94\">mm<\/td>\n<td width=\"122\">1.5<\/td>\n<td width=\"113\">1.5<\/td>\n<td width=\"113\">1.5<\/td>\n<\/tr>\n<tr>\n<td width=\"138\">Coussin PE<\/td>\n<td width=\"94\">mm<\/td>\n<td width=\"122\">\u2013<\/td>\n<td width=\"113\">\u2013<\/td>\n<td width=\"113\">\u2013<\/td>\n<\/tr>\n<tr>\n<td width=\"125\">Syst\u00e8me de blocage d'eau<\/td>\n<td width=\"138\">Mat\u00e9riel<\/td>\n<td width=\"94\"><\/td>\n<td width=\"122\">compos\u00e9 de remplissage bloquant l'eau<\/td>\n<td width=\"113\">compos\u00e9 de remplissage bloquant l'eau<\/td>\n<td width=\"113\">compos\u00e9 de remplissage bloquant l'eau<\/td>\n<\/tr>\n<tr>\n<td width=\"125\">Renfort p\u00e9riph\u00e9rique<\/td>\n<td width=\"138\">Mat\u00e9riel<\/td>\n<td width=\"94\"><\/td>\n<td width=\"122\"><strong><b>Ruban d'acier ondul\u00e9<\/b><\/strong><\/td>\n<td width=\"113\"><strong><b>Ruban d'acier ondul\u00e9<\/b><\/strong><\/td>\n<td width=\"113\"><strong><b>Ruban d'acier ondul\u00e9<\/b><\/strong><\/td>\n<\/tr>\n<tr>\n<td rowspan=\"2\" width=\"125\">Fils messagers<\/td>\n<td width=\"138\">Dimension nominale<\/td>\n<td width=\"94\">mm<\/td>\n<td width=\"122\">Toron en acier galvanis\u00e9 7*0,8<\/td>\n<td width=\"113\">Toron en acier galvanis\u00e9 7*0,8<\/td>\n<td width=\"113\">Toron en acier galvanis\u00e9 7*0,8<\/td>\n<\/tr>\n<tr>\n<td width=\"138\">\u00c9paisseur nominale<\/td>\n<td width=\"94\">mm<\/td>\n<td width=\"122\">1<\/td>\n<td width=\"113\">1<\/td>\n<td width=\"113\">1<\/td>\n<\/tr>\n<tr>\n<td rowspan=\"2\" width=\"125\">Att\u00e9nuation (apr\u00e8s c\u00e2ble)<\/td>\n<td width=\"138\">1310 nm<\/td>\n<td width=\"94\">dB\/km<\/td>\n<td width=\"122\">\u22640,36<\/td>\n<td width=\"113\">\u22640,36<\/td>\n<td width=\"113\">\u22640,36<\/td>\n<\/tr>\n<tr>\n<td width=\"138\">1550 nm<\/td>\n<td width=\"94\">dB\/km<\/td>\n<td width=\"122\">\u22640,22<\/td>\n<td width=\"113\">\u22640,22<\/td>\n<td width=\"113\">\u22640,22<\/td>\n<\/tr>\n<tr>\n<td rowspan=\"2\" width=\"125\">Gaine ext\u00e9rieure<\/td>\n<td width=\"138\">Couleur<\/td>\n<td width=\"94\"><\/td>\n<td width=\"122\">Noir<\/td>\n<td width=\"113\">Noir<\/td>\n<td width=\"113\">Noir<\/td>\n<\/tr>\n<tr>\n<td width=\"138\">\u00c9paisseur nominale<\/td>\n<td width=\"94\">mm<\/td>\n<td width=\"122\">1.7<\/td>\n<td width=\"113\">1.7<\/td>\n<td width=\"113\">1.7<\/td>\n<\/tr>\n<tr>\n<td width=\"125\">Diam\u00e8tre du c\u00e2ble<\/td>\n<td width=\"138\">\u00b11,0<\/td>\n<td width=\"94\">mm<\/td>\n<td width=\"122\">9.0*16.2<\/td>\n<td width=\"113\">9.5*16.8<\/td>\n<td width=\"113\">9.9*18.10<\/td>\n<\/tr>\n<tr>\n<td width=\"125\">Poids du c\u00e2ble<\/td>\n<td width=\"138\">\u00b110%<\/td>\n<td width=\"94\">kg\/km<\/td>\n<td width=\"122\">143<\/td>\n<td width=\"113\">150<\/td>\n<td width=\"113\">176<\/td>\n<\/tr>\n<\/tbody>\n<\/table>\n<p><strong><b>\u00a0<\/b><\/strong><\/p>\n<p><strong><b>Performances M\u00e9caniques et Environnementales<\/b><\/strong><\/p>\n<table>\n<tbody>\n<tr>\n<td width=\"229\"><strong>Article<\/strong><\/td>\n<td width=\"205\"><strong>Sommaire<\/strong><\/td>\n<td width=\"274\"><strong>Valeur<\/strong><\/td>\n<\/tr>\n<tr>\n<td rowspan=\"2\" width=\"229\">Max. charge de traction<\/td>\n<td width=\"205\">Court terme<\/td>\n<td width=\"274\">7000N (souche de fibre\u22640,6%)<\/td>\n<\/tr>\n<tr>\n<td width=\"205\">\u00c0 long terme<\/td>\n<td width=\"274\">3000N<\/td>\n<\/tr>\n<tr>\n<td rowspan=\"2\" width=\"229\">Max. r\u00e9sistance \u00e0 l'\u00e9crasement<\/td>\n<td width=\"205\">Court terme<\/td>\n<td width=\"274\">1 000 N\/100 mm<\/td>\n<\/tr>\n<tr>\n<td width=\"205\">\u00c0 long terme<\/td>\n<td width=\"274\">500 N\/100 mm<\/td>\n<\/tr>\n<tr>\n<td rowspan=\"2\" width=\"229\">Min. rayon de courbure<\/td>\n<td width=\"205\">Installation<\/td>\n<td width=\"274\">25x diam\u00e8tre du c\u00e2ble<\/td>\n<\/tr>\n<tr>\n<td width=\"205\">Op\u00e9ration<\/td>\n<td width=\"274\">15 x diam\u00e8tre du c\u00e2ble<\/td>\n<\/tr>\n<tr>\n<td rowspan=\"3\" width=\"229\">Plage de temp\u00e9rature<\/td>\n<td width=\"205\">Op\u00e9ration<\/td>\n<td width=\"274\">-20 \u2103 ~ +60 \u2103<\/td>\n<\/tr>\n<tr>\n<td width=\"205\">Installation<\/td>\n<td width=\"274\">-40 \u2103 ~ +70 \u2103<\/td>\n<\/tr>\n<tr>\n<td width=\"205\">Stockage\/transport<\/td>\n<td width=\"274\">-40 \u2103 ~ +60 \u2103<\/td>\n<\/tr>\n<\/tbody>\n<\/table>\n<p>&nbsp;<\/p>\n<p><strong><b>Param\u00e8tres techniques de la fibre optique <\/b><\/strong><\/p>\n<table>\n<tbody>\n<tr>\n<td colspan=\"2\" width=\"311\"><strong>Style fibre<\/strong><\/td>\n<td width=\"85\"><strong>Unit\u00e9<\/strong><\/td>\n<td width=\"94\"><strong>SM9\/125<\/strong><\/td>\n<td width=\"104\"><strong>MM50\/125<\/strong><\/td>\n<td width=\"113\"><strong>MM62,5\/125<\/strong><\/td>\n<\/tr>\n<tr>\n<td colspan=\"2\" width=\"311\">\u00c9tat<\/td>\n<td width=\"85\">nm<\/td>\n<td width=\"94\">1310\/1550<\/td>\n<td width=\"104\">850\/1300<\/td>\n<td width=\"113\">850\/1300<\/td>\n<\/tr>\n<tr>\n<td colspan=\"2\" width=\"311\">Att\u00e9nuation<\/td>\n<td width=\"85\">dB\/km<\/td>\n<td width=\"94\">\u22640,34\/0,2<\/td>\n<td width=\"104\">\u22643,0\/1,0<\/td>\n<td width=\"113\">\u22643,0\/1,0<\/td>\n<\/tr>\n<tr>\n<td rowspan=\"2\" width=\"141\">Dispersion<\/td>\n<td width=\"170\">1310 nm<\/td>\n<td width=\"85\">Ps\/(nm*km)<\/td>\n<td width=\"94\">\u226418<\/td>\n<td width=\"104\">\u2026..<\/td>\n<td width=\"113\">\u2026..<\/td>\n<\/tr>\n<tr>\n<td width=\"170\">1550 nm<\/td>\n<td width=\"85\">Ps\/(nm*km)<\/td>\n<td width=\"94\">\u226422<\/td>\n<td width=\"104\">\u2026..<\/td>\n<td width=\"113\">\u2026..<\/td>\n<\/tr>\n<tr>\n<td rowspan=\"2\" width=\"141\">Bande passante<\/td>\n<td width=\"170\">850 nm<\/td>\n<td width=\"85\">MHz. KM<\/td>\n<td width=\"94\">\u2026..<\/td>\n<td width=\"104\">\u2267400<\/td>\n<td width=\"113\">\u2267160<\/td>\n<\/tr>\n<tr>\n<td width=\"170\">1300 nm<\/td>\n<td width=\"85\">MHz. KM<\/td>\n<td width=\"94\">\u2026..<\/td>\n<td width=\"104\">\u2267800<\/td>\n<td width=\"113\">\u2267500<\/td>\n<\/tr>\n<tr>\n<td colspan=\"2\" width=\"311\">Longueur d'onde \u00e0 dispersion nulle<\/td>\n<td width=\"85\">nm<\/td>\n<td width=\"94\">\u22671302,<\/p>\n<p>\u22641322<\/td>\n<td width=\"104\">\u2026..<\/td>\n<td width=\"113\">\u2026..<\/td>\n<\/tr>\n<tr>\n<td colspan=\"2\" width=\"311\">Pente de dispersion nulle<\/td>\n<td width=\"85\">nm<\/td>\n<td width=\"94\">\u22640,091<\/td>\n<td width=\"104\">\u2026..<\/td>\n<td width=\"113\">\u2026..<\/td>\n<\/tr>\n<tr>\n<td colspan=\"2\" width=\"311\">Fibre individuelle maximale PMD<\/td>\n<td width=\"85\"><\/td>\n<td width=\"94\">\u22640,2<\/td>\n<td width=\"104\">\u2026..<\/td>\n<td width=\"113\">\u2026..<\/td>\n<\/tr>\n<tr>\n<td colspan=\"2\" width=\"311\">Valeur du lien de conception PMD<\/td>\n<td width=\"85\">Ps(nm2*km)<\/td>\n<td width=\"94\">\u22640,08<\/td>\n<td width=\"104\">\u2026..<\/td>\n<td width=\"113\">\u2026..<\/td>\n<\/tr>\n<tr>\n<td colspan=\"2\" width=\"311\">Longueur d'onde de coupure de la fibre \u03bbc<\/td>\n<td width=\"85\">nm<\/td>\n<td width=\"94\">\u22671180,<\/p>\n<p>\u22641330<\/td>\n<td width=\"104\">\u2026..<\/td>\n<td width=\"113\">\u2026..<\/td>\n<\/tr>\n<tr>\n<td colspan=\"2\" width=\"311\">Longueur d'onde de coupure du c\u00e2ble \u03bbcc<\/td>\n<td width=\"85\">nm<\/td>\n<td width=\"94\">\u22641260<\/td>\n<td width=\"104\">\u2026..<\/td>\n<td width=\"113\">\u2026..<\/td>\n<\/tr>\n<tr>\n<td rowspan=\"2\" width=\"141\">MFD<\/td>\n<td width=\"170\">1310 nm<\/td>\n<td width=\"85\">euh<\/td>\n<td width=\"94\">9,2 \u00b1 0,4<\/td>\n<td width=\"104\">\u2026..<\/td>\n<td width=\"113\">\u2026..<\/td>\n<\/tr>\n<tr>\n<td width=\"170\">1550 nm<\/td>\n<td width=\"85\">euh<\/td>\n<td width=\"94\">10,4 \u00b1 0,8<\/td>\n<td width=\"104\">\u2026..<\/td>\n<td width=\"113\">\u2026..<\/td>\n<\/tr>\n<tr>\n<td colspan=\"2\" width=\"311\">Ouverture num\u00e9rique (NA)<\/td>\n<td width=\"85\"><\/td>\n<td width=\"94\">\u2026\u2026<\/td>\n<td width=\"104\">0,200 \u00b1 0,015<\/td>\n<td width=\"113\">0,275 \u00b1 0,015<\/td>\n<\/tr>\n<tr>\n<td colspan=\"2\" width=\"311\">Pas (moyenne de la mesure bidirectionnelle)<\/td>\n<td width=\"85\">dB<\/td>\n<td width=\"94\">\u22640,05<\/td>\n<td width=\"104\">\u22640,10<\/td>\n<td width=\"113\">\u22640,10<\/td>\n<\/tr>\n<tr>\n<td colspan=\"2\" width=\"311\">Irr\u00e9gularit\u00e9s sur la longueur des fibres et discontinuit\u00e9 ponctuelle<\/td>\n<td width=\"85\">dB<\/td>\n<td width=\"94\">\u22640,05<\/td>\n<td width=\"104\">\u22640,10<\/td>\n<td width=\"113\">\u22640,10<\/td>\n<\/tr>\n<tr>\n<td colspan=\"2\" width=\"311\">Coefficient de r\u00e9trodiffusion de diff\u00e9rence<\/td>\n<td width=\"85\">dB\/km<\/td>\n<td width=\"94\">\u22640,03<\/td>\n<td width=\"104\">\u22640,08<\/td>\n<td width=\"113\">\u22640,10<\/td>\n<\/tr>\n<tr>\n<td colspan=\"2\" width=\"311\">Uniformit\u00e9 de l'att\u00e9nuation<\/td>\n<td width=\"85\">dB\/km<\/td>\n<td width=\"94\">\u22640,01<\/td>\n<td width=\"104\">\u2026\u2026.<\/td>\n<td width=\"113\">\u2026\u2026.<\/td>\n<\/tr>\n<tr>\n<td colspan=\"2\" width=\"311\">Diam\u00e8tre du noyau<\/td>\n<td width=\"85\">euh<\/td>\n<td width=\"94\">\u2026\u2026<\/td>\n<td width=\"104\">50 \u00b1 1,0<\/td>\n<td width=\"113\">62,5\u00b12,5<\/td>\n<\/tr>\n<tr>\n<td colspan=\"2\" width=\"311\">Diam\u00e8tre du bardage<\/td>\n<td width=\"85\">euh<\/td>\n<td width=\"94\">125,0 \u00b1 0,1<\/td>\n<td width=\"104\">125,0 \u00b1 0,1<\/td>\n<td width=\"113\">125,0 \u00b1 0,1<\/td>\n<\/tr>\n<tr>\n<td colspan=\"2\" width=\"311\">Non-circularit\u00e9 du rev\u00eatement<\/td>\n<td width=\"85\">%<\/td>\n<td width=\"94\">\u22641,0<\/td>\n<td width=\"104\">\u22641,0<\/td>\n<td width=\"113\">\u22641,0<\/td>\n<\/tr>\n<tr>\n<td colspan=\"2\" width=\"311\">Diam\u00e8tre du rev\u00eatement<\/td>\n<td width=\"85\">euh<\/td>\n<td width=\"94\">242 \u00b1 7<\/td>\n<td width=\"104\">242 \u00b1 7<\/td>\n<td width=\"113\">242 \u00b1 7<\/td>\n<\/tr>\n<tr>\n<td colspan=\"2\" width=\"311\">Erreur de concentricit\u00e9 du rev\u00eatement\/pinsonnier<\/td>\n<td width=\"85\">euh<\/td>\n<td width=\"94\">\u226412,0<\/td>\n<td width=\"104\">\u226412,0<\/td>\n<td width=\"113\">\u226412,0<\/td>\n<\/tr>\n<tr>\n<td colspan=\"2\" width=\"311\">Non circularit\u00e9 du rev\u00eatement<\/td>\n<td width=\"85\">%<\/td>\n<td width=\"94\">\u22646,0<\/td>\n<td width=\"104\">\u22646,0<\/td>\n<td width=\"113\">\u22646,0<\/td>\n<\/tr>\n<tr>\n<td colspan=\"2\" width=\"311\">Erreur de concentricit\u00e9 noyau\/gaine<\/td>\n<td width=\"85\">euh<\/td>\n<td width=\"94\">\u22640,6<\/td>\n<td width=\"104\">\u22641,5<\/td>\n<td width=\"113\">\u22641,5<\/td>\n<\/tr>\n<tr>\n<td colspan=\"2\" width=\"311\">Boucle (rayon)<\/td>\n<td width=\"85\">euh<\/td>\n<td width=\"94\">\u22644<\/td>\n<td width=\"104\">\u2026..<\/td>\n<td width=\"113\">\u2026..<\/td>\n<\/tr>\n<\/tbody>\n<\/table>","protected":false},"excerpt":{"rendered":"<p>Dans le c\u00e2ble blind\u00e9 \u00e0 tube libre toronn\u00e9 GYTC8S 12-48F autoportant pour antenne Fig 8 d'OMC, une couche de fil d'acier et de coussin en PE est situ\u00e9e au centre du noyau en tant qu'\u00e9l\u00e9ment de renfort m\u00e9tallique. Les fibres monomodes\/multimodes sont positionn\u00e9es dans le tube l\u00e2che, qui est constitu\u00e9 de mat\u00e9riaux PBT et rempli de compos\u00e9 de remplissage. Un ruban en acier ondul\u00e9 recouvre les tubes PBT. Puis un mat\u00e9riau HDPE [\u2026]<\/p>","protected":false},"featured_media":11235,"comment_status":"closed","ping_status":"closed","template":"","meta":{"site-sidebar-layout":"default","site-content-layout":"","ast-site-content-layout":"default","site-content-style":"default","site-sidebar-style":"default","ast-global-header-display":"","ast-banner-title-visibility":"","ast-main-header-display":"","ast-hfb-above-header-display":"","ast-hfb-below-header-display":"","ast-hfb-mobile-header-display":"","site-post-title":"","ast-breadcrumbs-content":"","ast-featured-img":"","footer-sml-layout":"","theme-transparent-header-meta":"default","adv-header-id-meta":"","stick-header-meta":"default","header-above-stick-meta":"","header-main-stick-meta":"","header-below-stick-meta":"","astra-migrate-meta-layouts":"set","ast-page-background-enabled":"default","ast-page-background-meta":{"desktop":{"background-color":"var(--ast-global-color-4)","background-image":"","background-repeat":"repeat","background-position":"center center","background-size":"auto","background-attachment":"scroll","background-type":"","background-media":"","overlay-type":"","overlay-color":"","overlay-gradient":""},"tablet":{"background-color":"","background-image":"","background-repeat":"repeat","background-position":"center center","background-size":"auto","background-attachment":"scroll","background-type":"","background-media":"","overlay-type":"","overlay-color":"","overlay-gradient":""},"mobile":{"background-color":"","background-image":"","background-repeat":"repeat","background-position":"center center","background-size":"auto","background-attachment":"scroll","background-type":"","background-media":"","overlay-type":"","overlay-color":"","overlay-gradient":""}},"ast-content-background-meta":{"desktop":{"background-color":"var(--ast-global-color-5)","background-image":"","background-repeat":"repeat","background-position":"center center","background-size":"auto","background-attachment":"scroll","background-type":"","background-media":"","overlay-type":"","overlay-color":"","overlay-gradient":""},"tablet":{"background-color":"var(--ast-global-color-5)","background-image":"","background-repeat":"repeat","background-position":"center center","background-size":"auto","background-attachment":"scroll","background-type":"","background-media":"","overlay-type":"","overlay-color":"","overlay-gradient":""},"mobile":{"background-color":"var(--ast-global-color-5)","background-image":"","background-repeat":"repeat","background-position":"center center","background-size":"auto","background-attachment":"scroll","background-type":"","background-media":"","overlay-type":"","overlay-color":"","overlay-gradient":""}}},"product_cat":[139,124],"product_tag":[],"class_list":{"0":"post-11233","1":"product","2":"type-product","3":"status-publish","4":"has-post-thumbnail","6":"product_cat-armored-outdoor-cable","7":"product_cat-outdoor-cable","8":"desktop-align-left","9":"tablet-align-left","10":"mobile-align-left","11":"ast-product-gallery-layout-horizontal-slider","12":"ast-product-tabs-layout-horizontal","14":"first","15":"instock","16":"shipping-taxable","17":"product-type-simple"},"acf":[],"_links":{"self":[{"href":"https:\/\/www.omccable.com\/fr\/wp-json\/wp\/v2\/product\/11233","targetHints":{"allow":["GET"]}}],"collection":[{"href":"https:\/\/www.omccable.com\/fr\/wp-json\/wp\/v2\/product"}],"about":[{"href":"https:\/\/www.omccable.com\/fr\/wp-json\/wp\/v2\/types\/product"}],"replies":[{"embeddable":true,"href":"https:\/\/www.omccable.com\/fr\/wp-json\/wp\/v2\/comments?post=11233"}],"version-history":[{"count":2,"href":"https:\/\/www.omccable.com\/fr\/wp-json\/wp\/v2\/product\/11233\/revisions"}],"predecessor-version":[{"id":11237,"href":"https:\/\/www.omccable.com\/fr\/wp-json\/wp\/v2\/product\/11233\/revisions\/11237"}],"wp:featuredmedia":[{"embeddable":true,"href":"https:\/\/www.omccable.com\/fr\/wp-json\/wp\/v2\/media\/11235"}],"wp:attachment":[{"href":"https:\/\/www.omccable.com\/fr\/wp-json\/wp\/v2\/media?parent=11233"}],"wp:term":[{"taxonomy":"product_cat","embeddable":true,"href":"https:\/\/www.omccable.com\/fr\/wp-json\/wp\/v2\/product_cat?post=11233"},{"taxonomy":"product_tag","embeddable":true,"href":"https:\/\/www.omccable.com\/fr\/wp-json\/wp\/v2\/product_tag?post=11233"}],"curies":[{"name":"wp","href":"https:\/\/api.w.org\/{rel}","templated":true}]}}