{"id":11217,"date":"2024-07-01T17:21:51","date_gmt":"2024-07-01T09:21:51","guid":{"rendered":"https:\/\/www.omccable.com\/?post_type=product&#038;p=11217"},"modified":"2024-09-06T09:56:03","modified_gmt":"2024-09-06T01:56:03","slug":"144f288f-stranded-loose-tube-double-sheath-armored-cable%ef%bc%88gyfty53","status":"publish","type":"product","link":"https:\/\/www.omccable.com\/fr\/produit\/144f288f-stranded-loose-tube-double-sheath-armored-cable%ef%bc%88gyfty53\/","title":{"rendered":"C\u00e2ble blind\u00e9 \u00e0 double gaine \u00e0 tube libre toronn\u00e9 144F et 288F (GYFTY53)"},"content":{"rendered":"<p>Dans le<strong><b>\u00a0144F et 288F Tube l\u00e2che toronn\u00e9 double gaine blind\u00e9e (GYFTY53) PE <\/b><\/strong>c\u00e2ble, <strong><b>A <\/b><\/strong><strong><b>PRF<\/b><\/strong><strong><b>\u00a0(<\/b><\/strong>parfois gain\u00e9 de poly\u00e9thyl\u00e8ne (PE)<strong><b>)<\/b><\/strong>\u00a0se situe au centre du noyau en tant qu'\u00e9l\u00e9ment de renfort m\u00e9tallique. Les fibres monomodes\/multimodes sont positionn\u00e9es dans le tube l\u00e2che, qui est constitu\u00e9 de mat\u00e9riaux PBT et rempli de compos\u00e9 de remplissage. Le<strong><b>\u00a0tubes (et charges)<\/b><\/strong>\u00a0sont toronn\u00e9s autour de l'\u00e9l\u00e9ment de renforcement en un noyau compact et circulaire. Un<strong><b>\u00a0<\/b><\/strong><strong><b>Eau<\/b><\/strong><strong><b>\u00a0<\/b><\/strong><strong><b>blocage<\/b><\/strong><strong><b>\u00a0<\/b><\/strong><strong><b>appuyez sur<\/b><\/strong><strong><b>+Une fine gaine int\u00e9rieure en poly\u00e9thyl\u00e8ne (PE)<\/b><\/strong>\u00a0est appliqu\u00e9 autour du tube PBT. Puis un <strong><b>ruban d'acier ondul\u00e9<\/b><\/strong>\u00a0une armure est appliqu\u00e9e, le c\u00e2ble est compl\u00e9t\u00e9 par un <strong><b>Gaine ext\u00e9rieure en PE.<\/b><\/strong><\/p>\n<p><strong><b>\u00a0<\/b><\/strong><\/p>\n<p><strong><b>Couleur standard de la fibre et du tube<\/b><\/strong><\/p>\n<p>Le code couleur de chaque fibre doit \u00eatre conforme au tableau ci-dessous<\/p>\n<table>\n<tbody>\n<tr>\n<td width=\"124\"><strong>Non.<\/strong><\/td>\n<td width=\"85\">1<\/td>\n<td width=\"94\">2<\/td>\n<td width=\"94\">3<\/td>\n<td width=\"85\">4<\/td>\n<td width=\"75\">5<\/td>\n<td width=\"104\">6<\/td>\n<\/tr>\n<tr>\n<td width=\"124\"><strong>Couleur<\/strong><\/td>\n<td width=\"85\">Bleu<\/td>\n<td width=\"94\">Orange<\/td>\n<td width=\"94\">Vert<\/td>\n<td width=\"85\">Brun<\/td>\n<td width=\"75\">Gris<\/td>\n<td width=\"104\">Blanc<\/td>\n<\/tr>\n<tr>\n<td width=\"124\"><strong>Non.<\/strong><\/td>\n<td width=\"85\">7<\/td>\n<td width=\"94\">8<\/td>\n<td width=\"94\">9<\/td>\n<td width=\"85\">10<\/td>\n<td width=\"75\">11<\/td>\n<td width=\"104\">12<\/td>\n<\/tr>\n<tr>\n<td width=\"124\"><strong>Couleur<\/strong><\/td>\n<td width=\"85\">Rouge<\/td>\n<td width=\"94\">Noir<\/td>\n<td width=\"94\">Jaune<\/td>\n<td width=\"85\">Violette<\/td>\n<td width=\"75\">Rose<\/td>\n<td width=\"104\">Aqua<\/td>\n<\/tr>\n<\/tbody>\n<\/table>\n<p>Code couleur du tube pour 12 \u00e0 144 fibres :<\/p>\n<table>\n<tbody>\n<tr>\n<td width=\"124\"><strong>Non.<\/strong><\/td>\n<td width=\"85\">1<\/td>\n<td width=\"94\">2<\/td>\n<td width=\"94\">3<\/td>\n<td width=\"85\">4<\/td>\n<td width=\"85\">5<\/td>\n<td width=\"94\">6<\/td>\n<\/tr>\n<tr>\n<td width=\"124\"><strong>Couleur<\/strong><\/td>\n<td width=\"85\">Bleu<\/td>\n<td width=\"94\">Orange<\/td>\n<td width=\"94\">Vert<\/td>\n<td width=\"85\">Brun<\/td>\n<td width=\"85\">Gris<\/td>\n<td width=\"94\">Blanc<\/td>\n<\/tr>\n<tr>\n<td width=\"124\"><strong>Non.<\/strong><\/td>\n<td width=\"85\">7<\/td>\n<td width=\"94\">8<\/td>\n<td width=\"94\">9<\/td>\n<td width=\"85\">10<\/td>\n<td width=\"85\">11<\/td>\n<td width=\"94\">12<\/td>\n<\/tr>\n<tr>\n<td width=\"124\"><strong>Couleur<\/strong><\/td>\n<td width=\"85\">Rouge<\/td>\n<td width=\"94\">Noir<\/td>\n<td width=\"94\">Jaune<\/td>\n<td width=\"85\">Violette<\/td>\n<td width=\"85\">Rose<\/td>\n<td width=\"94\">Aqua<\/td>\n<\/tr>\n<\/tbody>\n<\/table>\n<p>Remarque : # signifie une seule bande noire ; * signifie une seule bande blanche.<\/p>\n<p>&nbsp;<\/p>\n<p><strong><b>C\u00e2ble<\/b><\/strong><strong><b>\u00a0Param\u00e8tre de structure<\/b><\/strong><\/p>\n<table>\n<tbody>\n<tr>\n<td colspan=\"2\" width=\"368\"><strong><b>Projet<\/b><\/strong><\/td>\n<td width=\"113\"><strong><b>unit\u00e9<\/b><\/strong><\/td>\n<td colspan=\"2\" width=\"189\"><strong><b>Param\u00e8tre<\/b><\/strong><\/td>\n<\/tr>\n<tr>\n<td rowspan=\"2\" width=\"245\">Fibre optique<\/td>\n<td width=\"122\">Nombre<\/td>\n<td width=\"113\">Noyau<\/td>\n<td width=\"94\">144<\/td>\n<td width=\"94\">288<\/td>\n<\/tr>\n<tr>\n<td width=\"122\">Mod\u00e8le<\/td>\n<td width=\"113\">\/<\/td>\n<td colspan=\"2\" width=\"189\">SM 9\/125<\/td>\n<\/tr>\n<tr>\n<td rowspan=\"6\" width=\"245\">Tube l\u00e2che<\/td>\n<td width=\"122\">mat\u00e9riel<\/td>\n<td width=\"113\">\u3000\/<\/td>\n<td width=\"94\">PBT<\/td>\n<td width=\"94\">\u3000PBT<\/td>\n<\/tr>\n<tr>\n<td width=\"122\">Tube de couleur<\/td>\n<td width=\"113\">Nombre<\/td>\n<td width=\"94\">24<\/td>\n<td width=\"94\">24<\/td>\n<\/tr>\n<tr>\n<td width=\"122\">diam\u00e8tre<\/td>\n<td width=\"113\">\u00b10,1 mm<\/td>\n<td width=\"94\">2.1<\/td>\n<td width=\"94\">2.1<\/td>\n<\/tr>\n<tr>\n<td width=\"122\">\u00e9paisseur<\/td>\n<td width=\"113\">\u00b10,05 mm<\/td>\n<td width=\"94\">0.35<\/td>\n<td width=\"94\">0.35<\/td>\n<\/tr>\n<tr>\n<td width=\"122\">Fibre en tube<\/td>\n<td width=\"113\">Nombre<\/td>\n<td width=\"94\">6<\/td>\n<td width=\"94\">12<\/td>\n<\/tr>\n<tr>\n<td colspan=\"2\" width=\"236\">Remplissage de tubes<\/td>\n<td colspan=\"2\" width=\"189\">Gel\u00e9e<\/td>\n<\/tr>\n<tr>\n<td rowspan=\"3\" width=\"245\">Mat\u00e9riau de r\u00e9sistance<\/td>\n<td width=\"122\">Mat\u00e9riel<\/td>\n<td width=\"113\">\/<\/td>\n<td width=\"94\">PRF<\/td>\n<td width=\"94\">PRF<\/td>\n<\/tr>\n<tr>\n<td width=\"122\">diam\u00e8tre<\/td>\n<td width=\"113\">\u00b10,1 mm<\/td>\n<td width=\"94\">2.5<\/td>\n<td width=\"94\">2.5<\/td>\n<\/tr>\n<tr>\n<td width=\"122\">diam\u00e8tre<\/td>\n<td width=\"113\">\u00b10,1 mm<\/td>\n<td width=\"94\">PE4.1<\/td>\n<td width=\"94\">PE4.1<\/td>\n<\/tr>\n<tr>\n<td width=\"245\">Fil bloquant l'eau Num\u00e9ro<\/td>\n<td colspan=\"2\" width=\"236\">2000D<\/td>\n<td width=\"94\">4<\/td>\n<td width=\"94\">4<\/td>\n<\/tr>\n<tr>\n<td width=\"245\">Ruban bloquant l'eau<\/td>\n<td colspan=\"2\" width=\"236\">\u00b10,05 mm<\/td>\n<td width=\"94\">0.15<\/td>\n<td width=\"94\">0.15<\/td>\n<\/tr>\n<tr>\n<td width=\"245\">Num\u00e9ro du cordon de d\u00e9chirure<\/td>\n<td colspan=\"2\" width=\"236\">3000D<\/td>\n<td width=\"94\">4<\/td>\n<td width=\"94\">4<\/td>\n<\/tr>\n<tr>\n<td width=\"245\">\u00c9l\u00e9ments de force<\/td>\n<td width=\"122\">Fil de verre 600D<\/td>\n<td width=\"113\">QT\u00c9<\/td>\n<td width=\"94\">12<\/td>\n<td width=\"94\">12<\/td>\n<\/tr>\n<tr>\n<td rowspan=\"2\" width=\"245\">Gaine int\u00e9rieure<\/td>\n<td width=\"122\">Mat\u00e9riel<\/td>\n<td width=\"113\"><\/td>\n<td width=\"94\">MDPE<\/td>\n<td width=\"94\">MDPE<\/td>\n<\/tr>\n<tr>\n<td width=\"122\">\u00e9paisseur<\/td>\n<td width=\"113\">\u00b10,2mm<\/td>\n<td width=\"94\">0.9<\/td>\n<td width=\"94\">0.9<\/td>\n<\/tr>\n<tr>\n<td rowspan=\"2\" width=\"245\">Blindage<\/td>\n<td width=\"122\">Mat\u00e9riel<\/td>\n<td colspan=\"3\" width=\"302\">\u3000Ruban en acier ondul\u00e9<\/td>\n<\/tr>\n<tr>\n<td width=\"122\">\u00e9paisseur<\/td>\n<td width=\"113\">\u00b10,05 mm<\/td>\n<td width=\"94\">0.15<\/td>\n<td width=\"94\">0.15<\/td>\n<\/tr>\n<tr>\n<td rowspan=\"5\" width=\"245\">Gaine ext\u00e9rieure<\/td>\n<td width=\"122\">Mat\u00e9riel<\/td>\n<td width=\"113\"><\/td>\n<td width=\"94\">PEHD<\/td>\n<td width=\"94\">PEHD<\/td>\n<\/tr>\n<tr>\n<td width=\"122\">Couleur<\/td>\n<td width=\"113\"><\/td>\n<td width=\"94\">Noir<\/td>\n<td width=\"94\">Noir<\/td>\n<\/tr>\n<tr>\n<td width=\"122\">bande<\/td>\n<td width=\"113\"><\/td>\n<td width=\"94\">Vert<\/td>\n<td width=\"94\">Brun<\/td>\n<\/tr>\n<tr>\n<td width=\"122\">\u00e9paisseur<\/td>\n<td width=\"113\">\u00b10,1 mm<\/td>\n<td width=\"94\">1.8<\/td>\n<td width=\"94\">1.8<\/td>\n<\/tr>\n<tr>\n<td width=\"122\">diam\u00e8tre<\/td>\n<td width=\"113\">\u00b15%mm<\/td>\n<td width=\"94\">20<\/td>\n<td width=\"94\">20<\/td>\n<\/tr>\n<tr>\n<td width=\"245\">Poids du c\u00e2ble<\/td>\n<td width=\"122\"><\/td>\n<td width=\"113\">\u00b110Kg\/km<\/td>\n<td width=\"94\">350<\/td>\n<td width=\"94\">360<\/td>\n<\/tr>\n<\/tbody>\n<\/table>\n<p>&nbsp;<\/p>\n<p><strong><b>Param\u00e8tre Mat\u00e9riau du c\u00e2ble<\/b><\/strong><\/p>\n<table>\n<tbody>\n<tr>\n<td colspan=\"2\" width=\"241\"><strong><b>Article<\/b><\/strong><\/td>\n<td width=\"429\"><strong><b>Param\u00e8tres<\/b><\/strong><\/td>\n<\/tr>\n<tr>\n<td rowspan=\"2\" width=\"138\">Tube l\u00e2che<\/td>\n<td width=\"102\">Mat\u00e9riel<\/td>\n<td width=\"429\">PBT<\/td>\n<\/tr>\n<tr>\n<td width=\"102\">Couleur<\/td>\n<td width=\"429\">Spectre de couleurs complet<\/td>\n<\/tr>\n<tr>\n<td rowspan=\"2\" width=\"138\">Remplisseur<\/td>\n<td width=\"102\">Mat\u00e9riel<\/td>\n<td width=\"429\">PE<\/td>\n<\/tr>\n<tr>\n<td width=\"102\">Couleur<\/td>\n<td width=\"429\">Noir<\/td>\n<\/tr>\n<tr>\n<td width=\"138\">CSM<\/td>\n<td width=\"102\">Mat\u00e9riel<\/td>\n<td width=\"429\">PRF<\/td>\n<\/tr>\n<tr>\n<td width=\"138\">Blind\u00e9<\/td>\n<td width=\"102\">Mat\u00e9riel<\/td>\n<td width=\"429\">Ruban d'acier ondul\u00e9<\/td>\n<\/tr>\n<tr>\n<td rowspan=\"2\" width=\"138\">Veste int\u00e9rieure<\/td>\n<td width=\"102\">Mat\u00e9riel<\/td>\n<td width=\"429\">PE<\/td>\n<\/tr>\n<tr>\n<td width=\"102\">Couleur<\/td>\n<td width=\"429\">Noir<\/td>\n<\/tr>\n<tr>\n<td rowspan=\"2\" width=\"138\">Veste ext\u00e9rieure<\/td>\n<td width=\"102\">Mat\u00e9riel<\/td>\n<td width=\"429\">PE<\/td>\n<\/tr>\n<tr>\n<td width=\"102\">Couleur<\/td>\n<td width=\"429\">Noir<\/td>\n<\/tr>\n<\/tbody>\n<\/table>\n<p><strong><b>\u00a0<\/b><\/strong><\/p>\n<p><strong><b>Performances M\u00e9caniques et Environnementales<\/b><\/strong><\/p>\n<table>\n<tbody>\n<tr>\n<td width=\"229\"><strong>Article<\/strong><\/td>\n<td width=\"206\"><strong>Sommaire<\/strong><\/td>\n<td width=\"236\"><strong>Valeur<\/strong><\/td>\n<\/tr>\n<tr>\n<td rowspan=\"2\" width=\"229\">Max. charge de traction<\/td>\n<td width=\"206\">Court terme<\/td>\n<td width=\"236\">Souche de fibre 4000N\u22640,6%<\/td>\n<\/tr>\n<tr>\n<td width=\"206\">\u00c0 long terme<\/td>\n<td width=\"236\">2200N<\/td>\n<\/tr>\n<tr>\n<td rowspan=\"2\" width=\"229\">Max. r\u00e9sistance \u00e0 l'\u00e9crasement<\/td>\n<td width=\"206\">Court terme<\/td>\n<td width=\"236\">3000N\/100mm<\/td>\n<\/tr>\n<tr>\n<td width=\"206\">\u00c0 long terme<\/td>\n<td width=\"236\">1000N\/100mm<\/td>\n<\/tr>\n<tr>\n<td rowspan=\"2\" width=\"229\">Min. rayon de courbure<\/td>\n<td width=\"206\">Installation<\/td>\n<td width=\"236\">30 x diam\u00e8tre du c\u00e2ble<\/td>\n<\/tr>\n<tr>\n<td width=\"206\">Op\u00e9ration<\/td>\n<td width=\"236\">15 x diam\u00e8tre du c\u00e2ble<\/td>\n<\/tr>\n<tr>\n<td rowspan=\"3\" width=\"229\">Plage de temp\u00e9rature<\/td>\n<td width=\"206\">Op\u00e9ration<\/td>\n<td width=\"236\">-40 \u2103 ~ +70 \u2103<\/td>\n<\/tr>\n<tr>\n<td width=\"206\">Installation<\/td>\n<td width=\"236\">-20 \u2103 ~ +60 \u2103<\/td>\n<\/tr>\n<tr>\n<td width=\"206\">Stockage\/transport<\/td>\n<td width=\"236\">-40 \u2103 ~ +70 \u2103<\/td>\n<\/tr>\n<\/tbody>\n<\/table>\n<p>&nbsp;<\/p>\n<p><strong><b>Test principal de performances m\u00e9caniques et environnementales<\/b><\/strong><\/p>\n<table>\n<tbody>\n<tr>\n<td colspan=\"2\" width=\"349\"><strong>Article<\/strong><\/td>\n<td width=\"321\"><strong>Conditions d'acceptation<\/strong><\/td>\n<\/tr>\n<tr>\n<td rowspan=\"3\" width=\"150\">R\u00e9sistance \u00e0 la traction<br \/>\nCEI 60794-1-2-E1<\/td>\n<td width=\"198\">Charge : MAT<\/td>\n<td width=\"321\">D\u00e9formation des fibres \u2264 0,33%<\/td>\n<\/tr>\n<tr>\n<td width=\"198\">Longueur du c\u00e2ble : \u2265 50 m<\/td>\n<td width=\"321\">Changement de perte \u22640,1dB \u00e0 1550 nm apr\u00e8s le test.<\/td>\n<\/tr>\n<tr>\n<td width=\"198\">Temps de chargement : 1min<\/td>\n<td width=\"321\">Aucune rupture de fibre et aucun dommage \u00e0 la gaine.<\/td>\n<\/tr>\n<tr>\n<td rowspan=\"2\" width=\"150\">Test d'\u00e9crasement<br \/>\nCEI 60794-1-2-E3<\/td>\n<td width=\"198\">Charge : Coup de c\u0153ur \u00e0 court terme<\/td>\n<td width=\"321\">Changement de perte \u2264 0,1 dB \u00e0 1550 nm apr\u00e8s le test.<\/td>\n<\/tr>\n<tr>\n<td width=\"198\">Temps de chargement : 1min<\/td>\n<td width=\"321\">Aucune rupture de fibre et aucun dommage \u00e0 la gaine.<\/td>\n<\/tr>\n<tr>\n<td rowspan=\"4\" width=\"150\">Essai d'impact<br \/>\nCEI 60794-1-2-E4<\/td>\n<td width=\"198\">Rayon : 300 mm<\/td>\n<td rowspan=\"4\" width=\"321\">Changement de perte \u2264 0,1 dB \u00e0 1550 nm apr\u00e8s le test.<br \/>\nAucune rupture de fibre et aucun dommage \u00e0 la gaine.<\/td>\n<\/tr>\n<tr>\n<td width=\"198\">Points d'impact : 3<\/td>\n<\/tr>\n<tr>\n<td width=\"198\">Temps par point : 1<\/td>\n<\/tr>\n<tr>\n<td width=\"198\">\u00c9nergie d'impact : 5J<\/td>\n<\/tr>\n<tr>\n<td rowspan=\"2\" width=\"150\">Flexion r\u00e9p\u00e9t\u00e9e<br \/>\nCEI 60794-1-2-E6<\/td>\n<td width=\"198\">Rayon de courbure : 20 x OD<\/td>\n<td width=\"321\">Changement de perte \u2264 0,1 dB \u00e0 1550 nm apr\u00e8s le test.<\/td>\n<\/tr>\n<tr>\n<td width=\"198\">N\u00b0 de cycle : 25<\/td>\n<td width=\"321\">Aucune rupture de fibre et aucun dommage \u00e0 la gaine.<\/td>\n<\/tr>\n<tr>\n<td rowspan=\"3\" width=\"150\">Torsion<br \/>\nCEI 60794-1-2-E7<\/td>\n<td width=\"198\">Longueur : 2m<\/td>\n<td width=\"321\">Changement de perte \u2264 0,1 dB \u00e0 1550 nm apr\u00e8s le test.<\/td>\n<\/tr>\n<tr>\n<td width=\"198\">Angle de torsion : \u00b1180\u00b0<\/td>\n<td width=\"321\">Aucune rupture de fibre et aucun dommage \u00e0 la gaine.<\/td>\n<\/tr>\n<tr>\n<td width=\"198\">N\u00b0 de cycle : 10<\/td>\n<td width=\"321\"><\/td>\n<\/tr>\n<tr>\n<td rowspan=\"3\" width=\"150\">Coude de c\u00e2ble<br \/>\nCEI 60794-1-2-E11<\/td>\n<td width=\"198\">Diam\u00e8tre du mandrin : 20 x OD<\/td>\n<td width=\"321\">Changement de perte \u2264 0,1 dB \u00e0 1550 nm apr\u00e8s le test.<\/td>\n<\/tr>\n<tr>\n<td width=\"198\">Nombre de tours :4<\/td>\n<td width=\"321\">Aucune rupture de fibre et aucun dommage \u00e0 la gaine.<\/td>\n<\/tr>\n<tr>\n<td width=\"198\">Nombre de cycles :3<\/td>\n<td width=\"321\"><\/td>\n<\/tr>\n<tr>\n<td rowspan=\"3\" width=\"150\">Flux compos\u00e9<br \/>\nCEI 60794-1-2-E14<\/td>\n<td width=\"198\">Longueur : 30 cm<\/td>\n<td width=\"321\"><\/td>\n<\/tr>\n<tr>\n<td width=\"198\">Temp\u00e9rature : 70 \u2103 \u00b1 2 \u2103<\/td>\n<td width=\"321\">Pas de sortie ni de goutte<\/td>\n<\/tr>\n<tr>\n<td width=\"198\">P\u00e9riode:24h<\/td>\n<td width=\"321\"><\/td>\n<\/tr>\n<tr>\n<td rowspan=\"3\" width=\"150\">P\u00e9n\u00e9tration de l'eau<br \/>\nCEI 60794-1-2-F5B<\/td>\n<td width=\"198\">Hauteur d'eau : 1m<\/td>\n<td width=\"321\">Aucune fuite d'eau de l'\u00e2me du c\u00e2ble du<\/td>\n<\/tr>\n<tr>\n<td width=\"198\">Longueur de l'\u00e9chantillon : 3 m<\/td>\n<td width=\"321\">extr\u00e9mit\u00e9 oppos\u00e9e<\/td>\n<\/tr>\n<tr>\n<td width=\"198\">Heure: 24h<\/td>\n<td width=\"321\"><\/td>\n<\/tr>\n<tr>\n<td rowspan=\"3\" width=\"150\">Cyclisme de temp\u00e9rature<br \/>\nCEI 60794-1-2-F1<\/td>\n<td width=\"198\">Temp\u00e9rature : -30 \u2103 ~ + 60 \u2103<\/td>\n<td width=\"321\">Changement de perte \u2264 0,1 dB \u00e0 1550 nm apr\u00e8s le test.<\/td>\n<\/tr>\n<tr>\n<td width=\"198\">Temps de chaque \u00e9tape : 12h<\/td>\n<td width=\"321\">Aucune rupture de fibre et aucun dommage \u00e0 la gaine.<\/td>\n<\/tr>\n<tr>\n<td width=\"198\">Nombre de cycles : 2<\/td>\n<td width=\"321\"><\/td>\n<\/tr>\n<\/tbody>\n<\/table>\n<p>&nbsp;<\/p>\n<p><strong><b>Param\u00e8tres techniques de la fibre optique <\/b><\/strong><\/p>\n<table>\n<tbody>\n<tr>\n<td colspan=\"2\" width=\"254\"><strong>Style fibre<\/strong><\/td>\n<td width=\"94\"><strong>Unit\u00e9<\/strong><\/td>\n<td width=\"94\"><strong>SM9\/125<\/strong><\/td>\n<td width=\"103\"><strong>MM50\/125<\/strong><\/td>\n<td width=\"122\"><strong>MM62,5\/125<\/strong><\/td>\n<\/tr>\n<tr>\n<td colspan=\"2\" width=\"254\">\u00c9tat<\/td>\n<td width=\"94\">nm<\/td>\n<td width=\"94\">1310\/1550<\/td>\n<td width=\"103\">850\/1300<\/td>\n<td width=\"122\">850\/1300<\/td>\n<\/tr>\n<tr>\n<td colspan=\"2\" width=\"254\">Att\u00e9nuation<\/td>\n<td width=\"94\">dB\/km<\/td>\n<td width=\"94\">\u22640,34\/0,2<\/td>\n<td width=\"103\">\u22643,0\/1,0<\/td>\n<td width=\"122\">\u22643,0\/1,0<\/td>\n<\/tr>\n<tr>\n<td rowspan=\"2\" width=\"141\">Dispersion<\/td>\n<td width=\"113\">1310 nm<\/td>\n<td width=\"94\">Ps\/(nm*km)<\/td>\n<td width=\"94\">\u226418<\/td>\n<td width=\"103\">\u2026..<\/td>\n<td width=\"122\">\u2026..<\/td>\n<\/tr>\n<tr>\n<td width=\"113\">1550 nm<\/td>\n<td width=\"94\">Ps\/(nm*km)<\/td>\n<td width=\"94\">\u226422<\/td>\n<td width=\"103\">\u2026..<\/td>\n<td width=\"122\">\u2026..<\/td>\n<\/tr>\n<tr>\n<td rowspan=\"2\" width=\"141\">Bande passante<\/td>\n<td width=\"113\">850 nm<\/td>\n<td width=\"94\">MHz. KM<\/td>\n<td width=\"94\">\u2026..<\/td>\n<td width=\"103\">\u2267400<\/td>\n<td width=\"122\">\u2267160<\/td>\n<\/tr>\n<tr>\n<td width=\"113\">1300 nm<\/td>\n<td width=\"94\">MHz. KM<\/td>\n<td width=\"94\">\u2026..<\/td>\n<td width=\"103\">\u2267800<\/td>\n<td width=\"122\">\u2267500<\/td>\n<\/tr>\n<tr>\n<td colspan=\"2\" width=\"254\">Longueur d'onde \u00e0 dispersion nulle<\/td>\n<td width=\"94\">nm<\/td>\n<td width=\"94\">\u22671302,<\/p>\n<p>\u22641322<\/td>\n<td width=\"103\">\u2026..<\/td>\n<td width=\"122\">\u2026..<\/td>\n<\/tr>\n<tr>\n<td colspan=\"2\" width=\"254\">Pente de dispersion nulle<\/td>\n<td width=\"94\">nm<\/td>\n<td width=\"94\">\u22640,091<\/td>\n<td width=\"103\">\u2026..<\/td>\n<td width=\"122\">\u2026..<\/td>\n<\/tr>\n<tr>\n<td colspan=\"2\" width=\"254\">Fibre individuelle maximale PMD<\/td>\n<td width=\"94\"><\/td>\n<td width=\"94\">\u22640,2<\/td>\n<td width=\"103\">\u2026..<\/td>\n<td width=\"122\">\u2026..<\/td>\n<\/tr>\n<tr>\n<td colspan=\"2\" width=\"254\">Valeur du lien de conception PMD<\/td>\n<td width=\"94\">Ps(nm2*km)<\/td>\n<td width=\"94\">\u22640,08<\/td>\n<td width=\"103\">\u2026..<\/td>\n<td width=\"122\">\u2026..<\/td>\n<\/tr>\n<tr>\n<td colspan=\"2\" width=\"254\">Longueur d'onde de coupure de la fibre \u03bbc<\/td>\n<td width=\"94\">nm<\/td>\n<td width=\"94\">\u22671180,<\/p>\n<p>\u22641330<\/td>\n<td width=\"103\">\u2026..<\/td>\n<td width=\"122\">\u2026..<\/td>\n<\/tr>\n<tr>\n<td colspan=\"2\" width=\"254\">Longueur d'onde de coupure du c\u00e2ble \u03bbcc<\/td>\n<td width=\"94\">nm<\/td>\n<td width=\"94\">\u22641260<\/td>\n<td width=\"103\">\u2026..<\/td>\n<td width=\"122\">\u2026..<\/td>\n<\/tr>\n<tr>\n<td rowspan=\"2\" width=\"141\">MFD<\/td>\n<td width=\"113\">1310 nm<\/td>\n<td width=\"94\">euh<\/td>\n<td width=\"94\">9,2 \u00b1 0,4<\/td>\n<td width=\"103\">\u2026..<\/td>\n<td width=\"122\">\u2026..<\/td>\n<\/tr>\n<tr>\n<td width=\"113\">1550 nm<\/td>\n<td width=\"94\">euh<\/td>\n<td width=\"94\">10,4 \u00b1 0,8<\/td>\n<td width=\"103\">\u2026..<\/td>\n<td width=\"122\">\u2026..<\/td>\n<\/tr>\n<tr>\n<td colspan=\"2\" width=\"254\">Ouverture num\u00e9rique (NA)<\/td>\n<td width=\"94\"><\/td>\n<td width=\"94\">\u2026\u2026<\/td>\n<td width=\"103\">0,200 \u00b1 0,015<\/td>\n<td width=\"122\">0,275 \u00b1 0,015<\/td>\n<\/tr>\n<tr>\n<td colspan=\"2\" width=\"254\">Pas (moyenne de la mesure bidirectionnelle)<\/td>\n<td width=\"94\">dB<\/td>\n<td width=\"94\">\u22640,05<\/td>\n<td width=\"103\">\u22640,10<\/td>\n<td width=\"122\">\u22640,10<\/td>\n<\/tr>\n<tr>\n<td colspan=\"2\" width=\"254\">Irr\u00e9gularit\u00e9s sur la longueur des fibres et discontinuit\u00e9 ponctuelle<\/td>\n<td width=\"94\">dB<\/td>\n<td width=\"94\">\u22640,05<\/td>\n<td width=\"103\">\u22640,10<\/td>\n<td width=\"122\">\u22640,10<\/td>\n<\/tr>\n<tr>\n<td colspan=\"2\" width=\"254\">Coefficient de r\u00e9trodiffusion de diff\u00e9rence<\/td>\n<td width=\"94\">dB\/km<\/td>\n<td width=\"94\">\u22640,03<\/td>\n<td width=\"103\">\u22640,08<\/td>\n<td width=\"122\">\u22640,10<\/td>\n<\/tr>\n<tr>\n<td colspan=\"2\" width=\"254\">Uniformit\u00e9 de l'att\u00e9nuation<\/td>\n<td width=\"94\">dB\/km<\/td>\n<td width=\"94\">\u22640,01<\/td>\n<td width=\"103\">\u2026\u2026.<\/td>\n<td width=\"122\">\u2026\u2026.<\/td>\n<\/tr>\n<tr>\n<td colspan=\"2\" width=\"254\">Diam\u00e8tre du noyau<\/td>\n<td width=\"94\">euh<\/td>\n<td width=\"94\">\u2026\u2026<\/td>\n<td width=\"103\">50 \u00b1 1,0<\/td>\n<td width=\"122\">62,5\u00b12,5<\/td>\n<\/tr>\n<tr>\n<td colspan=\"2\" width=\"254\">Diam\u00e8tre du bardage<\/td>\n<td width=\"94\">euh<\/td>\n<td width=\"94\">125,0 \u00b1 0,1<\/td>\n<td width=\"103\">125,0 \u00b1 0,1<\/td>\n<td width=\"122\">125,0 \u00b1 0,1<\/td>\n<\/tr>\n<tr>\n<td colspan=\"2\" width=\"254\">Non-circularit\u00e9 du rev\u00eatement<\/td>\n<td width=\"94\">%<\/td>\n<td width=\"94\">\u22641,0<\/td>\n<td width=\"103\">\u22641,0<\/td>\n<td width=\"122\">\u22641,0<\/td>\n<\/tr>\n<tr>\n<td colspan=\"2\" width=\"254\">Diam\u00e8tre du rev\u00eatement<\/td>\n<td width=\"94\">euh<\/td>\n<td width=\"94\">242 \u00b1 7<\/td>\n<td width=\"103\">242 \u00b1 7<\/td>\n<td width=\"122\">242 \u00b1 7<\/td>\n<\/tr>\n<tr>\n<td colspan=\"2\" width=\"254\">Erreur de concentricit\u00e9 du rev\u00eatement\/pinsonnier<\/td>\n<td width=\"94\">euh<\/td>\n<td width=\"94\">\u226412,0<\/td>\n<td width=\"103\">\u226412,0<\/td>\n<td width=\"122\">\u226412,0<\/td>\n<\/tr>\n<tr>\n<td colspan=\"2\" width=\"254\">Non circularit\u00e9 du rev\u00eatement<\/td>\n<td width=\"94\">%<\/td>\n<td width=\"94\">\u22646,0<\/td>\n<td width=\"103\">\u22646,0<\/td>\n<td width=\"122\">\u22646,0<\/td>\n<\/tr>\n<tr>\n<td colspan=\"2\" width=\"254\">Erreur de concentricit\u00e9 noyau\/gaine<\/td>\n<td width=\"94\">euh<\/td>\n<td width=\"94\">\u22640,6<\/td>\n<td width=\"103\">\u22641,5<\/td>\n<td width=\"122\">\u22641,5<\/td>\n<\/tr>\n<tr>\n<td colspan=\"2\" width=\"254\">Boucle (rayon)<\/td>\n<td width=\"94\">euh<\/td>\n<td width=\"94\">\u22644<\/td>\n<td width=\"103\">\u2026..<\/td>\n<td width=\"122\">\u2026..<\/td>\n<\/tr>\n<\/tbody>\n<\/table>","protected":false},"excerpt":{"rendered":"<p>Dans le c\u00e2ble PE blind\u00e9 \u00e0 double gaine (GYFTY53) toronn\u00e9 \u00e0 tube l\u00e2che 144F et 288F d'OMC, un FRP (parfois gain\u00e9 de poly\u00e9thyl\u00e8ne (PE)) se situe au centre de l'\u00e2me en tant qu'\u00e9l\u00e9ment de renfort m\u00e9tallique. Les fibres monomodes\/multimodes sont positionn\u00e9es dans le tube l\u00e2che, qui est constitu\u00e9 de mat\u00e9riaux PBT et rempli de compos\u00e9 de remplissage. Les tubes (et les charges) sont toronn\u00e9s autour du membre de force dans [\u2026]<\/p>","protected":false},"featured_media":11219,"comment_status":"closed","ping_status":"closed","template":"","meta":{"site-sidebar-layout":"default","site-content-layout":"","ast-site-content-layout":"default","site-content-style":"default","site-sidebar-style":"default","ast-global-header-display":"","ast-banner-title-visibility":"","ast-main-header-display":"","ast-hfb-above-header-display":"","ast-hfb-below-header-display":"","ast-hfb-mobile-header-display":"","site-post-title":"","ast-breadcrumbs-content":"","ast-featured-img":"","footer-sml-layout":"","theme-transparent-header-meta":"default","adv-header-id-meta":"","stick-header-meta":"default","header-above-stick-meta":"","header-main-stick-meta":"","header-below-stick-meta":"","astra-migrate-meta-layouts":"set","ast-page-background-enabled":"default","ast-page-background-meta":{"desktop":{"background-color":"var(--ast-global-color-4)","background-image":"","background-repeat":"repeat","background-position":"center center","background-size":"auto","background-attachment":"scroll","background-type":"","background-media":"","overlay-type":"","overlay-color":"","overlay-gradient":""},"tablet":{"background-color":"","background-image":"","background-repeat":"repeat","background-position":"center center","background-size":"auto","background-attachment":"scroll","background-type":"","background-media":"","overlay-type":"","overlay-color":"","overlay-gradient":""},"mobile":{"background-color":"","background-image":"","background-repeat":"repeat","background-position":"center center","background-size":"auto","background-attachment":"scroll","background-type":"","background-media":"","overlay-type":"","overlay-color":"","overlay-gradient":""}},"ast-content-background-meta":{"desktop":{"background-color":"var(--ast-global-color-5)","background-image":"","background-repeat":"repeat","background-position":"center center","background-size":"auto","background-attachment":"scroll","background-type":"","background-media":"","overlay-type":"","overlay-color":"","overlay-gradient":""},"tablet":{"background-color":"var(--ast-global-color-5)","background-image":"","background-repeat":"repeat","background-position":"center center","background-size":"auto","background-attachment":"scroll","background-type":"","background-media":"","overlay-type":"","overlay-color":"","overlay-gradient":""},"mobile":{"background-color":"var(--ast-global-color-5)","background-image":"","background-repeat":"repeat","background-position":"center center","background-size":"auto","background-attachment":"scroll","background-type":"","background-media":"","overlay-type":"","overlay-color":"","overlay-gradient":""}}},"product_cat":[139,124,168],"product_tag":[],"class_list":{"0":"post-11217","1":"product","2":"type-product","3":"status-publish","4":"has-post-thumbnail","6":"product_cat-armored-outdoor-cable","7":"product_cat-outdoor-cable","8":"product_cat-recommended-products","9":"desktop-align-left","10":"tablet-align-left","11":"mobile-align-left","12":"ast-product-gallery-layout-horizontal-slider","13":"ast-product-tabs-layout-horizontal","15":"first","16":"instock","17":"shipping-taxable","18":"product-type-simple"},"acf":[],"_links":{"self":[{"href":"https:\/\/www.omccable.com\/fr\/wp-json\/wp\/v2\/product\/11217","targetHints":{"allow":["GET"]}}],"collection":[{"href":"https:\/\/www.omccable.com\/fr\/wp-json\/wp\/v2\/product"}],"about":[{"href":"https:\/\/www.omccable.com\/fr\/wp-json\/wp\/v2\/types\/product"}],"replies":[{"embeddable":true,"href":"https:\/\/www.omccable.com\/fr\/wp-json\/wp\/v2\/comments?post=11217"}],"version-history":[{"count":3,"href":"https:\/\/www.omccable.com\/fr\/wp-json\/wp\/v2\/product\/11217\/revisions"}],"predecessor-version":[{"id":12218,"href":"https:\/\/www.omccable.com\/fr\/wp-json\/wp\/v2\/product\/11217\/revisions\/12218"}],"wp:featuredmedia":[{"embeddable":true,"href":"https:\/\/www.omccable.com\/fr\/wp-json\/wp\/v2\/media\/11219"}],"wp:attachment":[{"href":"https:\/\/www.omccable.com\/fr\/wp-json\/wp\/v2\/media?parent=11217"}],"wp:term":[{"taxonomy":"product_cat","embeddable":true,"href":"https:\/\/www.omccable.com\/fr\/wp-json\/wp\/v2\/product_cat?post=11217"},{"taxonomy":"product_tag","embeddable":true,"href":"https:\/\/www.omccable.com\/fr\/wp-json\/wp\/v2\/product_tag?post=11217"}],"curies":[{"name":"wp","href":"https:\/\/api.w.org\/{rel}","templated":true}]}}