{"id":11178,"date":"2024-07-01T16:48:51","date_gmt":"2024-07-01T08:48:51","guid":{"rendered":"https:\/\/www.omccable.com\/?post_type=product&#038;p=11178"},"modified":"2024-07-01T16:48:51","modified_gmt":"2024-07-01T08:48:51","slug":"2-144f-stranded-loose-tube-armored-cable-gyts-pe","status":"publish","type":"product","link":"https:\/\/www.omccable.com\/fr\/produit\/2-144f-stranded-loose-tube-armored-cable-gyts-pe\/","title":{"rendered":"C\u00e2ble blind\u00e9 \u00e0 tube libre toronn\u00e9 2-144F (GYTS) PE"},"content":{"rendered":"<p>Dans le <strong><b>C\u00e2ble PEHD blind\u00e9 \u00e0 tube libre toronn\u00e9 2-144F (GYTS).<\/b><\/strong>\u00a0A <strong><b>Phosphatation<\/b><\/strong><strong><b>\u00a0<\/b><\/strong><strong><b>acier<\/b><\/strong><strong><b>\u00a0<\/b><\/strong><strong><b>fil<\/b><\/strong>\u00a0La couche de coussin &amp;PE (bien que n\u00e9cessaire) est situ\u00e9e au centre du noyau en tant qu'\u00e9l\u00e9ment de r\u00e9sistance m\u00e9tallique. Les fibres monomodes\/multimodes sont positionn\u00e9es dans le tube l\u00e2che, qui est constitu\u00e9 de mat\u00e9riaux PBT et rempli de compos\u00e9 de remplissage. <strong><b>Tubes PBT (et charges) <\/b><\/strong>sont toronn\u00e9s autour de l'\u00e9l\u00e9ment de renfort central dans une \u00e2me de c\u00e2ble compacte et circulaire. Puis un<strong><b>\u00a0<\/b><\/strong><strong><b>Ruban d'acier ondul\u00e9<\/b><\/strong>\u00a0est appliqu\u00e9 longitudinalement sur l'\u00e2me du c\u00e2ble, qui est remplie du compos\u00e9 de remplissage pour la prot\u00e9ger de la p\u00e9n\u00e9tration de l'eau. Le c\u00e2ble est compl\u00e9t\u00e9 par une gaine PE.<\/p>\n<p>&nbsp;<\/p>\n<p><strong><b>Couleur standard de la fibre et du tube<\/b><\/strong><\/p>\n<p>Le code couleur de chaque fibre doit \u00eatre conforme au tableau ci-dessous<\/p>\n<table>\n<tbody>\n<tr>\n<td width=\"124\"><strong>Non.<\/strong><\/td>\n<td width=\"94\">1<\/td>\n<td width=\"94\">2<\/td>\n<td width=\"85\">3<\/td>\n<td width=\"94\">4<\/td>\n<td width=\"94\">5<\/td>\n<td width=\"103\">6<\/td>\n<\/tr>\n<tr>\n<td width=\"124\"><strong>Couleur<\/strong><\/td>\n<td width=\"94\">Bleu<\/td>\n<td width=\"94\">Orange<\/td>\n<td width=\"85\">Vert<\/td>\n<td width=\"94\">Brun<\/td>\n<td width=\"94\">Gris<\/td>\n<td width=\"103\">Blanc<\/td>\n<\/tr>\n<tr>\n<td width=\"124\"><strong>Non.<\/strong><\/td>\n<td width=\"94\">7<\/td>\n<td width=\"94\">8<\/td>\n<td width=\"85\">9<\/td>\n<td width=\"94\">10<\/td>\n<td width=\"94\">11<\/td>\n<td width=\"103\">12<\/td>\n<\/tr>\n<tr>\n<td width=\"124\"><strong>Couleur<\/strong><\/td>\n<td width=\"94\">Rouge<\/td>\n<td width=\"94\">Noir<\/td>\n<td width=\"85\">Jaune<\/td>\n<td width=\"94\">Violette<\/td>\n<td width=\"94\">Rose<\/td>\n<td width=\"103\">Aqua<\/td>\n<\/tr>\n<\/tbody>\n<\/table>\n<p>Code couleur du tube pour 12 \u00e0 144 fibres :<\/p>\n<table>\n<tbody>\n<tr>\n<td width=\"124\"><strong>Non.<\/strong><\/td>\n<td width=\"94\">1<\/td>\n<td width=\"94\">2<\/td>\n<td width=\"85\">3<\/td>\n<td width=\"94\">4<\/td>\n<td width=\"94\">5<\/td>\n<td width=\"103\">6<\/td>\n<\/tr>\n<tr>\n<td width=\"124\"><strong>Couleur<\/strong><\/td>\n<td width=\"94\">Bleu<\/td>\n<td width=\"94\">Orange<\/td>\n<td width=\"85\">Vert<\/td>\n<td width=\"94\">Brun<\/td>\n<td width=\"94\">Gris<\/td>\n<td width=\"103\">Blanc<\/td>\n<\/tr>\n<tr>\n<td width=\"124\"><strong>Non.<\/strong><\/td>\n<td width=\"94\">7<\/td>\n<td width=\"94\">8<\/td>\n<td width=\"85\">9<\/td>\n<td width=\"94\">10<\/td>\n<td width=\"94\">11<\/td>\n<td width=\"103\">12<\/td>\n<\/tr>\n<tr>\n<td width=\"124\"><strong>Couleur<\/strong><\/td>\n<td width=\"94\">Rouge<\/td>\n<td width=\"94\">Noir<\/td>\n<td width=\"85\">Jaune<\/td>\n<td width=\"94\">Violette<\/td>\n<td width=\"94\">Rose<\/td>\n<td width=\"103\">Aqua<\/td>\n<\/tr>\n<\/tbody>\n<\/table>\n<p>Remarque : # signifie une seule bande noire ; * signifie une seule bande blanche.<\/p>\n<p>&nbsp;<\/p>\n<p><strong><b>C\u00e2ble<\/b><\/strong><strong><b>\u00a0Param\u00e8tre de structure<\/b><\/strong><\/p>\n<table>\n<tbody>\n<tr>\n<td width=\"162\"><strong>Article<\/strong><\/td>\n<td width=\"113\"><strong>Sommaire<\/strong><\/td>\n<td width=\"56\"><strong>Unit\u00e9<\/strong><\/td>\n<td colspan=\"6\" width=\"359\"><strong>Valeur<\/strong><\/td>\n<\/tr>\n<tr>\n<td width=\"162\">Nombre de fibres<\/td>\n<td width=\"113\">Nombre<\/td>\n<td width=\"56\">\/<\/td>\n<td width=\"56\">2~8<\/td>\n<td width=\"47\">12~24<\/td>\n<td width=\"56\">48<\/td>\n<td width=\"56\">72<\/td>\n<td width=\"66\">96<\/td>\n<td width=\"75\">144<\/td>\n<\/tr>\n<tr>\n<td width=\"162\">Type de fibre<\/td>\n<td width=\"113\">\/<\/td>\n<td width=\"56\">\/<\/td>\n<td colspan=\"6\" width=\"359\">G652D et OM2 et OM3 et OM4<\/td>\n<\/tr>\n<tr>\n<td width=\"162\">Structure du c\u00e2ble<\/td>\n<td width=\"113\">\/<\/td>\n<td width=\"56\">\/<\/td>\n<td colspan=\"2\" width=\"104\">\u00a0\u00a0\u00a0\u00a0\u00a0\u00a01+5<\/td>\n<td width=\"56\">1+5<\/td>\n<td width=\"56\">1+6<\/td>\n<td width=\"66\">1+8<\/td>\n<td width=\"75\">1+12<\/td>\n<\/tr>\n<tr>\n<td width=\"162\">Fibres par tube<\/td>\n<td width=\"113\">Compter<\/td>\n<td width=\"56\">\/<\/td>\n<td colspan=\"2\" width=\"104\">6<\/td>\n<td width=\"56\">12<\/td>\n<td width=\"56\">12<\/td>\n<td width=\"66\">12<\/td>\n<td width=\"75\">12<\/td>\n<\/tr>\n<tr>\n<td rowspan=\"2\" width=\"162\">Tube l\u00e2che<\/td>\n<td width=\"113\">Mat\u00e9riel<\/td>\n<td width=\"56\">\/<\/td>\n<td colspan=\"6\" width=\"359\">PBT<\/td>\n<\/tr>\n<tr>\n<td width=\"113\">Diam\u00e8tre nominal<\/td>\n<td width=\"56\">mm<\/td>\n<td colspan=\"2\" width=\"104\">1.8<\/td>\n<td width=\"56\">2.5<\/td>\n<td width=\"56\">2.5<\/td>\n<td width=\"66\">2.5<\/td>\n<td width=\"75\">2.5<\/td>\n<\/tr>\n<tr>\n<td rowspan=\"3\" width=\"162\">Membre de la force centrale<\/td>\n<td width=\"113\">Mat\u00e9riel<\/td>\n<td width=\"56\">\/<\/td>\n<td colspan=\"6\" width=\"359\">Couche de coussin en fil d'acier et PE (en cas de besoin)<\/td>\n<\/tr>\n<tr>\n<td width=\"113\">Diam\u00e8tre nominal<\/td>\n<td width=\"56\">mm<\/td>\n<td colspan=\"2\" width=\"104\">1.3<\/td>\n<td width=\"56\">1.5<\/td>\n<td width=\"56\">1.5<\/td>\n<td width=\"66\">1.5<\/td>\n<td width=\"75\">1.8<\/td>\n<\/tr>\n<tr>\n<td width=\"113\">Couche de coussin en PE<\/td>\n<td width=\"56\">mm<\/td>\n<td colspan=\"2\" width=\"104\">\u2013<\/td>\n<td width=\"56\">\u2013<\/td>\n<td width=\"56\">2,6 \u00b1 0,2<\/td>\n<td width=\"66\">4,1 \u00b1 0,2<\/td>\n<td width=\"75\">7,3 \u00b1 0,2<\/td>\n<\/tr>\n<tr>\n<td width=\"162\">Membre de force p\u00e9riph\u00e9rique<\/td>\n<td colspan=\"2\" width=\"170\">Mat\u00e9riel<\/td>\n<td colspan=\"6\" width=\"359\">Ruban d'acier ondul\u00e9<\/td>\n<\/tr>\n<tr>\n<td rowspan=\"3\" width=\"162\">Gaine ext\u00e9rieure<\/td>\n<td colspan=\"2\" width=\"170\">Mat\u00e9riel<\/td>\n<td colspan=\"6\" width=\"359\">PE<\/td>\n<\/tr>\n<tr>\n<td colspan=\"2\" width=\"170\">Couleur<\/td>\n<td colspan=\"6\" width=\"359\">Noir<\/td>\n<\/tr>\n<tr>\n<td width=\"113\">\u00e9paisseur<\/td>\n<td width=\"56\">mm<\/td>\n<td colspan=\"6\" width=\"359\">Nominale : 2,0<\/td>\n<\/tr>\n<tr>\n<td rowspan=\"2\" width=\"162\">Att\u00e9nuation (apr\u00e8s c\u00e2ble)<\/td>\n<td width=\"113\">1310 nm<\/td>\n<td width=\"56\">dB\/km<\/td>\n<td colspan=\"6\" width=\"359\">\u00a30.36<\/td>\n<\/tr>\n<tr>\n<td width=\"113\">1550 nm<\/td>\n<td width=\"56\">dB\/km<\/td>\n<td colspan=\"6\" width=\"359\">\u00a30.22<\/td>\n<\/tr>\n<tr>\n<td width=\"162\">Diam\u00e8tre du c\u00e2ble<\/td>\n<td width=\"113\">\u00b15%<\/td>\n<td width=\"56\">mm<\/td>\n<td width=\"56\">9.0<\/td>\n<td width=\"47\">9.3<\/td>\n<td width=\"56\">11.0<\/td>\n<td width=\"56\">12.2<\/td>\n<td width=\"66\">13.7<\/td>\n<td width=\"75\">17.0<\/td>\n<\/tr>\n<tr>\n<td width=\"162\">Poids du c\u00e2ble<\/td>\n<td width=\"113\">\u00b110%<\/td>\n<td width=\"56\">kg\/km<\/td>\n<td width=\"56\">72<\/td>\n<td width=\"47\">75<\/td>\n<td width=\"56\">103<\/td>\n<td width=\"56\">125<\/td>\n<td width=\"66\">161<\/td>\n<td width=\"75\">245<\/td>\n<\/tr>\n<\/tbody>\n<\/table>\n<p><strong><b>\u00a0<\/b><\/strong><\/p>\n<p><strong><b>Performances M\u00e9caniques et Environnementales<\/b><\/strong><\/p>\n<table>\n<tbody>\n<tr>\n<td width=\"221\"><strong>Article<\/strong><\/td>\n<td width=\"243\"><strong>Sommaire<\/strong><\/td>\n<td width=\"226\"><strong>Valeur<\/strong><\/td>\n<\/tr>\n<tr>\n<td rowspan=\"2\" width=\"221\">Max. charge de traction<\/td>\n<td width=\"243\">Court terme<\/td>\n<td width=\"226\">1 500 N (souche de fibre\u22640,6%)<\/td>\n<\/tr>\n<tr>\n<td width=\"243\">\u00c0 long terme<\/td>\n<td width=\"226\">600 N<\/td>\n<\/tr>\n<tr>\n<td rowspan=\"2\" width=\"221\">Max. r\u00e9sistance \u00e0 l'\u00e9crasement<\/td>\n<td width=\"243\">Court terme<\/td>\n<td width=\"226\">1 000 N\/100 mm<\/td>\n<\/tr>\n<tr>\n<td width=\"243\">\u00c0 long terme<\/td>\n<td width=\"226\">300N<\/td>\n<\/tr>\n<tr>\n<td rowspan=\"2\" width=\"221\">Min. rayon de courbure<\/td>\n<td width=\"243\">Installation<\/td>\n<td width=\"226\">20 x diam\u00e8tre du c\u00e2ble<\/td>\n<\/tr>\n<tr>\n<td width=\"243\">Op\u00e9ration<\/td>\n<td width=\"226\">10 x diam\u00e8tre du c\u00e2ble<\/td>\n<\/tr>\n<tr>\n<td rowspan=\"3\" width=\"221\">Plage de temp\u00e9rature<\/td>\n<td width=\"243\">Op\u00e9ration<\/td>\n<td width=\"226\">-40 \u2103 ~ +70 \u2103<\/td>\n<\/tr>\n<tr>\n<td width=\"243\">Installation<\/td>\n<td width=\"226\">-20 \u2103 ~ +60 \u2103<\/td>\n<\/tr>\n<tr>\n<td width=\"243\">Stockage\/transport<\/td>\n<td width=\"226\">-40 \u2103 ~ +70 \u2103<\/td>\n<\/tr>\n<\/tbody>\n<\/table>\n<p>&nbsp;<\/p>\n<p><strong><b>Param\u00e8tres techniques de la fibre optique-SMF<\/b><\/strong><\/p>\n<table>\n<tbody>\n<tr>\n<td colspan=\"2\" width=\"254\"><strong>Style fibre<\/strong><\/td>\n<td width=\"94\"><strong>Unit\u00e9<\/strong><\/td>\n<td width=\"94\"><strong>SM9\/125<\/strong><\/td>\n<td width=\"103\"><strong>MM50\/125<\/strong><\/td>\n<td width=\"122\"><strong>MM62,5\/125<\/strong><\/td>\n<\/tr>\n<tr>\n<td colspan=\"2\" width=\"254\">\u00c9tat<\/td>\n<td width=\"94\">nm<\/td>\n<td width=\"94\">1310\/1550<\/td>\n<td width=\"103\">850\/1300<\/td>\n<td width=\"122\">850\/1300<\/td>\n<\/tr>\n<tr>\n<td colspan=\"2\" width=\"254\">Att\u00e9nuation<\/td>\n<td width=\"94\">dB\/km<\/td>\n<td width=\"94\">\u22640,34\/0,2<\/td>\n<td width=\"103\">\u22643,0\/1,0<\/td>\n<td width=\"122\">\u22643,0\/1,0<\/td>\n<\/tr>\n<tr>\n<td rowspan=\"2\" width=\"141\">Dispersion<\/td>\n<td width=\"113\">1310 nm<\/td>\n<td width=\"94\">Ps\/(nm*km)<\/td>\n<td width=\"94\">\u226418<\/td>\n<td width=\"103\">\u2026..<\/td>\n<td width=\"122\">\u2026..<\/td>\n<\/tr>\n<tr>\n<td width=\"113\">1550 nm<\/td>\n<td width=\"94\">Ps\/(nm*km)<\/td>\n<td width=\"94\">\u226422<\/td>\n<td width=\"103\">\u2026..<\/td>\n<td width=\"122\">\u2026..<\/td>\n<\/tr>\n<tr>\n<td rowspan=\"2\" width=\"141\">Bande passante<\/td>\n<td width=\"113\">850 nm<\/td>\n<td width=\"94\">MHz. KM<\/td>\n<td width=\"94\">\u2026..<\/td>\n<td width=\"103\">\u2267400<\/td>\n<td width=\"122\">\u2267160<\/td>\n<\/tr>\n<tr>\n<td width=\"113\">1300 nm<\/td>\n<td width=\"94\">MHz. KM<\/td>\n<td width=\"94\">\u2026..<\/td>\n<td width=\"103\">\u2267800<\/td>\n<td width=\"122\">\u2267500<\/td>\n<\/tr>\n<tr>\n<td colspan=\"2\" width=\"254\">Longueur d'onde \u00e0 dispersion nulle<\/td>\n<td width=\"94\">nm<\/td>\n<td width=\"94\">\u22671302,<\/p>\n<p>\u22641322<\/td>\n<td width=\"103\">\u2026..<\/td>\n<td width=\"122\">\u2026..<\/td>\n<\/tr>\n<tr>\n<td colspan=\"2\" width=\"254\">Pente de dispersion nulle<\/td>\n<td width=\"94\">nm<\/td>\n<td width=\"94\">\u22640,091<\/td>\n<td width=\"103\">\u2026..<\/td>\n<td width=\"122\">\u2026..<\/td>\n<\/tr>\n<tr>\n<td colspan=\"2\" width=\"254\">Fibre individuelle maximale PMD<\/td>\n<td width=\"94\">&nbsp;<\/td>\n<td width=\"94\">\u22640,2<\/td>\n<td width=\"103\">\u2026..<\/td>\n<td width=\"122\">\u2026..<\/td>\n<\/tr>\n<tr>\n<td colspan=\"2\" width=\"254\">Valeur du lien de conception PMD<\/td>\n<td width=\"94\">Ps(nm2*km)<\/td>\n<td width=\"94\">\u22640,08<\/td>\n<td width=\"103\">\u2026..<\/td>\n<td width=\"122\">\u2026..<\/td>\n<\/tr>\n<tr>\n<td colspan=\"2\" width=\"254\">Longueur d'onde de coupure de la fibre \u03bbc<\/td>\n<td width=\"94\">nm<\/td>\n<td width=\"94\">\u22671180,<\/p>\n<p>\u22641330<\/td>\n<td width=\"103\">\u2026..<\/td>\n<td width=\"122\">\u2026..<\/td>\n<\/tr>\n<tr>\n<td colspan=\"2\" width=\"254\">Longueur d'onde de coupure du c\u00e2ble \u03bbcc<\/td>\n<td width=\"94\">nm<\/td>\n<td width=\"94\">\u22641260<\/td>\n<td width=\"103\">\u2026..<\/td>\n<td width=\"122\">\u2026..<\/td>\n<\/tr>\n<tr>\n<td rowspan=\"2\" width=\"141\">MFD<\/td>\n<td width=\"113\">1310 nm<\/td>\n<td width=\"94\">euh<\/td>\n<td width=\"94\">9,2 \u00b1 0,4<\/td>\n<td width=\"103\">\u2026..<\/td>\n<td width=\"122\">\u2026..<\/td>\n<\/tr>\n<tr>\n<td width=\"113\">1550 nm<\/td>\n<td width=\"94\">euh<\/td>\n<td width=\"94\">10,4 \u00b1 0,8<\/td>\n<td width=\"103\">\u2026..<\/td>\n<td width=\"122\">\u2026..<\/td>\n<\/tr>\n<tr>\n<td colspan=\"2\" width=\"254\">Ouverture num\u00e9rique (NA)<\/td>\n<td width=\"94\">&nbsp;<\/td>\n<td width=\"94\">\u2026\u2026<\/td>\n<td width=\"103\">0,200 \u00b1 0,015<\/td>\n<td width=\"122\">0,275 \u00b1 0,015<\/td>\n<\/tr>\n<tr>\n<td colspan=\"2\" width=\"254\">Pas (moyenne de la mesure bidirectionnelle)<\/td>\n<td width=\"94\">dB<\/td>\n<td width=\"94\">\u22640,05<\/td>\n<td width=\"103\">\u22640,10<\/td>\n<td width=\"122\">\u22640,10<\/td>\n<\/tr>\n<tr>\n<td colspan=\"2\" width=\"254\">Irr\u00e9gularit\u00e9s sur la longueur des fibres et discontinuit\u00e9 ponctuelle<\/td>\n<td width=\"94\">dB<\/td>\n<td width=\"94\">\u22640,05<\/td>\n<td width=\"103\">\u22640,10<\/td>\n<td width=\"122\">\u22640,10<\/td>\n<\/tr>\n<tr>\n<td colspan=\"2\" width=\"254\">Coefficient de r\u00e9trodiffusion de diff\u00e9rence<\/td>\n<td width=\"94\">dB\/km<\/td>\n<td width=\"94\">\u22640,03<\/td>\n<td width=\"103\">\u22640,08<\/td>\n<td width=\"122\">\u22640,10<\/td>\n<\/tr>\n<tr>\n<td colspan=\"2\" width=\"254\">Uniformit\u00e9 de l'att\u00e9nuation<\/td>\n<td width=\"94\">dB\/km<\/td>\n<td width=\"94\">\u22640,01<\/td>\n<td width=\"103\">\u2026\u2026.<\/td>\n<td width=\"122\">\u2026\u2026.<\/td>\n<\/tr>\n<tr>\n<td colspan=\"2\" width=\"254\">Diam\u00e8tre du noyau<\/td>\n<td width=\"94\">euh<\/td>\n<td width=\"94\">\u2026\u2026<\/td>\n<td width=\"103\">50 \u00b1 1,0<\/td>\n<td width=\"122\">62,5\u00b12,5<\/td>\n<\/tr>\n<tr>\n<td colspan=\"2\" width=\"254\">Diam\u00e8tre du bardage<\/td>\n<td width=\"94\">euh<\/td>\n<td width=\"94\">125,0 \u00b1 0,1<\/td>\n<td width=\"103\">125,0 \u00b1 0,1<\/td>\n<td width=\"122\">125,0 \u00b1 0,1<\/td>\n<\/tr>\n<tr>\n<td colspan=\"2\" width=\"254\">Non-circularit\u00e9 du rev\u00eatement<\/td>\n<td width=\"94\">%<\/td>\n<td width=\"94\">\u22641,0<\/td>\n<td width=\"103\">\u22641,0<\/td>\n<td width=\"122\">\u22641,0<\/td>\n<\/tr>\n<tr>\n<td colspan=\"2\" width=\"254\">Diam\u00e8tre du rev\u00eatement<\/td>\n<td width=\"94\">euh<\/td>\n<td width=\"94\">242 \u00b1 7<\/td>\n<td width=\"103\">242 \u00b1 7<\/td>\n<td width=\"122\">242 \u00b1 7<\/td>\n<\/tr>\n<tr>\n<td colspan=\"2\" width=\"254\">Erreur de concentricit\u00e9 du rev\u00eatement\/pinsonnier<\/td>\n<td width=\"94\">euh<\/td>\n<td width=\"94\">\u226412,0<\/td>\n<td width=\"103\">\u226412,0<\/td>\n<td width=\"122\">\u226412,0<\/td>\n<\/tr>\n<tr>\n<td colspan=\"2\" width=\"254\">Non circularit\u00e9 du rev\u00eatement<\/td>\n<td width=\"94\">%<\/td>\n<td width=\"94\">\u22646,0<\/td>\n<td width=\"103\">\u22646,0<\/td>\n<td width=\"122\">\u22646,0<\/td>\n<\/tr>\n<tr>\n<td colspan=\"2\" width=\"254\">Erreur de concentricit\u00e9 noyau\/gaine<\/td>\n<td width=\"94\">euh<\/td>\n<td width=\"94\">\u22640,6<\/td>\n<td width=\"103\">\u22641,5<\/td>\n<td width=\"122\">\u22641,5<\/td>\n<\/tr>\n<tr>\n<td colspan=\"2\" width=\"254\">Boucle (rayon)<\/td>\n<td width=\"94\">euh<\/td>\n<td width=\"94\">\u22644<\/td>\n<td width=\"103\">\u2026..<\/td>\n<td width=\"122\">\u2026..<\/td>\n<\/tr>\n<\/tbody>\n<\/table>","protected":false},"excerpt":{"rendered":"<p>Dans le c\u00e2ble HDPE blind\u00e9 \u00e0 tube libre toronn\u00e9 (GYTS) 2-144F d'OMC. Une couche de coussin en fil d'acier et PE phosphatant (si n\u00e9cessaire) est situ\u00e9e au centre du noyau en tant qu'\u00e9l\u00e9ment de r\u00e9sistance m\u00e9tallique. Les fibres monomodes\/multimodes sont positionn\u00e9es dans le tube l\u00e2che, qui est constitu\u00e9 de mat\u00e9riaux PBT et rempli de compos\u00e9 de remplissage. Les tubes PBT (et les charges) sont toronn\u00e9s autour de l'\u00e9l\u00e9ment de renfort central dans un [\u2026]<\/p>","protected":false},"featured_media":11182,"comment_status":"closed","ping_status":"closed","template":"","meta":{"site-sidebar-layout":"default","site-content-layout":"","ast-site-content-layout":"default","site-content-style":"default","site-sidebar-style":"default","ast-global-header-display":"","ast-banner-title-visibility":"","ast-main-header-display":"","ast-hfb-above-header-display":"","ast-hfb-below-header-display":"","ast-hfb-mobile-header-display":"","site-post-title":"","ast-breadcrumbs-content":"","ast-featured-img":"","footer-sml-layout":"","theme-transparent-header-meta":"default","adv-header-id-meta":"","stick-header-meta":"default","header-above-stick-meta":"","header-main-stick-meta":"","header-below-stick-meta":"","astra-migrate-meta-layouts":"set","ast-page-background-enabled":"default","ast-page-background-meta":{"desktop":{"background-color":"var(--ast-global-color-4)","background-image":"","background-repeat":"repeat","background-position":"center center","background-size":"auto","background-attachment":"scroll","background-type":"","background-media":"","overlay-type":"","overlay-color":"","overlay-gradient":""},"tablet":{"background-color":"","background-image":"","background-repeat":"repeat","background-position":"center center","background-size":"auto","background-attachment":"scroll","background-type":"","background-media":"","overlay-type":"","overlay-color":"","overlay-gradient":""},"mobile":{"background-color":"","background-image":"","background-repeat":"repeat","background-position":"center center","background-size":"auto","background-attachment":"scroll","background-type":"","background-media":"","overlay-type":"","overlay-color":"","overlay-gradient":""}},"ast-content-background-meta":{"desktop":{"background-color":"var(--ast-global-color-5)","background-image":"","background-repeat":"repeat","background-position":"center center","background-size":"auto","background-attachment":"scroll","background-type":"","background-media":"","overlay-type":"","overlay-color":"","overlay-gradient":""},"tablet":{"background-color":"var(--ast-global-color-5)","background-image":"","background-repeat":"repeat","background-position":"center center","background-size":"auto","background-attachment":"scroll","background-type":"","background-media":"","overlay-type":"","overlay-color":"","overlay-gradient":""},"mobile":{"background-color":"var(--ast-global-color-5)","background-image":"","background-repeat":"repeat","background-position":"center center","background-size":"auto","background-attachment":"scroll","background-type":"","background-media":"","overlay-type":"","overlay-color":"","overlay-gradient":""}}},"product_cat":[139,124],"product_tag":[],"class_list":{"0":"post-11178","1":"product","2":"type-product","3":"status-publish","4":"has-post-thumbnail","6":"product_cat-armored-outdoor-cable","7":"product_cat-outdoor-cable","8":"desktop-align-left","9":"tablet-align-left","10":"mobile-align-left","11":"ast-product-gallery-layout-horizontal-slider","12":"ast-product-tabs-layout-horizontal","14":"first","15":"instock","16":"shipping-taxable","17":"product-type-simple"},"acf":[],"_links":{"self":[{"href":"https:\/\/www.omccable.com\/fr\/wp-json\/wp\/v2\/product\/11178","targetHints":{"allow":["GET"]}}],"collection":[{"href":"https:\/\/www.omccable.com\/fr\/wp-json\/wp\/v2\/product"}],"about":[{"href":"https:\/\/www.omccable.com\/fr\/wp-json\/wp\/v2\/types\/product"}],"replies":[{"embeddable":true,"href":"https:\/\/www.omccable.com\/fr\/wp-json\/wp\/v2\/comments?post=11178"}],"version-history":[{"count":1,"href":"https:\/\/www.omccable.com\/fr\/wp-json\/wp\/v2\/product\/11178\/revisions"}],"predecessor-version":[{"id":11183,"href":"https:\/\/www.omccable.com\/fr\/wp-json\/wp\/v2\/product\/11178\/revisions\/11183"}],"wp:featuredmedia":[{"embeddable":true,"href":"https:\/\/www.omccable.com\/fr\/wp-json\/wp\/v2\/media\/11182"}],"wp:attachment":[{"href":"https:\/\/www.omccable.com\/fr\/wp-json\/wp\/v2\/media?parent=11178"}],"wp:term":[{"taxonomy":"product_cat","embeddable":true,"href":"https:\/\/www.omccable.com\/fr\/wp-json\/wp\/v2\/product_cat?post=11178"},{"taxonomy":"product_tag","embeddable":true,"href":"https:\/\/www.omccable.com\/fr\/wp-json\/wp\/v2\/product_tag?post=11178"}],"curies":[{"name":"wp","href":"https:\/\/api.w.org\/{rel}","templated":true}]}}