{"id":11169,"date":"2024-07-01T16:40:38","date_gmt":"2024-07-01T08:40:38","guid":{"rendered":"https:\/\/www.omccable.com\/?post_type=product&#038;p=11169"},"modified":"2024-07-01T16:40:39","modified_gmt":"2024-07-01T08:40:39","slug":"2-144f-stranded-loose-tube-double-armoredsheath-cable-gyts53-pe","status":"publish","type":"product","link":"https:\/\/www.omccable.com\/fr\/produit\/2-144f-stranded-loose-tube-double-armoredsheath-cable-gyts53-pe\/","title":{"rendered":"C\u00e2ble \u00e0 double armure et gaine toronn\u00e9 \u00e0 tube libre 2-144F (GYTS53) PE"},"content":{"rendered":"<p>Dans le <strong><b>Tube l\u00e2che toronn\u00e9 2-144F, double armure et gaine (GYTS53) PE<\/b><\/strong>\u00a0c\u00e2ble, <strong><b>A <\/b><\/strong><strong><b>Acier<\/b><\/strong><strong><b>\u00a0<\/b><\/strong><strong><b>Fil<\/b><\/strong><strong><b>\u00a0(<\/b><\/strong>parfois gain\u00e9 de poly\u00e9thyl\u00e8ne (PE)<strong><b>)<\/b><\/strong>\u00a0se situe au centre du noyau en tant qu'\u00e9l\u00e9ment de renfort m\u00e9tallique. Les fibres monomodes\/multimodes sont positionn\u00e9es dans le tube l\u00e2che, qui est constitu\u00e9 de mat\u00e9riaux PBT et rempli de compos\u00e9 de remplissage. Le<strong><b>\u00a0tubes (et charges)<\/b><\/strong>\u00a0sont toronn\u00e9s autour de l'\u00e9l\u00e9ment de renforcement en un noyau compact et circulaire. Un<strong><b>\u00a0<\/b><\/strong><strong><b>Eau<\/b><\/strong><strong><b>\u00a0<\/b><\/strong><strong><b>blocage<\/b><\/strong><strong><b>\u00a0<\/b><\/strong><strong><b>bande<\/b><\/strong>\u00a0et un\u00a0<strong><b>ruban d'acier ondul\u00e9<\/b><\/strong>\u00a0est appliqu\u00e9 autour de l\u2019\u00e2me du c\u00e2ble. Puis le <strong><b>ruban d'acier ondul\u00e9<\/b><\/strong>\u00a0est recouvert d'une fine gaine int\u00e9rieure en poly\u00e9thyl\u00e8ne (PE), puis d'un <strong><b>ruban d'acier ondul\u00e9<\/b><\/strong>\u00a0une armure est appliqu\u00e9e, le c\u00e2ble est compl\u00e9t\u00e9 par un <strong><b>Gaine ext\u00e9rieure en PE.<\/b><\/strong><\/p>\n<p>&nbsp;<\/p>\n<p><strong><b>Couleur standard de la fibre et du tube<\/b><\/strong><\/p>\n<p>Le code couleur de chaque fibre doit \u00eatre conforme au tableau ci-dessous<\/p>\n<table>\n<tbody>\n<tr>\n<td width=\"124\"><strong>Non.<\/strong><\/td>\n<td width=\"85\">1<\/td>\n<td width=\"94\">2<\/td>\n<td width=\"94\">3<\/td>\n<td width=\"85\">4<\/td>\n<td width=\"75\">5<\/td>\n<td width=\"104\">6<\/td>\n<\/tr>\n<tr>\n<td width=\"124\"><strong>Couleur<\/strong><\/td>\n<td width=\"85\">Bleu<\/td>\n<td width=\"94\">Orange<\/td>\n<td width=\"94\">Vert<\/td>\n<td width=\"85\">Brun<\/td>\n<td width=\"75\">Gris<\/td>\n<td width=\"104\">Blanc<\/td>\n<\/tr>\n<tr>\n<td width=\"124\"><strong>Non.<\/strong><\/td>\n<td width=\"85\">7<\/td>\n<td width=\"94\">8<\/td>\n<td width=\"94\">9<\/td>\n<td width=\"85\">10<\/td>\n<td width=\"75\">11<\/td>\n<td width=\"104\">12<\/td>\n<\/tr>\n<tr>\n<td width=\"124\"><strong>Couleur<\/strong><\/td>\n<td width=\"85\">Rouge<\/td>\n<td width=\"94\">Noir<\/td>\n<td width=\"94\">Jaune<\/td>\n<td width=\"85\">Violette<\/td>\n<td width=\"75\">Rose<\/td>\n<td width=\"104\">Aqua<\/td>\n<\/tr>\n<\/tbody>\n<\/table>\n<p>Code couleur du tube pour 12 \u00e0 144 fibres :<\/p>\n<table>\n<tbody>\n<tr>\n<td width=\"124\"><strong>Non.<\/strong><\/td>\n<td width=\"85\">1<\/td>\n<td width=\"94\">2<\/td>\n<td width=\"94\">3<\/td>\n<td width=\"85\">4<\/td>\n<td width=\"85\">5<\/td>\n<td width=\"94\">6<\/td>\n<\/tr>\n<tr>\n<td width=\"124\"><strong>Couleur<\/strong><\/td>\n<td width=\"85\">Bleu<\/td>\n<td width=\"94\">Orange<\/td>\n<td width=\"94\">Vert<\/td>\n<td width=\"85\">Brun<\/td>\n<td width=\"85\">Gris<\/td>\n<td width=\"94\">Blanc<\/td>\n<\/tr>\n<tr>\n<td width=\"124\"><strong>Non.<\/strong><\/td>\n<td width=\"85\">7<\/td>\n<td width=\"94\">8<\/td>\n<td width=\"94\">9<\/td>\n<td width=\"85\">10<\/td>\n<td width=\"85\">11<\/td>\n<td width=\"94\">12<\/td>\n<\/tr>\n<tr>\n<td width=\"124\"><strong>Couleur<\/strong><\/td>\n<td width=\"85\">Rouge<\/td>\n<td width=\"94\">Noir<\/td>\n<td width=\"94\">Jaune<\/td>\n<td width=\"85\">Violette<\/td>\n<td width=\"85\">Rose<\/td>\n<td width=\"94\">Aqua<\/td>\n<\/tr>\n<\/tbody>\n<\/table>\n<p>Remarque : # signifie une seule bande noire ; * signifie une seule bande blanche.<\/p>\n<p>&nbsp;<\/p>\n<p><strong><b>C\u00e2ble<\/b><\/strong><strong><b>\u00a0Param\u00e8tre de structure<\/b><\/strong><\/p>\n<table>\n<tbody>\n<tr>\n<td width=\"141\"><strong><b>Num\u00e9ro de pi\u00e8ce.<\/b><\/strong><\/td>\n<td width=\"65\"><strong><b>Fibres<\/b><\/strong><\/td>\n<td width=\"50\"><strong><b>Tubes<\/b><\/strong><\/td>\n<td width=\"68\"><strong><b>Diam\u00e8tre ext\u00e9rieur du c\u00e2ble (mm)<\/b><\/strong><\/td>\n<td width=\"58\"><strong><b>Poids<\/b><\/strong><strong><b><br \/>\n<\/b><\/strong><strong><b>Kg\/km<\/b><\/strong><\/td>\n<td width=\"144\"><strong><b>R\u00e9sistance \u00e0 la traction<\/b><\/strong><strong><b><br \/>\n<\/b><\/strong><strong><b>Long terme\/court terme <\/b><\/strong><\/td>\n<td width=\"141\"><strong><b>R\u00e9sistance \u00e0 l'\u00e9crasement<\/b><\/strong><strong><b><br \/>\n<\/b><\/strong><strong><b>Long terme\/court terme((N\/1m))<\/b><\/strong><\/td>\n<\/tr>\n<tr>\n<td width=\"141\">GYTS53-2 ~ 6X<\/td>\n<td width=\"65\">2~6<\/td>\n<td width=\"50\">1<\/td>\n<td width=\"68\">12.2<\/td>\n<td width=\"58\">150<\/td>\n<td width=\"144\">1000\/3000<\/td>\n<td width=\"141\">1000\/3000<\/td>\n<\/tr>\n<tr>\n<td width=\"141\">GYTS53-8~12X<\/td>\n<td width=\"65\">8~12<\/td>\n<td width=\"50\">2<\/td>\n<td width=\"68\">12.2<\/td>\n<td width=\"58\">150<\/td>\n<td width=\"144\">1000\/3000<\/td>\n<td width=\"141\">1000\/3000<\/td>\n<\/tr>\n<tr>\n<td width=\"141\">GYTS53-14~18X<\/td>\n<td width=\"65\">14~18<\/td>\n<td width=\"50\">3<\/td>\n<td width=\"68\">12.2<\/td>\n<td width=\"58\">150<\/td>\n<td width=\"144\">1000\/3000<\/td>\n<td width=\"141\">1000\/3000<\/td>\n<\/tr>\n<tr>\n<td width=\"141\">GYTS53-20~24X<\/td>\n<td width=\"65\">20~24<\/td>\n<td width=\"50\">4<\/td>\n<td width=\"68\">12.2<\/td>\n<td width=\"58\">150<\/td>\n<td width=\"144\">1000\/3000<\/td>\n<td width=\"141\">1000\/3000<\/td>\n<\/tr>\n<tr>\n<td width=\"141\">GYTS53-26 ~ 30X<\/td>\n<td width=\"65\">26~30<\/td>\n<td width=\"50\">5<\/td>\n<td width=\"68\">12.2<\/td>\n<td width=\"58\">150<\/td>\n<td width=\"144\">1000\/3000<\/td>\n<td width=\"141\">1000\/3000<\/td>\n<\/tr>\n<tr>\n<td width=\"141\">GYTS53-32 ~ 36X<\/td>\n<td width=\"65\">32~36<\/td>\n<td width=\"50\">6<\/td>\n<td width=\"68\">14.0<\/td>\n<td width=\"58\">200<\/td>\n<td width=\"144\">1000\/3000<\/td>\n<td width=\"141\">1000\/3000<\/td>\n<\/tr>\n<tr>\n<td width=\"141\">GYTS53-38~42X<\/td>\n<td width=\"65\">38~42<\/td>\n<td width=\"50\">7<\/td>\n<td width=\"68\">14.0<\/td>\n<td width=\"58\">200<\/td>\n<td width=\"144\">1000\/3000<\/td>\n<td width=\"141\">1000\/3000<\/td>\n<\/tr>\n<tr>\n<td width=\"141\">GYTS53-44~48X<\/td>\n<td width=\"65\">44~48<\/td>\n<td width=\"50\">8<\/td>\n<td width=\"68\">14.0<\/td>\n<td width=\"58\">200<\/td>\n<td width=\"144\">1000\/3000<\/td>\n<td width=\"141\">1000\/3000<\/td>\n<\/tr>\n<tr>\n<td width=\"141\">GYTS53-50~60X<\/td>\n<td width=\"65\">50~60<\/td>\n<td width=\"50\">5<\/td>\n<td width=\"68\">14.0<\/td>\n<td width=\"58\">205<\/td>\n<td width=\"144\">1000\/3000<\/td>\n<td width=\"141\">1000\/3000<\/td>\n<\/tr>\n<tr>\n<td width=\"141\">GYTS53-62~72X<\/td>\n<td width=\"65\">62~72<\/td>\n<td width=\"50\">6<\/td>\n<td width=\"68\">15.5<\/td>\n<td width=\"58\">210<\/td>\n<td width=\"144\">1000\/3000<\/td>\n<td width=\"141\">1000\/3000<\/td>\n<\/tr>\n<tr>\n<td width=\"141\">GYTS53-74 ~ 84X<\/td>\n<td width=\"65\">74~84<\/td>\n<td width=\"50\">7<\/td>\n<td width=\"68\">14.0<\/td>\n<td width=\"58\">215<\/td>\n<td width=\"144\">1000\/3000<\/td>\n<td width=\"141\">1000\/3000<\/td>\n<\/tr>\n<tr>\n<td width=\"141\">GYTS53-86~96X<\/td>\n<td width=\"65\">86~96<\/td>\n<td width=\"50\">8<\/td>\n<td width=\"68\">17.1<\/td>\n<td width=\"58\">270<\/td>\n<td width=\"144\">1000\/3000<\/td>\n<td width=\"141\">1000\/3000<\/td>\n<\/tr>\n<tr>\n<td width=\"141\">GYTS53-98 ~ 108X<\/td>\n<td width=\"65\">98~108<\/td>\n<td width=\"50\">9<\/td>\n<td width=\"68\">17.1<\/td>\n<td width=\"58\">270<\/td>\n<td width=\"144\">1000\/3000<\/td>\n<td width=\"141\">1000\/3000<\/td>\n<\/tr>\n<tr>\n<td width=\"141\">GYTS53-110 ~ 120X<\/td>\n<td width=\"65\">110~120<\/td>\n<td width=\"50\">10<\/td>\n<td width=\"68\">17.1<\/td>\n<td width=\"58\">270<\/td>\n<td width=\"144\">1000\/3000<\/td>\n<td width=\"141\">1000\/3000<\/td>\n<\/tr>\n<tr>\n<td width=\"141\">GYTS53-122~132X<\/td>\n<td width=\"65\">122~132<\/td>\n<td width=\"50\">11<\/td>\n<td width=\"68\">17.1<\/td>\n<td width=\"58\">270<\/td>\n<td width=\"144\">1000\/3000<\/td>\n<td width=\"141\">1000\/3000<\/td>\n<\/tr>\n<tr>\n<td width=\"141\">GYTS53-134~144X<\/td>\n<td width=\"65\">134~144<\/td>\n<td width=\"50\">12<\/td>\n<td width=\"68\">20.3<\/td>\n<td width=\"58\">310<\/td>\n<td width=\"144\">1000\/3000<\/td>\n<td width=\"141\">1000\/3000<\/td>\n<\/tr>\n<\/tbody>\n<\/table>\n<p>Remarque :<\/p>\n<p>Le suffixe X d\u00e9signe le type de fibre.<\/p>\n<p>La valeur nominale de l'\u00e9paisseur de la gaine ext\u00e9rieure en PE est de 1,8 mm. La valeur nominale de l'\u00e9paisseur de la gaine int\u00e9rieure en PE est de 0,8 mm.<\/p>\n<p>&nbsp;<\/p>\n<p><strong><b>Param\u00e8tre Mat\u00e9riau du c\u00e2ble<\/b><\/strong><\/p>\n<table>\n<tbody>\n<tr>\n<td colspan=\"2\" width=\"241\"><strong><b>Article<\/b><\/strong><\/td>\n<td width=\"429\"><strong><b>Param\u00e8tres<\/b><\/strong><\/td>\n<\/tr>\n<tr>\n<td rowspan=\"2\" width=\"138\">Tube l\u00e2che<\/td>\n<td width=\"102\">Mat\u00e9riel<\/td>\n<td width=\"429\">PBT<\/td>\n<\/tr>\n<tr>\n<td width=\"102\">Couleur<\/td>\n<td width=\"429\">Spectre de couleurs complet<\/td>\n<\/tr>\n<tr>\n<td rowspan=\"2\" width=\"138\">Remplisseur<\/td>\n<td width=\"102\">Mat\u00e9riel<\/td>\n<td width=\"429\">PE<\/td>\n<\/tr>\n<tr>\n<td width=\"102\">Couleur<\/td>\n<td width=\"429\">Noir<\/td>\n<\/tr>\n<tr>\n<td width=\"138\">CSM<\/td>\n<td width=\"102\">Mat\u00e9riel<\/td>\n<td width=\"429\">Fil d'acier<\/td>\n<\/tr>\n<tr>\n<td rowspan=\"2\" width=\"138\">Blind\u00e9<\/td>\n<td width=\"102\">Mat\u00e9riel 1<\/td>\n<td width=\"429\">ruban d'acier ondul\u00e9<\/td>\n<\/tr>\n<tr>\n<td width=\"102\">Mat\u00e9riel 2<\/td>\n<td width=\"429\">ruban d'acier ondul\u00e9<\/td>\n<\/tr>\n<tr>\n<td rowspan=\"2\" width=\"138\">Gaine ext\u00e9rieure<\/p>\n<p>&amp;Gaine int\u00e9rieure<\/td>\n<td width=\"102\">Mat\u00e9riel<\/td>\n<td width=\"429\">PE<\/td>\n<\/tr>\n<tr>\n<td width=\"102\">Couleur<\/td>\n<td width=\"429\">Noir<\/td>\n<\/tr>\n<\/tbody>\n<\/table>\n<p><strong><b>\u00a0<\/b><\/strong><\/p>\n<p><strong><b>Performances M\u00e9caniques et Environnementales<\/b><\/strong><\/p>\n<table>\n<tbody>\n<tr>\n<td width=\"229\"><strong>Article<\/strong><\/td>\n<td width=\"206\"><strong>Sommaire<\/strong><\/td>\n<td width=\"236\"><strong>Valeur<\/strong><\/td>\n<\/tr>\n<tr>\n<td rowspan=\"2\" width=\"229\">Max. charge de traction<\/td>\n<td width=\"206\">Court terme<\/td>\n<td width=\"236\">Souche de fibre 3000N\u22640,6%<\/td>\n<\/tr>\n<tr>\n<td width=\"206\">\u00c0 long terme<\/td>\n<td width=\"236\">1 000 N<\/td>\n<\/tr>\n<tr>\n<td rowspan=\"2\" width=\"229\">Max. r\u00e9sistance \u00e0 l'\u00e9crasement<\/td>\n<td width=\"206\">Court terme<\/td>\n<td width=\"236\">3000N\/100mm<\/td>\n<\/tr>\n<tr>\n<td width=\"206\">\u00c0 long terme<\/td>\n<td width=\"236\">1000N\/100mm<\/td>\n<\/tr>\n<tr>\n<td rowspan=\"2\" width=\"229\">Min. rayon de courbure<\/td>\n<td width=\"206\">Installation<\/td>\n<td width=\"236\">20 x diam\u00e8tre du c\u00e2ble<\/td>\n<\/tr>\n<tr>\n<td width=\"206\">Op\u00e9ration<\/td>\n<td width=\"236\">10 x diam\u00e8tre du c\u00e2ble<\/td>\n<\/tr>\n<tr>\n<td rowspan=\"3\" width=\"229\">Plage de temp\u00e9rature<\/td>\n<td width=\"206\">Op\u00e9ration<\/td>\n<td width=\"236\">-40 \u2103 ~ +70 \u2103<\/td>\n<\/tr>\n<tr>\n<td width=\"206\">Installation<\/td>\n<td width=\"236\">-20 \u2103 ~ +60 \u2103<\/td>\n<\/tr>\n<tr>\n<td width=\"206\">Stockage\/transport<\/td>\n<td width=\"236\">-40 \u2103 ~ +70 \u2103<\/td>\n<\/tr>\n<\/tbody>\n<\/table>\n<p><strong style=\"font-size: 16px;\"><b>Normes<\/b><\/strong><strong style=\"font-size: 16px;\"><b>\uff1a <\/b><\/strong><strong style=\"font-size: 16px;\"><b>\u00a0CEI 60794-1<\/b><\/strong><\/p>\n<p>&nbsp;<\/p>\n<p><strong><b>Param\u00e8tres techniques de la fibre optique <\/b><\/strong><\/p>\n<table>\n<tbody>\n<tr>\n<td colspan=\"2\" width=\"254\"><strong>Style fibre<\/strong><\/td>\n<td width=\"94\"><strong>Unit\u00e9<\/strong><\/td>\n<td width=\"94\"><strong>SM9\/125<\/strong><\/td>\n<td width=\"103\"><strong>MM50\/125<\/strong><\/td>\n<td width=\"122\"><strong>MM62,5\/125<\/strong><\/td>\n<\/tr>\n<tr>\n<td colspan=\"2\" width=\"254\">\u00c9tat<\/td>\n<td width=\"94\">nm<\/td>\n<td width=\"94\">1310\/1550<\/td>\n<td width=\"103\">850\/1300<\/td>\n<td width=\"122\">850\/1300<\/td>\n<\/tr>\n<tr>\n<td colspan=\"2\" width=\"254\">Att\u00e9nuation<\/td>\n<td width=\"94\">dB\/km<\/td>\n<td width=\"94\">\u22640,34\/0,2<\/td>\n<td width=\"103\">\u22643,0\/1,0<\/td>\n<td width=\"122\">\u22643,0\/1,0<\/td>\n<\/tr>\n<tr>\n<td rowspan=\"2\" width=\"141\">Dispersion<\/td>\n<td width=\"113\">1310 nm<\/td>\n<td width=\"94\">Ps\/(nm*km)<\/td>\n<td width=\"94\">\u226418<\/td>\n<td width=\"103\">\u2026..<\/td>\n<td width=\"122\">\u2026..<\/td>\n<\/tr>\n<tr>\n<td width=\"113\">1550 nm<\/td>\n<td width=\"94\">Ps\/(nm*km)<\/td>\n<td width=\"94\">\u226422<\/td>\n<td width=\"103\">\u2026..<\/td>\n<td width=\"122\">\u2026..<\/td>\n<\/tr>\n<tr>\n<td rowspan=\"2\" width=\"141\">Bande passante<\/td>\n<td width=\"113\">850 nm<\/td>\n<td width=\"94\">MHz. KM<\/td>\n<td width=\"94\">\u2026..<\/td>\n<td width=\"103\">\u2267400<\/td>\n<td width=\"122\">\u2267160<\/td>\n<\/tr>\n<tr>\n<td width=\"113\">1300 nm<\/td>\n<td width=\"94\">MHz. KM<\/td>\n<td width=\"94\">\u2026..<\/td>\n<td width=\"103\">\u2267800<\/td>\n<td width=\"122\">\u2267500<\/td>\n<\/tr>\n<tr>\n<td colspan=\"2\" width=\"254\">Longueur d'onde \u00e0 dispersion nulle<\/td>\n<td width=\"94\">nm<\/td>\n<td width=\"94\">\u22671302,<\/p>\n<p>\u22641322<\/td>\n<td width=\"103\">\u2026..<\/td>\n<td width=\"122\">\u2026..<\/td>\n<\/tr>\n<tr>\n<td colspan=\"2\" width=\"254\">Pente de dispersion nulle<\/td>\n<td width=\"94\">nm<\/td>\n<td width=\"94\">\u22640,091<\/td>\n<td width=\"103\">\u2026..<\/td>\n<td width=\"122\">\u2026..<\/td>\n<\/tr>\n<tr>\n<td colspan=\"2\" width=\"254\">Fibre individuelle maximale PMD<\/td>\n<td width=\"94\">&nbsp;<\/td>\n<td width=\"94\">\u22640,2<\/td>\n<td width=\"103\">\u2026..<\/td>\n<td width=\"122\">\u2026..<\/td>\n<\/tr>\n<tr>\n<td colspan=\"2\" width=\"254\">Valeur du lien de conception PMD<\/td>\n<td width=\"94\">Ps(nm2*km)<\/td>\n<td width=\"94\">\u22640,08<\/td>\n<td width=\"103\">\u2026..<\/td>\n<td width=\"122\">\u2026..<\/td>\n<\/tr>\n<tr>\n<td colspan=\"2\" width=\"254\">Longueur d'onde de coupure de la fibre \u03bbc<\/td>\n<td width=\"94\">nm<\/td>\n<td width=\"94\">\u22671180,<\/p>\n<p>\u22641330<\/td>\n<td width=\"103\">\u2026..<\/td>\n<td width=\"122\">\u2026..<\/td>\n<\/tr>\n<tr>\n<td colspan=\"2\" width=\"254\">Longueur d'onde de coupure du c\u00e2ble \u03bbcc<\/td>\n<td width=\"94\">nm<\/td>\n<td width=\"94\">\u22641260<\/td>\n<td width=\"103\">\u2026..<\/td>\n<td width=\"122\">\u2026..<\/td>\n<\/tr>\n<tr>\n<td rowspan=\"2\" width=\"141\">MFD<\/td>\n<td width=\"113\">1310 nm<\/td>\n<td width=\"94\">euh<\/td>\n<td width=\"94\">9,2 \u00b1 0,4<\/td>\n<td width=\"103\">\u2026..<\/td>\n<td width=\"122\">\u2026..<\/td>\n<\/tr>\n<tr>\n<td width=\"113\">1550 nm<\/td>\n<td width=\"94\">euh<\/td>\n<td width=\"94\">10,4 \u00b1 0,8<\/td>\n<td width=\"103\">\u2026..<\/td>\n<td width=\"122\">\u2026..<\/td>\n<\/tr>\n<tr>\n<td colspan=\"2\" width=\"254\">Ouverture num\u00e9rique (NA)<\/td>\n<td width=\"94\">&nbsp;<\/td>\n<td width=\"94\">\u2026\u2026<\/td>\n<td width=\"103\">0,200 \u00b1 0,015<\/td>\n<td width=\"122\">0,275 \u00b1 0,015<\/td>\n<\/tr>\n<tr>\n<td colspan=\"2\" width=\"254\">Pas (moyenne de la mesure bidirectionnelle)<\/td>\n<td width=\"94\">dB<\/td>\n<td width=\"94\">\u22640,05<\/td>\n<td width=\"103\">\u22640,10<\/td>\n<td width=\"122\">\u22640,10<\/td>\n<\/tr>\n<tr>\n<td colspan=\"2\" width=\"254\">Irr\u00e9gularit\u00e9s sur la longueur des fibres et discontinuit\u00e9 ponctuelle<\/td>\n<td width=\"94\">dB<\/td>\n<td width=\"94\">\u22640,05<\/td>\n<td width=\"103\">\u22640,10<\/td>\n<td width=\"122\">\u22640,10<\/td>\n<\/tr>\n<tr>\n<td colspan=\"2\" width=\"254\">Coefficient de r\u00e9trodiffusion de diff\u00e9rence<\/td>\n<td width=\"94\">dB\/km<\/td>\n<td width=\"94\">\u22640,03<\/td>\n<td width=\"103\">\u22640,08<\/td>\n<td width=\"122\">\u22640,10<\/td>\n<\/tr>\n<tr>\n<td colspan=\"2\" width=\"254\">Uniformit\u00e9 de l'att\u00e9nuation<\/td>\n<td width=\"94\">dB\/km<\/td>\n<td width=\"94\">\u22640,01<\/td>\n<td width=\"103\">\u2026\u2026.<\/td>\n<td width=\"122\">\u2026\u2026.<\/td>\n<\/tr>\n<tr>\n<td colspan=\"2\" width=\"254\">Diam\u00e8tre du noyau<\/td>\n<td width=\"94\">euh<\/td>\n<td width=\"94\">\u2026\u2026<\/td>\n<td width=\"103\">50 \u00b1 1,0<\/td>\n<td width=\"122\">62,5\u00b12,5<\/td>\n<\/tr>\n<tr>\n<td colspan=\"2\" width=\"254\">Diam\u00e8tre du bardage<\/td>\n<td width=\"94\">euh<\/td>\n<td width=\"94\">125,0 \u00b1 0,1<\/td>\n<td width=\"103\">125,0 \u00b1 0,1<\/td>\n<td width=\"122\">125,0 \u00b1 0,1<\/td>\n<\/tr>\n<tr>\n<td colspan=\"2\" width=\"254\">Non-circularit\u00e9 du rev\u00eatement<\/td>\n<td width=\"94\">%<\/td>\n<td width=\"94\">\u22641,0<\/td>\n<td width=\"103\">\u22641,0<\/td>\n<td width=\"122\">\u22641,0<\/td>\n<\/tr>\n<tr>\n<td colspan=\"2\" width=\"254\">Diam\u00e8tre du rev\u00eatement<\/td>\n<td width=\"94\">euh<\/td>\n<td width=\"94\">242 \u00b1 7<\/td>\n<td width=\"103\">242 \u00b1 7<\/td>\n<td width=\"122\">242 \u00b1 7<\/td>\n<\/tr>\n<tr>\n<td colspan=\"2\" width=\"254\">Erreur de concentricit\u00e9 du rev\u00eatement\/pinsonnier<\/td>\n<td width=\"94\">euh<\/td>\n<td width=\"94\">\u226412,0<\/td>\n<td width=\"103\">\u226412,0<\/td>\n<td width=\"122\">\u226412,0<\/td>\n<\/tr>\n<tr>\n<td colspan=\"2\" width=\"254\">Non circularit\u00e9 du rev\u00eatement<\/td>\n<td width=\"94\">%<\/td>\n<td width=\"94\">\u22646,0<\/td>\n<td width=\"103\">\u22646,0<\/td>\n<td width=\"122\">\u22646,0<\/td>\n<\/tr>\n<tr>\n<td colspan=\"2\" width=\"254\">Erreur de concentricit\u00e9 noyau\/gaine<\/td>\n<td width=\"94\">euh<\/td>\n<td width=\"94\">\u22640,6<\/td>\n<td width=\"103\">\u22641,5<\/td>\n<td width=\"122\">\u22641,5<\/td>\n<\/tr>\n<tr>\n<td colspan=\"2\" width=\"254\">Boucle (rayon)<\/td>\n<td width=\"94\">euh<\/td>\n<td width=\"94\">\u22644<\/td>\n<td width=\"103\">\u2026..<\/td>\n<td width=\"122\">\u2026..<\/td>\n<\/tr>\n<\/tbody>\n<\/table>","protected":false},"excerpt":{"rendered":"<p>Dans le c\u00e2ble PE \u00e0 tube libre toronn\u00e9 2-144F \u00e0 double armure et gaine (GYTS53) d'OMC, un fil d'acier (parfois gain\u00e9 de poly\u00e9thyl\u00e8ne (PE)) se situe au centre de l'\u00e2me en tant qu'\u00e9l\u00e9ment de renfort m\u00e9tallique. Les fibres monomodes\/multimodes sont positionn\u00e9es dans le tube l\u00e2che, qui est constitu\u00e9 de mat\u00e9riaux PBT et rempli de compos\u00e9 de remplissage. Les tubes (et les charges) sont toronn\u00e9s autour du membre de force dans un [\u2026]<\/p>","protected":false},"featured_media":11170,"comment_status":"closed","ping_status":"closed","template":"","meta":{"site-sidebar-layout":"default","site-content-layout":"","ast-site-content-layout":"default","site-content-style":"default","site-sidebar-style":"default","ast-global-header-display":"","ast-banner-title-visibility":"","ast-main-header-display":"","ast-hfb-above-header-display":"","ast-hfb-below-header-display":"","ast-hfb-mobile-header-display":"","site-post-title":"","ast-breadcrumbs-content":"","ast-featured-img":"","footer-sml-layout":"","theme-transparent-header-meta":"default","adv-header-id-meta":"","stick-header-meta":"default","header-above-stick-meta":"","header-main-stick-meta":"","header-below-stick-meta":"","astra-migrate-meta-layouts":"set","ast-page-background-enabled":"default","ast-page-background-meta":{"desktop":{"background-color":"var(--ast-global-color-4)","background-image":"","background-repeat":"repeat","background-position":"center center","background-size":"auto","background-attachment":"scroll","background-type":"","background-media":"","overlay-type":"","overlay-color":"","overlay-gradient":""},"tablet":{"background-color":"","background-image":"","background-repeat":"repeat","background-position":"center center","background-size":"auto","background-attachment":"scroll","background-type":"","background-media":"","overlay-type":"","overlay-color":"","overlay-gradient":""},"mobile":{"background-color":"","background-image":"","background-repeat":"repeat","background-position":"center center","background-size":"auto","background-attachment":"scroll","background-type":"","background-media":"","overlay-type":"","overlay-color":"","overlay-gradient":""}},"ast-content-background-meta":{"desktop":{"background-color":"var(--ast-global-color-5)","background-image":"","background-repeat":"repeat","background-position":"center center","background-size":"auto","background-attachment":"scroll","background-type":"","background-media":"","overlay-type":"","overlay-color":"","overlay-gradient":""},"tablet":{"background-color":"var(--ast-global-color-5)","background-image":"","background-repeat":"repeat","background-position":"center center","background-size":"auto","background-attachment":"scroll","background-type":"","background-media":"","overlay-type":"","overlay-color":"","overlay-gradient":""},"mobile":{"background-color":"var(--ast-global-color-5)","background-image":"","background-repeat":"repeat","background-position":"center center","background-size":"auto","background-attachment":"scroll","background-type":"","background-media":"","overlay-type":"","overlay-color":"","overlay-gradient":""}}},"product_cat":[139,124],"product_tag":[],"class_list":{"0":"post-11169","1":"product","2":"type-product","3":"status-publish","4":"has-post-thumbnail","6":"product_cat-armored-outdoor-cable","7":"product_cat-outdoor-cable","8":"desktop-align-left","9":"tablet-align-left","10":"mobile-align-left","11":"ast-product-gallery-layout-horizontal-slider","12":"ast-product-tabs-layout-horizontal","14":"first","15":"instock","16":"shipping-taxable","17":"product-type-simple"},"acf":[],"_links":{"self":[{"href":"https:\/\/www.omccable.com\/fr\/wp-json\/wp\/v2\/product\/11169","targetHints":{"allow":["GET"]}}],"collection":[{"href":"https:\/\/www.omccable.com\/fr\/wp-json\/wp\/v2\/product"}],"about":[{"href":"https:\/\/www.omccable.com\/fr\/wp-json\/wp\/v2\/types\/product"}],"replies":[{"embeddable":true,"href":"https:\/\/www.omccable.com\/fr\/wp-json\/wp\/v2\/comments?post=11169"}],"version-history":[{"count":1,"href":"https:\/\/www.omccable.com\/fr\/wp-json\/wp\/v2\/product\/11169\/revisions"}],"predecessor-version":[{"id":11173,"href":"https:\/\/www.omccable.com\/fr\/wp-json\/wp\/v2\/product\/11169\/revisions\/11173"}],"wp:featuredmedia":[{"embeddable":true,"href":"https:\/\/www.omccable.com\/fr\/wp-json\/wp\/v2\/media\/11170"}],"wp:attachment":[{"href":"https:\/\/www.omccable.com\/fr\/wp-json\/wp\/v2\/media?parent=11169"}],"wp:term":[{"taxonomy":"product_cat","embeddable":true,"href":"https:\/\/www.omccable.com\/fr\/wp-json\/wp\/v2\/product_cat?post=11169"},{"taxonomy":"product_tag","embeddable":true,"href":"https:\/\/www.omccable.com\/fr\/wp-json\/wp\/v2\/product_tag?post=11169"}],"curies":[{"name":"wp","href":"https:\/\/api.w.org\/{rel}","templated":true}]}}